{"id":18159,"date":"2026-04-22T09:47:50","date_gmt":"2026-04-22T09:47:50","guid":{"rendered":"https:\/\/frontsite.se\/?post_type=product&#038;p=18159"},"modified":"2026-04-22T09:47:53","modified_gmt":"2026-04-22T09:47:53","slug":"ellersafe-aw800-horisontell-forankringsband-20-m","status":"publish","type":"product","link":"https:\/\/frontsite.se\/en\/product\/ellersafe-aw800-horisontell-forankringsband-20-m\/","title":{"rendered":"ELLERsafe AW800 horisontell f\u00f6rankringsband \u2013 20 m"},"content":{"rendered":"<p class=\"font-claude-response-body break-words whitespace-normal leading-[1.7]\"><strong>ELLERsafe Horisontell f\u00f6rankringslina AW800<\/strong><\/p>\n<p class=\"font-claude-response-body break-words whitespace-normal leading-[1.7]\">F\u00f6rankringslinan \u00e4r tillverkad av 35 mm polyesterband och utrustad med en st\u00e5lsp\u00e4rrhake som m\u00f6jligg\u00f6r enkel sp\u00e4nning av linan mellan tv\u00e5 f\u00f6rankringspunkter. B\u00e5da \u00e4ndarna \u00e4r f\u00f6rsedda med robusta twistlock-karbinhake i st\u00e5l. N\u00e4r linan \u00e4r installerad kan det \u00f6verfl\u00f6diga bandet f\u00f6rvaras i den medf\u00f6ljande axelv\u00e4skan f\u00f6r att f\u00f6rhindra snubbelrisk. Med en minimil\u00e4ngd p\u00e5 5 m och en maximal total l\u00e4ngd p\u00e5 20 m ger f\u00f6rankringslinan ett stort r\u00f6relseutrymme. Kombinerat med en justerbar line skapar detta ett mycket flexibelt system.<\/p>\n<p class=\"font-claude-response-body break-words whitespace-normal leading-[1.7]\">F\u00f6rankringslinan \u00e4r testad f\u00f6r maximalt 2 anv\u00e4ndare. Bandet har 2 aluminiumringar f\u00f6rinstallerade f\u00f6r enkel anslutning och f\u00f6r att f\u00f6rhindra skador p\u00e5 bandet.<\/p>\n<p class=\"font-claude-response-body break-words whitespace-normal leading-[1.7]\">AW800 passar perfekt ihop med AB800-containerf\u00f6rankringspunkterna, vilket h\u00f6jer f\u00f6rankringslinan \u00f6ver golvet och ger st\u00f6rre frih\u00f6jd vid ett eventuellt fall. Vi rekommenderar att anv\u00e4nda en indragnbar falld\u00e4mpare CR030.<\/p>\n<p class=\"font-claude-response-body break-words whitespace-normal leading-[1.7]\">Installationen kan g\u00f6ras direkt i en f\u00f6rankringspunkt eller med en kabel eller slinga runt en konstruktion. Ta alltid h\u00e4nsyn till bandets nedb\u00f6jning och kontrollera manualen f\u00f6r att ber\u00e4kna de avst\u00e5nd som kr\u00e4vs.<\/p>","protected":false},"excerpt":{"rendered":"<p class=\"font-claude-response-body break-words whitespace-normal leading-[1.7]\"><strong>ELLERsafe AW800 horisontell f\u00f6rankringsband \u2013 20 m<\/strong><\/p>\n<ul class=\"[li_&amp;]:mb-0 [li_&amp;]:mt-1 [li_&amp;]:gap-1 [&amp;:not(:last-child)_ul]:pb-1 [&amp;:not(:last-child)_ol]:pb-1 list-disc flex flex-col gap-1 pl-8 mb-3\">\n<li class=\"whitespace-normal break-words pl-2\">L\u00e4ngd: 20 m<\/li>\n<li class=\"whitespace-normal break-words pl-2\">Max 2 personer<\/li>\n<li class=\"whitespace-normal break-words pl-2\">St\u00e5l, polyester, aluminium<\/li>\n<li class=\"whitespace-normal break-words pl-2\">35 mm band<\/li>\n<li class=\"whitespace-normal break-words pl-2\">2x CS-D-TW twistlock-karbinhake<\/li>\n<li class=\"whitespace-normal break-words pl-2\">Levereras i medf\u00f6ljande axelv\u00e4ska<\/li>\n<li class=\"whitespace-normal break-words pl-2\">2,5 kg<\/li>\n<li class=\"whitespace-normal break-words pl-2\">EN795-B<\/li>\n<li class=\"whitespace-normal break-words pl-2\">TS16415:2013<\/li>\n<\/ul>","protected":false},"featured_media":18160,"comment_status":"open","ping_status":"closed","template":"","meta":[],"product_cat":[178,112,72],"product_tag":[],"class_list":{"0":"post-18159","1":"product","2":"type-product","3":"status-publish","4":"has-post-thumbnail","6":"product_cat-fallskyddsutrustning","7":"product_cat-ovrig-skyddsutrustning","8":"product_cat-personlig-utrustning","10":"first","11":"instock","12":"taxable","13":"shipping-taxable","14":"purchasable","15":"product-type-simple"},"yoast_head":"<!-- This site is optimized with the Yoast SEO plugin v24.1 - https:\/\/yoast.com\/wordpress\/plugins\/seo\/ -->\n<title>ELLERsafe AW800 horisontell f\u00f6rankringsband \u2013 20 m - Frontsite<\/title>\n<meta name=\"description\" content=\"F\u00f6rankringslinan \u00e4r tillverkad av 35 mm polyesterband och utrustad med en st\u00e5lsp\u00e4rrhake som m\u00f6jligg\u00f6r enkel sp\u00e4nning av linan mellan tv\u00e5 f\u00f6rankringspunkter. B\u00e5da \u00e4ndarna \u00e4r f\u00f6rsedda med robusta twistlock-karbinhake i st\u00e5l. Med en minimil\u00e4ngd p\u00e5 5 m och en maximal total l\u00e4ngd p\u00e5 20m\" \/>\n<meta name=\"robots\" content=\"index, follow, max-snippet:-1, max-image-preview:large, max-video-preview:-1\" \/>\n<link rel=\"canonical\" href=\"https:\/\/frontsite.se\/en\/product\/ellersafe-aw800-horisontell-forankringsband-20-m\/\" \/>\n<meta property=\"og:locale\" content=\"en_GB\" \/>\n<meta property=\"og:type\" content=\"article\" \/>\n<meta property=\"og:title\" content=\"ELLERsafe AW800 horisontell f\u00f6rankringsband \u2013 20 m - Frontsite\" \/>\n<meta property=\"og:description\" content=\"F\u00f6rankringslinan \u00e4r tillverkad av 35 mm polyesterband och utrustad med en st\u00e5lsp\u00e4rrhake som m\u00f6jligg\u00f6r enkel sp\u00e4nning av linan mellan tv\u00e5 f\u00f6rankringspunkter. B\u00e5da \u00e4ndarna \u00e4r f\u00f6rsedda med robusta twistlock-karbinhake i st\u00e5l. Med en minimil\u00e4ngd p\u00e5 5 m och en maximal total l\u00e4ngd p\u00e5 20m\" \/>\n<meta property=\"og:url\" content=\"https:\/\/frontsite.se\/en\/product\/ellersafe-aw800-horisontell-forankringsband-20-m\/\" \/>\n<meta property=\"og:site_name\" content=\"Frontsite\" \/>\n<meta property=\"article:modified_time\" content=\"2026-04-22T09:47:53+00:00\" \/>\n<meta property=\"og:image\" content=\"https:\/\/frontsite.se\/wp-content\/uploads\/2026\/04\/ELLERsafe-AW800-20-horizontal-Anchorline.jpg\" \/>\n\t<meta property=\"og:image:width\" content=\"900\" \/>\n\t<meta property=\"og:image:height\" content=\"900\" \/>\n\t<meta property=\"og:image:type\" content=\"image\/jpeg\" \/>\n<meta name=\"twitter:card\" content=\"summary_large_image\" \/>\n<meta name=\"twitter:label1\" content=\"Estimated reading time\" \/>\n\t<meta name=\"twitter:data1\" content=\"2 minutes\" \/>\n<script type=\"application\/ld+json\" class=\"yoast-schema-graph\">{\"@context\":\"https:\/\/schema.org\",\"@graph\":[{\"@type\":\"WebPage\",\"@id\":\"https:\/\/frontsite.se\/produkt\/ellersafe-aw800-horisontell-forankringsband-20-m\/\",\"url\":\"https:\/\/frontsite.se\/produkt\/ellersafe-aw800-horisontell-forankringsband-20-m\/\",\"name\":\"ELLERsafe AW800 horisontell f\u00f6rankringsband \u2013 20 m - Frontsite\",\"isPartOf\":{\"@id\":\"https:\/\/frontsite.se\/#website\"},\"primaryImageOfPage\":{\"@id\":\"https:\/\/frontsite.se\/produkt\/ellersafe-aw800-horisontell-forankringsband-20-m\/#primaryimage\"},\"image\":{\"@id\":\"https:\/\/frontsite.se\/produkt\/ellersafe-aw800-horisontell-forankringsband-20-m\/#primaryimage\"},\"thumbnailUrl\":\"https:\/\/frontsite.se\/wp-content\/uploads\/2026\/04\/ELLERsafe-AW800-20-horizontal-Anchorline.jpg\",\"datePublished\":\"2026-04-22T09:47:50+00:00\",\"dateModified\":\"2026-04-22T09:47:53+00:00\",\"description\":\"F\u00f6rankringslinan \u00e4r tillverkad av 35 mm polyesterband och utrustad med en st\u00e5lsp\u00e4rrhake som m\u00f6jligg\u00f6r enkel sp\u00e4nning av linan mellan tv\u00e5 f\u00f6rankringspunkter. B\u00e5da \u00e4ndarna \u00e4r f\u00f6rsedda med robusta twistlock-karbinhake i st\u00e5l. Med en minimil\u00e4ngd p\u00e5 5 m och en maximal total l\u00e4ngd p\u00e5 20m\",\"breadcrumb\":{\"@id\":\"https:\/\/frontsite.se\/produkt\/ellersafe-aw800-horisontell-forankringsband-20-m\/#breadcrumb\"},\"inLanguage\":\"en-GB\",\"potentialAction\":[{\"@type\":\"ReadAction\",\"target\":[\"https:\/\/frontsite.se\/produkt\/ellersafe-aw800-horisontell-forankringsband-20-m\/\"]}]},{\"@type\":\"ImageObject\",\"inLanguage\":\"en-GB\",\"@id\":\"https:\/\/frontsite.se\/produkt\/ellersafe-aw800-horisontell-forankringsband-20-m\/#primaryimage\",\"url\":\"https:\/\/frontsite.se\/wp-content\/uploads\/2026\/04\/ELLERsafe-AW800-20-horizontal-Anchorline.jpg\",\"contentUrl\":\"https:\/\/frontsite.se\/wp-content\/uploads\/2026\/04\/ELLERsafe-AW800-20-horizontal-Anchorline.jpg\",\"width\":900,\"height\":900,\"caption\":\"ELLERsafe AW800-20 horizontal Anchorline\"},{\"@type\":\"BreadcrumbList\",\"@id\":\"https:\/\/frontsite.se\/produkt\/ellersafe-aw800-horisontell-forankringsband-20-m\/#breadcrumb\",\"itemListElement\":[{\"@type\":\"ListItem\",\"position\":1,\"name\":\"Hem\",\"item\":\"https:\/\/frontsite.se\/\"},{\"@type\":\"ListItem\",\"position\":2,\"name\":\"Shop\",\"item\":\"https:\/\/frontsite.lingonbyran.se\/shop\/\"},{\"@type\":\"ListItem\",\"position\":3,\"name\":\"ELLERsafe AW800 horisontell f\u00f6rankringsband \u2013 20 m\"}]},{\"@type\":\"WebSite\",\"@id\":\"https:\/\/frontsite.se\/#website\",\"url\":\"https:\/\/frontsite.se\/\",\"name\":\"Frontsite\",\"description\":\"Expert P\u00e5 st\u00e4llningsprodukter och profilering\",\"publisher\":{\"@id\":\"https:\/\/frontsite.se\/#organization\"},\"potentialAction\":[{\"@type\":\"SearchAction\",\"target\":{\"@type\":\"EntryPoint\",\"urlTemplate\":\"https:\/\/frontsite.se\/?s={search_term_string}\"},\"query-input\":{\"@type\":\"PropertyValueSpecification\",\"valueRequired\":true,\"valueName\":\"search_term_string\"}}],\"inLanguage\":\"en-GB\"},{\"@type\":\"Organization\",\"@id\":\"https:\/\/frontsite.se\/#organization\",\"name\":\"Frontsite\",\"url\":\"https:\/\/frontsite.se\/\",\"logo\":{\"@type\":\"ImageObject\",\"inLanguage\":\"en-GB\",\"@id\":\"https:\/\/frontsite.se\/#\/schema\/logo\/image\/\",\"url\":\"https:\/\/frontsite.se\/wp-content\/uploads\/2024\/08\/Logo-Ratt-farg.png\",\"contentUrl\":\"https:\/\/frontsite.se\/wp-content\/uploads\/2024\/08\/Logo-Ratt-farg.png\",\"width\":1004,\"height\":1004,\"caption\":\"Frontsite\"},\"image\":{\"@id\":\"https:\/\/frontsite.se\/#\/schema\/logo\/image\/\"}}]}<\/script>\n<!-- \/ Yoast SEO plugin. -->","yoast_head_json":{"title":"ELLERsafe AW800 horisontell f\u00f6rankringsband \u2013 20 m - Frontsite","description":"F\u00f6rankringslinan \u00e4r tillverkad av 35 mm polyesterband och utrustad med en st\u00e5lsp\u00e4rrhake som m\u00f6jligg\u00f6r enkel sp\u00e4nning av linan mellan tv\u00e5 f\u00f6rankringspunkter. B\u00e5da \u00e4ndarna \u00e4r f\u00f6rsedda med robusta twistlock-karbinhake i st\u00e5l. Med en minimil\u00e4ngd p\u00e5 5 m och en maximal total l\u00e4ngd p\u00e5 20m","robots":{"index":"index","follow":"follow","max-snippet":"max-snippet:-1","max-image-preview":"max-image-preview:large","max-video-preview":"max-video-preview:-1"},"canonical":"https:\/\/frontsite.se\/en\/product\/ellersafe-aw800-horisontell-forankringsband-20-m\/","og_locale":"en_GB","og_type":"article","og_title":"ELLERsafe AW800 horisontell f\u00f6rankringsband \u2013 20 m - Frontsite","og_description":"F\u00f6rankringslinan \u00e4r tillverkad av 35 mm polyesterband och utrustad med en st\u00e5lsp\u00e4rrhake som m\u00f6jligg\u00f6r enkel sp\u00e4nning av linan mellan tv\u00e5 f\u00f6rankringspunkter. B\u00e5da \u00e4ndarna \u00e4r f\u00f6rsedda med robusta twistlock-karbinhake i st\u00e5l. Med en minimil\u00e4ngd p\u00e5 5 m och en maximal total l\u00e4ngd p\u00e5 20m","og_url":"https:\/\/frontsite.se\/en\/product\/ellersafe-aw800-horisontell-forankringsband-20-m\/","og_site_name":"Frontsite","article_modified_time":"2026-04-22T09:47:53+00:00","og_image":[{"width":900,"height":900,"url":"https:\/\/frontsite.se\/wp-content\/uploads\/2026\/04\/ELLERsafe-AW800-20-horizontal-Anchorline.jpg","type":"image\/jpeg"}],"twitter_card":"summary_large_image","twitter_misc":{"Estimated reading time":"2 minutes"},"schema":{"@context":"https:\/\/schema.org","@graph":[{"@type":"WebPage","@id":"https:\/\/frontsite.se\/produkt\/ellersafe-aw800-horisontell-forankringsband-20-m\/","url":"https:\/\/frontsite.se\/produkt\/ellersafe-aw800-horisontell-forankringsband-20-m\/","name":"ELLERsafe AW800 horisontell f\u00f6rankringsband \u2013 20 m - Frontsite","isPartOf":{"@id":"https:\/\/frontsite.se\/#website"},"primaryImageOfPage":{"@id":"https:\/\/frontsite.se\/produkt\/ellersafe-aw800-horisontell-forankringsband-20-m\/#primaryimage"},"image":{"@id":"https:\/\/frontsite.se\/produkt\/ellersafe-aw800-horisontell-forankringsband-20-m\/#primaryimage"},"thumbnailUrl":"https:\/\/frontsite.se\/wp-content\/uploads\/2026\/04\/ELLERsafe-AW800-20-horizontal-Anchorline.jpg","datePublished":"2026-04-22T09:47:50+00:00","dateModified":"2026-04-22T09:47:53+00:00","description":"F\u00f6rankringslinan \u00e4r tillverkad av 35 mm polyesterband och utrustad med en st\u00e5lsp\u00e4rrhake som m\u00f6jligg\u00f6r enkel sp\u00e4nning av linan mellan tv\u00e5 f\u00f6rankringspunkter. B\u00e5da \u00e4ndarna \u00e4r f\u00f6rsedda med robusta twistlock-karbinhake i st\u00e5l. Med en minimil\u00e4ngd p\u00e5 5 m och en maximal total l\u00e4ngd p\u00e5 20m","breadcrumb":{"@id":"https:\/\/frontsite.se\/produkt\/ellersafe-aw800-horisontell-forankringsband-20-m\/#breadcrumb"},"inLanguage":"en-GB","potentialAction":[{"@type":"ReadAction","target":["https:\/\/frontsite.se\/produkt\/ellersafe-aw800-horisontell-forankringsband-20-m\/"]}]},{"@type":"ImageObject","inLanguage":"en-GB","@id":"https:\/\/frontsite.se\/produkt\/ellersafe-aw800-horisontell-forankringsband-20-m\/#primaryimage","url":"https:\/\/frontsite.se\/wp-content\/uploads\/2026\/04\/ELLERsafe-AW800-20-horizontal-Anchorline.jpg","contentUrl":"https:\/\/frontsite.se\/wp-content\/uploads\/2026\/04\/ELLERsafe-AW800-20-horizontal-Anchorline.jpg","width":900,"height":900,"caption":"ELLERsafe AW800-20 horizontal Anchorline"},{"@type":"BreadcrumbList","@id":"https:\/\/frontsite.se\/produkt\/ellersafe-aw800-horisontell-forankringsband-20-m\/#breadcrumb","itemListElement":[{"@type":"ListItem","position":1,"name":"Hem","item":"https:\/\/frontsite.se\/"},{"@type":"ListItem","position":2,"name":"Shop","item":"https:\/\/frontsite.lingonbyran.se\/shop\/"},{"@type":"ListItem","position":3,"name":"ELLERsafe AW800 horisontell f\u00f6rankringsband \u2013 20 m"}]},{"@type":"WebSite","@id":"https:\/\/frontsite.se\/#website","url":"https:\/\/frontsite.se\/","name":"Frontsite","description":"Expert P\u00e5 st\u00e4llningsprodukter och profilering","publisher":{"@id":"https:\/\/frontsite.se\/#organization"},"potentialAction":[{"@type":"SearchAction","target":{"@type":"EntryPoint","urlTemplate":"https:\/\/frontsite.se\/?s={search_term_string}"},"query-input":{"@type":"PropertyValueSpecification","valueRequired":true,"valueName":"search_term_string"}}],"inLanguage":"en-GB"},{"@type":"Organization","@id":"https:\/\/frontsite.se\/#organization","name":"Frontsite","url":"https:\/\/frontsite.se\/","logo":{"@type":"ImageObject","inLanguage":"en-GB","@id":"https:\/\/frontsite.se\/#\/schema\/logo\/image\/","url":"https:\/\/frontsite.se\/wp-content\/uploads\/2024\/08\/Logo-Ratt-farg.png","contentUrl":"https:\/\/frontsite.se\/wp-content\/uploads\/2024\/08\/Logo-Ratt-farg.png","width":1004,"height":1004,"caption":"Frontsite"},"image":{"@id":"https:\/\/frontsite.se\/#\/schema\/logo\/image\/"}}]}},"jetpack_sharing_enabled":true,"_links":{"self":[{"href":"https:\/\/frontsite.se\/en\/wp-json\/wp\/v2\/product\/18159","targetHints":{"allow":["GET"]}}],"collection":[{"href":"https:\/\/frontsite.se\/en\/wp-json\/wp\/v2\/product"}],"about":[{"href":"https:\/\/frontsite.se\/en\/wp-json\/wp\/v2\/types\/product"}],"replies":[{"embeddable":true,"href":"https:\/\/frontsite.se\/en\/wp-json\/wp\/v2\/comments?post=18159"}],"version-history":[{"count":1,"href":"https:\/\/frontsite.se\/en\/wp-json\/wp\/v2\/product\/18159\/revisions"}],"predecessor-version":[{"id":18168,"href":"https:\/\/frontsite.se\/en\/wp-json\/wp\/v2\/product\/18159\/revisions\/18168"}],"wp:featuredmedia":[{"embeddable":true,"href":"https:\/\/frontsite.se\/en\/wp-json\/wp\/v2\/media\/18160"}],"wp:attachment":[{"href":"https:\/\/frontsite.se\/en\/wp-json\/wp\/v2\/media?parent=18159"}],"wp:term":[{"taxonomy":"product_cat","embeddable":true,"href":"https:\/\/frontsite.se\/en\/wp-json\/wp\/v2\/product_cat?post=18159"},{"taxonomy":"product_tag","embeddable":true,"href":"https:\/\/frontsite.se\/en\/wp-json\/wp\/v2\/product_tag?post=18159"}],"curies":[{"name":"wp","href":"https:\/\/api.w.org\/{rel}","templated":true}]}}