{"id":18154,"date":"2026-04-22T09:10:44","date_gmt":"2026-04-22T09:10:44","guid":{"rendered":"https:\/\/frontsite.se\/?post_type=product&#038;p=18154"},"modified":"2026-04-22T09:10:47","modified_gmt":"2026-04-22T09:10:47","slug":"ellersafe-h310-reparbetssele","status":"publish","type":"product","link":"https:\/\/frontsite.se\/en\/product\/ellersafe-h310-reparbetssele\/","title":{"rendered":"ELLERsafe H310 reparbetssele"},"content":{"rendered":"<p class=\"font-claude-response-body break-words whitespace-normal leading-[1.7]\"><strong>ELLERsafe H310 reparbetssele \u2013 Reparbetssele med tv\u00e5 integrerade fallskyddspunkter, tv\u00e5 D-ringar f\u00f6r arbetspositionering, en ventral D-ring f\u00f6r nedfirningsanordning och fyra utrustningsslingor f\u00f6r verktyg<\/strong><\/p>\n<p class=\"font-claude-response-body break-words whitespace-normal leading-[1.7]\">ELLERsafe H310 reparbetssele erbjuder ett brett utbud av f\u00e4stpunkter och funktioner f\u00f6r olika arbetspositioner p\u00e5 h\u00f6jd.<\/p>\n<p class=\"font-claude-response-body break-words whitespace-normal leading-[1.7]\">Selen har tv\u00e5 fallskyddspunkter: en sternal D-ring i aluminium och en dorsal D-ring i aluminium, b\u00e5da f\u00f6r s\u00e4ker f\u00f6rankring. F\u00f6r arbetspositionering finns tv\u00e5 laterala D-ringar i aluminium och en ventral D-ring i aluminium. Selen har sju justerbara sp\u00e4nnen i st\u00e5l f\u00f6r exakt passform och justering. Tv\u00e5 snabbsp\u00e4nnen i aluminium p\u00e5 benbyglar underl\u00e4ttar p\u00e5- och avtagning av selen.<\/p>\n<p class=\"font-claude-response-body break-words whitespace-normal leading-[1.7]\">EVA-materialet ger komfort vid midja, axlar och ben. De avtagbara axelremsarna g\u00f6r det m\u00f6jligt att omvandla selen till en sittsele. Med fyra utrustningsslingor som var och en kan b\u00e4ra upp till 2 kg \u00e4r denna sele idealisk f\u00f6r att b\u00e4ra verktyg. P\u00e5 axelremsarna finns tv\u00e5 parkeringsplatser med utbrytningsfunktion f\u00f6r st\u00e4llningskrokar p\u00e5 en falld\u00e4mparline. Det gummerade materialet ger extra motst\u00e5nd mot skador och slitage.<\/p>\n<p class=\"font-claude-response-body break-words whitespace-normal leading-[1.7]\">ELLERsafe H310 reparbetssele uppfyller standarderna EN361, EN358 och EN813.<\/p>\n<p class=\"font-claude-response-body break-words whitespace-normal leading-[1.7]\">Finns i storlekarna M\u2013XL och XXL.<\/p>","protected":false},"excerpt":{"rendered":"<p class=\"font-claude-response-body break-words whitespace-normal leading-[1.7]\"><strong>ELLERsafe H310 reparbetssele<\/strong><\/p>\n<ul class=\"[li_&amp;]:mb-0 [li_&amp;]:mt-1 [li_&amp;]:gap-1 [&amp;:not(:last-child)_ul]:pb-1 [&amp;:not(:last-child)_ol]:pb-1 list-disc flex flex-col gap-1 pl-8 mb-3\">\n<li class=\"whitespace-normal break-words pl-2\">2 f\u00e4stpunkter f\u00f6r fallskydd<\/li>\n<li class=\"whitespace-normal break-words pl-2\">1 sternal D-ring i aluminium<\/li>\n<li class=\"whitespace-normal break-words pl-2\">1 dorsal D-ring i aluminium<\/li>\n<li class=\"whitespace-normal break-words pl-2\">2 laterala D-ringar i aluminium f\u00f6r arbetspositionering<\/li>\n<li class=\"whitespace-normal break-words pl-2\">1 ventral D-ring i aluminium<\/li>\n<li class=\"whitespace-normal break-words pl-2\">7 st justerbara sp\u00e4nnen i st\u00e5l<\/li>\n<li class=\"whitespace-normal break-words pl-2\">2 st snabbsp\u00e4nnen i aluminium p\u00e5 benbyglar<\/li>\n<li class=\"whitespace-normal break-words pl-2\">Avtagbara axelremmar f\u00f6r att skapa en sittsele<\/li>\n<li class=\"whitespace-normal break-words pl-2\">Bekv\u00e4mt EVA-material p\u00e5 midja, axlar och ben<\/li>\n<li class=\"whitespace-normal break-words pl-2\">4 st utrustningsslingor, 2 kg WLL per slinga<\/li>\n<li class=\"whitespace-normal break-words pl-2\">EN361, EN358, EN813<\/li>\n<li class=\"whitespace-normal break-words pl-2\">I storlek M\u2013XL och XXL<\/li>\n<\/ul>","protected":false},"featured_media":18155,"comment_status":"open","ping_status":"closed","template":"","meta":[],"product_cat":[178,109,110],"product_tag":[],"class_list":{"0":"post-18154","1":"product","2":"type-product","3":"status-publish","4":"has-post-thumbnail","6":"product_cat-fallskyddsutrustning","7":"product_cat-personligt-skydd","8":"product_cat-sele","10":"first","11":"instock","12":"taxable","13":"shipping-taxable","14":"purchasable","15":"product-type-simple"},"yoast_head":"<!-- This site is optimized with the Yoast SEO plugin v24.1 - https:\/\/yoast.com\/wordpress\/plugins\/seo\/ -->\n<title>ELLERsafe H310 reparbetssele - Frontsite<\/title>\n<meta name=\"description\" content=\"ELLERsafe H310 reparbetssele erbjuder ett brett utbud av f\u00e4stpunkter och funktioner f\u00f6r olika arbetspositioner p\u00e5 h\u00f6jd.\" \/>\n<meta name=\"robots\" content=\"index, follow, max-snippet:-1, max-image-preview:large, max-video-preview:-1\" \/>\n<link rel=\"canonical\" href=\"https:\/\/frontsite.se\/en\/product\/ellersafe-h310-reparbetssele\/\" \/>\n<meta property=\"og:locale\" content=\"en_GB\" \/>\n<meta property=\"og:type\" content=\"article\" \/>\n<meta property=\"og:title\" content=\"ELLERsafe H310 reparbetssele - Frontsite\" \/>\n<meta property=\"og:description\" content=\"ELLERsafe H310 reparbetssele erbjuder ett brett utbud av f\u00e4stpunkter och funktioner f\u00f6r olika arbetspositioner p\u00e5 h\u00f6jd.\" \/>\n<meta property=\"og:url\" content=\"https:\/\/frontsite.se\/en\/product\/ellersafe-h310-reparbetssele\/\" \/>\n<meta property=\"og:site_name\" content=\"Frontsite\" \/>\n<meta property=\"article:modified_time\" content=\"2026-04-22T09:10:47+00:00\" \/>\n<meta property=\"og:image\" content=\"https:\/\/frontsite.se\/wp-content\/uploads\/2026\/04\/ELSF-SET-ENTERTAINMENT_1-1.jpg\" \/>\n\t<meta property=\"og:image:width\" content=\"900\" \/>\n\t<meta property=\"og:image:height\" content=\"900\" \/>\n\t<meta property=\"og:image:type\" content=\"image\/jpeg\" \/>\n<meta name=\"twitter:card\" content=\"summary_large_image\" \/>\n<meta name=\"twitter:label1\" content=\"Estimated reading time\" \/>\n\t<meta name=\"twitter:data1\" content=\"2 minutes\" \/>\n<script type=\"application\/ld+json\" class=\"yoast-schema-graph\">{\"@context\":\"https:\/\/schema.org\",\"@graph\":[{\"@type\":\"WebPage\",\"@id\":\"https:\/\/frontsite.se\/produkt\/ellersafe-h310-reparbetssele\/\",\"url\":\"https:\/\/frontsite.se\/produkt\/ellersafe-h310-reparbetssele\/\",\"name\":\"ELLERsafe H310 reparbetssele - Frontsite\",\"isPartOf\":{\"@id\":\"https:\/\/frontsite.se\/#website\"},\"primaryImageOfPage\":{\"@id\":\"https:\/\/frontsite.se\/produkt\/ellersafe-h310-reparbetssele\/#primaryimage\"},\"image\":{\"@id\":\"https:\/\/frontsite.se\/produkt\/ellersafe-h310-reparbetssele\/#primaryimage\"},\"thumbnailUrl\":\"https:\/\/frontsite.se\/wp-content\/uploads\/2026\/04\/ELSF-SET-ENTERTAINMENT_1-1.jpg\",\"datePublished\":\"2026-04-22T09:10:44+00:00\",\"dateModified\":\"2026-04-22T09:10:47+00:00\",\"description\":\"ELLERsafe H310 reparbetssele erbjuder ett brett utbud av f\u00e4stpunkter och funktioner f\u00f6r olika arbetspositioner p\u00e5 h\u00f6jd.\",\"breadcrumb\":{\"@id\":\"https:\/\/frontsite.se\/produkt\/ellersafe-h310-reparbetssele\/#breadcrumb\"},\"inLanguage\":\"en-GB\",\"potentialAction\":[{\"@type\":\"ReadAction\",\"target\":[\"https:\/\/frontsite.se\/produkt\/ellersafe-h310-reparbetssele\/\"]}]},{\"@type\":\"ImageObject\",\"inLanguage\":\"en-GB\",\"@id\":\"https:\/\/frontsite.se\/produkt\/ellersafe-h310-reparbetssele\/#primaryimage\",\"url\":\"https:\/\/frontsite.se\/wp-content\/uploads\/2026\/04\/ELSF-SET-ENTERTAINMENT_1-1.jpg\",\"contentUrl\":\"https:\/\/frontsite.se\/wp-content\/uploads\/2026\/04\/ELSF-SET-ENTERTAINMENT_1-1.jpg\",\"width\":900,\"height\":900,\"caption\":\"ELLERsafe H310 reparbetssele\"},{\"@type\":\"BreadcrumbList\",\"@id\":\"https:\/\/frontsite.se\/produkt\/ellersafe-h310-reparbetssele\/#breadcrumb\",\"itemListElement\":[{\"@type\":\"ListItem\",\"position\":1,\"name\":\"Hem\",\"item\":\"https:\/\/frontsite.se\/\"},{\"@type\":\"ListItem\",\"position\":2,\"name\":\"Shop\",\"item\":\"https:\/\/frontsite.lingonbyran.se\/shop\/\"},{\"@type\":\"ListItem\",\"position\":3,\"name\":\"ELLERsafe H310 reparbetssele\"}]},{\"@type\":\"WebSite\",\"@id\":\"https:\/\/frontsite.se\/#website\",\"url\":\"https:\/\/frontsite.se\/\",\"name\":\"Frontsite\",\"description\":\"Expert P\u00e5 st\u00e4llningsprodukter och profilering\",\"publisher\":{\"@id\":\"https:\/\/frontsite.se\/#organization\"},\"potentialAction\":[{\"@type\":\"SearchAction\",\"target\":{\"@type\":\"EntryPoint\",\"urlTemplate\":\"https:\/\/frontsite.se\/?s={search_term_string}\"},\"query-input\":{\"@type\":\"PropertyValueSpecification\",\"valueRequired\":true,\"valueName\":\"search_term_string\"}}],\"inLanguage\":\"en-GB\"},{\"@type\":\"Organization\",\"@id\":\"https:\/\/frontsite.se\/#organization\",\"name\":\"Frontsite\",\"url\":\"https:\/\/frontsite.se\/\",\"logo\":{\"@type\":\"ImageObject\",\"inLanguage\":\"en-GB\",\"@id\":\"https:\/\/frontsite.se\/#\/schema\/logo\/image\/\",\"url\":\"https:\/\/frontsite.se\/wp-content\/uploads\/2024\/08\/Logo-Ratt-farg.png\",\"contentUrl\":\"https:\/\/frontsite.se\/wp-content\/uploads\/2024\/08\/Logo-Ratt-farg.png\",\"width\":1004,\"height\":1004,\"caption\":\"Frontsite\"},\"image\":{\"@id\":\"https:\/\/frontsite.se\/#\/schema\/logo\/image\/\"}}]}<\/script>\n<!-- \/ Yoast SEO plugin. -->","yoast_head_json":{"title":"ELLERsafe H310 reparbetssele - Frontsite","description":"ELLERsafe H310 reparbetssele erbjuder ett brett utbud av f\u00e4stpunkter och funktioner f\u00f6r olika arbetspositioner p\u00e5 h\u00f6jd.","robots":{"index":"index","follow":"follow","max-snippet":"max-snippet:-1","max-image-preview":"max-image-preview:large","max-video-preview":"max-video-preview:-1"},"canonical":"https:\/\/frontsite.se\/en\/product\/ellersafe-h310-reparbetssele\/","og_locale":"en_GB","og_type":"article","og_title":"ELLERsafe H310 reparbetssele - Frontsite","og_description":"ELLERsafe H310 reparbetssele erbjuder ett brett utbud av f\u00e4stpunkter och funktioner f\u00f6r olika arbetspositioner p\u00e5 h\u00f6jd.","og_url":"https:\/\/frontsite.se\/en\/product\/ellersafe-h310-reparbetssele\/","og_site_name":"Frontsite","article_modified_time":"2026-04-22T09:10:47+00:00","og_image":[{"width":900,"height":900,"url":"https:\/\/frontsite.se\/wp-content\/uploads\/2026\/04\/ELSF-SET-ENTERTAINMENT_1-1.jpg","type":"image\/jpeg"}],"twitter_card":"summary_large_image","twitter_misc":{"Estimated reading time":"2 minutes"},"schema":{"@context":"https:\/\/schema.org","@graph":[{"@type":"WebPage","@id":"https:\/\/frontsite.se\/produkt\/ellersafe-h310-reparbetssele\/","url":"https:\/\/frontsite.se\/produkt\/ellersafe-h310-reparbetssele\/","name":"ELLERsafe H310 reparbetssele - Frontsite","isPartOf":{"@id":"https:\/\/frontsite.se\/#website"},"primaryImageOfPage":{"@id":"https:\/\/frontsite.se\/produkt\/ellersafe-h310-reparbetssele\/#primaryimage"},"image":{"@id":"https:\/\/frontsite.se\/produkt\/ellersafe-h310-reparbetssele\/#primaryimage"},"thumbnailUrl":"https:\/\/frontsite.se\/wp-content\/uploads\/2026\/04\/ELSF-SET-ENTERTAINMENT_1-1.jpg","datePublished":"2026-04-22T09:10:44+00:00","dateModified":"2026-04-22T09:10:47+00:00","description":"ELLERsafe H310 reparbetssele erbjuder ett brett utbud av f\u00e4stpunkter och funktioner f\u00f6r olika arbetspositioner p\u00e5 h\u00f6jd.","breadcrumb":{"@id":"https:\/\/frontsite.se\/produkt\/ellersafe-h310-reparbetssele\/#breadcrumb"},"inLanguage":"en-GB","potentialAction":[{"@type":"ReadAction","target":["https:\/\/frontsite.se\/produkt\/ellersafe-h310-reparbetssele\/"]}]},{"@type":"ImageObject","inLanguage":"en-GB","@id":"https:\/\/frontsite.se\/produkt\/ellersafe-h310-reparbetssele\/#primaryimage","url":"https:\/\/frontsite.se\/wp-content\/uploads\/2026\/04\/ELSF-SET-ENTERTAINMENT_1-1.jpg","contentUrl":"https:\/\/frontsite.se\/wp-content\/uploads\/2026\/04\/ELSF-SET-ENTERTAINMENT_1-1.jpg","width":900,"height":900,"caption":"ELLERsafe H310 reparbetssele"},{"@type":"BreadcrumbList","@id":"https:\/\/frontsite.se\/produkt\/ellersafe-h310-reparbetssele\/#breadcrumb","itemListElement":[{"@type":"ListItem","position":1,"name":"Hem","item":"https:\/\/frontsite.se\/"},{"@type":"ListItem","position":2,"name":"Shop","item":"https:\/\/frontsite.lingonbyran.se\/shop\/"},{"@type":"ListItem","position":3,"name":"ELLERsafe H310 reparbetssele"}]},{"@type":"WebSite","@id":"https:\/\/frontsite.se\/#website","url":"https:\/\/frontsite.se\/","name":"Frontsite","description":"Expert P\u00e5 st\u00e4llningsprodukter och profilering","publisher":{"@id":"https:\/\/frontsite.se\/#organization"},"potentialAction":[{"@type":"SearchAction","target":{"@type":"EntryPoint","urlTemplate":"https:\/\/frontsite.se\/?s={search_term_string}"},"query-input":{"@type":"PropertyValueSpecification","valueRequired":true,"valueName":"search_term_string"}}],"inLanguage":"en-GB"},{"@type":"Organization","@id":"https:\/\/frontsite.se\/#organization","name":"Frontsite","url":"https:\/\/frontsite.se\/","logo":{"@type":"ImageObject","inLanguage":"en-GB","@id":"https:\/\/frontsite.se\/#\/schema\/logo\/image\/","url":"https:\/\/frontsite.se\/wp-content\/uploads\/2024\/08\/Logo-Ratt-farg.png","contentUrl":"https:\/\/frontsite.se\/wp-content\/uploads\/2024\/08\/Logo-Ratt-farg.png","width":1004,"height":1004,"caption":"Frontsite"},"image":{"@id":"https:\/\/frontsite.se\/#\/schema\/logo\/image\/"}}]}},"jetpack_sharing_enabled":true,"_links":{"self":[{"href":"https:\/\/frontsite.se\/en\/wp-json\/wp\/v2\/product\/18154","targetHints":{"allow":["GET"]}}],"collection":[{"href":"https:\/\/frontsite.se\/en\/wp-json\/wp\/v2\/product"}],"about":[{"href":"https:\/\/frontsite.se\/en\/wp-json\/wp\/v2\/types\/product"}],"replies":[{"embeddable":true,"href":"https:\/\/frontsite.se\/en\/wp-json\/wp\/v2\/comments?post=18154"}],"version-history":[{"count":1,"href":"https:\/\/frontsite.se\/en\/wp-json\/wp\/v2\/product\/18154\/revisions"}],"predecessor-version":[{"id":18158,"href":"https:\/\/frontsite.se\/en\/wp-json\/wp\/v2\/product\/18154\/revisions\/18158"}],"wp:featuredmedia":[{"embeddable":true,"href":"https:\/\/frontsite.se\/en\/wp-json\/wp\/v2\/media\/18155"}],"wp:attachment":[{"href":"https:\/\/frontsite.se\/en\/wp-json\/wp\/v2\/media?parent=18154"}],"wp:term":[{"taxonomy":"product_cat","embeddable":true,"href":"https:\/\/frontsite.se\/en\/wp-json\/wp\/v2\/product_cat?post=18154"},{"taxonomy":"product_tag","embeddable":true,"href":"https:\/\/frontsite.se\/en\/wp-json\/wp\/v2\/product_tag?post=18154"}],"curies":[{"name":"wp","href":"https:\/\/api.w.org\/{rel}","templated":true}]}}