{"id":18149,"date":"2026-04-22T09:01:08","date_gmt":"2026-04-22T09:01:08","guid":{"rendered":"https:\/\/frontsite.se\/?post_type=product&#038;p=18149"},"modified":"2026-04-22T09:01:13","modified_gmt":"2026-04-22T09:01:13","slug":"ellersafe-xh100-hjalm","status":"publish","type":"product","link":"https:\/\/frontsite.se\/en\/product\/ellersafe-xh100-hjalm\/","title":{"rendered":"ELLERsafe XH100 hj\u00e4lm"},"content":{"rendered":"<p class=\"font-claude-response-body break-words whitespace-normal leading-[1.7]\"><strong>ELLERsafe XH100 hj\u00e4lm \u2013 L\u00e4tt och bekv\u00e4m hj\u00e4lm f\u00f6r arbete p\u00e5 h\u00f6jd<\/strong><\/p>\n<p class=\"font-claude-response-body break-words whitespace-normal leading-[1.7]\">ELLERsafe XH100 \u00e4r en teknisk industrihj\u00e4lm som \u00e4r b\u00e5de bekv\u00e4m och l\u00e4tt. Den har 17 ventilations\u00f6ppningar, var och en f\u00f6rsedd med n\u00e4t i rostfritt st\u00e5l, vilket s\u00e4kerst\u00e4ller optimal luftcirkulation. Innerfodralet \u00e4r tillverkat av slitstarka material som EPP och EPS, och fodralet \u00e4r avtagbart och tv\u00e4ttbart f\u00f6r l\u00e5ngvarig komfort. Hj\u00e4lmen har en justerbar hakrem och erbjuder sidf\u00e4ste f\u00f6r ELLERsafe XH110-visir (ing\u00e5r ej) samt f\u00e4stkl\u00e4mmor f\u00f6r pannlampor med elastiskt band. Standardf\u00e4sten m\u00f6jligg\u00f6r montering av h\u00f6rselk\u00e5por och visir.<\/p>\n<p class=\"font-claude-response-body break-words whitespace-normal leading-[1.7]\">Hj\u00e4lmen uppfyller standarden EN12492 f\u00f6r arbete p\u00e5 h\u00f6jd och passar huvudomkretsar mellan 56 cm och 62 cm.<\/p>","protected":false},"excerpt":{"rendered":"<p class=\"font-claude-response-body break-words whitespace-normal leading-[1.7]\"><strong>ELLERsafe XH100 hj\u00e4lm<\/strong><\/p>\n<ul class=\"[li_&amp;]:mb-0 [li_&amp;]:mt-1 [li_&amp;]:gap-1 [&amp;:not(:last-child)_ul]:pb-1 [&amp;:not(:last-child)_ol]:pb-1 list-disc flex flex-col gap-1 pl-8 mb-3\">\n<li class=\"whitespace-normal break-words pl-2\">Bekv\u00e4m och l\u00e4tt industrihj\u00e4lm<\/li>\n<li class=\"whitespace-normal break-words pl-2\">17 ventilationsh\u00e5l t\u00e4ckta med n\u00e4t i rostfritt st\u00e5l<\/li>\n<li class=\"whitespace-normal break-words pl-2\">Innerfodralet \u00e4r tillverkat av EPP och EPS<\/li>\n<li class=\"whitespace-normal break-words pl-2\">Bekv\u00e4mt fodral som \u00e4r avtagbart och tv\u00e4ttbart<\/li>\n<li class=\"whitespace-normal break-words pl-2\">Justerbar hakrem med m\u00f6jlighet till sj\u00e4lvjustering<\/li>\n<li class=\"whitespace-normal break-words pl-2\">Sidf\u00e4ste f\u00f6r XH110-visir (ing\u00e5r ej)<\/li>\n<li class=\"whitespace-normal break-words pl-2\">Kl\u00e4mmor f\u00f6r pannlampa med elastiskt band<\/li>\n<li class=\"whitespace-normal break-words pl-2\">Standardf\u00e4sten f\u00f6r h\u00f6rselk\u00e5por eller visir<\/li>\n<li class=\"whitespace-normal break-words pl-2\">L\u00e4mplig f\u00f6r arbete p\u00e5 h\u00f6jd (EN 12492)<\/li>\n<li class=\"whitespace-normal break-words pl-2\">Passar huvudomkrets 56\u201362 cm<\/li>\n<li class=\"whitespace-normal break-words pl-2\">Finns i flera f\u00e4rger<\/li>\n<\/ul>","protected":false},"featured_media":18150,"comment_status":"open","ping_status":"closed","template":"","meta":[],"product_cat":[179,109],"product_tag":[],"class_list":{"0":"post-18149","1":"product","2":"type-product","3":"status-publish","4":"has-post-thumbnail","6":"product_cat-hjalm","7":"product_cat-personligt-skydd","9":"first","10":"instock","11":"taxable","12":"shipping-taxable","13":"purchasable","14":"product-type-simple"},"yoast_head":"<!-- This site is optimized with the Yoast SEO plugin v24.1 - https:\/\/yoast.com\/wordpress\/plugins\/seo\/ -->\n<title>ELLERsafe XH100 hj\u00e4lm - Frontsite<\/title>\n<meta name=\"description\" content=\"ELLERsafe XH100 \u00e4r en hj\u00e4lm som \u00e4r b\u00e5de bekv\u00e4m och l\u00e4tt. Den har 17 ventilations\u00f6ppningar, var och en f\u00f6rsedd med n\u00e4t i rostfritt st\u00e5l, vilket s\u00e4kerst\u00e4ller optimal luftcirkulation. Innerfodralet \u00e4r tillverkat av slitstarka material.\" \/>\n<meta name=\"robots\" content=\"index, follow, max-snippet:-1, max-image-preview:large, max-video-preview:-1\" \/>\n<link rel=\"canonical\" href=\"https:\/\/frontsite.se\/en\/product\/ellersafe-xh100-hjalm\/\" \/>\n<meta property=\"og:locale\" content=\"en_GB\" \/>\n<meta property=\"og:type\" content=\"article\" \/>\n<meta property=\"og:title\" content=\"ELLERsafe XH100 hj\u00e4lm - Frontsite\" \/>\n<meta property=\"og:description\" content=\"ELLERsafe XH100 \u00e4r en hj\u00e4lm som \u00e4r b\u00e5de bekv\u00e4m och l\u00e4tt. Den har 17 ventilations\u00f6ppningar, var och en f\u00f6rsedd med n\u00e4t i rostfritt st\u00e5l, vilket s\u00e4kerst\u00e4ller optimal luftcirkulation. Innerfodralet \u00e4r tillverkat av slitstarka material.\" \/>\n<meta property=\"og:url\" content=\"https:\/\/frontsite.se\/en\/product\/ellersafe-xh100-hjalm\/\" \/>\n<meta property=\"og:site_name\" content=\"Frontsite\" \/>\n<meta property=\"article:modified_time\" content=\"2026-04-22T09:01:13+00:00\" \/>\n<meta property=\"og:image\" content=\"https:\/\/frontsite.se\/wp-content\/uploads\/2026\/04\/ELLERsafe-XH100-helmet-ELSF-XH100.jpg\" \/>\n\t<meta property=\"og:image:width\" content=\"900\" \/>\n\t<meta property=\"og:image:height\" content=\"900\" \/>\n\t<meta property=\"og:image:type\" content=\"image\/jpeg\" \/>\n<meta name=\"twitter:card\" content=\"summary_large_image\" \/>\n<meta name=\"twitter:label1\" content=\"Estimated reading time\" \/>\n\t<meta name=\"twitter:data1\" content=\"1 minute\" \/>\n<script type=\"application\/ld+json\" class=\"yoast-schema-graph\">{\"@context\":\"https:\/\/schema.org\",\"@graph\":[{\"@type\":\"WebPage\",\"@id\":\"https:\/\/frontsite.se\/produkt\/ellersafe-xh100-hjalm\/\",\"url\":\"https:\/\/frontsite.se\/produkt\/ellersafe-xh100-hjalm\/\",\"name\":\"ELLERsafe XH100 hj\u00e4lm - Frontsite\",\"isPartOf\":{\"@id\":\"https:\/\/frontsite.se\/#website\"},\"primaryImageOfPage\":{\"@id\":\"https:\/\/frontsite.se\/produkt\/ellersafe-xh100-hjalm\/#primaryimage\"},\"image\":{\"@id\":\"https:\/\/frontsite.se\/produkt\/ellersafe-xh100-hjalm\/#primaryimage\"},\"thumbnailUrl\":\"https:\/\/frontsite.se\/wp-content\/uploads\/2026\/04\/ELLERsafe-XH100-helmet-ELSF-XH100.jpg\",\"datePublished\":\"2026-04-22T09:01:08+00:00\",\"dateModified\":\"2026-04-22T09:01:13+00:00\",\"description\":\"ELLERsafe XH100 \u00e4r en hj\u00e4lm som \u00e4r b\u00e5de bekv\u00e4m och l\u00e4tt. Den har 17 ventilations\u00f6ppningar, var och en f\u00f6rsedd med n\u00e4t i rostfritt st\u00e5l, vilket s\u00e4kerst\u00e4ller optimal luftcirkulation. Innerfodralet \u00e4r tillverkat av slitstarka material.\",\"breadcrumb\":{\"@id\":\"https:\/\/frontsite.se\/produkt\/ellersafe-xh100-hjalm\/#breadcrumb\"},\"inLanguage\":\"en-GB\",\"potentialAction\":[{\"@type\":\"ReadAction\",\"target\":[\"https:\/\/frontsite.se\/produkt\/ellersafe-xh100-hjalm\/\"]}]},{\"@type\":\"ImageObject\",\"inLanguage\":\"en-GB\",\"@id\":\"https:\/\/frontsite.se\/produkt\/ellersafe-xh100-hjalm\/#primaryimage\",\"url\":\"https:\/\/frontsite.se\/wp-content\/uploads\/2026\/04\/ELLERsafe-XH100-helmet-ELSF-XH100.jpg\",\"contentUrl\":\"https:\/\/frontsite.se\/wp-content\/uploads\/2026\/04\/ELLERsafe-XH100-helmet-ELSF-XH100.jpg\",\"width\":900,\"height\":900,\"caption\":\"ELLERsafe XH100 hj\u00e4lm\"},{\"@type\":\"BreadcrumbList\",\"@id\":\"https:\/\/frontsite.se\/produkt\/ellersafe-xh100-hjalm\/#breadcrumb\",\"itemListElement\":[{\"@type\":\"ListItem\",\"position\":1,\"name\":\"Hem\",\"item\":\"https:\/\/frontsite.se\/\"},{\"@type\":\"ListItem\",\"position\":2,\"name\":\"Shop\",\"item\":\"https:\/\/frontsite.lingonbyran.se\/shop\/\"},{\"@type\":\"ListItem\",\"position\":3,\"name\":\"ELLERsafe XH100 hj\u00e4lm\"}]},{\"@type\":\"WebSite\",\"@id\":\"https:\/\/frontsite.se\/#website\",\"url\":\"https:\/\/frontsite.se\/\",\"name\":\"Frontsite\",\"description\":\"Expert P\u00e5 st\u00e4llningsprodukter och profilering\",\"publisher\":{\"@id\":\"https:\/\/frontsite.se\/#organization\"},\"potentialAction\":[{\"@type\":\"SearchAction\",\"target\":{\"@type\":\"EntryPoint\",\"urlTemplate\":\"https:\/\/frontsite.se\/?s={search_term_string}\"},\"query-input\":{\"@type\":\"PropertyValueSpecification\",\"valueRequired\":true,\"valueName\":\"search_term_string\"}}],\"inLanguage\":\"en-GB\"},{\"@type\":\"Organization\",\"@id\":\"https:\/\/frontsite.se\/#organization\",\"name\":\"Frontsite\",\"url\":\"https:\/\/frontsite.se\/\",\"logo\":{\"@type\":\"ImageObject\",\"inLanguage\":\"en-GB\",\"@id\":\"https:\/\/frontsite.se\/#\/schema\/logo\/image\/\",\"url\":\"https:\/\/frontsite.se\/wp-content\/uploads\/2024\/08\/Logo-Ratt-farg.png\",\"contentUrl\":\"https:\/\/frontsite.se\/wp-content\/uploads\/2024\/08\/Logo-Ratt-farg.png\",\"width\":1004,\"height\":1004,\"caption\":\"Frontsite\"},\"image\":{\"@id\":\"https:\/\/frontsite.se\/#\/schema\/logo\/image\/\"}}]}<\/script>\n<!-- \/ Yoast SEO plugin. -->","yoast_head_json":{"title":"ELLERsafe XH100 hj\u00e4lm - Frontsite","description":"ELLERsafe XH100 \u00e4r en hj\u00e4lm som \u00e4r b\u00e5de bekv\u00e4m och l\u00e4tt. Den har 17 ventilations\u00f6ppningar, var och en f\u00f6rsedd med n\u00e4t i rostfritt st\u00e5l, vilket s\u00e4kerst\u00e4ller optimal luftcirkulation. Innerfodralet \u00e4r tillverkat av slitstarka material.","robots":{"index":"index","follow":"follow","max-snippet":"max-snippet:-1","max-image-preview":"max-image-preview:large","max-video-preview":"max-video-preview:-1"},"canonical":"https:\/\/frontsite.se\/en\/product\/ellersafe-xh100-hjalm\/","og_locale":"en_GB","og_type":"article","og_title":"ELLERsafe XH100 hj\u00e4lm - Frontsite","og_description":"ELLERsafe XH100 \u00e4r en hj\u00e4lm som \u00e4r b\u00e5de bekv\u00e4m och l\u00e4tt. Den har 17 ventilations\u00f6ppningar, var och en f\u00f6rsedd med n\u00e4t i rostfritt st\u00e5l, vilket s\u00e4kerst\u00e4ller optimal luftcirkulation. Innerfodralet \u00e4r tillverkat av slitstarka material.","og_url":"https:\/\/frontsite.se\/en\/product\/ellersafe-xh100-hjalm\/","og_site_name":"Frontsite","article_modified_time":"2026-04-22T09:01:13+00:00","og_image":[{"width":900,"height":900,"url":"https:\/\/frontsite.se\/wp-content\/uploads\/2026\/04\/ELLERsafe-XH100-helmet-ELSF-XH100.jpg","type":"image\/jpeg"}],"twitter_card":"summary_large_image","twitter_misc":{"Estimated reading time":"1 minute"},"schema":{"@context":"https:\/\/schema.org","@graph":[{"@type":"WebPage","@id":"https:\/\/frontsite.se\/produkt\/ellersafe-xh100-hjalm\/","url":"https:\/\/frontsite.se\/produkt\/ellersafe-xh100-hjalm\/","name":"ELLERsafe XH100 hj\u00e4lm - Frontsite","isPartOf":{"@id":"https:\/\/frontsite.se\/#website"},"primaryImageOfPage":{"@id":"https:\/\/frontsite.se\/produkt\/ellersafe-xh100-hjalm\/#primaryimage"},"image":{"@id":"https:\/\/frontsite.se\/produkt\/ellersafe-xh100-hjalm\/#primaryimage"},"thumbnailUrl":"https:\/\/frontsite.se\/wp-content\/uploads\/2026\/04\/ELLERsafe-XH100-helmet-ELSF-XH100.jpg","datePublished":"2026-04-22T09:01:08+00:00","dateModified":"2026-04-22T09:01:13+00:00","description":"ELLERsafe XH100 \u00e4r en hj\u00e4lm som \u00e4r b\u00e5de bekv\u00e4m och l\u00e4tt. Den har 17 ventilations\u00f6ppningar, var och en f\u00f6rsedd med n\u00e4t i rostfritt st\u00e5l, vilket s\u00e4kerst\u00e4ller optimal luftcirkulation. Innerfodralet \u00e4r tillverkat av slitstarka material.","breadcrumb":{"@id":"https:\/\/frontsite.se\/produkt\/ellersafe-xh100-hjalm\/#breadcrumb"},"inLanguage":"en-GB","potentialAction":[{"@type":"ReadAction","target":["https:\/\/frontsite.se\/produkt\/ellersafe-xh100-hjalm\/"]}]},{"@type":"ImageObject","inLanguage":"en-GB","@id":"https:\/\/frontsite.se\/produkt\/ellersafe-xh100-hjalm\/#primaryimage","url":"https:\/\/frontsite.se\/wp-content\/uploads\/2026\/04\/ELLERsafe-XH100-helmet-ELSF-XH100.jpg","contentUrl":"https:\/\/frontsite.se\/wp-content\/uploads\/2026\/04\/ELLERsafe-XH100-helmet-ELSF-XH100.jpg","width":900,"height":900,"caption":"ELLERsafe XH100 hj\u00e4lm"},{"@type":"BreadcrumbList","@id":"https:\/\/frontsite.se\/produkt\/ellersafe-xh100-hjalm\/#breadcrumb","itemListElement":[{"@type":"ListItem","position":1,"name":"Hem","item":"https:\/\/frontsite.se\/"},{"@type":"ListItem","position":2,"name":"Shop","item":"https:\/\/frontsite.lingonbyran.se\/shop\/"},{"@type":"ListItem","position":3,"name":"ELLERsafe XH100 hj\u00e4lm"}]},{"@type":"WebSite","@id":"https:\/\/frontsite.se\/#website","url":"https:\/\/frontsite.se\/","name":"Frontsite","description":"Expert P\u00e5 st\u00e4llningsprodukter och profilering","publisher":{"@id":"https:\/\/frontsite.se\/#organization"},"potentialAction":[{"@type":"SearchAction","target":{"@type":"EntryPoint","urlTemplate":"https:\/\/frontsite.se\/?s={search_term_string}"},"query-input":{"@type":"PropertyValueSpecification","valueRequired":true,"valueName":"search_term_string"}}],"inLanguage":"en-GB"},{"@type":"Organization","@id":"https:\/\/frontsite.se\/#organization","name":"Frontsite","url":"https:\/\/frontsite.se\/","logo":{"@type":"ImageObject","inLanguage":"en-GB","@id":"https:\/\/frontsite.se\/#\/schema\/logo\/image\/","url":"https:\/\/frontsite.se\/wp-content\/uploads\/2024\/08\/Logo-Ratt-farg.png","contentUrl":"https:\/\/frontsite.se\/wp-content\/uploads\/2024\/08\/Logo-Ratt-farg.png","width":1004,"height":1004,"caption":"Frontsite"},"image":{"@id":"https:\/\/frontsite.se\/#\/schema\/logo\/image\/"}}]}},"jetpack_sharing_enabled":true,"_links":{"self":[{"href":"https:\/\/frontsite.se\/en\/wp-json\/wp\/v2\/product\/18149","targetHints":{"allow":["GET"]}}],"collection":[{"href":"https:\/\/frontsite.se\/en\/wp-json\/wp\/v2\/product"}],"about":[{"href":"https:\/\/frontsite.se\/en\/wp-json\/wp\/v2\/types\/product"}],"replies":[{"embeddable":true,"href":"https:\/\/frontsite.se\/en\/wp-json\/wp\/v2\/comments?post=18149"}],"version-history":[{"count":1,"href":"https:\/\/frontsite.se\/en\/wp-json\/wp\/v2\/product\/18149\/revisions"}],"predecessor-version":[{"id":18153,"href":"https:\/\/frontsite.se\/en\/wp-json\/wp\/v2\/product\/18149\/revisions\/18153"}],"wp:featuredmedia":[{"embeddable":true,"href":"https:\/\/frontsite.se\/en\/wp-json\/wp\/v2\/media\/18150"}],"wp:attachment":[{"href":"https:\/\/frontsite.se\/en\/wp-json\/wp\/v2\/media?parent=18149"}],"wp:term":[{"taxonomy":"product_cat","embeddable":true,"href":"https:\/\/frontsite.se\/en\/wp-json\/wp\/v2\/product_cat?post=18149"},{"taxonomy":"product_tag","embeddable":true,"href":"https:\/\/frontsite.se\/en\/wp-json\/wp\/v2\/product_tag?post=18149"}],"curies":[{"name":"wp","href":"https:\/\/api.w.org\/{rel}","templated":true}]}}