{"id":18135,"date":"2026-04-22T07:41:04","date_gmt":"2026-04-22T07:41:04","guid":{"rendered":"https:\/\/frontsite.se\/?post_type=product&#038;p=18135"},"modified":"2026-04-22T07:46:07","modified_gmt":"2026-04-22T07:46:07","slug":"ellersafe-hx205-anti-traumabalte","status":"publish","type":"product","link":"https:\/\/frontsite.se\/en\/product\/ellersafe-hx205-anti-traumabalte\/","title":{"rendered":"ELLERsafe HX205 anti-traumab\u00e4lte"},"content":{"rendered":"<p class=\"font-claude-response-body break-words whitespace-normal leading-[1.7]\"><strong>ELLERsafe HX205 anti-traumab\u00e4lte \u2013 Speciella b\u00e4lten f\u00f6r att lindra suspensionstrauma<\/strong><\/p>\n<p class=\"font-claude-response-body break-words whitespace-normal leading-[1.7]\">ELLERsafe HX205 anti-traumab\u00e4lten \u00e4r speciellt utformade f\u00f6r att hj\u00e4lpa till att lindra de negativa effekterna av suspensionstrauma i situationer d\u00e4r en person h\u00e4nger fritt. B\u00e4ltena f\u00e4sts enkelt i selen med hj\u00e4lp av en ankars\u00f6m. De f\u00f6rvaras i ett dragkedjef\u00f6rsett fodral, vilket g\u00f6r dem v\u00e4l skyddade och l\u00e4ttillg\u00e4ngliga.<\/p>\n<p class=\"font-claude-response-body break-words whitespace-normal leading-[1.7]\">Dessa b\u00e4lten g\u00f6r det m\u00f6jligt f\u00f6r anv\u00e4ndaren att st\u00e5 upp i selen, vilket minskar trycket p\u00e5 benen och fr\u00e4mjar blodcirkulationen. Setet inneh\u00e5ller tv\u00e5 b\u00e4lten, ett f\u00f6r varje sida av selen, och utg\u00f6r ett viktigt s\u00e4kerhetselement i situationer med potentiell risk f\u00f6r suspensionstrauma.<\/p>\n<p class=\"font-claude-response-body break-words whitespace-normal leading-[1.7]\">Vi rekommenderar anti-traumab\u00e4lten i situationer d\u00e4r anv\u00e4ndaren kan riskera att falla. Detta g\u00e5r vanligtvis hand i hand med anv\u00e4ndning av en falld\u00e4mparline. Att ha anti-traumab\u00e4lten tar inte bort behovet av att uppr\u00e4tta en r\u00e4ddningsplan och genomf\u00f6ra en riskbed\u00f6mning.<\/p>","protected":false},"excerpt":{"rendered":"<p class=\"font-claude-response-body break-words whitespace-normal leading-[1.7]\"><strong>ELLERsafe HX205 anti-traumab\u00e4lte<\/strong><\/p>\n<ul class=\"[li_&amp;]:mb-0 [li_&amp;]:mt-1 [li_&amp;]:gap-1 [&amp;:not(:last-child)_ul]:pb-1 [&amp;:not(:last-child)_ol]:pb-1 list-disc flex flex-col gap-1 pl-8 mb-3\">\n<li class=\"whitespace-normal break-words pl-2\">Speciellt utformat f\u00f6r att hj\u00e4lpa till att lindra de negativa effekterna av suspensionstrauma<\/li>\n<li class=\"whitespace-normal break-words pl-2\">Enkelt att f\u00e4sta i selen med hj\u00e4lp av textil\u00f6glan<\/li>\n<li class=\"whitespace-normal break-words pl-2\">F\u00f6rvaras i ett dragkedjef\u00f6rsett fodral f\u00f6r skydd och enkel anv\u00e4ndning<\/li>\n<li class=\"whitespace-normal break-words pl-2\">G\u00f6r det m\u00f6jligt f\u00f6r den h\u00e4ngande anv\u00e4ndaren att st\u00e5 upp i selen f\u00f6r att avlasta trycket<\/li>\n<li class=\"whitespace-normal break-words pl-2\">Set med 2 b\u00e4lten, ett f\u00f6r varje sida av selen<\/li>\n<\/ul>","protected":false},"featured_media":18137,"comment_status":"open","ping_status":"closed","template":"","meta":[],"product_cat":[178,109,110,70],"product_tag":[],"class_list":{"0":"post-18135","1":"product","2":"type-product","3":"status-publish","4":"has-post-thumbnail","6":"product_cat-fallskyddsutrustning","7":"product_cat-personligt-skydd","8":"product_cat-sele","9":"product_cat-stallning-bygg-tillbehor","11":"first","12":"instock","13":"taxable","14":"shipping-taxable","15":"purchasable","16":"product-type-simple"},"yoast_head":"<!-- This site is optimized with the Yoast SEO plugin v24.1 - https:\/\/yoast.com\/wordpress\/plugins\/seo\/ -->\n<title>ELLERsafe HX205 anti-traumab\u00e4lte - Frontsite<\/title>\n<meta name=\"description\" content=\"ELLERsafe HX205 anti-traumab\u00e4lte Speciellt utformat f\u00f6r att hj\u00e4lpa till att lindra de negativa effekterna av suspensionstrauma Enkelt att f\u00e4sta i selen med hj\u00e4lp av textil\u00f6glan F\u00f6rvaras i ett dragkedjef\u00f6rsett fodral.\" \/>\n<meta name=\"robots\" content=\"index, follow, max-snippet:-1, max-image-preview:large, max-video-preview:-1\" \/>\n<link rel=\"canonical\" href=\"https:\/\/frontsite.se\/en\/product\/ellersafe-hx205-anti-traumabalte\/\" \/>\n<meta property=\"og:locale\" content=\"en_GB\" \/>\n<meta property=\"og:type\" content=\"article\" \/>\n<meta property=\"og:title\" content=\"ELLERsafe HX205 anti-traumab\u00e4lte - Frontsite\" \/>\n<meta property=\"og:description\" content=\"ELLERsafe HX205 anti-traumab\u00e4lte Speciellt utformat f\u00f6r att hj\u00e4lpa till att lindra de negativa effekterna av suspensionstrauma Enkelt att f\u00e4sta i selen med hj\u00e4lp av textil\u00f6glan F\u00f6rvaras i ett dragkedjef\u00f6rsett fodral.\" \/>\n<meta property=\"og:url\" content=\"https:\/\/frontsite.se\/en\/product\/ellersafe-hx205-anti-traumabalte\/\" \/>\n<meta property=\"og:site_name\" content=\"Frontsite\" \/>\n<meta property=\"article:modified_time\" content=\"2026-04-22T07:46:07+00:00\" \/>\n<meta property=\"og:image\" content=\"https:\/\/frontsite.se\/wp-content\/uploads\/2026\/04\/ELSF-SET-ROOF_4.jpg\" \/>\n\t<meta property=\"og:image:width\" content=\"1590\" \/>\n\t<meta property=\"og:image:height\" content=\"1590\" \/>\n\t<meta property=\"og:image:type\" content=\"image\/jpeg\" \/>\n<meta name=\"twitter:card\" content=\"summary_large_image\" \/>\n<meta name=\"twitter:label1\" content=\"Estimated reading time\" \/>\n\t<meta name=\"twitter:data1\" content=\"1 minute\" \/>\n<script type=\"application\/ld+json\" class=\"yoast-schema-graph\">{\"@context\":\"https:\/\/schema.org\",\"@graph\":[{\"@type\":\"WebPage\",\"@id\":\"https:\/\/frontsite.se\/produkt\/ellersafe-hx205-anti-traumabalte\/\",\"url\":\"https:\/\/frontsite.se\/produkt\/ellersafe-hx205-anti-traumabalte\/\",\"name\":\"ELLERsafe HX205 anti-traumab\u00e4lte - Frontsite\",\"isPartOf\":{\"@id\":\"https:\/\/frontsite.se\/#website\"},\"primaryImageOfPage\":{\"@id\":\"https:\/\/frontsite.se\/produkt\/ellersafe-hx205-anti-traumabalte\/#primaryimage\"},\"image\":{\"@id\":\"https:\/\/frontsite.se\/produkt\/ellersafe-hx205-anti-traumabalte\/#primaryimage\"},\"thumbnailUrl\":\"https:\/\/frontsite.se\/wp-content\/uploads\/2026\/04\/ELSF-SET-ROOF_4.jpg\",\"datePublished\":\"2026-04-22T07:41:04+00:00\",\"dateModified\":\"2026-04-22T07:46:07+00:00\",\"description\":\"ELLERsafe HX205 anti-traumab\u00e4lte Speciellt utformat f\u00f6r att hj\u00e4lpa till att lindra de negativa effekterna av suspensionstrauma Enkelt att f\u00e4sta i selen med hj\u00e4lp av textil\u00f6glan F\u00f6rvaras i ett dragkedjef\u00f6rsett fodral.\",\"breadcrumb\":{\"@id\":\"https:\/\/frontsite.se\/produkt\/ellersafe-hx205-anti-traumabalte\/#breadcrumb\"},\"inLanguage\":\"en-GB\",\"potentialAction\":[{\"@type\":\"ReadAction\",\"target\":[\"https:\/\/frontsite.se\/produkt\/ellersafe-hx205-anti-traumabalte\/\"]}]},{\"@type\":\"ImageObject\",\"inLanguage\":\"en-GB\",\"@id\":\"https:\/\/frontsite.se\/produkt\/ellersafe-hx205-anti-traumabalte\/#primaryimage\",\"url\":\"https:\/\/frontsite.se\/wp-content\/uploads\/2026\/04\/ELSF-SET-ROOF_4.jpg\",\"contentUrl\":\"https:\/\/frontsite.se\/wp-content\/uploads\/2026\/04\/ELSF-SET-ROOF_4.jpg\",\"width\":1590,\"height\":1590,\"caption\":\"ELLERsafe HX205 anti-traumab\u00e4lte\"},{\"@type\":\"BreadcrumbList\",\"@id\":\"https:\/\/frontsite.se\/produkt\/ellersafe-hx205-anti-traumabalte\/#breadcrumb\",\"itemListElement\":[{\"@type\":\"ListItem\",\"position\":1,\"name\":\"Hem\",\"item\":\"https:\/\/frontsite.se\/\"},{\"@type\":\"ListItem\",\"position\":2,\"name\":\"Shop\",\"item\":\"https:\/\/frontsite.lingonbyran.se\/shop\/\"},{\"@type\":\"ListItem\",\"position\":3,\"name\":\"ELLERsafe HX205 anti-traumab\u00e4lte\"}]},{\"@type\":\"WebSite\",\"@id\":\"https:\/\/frontsite.se\/#website\",\"url\":\"https:\/\/frontsite.se\/\",\"name\":\"Frontsite\",\"description\":\"Expert P\u00e5 st\u00e4llningsprodukter och profilering\",\"publisher\":{\"@id\":\"https:\/\/frontsite.se\/#organization\"},\"potentialAction\":[{\"@type\":\"SearchAction\",\"target\":{\"@type\":\"EntryPoint\",\"urlTemplate\":\"https:\/\/frontsite.se\/?s={search_term_string}\"},\"query-input\":{\"@type\":\"PropertyValueSpecification\",\"valueRequired\":true,\"valueName\":\"search_term_string\"}}],\"inLanguage\":\"en-GB\"},{\"@type\":\"Organization\",\"@id\":\"https:\/\/frontsite.se\/#organization\",\"name\":\"Frontsite\",\"url\":\"https:\/\/frontsite.se\/\",\"logo\":{\"@type\":\"ImageObject\",\"inLanguage\":\"en-GB\",\"@id\":\"https:\/\/frontsite.se\/#\/schema\/logo\/image\/\",\"url\":\"https:\/\/frontsite.se\/wp-content\/uploads\/2024\/08\/Logo-Ratt-farg.png\",\"contentUrl\":\"https:\/\/frontsite.se\/wp-content\/uploads\/2024\/08\/Logo-Ratt-farg.png\",\"width\":1004,\"height\":1004,\"caption\":\"Frontsite\"},\"image\":{\"@id\":\"https:\/\/frontsite.se\/#\/schema\/logo\/image\/\"}}]}<\/script>\n<!-- \/ Yoast SEO plugin. -->","yoast_head_json":{"title":"ELLERsafe HX205 anti-traumab\u00e4lte - Frontsite","description":"ELLERsafe HX205 anti-traumab\u00e4lte Speciellt utformat f\u00f6r att hj\u00e4lpa till att lindra de negativa effekterna av suspensionstrauma Enkelt att f\u00e4sta i selen med hj\u00e4lp av textil\u00f6glan F\u00f6rvaras i ett dragkedjef\u00f6rsett fodral.","robots":{"index":"index","follow":"follow","max-snippet":"max-snippet:-1","max-image-preview":"max-image-preview:large","max-video-preview":"max-video-preview:-1"},"canonical":"https:\/\/frontsite.se\/en\/product\/ellersafe-hx205-anti-traumabalte\/","og_locale":"en_GB","og_type":"article","og_title":"ELLERsafe HX205 anti-traumab\u00e4lte - Frontsite","og_description":"ELLERsafe HX205 anti-traumab\u00e4lte Speciellt utformat f\u00f6r att hj\u00e4lpa till att lindra de negativa effekterna av suspensionstrauma Enkelt att f\u00e4sta i selen med hj\u00e4lp av textil\u00f6glan F\u00f6rvaras i ett dragkedjef\u00f6rsett fodral.","og_url":"https:\/\/frontsite.se\/en\/product\/ellersafe-hx205-anti-traumabalte\/","og_site_name":"Frontsite","article_modified_time":"2026-04-22T07:46:07+00:00","og_image":[{"width":1590,"height":1590,"url":"https:\/\/frontsite.se\/wp-content\/uploads\/2026\/04\/ELSF-SET-ROOF_4.jpg","type":"image\/jpeg"}],"twitter_card":"summary_large_image","twitter_misc":{"Estimated reading time":"1 minute"},"schema":{"@context":"https:\/\/schema.org","@graph":[{"@type":"WebPage","@id":"https:\/\/frontsite.se\/produkt\/ellersafe-hx205-anti-traumabalte\/","url":"https:\/\/frontsite.se\/produkt\/ellersafe-hx205-anti-traumabalte\/","name":"ELLERsafe HX205 anti-traumab\u00e4lte - Frontsite","isPartOf":{"@id":"https:\/\/frontsite.se\/#website"},"primaryImageOfPage":{"@id":"https:\/\/frontsite.se\/produkt\/ellersafe-hx205-anti-traumabalte\/#primaryimage"},"image":{"@id":"https:\/\/frontsite.se\/produkt\/ellersafe-hx205-anti-traumabalte\/#primaryimage"},"thumbnailUrl":"https:\/\/frontsite.se\/wp-content\/uploads\/2026\/04\/ELSF-SET-ROOF_4.jpg","datePublished":"2026-04-22T07:41:04+00:00","dateModified":"2026-04-22T07:46:07+00:00","description":"ELLERsafe HX205 anti-traumab\u00e4lte Speciellt utformat f\u00f6r att hj\u00e4lpa till att lindra de negativa effekterna av suspensionstrauma Enkelt att f\u00e4sta i selen med hj\u00e4lp av textil\u00f6glan F\u00f6rvaras i ett dragkedjef\u00f6rsett fodral.","breadcrumb":{"@id":"https:\/\/frontsite.se\/produkt\/ellersafe-hx205-anti-traumabalte\/#breadcrumb"},"inLanguage":"en-GB","potentialAction":[{"@type":"ReadAction","target":["https:\/\/frontsite.se\/produkt\/ellersafe-hx205-anti-traumabalte\/"]}]},{"@type":"ImageObject","inLanguage":"en-GB","@id":"https:\/\/frontsite.se\/produkt\/ellersafe-hx205-anti-traumabalte\/#primaryimage","url":"https:\/\/frontsite.se\/wp-content\/uploads\/2026\/04\/ELSF-SET-ROOF_4.jpg","contentUrl":"https:\/\/frontsite.se\/wp-content\/uploads\/2026\/04\/ELSF-SET-ROOF_4.jpg","width":1590,"height":1590,"caption":"ELLERsafe HX205 anti-traumab\u00e4lte"},{"@type":"BreadcrumbList","@id":"https:\/\/frontsite.se\/produkt\/ellersafe-hx205-anti-traumabalte\/#breadcrumb","itemListElement":[{"@type":"ListItem","position":1,"name":"Hem","item":"https:\/\/frontsite.se\/"},{"@type":"ListItem","position":2,"name":"Shop","item":"https:\/\/frontsite.lingonbyran.se\/shop\/"},{"@type":"ListItem","position":3,"name":"ELLERsafe HX205 anti-traumab\u00e4lte"}]},{"@type":"WebSite","@id":"https:\/\/frontsite.se\/#website","url":"https:\/\/frontsite.se\/","name":"Frontsite","description":"Expert P\u00e5 st\u00e4llningsprodukter och profilering","publisher":{"@id":"https:\/\/frontsite.se\/#organization"},"potentialAction":[{"@type":"SearchAction","target":{"@type":"EntryPoint","urlTemplate":"https:\/\/frontsite.se\/?s={search_term_string}"},"query-input":{"@type":"PropertyValueSpecification","valueRequired":true,"valueName":"search_term_string"}}],"inLanguage":"en-GB"},{"@type":"Organization","@id":"https:\/\/frontsite.se\/#organization","name":"Frontsite","url":"https:\/\/frontsite.se\/","logo":{"@type":"ImageObject","inLanguage":"en-GB","@id":"https:\/\/frontsite.se\/#\/schema\/logo\/image\/","url":"https:\/\/frontsite.se\/wp-content\/uploads\/2024\/08\/Logo-Ratt-farg.png","contentUrl":"https:\/\/frontsite.se\/wp-content\/uploads\/2024\/08\/Logo-Ratt-farg.png","width":1004,"height":1004,"caption":"Frontsite"},"image":{"@id":"https:\/\/frontsite.se\/#\/schema\/logo\/image\/"}}]}},"jetpack_sharing_enabled":true,"_links":{"self":[{"href":"https:\/\/frontsite.se\/en\/wp-json\/wp\/v2\/product\/18135","targetHints":{"allow":["GET"]}}],"collection":[{"href":"https:\/\/frontsite.se\/en\/wp-json\/wp\/v2\/product"}],"about":[{"href":"https:\/\/frontsite.se\/en\/wp-json\/wp\/v2\/types\/product"}],"replies":[{"embeddable":true,"href":"https:\/\/frontsite.se\/en\/wp-json\/wp\/v2\/comments?post=18135"}],"version-history":[{"count":1,"href":"https:\/\/frontsite.se\/en\/wp-json\/wp\/v2\/product\/18135\/revisions"}],"predecessor-version":[{"id":18138,"href":"https:\/\/frontsite.se\/en\/wp-json\/wp\/v2\/product\/18135\/revisions\/18138"}],"wp:featuredmedia":[{"embeddable":true,"href":"https:\/\/frontsite.se\/en\/wp-json\/wp\/v2\/media\/18137"}],"wp:attachment":[{"href":"https:\/\/frontsite.se\/en\/wp-json\/wp\/v2\/media?parent=18135"}],"wp:term":[{"taxonomy":"product_cat","embeddable":true,"href":"https:\/\/frontsite.se\/en\/wp-json\/wp\/v2\/product_cat?post=18135"},{"taxonomy":"product_tag","embeddable":true,"href":"https:\/\/frontsite.se\/en\/wp-json\/wp\/v2\/product_tag?post=18135"}],"curies":[{"name":"wp","href":"https:\/\/api.w.org\/{rel}","templated":true}]}}