{"id":18133,"date":"2026-04-22T07:35:09","date_gmt":"2026-04-22T07:35:09","guid":{"rendered":"https:\/\/frontsite.se\/?post_type=product&#038;p=18133"},"modified":"2026-04-22T07:35:10","modified_gmt":"2026-04-22T07:35:10","slug":"falldamparlina-dubbel-eller-safety-y2m-mgo","status":"publish","type":"product","link":"https:\/\/frontsite.se\/en\/product\/falldamparlina-dubbel-eller-safety-y2m-mgo\/","title":{"rendered":"Falld\u00e4mparlina dubbel Eller Safety Y2m-MGO"},"content":{"rendered":"<p class=\"font-claude-response-body break-words whitespace-normal leading-[1.7]\"><strong>ELLERsafe FAE-Y dubbel elastisk falld\u00e4mparline \u2013 EASYhook och 2x MGO<\/strong><\/p>\n<p class=\"font-claude-response-body break-words whitespace-normal leading-[1.7]\">Dubbel elastisk falld\u00e4mparline av 28 mm polyesterband, utrustad med en EASYhook och tv\u00e5 MGO-st\u00e4llningskrokar.<\/p>\n<p class=\"font-claude-response-body break-words whitespace-normal leading-[1.7]\">Den elastiska konstruktionen g\u00f6r att linan l\u00f6per mindre risk att hamna i v\u00e4gen. Detta minskar snubbelrisken och ger ett behagligare arbete j\u00e4mf\u00f6rt med en icke-elastisk lina. Anv\u00e4ndarsidan \u00e4r utrustad med en st\u00f6td\u00e4mpare av 48 mm polyesterband med ett dragkedjef\u00f6rsett skyddsfodral f\u00f6r enkel inspektion och skydd av d\u00e4mparen.<\/p>\n<p class=\"font-claude-response-body break-words whitespace-normal leading-[1.7]\">Denna dubbelvariant underl\u00e4ttar f\u00f6rflyttning mellan flera ankarpunkter d\u00e4r anv\u00e4ndaren alltid \u00e4r s\u00e4krad till minst en punkt.<\/p>\n<p class=\"font-claude-response-body break-words whitespace-normal leading-[1.7]\"><strong>Ytterligare information<\/strong><\/p>\n<p class=\"font-claude-response-body break-words whitespace-normal leading-[1.7]\">Falld\u00e4mparlinan \u00e4r en komponent i personligt fallskydd som skyddar mot fall fr\u00e5n h\u00f6jd, i enlighet med standarden EN355. Anslutnings- och d\u00e4mpningskomponenten, best\u00e5ende av en d\u00e4mpare med lina enligt EN355, kopplad till sele enligt EN361 och ansluten till en punkt p\u00e5 en fast konstruktion enligt EN795, utg\u00f6r anv\u00e4ndarens fullst\u00e4ndiga grundskydd mot fall fr\u00e5n h\u00f6jd.<\/p>\n<p class=\"font-claude-response-body break-words whitespace-normal leading-[1.7]\">Linan \u00e4r konstruerad f\u00f6r att skydda en person med en maxvikt p\u00e5 120 kg.<\/p>\n<p class=\"font-claude-response-body break-words whitespace-normal leading-[1.7]\">Vid anv\u00e4ndning av falld\u00e4mparline rekommenderas alltid anv\u00e4ndning av ett HX205-traumab\u00e4lte.<\/p>","protected":false},"excerpt":{"rendered":"<p class=\"font-claude-response-body break-words whitespace-normal leading-[1.7]\"><strong>ELLERsafe FAE-Y dubbel elastisk falld\u00e4mparline \u2013 EASY-MGO<\/strong><\/p>\n<ul class=\"[li_&amp;]:mb-0 [li_&amp;]:mt-1 [li_&amp;]:gap-1 [&amp;:not(:last-child)_ul]:pb-1 [&amp;:not(:last-child)_ol]:pb-1 list-disc flex flex-col gap-1 pl-8 mb-3\">\n<li class=\"whitespace-normal break-words pl-2\">St\u00f6td\u00e4mpare av 44 mm polyesterband<\/li>\n<li class=\"whitespace-normal break-words pl-2\">Dragkedjef\u00f6rsett skyddsfodral<\/li>\n<li class=\"whitespace-normal break-words pl-2\">28 mm elastiskt polyesterband<\/li>\n<li class=\"whitespace-normal break-words pl-2\">Aluminiums EASYhook med TRILOCK<\/li>\n<li class=\"whitespace-normal break-words pl-2\">2x aluminium MGO<\/li>\n<li class=\"whitespace-normal break-words pl-2\">2 m l\u00e4ngd<\/li>\n<li class=\"whitespace-normal break-words pl-2\">Max. anv\u00e4ndarvikt 120 kg<\/li>\n<li class=\"whitespace-normal break-words pl-2\">EN355<\/li>\n<\/ul>","protected":false},"featured_media":18126,"comment_status":"open","ping_status":"closed","template":"","meta":[],"product_cat":[178,109],"product_tag":[],"class_list":{"0":"post-18133","1":"product","2":"type-product","3":"status-publish","4":"has-post-thumbnail","6":"product_cat-fallskyddsutrustning","7":"product_cat-personligt-skydd","9":"first","10":"instock","11":"taxable","12":"shipping-taxable","13":"purchasable","14":"product-type-simple"},"yoast_head":"<!-- This site is optimized with the Yoast SEO plugin v24.1 - https:\/\/yoast.com\/wordpress\/plugins\/seo\/ -->\n<title>Falld\u00e4mparlina dubbel Eller Safety Y2m-MGO - Frontsite<\/title>\n<meta name=\"robots\" content=\"index, follow, max-snippet:-1, max-image-preview:large, max-video-preview:-1\" \/>\n<link rel=\"canonical\" href=\"https:\/\/frontsite.se\/en\/product\/falldamparlina-dubbel-eller-safety-y2m-mgo\/\" \/>\n<meta property=\"og:locale\" content=\"en_GB\" \/>\n<meta property=\"og:type\" content=\"article\" \/>\n<meta property=\"og:title\" content=\"Falld\u00e4mparlina dubbel Eller Safety Y2m-MGO - Frontsite\" \/>\n<meta property=\"og:description\" content=\"ELLERsafe FAE-Y dubbel elastisk falld\u00e4mparline \u2013 EASY-MGO    St\u00f6td\u00e4mpare av 44 mm polyesterband  Dragkedjef\u00f6rsett skyddsfodral  28 mm elastiskt polyesterband  Aluminiums EASYhook med TRILOCK  2x aluminium MGO  2 m l\u00e4ngd  Max. anv\u00e4ndarvikt 120 kg  EN355\" \/>\n<meta property=\"og:url\" content=\"https:\/\/frontsite.se\/en\/product\/falldamparlina-dubbel-eller-safety-y2m-mgo\/\" \/>\n<meta property=\"og:site_name\" content=\"Frontsite\" \/>\n<meta property=\"article:modified_time\" content=\"2026-04-22T07:35:10+00:00\" \/>\n<meta property=\"og:image\" content=\"https:\/\/frontsite.se\/wp-content\/uploads\/2026\/04\/ELSF-FAE-Y_2.jpg\" \/>\n\t<meta property=\"og:image:width\" content=\"900\" \/>\n\t<meta property=\"og:image:height\" content=\"900\" \/>\n\t<meta property=\"og:image:type\" content=\"image\/jpeg\" \/>\n<meta name=\"twitter:card\" content=\"summary_large_image\" \/>\n<meta name=\"twitter:label1\" content=\"Estimated reading time\" \/>\n\t<meta name=\"twitter:data1\" content=\"2 minutes\" \/>\n<script type=\"application\/ld+json\" class=\"yoast-schema-graph\">{\"@context\":\"https:\/\/schema.org\",\"@graph\":[{\"@type\":\"WebPage\",\"@id\":\"https:\/\/frontsite.se\/produkt\/falldamparlina-dubbel-eller-safety-y2m-mgo\/\",\"url\":\"https:\/\/frontsite.se\/produkt\/falldamparlina-dubbel-eller-safety-y2m-mgo\/\",\"name\":\"Falld\u00e4mparlina dubbel Eller Safety Y2m-MGO - Frontsite\",\"isPartOf\":{\"@id\":\"https:\/\/frontsite.se\/#website\"},\"primaryImageOfPage\":{\"@id\":\"https:\/\/frontsite.se\/produkt\/falldamparlina-dubbel-eller-safety-y2m-mgo\/#primaryimage\"},\"image\":{\"@id\":\"https:\/\/frontsite.se\/produkt\/falldamparlina-dubbel-eller-safety-y2m-mgo\/#primaryimage\"},\"thumbnailUrl\":\"https:\/\/frontsite.se\/wp-content\/uploads\/2026\/04\/ELSF-FAE-Y_2.jpg\",\"datePublished\":\"2026-04-22T07:35:09+00:00\",\"dateModified\":\"2026-04-22T07:35:10+00:00\",\"breadcrumb\":{\"@id\":\"https:\/\/frontsite.se\/produkt\/falldamparlina-dubbel-eller-safety-y2m-mgo\/#breadcrumb\"},\"inLanguage\":\"en-GB\",\"potentialAction\":[{\"@type\":\"ReadAction\",\"target\":[\"https:\/\/frontsite.se\/produkt\/falldamparlina-dubbel-eller-safety-y2m-mgo\/\"]}]},{\"@type\":\"ImageObject\",\"inLanguage\":\"en-GB\",\"@id\":\"https:\/\/frontsite.se\/produkt\/falldamparlina-dubbel-eller-safety-y2m-mgo\/#primaryimage\",\"url\":\"https:\/\/frontsite.se\/wp-content\/uploads\/2026\/04\/ELSF-FAE-Y_2.jpg\",\"contentUrl\":\"https:\/\/frontsite.se\/wp-content\/uploads\/2026\/04\/ELSF-FAE-Y_2.jpg\",\"width\":900,\"height\":900},{\"@type\":\"BreadcrumbList\",\"@id\":\"https:\/\/frontsite.se\/produkt\/falldamparlina-dubbel-eller-safety-y2m-mgo\/#breadcrumb\",\"itemListElement\":[{\"@type\":\"ListItem\",\"position\":1,\"name\":\"Hem\",\"item\":\"https:\/\/frontsite.se\/\"},{\"@type\":\"ListItem\",\"position\":2,\"name\":\"Shop\",\"item\":\"https:\/\/frontsite.lingonbyran.se\/shop\/\"},{\"@type\":\"ListItem\",\"position\":3,\"name\":\"Falld\u00e4mparlina dubbel Eller Safety Y2m-MGO\"}]},{\"@type\":\"WebSite\",\"@id\":\"https:\/\/frontsite.se\/#website\",\"url\":\"https:\/\/frontsite.se\/\",\"name\":\"Frontsite\",\"description\":\"Expert P\u00e5 st\u00e4llningsprodukter och profilering\",\"publisher\":{\"@id\":\"https:\/\/frontsite.se\/#organization\"},\"potentialAction\":[{\"@type\":\"SearchAction\",\"target\":{\"@type\":\"EntryPoint\",\"urlTemplate\":\"https:\/\/frontsite.se\/?s={search_term_string}\"},\"query-input\":{\"@type\":\"PropertyValueSpecification\",\"valueRequired\":true,\"valueName\":\"search_term_string\"}}],\"inLanguage\":\"en-GB\"},{\"@type\":\"Organization\",\"@id\":\"https:\/\/frontsite.se\/#organization\",\"name\":\"Frontsite\",\"url\":\"https:\/\/frontsite.se\/\",\"logo\":{\"@type\":\"ImageObject\",\"inLanguage\":\"en-GB\",\"@id\":\"https:\/\/frontsite.se\/#\/schema\/logo\/image\/\",\"url\":\"https:\/\/frontsite.se\/wp-content\/uploads\/2024\/08\/Logo-Ratt-farg.png\",\"contentUrl\":\"https:\/\/frontsite.se\/wp-content\/uploads\/2024\/08\/Logo-Ratt-farg.png\",\"width\":1004,\"height\":1004,\"caption\":\"Frontsite\"},\"image\":{\"@id\":\"https:\/\/frontsite.se\/#\/schema\/logo\/image\/\"}}]}<\/script>\n<!-- \/ Yoast SEO plugin. -->","yoast_head_json":{"title":"Falld\u00e4mparlina dubbel Eller Safety Y2m-MGO - Frontsite","robots":{"index":"index","follow":"follow","max-snippet":"max-snippet:-1","max-image-preview":"max-image-preview:large","max-video-preview":"max-video-preview:-1"},"canonical":"https:\/\/frontsite.se\/en\/product\/falldamparlina-dubbel-eller-safety-y2m-mgo\/","og_locale":"en_GB","og_type":"article","og_title":"Falld\u00e4mparlina dubbel Eller Safety Y2m-MGO - Frontsite","og_description":"ELLERsafe FAE-Y dubbel elastisk falld\u00e4mparline \u2013 EASY-MGO    St\u00f6td\u00e4mpare av 44 mm polyesterband  Dragkedjef\u00f6rsett skyddsfodral  28 mm elastiskt polyesterband  Aluminiums EASYhook med TRILOCK  2x aluminium MGO  2 m l\u00e4ngd  Max. anv\u00e4ndarvikt 120 kg  EN355","og_url":"https:\/\/frontsite.se\/en\/product\/falldamparlina-dubbel-eller-safety-y2m-mgo\/","og_site_name":"Frontsite","article_modified_time":"2026-04-22T07:35:10+00:00","og_image":[{"width":900,"height":900,"url":"https:\/\/frontsite.se\/wp-content\/uploads\/2026\/04\/ELSF-FAE-Y_2.jpg","type":"image\/jpeg"}],"twitter_card":"summary_large_image","twitter_misc":{"Estimated reading time":"2 minutes"},"schema":{"@context":"https:\/\/schema.org","@graph":[{"@type":"WebPage","@id":"https:\/\/frontsite.se\/produkt\/falldamparlina-dubbel-eller-safety-y2m-mgo\/","url":"https:\/\/frontsite.se\/produkt\/falldamparlina-dubbel-eller-safety-y2m-mgo\/","name":"Falld\u00e4mparlina dubbel Eller Safety Y2m-MGO - Frontsite","isPartOf":{"@id":"https:\/\/frontsite.se\/#website"},"primaryImageOfPage":{"@id":"https:\/\/frontsite.se\/produkt\/falldamparlina-dubbel-eller-safety-y2m-mgo\/#primaryimage"},"image":{"@id":"https:\/\/frontsite.se\/produkt\/falldamparlina-dubbel-eller-safety-y2m-mgo\/#primaryimage"},"thumbnailUrl":"https:\/\/frontsite.se\/wp-content\/uploads\/2026\/04\/ELSF-FAE-Y_2.jpg","datePublished":"2026-04-22T07:35:09+00:00","dateModified":"2026-04-22T07:35:10+00:00","breadcrumb":{"@id":"https:\/\/frontsite.se\/produkt\/falldamparlina-dubbel-eller-safety-y2m-mgo\/#breadcrumb"},"inLanguage":"en-GB","potentialAction":[{"@type":"ReadAction","target":["https:\/\/frontsite.se\/produkt\/falldamparlina-dubbel-eller-safety-y2m-mgo\/"]}]},{"@type":"ImageObject","inLanguage":"en-GB","@id":"https:\/\/frontsite.se\/produkt\/falldamparlina-dubbel-eller-safety-y2m-mgo\/#primaryimage","url":"https:\/\/frontsite.se\/wp-content\/uploads\/2026\/04\/ELSF-FAE-Y_2.jpg","contentUrl":"https:\/\/frontsite.se\/wp-content\/uploads\/2026\/04\/ELSF-FAE-Y_2.jpg","width":900,"height":900},{"@type":"BreadcrumbList","@id":"https:\/\/frontsite.se\/produkt\/falldamparlina-dubbel-eller-safety-y2m-mgo\/#breadcrumb","itemListElement":[{"@type":"ListItem","position":1,"name":"Hem","item":"https:\/\/frontsite.se\/"},{"@type":"ListItem","position":2,"name":"Shop","item":"https:\/\/frontsite.lingonbyran.se\/shop\/"},{"@type":"ListItem","position":3,"name":"Falld\u00e4mparlina dubbel Eller Safety Y2m-MGO"}]},{"@type":"WebSite","@id":"https:\/\/frontsite.se\/#website","url":"https:\/\/frontsite.se\/","name":"Frontsite","description":"Expert P\u00e5 st\u00e4llningsprodukter och profilering","publisher":{"@id":"https:\/\/frontsite.se\/#organization"},"potentialAction":[{"@type":"SearchAction","target":{"@type":"EntryPoint","urlTemplate":"https:\/\/frontsite.se\/?s={search_term_string}"},"query-input":{"@type":"PropertyValueSpecification","valueRequired":true,"valueName":"search_term_string"}}],"inLanguage":"en-GB"},{"@type":"Organization","@id":"https:\/\/frontsite.se\/#organization","name":"Frontsite","url":"https:\/\/frontsite.se\/","logo":{"@type":"ImageObject","inLanguage":"en-GB","@id":"https:\/\/frontsite.se\/#\/schema\/logo\/image\/","url":"https:\/\/frontsite.se\/wp-content\/uploads\/2024\/08\/Logo-Ratt-farg.png","contentUrl":"https:\/\/frontsite.se\/wp-content\/uploads\/2024\/08\/Logo-Ratt-farg.png","width":1004,"height":1004,"caption":"Frontsite"},"image":{"@id":"https:\/\/frontsite.se\/#\/schema\/logo\/image\/"}}]}},"jetpack_sharing_enabled":true,"_links":{"self":[{"href":"https:\/\/frontsite.se\/en\/wp-json\/wp\/v2\/product\/18133","targetHints":{"allow":["GET"]}}],"collection":[{"href":"https:\/\/frontsite.se\/en\/wp-json\/wp\/v2\/product"}],"about":[{"href":"https:\/\/frontsite.se\/en\/wp-json\/wp\/v2\/types\/product"}],"replies":[{"embeddable":true,"href":"https:\/\/frontsite.se\/en\/wp-json\/wp\/v2\/comments?post=18133"}],"version-history":[{"count":2,"href":"https:\/\/frontsite.se\/en\/wp-json\/wp\/v2\/product\/18133\/revisions"}],"predecessor-version":[{"id":18136,"href":"https:\/\/frontsite.se\/en\/wp-json\/wp\/v2\/product\/18133\/revisions\/18136"}],"wp:featuredmedia":[{"embeddable":true,"href":"https:\/\/frontsite.se\/en\/wp-json\/wp\/v2\/media\/18126"}],"wp:attachment":[{"href":"https:\/\/frontsite.se\/en\/wp-json\/wp\/v2\/media?parent=18133"}],"wp:term":[{"taxonomy":"product_cat","embeddable":true,"href":"https:\/\/frontsite.se\/en\/wp-json\/wp\/v2\/product_cat?post=18133"},{"taxonomy":"product_tag","embeddable":true,"href":"https:\/\/frontsite.se\/en\/wp-json\/wp\/v2\/product_tag?post=18133"}],"curies":[{"name":"wp","href":"https:\/\/api.w.org\/{rel}","templated":true}]}}