{"id":18121,"date":"2026-04-22T07:24:04","date_gmt":"2026-04-22T07:24:04","guid":{"rendered":"https:\/\/frontsite.se\/?post_type=product&#038;p=18121"},"modified":"2026-04-22T07:27:32","modified_gmt":"2026-04-22T07:27:32","slug":"ellersafe-h210-pro","status":"publish","type":"product","link":"https:\/\/frontsite.se\/en\/product\/ellersafe-h210-pro\/","title":{"rendered":"Fallskyddssele ELLERsafe H210 PRO"},"content":{"rendered":"<p>ELLERsafe H210 PRO \u00e4r ett universellt fallskyddssele konstruerat f\u00f6r professionellt arbete p\u00e5 h\u00f6jd. Med ett sternalt aluminiumsring och ett dorsalt D-ring i aluminium erbjuder selet tv\u00e5 integrerade f\u00e4stpunkter f\u00f6r s\u00e4ker f\u00f6rankring oavsett arbetsuppgift.<\/p>\n<p>Fyra justerbara st\u00e5lsp\u00e4nnen kombineras med tre automatsp\u00e4nnen p\u00e5 benen och br\u00f6stet, vilket g\u00f6r anpassningen snabb och passformen exakt. Elastiska och plastbaserade krokh\u00e5llare s\u00e4kerst\u00e4ller att remmarna sitter p\u00e5 plats under hela arbetsdagen.<\/p>\n<p>EVA-material p\u00e5 axlar och ben d\u00e4mpar trycket och h\u00e5ller komforten uppe fr\u00e5n f\u00f6rsta minuten till sista. Tv\u00e5 verktygsloopar (max 2 kg styck) g\u00f6r att du alltid har r\u00e4tt verktyg inom r\u00e4ckhands. Certifierat enligt EN 361. Finns i storlekarna M\u2013XL och XXL.<\/p>","protected":false},"excerpt":{"rendered":"<p data-start=\"\" data-end=\"\"><strong data-start=\"\" data-end=\"\">ELLERsafe H210 PRO harness<\/strong><\/p>\n<ul>\n<li>2 attachment points for fall arrest<\/li>\n<li>1 sternal aluminium ring<\/li>\n<li>1 dorsal aluminium D-ring<\/li>\n<li>4 pcs steel adjustable buckles.<\/li>\n<li>3 pcs automatic steel buckles on the leg loops and chest<\/li>\n<li>2 pcs equipment loops for hang tools, 2 kg maximum load capacity per loop<\/li>\n<li>Comfortable EVA material shoulder and leg padding<\/li>\n<li>EN361<\/li>\n<li>In size M-XL and XXL<\/li>\n<\/ul>","protected":false},"featured_media":18122,"comment_status":"open","ping_status":"closed","template":"","meta":[],"product_cat":[178,109],"product_tag":[],"class_list":{"0":"post-18121","1":"product","2":"type-product","3":"status-publish","4":"has-post-thumbnail","6":"product_cat-fallskyddsutrustning","7":"product_cat-personligt-skydd","9":"first","10":"instock","11":"taxable","12":"shipping-taxable","13":"purchasable","14":"product-type-simple"},"yoast_head":"<!-- This site is optimized with the Yoast SEO plugin v24.1 - https:\/\/yoast.com\/wordpress\/plugins\/seo\/ -->\n<title>Fallskyddssele ELLERsafe H210 PRO - Frontsite<\/title>\n<meta name=\"description\" content=\"ELLERsafe H210 PRO fallskyddssele. Fyra justerbara st\u00e5lsp\u00e4nnen kombineras med tre automatsp\u00e4nnen p\u00e5 benen och br\u00f6stet\" \/>\n<meta name=\"robots\" content=\"index, follow, max-snippet:-1, max-image-preview:large, max-video-preview:-1\" \/>\n<link rel=\"canonical\" href=\"https:\/\/frontsite.se\/en\/product\/ellersafe-h210-pro\/\" \/>\n<meta property=\"og:locale\" content=\"en_GB\" \/>\n<meta property=\"og:type\" content=\"article\" \/>\n<meta property=\"og:title\" content=\"Fallskyddssele ELLERsafe H210 PRO - Frontsite\" \/>\n<meta property=\"og:description\" content=\"ELLERsafe H210 PRO fallskyddssele. Fyra justerbara st\u00e5lsp\u00e4nnen kombineras med tre automatsp\u00e4nnen p\u00e5 benen och br\u00f6stet\" \/>\n<meta property=\"og:url\" content=\"https:\/\/frontsite.se\/en\/product\/ellersafe-h210-pro\/\" \/>\n<meta property=\"og:site_name\" content=\"Frontsite\" \/>\n<meta property=\"article:modified_time\" content=\"2026-04-22T07:27:32+00:00\" \/>\n<meta property=\"og:image\" content=\"https:\/\/frontsite.se\/wp-content\/uploads\/2026\/04\/ELLERsafe-H210-PRO-harness-front.jpg\" \/>\n\t<meta property=\"og:image:width\" content=\"892\" \/>\n\t<meta property=\"og:image:height\" content=\"892\" \/>\n\t<meta property=\"og:image:type\" content=\"image\/jpeg\" \/>\n<meta name=\"twitter:card\" content=\"summary_large_image\" \/>\n<meta name=\"twitter:label1\" content=\"Estimated reading time\" \/>\n\t<meta name=\"twitter:data1\" content=\"1 minute\" \/>\n<script type=\"application\/ld+json\" class=\"yoast-schema-graph\">{\"@context\":\"https:\/\/schema.org\",\"@graph\":[{\"@type\":\"WebPage\",\"@id\":\"https:\/\/frontsite.se\/produkt\/ellersafe-h210-pro\/\",\"url\":\"https:\/\/frontsite.se\/produkt\/ellersafe-h210-pro\/\",\"name\":\"Fallskyddssele ELLERsafe H210 PRO - Frontsite\",\"isPartOf\":{\"@id\":\"https:\/\/frontsite.se\/#website\"},\"primaryImageOfPage\":{\"@id\":\"https:\/\/frontsite.se\/produkt\/ellersafe-h210-pro\/#primaryimage\"},\"image\":{\"@id\":\"https:\/\/frontsite.se\/produkt\/ellersafe-h210-pro\/#primaryimage\"},\"thumbnailUrl\":\"https:\/\/frontsite.se\/wp-content\/uploads\/2026\/04\/ELLERsafe-H210-PRO-harness-front.jpg\",\"datePublished\":\"2026-04-22T07:24:04+00:00\",\"dateModified\":\"2026-04-22T07:27:32+00:00\",\"description\":\"ELLERsafe H210 PRO fallskyddssele. Fyra justerbara st\u00e5lsp\u00e4nnen kombineras med tre automatsp\u00e4nnen p\u00e5 benen och br\u00f6stet\",\"breadcrumb\":{\"@id\":\"https:\/\/frontsite.se\/produkt\/ellersafe-h210-pro\/#breadcrumb\"},\"inLanguage\":\"en-GB\",\"potentialAction\":[{\"@type\":\"ReadAction\",\"target\":[\"https:\/\/frontsite.se\/produkt\/ellersafe-h210-pro\/\"]}]},{\"@type\":\"ImageObject\",\"inLanguage\":\"en-GB\",\"@id\":\"https:\/\/frontsite.se\/produkt\/ellersafe-h210-pro\/#primaryimage\",\"url\":\"https:\/\/frontsite.se\/wp-content\/uploads\/2026\/04\/ELLERsafe-H210-PRO-harness-front.jpg\",\"contentUrl\":\"https:\/\/frontsite.se\/wp-content\/uploads\/2026\/04\/ELLERsafe-H210-PRO-harness-front.jpg\",\"width\":892,\"height\":892,\"caption\":\"ELLERsafe H210 PRO harness front\"},{\"@type\":\"BreadcrumbList\",\"@id\":\"https:\/\/frontsite.se\/produkt\/ellersafe-h210-pro\/#breadcrumb\",\"itemListElement\":[{\"@type\":\"ListItem\",\"position\":1,\"name\":\"Hem\",\"item\":\"https:\/\/frontsite.se\/\"},{\"@type\":\"ListItem\",\"position\":2,\"name\":\"Shop\",\"item\":\"https:\/\/frontsite.lingonbyran.se\/shop\/\"},{\"@type\":\"ListItem\",\"position\":3,\"name\":\"Fallskyddssele ELLERsafe H210 PRO\"}]},{\"@type\":\"WebSite\",\"@id\":\"https:\/\/frontsite.se\/#website\",\"url\":\"https:\/\/frontsite.se\/\",\"name\":\"Frontsite\",\"description\":\"Expert P\u00e5 st\u00e4llningsprodukter och profilering\",\"publisher\":{\"@id\":\"https:\/\/frontsite.se\/#organization\"},\"potentialAction\":[{\"@type\":\"SearchAction\",\"target\":{\"@type\":\"EntryPoint\",\"urlTemplate\":\"https:\/\/frontsite.se\/?s={search_term_string}\"},\"query-input\":{\"@type\":\"PropertyValueSpecification\",\"valueRequired\":true,\"valueName\":\"search_term_string\"}}],\"inLanguage\":\"en-GB\"},{\"@type\":\"Organization\",\"@id\":\"https:\/\/frontsite.se\/#organization\",\"name\":\"Frontsite\",\"url\":\"https:\/\/frontsite.se\/\",\"logo\":{\"@type\":\"ImageObject\",\"inLanguage\":\"en-GB\",\"@id\":\"https:\/\/frontsite.se\/#\/schema\/logo\/image\/\",\"url\":\"https:\/\/frontsite.se\/wp-content\/uploads\/2024\/08\/Logo-Ratt-farg.png\",\"contentUrl\":\"https:\/\/frontsite.se\/wp-content\/uploads\/2024\/08\/Logo-Ratt-farg.png\",\"width\":1004,\"height\":1004,\"caption\":\"Frontsite\"},\"image\":{\"@id\":\"https:\/\/frontsite.se\/#\/schema\/logo\/image\/\"}}]}<\/script>\n<!-- \/ Yoast SEO plugin. -->","yoast_head_json":{"title":"Fallskyddssele ELLERsafe H210 PRO - Frontsite","description":"ELLERsafe H210 PRO fallskyddssele. Fyra justerbara st\u00e5lsp\u00e4nnen kombineras med tre automatsp\u00e4nnen p\u00e5 benen och br\u00f6stet","robots":{"index":"index","follow":"follow","max-snippet":"max-snippet:-1","max-image-preview":"max-image-preview:large","max-video-preview":"max-video-preview:-1"},"canonical":"https:\/\/frontsite.se\/en\/product\/ellersafe-h210-pro\/","og_locale":"en_GB","og_type":"article","og_title":"Fallskyddssele ELLERsafe H210 PRO - Frontsite","og_description":"ELLERsafe H210 PRO fallskyddssele. Fyra justerbara st\u00e5lsp\u00e4nnen kombineras med tre automatsp\u00e4nnen p\u00e5 benen och br\u00f6stet","og_url":"https:\/\/frontsite.se\/en\/product\/ellersafe-h210-pro\/","og_site_name":"Frontsite","article_modified_time":"2026-04-22T07:27:32+00:00","og_image":[{"width":892,"height":892,"url":"https:\/\/frontsite.se\/wp-content\/uploads\/2026\/04\/ELLERsafe-H210-PRO-harness-front.jpg","type":"image\/jpeg"}],"twitter_card":"summary_large_image","twitter_misc":{"Estimated reading time":"1 minute"},"schema":{"@context":"https:\/\/schema.org","@graph":[{"@type":"WebPage","@id":"https:\/\/frontsite.se\/produkt\/ellersafe-h210-pro\/","url":"https:\/\/frontsite.se\/produkt\/ellersafe-h210-pro\/","name":"Fallskyddssele ELLERsafe H210 PRO - Frontsite","isPartOf":{"@id":"https:\/\/frontsite.se\/#website"},"primaryImageOfPage":{"@id":"https:\/\/frontsite.se\/produkt\/ellersafe-h210-pro\/#primaryimage"},"image":{"@id":"https:\/\/frontsite.se\/produkt\/ellersafe-h210-pro\/#primaryimage"},"thumbnailUrl":"https:\/\/frontsite.se\/wp-content\/uploads\/2026\/04\/ELLERsafe-H210-PRO-harness-front.jpg","datePublished":"2026-04-22T07:24:04+00:00","dateModified":"2026-04-22T07:27:32+00:00","description":"ELLERsafe H210 PRO fallskyddssele. Fyra justerbara st\u00e5lsp\u00e4nnen kombineras med tre automatsp\u00e4nnen p\u00e5 benen och br\u00f6stet","breadcrumb":{"@id":"https:\/\/frontsite.se\/produkt\/ellersafe-h210-pro\/#breadcrumb"},"inLanguage":"en-GB","potentialAction":[{"@type":"ReadAction","target":["https:\/\/frontsite.se\/produkt\/ellersafe-h210-pro\/"]}]},{"@type":"ImageObject","inLanguage":"en-GB","@id":"https:\/\/frontsite.se\/produkt\/ellersafe-h210-pro\/#primaryimage","url":"https:\/\/frontsite.se\/wp-content\/uploads\/2026\/04\/ELLERsafe-H210-PRO-harness-front.jpg","contentUrl":"https:\/\/frontsite.se\/wp-content\/uploads\/2026\/04\/ELLERsafe-H210-PRO-harness-front.jpg","width":892,"height":892,"caption":"ELLERsafe H210 PRO harness front"},{"@type":"BreadcrumbList","@id":"https:\/\/frontsite.se\/produkt\/ellersafe-h210-pro\/#breadcrumb","itemListElement":[{"@type":"ListItem","position":1,"name":"Hem","item":"https:\/\/frontsite.se\/"},{"@type":"ListItem","position":2,"name":"Shop","item":"https:\/\/frontsite.lingonbyran.se\/shop\/"},{"@type":"ListItem","position":3,"name":"Fallskyddssele ELLERsafe H210 PRO"}]},{"@type":"WebSite","@id":"https:\/\/frontsite.se\/#website","url":"https:\/\/frontsite.se\/","name":"Frontsite","description":"Expert P\u00e5 st\u00e4llningsprodukter och profilering","publisher":{"@id":"https:\/\/frontsite.se\/#organization"},"potentialAction":[{"@type":"SearchAction","target":{"@type":"EntryPoint","urlTemplate":"https:\/\/frontsite.se\/?s={search_term_string}"},"query-input":{"@type":"PropertyValueSpecification","valueRequired":true,"valueName":"search_term_string"}}],"inLanguage":"en-GB"},{"@type":"Organization","@id":"https:\/\/frontsite.se\/#organization","name":"Frontsite","url":"https:\/\/frontsite.se\/","logo":{"@type":"ImageObject","inLanguage":"en-GB","@id":"https:\/\/frontsite.se\/#\/schema\/logo\/image\/","url":"https:\/\/frontsite.se\/wp-content\/uploads\/2024\/08\/Logo-Ratt-farg.png","contentUrl":"https:\/\/frontsite.se\/wp-content\/uploads\/2024\/08\/Logo-Ratt-farg.png","width":1004,"height":1004,"caption":"Frontsite"},"image":{"@id":"https:\/\/frontsite.se\/#\/schema\/logo\/image\/"}}]}},"jetpack_sharing_enabled":true,"_links":{"self":[{"href":"https:\/\/frontsite.se\/en\/wp-json\/wp\/v2\/product\/18121","targetHints":{"allow":["GET"]}}],"collection":[{"href":"https:\/\/frontsite.se\/en\/wp-json\/wp\/v2\/product"}],"about":[{"href":"https:\/\/frontsite.se\/en\/wp-json\/wp\/v2\/types\/product"}],"replies":[{"embeddable":true,"href":"https:\/\/frontsite.se\/en\/wp-json\/wp\/v2\/comments?post=18121"}],"version-history":[{"count":3,"href":"https:\/\/frontsite.se\/en\/wp-json\/wp\/v2\/product\/18121\/revisions"}],"predecessor-version":[{"id":18132,"href":"https:\/\/frontsite.se\/en\/wp-json\/wp\/v2\/product\/18121\/revisions\/18132"}],"wp:featuredmedia":[{"embeddable":true,"href":"https:\/\/frontsite.se\/en\/wp-json\/wp\/v2\/media\/18122"}],"wp:attachment":[{"href":"https:\/\/frontsite.se\/en\/wp-json\/wp\/v2\/media?parent=18121"}],"wp:term":[{"taxonomy":"product_cat","embeddable":true,"href":"https:\/\/frontsite.se\/en\/wp-json\/wp\/v2\/product_cat?post=18121"},{"taxonomy":"product_tag","embeddable":true,"href":"https:\/\/frontsite.se\/en\/wp-json\/wp\/v2\/product_tag?post=18121"}],"curies":[{"name":"wp","href":"https:\/\/api.w.org\/{rel}","templated":true}]}}