{"id":17775,"date":"2025-09-09T12:51:55","date_gmt":"2025-09-09T12:51:55","guid":{"rendered":"https:\/\/frontsite.se\/?post_type=product&#038;p=17775"},"modified":"2026-04-22T05:54:01","modified_gmt":"2026-04-22T05:54:01","slug":"underlagg-bottenskruv","status":"publish","type":"product","link":"https:\/\/frontsite.se\/en\/product\/underlagg-bottenskruv\/","title":{"rendered":"Base for adjustable foot\/bottom screw Premium"},"content":{"rendered":"<h3 data-start=\"74\" data-end=\"112\">Underl\u00e4gg till byggnadsst\u00e4llning<\/h3>\n<p data-start=\"113\" data-end=\"374\">Stabilt och slitstarkt underl\u00e4gg som f\u00f6rdelar belastningen och skyddar underlaget. Den smarta neds\u00e4nkningen i mitten g\u00f6r att bottenskruven alltid hamnar centrerat \u2013 f\u00f6r extra s\u00e4kerhet och stabilitet. Passar alla typer av underlag och klarar h\u00f6ga belastningar.<\/p>","protected":false},"excerpt":{"rendered":"<h3 data-start=\"76\" data-end=\"113\">Underl\u00e4gg f\u00f6r byggnadsst\u00e4llning<\/h3>\n<p data-start=\"115\" data-end=\"353\">V\u00e5ra underl\u00e4gg \u00e4r framtagna f\u00f6r att skapa en s\u00e4ker, stabil och h\u00e5llbar grund f\u00f6r byggnadsst\u00e4llningar p\u00e5 alla typer av underlag. De f\u00f6rdelar belastningen j\u00e4mnt och minskar risken f\u00f6r att st\u00e4llningen sjunker, glider eller skadar markytan.<\/p>\n<p data-start=\"355\" data-end=\"372\"><strong data-start=\"355\" data-end=\"370\">Egenskaper:<\/strong><\/p>\n<ul data-start=\"373\" data-end=\"701\">\n<li data-start=\"373\" data-end=\"431\">\n<p data-start=\"375\" data-end=\"431\">Robust och v\u00e4derbest\u00e4ndigt material f\u00f6r l\u00e5ng livsl\u00e4ngd<\/p>\n<\/li>\n<li data-start=\"432\" data-end=\"506\">\n<p data-start=\"434\" data-end=\"506\">Neds\u00e4nkning i mitten som g\u00f6r att bottenskruven alltid hamnar centrerat<\/p>\n<\/li>\n<li data-start=\"507\" data-end=\"559\">\n<p data-start=\"509\" data-end=\"559\">Ger \u00f6kad stabilitet och s\u00e4kerhet f\u00f6r st\u00e4llningen<\/p>\n<\/li>\n<li data-start=\"560\" data-end=\"602\">\n<p data-start=\"562\" data-end=\"602\">Enkel att placera och flytta vid behov<\/p>\n<\/li>\n<li data-start=\"603\" data-end=\"647\">\n<p data-start=\"605\" data-end=\"647\">Anpassade f\u00f6r att t\u00e5la h\u00f6ga belastningar<\/p>\n<\/li>\n<li data-start=\"648\" data-end=\"701\">\n<p data-start=\"650\" data-end=\"701\">Minskar slitage p\u00e5 mark och yta under st\u00e4llningen<\/p>\n<\/li>\n<\/ul>\n<p data-start=\"703\" data-end=\"903\"><strong data-start=\"703\" data-end=\"726\">Anv\u00e4ndningsomr\u00e5den:<\/strong><br data-start=\"726\" data-end=\"729\" \/>Passar p\u00e5 b\u00e5de h\u00e5rda och mjuka underlag, exempelvis asfalt, grus, gr\u00e4s eller jord. Perfekt f\u00f6r byggarbetsplatser d\u00e4r s\u00e4kerhet, h\u00e5llbarhet och smarta l\u00f6sningar \u00e4r avg\u00f6rande.<\/p>","protected":false},"featured_media":18117,"comment_status":"open","ping_status":"closed","template":"","meta":[],"product_cat":[70,182],"product_tag":[],"class_list":{"0":"post-17775","1":"product","2":"type-product","3":"status-publish","4":"has-post-thumbnail","6":"product_cat-stallning-bygg-tillbehor","7":"product_cat-underlagg-till-stallbar-fot-bottenskruv","9":"first","10":"instock","11":"sale","12":"taxable","13":"shipping-taxable","14":"purchasable","15":"product-type-simple"},"yoast_head":"<!-- This site is optimized with the Yoast SEO plugin v24.1 - https:\/\/yoast.com\/wordpress\/plugins\/seo\/ -->\n<title>Underl\u00e4gg till st\u00e4llbar fot\/bottenskruv Premium - Frontsite<\/title>\n<meta name=\"description\" content=\"K\u00f6p robusta underl\u00e4gg f\u00f6r byggnadsst\u00e4llning. Med neds\u00e4nkning i mitten som centrerar bottenskruven f\u00f6r \u00f6kad s\u00e4kerhet och stabilitet. Perfekt f\u00f6r alla underlag\" \/>\n<meta name=\"robots\" content=\"index, follow, max-snippet:-1, max-image-preview:large, max-video-preview:-1\" \/>\n<link rel=\"canonical\" href=\"https:\/\/frontsite.se\/en\/product\/underlagg-bottenskruv\/\" \/>\n<meta property=\"og:locale\" content=\"en_GB\" \/>\n<meta property=\"og:type\" content=\"article\" \/>\n<meta property=\"og:title\" content=\"Underl\u00e4gg till st\u00e4llbar fot\/bottenskruv Premium - Frontsite\" \/>\n<meta property=\"og:description\" content=\"K\u00f6p robusta underl\u00e4gg f\u00f6r byggnadsst\u00e4llning. Med neds\u00e4nkning i mitten som centrerar bottenskruven f\u00f6r \u00f6kad s\u00e4kerhet och stabilitet. Perfekt f\u00f6r alla underlag\" \/>\n<meta property=\"og:url\" content=\"https:\/\/frontsite.se\/en\/product\/underlagg-bottenskruv\/\" \/>\n<meta property=\"og:site_name\" content=\"Frontsite\" \/>\n<meta property=\"article:modified_time\" content=\"2026-04-22T05:54:01+00:00\" \/>\n<meta property=\"og:image\" content=\"https:\/\/frontsite.se\/wp-content\/uploads\/2025\/09\/Underlagg-scaled.jpeg\" \/>\n\t<meta property=\"og:image:width\" content=\"2560\" \/>\n\t<meta property=\"og:image:height\" content=\"1920\" \/>\n\t<meta property=\"og:image:type\" content=\"image\/jpeg\" \/>\n<meta name=\"twitter:card\" content=\"summary_large_image\" \/>\n<meta name=\"twitter:label1\" content=\"Estimated reading time\" \/>\n\t<meta name=\"twitter:data1\" content=\"1 minute\" \/>\n<script type=\"application\/ld+json\" class=\"yoast-schema-graph\">{\"@context\":\"https:\/\/schema.org\",\"@graph\":[{\"@type\":\"WebPage\",\"@id\":\"https:\/\/frontsite.se\/produkt\/underlagg-bottenskruv\/\",\"url\":\"https:\/\/frontsite.se\/produkt\/underlagg-bottenskruv\/\",\"name\":\"Underl\u00e4gg till st\u00e4llbar fot\/bottenskruv Premium - Frontsite\",\"isPartOf\":{\"@id\":\"https:\/\/frontsite.se\/#website\"},\"primaryImageOfPage\":{\"@id\":\"https:\/\/frontsite.se\/produkt\/underlagg-bottenskruv\/#primaryimage\"},\"image\":{\"@id\":\"https:\/\/frontsite.se\/produkt\/underlagg-bottenskruv\/#primaryimage\"},\"thumbnailUrl\":\"https:\/\/frontsite.se\/wp-content\/uploads\/2025\/09\/Underlagg-scaled.jpeg\",\"datePublished\":\"2025-09-09T12:51:55+00:00\",\"dateModified\":\"2026-04-22T05:54:01+00:00\",\"description\":\"K\u00f6p robusta underl\u00e4gg f\u00f6r byggnadsst\u00e4llning. Med neds\u00e4nkning i mitten som centrerar bottenskruven f\u00f6r \u00f6kad s\u00e4kerhet och stabilitet. Perfekt f\u00f6r alla underlag\",\"breadcrumb\":{\"@id\":\"https:\/\/frontsite.se\/produkt\/underlagg-bottenskruv\/#breadcrumb\"},\"inLanguage\":\"en-GB\",\"potentialAction\":[{\"@type\":\"ReadAction\",\"target\":[\"https:\/\/frontsite.se\/produkt\/underlagg-bottenskruv\/\"]}]},{\"@type\":\"ImageObject\",\"inLanguage\":\"en-GB\",\"@id\":\"https:\/\/frontsite.se\/produkt\/underlagg-bottenskruv\/#primaryimage\",\"url\":\"https:\/\/frontsite.se\/wp-content\/uploads\/2025\/09\/Underlagg-scaled.jpeg\",\"contentUrl\":\"https:\/\/frontsite.se\/wp-content\/uploads\/2025\/09\/Underlagg-scaled.jpeg\",\"width\":2560,\"height\":1920,\"caption\":\"Underl\u00e4gg Premium\"},{\"@type\":\"BreadcrumbList\",\"@id\":\"https:\/\/frontsite.se\/produkt\/underlagg-bottenskruv\/#breadcrumb\",\"itemListElement\":[{\"@type\":\"ListItem\",\"position\":1,\"name\":\"Hem\",\"item\":\"https:\/\/frontsite.se\/\"},{\"@type\":\"ListItem\",\"position\":2,\"name\":\"Shop\",\"item\":\"https:\/\/frontsite.lingonbyran.se\/shop\/\"},{\"@type\":\"ListItem\",\"position\":3,\"name\":\"Underl\u00e4gg till st\u00e4llbar fot\/bottenskruv Premium\"}]},{\"@type\":\"WebSite\",\"@id\":\"https:\/\/frontsite.se\/#website\",\"url\":\"https:\/\/frontsite.se\/\",\"name\":\"Frontsite\",\"description\":\"Expert P\u00e5 st\u00e4llningsprodukter och profilering\",\"publisher\":{\"@id\":\"https:\/\/frontsite.se\/#organization\"},\"potentialAction\":[{\"@type\":\"SearchAction\",\"target\":{\"@type\":\"EntryPoint\",\"urlTemplate\":\"https:\/\/frontsite.se\/?s={search_term_string}\"},\"query-input\":{\"@type\":\"PropertyValueSpecification\",\"valueRequired\":true,\"valueName\":\"search_term_string\"}}],\"inLanguage\":\"en-GB\"},{\"@type\":\"Organization\",\"@id\":\"https:\/\/frontsite.se\/#organization\",\"name\":\"Frontsite\",\"url\":\"https:\/\/frontsite.se\/\",\"logo\":{\"@type\":\"ImageObject\",\"inLanguage\":\"en-GB\",\"@id\":\"https:\/\/frontsite.se\/#\/schema\/logo\/image\/\",\"url\":\"https:\/\/frontsite.se\/wp-content\/uploads\/2024\/08\/Logo-Ratt-farg.png\",\"contentUrl\":\"https:\/\/frontsite.se\/wp-content\/uploads\/2024\/08\/Logo-Ratt-farg.png\",\"width\":1004,\"height\":1004,\"caption\":\"Frontsite\"},\"image\":{\"@id\":\"https:\/\/frontsite.se\/#\/schema\/logo\/image\/\"}}]}<\/script>\n<!-- \/ Yoast SEO plugin. -->","yoast_head_json":{"title":"Underl\u00e4gg till st\u00e4llbar fot\/bottenskruv Premium - Frontsite","description":"K\u00f6p robusta underl\u00e4gg f\u00f6r byggnadsst\u00e4llning. Med neds\u00e4nkning i mitten som centrerar bottenskruven f\u00f6r \u00f6kad s\u00e4kerhet och stabilitet. Perfekt f\u00f6r alla underlag","robots":{"index":"index","follow":"follow","max-snippet":"max-snippet:-1","max-image-preview":"max-image-preview:large","max-video-preview":"max-video-preview:-1"},"canonical":"https:\/\/frontsite.se\/en\/product\/underlagg-bottenskruv\/","og_locale":"en_GB","og_type":"article","og_title":"Underl\u00e4gg till st\u00e4llbar fot\/bottenskruv Premium - Frontsite","og_description":"K\u00f6p robusta underl\u00e4gg f\u00f6r byggnadsst\u00e4llning. Med neds\u00e4nkning i mitten som centrerar bottenskruven f\u00f6r \u00f6kad s\u00e4kerhet och stabilitet. Perfekt f\u00f6r alla underlag","og_url":"https:\/\/frontsite.se\/en\/product\/underlagg-bottenskruv\/","og_site_name":"Frontsite","article_modified_time":"2026-04-22T05:54:01+00:00","og_image":[{"width":2560,"height":1920,"url":"https:\/\/frontsite.se\/wp-content\/uploads\/2025\/09\/Underlagg-scaled.jpeg","type":"image\/jpeg"}],"twitter_card":"summary_large_image","twitter_misc":{"Estimated reading time":"1 minute"},"schema":{"@context":"https:\/\/schema.org","@graph":[{"@type":"WebPage","@id":"https:\/\/frontsite.se\/produkt\/underlagg-bottenskruv\/","url":"https:\/\/frontsite.se\/produkt\/underlagg-bottenskruv\/","name":"Underl\u00e4gg till st\u00e4llbar fot\/bottenskruv Premium - Frontsite","isPartOf":{"@id":"https:\/\/frontsite.se\/#website"},"primaryImageOfPage":{"@id":"https:\/\/frontsite.se\/produkt\/underlagg-bottenskruv\/#primaryimage"},"image":{"@id":"https:\/\/frontsite.se\/produkt\/underlagg-bottenskruv\/#primaryimage"},"thumbnailUrl":"https:\/\/frontsite.se\/wp-content\/uploads\/2025\/09\/Underlagg-scaled.jpeg","datePublished":"2025-09-09T12:51:55+00:00","dateModified":"2026-04-22T05:54:01+00:00","description":"K\u00f6p robusta underl\u00e4gg f\u00f6r byggnadsst\u00e4llning. Med neds\u00e4nkning i mitten som centrerar bottenskruven f\u00f6r \u00f6kad s\u00e4kerhet och stabilitet. Perfekt f\u00f6r alla underlag","breadcrumb":{"@id":"https:\/\/frontsite.se\/produkt\/underlagg-bottenskruv\/#breadcrumb"},"inLanguage":"en-GB","potentialAction":[{"@type":"ReadAction","target":["https:\/\/frontsite.se\/produkt\/underlagg-bottenskruv\/"]}]},{"@type":"ImageObject","inLanguage":"en-GB","@id":"https:\/\/frontsite.se\/produkt\/underlagg-bottenskruv\/#primaryimage","url":"https:\/\/frontsite.se\/wp-content\/uploads\/2025\/09\/Underlagg-scaled.jpeg","contentUrl":"https:\/\/frontsite.se\/wp-content\/uploads\/2025\/09\/Underlagg-scaled.jpeg","width":2560,"height":1920,"caption":"Underl\u00e4gg Premium"},{"@type":"BreadcrumbList","@id":"https:\/\/frontsite.se\/produkt\/underlagg-bottenskruv\/#breadcrumb","itemListElement":[{"@type":"ListItem","position":1,"name":"Hem","item":"https:\/\/frontsite.se\/"},{"@type":"ListItem","position":2,"name":"Shop","item":"https:\/\/frontsite.lingonbyran.se\/shop\/"},{"@type":"ListItem","position":3,"name":"Underl\u00e4gg till st\u00e4llbar fot\/bottenskruv Premium"}]},{"@type":"WebSite","@id":"https:\/\/frontsite.se\/#website","url":"https:\/\/frontsite.se\/","name":"Frontsite","description":"Expert P\u00e5 st\u00e4llningsprodukter och profilering","publisher":{"@id":"https:\/\/frontsite.se\/#organization"},"potentialAction":[{"@type":"SearchAction","target":{"@type":"EntryPoint","urlTemplate":"https:\/\/frontsite.se\/?s={search_term_string}"},"query-input":{"@type":"PropertyValueSpecification","valueRequired":true,"valueName":"search_term_string"}}],"inLanguage":"en-GB"},{"@type":"Organization","@id":"https:\/\/frontsite.se\/#organization","name":"Frontsite","url":"https:\/\/frontsite.se\/","logo":{"@type":"ImageObject","inLanguage":"en-GB","@id":"https:\/\/frontsite.se\/#\/schema\/logo\/image\/","url":"https:\/\/frontsite.se\/wp-content\/uploads\/2024\/08\/Logo-Ratt-farg.png","contentUrl":"https:\/\/frontsite.se\/wp-content\/uploads\/2024\/08\/Logo-Ratt-farg.png","width":1004,"height":1004,"caption":"Frontsite"},"image":{"@id":"https:\/\/frontsite.se\/#\/schema\/logo\/image\/"}}]}},"jetpack_sharing_enabled":true,"_links":{"self":[{"href":"https:\/\/frontsite.se\/en\/wp-json\/wp\/v2\/product\/17775","targetHints":{"allow":["GET"]}}],"collection":[{"href":"https:\/\/frontsite.se\/en\/wp-json\/wp\/v2\/product"}],"about":[{"href":"https:\/\/frontsite.se\/en\/wp-json\/wp\/v2\/types\/product"}],"replies":[{"embeddable":true,"href":"https:\/\/frontsite.se\/en\/wp-json\/wp\/v2\/comments?post=17775"}],"version-history":[{"count":1,"href":"https:\/\/frontsite.se\/en\/wp-json\/wp\/v2\/product\/17775\/revisions"}],"predecessor-version":[{"id":17784,"href":"https:\/\/frontsite.se\/en\/wp-json\/wp\/v2\/product\/17775\/revisions\/17784"}],"wp:featuredmedia":[{"embeddable":true,"href":"https:\/\/frontsite.se\/en\/wp-json\/wp\/v2\/media\/18117"}],"wp:attachment":[{"href":"https:\/\/frontsite.se\/en\/wp-json\/wp\/v2\/media?parent=17775"}],"wp:term":[{"taxonomy":"product_cat","embeddable":true,"href":"https:\/\/frontsite.se\/en\/wp-json\/wp\/v2\/product_cat?post=17775"},{"taxonomy":"product_tag","embeddable":true,"href":"https:\/\/frontsite.se\/en\/wp-json\/wp\/v2\/product_tag?post=17775"}],"curies":[{"name":"wp","href":"https:\/\/api.w.org\/{rel}","templated":true}]}}