{"id":17739,"date":"2025-08-20T08:19:50","date_gmt":"2025-08-20T08:19:50","guid":{"rendered":"https:\/\/frontsite.se\/?post_type=product&#038;p=17739"},"modified":"2025-08-20T09:24:59","modified_gmt":"2025-08-20T09:24:59","slug":"hallare-for-stallningsskylt-standard","status":"publish","type":"product","link":"https:\/\/frontsite.se\/en\/product\/hallare-for-stallningsskylt-standard\/","title":{"rendered":"Standard scaffolding sign holder"},"content":{"rendered":"<h2 data-start=\"84\" data-end=\"179\"><strong data-start=\"84\" data-end=\"177\">H\u00e5llare f\u00f6r st\u00e4llningsskylt \u2013 tydlig information och h\u00f6gsta s\u00e4kerhet p\u00e5 byggarbetsplatsen<\/strong><\/h2>\n<p data-start=\"168\" data-end=\"337\">Ge dina byggst\u00e4llningar ett professionellt och s\u00e4kert intryck med v\u00e5r<strong data-start=\"238\" data-end=\"265\">\u00a0h\u00e5llare<\/strong> f\u00f6r st\u00e4llningsskylt\u2013 framtagen f\u00f6r enkel montering och maximal tydlighet p\u00e5 arbetsplatsen.<\/p>\n<p data-start=\"339\" data-end=\"636\">\ud83d\udd12 <strong data-start=\"342\" data-end=\"385\">Tydligt r\u00f6t STOPP-budskap f\u00f6r \u00f6kad s\u00e4kerhet<\/strong><br data-start=\"385\" data-end=\"388\" \/>H\u00e5llarna till <em data-start=\"402\" data-end=\"434\">st\u00e4llningsskylt standard liten<\/em> \u00e4r f\u00f6rsedda med ett tydligt r\u00f6tt <strong data-start=\"468\" data-end=\"488\">STOPP-meddelande<\/strong> som syns n\u00e4r skylten inte \u00e4r monterad. Detta fungerar som en extra s\u00e4kerhets\u00e5tg\u00e4rd vid byggnation, \u00e4ndringsarbete eller demontering av st\u00e4llningen.<\/p>\n<p data-start=\"638\" data-end=\"797\">\ud83d\udd27 <strong data-start=\"641\" data-end=\"673\">Enkel och flexibel montering<\/strong><br data-start=\"673\" data-end=\"676\" \/>F\u00f6rberedda med f\u00e4rdiga h\u00e5l som g\u00f6r det smidigt att f\u00e4sta h\u00e5llarna p\u00e5 st\u00e4llningen med buntband \u2013 helt utan specialverktyg.<\/p>\n<p data-start=\"799\" data-end=\"1010\">\ud83e\udde9 <strong data-start=\"802\" data-end=\"834\">Anpassad f\u00f6r st\u00e4llningsspira<\/strong><br data-start=\"834\" data-end=\"837\" \/>Baksidan av h\u00e5llaren \u00e4r f\u00f6rsedd med <strong data-start=\"873\" data-end=\"897\">konkava utgjutningar<\/strong> som g\u00f6r att den sitter stabilt och f\u00f6ljsamt mot en st\u00e4llningsspira, vilket ger en s\u00e4ker och centrerad montering.<\/p>\n<p data-start=\"1012\" data-end=\"1150\">\ud83c\udf26\ufe0f <strong data-start=\"1016\" data-end=\"1052\">Robust och v\u00e4derbest\u00e4ndig design<\/strong><br data-start=\"1052\" data-end=\"1055\" \/>Tillverkad i slitstarkt material som klarar tuffa f\u00f6rh\u00e5llanden p\u00e5 byggarbetsplatser, \u00e5ret runt.<\/p>\n<p>&nbsp;<\/p>\n<h2>Om v\u00e5ra h\u00e5llare och st\u00e4llningsskyltar<\/h2>\n<p>V\u00e5ra H\u00e5llare och st\u00e4llningsskyltar finns att f\u00e5 med olika spr\u00e5k som exempelvis det nordiska spr\u00e5ken danska, norska, svenska och finska. men \u00e4ven p\u00e5 engelska. V\u00e5ra skylth\u00e5llare \u00e4r anpassade f\u00f6r att passa p\u00e5 en st\u00e4llningsspira och \u00e4r f\u00f6rberedda med h\u00e5l f\u00f6r att enkelt f\u00e4stas fast med buntband.<\/p>\n<h2>Lagar och f\u00f6reskrifter<\/h2>\n<p>Anv\u00e4ndning av H\u00e5llare och st\u00e4llningsskyltar (gr\u00f6nskyltar) regleras av flera lagar och f\u00f6reskrifter, bland annat:<\/p>\n<ul>\n<li>Arbetsmilj\u00f6verkets f\u00f6reskrifter <a href=\"https:\/\/www.av.se\/arbetsmiljoarbete-och-inspektioner\/publikationer\/foreskrifter\/afs-202311\/?hl=AFS%202023:11#:~:text=och%20allm%C3%A4nna%20r%C3%A5d-,(AFS%202023%3A11),-om%20arbetsutrustning%20och\">(AFS 2023:11)<\/a>\u00a0(<a href=\"https:\/\/www.av.se\/globalassets\/filer\/publikationer\/foreskrifter\/stallningar-foreskrifter-afs2013-4.pdf\" target=\"_blank\" rel=\"noopener noreferrer\">AFS 2013:4<\/a>): Dessa reglerar s\u00e4ker anv\u00e4ndning av arbetsutrustning, inklusive krav p\u00e5 m\u00e4rkning och dokumentation av byggst\u00e4llningar. St\u00e4llningsskyltar \u00e4r en del av dessa krav.<\/li>\n<li>Arbetsmilj\u00f6lagen (<a href=\"https:\/\/www.riksdagen.se\/sv\/dokument-och-lagar\/dokument\/svensk-forfattningssamling\/arbetsmiljolag-19771160_sfs-1977-1160\/\" target=\"_blank\" rel=\"noopener noreferrer\">1977:1160<\/a>): Arbetsgivaren ansvarar f\u00f6r att arbetsplatsen \u00e4r s\u00e4ker, inklusive korrekt m\u00e4rkning av arbetsutrustning som byggst\u00e4llningar.<\/li>\n<\/ul>\n<p>&nbsp;<\/p>\n<h2 data-pm-slice=\"1 1 []\"><strong><span data-color=\"transparent\">Fr\u00e5gor och svar<\/span><\/strong><\/h2>\n<h3>Vad \u00e4r en st\u00e4llningsskylt?<\/h3>\n<p>En st\u00e4llningsskylt \u00e4r en skylt som visar information om st\u00e4llningens \u00e4gare, ansvarig entrepren\u00f6r och s\u00e4kerhetsanvisningar. \u00e4ven kallad gr\u00f6nskylt.<\/p>\n<h3>Hur f\u00e4ster man enklast en st\u00e4llningsskylt p\u00e5 en byggst\u00e4llning?<\/h3>\n<p><span data-color=\"transparent\">En vanlig metod f\u00f6r att f\u00e4sta en st\u00e4llningsskylt p\u00e5 en byggst\u00e4llning \u00e4r att anv\u00e4nda buntband\/stripes, vilket \u00e4r en praktisk l\u00f6sning.<\/span><\/p>\n<h3>\u00c4r det ett lagkrav att anv\u00e4nda st\u00e4llningsskyltar p\u00e5 byggst\u00e4llningar?<\/h3>\n<p><span data-color=\"transparent\">Ja, anv\u00e4ndningen av st\u00e4llningsskyltar \u00e4r ett lagkrav f\u00f6r att s\u00e4kerst\u00e4lla att all n\u00f6dv\u00e4ndig information om byggst\u00e4llningen \u00e4r l\u00e4ttillg\u00e4nglig och synlig f\u00f6r alla inblandade p\u00e5 arbetsplatsen. <\/span><span data-color=\"transparent\">Enligt AFS 2023:11 om byggnads- och anl\u00e4ggningsarbete ska ansvariga f\u00f6r bygg- och anl\u00e4ggningsarbeten tydligt visa information om arbetsplatsen, inklusive s\u00e4kerhetsupplysningar.<\/span><\/p>\n<h3>Varf\u00f6r \u00e4r det viktigt att ha en st\u00e4llningsskylt?<\/h3>\n<p>F\u00f6r att tydligt visa vem som ansvarar f\u00f6r st\u00e4llningen och s\u00e4kerst\u00e4lla att arbetet f\u00f6ljer g\u00e4llande regler och s\u00e4kerhetsf\u00f6reskrifter.<\/p>","protected":false},"excerpt":{"rendered":"<p data-start=\"84\" data-end=\"179\"><strong data-start=\"84\" data-end=\"177\">H\u00e5llare f\u00f6r st\u00e4llningsskylt \u2013 tydlig information och h\u00f6gsta s\u00e4kerhet p\u00e5 byggarbetsplatsen<\/strong><\/p>\n<p data-start=\"181\" data-end=\"389\">Ge dina byggst\u00e4llningar ett enkelt och effektivt s\u00e4kerhetssystem med v\u00e5r h\u00e5llare f\u00f6r st\u00e4llningsskylt. Den \u00e4r specialutformad f\u00f6r att g\u00f6ra det tydligt om st\u00e4llningen \u00e4r godk\u00e4nd f\u00f6r anv\u00e4ndning eller avst\u00e4ngd.<\/p>\n<p data-start=\"391\" data-end=\"770\">\u2705 <strong data-start=\"393\" data-end=\"412\">R\u00f6dljusmodellen<\/strong> \u2013 r\u00f6tt betyder stopp, gr\u00f6nt betyder att st\u00e4llningen \u00e4r kontrollerad och klar att anv\u00e4nda.<br data-start=\"502\" data-end=\"505\" \/>\u2705 <strong data-start=\"507\" data-end=\"527\">Tydlig skyltning<\/strong> \u2013 g\u00f6r det l\u00e4tt f\u00f6r alla p\u00e5 arbetsplatsen att snabbt se status.<br data-start=\"590\" data-end=\"593\" \/>\u2705 <strong data-start=\"595\" data-end=\"616\">S\u00e4kerhetsanpassad<\/strong> \u2013 uppfyller Arbetsmilj\u00f6verkets krav och bidrar till en tryggare arbetsmilj\u00f6.<br data-start=\"693\" data-end=\"696\" \/>\u2705 <strong data-start=\"698\" data-end=\"717\">Enkel montering<\/strong> \u2013 smidig l\u00f6sning som passar direkt p\u00e5 st\u00e4llningen.<\/p>\n<p data-start=\"772\" data-end=\"922\">Med denna h\u00e5llare \u00e4r du alltid s\u00e4ker p\u00e5 att r\u00e4tt information syns d\u00e4r den beh\u00f6vs \u2013 en liten investering f\u00f6r en stor \u00f6kning i s\u00e4kerhet och tydlighet.<\/p>","protected":false},"featured_media":17740,"comment_status":"open","ping_status":"closed","template":"","meta":[],"product_cat":[181,70],"product_tag":[],"class_list":{"0":"post-17739","1":"product","2":"type-product","3":"status-publish","4":"has-post-thumbnail","6":"product_cat-hallare-for-stallningsskylt","7":"product_cat-stallning-bygg-tillbehor","9":"first","10":"instock","11":"taxable","12":"shipping-taxable","13":"purchasable","14":"product-type-simple"},"yoast_head":"<!-- This site is optimized with the Yoast SEO plugin v24.1 - https:\/\/yoast.com\/wordpress\/plugins\/seo\/ -->\n<title>H\u00e5llare f\u00f6r St\u00e4llningsskylt standard - Frontsite<\/title>\n<meta name=\"description\" content=\"H\u00e5llarna till st\u00e4llningsskylt standard \u00e4r f\u00f6rsedda med ett tydligt r\u00f6tt STOPP-meddelande som syns n\u00e4r skylten inte \u00e4r monterad. En extra s\u00e4kerhets\u00e5tg\u00e4rd.\" \/>\n<meta name=\"robots\" content=\"index, follow, max-snippet:-1, max-image-preview:large, max-video-preview:-1\" \/>\n<link rel=\"canonical\" href=\"https:\/\/frontsite.se\/en\/product\/hallare-for-stallningsskylt-standard\/\" \/>\n<meta property=\"og:locale\" content=\"en_GB\" \/>\n<meta property=\"og:type\" content=\"article\" \/>\n<meta property=\"og:title\" content=\"H\u00e5llare f\u00f6r St\u00e4llningsskylt standard - Frontsite\" \/>\n<meta property=\"og:description\" content=\"H\u00e5llarna till st\u00e4llningsskylt standard \u00e4r f\u00f6rsedda med ett tydligt r\u00f6tt STOPP-meddelande som syns n\u00e4r skylten inte \u00e4r monterad. En extra s\u00e4kerhets\u00e5tg\u00e4rd.\" \/>\n<meta property=\"og:url\" content=\"https:\/\/frontsite.se\/en\/product\/hallare-for-stallningsskylt-standard\/\" \/>\n<meta property=\"og:site_name\" content=\"Frontsite\" \/>\n<meta property=\"article:modified_time\" content=\"2025-08-20T09:24:59+00:00\" \/>\n<meta property=\"og:image\" content=\"https:\/\/frontsite.se\/wp-content\/uploads\/2025\/08\/IMG_4176-scaled.jpg\" \/>\n\t<meta property=\"og:image:width\" content=\"893\" \/>\n\t<meta property=\"og:image:height\" content=\"2560\" \/>\n\t<meta property=\"og:image:type\" content=\"image\/jpeg\" \/>\n<meta name=\"twitter:card\" content=\"summary_large_image\" \/>\n<meta name=\"twitter:label1\" content=\"Estimated reading time\" \/>\n\t<meta name=\"twitter:data1\" content=\"3 minutes\" \/>\n<script type=\"application\/ld+json\" class=\"yoast-schema-graph\">{\"@context\":\"https:\/\/schema.org\",\"@graph\":[{\"@type\":\"WebPage\",\"@id\":\"https:\/\/frontsite.se\/produkt\/hallare-for-stallningsskylt-standard\/\",\"url\":\"https:\/\/frontsite.se\/produkt\/hallare-for-stallningsskylt-standard\/\",\"name\":\"H\u00e5llare f\u00f6r St\u00e4llningsskylt standard - Frontsite\",\"isPartOf\":{\"@id\":\"https:\/\/frontsite.se\/#website\"},\"primaryImageOfPage\":{\"@id\":\"https:\/\/frontsite.se\/produkt\/hallare-for-stallningsskylt-standard\/#primaryimage\"},\"image\":{\"@id\":\"https:\/\/frontsite.se\/produkt\/hallare-for-stallningsskylt-standard\/#primaryimage\"},\"thumbnailUrl\":\"https:\/\/frontsite.se\/wp-content\/uploads\/2025\/08\/IMG_4176-scaled.jpg\",\"datePublished\":\"2025-08-20T08:19:50+00:00\",\"dateModified\":\"2025-08-20T09:24:59+00:00\",\"description\":\"H\u00e5llarna till st\u00e4llningsskylt standard \u00e4r f\u00f6rsedda med ett tydligt r\u00f6tt STOPP-meddelande som syns n\u00e4r skylten inte \u00e4r monterad. En extra s\u00e4kerhets\u00e5tg\u00e4rd.\",\"breadcrumb\":{\"@id\":\"https:\/\/frontsite.se\/produkt\/hallare-for-stallningsskylt-standard\/#breadcrumb\"},\"inLanguage\":\"en-GB\",\"potentialAction\":[{\"@type\":\"ReadAction\",\"target\":[\"https:\/\/frontsite.se\/produkt\/hallare-for-stallningsskylt-standard\/\"]}]},{\"@type\":\"ImageObject\",\"inLanguage\":\"en-GB\",\"@id\":\"https:\/\/frontsite.se\/produkt\/hallare-for-stallningsskylt-standard\/#primaryimage\",\"url\":\"https:\/\/frontsite.se\/wp-content\/uploads\/2025\/08\/IMG_4176-scaled.jpg\",\"contentUrl\":\"https:\/\/frontsite.se\/wp-content\/uploads\/2025\/08\/IMG_4176-scaled.jpg\",\"width\":893,\"height\":2560,\"caption\":\"H\u00e5llare f\u00f6r st\u00e4llningsskylt gr\u00f6nskylt\"},{\"@type\":\"BreadcrumbList\",\"@id\":\"https:\/\/frontsite.se\/produkt\/hallare-for-stallningsskylt-standard\/#breadcrumb\",\"itemListElement\":[{\"@type\":\"ListItem\",\"position\":1,\"name\":\"Hem\",\"item\":\"https:\/\/frontsite.se\/\"},{\"@type\":\"ListItem\",\"position\":2,\"name\":\"Shop\",\"item\":\"https:\/\/frontsite.lingonbyran.se\/shop\/\"},{\"@type\":\"ListItem\",\"position\":3,\"name\":\"H\u00e5llare f\u00f6r St\u00e4llningsskylt standard\"}]},{\"@type\":\"WebSite\",\"@id\":\"https:\/\/frontsite.se\/#website\",\"url\":\"https:\/\/frontsite.se\/\",\"name\":\"Frontsite\",\"description\":\"Expert P\u00e5 st\u00e4llningsprodukter och profilering\",\"publisher\":{\"@id\":\"https:\/\/frontsite.se\/#organization\"},\"potentialAction\":[{\"@type\":\"SearchAction\",\"target\":{\"@type\":\"EntryPoint\",\"urlTemplate\":\"https:\/\/frontsite.se\/?s={search_term_string}\"},\"query-input\":{\"@type\":\"PropertyValueSpecification\",\"valueRequired\":true,\"valueName\":\"search_term_string\"}}],\"inLanguage\":\"en-GB\"},{\"@type\":\"Organization\",\"@id\":\"https:\/\/frontsite.se\/#organization\",\"name\":\"Frontsite\",\"url\":\"https:\/\/frontsite.se\/\",\"logo\":{\"@type\":\"ImageObject\",\"inLanguage\":\"en-GB\",\"@id\":\"https:\/\/frontsite.se\/#\/schema\/logo\/image\/\",\"url\":\"https:\/\/frontsite.se\/wp-content\/uploads\/2024\/08\/Logo-Ratt-farg.png\",\"contentUrl\":\"https:\/\/frontsite.se\/wp-content\/uploads\/2024\/08\/Logo-Ratt-farg.png\",\"width\":1004,\"height\":1004,\"caption\":\"Frontsite\"},\"image\":{\"@id\":\"https:\/\/frontsite.se\/#\/schema\/logo\/image\/\"}}]}<\/script>\n<!-- \/ Yoast SEO plugin. -->","yoast_head_json":{"title":"H\u00e5llare f\u00f6r St\u00e4llningsskylt standard - Frontsite","description":"H\u00e5llarna till st\u00e4llningsskylt standard \u00e4r f\u00f6rsedda med ett tydligt r\u00f6tt STOPP-meddelande som syns n\u00e4r skylten inte \u00e4r monterad. En extra s\u00e4kerhets\u00e5tg\u00e4rd.","robots":{"index":"index","follow":"follow","max-snippet":"max-snippet:-1","max-image-preview":"max-image-preview:large","max-video-preview":"max-video-preview:-1"},"canonical":"https:\/\/frontsite.se\/en\/product\/hallare-for-stallningsskylt-standard\/","og_locale":"en_GB","og_type":"article","og_title":"H\u00e5llare f\u00f6r St\u00e4llningsskylt standard - Frontsite","og_description":"H\u00e5llarna till st\u00e4llningsskylt standard \u00e4r f\u00f6rsedda med ett tydligt r\u00f6tt STOPP-meddelande som syns n\u00e4r skylten inte \u00e4r monterad. En extra s\u00e4kerhets\u00e5tg\u00e4rd.","og_url":"https:\/\/frontsite.se\/en\/product\/hallare-for-stallningsskylt-standard\/","og_site_name":"Frontsite","article_modified_time":"2025-08-20T09:24:59+00:00","og_image":[{"width":893,"height":2560,"url":"https:\/\/frontsite.se\/wp-content\/uploads\/2025\/08\/IMG_4176-scaled.jpg","type":"image\/jpeg"}],"twitter_card":"summary_large_image","twitter_misc":{"Estimated reading time":"3 minutes"},"schema":{"@context":"https:\/\/schema.org","@graph":[{"@type":"WebPage","@id":"https:\/\/frontsite.se\/produkt\/hallare-for-stallningsskylt-standard\/","url":"https:\/\/frontsite.se\/produkt\/hallare-for-stallningsskylt-standard\/","name":"H\u00e5llare f\u00f6r St\u00e4llningsskylt standard - Frontsite","isPartOf":{"@id":"https:\/\/frontsite.se\/#website"},"primaryImageOfPage":{"@id":"https:\/\/frontsite.se\/produkt\/hallare-for-stallningsskylt-standard\/#primaryimage"},"image":{"@id":"https:\/\/frontsite.se\/produkt\/hallare-for-stallningsskylt-standard\/#primaryimage"},"thumbnailUrl":"https:\/\/frontsite.se\/wp-content\/uploads\/2025\/08\/IMG_4176-scaled.jpg","datePublished":"2025-08-20T08:19:50+00:00","dateModified":"2025-08-20T09:24:59+00:00","description":"H\u00e5llarna till st\u00e4llningsskylt standard \u00e4r f\u00f6rsedda med ett tydligt r\u00f6tt STOPP-meddelande som syns n\u00e4r skylten inte \u00e4r monterad. En extra s\u00e4kerhets\u00e5tg\u00e4rd.","breadcrumb":{"@id":"https:\/\/frontsite.se\/produkt\/hallare-for-stallningsskylt-standard\/#breadcrumb"},"inLanguage":"en-GB","potentialAction":[{"@type":"ReadAction","target":["https:\/\/frontsite.se\/produkt\/hallare-for-stallningsskylt-standard\/"]}]},{"@type":"ImageObject","inLanguage":"en-GB","@id":"https:\/\/frontsite.se\/produkt\/hallare-for-stallningsskylt-standard\/#primaryimage","url":"https:\/\/frontsite.se\/wp-content\/uploads\/2025\/08\/IMG_4176-scaled.jpg","contentUrl":"https:\/\/frontsite.se\/wp-content\/uploads\/2025\/08\/IMG_4176-scaled.jpg","width":893,"height":2560,"caption":"H\u00e5llare f\u00f6r st\u00e4llningsskylt gr\u00f6nskylt"},{"@type":"BreadcrumbList","@id":"https:\/\/frontsite.se\/produkt\/hallare-for-stallningsskylt-standard\/#breadcrumb","itemListElement":[{"@type":"ListItem","position":1,"name":"Hem","item":"https:\/\/frontsite.se\/"},{"@type":"ListItem","position":2,"name":"Shop","item":"https:\/\/frontsite.lingonbyran.se\/shop\/"},{"@type":"ListItem","position":3,"name":"H\u00e5llare f\u00f6r St\u00e4llningsskylt standard"}]},{"@type":"WebSite","@id":"https:\/\/frontsite.se\/#website","url":"https:\/\/frontsite.se\/","name":"Frontsite","description":"Expert P\u00e5 st\u00e4llningsprodukter och profilering","publisher":{"@id":"https:\/\/frontsite.se\/#organization"},"potentialAction":[{"@type":"SearchAction","target":{"@type":"EntryPoint","urlTemplate":"https:\/\/frontsite.se\/?s={search_term_string}"},"query-input":{"@type":"PropertyValueSpecification","valueRequired":true,"valueName":"search_term_string"}}],"inLanguage":"en-GB"},{"@type":"Organization","@id":"https:\/\/frontsite.se\/#organization","name":"Frontsite","url":"https:\/\/frontsite.se\/","logo":{"@type":"ImageObject","inLanguage":"en-GB","@id":"https:\/\/frontsite.se\/#\/schema\/logo\/image\/","url":"https:\/\/frontsite.se\/wp-content\/uploads\/2024\/08\/Logo-Ratt-farg.png","contentUrl":"https:\/\/frontsite.se\/wp-content\/uploads\/2024\/08\/Logo-Ratt-farg.png","width":1004,"height":1004,"caption":"Frontsite"},"image":{"@id":"https:\/\/frontsite.se\/#\/schema\/logo\/image\/"}}]}},"jetpack_sharing_enabled":true,"_links":{"self":[{"href":"https:\/\/frontsite.se\/en\/wp-json\/wp\/v2\/product\/17739","targetHints":{"allow":["GET"]}}],"collection":[{"href":"https:\/\/frontsite.se\/en\/wp-json\/wp\/v2\/product"}],"about":[{"href":"https:\/\/frontsite.se\/en\/wp-json\/wp\/v2\/types\/product"}],"replies":[{"embeddable":true,"href":"https:\/\/frontsite.se\/en\/wp-json\/wp\/v2\/comments?post=17739"}],"version-history":[{"count":1,"href":"https:\/\/frontsite.se\/en\/wp-json\/wp\/v2\/product\/17739\/revisions"}],"predecessor-version":[{"id":17742,"href":"https:\/\/frontsite.se\/en\/wp-json\/wp\/v2\/product\/17739\/revisions\/17742"}],"wp:featuredmedia":[{"embeddable":true,"href":"https:\/\/frontsite.se\/en\/wp-json\/wp\/v2\/media\/17740"}],"wp:attachment":[{"href":"https:\/\/frontsite.se\/en\/wp-json\/wp\/v2\/media?parent=17739"}],"wp:term":[{"taxonomy":"product_cat","embeddable":true,"href":"https:\/\/frontsite.se\/en\/wp-json\/wp\/v2\/product_cat?post=17739"},{"taxonomy":"product_tag","embeddable":true,"href":"https:\/\/frontsite.se\/en\/wp-json\/wp\/v2\/product_tag?post=17739"}],"curies":[{"name":"wp","href":"https:\/\/api.w.org\/{rel}","templated":true}]}}