{"id":17543,"date":"2025-05-20T11:59:02","date_gmt":"2025-05-20T11:59:02","guid":{"rendered":"https:\/\/frontsite.se\/?post_type=product&#038;p=17543"},"modified":"2025-05-27T07:04:53","modified_gmt":"2025-05-27T07:04:53","slug":"premium-vattenpass-i-aluminium","status":"publish","type":"product","link":"https:\/\/frontsite.se\/en\/product\/premium-vattenpass-i-aluminium\/","title":{"rendered":"Premium aluminium spirit level"},"content":{"rendered":"<p class=\"\" data-start=\"0\" data-end=\"540\">Ett h\u00f6gkvalitativt och professionellt vattenpass tillverkat i anodiserad aluminium f\u00f6r maximal h\u00e5llbarhet och precision.<\/p>\n<p class=\"\" data-start=\"0\" data-end=\"540\">Den robusta men l\u00e4tta konstruktionen kombinerar styrka med smidighet, vilket g\u00f6r det enkelt att hantera \u00e4ven i tr\u00e5nga utrymmen. Utrustat med tv\u00e5 noggrant kalibrerade och l\u00e4ttl\u00e4sta r\u00f6rlibeller f\u00f6r exakt m\u00e4tning i b\u00e5de v\u00e5g- och lodr\u00e4t riktning. Integrerade magneter m\u00f6jligg\u00f6r stabil fasts\u00e4ttning p\u00e5 metallytor, vilket ger extra bekv\u00e4mlighet vid arbete med st\u00e5l eller andra magnetiska material.<\/p>\n<p class=\"\" data-start=\"542\" data-end=\"678\">Detta premiumvattenpass \u00e4r utformat f\u00f6r att m\u00f6ta h\u00f6ga krav fr\u00e5n yrkesanv\u00e4ndare, men uppskattas lika mycket av den kr\u00e4sna hemmafixaren.<\/p>\n<article class=\"text-token-text-primary w-full\" dir=\"auto\" data-testid=\"conversation-turn-6\" data-scroll-anchor=\"false\">\n<div class=\"text-base my-auto mx-auto py-5 [--thread-content-margin:--spacing(4)] @[37rem]:[--thread-content-margin:--spacing(6)] @[72rem]:[--thread-content-margin:--spacing(16)] px-(--thread-content-margin)\">\n<div class=\"[--thread-content-max-width:32rem] @[34rem]:[--thread-content-max-width:40rem] @[64rem]:[--thread-content-max-width:48rem] mx-auto flex max-w-(--thread-content-max-width) flex-1 text-base gap-4 md:gap-5 lg:gap-6 group\/turn-messages focus-visible:outline-hidden\" tabindex=\"-1\">\n<div class=\"group\/conversation-turn relative flex w-full min-w-0 flex-col agent-turn\">\n<div class=\"relative flex-col gap-1 md:gap-3\">\n<div class=\"flex max-w-full flex-col grow\">\n<div class=\"min-h-8 text-message relative flex w-full flex-col items-end gap-2 text-start break-words whitespace-normal [.text-message+&amp;]:mt-5\" dir=\"auto\" data-message-author-role=\"assistant\" data-message-id=\"8dbc44aa-e518-4658-92df-da9cc9999d57\" data-message-model-slug=\"gpt-4o\">\n<div class=\"flex w-full flex-col gap-1 empty:hidden first:pt-[3px]\">\n<div class=\"markdown prose dark:prose-invert w-full break-words light\">\n<p class=\"\" data-start=\"680\" data-end=\"696\"><strong data-start=\"680\" data-end=\"690\">L\u00e4ngd:<\/strong> 25 cm<\/p>\n<\/div>\n<\/div>\n<\/div>\n<\/div>\n<\/div>\n<\/div>\n<\/div>\n<\/div>\n<\/article>","protected":false},"excerpt":{"rendered":"<p>Ett h\u00f6gkvalitativt och professionellt vattenpass tillverkat i anodiserad aluminium f\u00f6r maximal h\u00e5llbarhet och precision. Den robusta men l\u00e4tta konstruktionen kombinerar<\/p>","protected":false},"featured_media":17546,"comment_status":"open","ping_status":"closed","template":"","meta":[],"product_cat":[129,83],"product_tag":[],"class_list":{"0":"post-17543","1":"product","2":"type-product","3":"status-publish","4":"has-post-thumbnail","6":"product_cat-vattenpass","7":"product_cat-verktygsbalten-och-fickor","9":"first","10":"instock","11":"taxable","12":"shipping-taxable","13":"purchasable","14":"product-type-simple"},"yoast_head":"<!-- This site is optimized with the Yoast SEO plugin v24.1 - https:\/\/yoast.com\/wordpress\/plugins\/seo\/ -->\n<title>Premium vattenpass i aluminium - Frontsite<\/title>\n<meta name=\"description\" content=\"Ett h\u00f6gkvalitativt och professionellt Premium vattenpass tillverkat i anodiserad aluminium f\u00f6r maximal h\u00e5llbarhet och precision. med magneter.\" \/>\n<meta name=\"robots\" content=\"index, follow, max-snippet:-1, max-image-preview:large, max-video-preview:-1\" \/>\n<link rel=\"canonical\" href=\"https:\/\/frontsite.se\/en\/product\/premium-vattenpass-i-aluminium\/\" \/>\n<meta property=\"og:locale\" content=\"en_GB\" \/>\n<meta property=\"og:type\" content=\"article\" \/>\n<meta property=\"og:title\" content=\"Premium vattenpass i aluminium - Frontsite\" \/>\n<meta property=\"og:description\" content=\"Ett h\u00f6gkvalitativt och professionellt Premium vattenpass tillverkat i anodiserad aluminium f\u00f6r maximal h\u00e5llbarhet och precision. med magneter.\" \/>\n<meta property=\"og:url\" content=\"https:\/\/frontsite.se\/en\/product\/premium-vattenpass-i-aluminium\/\" \/>\n<meta property=\"og:site_name\" content=\"Frontsite\" \/>\n<meta property=\"article:modified_time\" content=\"2025-05-27T07:04:53+00:00\" \/>\n<meta property=\"og:image\" content=\"https:\/\/frontsite.se\/wp-content\/uploads\/2025\/05\/Vattenpass-Stallningsdataljer01.png\" \/>\n\t<meta property=\"og:image:width\" content=\"870\" \/>\n\t<meta property=\"og:image:height\" content=\"197\" \/>\n\t<meta property=\"og:image:type\" content=\"image\/png\" \/>\n<meta name=\"twitter:card\" content=\"summary_large_image\" \/>\n<meta name=\"twitter:label1\" content=\"Estimated reading time\" \/>\n\t<meta name=\"twitter:data1\" content=\"1 minute\" \/>\n<script type=\"application\/ld+json\" class=\"yoast-schema-graph\">{\"@context\":\"https:\/\/schema.org\",\"@graph\":[{\"@type\":\"WebPage\",\"@id\":\"https:\/\/frontsite.se\/produkt\/premium-vattenpass-i-aluminium\/\",\"url\":\"https:\/\/frontsite.se\/produkt\/premium-vattenpass-i-aluminium\/\",\"name\":\"Premium vattenpass i aluminium - Frontsite\",\"isPartOf\":{\"@id\":\"https:\/\/frontsite.se\/#website\"},\"primaryImageOfPage\":{\"@id\":\"https:\/\/frontsite.se\/produkt\/premium-vattenpass-i-aluminium\/#primaryimage\"},\"image\":{\"@id\":\"https:\/\/frontsite.se\/produkt\/premium-vattenpass-i-aluminium\/#primaryimage\"},\"thumbnailUrl\":\"https:\/\/frontsite.se\/wp-content\/uploads\/2025\/05\/Vattenpass-Stallningsdataljer01.png\",\"datePublished\":\"2025-05-20T11:59:02+00:00\",\"dateModified\":\"2025-05-27T07:04:53+00:00\",\"description\":\"Ett h\u00f6gkvalitativt och professionellt Premium vattenpass tillverkat i anodiserad aluminium f\u00f6r maximal h\u00e5llbarhet och precision. med magneter.\",\"breadcrumb\":{\"@id\":\"https:\/\/frontsite.se\/produkt\/premium-vattenpass-i-aluminium\/#breadcrumb\"},\"inLanguage\":\"en-GB\",\"potentialAction\":[{\"@type\":\"ReadAction\",\"target\":[\"https:\/\/frontsite.se\/produkt\/premium-vattenpass-i-aluminium\/\"]}]},{\"@type\":\"ImageObject\",\"inLanguage\":\"en-GB\",\"@id\":\"https:\/\/frontsite.se\/produkt\/premium-vattenpass-i-aluminium\/#primaryimage\",\"url\":\"https:\/\/frontsite.se\/wp-content\/uploads\/2025\/05\/Vattenpass-Stallningsdataljer01.png\",\"contentUrl\":\"https:\/\/frontsite.se\/wp-content\/uploads\/2025\/05\/Vattenpass-Stallningsdataljer01.png\",\"width\":870,\"height\":197},{\"@type\":\"BreadcrumbList\",\"@id\":\"https:\/\/frontsite.se\/produkt\/premium-vattenpass-i-aluminium\/#breadcrumb\",\"itemListElement\":[{\"@type\":\"ListItem\",\"position\":1,\"name\":\"Hem\",\"item\":\"https:\/\/frontsite.se\/\"},{\"@type\":\"ListItem\",\"position\":2,\"name\":\"Shop\",\"item\":\"https:\/\/frontsite.lingonbyran.se\/shop\/\"},{\"@type\":\"ListItem\",\"position\":3,\"name\":\"Premium vattenpass i aluminium\"}]},{\"@type\":\"WebSite\",\"@id\":\"https:\/\/frontsite.se\/#website\",\"url\":\"https:\/\/frontsite.se\/\",\"name\":\"Frontsite\",\"description\":\"Expert P\u00e5 st\u00e4llningsprodukter och profilering\",\"publisher\":{\"@id\":\"https:\/\/frontsite.se\/#organization\"},\"potentialAction\":[{\"@type\":\"SearchAction\",\"target\":{\"@type\":\"EntryPoint\",\"urlTemplate\":\"https:\/\/frontsite.se\/?s={search_term_string}\"},\"query-input\":{\"@type\":\"PropertyValueSpecification\",\"valueRequired\":true,\"valueName\":\"search_term_string\"}}],\"inLanguage\":\"en-GB\"},{\"@type\":\"Organization\",\"@id\":\"https:\/\/frontsite.se\/#organization\",\"name\":\"Frontsite\",\"url\":\"https:\/\/frontsite.se\/\",\"logo\":{\"@type\":\"ImageObject\",\"inLanguage\":\"en-GB\",\"@id\":\"https:\/\/frontsite.se\/#\/schema\/logo\/image\/\",\"url\":\"https:\/\/frontsite.se\/wp-content\/uploads\/2024\/08\/Logo-Ratt-farg.png\",\"contentUrl\":\"https:\/\/frontsite.se\/wp-content\/uploads\/2024\/08\/Logo-Ratt-farg.png\",\"width\":1004,\"height\":1004,\"caption\":\"Frontsite\"},\"image\":{\"@id\":\"https:\/\/frontsite.se\/#\/schema\/logo\/image\/\"}}]}<\/script>\n<!-- \/ Yoast SEO plugin. -->","yoast_head_json":{"title":"Premium vattenpass i aluminium - Frontsite","description":"Ett h\u00f6gkvalitativt och professionellt Premium vattenpass tillverkat i anodiserad aluminium f\u00f6r maximal h\u00e5llbarhet och precision. med magneter.","robots":{"index":"index","follow":"follow","max-snippet":"max-snippet:-1","max-image-preview":"max-image-preview:large","max-video-preview":"max-video-preview:-1"},"canonical":"https:\/\/frontsite.se\/en\/product\/premium-vattenpass-i-aluminium\/","og_locale":"en_GB","og_type":"article","og_title":"Premium vattenpass i aluminium - Frontsite","og_description":"Ett h\u00f6gkvalitativt och professionellt Premium vattenpass tillverkat i anodiserad aluminium f\u00f6r maximal h\u00e5llbarhet och precision. med magneter.","og_url":"https:\/\/frontsite.se\/en\/product\/premium-vattenpass-i-aluminium\/","og_site_name":"Frontsite","article_modified_time":"2025-05-27T07:04:53+00:00","og_image":[{"width":870,"height":197,"url":"https:\/\/frontsite.se\/wp-content\/uploads\/2025\/05\/Vattenpass-Stallningsdataljer01.png","type":"image\/png"}],"twitter_card":"summary_large_image","twitter_misc":{"Estimated reading time":"1 minute"},"schema":{"@context":"https:\/\/schema.org","@graph":[{"@type":"WebPage","@id":"https:\/\/frontsite.se\/produkt\/premium-vattenpass-i-aluminium\/","url":"https:\/\/frontsite.se\/produkt\/premium-vattenpass-i-aluminium\/","name":"Premium vattenpass i aluminium - Frontsite","isPartOf":{"@id":"https:\/\/frontsite.se\/#website"},"primaryImageOfPage":{"@id":"https:\/\/frontsite.se\/produkt\/premium-vattenpass-i-aluminium\/#primaryimage"},"image":{"@id":"https:\/\/frontsite.se\/produkt\/premium-vattenpass-i-aluminium\/#primaryimage"},"thumbnailUrl":"https:\/\/frontsite.se\/wp-content\/uploads\/2025\/05\/Vattenpass-Stallningsdataljer01.png","datePublished":"2025-05-20T11:59:02+00:00","dateModified":"2025-05-27T07:04:53+00:00","description":"Ett h\u00f6gkvalitativt och professionellt Premium vattenpass tillverkat i anodiserad aluminium f\u00f6r maximal h\u00e5llbarhet och precision. med magneter.","breadcrumb":{"@id":"https:\/\/frontsite.se\/produkt\/premium-vattenpass-i-aluminium\/#breadcrumb"},"inLanguage":"en-GB","potentialAction":[{"@type":"ReadAction","target":["https:\/\/frontsite.se\/produkt\/premium-vattenpass-i-aluminium\/"]}]},{"@type":"ImageObject","inLanguage":"en-GB","@id":"https:\/\/frontsite.se\/produkt\/premium-vattenpass-i-aluminium\/#primaryimage","url":"https:\/\/frontsite.se\/wp-content\/uploads\/2025\/05\/Vattenpass-Stallningsdataljer01.png","contentUrl":"https:\/\/frontsite.se\/wp-content\/uploads\/2025\/05\/Vattenpass-Stallningsdataljer01.png","width":870,"height":197},{"@type":"BreadcrumbList","@id":"https:\/\/frontsite.se\/produkt\/premium-vattenpass-i-aluminium\/#breadcrumb","itemListElement":[{"@type":"ListItem","position":1,"name":"Hem","item":"https:\/\/frontsite.se\/"},{"@type":"ListItem","position":2,"name":"Shop","item":"https:\/\/frontsite.lingonbyran.se\/shop\/"},{"@type":"ListItem","position":3,"name":"Premium vattenpass i aluminium"}]},{"@type":"WebSite","@id":"https:\/\/frontsite.se\/#website","url":"https:\/\/frontsite.se\/","name":"Frontsite","description":"Expert P\u00e5 st\u00e4llningsprodukter och profilering","publisher":{"@id":"https:\/\/frontsite.se\/#organization"},"potentialAction":[{"@type":"SearchAction","target":{"@type":"EntryPoint","urlTemplate":"https:\/\/frontsite.se\/?s={search_term_string}"},"query-input":{"@type":"PropertyValueSpecification","valueRequired":true,"valueName":"search_term_string"}}],"inLanguage":"en-GB"},{"@type":"Organization","@id":"https:\/\/frontsite.se\/#organization","name":"Frontsite","url":"https:\/\/frontsite.se\/","logo":{"@type":"ImageObject","inLanguage":"en-GB","@id":"https:\/\/frontsite.se\/#\/schema\/logo\/image\/","url":"https:\/\/frontsite.se\/wp-content\/uploads\/2024\/08\/Logo-Ratt-farg.png","contentUrl":"https:\/\/frontsite.se\/wp-content\/uploads\/2024\/08\/Logo-Ratt-farg.png","width":1004,"height":1004,"caption":"Frontsite"},"image":{"@id":"https:\/\/frontsite.se\/#\/schema\/logo\/image\/"}}]}},"jetpack_sharing_enabled":true,"_links":{"self":[{"href":"https:\/\/frontsite.se\/en\/wp-json\/wp\/v2\/product\/17543","targetHints":{"allow":["GET"]}}],"collection":[{"href":"https:\/\/frontsite.se\/en\/wp-json\/wp\/v2\/product"}],"about":[{"href":"https:\/\/frontsite.se\/en\/wp-json\/wp\/v2\/types\/product"}],"replies":[{"embeddable":true,"href":"https:\/\/frontsite.se\/en\/wp-json\/wp\/v2\/comments?post=17543"}],"version-history":[{"count":1,"href":"https:\/\/frontsite.se\/en\/wp-json\/wp\/v2\/product\/17543\/revisions"}],"predecessor-version":[{"id":17547,"href":"https:\/\/frontsite.se\/en\/wp-json\/wp\/v2\/product\/17543\/revisions\/17547"}],"wp:featuredmedia":[{"embeddable":true,"href":"https:\/\/frontsite.se\/en\/wp-json\/wp\/v2\/media\/17546"}],"wp:attachment":[{"href":"https:\/\/frontsite.se\/en\/wp-json\/wp\/v2\/media?parent=17543"}],"wp:term":[{"taxonomy":"product_cat","embeddable":true,"href":"https:\/\/frontsite.se\/en\/wp-json\/wp\/v2\/product_cat?post=17543"},{"taxonomy":"product_tag","embeddable":true,"href":"https:\/\/frontsite.se\/en\/wp-json\/wp\/v2\/product_tag?post=17543"}],"curies":[{"name":"wp","href":"https:\/\/api.w.org\/{rel}","templated":true}]}}