{"id":17314,"date":"2024-09-24T13:20:35","date_gmt":"2024-09-24T13:20:35","guid":{"rendered":"https:\/\/frontsite.se\/?post_type=product&#038;p=17314"},"modified":"2025-03-10T08:13:51","modified_gmt":"2025-03-10T08:13:51","slug":"arbetsbelysning-led-slinga-50-m-pa-plastrulle-1500lm-m","status":"publish","type":"product","link":"https:\/\/frontsite.se\/en\/product\/arbetsbelysning-led-slinga-50-m-pa-plastrulle-1500lm-m\/","title":{"rendered":"Work light LED loop 50 m on plastic roll 1500lm\/m"},"content":{"rendered":"<h2 class=\"text-base-md font-bold normal-case mb-2\" data-v-464ff45d=\"\">Produktinformation<\/h2>\n<div data-v-464ff45d=\"\">Flex-Line V2.0 \u00e4r en mycket kraftfull 50 meter l\u00e5ng LED slinga med 180 st LED dioder per meter som ger 1500 Lumen per meter vilket ger dig 75000 Lumen \u00f6ver hela 50 meters l\u00e4ngden! Hela slingan \u00e4r utrustad med totalt 9000 st LED dioder av h\u00f6g kvalitet som ger ett j\u00e4mnt starkt och brett ljusfl\u00f6de \u00f6ver hela l\u00e4ngden utan n\u00e5gra m\u00f6rka partier. LED slingan kopplas direkt till 230V uttaget, \u00e4r energisn\u00e5l och upprullad p\u00e5 en kabeltrumma i plast. Slingan \u00e4r uppdelad i olika segment vilket g\u00f6r att om en del av slingan slutar lysa s\u00e5 lyser fortfarande alla \u00f6vriga delar p\u00e5 slingan. Framtagen f\u00f6r den professionella anv\u00e4ndaren med h\u00f6ga krav p\u00e5 h\u00e5llbarhet och prestanda. Avsedd att anv\u00e4ndas p\u00e5 alla typer av byggarbetsplatser b\u00e5de som allm\u00e4nbelysning men \u00e4ven i g\u00e5ngar, trappor, hisschakt, p\u00e5 r\u00e4cken, byggnadsst\u00e4llningar, runt utg\u00e5ngar, fasad och skyltbelysning mm. Ex.vis ers\u00e4tter en 50 meters Flex-Line slinga 12 st &#8221;boj&#8221; belysningar och tar b\u00e5de mindre plats, g\u00e5r snabbare att s\u00e4tta upp samt ger ett b\u00e4ttre ljus utan n\u00e5gra m\u00f6rkare ytor. IP65 klassad och godk\u00e4nd. 1,5 meter l\u00e5ng gummikabel med snabbkoppling och 230V stickpropp i ena \u00e4nden. Flex-Line \u00e4r mjuk och f\u00f6ljsam att arbeta med tack vare den h\u00f6ga kvaliteten p\u00e5 plastblandningen samtidigt som den \u00e4r b\u00e5de t\u00e5lig och robust. Sp\u00e4nning: 220-240V. L\u00e4ngd: 50 meter. Bredd x h\u00f6jd: 18 mm x 8 mm. Lysstyrka per meter: 1500 lumen per meter. Str\u00f6mf\u00f6rbrukning: 600W &#8211; 12W per meter. Lysf\u00e4rg: 4000K. Ljusspridning: 120\u00b0. IP klass: IP65. CRI: 80RA. Anv\u00e4ndnings temperatur: -35\u00b0C &#8211; +45\u00b0C. Livsl\u00e4ngd: Minst 30.000 timmar (L70). LED typ och antal: SMD med 180 st LED dioder per meter. CE och Rohs godk\u00e4nd. Levereras i kartong.<\/div>","protected":false},"excerpt":{"rendered":"<p>Produktinformation Flex-Line V2.0 \u00e4r en mycket kraftfull 50 meter l\u00e5ng LED slinga med 180 st LED dioder per meter som<\/p>","protected":false},"featured_media":17315,"comment_status":"open","ping_status":"closed","template":"","meta":[],"product_cat":[175,176],"product_tag":[],"class_list":{"0":"post-17314","1":"product","2":"type-product","3":"status-publish","4":"has-post-thumbnail","6":"product_cat-arbetslampor-och-led-slingor","7":"product_cat-led-slingor","9":"first","10":"instock","11":"taxable","12":"shipping-taxable","13":"purchasable","14":"product-type-simple"},"yoast_head":"<!-- This site is optimized with the Yoast SEO plugin v24.1 - https:\/\/yoast.com\/wordpress\/plugins\/seo\/ -->\n<title>Arbetsbelysning LED slinga 50 m p\u00e5 plastrulle 1500lm\/m - Frontsite<\/title>\n<meta name=\"description\" content=\"LED slinga 1500 Lumen per meter vilket ger dig 75000 Lumen \u00f6ver hela 50m totalt 9000 st LED dioder ger ett j\u00e4mnt starkt och brett ljusfl\u00f6de\" \/>\n<meta name=\"robots\" content=\"index, follow, max-snippet:-1, max-image-preview:large, max-video-preview:-1\" \/>\n<link rel=\"canonical\" href=\"https:\/\/frontsite.se\/en\/product\/arbetsbelysning-led-slinga-50-m-pa-plastrulle-1500lm-m\/\" \/>\n<meta property=\"og:locale\" content=\"en_GB\" \/>\n<meta property=\"og:type\" content=\"article\" \/>\n<meta property=\"og:title\" content=\"Arbetsbelysning LED slinga 50 m p\u00e5 plastrulle 1500lm\/m - Frontsite\" \/>\n<meta property=\"og:description\" content=\"LED slinga 1500 Lumen per meter vilket ger dig 75000 Lumen \u00f6ver hela 50m totalt 9000 st LED dioder ger ett j\u00e4mnt starkt och brett ljusfl\u00f6de\" \/>\n<meta property=\"og:url\" content=\"https:\/\/frontsite.se\/en\/product\/arbetsbelysning-led-slinga-50-m-pa-plastrulle-1500lm-m\/\" \/>\n<meta property=\"og:site_name\" content=\"Frontsite\" \/>\n<meta property=\"article:modified_time\" content=\"2025-03-10T08:13:51+00:00\" \/>\n<meta property=\"og:image\" content=\"https:\/\/frontsite.se\/wp-content\/uploads\/2024\/09\/arbetsbelysning-led-slinga-50-100-m-pa-plastrulle-64373_1.jpg\" \/>\n\t<meta property=\"og:image:width\" content=\"1181\" \/>\n\t<meta property=\"og:image:height\" content=\"1181\" \/>\n\t<meta property=\"og:image:type\" content=\"image\/jpeg\" \/>\n<meta name=\"twitter:card\" content=\"summary_large_image\" \/>\n<meta name=\"twitter:label1\" content=\"Estimated reading time\" \/>\n\t<meta name=\"twitter:data1\" content=\"2 minutes\" \/>\n<script type=\"application\/ld+json\" class=\"yoast-schema-graph\">{\"@context\":\"https:\/\/schema.org\",\"@graph\":[{\"@type\":\"WebPage\",\"@id\":\"https:\/\/frontsite.se\/produkt\/arbetsbelysning-led-slinga-50-m-pa-plastrulle-1500lm-m\/\",\"url\":\"https:\/\/frontsite.se\/produkt\/arbetsbelysning-led-slinga-50-m-pa-plastrulle-1500lm-m\/\",\"name\":\"Arbetsbelysning LED slinga 50 m p\u00e5 plastrulle 1500lm\/m - Frontsite\",\"isPartOf\":{\"@id\":\"https:\/\/frontsite.se\/#website\"},\"primaryImageOfPage\":{\"@id\":\"https:\/\/frontsite.se\/produkt\/arbetsbelysning-led-slinga-50-m-pa-plastrulle-1500lm-m\/#primaryimage\"},\"image\":{\"@id\":\"https:\/\/frontsite.se\/produkt\/arbetsbelysning-led-slinga-50-m-pa-plastrulle-1500lm-m\/#primaryimage\"},\"thumbnailUrl\":\"https:\/\/frontsite.se\/wp-content\/uploads\/2024\/09\/arbetsbelysning-led-slinga-50-100-m-pa-plastrulle-64373_1.jpg\",\"datePublished\":\"2024-09-24T13:20:35+00:00\",\"dateModified\":\"2025-03-10T08:13:51+00:00\",\"description\":\"LED slinga 1500 Lumen per meter vilket ger dig 75000 Lumen \u00f6ver hela 50m totalt 9000 st LED dioder ger ett j\u00e4mnt starkt och brett ljusfl\u00f6de\",\"breadcrumb\":{\"@id\":\"https:\/\/frontsite.se\/produkt\/arbetsbelysning-led-slinga-50-m-pa-plastrulle-1500lm-m\/#breadcrumb\"},\"inLanguage\":\"en-GB\",\"potentialAction\":[{\"@type\":\"ReadAction\",\"target\":[\"https:\/\/frontsite.se\/produkt\/arbetsbelysning-led-slinga-50-m-pa-plastrulle-1500lm-m\/\"]}]},{\"@type\":\"ImageObject\",\"inLanguage\":\"en-GB\",\"@id\":\"https:\/\/frontsite.se\/produkt\/arbetsbelysning-led-slinga-50-m-pa-plastrulle-1500lm-m\/#primaryimage\",\"url\":\"https:\/\/frontsite.se\/wp-content\/uploads\/2024\/09\/arbetsbelysning-led-slinga-50-100-m-pa-plastrulle-64373_1.jpg\",\"contentUrl\":\"https:\/\/frontsite.se\/wp-content\/uploads\/2024\/09\/arbetsbelysning-led-slinga-50-100-m-pa-plastrulle-64373_1.jpg\",\"width\":1181,\"height\":1181},{\"@type\":\"BreadcrumbList\",\"@id\":\"https:\/\/frontsite.se\/produkt\/arbetsbelysning-led-slinga-50-m-pa-plastrulle-1500lm-m\/#breadcrumb\",\"itemListElement\":[{\"@type\":\"ListItem\",\"position\":1,\"name\":\"Hem\",\"item\":\"https:\/\/frontsite.se\/\"},{\"@type\":\"ListItem\",\"position\":2,\"name\":\"Shop\",\"item\":\"https:\/\/frontsite.lingonbyran.se\/shop\/\"},{\"@type\":\"ListItem\",\"position\":3,\"name\":\"Arbetsbelysning LED slinga 50 m p\u00e5 plastrulle 1500lm\/m\"}]},{\"@type\":\"WebSite\",\"@id\":\"https:\/\/frontsite.se\/#website\",\"url\":\"https:\/\/frontsite.se\/\",\"name\":\"Frontsite\",\"description\":\"Expert P\u00e5 st\u00e4llningsprodukter och profilering\",\"publisher\":{\"@id\":\"https:\/\/frontsite.se\/#organization\"},\"potentialAction\":[{\"@type\":\"SearchAction\",\"target\":{\"@type\":\"EntryPoint\",\"urlTemplate\":\"https:\/\/frontsite.se\/?s={search_term_string}\"},\"query-input\":{\"@type\":\"PropertyValueSpecification\",\"valueRequired\":true,\"valueName\":\"search_term_string\"}}],\"inLanguage\":\"en-GB\"},{\"@type\":\"Organization\",\"@id\":\"https:\/\/frontsite.se\/#organization\",\"name\":\"Frontsite\",\"url\":\"https:\/\/frontsite.se\/\",\"logo\":{\"@type\":\"ImageObject\",\"inLanguage\":\"en-GB\",\"@id\":\"https:\/\/frontsite.se\/#\/schema\/logo\/image\/\",\"url\":\"https:\/\/frontsite.se\/wp-content\/uploads\/2024\/08\/Logo-Ratt-farg.png\",\"contentUrl\":\"https:\/\/frontsite.se\/wp-content\/uploads\/2024\/08\/Logo-Ratt-farg.png\",\"width\":1004,\"height\":1004,\"caption\":\"Frontsite\"},\"image\":{\"@id\":\"https:\/\/frontsite.se\/#\/schema\/logo\/image\/\"}}]}<\/script>\n<!-- \/ Yoast SEO plugin. -->","yoast_head_json":{"title":"Arbetsbelysning LED slinga 50 m p\u00e5 plastrulle 1500lm\/m - Frontsite","description":"LED slinga 1500 Lumen per meter vilket ger dig 75000 Lumen \u00f6ver hela 50m totalt 9000 st LED dioder ger ett j\u00e4mnt starkt och brett ljusfl\u00f6de","robots":{"index":"index","follow":"follow","max-snippet":"max-snippet:-1","max-image-preview":"max-image-preview:large","max-video-preview":"max-video-preview:-1"},"canonical":"https:\/\/frontsite.se\/en\/product\/arbetsbelysning-led-slinga-50-m-pa-plastrulle-1500lm-m\/","og_locale":"en_GB","og_type":"article","og_title":"Arbetsbelysning LED slinga 50 m p\u00e5 plastrulle 1500lm\/m - Frontsite","og_description":"LED slinga 1500 Lumen per meter vilket ger dig 75000 Lumen \u00f6ver hela 50m totalt 9000 st LED dioder ger ett j\u00e4mnt starkt och brett ljusfl\u00f6de","og_url":"https:\/\/frontsite.se\/en\/product\/arbetsbelysning-led-slinga-50-m-pa-plastrulle-1500lm-m\/","og_site_name":"Frontsite","article_modified_time":"2025-03-10T08:13:51+00:00","og_image":[{"width":1181,"height":1181,"url":"https:\/\/frontsite.se\/wp-content\/uploads\/2024\/09\/arbetsbelysning-led-slinga-50-100-m-pa-plastrulle-64373_1.jpg","type":"image\/jpeg"}],"twitter_card":"summary_large_image","twitter_misc":{"Estimated reading time":"2 minutes"},"schema":{"@context":"https:\/\/schema.org","@graph":[{"@type":"WebPage","@id":"https:\/\/frontsite.se\/produkt\/arbetsbelysning-led-slinga-50-m-pa-plastrulle-1500lm-m\/","url":"https:\/\/frontsite.se\/produkt\/arbetsbelysning-led-slinga-50-m-pa-plastrulle-1500lm-m\/","name":"Arbetsbelysning LED slinga 50 m p\u00e5 plastrulle 1500lm\/m - Frontsite","isPartOf":{"@id":"https:\/\/frontsite.se\/#website"},"primaryImageOfPage":{"@id":"https:\/\/frontsite.se\/produkt\/arbetsbelysning-led-slinga-50-m-pa-plastrulle-1500lm-m\/#primaryimage"},"image":{"@id":"https:\/\/frontsite.se\/produkt\/arbetsbelysning-led-slinga-50-m-pa-plastrulle-1500lm-m\/#primaryimage"},"thumbnailUrl":"https:\/\/frontsite.se\/wp-content\/uploads\/2024\/09\/arbetsbelysning-led-slinga-50-100-m-pa-plastrulle-64373_1.jpg","datePublished":"2024-09-24T13:20:35+00:00","dateModified":"2025-03-10T08:13:51+00:00","description":"LED slinga 1500 Lumen per meter vilket ger dig 75000 Lumen \u00f6ver hela 50m totalt 9000 st LED dioder ger ett j\u00e4mnt starkt och brett ljusfl\u00f6de","breadcrumb":{"@id":"https:\/\/frontsite.se\/produkt\/arbetsbelysning-led-slinga-50-m-pa-plastrulle-1500lm-m\/#breadcrumb"},"inLanguage":"en-GB","potentialAction":[{"@type":"ReadAction","target":["https:\/\/frontsite.se\/produkt\/arbetsbelysning-led-slinga-50-m-pa-plastrulle-1500lm-m\/"]}]},{"@type":"ImageObject","inLanguage":"en-GB","@id":"https:\/\/frontsite.se\/produkt\/arbetsbelysning-led-slinga-50-m-pa-plastrulle-1500lm-m\/#primaryimage","url":"https:\/\/frontsite.se\/wp-content\/uploads\/2024\/09\/arbetsbelysning-led-slinga-50-100-m-pa-plastrulle-64373_1.jpg","contentUrl":"https:\/\/frontsite.se\/wp-content\/uploads\/2024\/09\/arbetsbelysning-led-slinga-50-100-m-pa-plastrulle-64373_1.jpg","width":1181,"height":1181},{"@type":"BreadcrumbList","@id":"https:\/\/frontsite.se\/produkt\/arbetsbelysning-led-slinga-50-m-pa-plastrulle-1500lm-m\/#breadcrumb","itemListElement":[{"@type":"ListItem","position":1,"name":"Hem","item":"https:\/\/frontsite.se\/"},{"@type":"ListItem","position":2,"name":"Shop","item":"https:\/\/frontsite.lingonbyran.se\/shop\/"},{"@type":"ListItem","position":3,"name":"Arbetsbelysning LED slinga 50 m p\u00e5 plastrulle 1500lm\/m"}]},{"@type":"WebSite","@id":"https:\/\/frontsite.se\/#website","url":"https:\/\/frontsite.se\/","name":"Frontsite","description":"Expert P\u00e5 st\u00e4llningsprodukter och profilering","publisher":{"@id":"https:\/\/frontsite.se\/#organization"},"potentialAction":[{"@type":"SearchAction","target":{"@type":"EntryPoint","urlTemplate":"https:\/\/frontsite.se\/?s={search_term_string}"},"query-input":{"@type":"PropertyValueSpecification","valueRequired":true,"valueName":"search_term_string"}}],"inLanguage":"en-GB"},{"@type":"Organization","@id":"https:\/\/frontsite.se\/#organization","name":"Frontsite","url":"https:\/\/frontsite.se\/","logo":{"@type":"ImageObject","inLanguage":"en-GB","@id":"https:\/\/frontsite.se\/#\/schema\/logo\/image\/","url":"https:\/\/frontsite.se\/wp-content\/uploads\/2024\/08\/Logo-Ratt-farg.png","contentUrl":"https:\/\/frontsite.se\/wp-content\/uploads\/2024\/08\/Logo-Ratt-farg.png","width":1004,"height":1004,"caption":"Frontsite"},"image":{"@id":"https:\/\/frontsite.se\/#\/schema\/logo\/image\/"}}]}},"jetpack_sharing_enabled":true,"_links":{"self":[{"href":"https:\/\/frontsite.se\/en\/wp-json\/wp\/v2\/product\/17314","targetHints":{"allow":["GET"]}}],"collection":[{"href":"https:\/\/frontsite.se\/en\/wp-json\/wp\/v2\/product"}],"about":[{"href":"https:\/\/frontsite.se\/en\/wp-json\/wp\/v2\/types\/product"}],"replies":[{"embeddable":true,"href":"https:\/\/frontsite.se\/en\/wp-json\/wp\/v2\/comments?post=17314"}],"version-history":[{"count":1,"href":"https:\/\/frontsite.se\/en\/wp-json\/wp\/v2\/product\/17314\/revisions"}],"predecessor-version":[{"id":17316,"href":"https:\/\/frontsite.se\/en\/wp-json\/wp\/v2\/product\/17314\/revisions\/17316"}],"wp:featuredmedia":[{"embeddable":true,"href":"https:\/\/frontsite.se\/en\/wp-json\/wp\/v2\/media\/17315"}],"wp:attachment":[{"href":"https:\/\/frontsite.se\/en\/wp-json\/wp\/v2\/media?parent=17314"}],"wp:term":[{"taxonomy":"product_cat","embeddable":true,"href":"https:\/\/frontsite.se\/en\/wp-json\/wp\/v2\/product_cat?post=17314"},{"taxonomy":"product_tag","embeddable":true,"href":"https:\/\/frontsite.se\/en\/wp-json\/wp\/v2\/product_tag?post=17314"}],"curies":[{"name":"wp","href":"https:\/\/api.w.org\/{rel}","templated":true}]}}