{"id":17302,"date":"2024-09-24T11:07:54","date_gmt":"2024-09-24T11:07:54","guid":{"rendered":"https:\/\/frontsite.se\/?post_type=product&#038;p=17302"},"modified":"2025-03-10T08:13:50","modified_gmt":"2025-03-10T08:13:50","slug":"arbetsbelysning-led-slinga-flimmerfri-25-m-trumma","status":"publish","type":"product","link":"https:\/\/frontsite.se\/en\/product\/arbetsbelysning-led-slinga-flimmerfri-25-m-trumma\/","title":{"rendered":"Work light LED loop flicker-free 25 m, drum"},"content":{"rendered":"<h2 class=\"text-base-md font-bold normal-case mb-2\" data-v-464ff45d=\"\">Produktinformation<\/h2>\n<div data-v-464ff45d=\"\">Blue Electric Flex-Line Flimmerfri \u00e4r en mycket kraftfull 25 meter l\u00e5ng &#8221;flimmerfri&#8221; LED slinga som ger ett behagligare och f\u00f6r \u00f6gat mindre anstr\u00e4ngande och belastande ljus. H\u00e4r \u00e4r de viktigaste egenskaperna och f\u00f6rdelarna med flimmerfri LED belysning: Konsekvent ljusfl\u00f6de: Flimmerfri LED belysning ger ett stabilt och kontinuerligt ljusfl\u00f6de vilket undviker de snabba variationerna som annars orsakar flimmer. F\u00f6rb\u00e4ttrad visuell komfort: Att eliminera flimmer bidrar till minskad \u00f6gontr\u00f6tthet och huvudv\u00e4rk vilket ger en mer bekv\u00e4m belysning, fr\u00e4mst vid l\u00e5ngvarig exponering. H\u00f6gkvalitativ str\u00f6mf\u00f6rs\u00f6rjning: Flimmerfri LED belysning har b\u00e4ttre och mer h\u00f6gkvalitativa drivers och str\u00f6mf\u00f6rs\u00f6rjningar som omvandlar AC till DC-str\u00f6m mer effektivt och smidigt vilket ger en stabil j\u00e4mn str\u00f6m till LED belysningen. Sammanfattningsvis \u00e4r flimmerfri LED belysning utformade f\u00f6r att ge en mer stabil och bekv\u00e4m belysningsupplevelse, s\u00e4rskilt f\u00f6rdelaktigt i milj\u00f6er d\u00e4r m\u00e4nniskor tillbringar mycket tid eller d\u00e4r h\u00f6gkvalitativ belysning \u00e4r v\u00e4sentlig. Slingan har 180 st LED dioder per meter som ger 1280 Lumen per meter vilket ger dig 32000 Lumen \u00f6ver hela 25 meters l\u00e4ngden! Du kan \u00e4ven koppla ihop tv\u00e5 st 25 meters slingor och f\u00e5 50 meter ljus p\u00e5 ett uttag! Hela slingan \u00e4r utrustad med totalt 4500 st LED dioder av h\u00f6g kvalitet som ger ett j\u00e4mnt starkt och brett ljusfl\u00f6de \u00f6ver hela l\u00e4ngden utan n\u00e5gra m\u00f6rka partier. LED slingan kopplas direkt till 230V uttaget, \u00e4r energisn\u00e5l och upprullad p\u00e5 en kabeltrumma i plast. Slingan \u00e4r uppdelad i olika segment vilket g\u00f6r att om en del av slingan slutar lysa s\u00e5 lyser fortfarande alla \u00f6vriga delar p\u00e5 slingan. Framtagen f\u00f6r den professionella anv\u00e4ndaren med h\u00f6ga krav p\u00e5 h\u00e5llbarhet och prestanda. Avsedd att anv\u00e4ndas b\u00e5de inom och utomhus p\u00e5 alla typer av byggarbetsplatser b\u00e5de som allm\u00e4nbelysning men \u00e4ven i g\u00e5ngar, trappor, hisschakt, p\u00e5 r\u00e4cken, byggnadsst\u00e4llningar, runt utg\u00e5ngar, fasad och skyltbelysning mm. Ex.vis ers\u00e4tter en 25 meters Flex-Line slinga 6 st &#8221;boj&#8221; belysningar och tar b\u00e5de mindre plats, g\u00e5r snabbare att s\u00e4tta upp samt ger ett b\u00e4ttre ljus utan n\u00e5gra m\u00f6rkare ytor. IP65 klassad och godk\u00e4nd. 1,5 meter l\u00e5ng gummikabel med snabbkoppling och 230V stickpropp i ena \u00e4nden. Flex-Line \u00e4r mjuk och f\u00f6ljsam att arbeta med tack vare den h\u00f6ga kvaliteten p\u00e5 plastblandningen samtidigt som den \u00e4r b\u00e5de t\u00e5lig och robust. Sp\u00e4nning: 220-240V. L\u00e4ngd: 25 meter. Bredd x h\u00f6jd: 18 mm x 8 mm. Lysstyrka per meter: 1280 lumen per meter. Str\u00f6mf\u00f6rbrukning: 300W &#8211; 12W per meter. Lysf\u00e4rg: 4000K. Ljusspridning: 120\u00b0. IP klass: IP65. CRI: +80. Anv\u00e4ndnings temperatur: -35\u00b0C &#8211; +45\u00b0C. Livsl\u00e4ngd: Minst 30.000 timmar (L70). LED typ och antal: SMD med 180 st LED dioder per meter. CE och Rohs godk\u00e4nd. Levereras i kartong.<\/div>","protected":false},"excerpt":{"rendered":"<p>Produktinformation Blue Electric Flex-Line Flimmerfri \u00e4r en mycket kraftfull 25 meter l\u00e5ng &#8221;flimmerfri&#8221; LED slinga som ger ett behagligare och<\/p>","protected":false},"featured_media":17303,"comment_status":"open","ping_status":"closed","template":"","meta":[],"product_cat":[70],"product_tag":[],"class_list":{"0":"post-17302","1":"product","2":"type-product","3":"status-publish","4":"has-post-thumbnail","6":"product_cat-stallning-bygg-tillbehor","8":"first","9":"instock","10":"taxable","11":"shipping-taxable","12":"purchasable","13":"product-type-simple"},"yoast_head":"<!-- This site is optimized with the Yoast SEO plugin v24.1 - https:\/\/yoast.com\/wordpress\/plugins\/seo\/ -->\n<title>Arbetsbelysning LED slinga flimmerfri 25 m, trumma - Frontsite<\/title>\n<meta name=\"description\" content=\"Konsekvent ljusfl\u00f6de: Flimmerfri LED belysning ger ett stabilt och kontinuerligt ljusfl\u00f6de vilket undviker de snabba variationerna som annars orsakar flimmer. F\u00f6rb\u00e4ttrad visuell komfort: Att eliminera flimmer bidrar till minskad \u00f6gontr\u00f6tthet och huvudv\u00e4rk vilket ger en mer bekv\u00e4m belysning, fr\u00e4mst vid l\u00e5ngvarig exponering.\" \/>\n<meta name=\"robots\" content=\"index, follow, max-snippet:-1, max-image-preview:large, max-video-preview:-1\" \/>\n<link rel=\"canonical\" href=\"https:\/\/frontsite.se\/en\/product\/arbetsbelysning-led-slinga-flimmerfri-25-m-trumma\/\" \/>\n<meta property=\"og:locale\" content=\"en_GB\" \/>\n<meta property=\"og:type\" content=\"article\" \/>\n<meta property=\"og:title\" content=\"Arbetsbelysning LED slinga flimmerfri 25 m, trumma - Frontsite\" \/>\n<meta property=\"og:description\" content=\"Konsekvent ljusfl\u00f6de: Flimmerfri LED belysning ger ett stabilt och kontinuerligt ljusfl\u00f6de vilket undviker de snabba variationerna som annars orsakar flimmer. F\u00f6rb\u00e4ttrad visuell komfort: Att eliminera flimmer bidrar till minskad \u00f6gontr\u00f6tthet och huvudv\u00e4rk vilket ger en mer bekv\u00e4m belysning, fr\u00e4mst vid l\u00e5ngvarig exponering.\" \/>\n<meta property=\"og:url\" content=\"https:\/\/frontsite.se\/en\/product\/arbetsbelysning-led-slinga-flimmerfri-25-m-trumma\/\" \/>\n<meta property=\"og:site_name\" content=\"Frontsite\" \/>\n<meta property=\"article:modified_time\" content=\"2025-03-10T08:13:50+00:00\" \/>\n<meta property=\"og:image\" content=\"https:\/\/frontsite.se\/wp-content\/uploads\/2024\/09\/Arbetsbelysning-LED-slinga-flimmerfri-25-m-trumma-64965.png\" \/>\n\t<meta property=\"og:image:width\" content=\"723\" \/>\n\t<meta property=\"og:image:height\" content=\"985\" \/>\n\t<meta property=\"og:image:type\" content=\"image\/png\" \/>\n<meta name=\"twitter:card\" content=\"summary_large_image\" \/>\n<meta name=\"twitter:label1\" content=\"Estimated reading time\" \/>\n\t<meta name=\"twitter:data1\" content=\"3 minutes\" \/>\n<script type=\"application\/ld+json\" class=\"yoast-schema-graph\">{\"@context\":\"https:\/\/schema.org\",\"@graph\":[{\"@type\":\"WebPage\",\"@id\":\"https:\/\/frontsite.se\/produkt\/arbetsbelysning-led-slinga-flimmerfri-25-m-trumma\/\",\"url\":\"https:\/\/frontsite.se\/produkt\/arbetsbelysning-led-slinga-flimmerfri-25-m-trumma\/\",\"name\":\"Arbetsbelysning LED slinga flimmerfri 25 m, trumma - Frontsite\",\"isPartOf\":{\"@id\":\"https:\/\/frontsite.se\/#website\"},\"primaryImageOfPage\":{\"@id\":\"https:\/\/frontsite.se\/produkt\/arbetsbelysning-led-slinga-flimmerfri-25-m-trumma\/#primaryimage\"},\"image\":{\"@id\":\"https:\/\/frontsite.se\/produkt\/arbetsbelysning-led-slinga-flimmerfri-25-m-trumma\/#primaryimage\"},\"thumbnailUrl\":\"https:\/\/frontsite.se\/wp-content\/uploads\/2024\/09\/Arbetsbelysning-LED-slinga-flimmerfri-25-m-trumma-64965.png\",\"datePublished\":\"2024-09-24T11:07:54+00:00\",\"dateModified\":\"2025-03-10T08:13:50+00:00\",\"description\":\"Konsekvent ljusfl\u00f6de: Flimmerfri LED belysning ger ett stabilt och kontinuerligt ljusfl\u00f6de vilket undviker de snabba variationerna som annars orsakar flimmer. F\u00f6rb\u00e4ttrad visuell komfort: Att eliminera flimmer bidrar till minskad \u00f6gontr\u00f6tthet och huvudv\u00e4rk vilket ger en mer bekv\u00e4m belysning, fr\u00e4mst vid l\u00e5ngvarig exponering.\",\"breadcrumb\":{\"@id\":\"https:\/\/frontsite.se\/produkt\/arbetsbelysning-led-slinga-flimmerfri-25-m-trumma\/#breadcrumb\"},\"inLanguage\":\"en-GB\",\"potentialAction\":[{\"@type\":\"ReadAction\",\"target\":[\"https:\/\/frontsite.se\/produkt\/arbetsbelysning-led-slinga-flimmerfri-25-m-trumma\/\"]}]},{\"@type\":\"ImageObject\",\"inLanguage\":\"en-GB\",\"@id\":\"https:\/\/frontsite.se\/produkt\/arbetsbelysning-led-slinga-flimmerfri-25-m-trumma\/#primaryimage\",\"url\":\"https:\/\/frontsite.se\/wp-content\/uploads\/2024\/09\/Arbetsbelysning-LED-slinga-flimmerfri-25-m-trumma-64965.png\",\"contentUrl\":\"https:\/\/frontsite.se\/wp-content\/uploads\/2024\/09\/Arbetsbelysning-LED-slinga-flimmerfri-25-m-trumma-64965.png\",\"width\":723,\"height\":985},{\"@type\":\"BreadcrumbList\",\"@id\":\"https:\/\/frontsite.se\/produkt\/arbetsbelysning-led-slinga-flimmerfri-25-m-trumma\/#breadcrumb\",\"itemListElement\":[{\"@type\":\"ListItem\",\"position\":1,\"name\":\"Hem\",\"item\":\"https:\/\/frontsite.se\/\"},{\"@type\":\"ListItem\",\"position\":2,\"name\":\"Shop\",\"item\":\"https:\/\/frontsite.lingonbyran.se\/shop\/\"},{\"@type\":\"ListItem\",\"position\":3,\"name\":\"Arbetsbelysning LED slinga flimmerfri 25 m, trumma\"}]},{\"@type\":\"WebSite\",\"@id\":\"https:\/\/frontsite.se\/#website\",\"url\":\"https:\/\/frontsite.se\/\",\"name\":\"Frontsite\",\"description\":\"Expert P\u00e5 st\u00e4llningsprodukter och profilering\",\"publisher\":{\"@id\":\"https:\/\/frontsite.se\/#organization\"},\"potentialAction\":[{\"@type\":\"SearchAction\",\"target\":{\"@type\":\"EntryPoint\",\"urlTemplate\":\"https:\/\/frontsite.se\/?s={search_term_string}\"},\"query-input\":{\"@type\":\"PropertyValueSpecification\",\"valueRequired\":true,\"valueName\":\"search_term_string\"}}],\"inLanguage\":\"en-GB\"},{\"@type\":\"Organization\",\"@id\":\"https:\/\/frontsite.se\/#organization\",\"name\":\"Frontsite\",\"url\":\"https:\/\/frontsite.se\/\",\"logo\":{\"@type\":\"ImageObject\",\"inLanguage\":\"en-GB\",\"@id\":\"https:\/\/frontsite.se\/#\/schema\/logo\/image\/\",\"url\":\"https:\/\/frontsite.se\/wp-content\/uploads\/2024\/08\/Logo-Ratt-farg.png\",\"contentUrl\":\"https:\/\/frontsite.se\/wp-content\/uploads\/2024\/08\/Logo-Ratt-farg.png\",\"width\":1004,\"height\":1004,\"caption\":\"Frontsite\"},\"image\":{\"@id\":\"https:\/\/frontsite.se\/#\/schema\/logo\/image\/\"}}]}<\/script>\n<!-- \/ Yoast SEO plugin. -->","yoast_head_json":{"title":"Arbetsbelysning LED slinga flimmerfri 25 m, trumma - Frontsite","description":"Konsekvent ljusfl\u00f6de: Flimmerfri LED belysning ger ett stabilt och kontinuerligt ljusfl\u00f6de vilket undviker de snabba variationerna som annars orsakar flimmer. F\u00f6rb\u00e4ttrad visuell komfort: Att eliminera flimmer bidrar till minskad \u00f6gontr\u00f6tthet och huvudv\u00e4rk vilket ger en mer bekv\u00e4m belysning, fr\u00e4mst vid l\u00e5ngvarig exponering.","robots":{"index":"index","follow":"follow","max-snippet":"max-snippet:-1","max-image-preview":"max-image-preview:large","max-video-preview":"max-video-preview:-1"},"canonical":"https:\/\/frontsite.se\/en\/product\/arbetsbelysning-led-slinga-flimmerfri-25-m-trumma\/","og_locale":"en_GB","og_type":"article","og_title":"Arbetsbelysning LED slinga flimmerfri 25 m, trumma - Frontsite","og_description":"Konsekvent ljusfl\u00f6de: Flimmerfri LED belysning ger ett stabilt och kontinuerligt ljusfl\u00f6de vilket undviker de snabba variationerna som annars orsakar flimmer. F\u00f6rb\u00e4ttrad visuell komfort: Att eliminera flimmer bidrar till minskad \u00f6gontr\u00f6tthet och huvudv\u00e4rk vilket ger en mer bekv\u00e4m belysning, fr\u00e4mst vid l\u00e5ngvarig exponering.","og_url":"https:\/\/frontsite.se\/en\/product\/arbetsbelysning-led-slinga-flimmerfri-25-m-trumma\/","og_site_name":"Frontsite","article_modified_time":"2025-03-10T08:13:50+00:00","og_image":[{"width":723,"height":985,"url":"https:\/\/frontsite.se\/wp-content\/uploads\/2024\/09\/Arbetsbelysning-LED-slinga-flimmerfri-25-m-trumma-64965.png","type":"image\/png"}],"twitter_card":"summary_large_image","twitter_misc":{"Estimated reading time":"3 minutes"},"schema":{"@context":"https:\/\/schema.org","@graph":[{"@type":"WebPage","@id":"https:\/\/frontsite.se\/produkt\/arbetsbelysning-led-slinga-flimmerfri-25-m-trumma\/","url":"https:\/\/frontsite.se\/produkt\/arbetsbelysning-led-slinga-flimmerfri-25-m-trumma\/","name":"Arbetsbelysning LED slinga flimmerfri 25 m, trumma - Frontsite","isPartOf":{"@id":"https:\/\/frontsite.se\/#website"},"primaryImageOfPage":{"@id":"https:\/\/frontsite.se\/produkt\/arbetsbelysning-led-slinga-flimmerfri-25-m-trumma\/#primaryimage"},"image":{"@id":"https:\/\/frontsite.se\/produkt\/arbetsbelysning-led-slinga-flimmerfri-25-m-trumma\/#primaryimage"},"thumbnailUrl":"https:\/\/frontsite.se\/wp-content\/uploads\/2024\/09\/Arbetsbelysning-LED-slinga-flimmerfri-25-m-trumma-64965.png","datePublished":"2024-09-24T11:07:54+00:00","dateModified":"2025-03-10T08:13:50+00:00","description":"Konsekvent ljusfl\u00f6de: Flimmerfri LED belysning ger ett stabilt och kontinuerligt ljusfl\u00f6de vilket undviker de snabba variationerna som annars orsakar flimmer. F\u00f6rb\u00e4ttrad visuell komfort: Att eliminera flimmer bidrar till minskad \u00f6gontr\u00f6tthet och huvudv\u00e4rk vilket ger en mer bekv\u00e4m belysning, fr\u00e4mst vid l\u00e5ngvarig exponering.","breadcrumb":{"@id":"https:\/\/frontsite.se\/produkt\/arbetsbelysning-led-slinga-flimmerfri-25-m-trumma\/#breadcrumb"},"inLanguage":"en-GB","potentialAction":[{"@type":"ReadAction","target":["https:\/\/frontsite.se\/produkt\/arbetsbelysning-led-slinga-flimmerfri-25-m-trumma\/"]}]},{"@type":"ImageObject","inLanguage":"en-GB","@id":"https:\/\/frontsite.se\/produkt\/arbetsbelysning-led-slinga-flimmerfri-25-m-trumma\/#primaryimage","url":"https:\/\/frontsite.se\/wp-content\/uploads\/2024\/09\/Arbetsbelysning-LED-slinga-flimmerfri-25-m-trumma-64965.png","contentUrl":"https:\/\/frontsite.se\/wp-content\/uploads\/2024\/09\/Arbetsbelysning-LED-slinga-flimmerfri-25-m-trumma-64965.png","width":723,"height":985},{"@type":"BreadcrumbList","@id":"https:\/\/frontsite.se\/produkt\/arbetsbelysning-led-slinga-flimmerfri-25-m-trumma\/#breadcrumb","itemListElement":[{"@type":"ListItem","position":1,"name":"Hem","item":"https:\/\/frontsite.se\/"},{"@type":"ListItem","position":2,"name":"Shop","item":"https:\/\/frontsite.lingonbyran.se\/shop\/"},{"@type":"ListItem","position":3,"name":"Arbetsbelysning LED slinga flimmerfri 25 m, trumma"}]},{"@type":"WebSite","@id":"https:\/\/frontsite.se\/#website","url":"https:\/\/frontsite.se\/","name":"Frontsite","description":"Expert P\u00e5 st\u00e4llningsprodukter och profilering","publisher":{"@id":"https:\/\/frontsite.se\/#organization"},"potentialAction":[{"@type":"SearchAction","target":{"@type":"EntryPoint","urlTemplate":"https:\/\/frontsite.se\/?s={search_term_string}"},"query-input":{"@type":"PropertyValueSpecification","valueRequired":true,"valueName":"search_term_string"}}],"inLanguage":"en-GB"},{"@type":"Organization","@id":"https:\/\/frontsite.se\/#organization","name":"Frontsite","url":"https:\/\/frontsite.se\/","logo":{"@type":"ImageObject","inLanguage":"en-GB","@id":"https:\/\/frontsite.se\/#\/schema\/logo\/image\/","url":"https:\/\/frontsite.se\/wp-content\/uploads\/2024\/08\/Logo-Ratt-farg.png","contentUrl":"https:\/\/frontsite.se\/wp-content\/uploads\/2024\/08\/Logo-Ratt-farg.png","width":1004,"height":1004,"caption":"Frontsite"},"image":{"@id":"https:\/\/frontsite.se\/#\/schema\/logo\/image\/"}}]}},"jetpack_sharing_enabled":true,"_links":{"self":[{"href":"https:\/\/frontsite.se\/en\/wp-json\/wp\/v2\/product\/17302","targetHints":{"allow":["GET"]}}],"collection":[{"href":"https:\/\/frontsite.se\/en\/wp-json\/wp\/v2\/product"}],"about":[{"href":"https:\/\/frontsite.se\/en\/wp-json\/wp\/v2\/types\/product"}],"replies":[{"embeddable":true,"href":"https:\/\/frontsite.se\/en\/wp-json\/wp\/v2\/comments?post=17302"}],"version-history":[{"count":1,"href":"https:\/\/frontsite.se\/en\/wp-json\/wp\/v2\/product\/17302\/revisions"}],"predecessor-version":[{"id":17304,"href":"https:\/\/frontsite.se\/en\/wp-json\/wp\/v2\/product\/17302\/revisions\/17304"}],"wp:featuredmedia":[{"embeddable":true,"href":"https:\/\/frontsite.se\/en\/wp-json\/wp\/v2\/media\/17303"}],"wp:attachment":[{"href":"https:\/\/frontsite.se\/en\/wp-json\/wp\/v2\/media?parent=17302"}],"wp:term":[{"taxonomy":"product_cat","embeddable":true,"href":"https:\/\/frontsite.se\/en\/wp-json\/wp\/v2\/product_cat?post=17302"},{"taxonomy":"product_tag","embeddable":true,"href":"https:\/\/frontsite.se\/en\/wp-json\/wp\/v2\/product_tag?post=17302"}],"curies":[{"name":"wp","href":"https:\/\/api.w.org\/{rel}","templated":true}]}}