{"id":17297,"date":"2024-09-24T09:43:27","date_gmt":"2024-09-24T09:43:27","guid":{"rendered":"https:\/\/frontsite.se\/?post_type=product&#038;p=17297"},"modified":"2025-03-10T08:13:51","modified_gmt":"2025-03-10T08:13:51","slug":"arbetsbelysning-batteri-hybrid-5000-lumens-led","status":"publish","type":"product","link":"https:\/\/frontsite.se\/en\/product\/arbetsbelysning-batteri-hybrid-5000-lumens-led\/","title":{"rendered":"Arbetsbelysning batteri Hybrid 5000 lumens LED"},"content":{"rendered":"<h2 class=\"text-base-md font-bold normal-case mb-2\" data-v-464ff45d=\"\">Produktinformation<\/h2>\n<div data-v-464ff45d=\"\">Blue Electric Plus Line Hybrid batteridriven arbetslampa 40W p\u00e5 5000 Lumens \u00e4r en kraftfull arbetsbelysning med dubbla adaptrar som passar f\u00f6r b\u00e5de 14,4V och 18V batterier fr\u00e5n Dewalt, Milwaukee och Metabo samt Bosch, Makita, Hikoki och Panasonic. Lampan ger dig obegr\u00e4nsade anv\u00e4ndningsomr\u00e5den tack vare sin flexibilitet, storlek, styrka och drifttid. Framtagen f\u00f6r den professionella anv\u00e4ndaren med h\u00f6ga krav p\u00e5 h\u00e5llbarhet och prestanda. 220V n\u00e4tadapter f\u00f6r konstant n\u00e4tdrift finns som tillbeh\u00f6r med art.nr. 64159. Utrustad med den senaste COB \/ LED tekniken som ger ett j\u00e4mnt, extra starkt vitt behagligt ljus b\u00e5de inne och ute. St\u00e4llbar ljusstyrka i fem olika l\u00e4gen &#8211; 20% \/ 40% \/ 60% \/ 80% \/ 100% och ger en lystid p\u00e5 2-20 timmar beroende p\u00e5 batterityp och i vilket l\u00e4ge lampan \u00e4r inst\u00e4lld i. Utrustad med inbyggd Powerbank med USB uttag att ladda din telefon\/surfplatta med. IP65 klassad och godk\u00e4nd. Lampan blir aldrig varm och utg\u00f6r ingen brand eller skaderisk f\u00f6r omgivningen. Extremt t\u00e5lig och tillverkad i robust kropp av formgjuten aluminium i kompakt konstruktion med handtag och stativ i nylonplast. Utrustad med st\u00e4llbart gummerat st\u00f6d i \u00f6nskad vinkel mellan 0 &#8211; 360\u00b0 som \u00e4ven har g\u00e4ngat f\u00e4ste f\u00f6r tripod och ger dig m\u00f6jlighet att st\u00e4lla den \u00f6verallt eller anv\u00e4nda sig av de b\u00e5de utf\u00e4llbara dubbla st\u00e5lkrokarna att h\u00e4nga var du vill. Lyskraft p\u00e5 1250 &#8211; 5000 lumen beroende p\u00e5 inst\u00e4llt l\u00e4ge. Arbetstemperatur: -20\u00b0C &#8211; 50\u00b0C. H\u00f6jd: 290 mm. Bredd: 265 mm. Djup: 145 mm. Vikt: 2,48 kg. Levereras i kartong.<\/div>","protected":false},"excerpt":{"rendered":"<p>Produktinformation Blue Electric Plus Line Hybrid batteridriven arbetslampa 40W p\u00e5 5000 Lumens \u00e4r en kraftfull arbetsbelysning med dubbla adaptrar som<\/p>","protected":false},"featured_media":17300,"comment_status":"open","ping_status":"closed","template":"","meta":[],"product_cat":[177,175],"product_tag":[],"class_list":{"0":"post-17297","1":"product","2":"type-product","3":"status-publish","4":"has-post-thumbnail","6":"product_cat-arbetslampor","7":"product_cat-arbetslampor-och-led-slingor","9":"first","10":"instock","11":"taxable","12":"shipping-taxable","13":"purchasable","14":"product-type-simple"},"yoast_head":"<!-- This site is optimized with the Yoast SEO plugin v24.1 - https:\/\/yoast.com\/wordpress\/plugins\/seo\/ -->\n<title>Arbetsbelysning batteri Hybrid 5000 lumens LED - Frontsite<\/title>\n<meta name=\"description\" content=\"kraftfull arbetsbelysning med dubbla adaptrar som passar f\u00f6r b\u00e5de 14,4V och 18V batterier fr\u00e5n Dewalt, Milwaukee, Metabo, Bosch, Makita Hikoki och Panasonic\" \/>\n<meta name=\"robots\" content=\"index, follow, max-snippet:-1, max-image-preview:large, max-video-preview:-1\" \/>\n<link rel=\"canonical\" href=\"https:\/\/frontsite.se\/en\/product\/arbetsbelysning-batteri-hybrid-5000-lumens-led\/\" \/>\n<meta property=\"og:locale\" content=\"en_GB\" \/>\n<meta property=\"og:type\" content=\"article\" \/>\n<meta property=\"og:title\" content=\"Arbetsbelysning batteri Hybrid 5000 lumens LED - Frontsite\" \/>\n<meta property=\"og:description\" content=\"kraftfull arbetsbelysning med dubbla adaptrar som passar f\u00f6r b\u00e5de 14,4V och 18V batterier fr\u00e5n Dewalt, Milwaukee, Metabo, Bosch, Makita Hikoki och Panasonic\" \/>\n<meta property=\"og:url\" content=\"https:\/\/frontsite.se\/en\/product\/arbetsbelysning-batteri-hybrid-5000-lumens-led\/\" \/>\n<meta property=\"og:site_name\" content=\"Frontsite\" \/>\n<meta property=\"article:modified_time\" content=\"2025-03-10T08:13:51+00:00\" \/>\n<meta property=\"og:image\" content=\"https:\/\/frontsite.se\/wp-content\/uploads\/2024\/09\/Arbetsbelysning-batteri-Hybrid-5000-lumens-LED-64949.jpg\" \/>\n\t<meta property=\"og:image:width\" content=\"936\" \/>\n\t<meta property=\"og:image:height\" content=\"1035\" \/>\n\t<meta property=\"og:image:type\" content=\"image\/jpeg\" \/>\n<meta name=\"twitter:card\" content=\"summary_large_image\" \/>\n<meta name=\"twitter:label1\" content=\"Estimated reading time\" \/>\n\t<meta name=\"twitter:data1\" content=\"2 minutes\" \/>\n<script type=\"application\/ld+json\" class=\"yoast-schema-graph\">{\"@context\":\"https:\/\/schema.org\",\"@graph\":[{\"@type\":\"WebPage\",\"@id\":\"https:\/\/frontsite.se\/produkt\/arbetsbelysning-batteri-hybrid-5000-lumens-led\/\",\"url\":\"https:\/\/frontsite.se\/produkt\/arbetsbelysning-batteri-hybrid-5000-lumens-led\/\",\"name\":\"Arbetsbelysning batteri Hybrid 5000 lumens LED - Frontsite\",\"isPartOf\":{\"@id\":\"https:\/\/frontsite.se\/#website\"},\"primaryImageOfPage\":{\"@id\":\"https:\/\/frontsite.se\/produkt\/arbetsbelysning-batteri-hybrid-5000-lumens-led\/#primaryimage\"},\"image\":{\"@id\":\"https:\/\/frontsite.se\/produkt\/arbetsbelysning-batteri-hybrid-5000-lumens-led\/#primaryimage\"},\"thumbnailUrl\":\"https:\/\/frontsite.se\/wp-content\/uploads\/2024\/09\/Arbetsbelysning-batteri-Hybrid-5000-lumens-LED-64949.jpg\",\"datePublished\":\"2024-09-24T09:43:27+00:00\",\"dateModified\":\"2025-03-10T08:13:51+00:00\",\"description\":\"kraftfull arbetsbelysning med dubbla adaptrar som passar f\u00f6r b\u00e5de 14,4V och 18V batterier fr\u00e5n Dewalt, Milwaukee, Metabo, Bosch, Makita Hikoki och Panasonic\",\"breadcrumb\":{\"@id\":\"https:\/\/frontsite.se\/produkt\/arbetsbelysning-batteri-hybrid-5000-lumens-led\/#breadcrumb\"},\"inLanguage\":\"en-GB\",\"potentialAction\":[{\"@type\":\"ReadAction\",\"target\":[\"https:\/\/frontsite.se\/produkt\/arbetsbelysning-batteri-hybrid-5000-lumens-led\/\"]}]},{\"@type\":\"ImageObject\",\"inLanguage\":\"en-GB\",\"@id\":\"https:\/\/frontsite.se\/produkt\/arbetsbelysning-batteri-hybrid-5000-lumens-led\/#primaryimage\",\"url\":\"https:\/\/frontsite.se\/wp-content\/uploads\/2024\/09\/Arbetsbelysning-batteri-Hybrid-5000-lumens-LED-64949.jpg\",\"contentUrl\":\"https:\/\/frontsite.se\/wp-content\/uploads\/2024\/09\/Arbetsbelysning-batteri-Hybrid-5000-lumens-LED-64949.jpg\",\"width\":936,\"height\":1035},{\"@type\":\"BreadcrumbList\",\"@id\":\"https:\/\/frontsite.se\/produkt\/arbetsbelysning-batteri-hybrid-5000-lumens-led\/#breadcrumb\",\"itemListElement\":[{\"@type\":\"ListItem\",\"position\":1,\"name\":\"Hem\",\"item\":\"https:\/\/frontsite.se\/\"},{\"@type\":\"ListItem\",\"position\":2,\"name\":\"Shop\",\"item\":\"https:\/\/frontsite.lingonbyran.se\/shop\/\"},{\"@type\":\"ListItem\",\"position\":3,\"name\":\"Arbetsbelysning batteri Hybrid 5000 lumens LED\"}]},{\"@type\":\"WebSite\",\"@id\":\"https:\/\/frontsite.se\/#website\",\"url\":\"https:\/\/frontsite.se\/\",\"name\":\"Frontsite\",\"description\":\"Expert P\u00e5 st\u00e4llningsprodukter och profilering\",\"publisher\":{\"@id\":\"https:\/\/frontsite.se\/#organization\"},\"potentialAction\":[{\"@type\":\"SearchAction\",\"target\":{\"@type\":\"EntryPoint\",\"urlTemplate\":\"https:\/\/frontsite.se\/?s={search_term_string}\"},\"query-input\":{\"@type\":\"PropertyValueSpecification\",\"valueRequired\":true,\"valueName\":\"search_term_string\"}}],\"inLanguage\":\"en-GB\"},{\"@type\":\"Organization\",\"@id\":\"https:\/\/frontsite.se\/#organization\",\"name\":\"Frontsite\",\"url\":\"https:\/\/frontsite.se\/\",\"logo\":{\"@type\":\"ImageObject\",\"inLanguage\":\"en-GB\",\"@id\":\"https:\/\/frontsite.se\/#\/schema\/logo\/image\/\",\"url\":\"https:\/\/frontsite.se\/wp-content\/uploads\/2024\/08\/Logo-Ratt-farg.png\",\"contentUrl\":\"https:\/\/frontsite.se\/wp-content\/uploads\/2024\/08\/Logo-Ratt-farg.png\",\"width\":1004,\"height\":1004,\"caption\":\"Frontsite\"},\"image\":{\"@id\":\"https:\/\/frontsite.se\/#\/schema\/logo\/image\/\"}}]}<\/script>\n<!-- \/ Yoast SEO plugin. -->","yoast_head_json":{"title":"Arbetsbelysning batteri Hybrid 5000 lumens LED - Frontsite","description":"kraftfull arbetsbelysning med dubbla adaptrar som passar f\u00f6r b\u00e5de 14,4V och 18V batterier fr\u00e5n Dewalt, Milwaukee, Metabo, Bosch, Makita Hikoki och Panasonic","robots":{"index":"index","follow":"follow","max-snippet":"max-snippet:-1","max-image-preview":"max-image-preview:large","max-video-preview":"max-video-preview:-1"},"canonical":"https:\/\/frontsite.se\/en\/product\/arbetsbelysning-batteri-hybrid-5000-lumens-led\/","og_locale":"en_GB","og_type":"article","og_title":"Arbetsbelysning batteri Hybrid 5000 lumens LED - Frontsite","og_description":"kraftfull arbetsbelysning med dubbla adaptrar som passar f\u00f6r b\u00e5de 14,4V och 18V batterier fr\u00e5n Dewalt, Milwaukee, Metabo, Bosch, Makita Hikoki och Panasonic","og_url":"https:\/\/frontsite.se\/en\/product\/arbetsbelysning-batteri-hybrid-5000-lumens-led\/","og_site_name":"Frontsite","article_modified_time":"2025-03-10T08:13:51+00:00","og_image":[{"width":936,"height":1035,"url":"https:\/\/frontsite.se\/wp-content\/uploads\/2024\/09\/Arbetsbelysning-batteri-Hybrid-5000-lumens-LED-64949.jpg","type":"image\/jpeg"}],"twitter_card":"summary_large_image","twitter_misc":{"Estimated reading time":"2 minutes"},"schema":{"@context":"https:\/\/schema.org","@graph":[{"@type":"WebPage","@id":"https:\/\/frontsite.se\/produkt\/arbetsbelysning-batteri-hybrid-5000-lumens-led\/","url":"https:\/\/frontsite.se\/produkt\/arbetsbelysning-batteri-hybrid-5000-lumens-led\/","name":"Arbetsbelysning batteri Hybrid 5000 lumens LED - Frontsite","isPartOf":{"@id":"https:\/\/frontsite.se\/#website"},"primaryImageOfPage":{"@id":"https:\/\/frontsite.se\/produkt\/arbetsbelysning-batteri-hybrid-5000-lumens-led\/#primaryimage"},"image":{"@id":"https:\/\/frontsite.se\/produkt\/arbetsbelysning-batteri-hybrid-5000-lumens-led\/#primaryimage"},"thumbnailUrl":"https:\/\/frontsite.se\/wp-content\/uploads\/2024\/09\/Arbetsbelysning-batteri-Hybrid-5000-lumens-LED-64949.jpg","datePublished":"2024-09-24T09:43:27+00:00","dateModified":"2025-03-10T08:13:51+00:00","description":"kraftfull arbetsbelysning med dubbla adaptrar som passar f\u00f6r b\u00e5de 14,4V och 18V batterier fr\u00e5n Dewalt, Milwaukee, Metabo, Bosch, Makita Hikoki och Panasonic","breadcrumb":{"@id":"https:\/\/frontsite.se\/produkt\/arbetsbelysning-batteri-hybrid-5000-lumens-led\/#breadcrumb"},"inLanguage":"en-GB","potentialAction":[{"@type":"ReadAction","target":["https:\/\/frontsite.se\/produkt\/arbetsbelysning-batteri-hybrid-5000-lumens-led\/"]}]},{"@type":"ImageObject","inLanguage":"en-GB","@id":"https:\/\/frontsite.se\/produkt\/arbetsbelysning-batteri-hybrid-5000-lumens-led\/#primaryimage","url":"https:\/\/frontsite.se\/wp-content\/uploads\/2024\/09\/Arbetsbelysning-batteri-Hybrid-5000-lumens-LED-64949.jpg","contentUrl":"https:\/\/frontsite.se\/wp-content\/uploads\/2024\/09\/Arbetsbelysning-batteri-Hybrid-5000-lumens-LED-64949.jpg","width":936,"height":1035},{"@type":"BreadcrumbList","@id":"https:\/\/frontsite.se\/produkt\/arbetsbelysning-batteri-hybrid-5000-lumens-led\/#breadcrumb","itemListElement":[{"@type":"ListItem","position":1,"name":"Hem","item":"https:\/\/frontsite.se\/"},{"@type":"ListItem","position":2,"name":"Shop","item":"https:\/\/frontsite.lingonbyran.se\/shop\/"},{"@type":"ListItem","position":3,"name":"Arbetsbelysning batteri Hybrid 5000 lumens LED"}]},{"@type":"WebSite","@id":"https:\/\/frontsite.se\/#website","url":"https:\/\/frontsite.se\/","name":"Frontsite","description":"Expert P\u00e5 st\u00e4llningsprodukter och profilering","publisher":{"@id":"https:\/\/frontsite.se\/#organization"},"potentialAction":[{"@type":"SearchAction","target":{"@type":"EntryPoint","urlTemplate":"https:\/\/frontsite.se\/?s={search_term_string}"},"query-input":{"@type":"PropertyValueSpecification","valueRequired":true,"valueName":"search_term_string"}}],"inLanguage":"en-GB"},{"@type":"Organization","@id":"https:\/\/frontsite.se\/#organization","name":"Frontsite","url":"https:\/\/frontsite.se\/","logo":{"@type":"ImageObject","inLanguage":"en-GB","@id":"https:\/\/frontsite.se\/#\/schema\/logo\/image\/","url":"https:\/\/frontsite.se\/wp-content\/uploads\/2024\/08\/Logo-Ratt-farg.png","contentUrl":"https:\/\/frontsite.se\/wp-content\/uploads\/2024\/08\/Logo-Ratt-farg.png","width":1004,"height":1004,"caption":"Frontsite"},"image":{"@id":"https:\/\/frontsite.se\/#\/schema\/logo\/image\/"}}]}},"jetpack_sharing_enabled":true,"_links":{"self":[{"href":"https:\/\/frontsite.se\/en\/wp-json\/wp\/v2\/product\/17297","targetHints":{"allow":["GET"]}}],"collection":[{"href":"https:\/\/frontsite.se\/en\/wp-json\/wp\/v2\/product"}],"about":[{"href":"https:\/\/frontsite.se\/en\/wp-json\/wp\/v2\/types\/product"}],"replies":[{"embeddable":true,"href":"https:\/\/frontsite.se\/en\/wp-json\/wp\/v2\/comments?post=17297"}],"version-history":[{"count":1,"href":"https:\/\/frontsite.se\/en\/wp-json\/wp\/v2\/product\/17297\/revisions"}],"predecessor-version":[{"id":17301,"href":"https:\/\/frontsite.se\/en\/wp-json\/wp\/v2\/product\/17297\/revisions\/17301"}],"wp:featuredmedia":[{"embeddable":true,"href":"https:\/\/frontsite.se\/en\/wp-json\/wp\/v2\/media\/17300"}],"wp:attachment":[{"href":"https:\/\/frontsite.se\/en\/wp-json\/wp\/v2\/media?parent=17297"}],"wp:term":[{"taxonomy":"product_cat","embeddable":true,"href":"https:\/\/frontsite.se\/en\/wp-json\/wp\/v2\/product_cat?post=17297"},{"taxonomy":"product_tag","embeddable":true,"href":"https:\/\/frontsite.se\/en\/wp-json\/wp\/v2\/product_tag?post=17297"}],"curies":[{"name":"wp","href":"https:\/\/api.w.org\/{rel}","templated":true}]}}