{"id":17285,"date":"2024-09-23T13:16:57","date_gmt":"2024-09-23T13:16:57","guid":{"rendered":"https:\/\/frontsite.se\/?post_type=product&#038;p=17285"},"modified":"2025-03-10T08:14:22","modified_gmt":"2025-03-10T08:14:22","slug":"nodljusslinga-led-rod-5-meter-kopia","status":"publish","type":"product","link":"https:\/\/frontsite.se\/en\/product\/nodljusslinga-led-rod-5-meter-kopia\/","title":{"rendered":"N\u00f6dljusslinga LED R\u00f6d 5 meter"},"content":{"rendered":"<div class=\"order-2 lg:min-h-screen productview_decription bg-yellow lg:row-start-1 col-start-1 col-end-7 items-center justify-center lg:grid lg:grid-cols-6 pt-8 pb-12 lg:py-24 px-4 lg:px-0\" data-v-464ff45d=\"\">\n<div class=\"col-start-2 col-end-6 flex flex-col\" data-v-464ff45d=\"\">\n<div class=\"mt-8 lg:mt-10 mb-8\" data-v-464ff45d=\"\">\n<h2 class=\"text-base-md font-bold normal-case mb-2\" data-v-464ff45d=\"\">Produktinformation<\/h2>\n<div data-v-464ff45d=\"\">R\u00f6d LED n\u00f6dljusslinga p\u00e5 5 meter som du antingen kopplar in i 220V v\u00e4gguttaget eller kopplar p\u00e5 i slutet p\u00e5 din befintliga Flex-Line LED slinga i valfri l\u00e4ngd eller direkt till Flex-Line n\u00f6dljusbatteri. Den r\u00f6da LED slingan anv\u00e4nds ex. vis f\u00f6r att tydligt visa var det \u00e4r f\u00f6rbjudet att g\u00e5 ut (l\u00e5sta d\u00f6rrar) eller olika typer av varningar att g\u00e5. LED slingan \u00e4r IP65 klassad f\u00f6r b\u00e5de inom och utomhusbruk. N\u00e4r du kopplar upp slingan mot n\u00f6dljusbatteriet (antingen direkt eller i slutet av en eller tv\u00e5 LED slingor) s\u00e5 lyser hela den ihopkopplade LED slingan med hj\u00e4lp av batteriet mellan 10-20% under max 1,5 timmar n\u00e4r str\u00f6mmen g\u00e5r. Sp\u00e4nning: 220-240V. IP65 klassad och godk\u00e4nd. 1,5 meter l\u00e5ng gummikabel med snabbkoppling och 230V stickpropp i ena \u00e4nden. Flex-Line \u00e4r mjuk och f\u00f6ljsam att arbeta med tack vare den h\u00f6ga kvaliteten p\u00e5 plastblandningen samtidigt som den \u00e4r b\u00e5de t\u00e5lig och robust. Sp\u00e4nning: 220-240V. L\u00e4ngd: 5 meter. Bredd x h\u00f6jd: 18 mm x 8 mm. Lysstyrka per meter: 900 lumen per meter. Str\u00f6mf\u00f6rbrukning: 12W per meter. Lysf\u00e4rg: 4000K. Ljusspridning: 120\u00b0. IP klass: IP65. CRI: 80RA. Anv\u00e4ndnings temperatur: -35\u00b0C &#8211; +45\u00b0C. Livsl\u00e4ngd: Minst 30.000 timmar (L70). LED typ och antal: SMD med 180 st LED dioder per meter. CE och Rohs godk\u00e4nd. Levereras i kartong.<\/div>\n<\/div>\n<\/div>\n<\/div>","protected":false},"excerpt":{"rendered":"<p>Produktinformation R\u00f6d LED n\u00f6dljusslinga p\u00e5 5 meter som du antingen kopplar in i 220V v\u00e4gguttaget eller kopplar p\u00e5 i slutet<\/p>","protected":false},"featured_media":17286,"comment_status":"open","ping_status":"closed","template":"","meta":[],"product_cat":[175,176],"product_tag":[],"class_list":{"0":"post-17285","1":"product","2":"type-product","3":"status-publish","4":"has-post-thumbnail","6":"product_cat-arbetslampor-och-led-slingor","7":"product_cat-led-slingor","9":"first","10":"instock","11":"taxable","12":"shipping-taxable","13":"purchasable","14":"product-type-simple"},"yoast_head":"<!-- This site is optimized with the Yoast SEO plugin v24.1 - https:\/\/yoast.com\/wordpress\/plugins\/seo\/ -->\n<title>N\u00f6dljusslinga LED R\u00f6d 5 meter - Frontsite<\/title>\n<meta name=\"description\" content=\"gr\u00f6na LED n\u00f6dljusslinga p\u00e5 5 meter. Den gr\u00f6na LED slingan \u00e4r fr\u00e4mst avsedd att placeras i riktning mot n\u00f6dutg\u00e5ngar eller runt en n\u00f6dutg\u00e5ng\" \/>\n<meta name=\"robots\" content=\"index, follow, max-snippet:-1, max-image-preview:large, max-video-preview:-1\" \/>\n<link rel=\"canonical\" href=\"https:\/\/frontsite.se\/en\/product\/nodljusslinga-led-rod-5-meter-kopia\/\" \/>\n<meta property=\"og:locale\" content=\"en_GB\" \/>\n<meta property=\"og:type\" content=\"article\" \/>\n<meta property=\"og:title\" content=\"N\u00f6dljusslinga LED R\u00f6d 5 meter - Frontsite\" \/>\n<meta property=\"og:description\" content=\"gr\u00f6na LED n\u00f6dljusslinga p\u00e5 5 meter. Den gr\u00f6na LED slingan \u00e4r fr\u00e4mst avsedd att placeras i riktning mot n\u00f6dutg\u00e5ngar eller runt en n\u00f6dutg\u00e5ng\" \/>\n<meta property=\"og:url\" content=\"https:\/\/frontsite.se\/en\/product\/nodljusslinga-led-rod-5-meter-kopia\/\" \/>\n<meta property=\"og:site_name\" content=\"Frontsite\" \/>\n<meta property=\"article:modified_time\" content=\"2025-03-10T08:14:22+00:00\" \/>\n<meta property=\"og:image\" content=\"https:\/\/frontsite.se\/wp-content\/uploads\/2024\/09\/Nodljusslinga-Rod-64185-1.jpg\" \/>\n\t<meta property=\"og:image:width\" content=\"486\" \/>\n\t<meta property=\"og:image:height\" content=\"486\" \/>\n\t<meta property=\"og:image:type\" content=\"image\/jpeg\" \/>\n<meta name=\"twitter:card\" content=\"summary_large_image\" \/>\n<meta name=\"twitter:label1\" content=\"Estimated reading time\" \/>\n\t<meta name=\"twitter:data1\" content=\"2 minutes\" \/>\n<script type=\"application\/ld+json\" class=\"yoast-schema-graph\">{\"@context\":\"https:\/\/schema.org\",\"@graph\":[{\"@type\":\"WebPage\",\"@id\":\"https:\/\/frontsite.se\/produkt\/nodljusslinga-led-rod-5-meter-kopia\/\",\"url\":\"https:\/\/frontsite.se\/produkt\/nodljusslinga-led-rod-5-meter-kopia\/\",\"name\":\"N\u00f6dljusslinga LED R\u00f6d 5 meter - Frontsite\",\"isPartOf\":{\"@id\":\"https:\/\/frontsite.se\/#website\"},\"primaryImageOfPage\":{\"@id\":\"https:\/\/frontsite.se\/produkt\/nodljusslinga-led-rod-5-meter-kopia\/#primaryimage\"},\"image\":{\"@id\":\"https:\/\/frontsite.se\/produkt\/nodljusslinga-led-rod-5-meter-kopia\/#primaryimage\"},\"thumbnailUrl\":\"https:\/\/frontsite.se\/wp-content\/uploads\/2024\/09\/Nodljusslinga-Rod-64185-1.jpg\",\"datePublished\":\"2024-09-23T13:16:57+00:00\",\"dateModified\":\"2025-03-10T08:14:22+00:00\",\"description\":\"gr\u00f6na LED n\u00f6dljusslinga p\u00e5 5 meter. Den gr\u00f6na LED slingan \u00e4r fr\u00e4mst avsedd att placeras i riktning mot n\u00f6dutg\u00e5ngar eller runt en n\u00f6dutg\u00e5ng\",\"breadcrumb\":{\"@id\":\"https:\/\/frontsite.se\/produkt\/nodljusslinga-led-rod-5-meter-kopia\/#breadcrumb\"},\"inLanguage\":\"en-GB\",\"potentialAction\":[{\"@type\":\"ReadAction\",\"target\":[\"https:\/\/frontsite.se\/produkt\/nodljusslinga-led-rod-5-meter-kopia\/\"]}]},{\"@type\":\"ImageObject\",\"inLanguage\":\"en-GB\",\"@id\":\"https:\/\/frontsite.se\/produkt\/nodljusslinga-led-rod-5-meter-kopia\/#primaryimage\",\"url\":\"https:\/\/frontsite.se\/wp-content\/uploads\/2024\/09\/Nodljusslinga-Rod-64185-1.jpg\",\"contentUrl\":\"https:\/\/frontsite.se\/wp-content\/uploads\/2024\/09\/Nodljusslinga-Rod-64185-1.jpg\",\"width\":486,\"height\":486},{\"@type\":\"BreadcrumbList\",\"@id\":\"https:\/\/frontsite.se\/produkt\/nodljusslinga-led-rod-5-meter-kopia\/#breadcrumb\",\"itemListElement\":[{\"@type\":\"ListItem\",\"position\":1,\"name\":\"Hem\",\"item\":\"https:\/\/frontsite.se\/\"},{\"@type\":\"ListItem\",\"position\":2,\"name\":\"Shop\",\"item\":\"https:\/\/frontsite.lingonbyran.se\/shop\/\"},{\"@type\":\"ListItem\",\"position\":3,\"name\":\"N\u00f6dljusslinga LED R\u00f6d 5 meter\"}]},{\"@type\":\"WebSite\",\"@id\":\"https:\/\/frontsite.se\/#website\",\"url\":\"https:\/\/frontsite.se\/\",\"name\":\"Frontsite\",\"description\":\"Expert P\u00e5 st\u00e4llningsprodukter och profilering\",\"publisher\":{\"@id\":\"https:\/\/frontsite.se\/#organization\"},\"potentialAction\":[{\"@type\":\"SearchAction\",\"target\":{\"@type\":\"EntryPoint\",\"urlTemplate\":\"https:\/\/frontsite.se\/?s={search_term_string}\"},\"query-input\":{\"@type\":\"PropertyValueSpecification\",\"valueRequired\":true,\"valueName\":\"search_term_string\"}}],\"inLanguage\":\"en-GB\"},{\"@type\":\"Organization\",\"@id\":\"https:\/\/frontsite.se\/#organization\",\"name\":\"Frontsite\",\"url\":\"https:\/\/frontsite.se\/\",\"logo\":{\"@type\":\"ImageObject\",\"inLanguage\":\"en-GB\",\"@id\":\"https:\/\/frontsite.se\/#\/schema\/logo\/image\/\",\"url\":\"https:\/\/frontsite.se\/wp-content\/uploads\/2024\/08\/Logo-Ratt-farg.png\",\"contentUrl\":\"https:\/\/frontsite.se\/wp-content\/uploads\/2024\/08\/Logo-Ratt-farg.png\",\"width\":1004,\"height\":1004,\"caption\":\"Frontsite\"},\"image\":{\"@id\":\"https:\/\/frontsite.se\/#\/schema\/logo\/image\/\"}}]}<\/script>\n<!-- \/ Yoast SEO plugin. -->","yoast_head_json":{"title":"N\u00f6dljusslinga LED R\u00f6d 5 meter - Frontsite","description":"gr\u00f6na LED n\u00f6dljusslinga p\u00e5 5 meter. Den gr\u00f6na LED slingan \u00e4r fr\u00e4mst avsedd att placeras i riktning mot n\u00f6dutg\u00e5ngar eller runt en n\u00f6dutg\u00e5ng","robots":{"index":"index","follow":"follow","max-snippet":"max-snippet:-1","max-image-preview":"max-image-preview:large","max-video-preview":"max-video-preview:-1"},"canonical":"https:\/\/frontsite.se\/en\/product\/nodljusslinga-led-rod-5-meter-kopia\/","og_locale":"en_GB","og_type":"article","og_title":"N\u00f6dljusslinga LED R\u00f6d 5 meter - Frontsite","og_description":"gr\u00f6na LED n\u00f6dljusslinga p\u00e5 5 meter. Den gr\u00f6na LED slingan \u00e4r fr\u00e4mst avsedd att placeras i riktning mot n\u00f6dutg\u00e5ngar eller runt en n\u00f6dutg\u00e5ng","og_url":"https:\/\/frontsite.se\/en\/product\/nodljusslinga-led-rod-5-meter-kopia\/","og_site_name":"Frontsite","article_modified_time":"2025-03-10T08:14:22+00:00","og_image":[{"width":486,"height":486,"url":"https:\/\/frontsite.se\/wp-content\/uploads\/2024\/09\/Nodljusslinga-Rod-64185-1.jpg","type":"image\/jpeg"}],"twitter_card":"summary_large_image","twitter_misc":{"Estimated reading time":"2 minutes"},"schema":{"@context":"https:\/\/schema.org","@graph":[{"@type":"WebPage","@id":"https:\/\/frontsite.se\/produkt\/nodljusslinga-led-rod-5-meter-kopia\/","url":"https:\/\/frontsite.se\/produkt\/nodljusslinga-led-rod-5-meter-kopia\/","name":"N\u00f6dljusslinga LED R\u00f6d 5 meter - Frontsite","isPartOf":{"@id":"https:\/\/frontsite.se\/#website"},"primaryImageOfPage":{"@id":"https:\/\/frontsite.se\/produkt\/nodljusslinga-led-rod-5-meter-kopia\/#primaryimage"},"image":{"@id":"https:\/\/frontsite.se\/produkt\/nodljusslinga-led-rod-5-meter-kopia\/#primaryimage"},"thumbnailUrl":"https:\/\/frontsite.se\/wp-content\/uploads\/2024\/09\/Nodljusslinga-Rod-64185-1.jpg","datePublished":"2024-09-23T13:16:57+00:00","dateModified":"2025-03-10T08:14:22+00:00","description":"gr\u00f6na LED n\u00f6dljusslinga p\u00e5 5 meter. Den gr\u00f6na LED slingan \u00e4r fr\u00e4mst avsedd att placeras i riktning mot n\u00f6dutg\u00e5ngar eller runt en n\u00f6dutg\u00e5ng","breadcrumb":{"@id":"https:\/\/frontsite.se\/produkt\/nodljusslinga-led-rod-5-meter-kopia\/#breadcrumb"},"inLanguage":"en-GB","potentialAction":[{"@type":"ReadAction","target":["https:\/\/frontsite.se\/produkt\/nodljusslinga-led-rod-5-meter-kopia\/"]}]},{"@type":"ImageObject","inLanguage":"en-GB","@id":"https:\/\/frontsite.se\/produkt\/nodljusslinga-led-rod-5-meter-kopia\/#primaryimage","url":"https:\/\/frontsite.se\/wp-content\/uploads\/2024\/09\/Nodljusslinga-Rod-64185-1.jpg","contentUrl":"https:\/\/frontsite.se\/wp-content\/uploads\/2024\/09\/Nodljusslinga-Rod-64185-1.jpg","width":486,"height":486},{"@type":"BreadcrumbList","@id":"https:\/\/frontsite.se\/produkt\/nodljusslinga-led-rod-5-meter-kopia\/#breadcrumb","itemListElement":[{"@type":"ListItem","position":1,"name":"Hem","item":"https:\/\/frontsite.se\/"},{"@type":"ListItem","position":2,"name":"Shop","item":"https:\/\/frontsite.lingonbyran.se\/shop\/"},{"@type":"ListItem","position":3,"name":"N\u00f6dljusslinga LED R\u00f6d 5 meter"}]},{"@type":"WebSite","@id":"https:\/\/frontsite.se\/#website","url":"https:\/\/frontsite.se\/","name":"Frontsite","description":"Expert P\u00e5 st\u00e4llningsprodukter och profilering","publisher":{"@id":"https:\/\/frontsite.se\/#organization"},"potentialAction":[{"@type":"SearchAction","target":{"@type":"EntryPoint","urlTemplate":"https:\/\/frontsite.se\/?s={search_term_string}"},"query-input":{"@type":"PropertyValueSpecification","valueRequired":true,"valueName":"search_term_string"}}],"inLanguage":"en-GB"},{"@type":"Organization","@id":"https:\/\/frontsite.se\/#organization","name":"Frontsite","url":"https:\/\/frontsite.se\/","logo":{"@type":"ImageObject","inLanguage":"en-GB","@id":"https:\/\/frontsite.se\/#\/schema\/logo\/image\/","url":"https:\/\/frontsite.se\/wp-content\/uploads\/2024\/08\/Logo-Ratt-farg.png","contentUrl":"https:\/\/frontsite.se\/wp-content\/uploads\/2024\/08\/Logo-Ratt-farg.png","width":1004,"height":1004,"caption":"Frontsite"},"image":{"@id":"https:\/\/frontsite.se\/#\/schema\/logo\/image\/"}}]}},"jetpack_sharing_enabled":true,"_links":{"self":[{"href":"https:\/\/frontsite.se\/en\/wp-json\/wp\/v2\/product\/17285","targetHints":{"allow":["GET"]}}],"collection":[{"href":"https:\/\/frontsite.se\/en\/wp-json\/wp\/v2\/product"}],"about":[{"href":"https:\/\/frontsite.se\/en\/wp-json\/wp\/v2\/types\/product"}],"replies":[{"embeddable":true,"href":"https:\/\/frontsite.se\/en\/wp-json\/wp\/v2\/comments?post=17285"}],"version-history":[{"count":3,"href":"https:\/\/frontsite.se\/en\/wp-json\/wp\/v2\/product\/17285\/revisions"}],"predecessor-version":[{"id":17290,"href":"https:\/\/frontsite.se\/en\/wp-json\/wp\/v2\/product\/17285\/revisions\/17290"}],"wp:featuredmedia":[{"embeddable":true,"href":"https:\/\/frontsite.se\/en\/wp-json\/wp\/v2\/media\/17286"}],"wp:attachment":[{"href":"https:\/\/frontsite.se\/en\/wp-json\/wp\/v2\/media?parent=17285"}],"wp:term":[{"taxonomy":"product_cat","embeddable":true,"href":"https:\/\/frontsite.se\/en\/wp-json\/wp\/v2\/product_cat?post=17285"},{"taxonomy":"product_tag","embeddable":true,"href":"https:\/\/frontsite.se\/en\/wp-json\/wp\/v2\/product_tag?post=17285"}],"curies":[{"name":"wp","href":"https:\/\/api.w.org\/{rel}","templated":true}]}}