{"id":17278,"date":"2024-09-23T13:14:19","date_gmt":"2024-09-23T13:14:19","guid":{"rendered":"https:\/\/frontsite.se\/?post_type=product&#038;p=17278"},"modified":"2025-03-10T08:13:51","modified_gmt":"2025-03-10T08:13:51","slug":"nodljusslinga-led-gron-5-meter","status":"publish","type":"product","link":"https:\/\/frontsite.se\/en\/product\/nodljusslinga-led-gron-5-meter\/","title":{"rendered":"N\u00f6dljusslinga LED Gr\u00f6n 5 meter"},"content":{"rendered":"<div class=\"order-2 lg:min-h-screen productview_decription bg-yellow lg:row-start-1 col-start-1 col-end-7 items-center justify-center lg:grid lg:grid-cols-6 pt-8 pb-12 lg:py-24 px-4 lg:px-0\" data-v-464ff45d=\"\">\n<div class=\"col-start-2 col-end-6 flex flex-col\" data-v-464ff45d=\"\">\n<div class=\"mt-8 lg:mt-10 mb-8\" data-v-464ff45d=\"\">\n<h2 class=\"text-base-md font-bold normal-case mb-2\" data-v-464ff45d=\"\">Produktinformation<\/h2>\n<div data-v-464ff45d=\"\">Eledge gr\u00f6na LED n\u00f6dljusslinga p\u00e5 5 meter kopplar du antingen direkt till n\u00f6dljusbatteriet som man kan k\u00f6pa till eller koppla p\u00e5 i slutet p\u00e5 n\u00e5gon av M-Flex LED slingan. Den gr\u00f6na LED slingan \u00e4r fr\u00e4mst avsedd att placeras i riktning mot n\u00f6dutg\u00e5ngar eller runt en n\u00f6dutg\u00e5ng ex.vis. LED slingan \u00e4r IP65 klassad f\u00f6r b\u00e5de inom och utomhusbruk. N\u00e4r du kopplar upp slingan mot n\u00f6dljusbatteriet (antingen direkt eller i slutet av en eller tv\u00e5 LED slingor s\u00e5 lyser hela den ihopkopplade LED slingan med hj\u00e4lp av batteriet mellan 10-20% under max 1,5 timmar n\u00e4r str\u00f6mmen g\u00e5r. Spec. gr\u00f6n LED slinga: Sp\u00e4nning: 220-240V. M\u00e5tt: 5 meter d\u00e4r sj\u00e4lva slingan \u00e4r 18 x 8 mm. Str\u00f6mf\u00f6rbrukning: 30W &#8211; 8W per meter. LED typ Diod: SMD5050 Gr\u00f6n 492-577 nm 72 st LED dioder per meter. Ljusspridning: 120\u00b0. IP klassning: IP65. Arbetstemperatur: -25\u00b0C &#8211; till 45\u00b0C. Livsl\u00e4ngd: 30.000 timmar. Dimbar: Ja. CE klassad och godk\u00e4nd.<\/div>\n<\/div>\n<\/div>\n<\/div>\n<div class=\"productview_image col-start-7 col-span-full flex items-center flex-col justify-center w-full aspect-square lg:min-h-screen relative\" data-v-464ff45d=\"\">\n<div class=\"image-container relative mt-auto mb-auto h-full w-full pt-10 lg:pt-0\" data-v-464ff45d=\"\"><\/div>\n<\/div>","protected":false},"excerpt":{"rendered":"<p>Produktinformation Eledge gr\u00f6na LED n\u00f6dljusslinga p\u00e5 5 meter kopplar du antingen direkt till n\u00f6dljusbatteriet som man kan k\u00f6pa till eller<\/p>","protected":false},"featured_media":17279,"comment_status":"open","ping_status":"closed","template":"","meta":[],"product_cat":[175,176],"product_tag":[],"class_list":{"0":"post-17278","1":"product","2":"type-product","3":"status-publish","4":"has-post-thumbnail","6":"product_cat-arbetslampor-och-led-slingor","7":"product_cat-led-slingor","9":"first","10":"instock","11":"featured","12":"taxable","13":"shipping-taxable","14":"purchasable","15":"product-type-simple"},"yoast_head":"<!-- This site is optimized with the Yoast SEO plugin v24.1 - https:\/\/yoast.com\/wordpress\/plugins\/seo\/ -->\n<title>N\u00f6dljusslinga LED Gr\u00f6n 5 meter - Frontsite<\/title>\n<meta name=\"description\" content=\"gr\u00f6na LED n\u00f6dljusslinga p\u00e5 5 meter. Den gr\u00f6na LED slingan \u00e4r fr\u00e4mst avsedd att placeras i riktning mot n\u00f6dutg\u00e5ngar eller runt en n\u00f6dutg\u00e5ng\" \/>\n<meta name=\"robots\" content=\"index, follow, max-snippet:-1, max-image-preview:large, max-video-preview:-1\" \/>\n<link rel=\"canonical\" href=\"https:\/\/frontsite.se\/en\/product\/nodljusslinga-led-gron-5-meter\/\" \/>\n<meta property=\"og:locale\" content=\"en_GB\" \/>\n<meta property=\"og:type\" content=\"article\" \/>\n<meta property=\"og:title\" content=\"N\u00f6dljusslinga LED Gr\u00f6n 5 meter - Frontsite\" \/>\n<meta property=\"og:description\" content=\"gr\u00f6na LED n\u00f6dljusslinga p\u00e5 5 meter. Den gr\u00f6na LED slingan \u00e4r fr\u00e4mst avsedd att placeras i riktning mot n\u00f6dutg\u00e5ngar eller runt en n\u00f6dutg\u00e5ng\" \/>\n<meta property=\"og:url\" content=\"https:\/\/frontsite.se\/en\/product\/nodljusslinga-led-gron-5-meter\/\" \/>\n<meta property=\"og:site_name\" content=\"Frontsite\" \/>\n<meta property=\"article:modified_time\" content=\"2025-03-10T08:13:51+00:00\" \/>\n<meta property=\"og:image\" content=\"https:\/\/frontsite.se\/wp-content\/uploads\/2024\/09\/Nodljusslinga-led-gron-5-meter-Artikelnr.-64093.jpg\" \/>\n\t<meta property=\"og:image:width\" content=\"795\" \/>\n\t<meta property=\"og:image:height\" content=\"475\" \/>\n\t<meta property=\"og:image:type\" content=\"image\/jpeg\" \/>\n<meta name=\"twitter:card\" content=\"summary_large_image\" \/>\n<meta name=\"twitter:label1\" content=\"Estimated reading time\" \/>\n\t<meta name=\"twitter:data1\" content=\"1 minute\" \/>\n<script type=\"application\/ld+json\" class=\"yoast-schema-graph\">{\"@context\":\"https:\/\/schema.org\",\"@graph\":[{\"@type\":\"WebPage\",\"@id\":\"https:\/\/frontsite.se\/produkt\/nodljusslinga-led-gron-5-meter\/\",\"url\":\"https:\/\/frontsite.se\/produkt\/nodljusslinga-led-gron-5-meter\/\",\"name\":\"N\u00f6dljusslinga LED Gr\u00f6n 5 meter - Frontsite\",\"isPartOf\":{\"@id\":\"https:\/\/frontsite.se\/#website\"},\"primaryImageOfPage\":{\"@id\":\"https:\/\/frontsite.se\/produkt\/nodljusslinga-led-gron-5-meter\/#primaryimage\"},\"image\":{\"@id\":\"https:\/\/frontsite.se\/produkt\/nodljusslinga-led-gron-5-meter\/#primaryimage\"},\"thumbnailUrl\":\"https:\/\/frontsite.se\/wp-content\/uploads\/2024\/09\/Nodljusslinga-led-gron-5-meter-Artikelnr.-64093.jpg\",\"datePublished\":\"2024-09-23T13:14:19+00:00\",\"dateModified\":\"2025-03-10T08:13:51+00:00\",\"description\":\"gr\u00f6na LED n\u00f6dljusslinga p\u00e5 5 meter. Den gr\u00f6na LED slingan \u00e4r fr\u00e4mst avsedd att placeras i riktning mot n\u00f6dutg\u00e5ngar eller runt en n\u00f6dutg\u00e5ng\",\"breadcrumb\":{\"@id\":\"https:\/\/frontsite.se\/produkt\/nodljusslinga-led-gron-5-meter\/#breadcrumb\"},\"inLanguage\":\"en-GB\",\"potentialAction\":[{\"@type\":\"ReadAction\",\"target\":[\"https:\/\/frontsite.se\/produkt\/nodljusslinga-led-gron-5-meter\/\"]}]},{\"@type\":\"ImageObject\",\"inLanguage\":\"en-GB\",\"@id\":\"https:\/\/frontsite.se\/produkt\/nodljusslinga-led-gron-5-meter\/#primaryimage\",\"url\":\"https:\/\/frontsite.se\/wp-content\/uploads\/2024\/09\/Nodljusslinga-led-gron-5-meter-Artikelnr.-64093.jpg\",\"contentUrl\":\"https:\/\/frontsite.se\/wp-content\/uploads\/2024\/09\/Nodljusslinga-led-gron-5-meter-Artikelnr.-64093.jpg\",\"width\":795,\"height\":475},{\"@type\":\"BreadcrumbList\",\"@id\":\"https:\/\/frontsite.se\/produkt\/nodljusslinga-led-gron-5-meter\/#breadcrumb\",\"itemListElement\":[{\"@type\":\"ListItem\",\"position\":1,\"name\":\"Hem\",\"item\":\"https:\/\/frontsite.se\/\"},{\"@type\":\"ListItem\",\"position\":2,\"name\":\"Shop\",\"item\":\"https:\/\/frontsite.lingonbyran.se\/shop\/\"},{\"@type\":\"ListItem\",\"position\":3,\"name\":\"N\u00f6dljusslinga LED Gr\u00f6n 5 meter\"}]},{\"@type\":\"WebSite\",\"@id\":\"https:\/\/frontsite.se\/#website\",\"url\":\"https:\/\/frontsite.se\/\",\"name\":\"Frontsite\",\"description\":\"Expert P\u00e5 st\u00e4llningsprodukter och profilering\",\"publisher\":{\"@id\":\"https:\/\/frontsite.se\/#organization\"},\"potentialAction\":[{\"@type\":\"SearchAction\",\"target\":{\"@type\":\"EntryPoint\",\"urlTemplate\":\"https:\/\/frontsite.se\/?s={search_term_string}\"},\"query-input\":{\"@type\":\"PropertyValueSpecification\",\"valueRequired\":true,\"valueName\":\"search_term_string\"}}],\"inLanguage\":\"en-GB\"},{\"@type\":\"Organization\",\"@id\":\"https:\/\/frontsite.se\/#organization\",\"name\":\"Frontsite\",\"url\":\"https:\/\/frontsite.se\/\",\"logo\":{\"@type\":\"ImageObject\",\"inLanguage\":\"en-GB\",\"@id\":\"https:\/\/frontsite.se\/#\/schema\/logo\/image\/\",\"url\":\"https:\/\/frontsite.se\/wp-content\/uploads\/2024\/08\/Logo-Ratt-farg.png\",\"contentUrl\":\"https:\/\/frontsite.se\/wp-content\/uploads\/2024\/08\/Logo-Ratt-farg.png\",\"width\":1004,\"height\":1004,\"caption\":\"Frontsite\"},\"image\":{\"@id\":\"https:\/\/frontsite.se\/#\/schema\/logo\/image\/\"}}]}<\/script>\n<!-- \/ Yoast SEO plugin. -->","yoast_head_json":{"title":"N\u00f6dljusslinga LED Gr\u00f6n 5 meter - Frontsite","description":"gr\u00f6na LED n\u00f6dljusslinga p\u00e5 5 meter. Den gr\u00f6na LED slingan \u00e4r fr\u00e4mst avsedd att placeras i riktning mot n\u00f6dutg\u00e5ngar eller runt en n\u00f6dutg\u00e5ng","robots":{"index":"index","follow":"follow","max-snippet":"max-snippet:-1","max-image-preview":"max-image-preview:large","max-video-preview":"max-video-preview:-1"},"canonical":"https:\/\/frontsite.se\/en\/product\/nodljusslinga-led-gron-5-meter\/","og_locale":"en_GB","og_type":"article","og_title":"N\u00f6dljusslinga LED Gr\u00f6n 5 meter - Frontsite","og_description":"gr\u00f6na LED n\u00f6dljusslinga p\u00e5 5 meter. Den gr\u00f6na LED slingan \u00e4r fr\u00e4mst avsedd att placeras i riktning mot n\u00f6dutg\u00e5ngar eller runt en n\u00f6dutg\u00e5ng","og_url":"https:\/\/frontsite.se\/en\/product\/nodljusslinga-led-gron-5-meter\/","og_site_name":"Frontsite","article_modified_time":"2025-03-10T08:13:51+00:00","og_image":[{"width":795,"height":475,"url":"https:\/\/frontsite.se\/wp-content\/uploads\/2024\/09\/Nodljusslinga-led-gron-5-meter-Artikelnr.-64093.jpg","type":"image\/jpeg"}],"twitter_card":"summary_large_image","twitter_misc":{"Estimated reading time":"1 minute"},"schema":{"@context":"https:\/\/schema.org","@graph":[{"@type":"WebPage","@id":"https:\/\/frontsite.se\/produkt\/nodljusslinga-led-gron-5-meter\/","url":"https:\/\/frontsite.se\/produkt\/nodljusslinga-led-gron-5-meter\/","name":"N\u00f6dljusslinga LED Gr\u00f6n 5 meter - Frontsite","isPartOf":{"@id":"https:\/\/frontsite.se\/#website"},"primaryImageOfPage":{"@id":"https:\/\/frontsite.se\/produkt\/nodljusslinga-led-gron-5-meter\/#primaryimage"},"image":{"@id":"https:\/\/frontsite.se\/produkt\/nodljusslinga-led-gron-5-meter\/#primaryimage"},"thumbnailUrl":"https:\/\/frontsite.se\/wp-content\/uploads\/2024\/09\/Nodljusslinga-led-gron-5-meter-Artikelnr.-64093.jpg","datePublished":"2024-09-23T13:14:19+00:00","dateModified":"2025-03-10T08:13:51+00:00","description":"gr\u00f6na LED n\u00f6dljusslinga p\u00e5 5 meter. Den gr\u00f6na LED slingan \u00e4r fr\u00e4mst avsedd att placeras i riktning mot n\u00f6dutg\u00e5ngar eller runt en n\u00f6dutg\u00e5ng","breadcrumb":{"@id":"https:\/\/frontsite.se\/produkt\/nodljusslinga-led-gron-5-meter\/#breadcrumb"},"inLanguage":"en-GB","potentialAction":[{"@type":"ReadAction","target":["https:\/\/frontsite.se\/produkt\/nodljusslinga-led-gron-5-meter\/"]}]},{"@type":"ImageObject","inLanguage":"en-GB","@id":"https:\/\/frontsite.se\/produkt\/nodljusslinga-led-gron-5-meter\/#primaryimage","url":"https:\/\/frontsite.se\/wp-content\/uploads\/2024\/09\/Nodljusslinga-led-gron-5-meter-Artikelnr.-64093.jpg","contentUrl":"https:\/\/frontsite.se\/wp-content\/uploads\/2024\/09\/Nodljusslinga-led-gron-5-meter-Artikelnr.-64093.jpg","width":795,"height":475},{"@type":"BreadcrumbList","@id":"https:\/\/frontsite.se\/produkt\/nodljusslinga-led-gron-5-meter\/#breadcrumb","itemListElement":[{"@type":"ListItem","position":1,"name":"Hem","item":"https:\/\/frontsite.se\/"},{"@type":"ListItem","position":2,"name":"Shop","item":"https:\/\/frontsite.lingonbyran.se\/shop\/"},{"@type":"ListItem","position":3,"name":"N\u00f6dljusslinga LED Gr\u00f6n 5 meter"}]},{"@type":"WebSite","@id":"https:\/\/frontsite.se\/#website","url":"https:\/\/frontsite.se\/","name":"Frontsite","description":"Expert P\u00e5 st\u00e4llningsprodukter och profilering","publisher":{"@id":"https:\/\/frontsite.se\/#organization"},"potentialAction":[{"@type":"SearchAction","target":{"@type":"EntryPoint","urlTemplate":"https:\/\/frontsite.se\/?s={search_term_string}"},"query-input":{"@type":"PropertyValueSpecification","valueRequired":true,"valueName":"search_term_string"}}],"inLanguage":"en-GB"},{"@type":"Organization","@id":"https:\/\/frontsite.se\/#organization","name":"Frontsite","url":"https:\/\/frontsite.se\/","logo":{"@type":"ImageObject","inLanguage":"en-GB","@id":"https:\/\/frontsite.se\/#\/schema\/logo\/image\/","url":"https:\/\/frontsite.se\/wp-content\/uploads\/2024\/08\/Logo-Ratt-farg.png","contentUrl":"https:\/\/frontsite.se\/wp-content\/uploads\/2024\/08\/Logo-Ratt-farg.png","width":1004,"height":1004,"caption":"Frontsite"},"image":{"@id":"https:\/\/frontsite.se\/#\/schema\/logo\/image\/"}}]}},"jetpack_sharing_enabled":true,"_links":{"self":[{"href":"https:\/\/frontsite.se\/en\/wp-json\/wp\/v2\/product\/17278","targetHints":{"allow":["GET"]}}],"collection":[{"href":"https:\/\/frontsite.se\/en\/wp-json\/wp\/v2\/product"}],"about":[{"href":"https:\/\/frontsite.se\/en\/wp-json\/wp\/v2\/types\/product"}],"replies":[{"embeddable":true,"href":"https:\/\/frontsite.se\/en\/wp-json\/wp\/v2\/comments?post=17278"}],"version-history":[{"count":1,"href":"https:\/\/frontsite.se\/en\/wp-json\/wp\/v2\/product\/17278\/revisions"}],"predecessor-version":[{"id":17281,"href":"https:\/\/frontsite.se\/en\/wp-json\/wp\/v2\/product\/17278\/revisions\/17281"}],"wp:featuredmedia":[{"embeddable":true,"href":"https:\/\/frontsite.se\/en\/wp-json\/wp\/v2\/media\/17279"}],"wp:attachment":[{"href":"https:\/\/frontsite.se\/en\/wp-json\/wp\/v2\/media?parent=17278"}],"wp:term":[{"taxonomy":"product_cat","embeddable":true,"href":"https:\/\/frontsite.se\/en\/wp-json\/wp\/v2\/product_cat?post=17278"},{"taxonomy":"product_tag","embeddable":true,"href":"https:\/\/frontsite.se\/en\/wp-json\/wp\/v2\/product_tag?post=17278"}],"curies":[{"name":"wp","href":"https:\/\/api.w.org\/{rel}","templated":true}]}}