{"id":17275,"date":"2024-09-23T12:51:47","date_gmt":"2024-09-23T12:51:47","guid":{"rendered":"https:\/\/frontsite.se\/?post_type=product&#038;p=17275"},"modified":"2025-03-10T08:13:51","modified_gmt":"2025-03-10T08:13:51","slug":"arbetsbelysning-led-slinga-25-m","status":"publish","type":"product","link":"https:\/\/frontsite.se\/en\/product\/arbetsbelysning-led-slinga-25-m\/","title":{"rendered":"Arbetsbelysning LED slinga 25 m"},"content":{"rendered":"<h2 class=\"text-base-md font-bold normal-case mb-2\" data-v-464ff45d=\"\">Produktinformation<\/h2>\n<div data-v-464ff45d=\"\">Gripo LED \u00e4r en kraftfull 25 meter l\u00e5ng LED slinga med 120 st LED dioder per meter som ger 800 Lumen per meter vilket ger dig 20000 Lumen \u00f6ver hela 25 meters l\u00e4ngden! Du kan \u00e4ven koppla ihop tre stycken 25 meters slingor och f\u00e5 75 meter ljus p\u00e5 ett uttag! Hela slingan \u00e4r utrustad med totalt 3000 st LED dioder av h\u00f6g kvalitet som ger ett j\u00e4mnt starkt och brett ljusfl\u00f6de \u00f6ver hela l\u00e4ngden utan n\u00e5gra m\u00f6rka partier. LED slingan kopplas direkt till 230V uttaget, \u00e4r energisn\u00e5l och upprullad p\u00e5 en kabeltrumma i plast. Slingan \u00e4r uppdelad i olika segment vilket g\u00f6r att om en del av slingan slutar lysa s\u00e5 lyser fortfarande alla \u00f6vriga delar p\u00e5 slingan. Framtagen f\u00f6r den professionella anv\u00e4ndaren med h\u00f6ga krav p\u00e5 h\u00e5llbarhet och prestanda. Avsedd att anv\u00e4ndas p\u00e5 alla typer av byggarbetsplatser b\u00e5de som allm\u00e4nbelysning men \u00e4ven i g\u00e5ngar, trappor, hisschakt, p\u00e5 r\u00e4cken, byggnadsst\u00e4llningar, runt utg\u00e5ngar, fasad och skyltbelysning mm. Ex.vis ers\u00e4tter en 25 meters Gripo LED slinga 6 st &#8221;boj&#8221; belysningar och tar b\u00e5de mindre plats, g\u00e5r snabbare att s\u00e4tta upp samt ger ett b\u00e4ttre ljus utan n\u00e5gra m\u00f6rkare ytor. IP65 klassad och godk\u00e4nd. 1,5 meter l\u00e5ng gummikabel med snabbkoppling och 230V stickpropp i ena \u00e4nden. Gripo LED \u00e4r mjuk och f\u00f6ljsam att arbeta med tack vare den h\u00f6ga kvaliteten p\u00e5 plastblandningen samtidigt som den \u00e4r b\u00e5de t\u00e5lig och robust. Sp\u00e4nning: 220-240V. L\u00e4ngd: 25 meter. Bredd x h\u00f6jd: 12 mm x 5 mm. Lysstyrka per meter: 800 lumen per meter. Str\u00f6mf\u00f6rbrukning: 80W &#8211; 8W per meter. Lysf\u00e4rg: 4000K. Ljusspridning: 120\u00b0. IP klass: IP65. CRI: +80. Anv\u00e4ndnings temperatur: -35\u00b0C &#8211; +45\u00b0C. Livsl\u00e4ngd: Minst 30.000 timmar (L70). LED typ och antal: SMD med 120 st LED dioder per meter. CE och Rohs godk\u00e4nd. Levereras i kartong.<\/div>","protected":false},"excerpt":{"rendered":"<p>Produktinformation Gripo LED \u00e4r en kraftfull 25 meter l\u00e5ng LED slinga med 120 st LED dioder per meter som ger<\/p>","protected":false},"featured_media":17276,"comment_status":"open","ping_status":"closed","template":"","meta":[],"product_cat":[175,176],"product_tag":[],"class_list":{"0":"post-17275","1":"product","2":"type-product","3":"status-publish","4":"has-post-thumbnail","6":"product_cat-arbetslampor-och-led-slingor","7":"product_cat-led-slingor","9":"first","10":"instock","11":"featured","12":"taxable","13":"shipping-taxable","14":"purchasable","15":"product-type-simple"},"yoast_head":"<!-- This site is optimized with the Yoast SEO plugin v24.1 - https:\/\/yoast.com\/wordpress\/plugins\/seo\/ -->\n<title>Arbetsbelysning LED slinga 25 m - Frontsite<\/title>\n<meta name=\"description\" content=\"LED slinga med 800 Lumen per meter vilket ger dig 20000 Lumen \u00f6ver hela 25 meters kan \u00e4ven koppla ihop tre stycken 25 meters slingor och f\u00e5 75 meter ljus.\" \/>\n<meta name=\"robots\" content=\"index, follow, max-snippet:-1, max-image-preview:large, max-video-preview:-1\" \/>\n<link rel=\"canonical\" href=\"https:\/\/frontsite.se\/en\/product\/arbetsbelysning-led-slinga-25-m\/\" \/>\n<meta property=\"og:locale\" content=\"en_GB\" \/>\n<meta property=\"og:type\" content=\"article\" \/>\n<meta property=\"og:title\" content=\"Arbetsbelysning LED slinga 25 m - Frontsite\" \/>\n<meta property=\"og:description\" content=\"LED slinga med 800 Lumen per meter vilket ger dig 20000 Lumen \u00f6ver hela 25 meters kan \u00e4ven koppla ihop tre stycken 25 meters slingor och f\u00e5 75 meter ljus.\" \/>\n<meta property=\"og:url\" content=\"https:\/\/frontsite.se\/en\/product\/arbetsbelysning-led-slinga-25-m\/\" \/>\n<meta property=\"og:site_name\" content=\"Frontsite\" \/>\n<meta property=\"article:modified_time\" content=\"2025-03-10T08:13:51+00:00\" \/>\n<meta property=\"og:image\" content=\"https:\/\/frontsite.se\/wp-content\/uploads\/2024\/09\/Artikelnummer-ledslinga-64989-800lm-per-m.png\" \/>\n\t<meta property=\"og:image:width\" content=\"803\" \/>\n\t<meta property=\"og:image:height\" content=\"1142\" \/>\n\t<meta property=\"og:image:type\" content=\"image\/png\" \/>\n<meta name=\"twitter:card\" content=\"summary_large_image\" \/>\n<meta name=\"twitter:label1\" content=\"Estimated reading time\" \/>\n\t<meta name=\"twitter:data1\" content=\"2 minutes\" \/>\n<script type=\"application\/ld+json\" class=\"yoast-schema-graph\">{\"@context\":\"https:\/\/schema.org\",\"@graph\":[{\"@type\":\"WebPage\",\"@id\":\"https:\/\/frontsite.se\/produkt\/arbetsbelysning-led-slinga-25-m\/\",\"url\":\"https:\/\/frontsite.se\/produkt\/arbetsbelysning-led-slinga-25-m\/\",\"name\":\"Arbetsbelysning LED slinga 25 m - Frontsite\",\"isPartOf\":{\"@id\":\"https:\/\/frontsite.se\/#website\"},\"primaryImageOfPage\":{\"@id\":\"https:\/\/frontsite.se\/produkt\/arbetsbelysning-led-slinga-25-m\/#primaryimage\"},\"image\":{\"@id\":\"https:\/\/frontsite.se\/produkt\/arbetsbelysning-led-slinga-25-m\/#primaryimage\"},\"thumbnailUrl\":\"https:\/\/frontsite.se\/wp-content\/uploads\/2024\/09\/Artikelnummer-ledslinga-64989-800lm-per-m.png\",\"datePublished\":\"2024-09-23T12:51:47+00:00\",\"dateModified\":\"2025-03-10T08:13:51+00:00\",\"description\":\"LED slinga med 800 Lumen per meter vilket ger dig 20000 Lumen \u00f6ver hela 25 meters kan \u00e4ven koppla ihop tre stycken 25 meters slingor och f\u00e5 75 meter ljus.\",\"breadcrumb\":{\"@id\":\"https:\/\/frontsite.se\/produkt\/arbetsbelysning-led-slinga-25-m\/#breadcrumb\"},\"inLanguage\":\"en-GB\",\"potentialAction\":[{\"@type\":\"ReadAction\",\"target\":[\"https:\/\/frontsite.se\/produkt\/arbetsbelysning-led-slinga-25-m\/\"]}]},{\"@type\":\"ImageObject\",\"inLanguage\":\"en-GB\",\"@id\":\"https:\/\/frontsite.se\/produkt\/arbetsbelysning-led-slinga-25-m\/#primaryimage\",\"url\":\"https:\/\/frontsite.se\/wp-content\/uploads\/2024\/09\/Artikelnummer-ledslinga-64989-800lm-per-m.png\",\"contentUrl\":\"https:\/\/frontsite.se\/wp-content\/uploads\/2024\/09\/Artikelnummer-ledslinga-64989-800lm-per-m.png\",\"width\":803,\"height\":1142},{\"@type\":\"BreadcrumbList\",\"@id\":\"https:\/\/frontsite.se\/produkt\/arbetsbelysning-led-slinga-25-m\/#breadcrumb\",\"itemListElement\":[{\"@type\":\"ListItem\",\"position\":1,\"name\":\"Hem\",\"item\":\"https:\/\/frontsite.se\/\"},{\"@type\":\"ListItem\",\"position\":2,\"name\":\"Shop\",\"item\":\"https:\/\/frontsite.lingonbyran.se\/shop\/\"},{\"@type\":\"ListItem\",\"position\":3,\"name\":\"Arbetsbelysning LED slinga 25 m\"}]},{\"@type\":\"WebSite\",\"@id\":\"https:\/\/frontsite.se\/#website\",\"url\":\"https:\/\/frontsite.se\/\",\"name\":\"Frontsite\",\"description\":\"Expert P\u00e5 st\u00e4llningsprodukter och profilering\",\"publisher\":{\"@id\":\"https:\/\/frontsite.se\/#organization\"},\"potentialAction\":[{\"@type\":\"SearchAction\",\"target\":{\"@type\":\"EntryPoint\",\"urlTemplate\":\"https:\/\/frontsite.se\/?s={search_term_string}\"},\"query-input\":{\"@type\":\"PropertyValueSpecification\",\"valueRequired\":true,\"valueName\":\"search_term_string\"}}],\"inLanguage\":\"en-GB\"},{\"@type\":\"Organization\",\"@id\":\"https:\/\/frontsite.se\/#organization\",\"name\":\"Frontsite\",\"url\":\"https:\/\/frontsite.se\/\",\"logo\":{\"@type\":\"ImageObject\",\"inLanguage\":\"en-GB\",\"@id\":\"https:\/\/frontsite.se\/#\/schema\/logo\/image\/\",\"url\":\"https:\/\/frontsite.se\/wp-content\/uploads\/2024\/08\/Logo-Ratt-farg.png\",\"contentUrl\":\"https:\/\/frontsite.se\/wp-content\/uploads\/2024\/08\/Logo-Ratt-farg.png\",\"width\":1004,\"height\":1004,\"caption\":\"Frontsite\"},\"image\":{\"@id\":\"https:\/\/frontsite.se\/#\/schema\/logo\/image\/\"}}]}<\/script>\n<!-- \/ Yoast SEO plugin. -->","yoast_head_json":{"title":"Arbetsbelysning LED slinga 25 m - Frontsite","description":"LED slinga med 800 Lumen per meter vilket ger dig 20000 Lumen \u00f6ver hela 25 meters kan \u00e4ven koppla ihop tre stycken 25 meters slingor och f\u00e5 75 meter ljus.","robots":{"index":"index","follow":"follow","max-snippet":"max-snippet:-1","max-image-preview":"max-image-preview:large","max-video-preview":"max-video-preview:-1"},"canonical":"https:\/\/frontsite.se\/en\/product\/arbetsbelysning-led-slinga-25-m\/","og_locale":"en_GB","og_type":"article","og_title":"Arbetsbelysning LED slinga 25 m - Frontsite","og_description":"LED slinga med 800 Lumen per meter vilket ger dig 20000 Lumen \u00f6ver hela 25 meters kan \u00e4ven koppla ihop tre stycken 25 meters slingor och f\u00e5 75 meter ljus.","og_url":"https:\/\/frontsite.se\/en\/product\/arbetsbelysning-led-slinga-25-m\/","og_site_name":"Frontsite","article_modified_time":"2025-03-10T08:13:51+00:00","og_image":[{"width":803,"height":1142,"url":"https:\/\/frontsite.se\/wp-content\/uploads\/2024\/09\/Artikelnummer-ledslinga-64989-800lm-per-m.png","type":"image\/png"}],"twitter_card":"summary_large_image","twitter_misc":{"Estimated reading time":"2 minutes"},"schema":{"@context":"https:\/\/schema.org","@graph":[{"@type":"WebPage","@id":"https:\/\/frontsite.se\/produkt\/arbetsbelysning-led-slinga-25-m\/","url":"https:\/\/frontsite.se\/produkt\/arbetsbelysning-led-slinga-25-m\/","name":"Arbetsbelysning LED slinga 25 m - Frontsite","isPartOf":{"@id":"https:\/\/frontsite.se\/#website"},"primaryImageOfPage":{"@id":"https:\/\/frontsite.se\/produkt\/arbetsbelysning-led-slinga-25-m\/#primaryimage"},"image":{"@id":"https:\/\/frontsite.se\/produkt\/arbetsbelysning-led-slinga-25-m\/#primaryimage"},"thumbnailUrl":"https:\/\/frontsite.se\/wp-content\/uploads\/2024\/09\/Artikelnummer-ledslinga-64989-800lm-per-m.png","datePublished":"2024-09-23T12:51:47+00:00","dateModified":"2025-03-10T08:13:51+00:00","description":"LED slinga med 800 Lumen per meter vilket ger dig 20000 Lumen \u00f6ver hela 25 meters kan \u00e4ven koppla ihop tre stycken 25 meters slingor och f\u00e5 75 meter ljus.","breadcrumb":{"@id":"https:\/\/frontsite.se\/produkt\/arbetsbelysning-led-slinga-25-m\/#breadcrumb"},"inLanguage":"en-GB","potentialAction":[{"@type":"ReadAction","target":["https:\/\/frontsite.se\/produkt\/arbetsbelysning-led-slinga-25-m\/"]}]},{"@type":"ImageObject","inLanguage":"en-GB","@id":"https:\/\/frontsite.se\/produkt\/arbetsbelysning-led-slinga-25-m\/#primaryimage","url":"https:\/\/frontsite.se\/wp-content\/uploads\/2024\/09\/Artikelnummer-ledslinga-64989-800lm-per-m.png","contentUrl":"https:\/\/frontsite.se\/wp-content\/uploads\/2024\/09\/Artikelnummer-ledslinga-64989-800lm-per-m.png","width":803,"height":1142},{"@type":"BreadcrumbList","@id":"https:\/\/frontsite.se\/produkt\/arbetsbelysning-led-slinga-25-m\/#breadcrumb","itemListElement":[{"@type":"ListItem","position":1,"name":"Hem","item":"https:\/\/frontsite.se\/"},{"@type":"ListItem","position":2,"name":"Shop","item":"https:\/\/frontsite.lingonbyran.se\/shop\/"},{"@type":"ListItem","position":3,"name":"Arbetsbelysning LED slinga 25 m"}]},{"@type":"WebSite","@id":"https:\/\/frontsite.se\/#website","url":"https:\/\/frontsite.se\/","name":"Frontsite","description":"Expert P\u00e5 st\u00e4llningsprodukter och profilering","publisher":{"@id":"https:\/\/frontsite.se\/#organization"},"potentialAction":[{"@type":"SearchAction","target":{"@type":"EntryPoint","urlTemplate":"https:\/\/frontsite.se\/?s={search_term_string}"},"query-input":{"@type":"PropertyValueSpecification","valueRequired":true,"valueName":"search_term_string"}}],"inLanguage":"en-GB"},{"@type":"Organization","@id":"https:\/\/frontsite.se\/#organization","name":"Frontsite","url":"https:\/\/frontsite.se\/","logo":{"@type":"ImageObject","inLanguage":"en-GB","@id":"https:\/\/frontsite.se\/#\/schema\/logo\/image\/","url":"https:\/\/frontsite.se\/wp-content\/uploads\/2024\/08\/Logo-Ratt-farg.png","contentUrl":"https:\/\/frontsite.se\/wp-content\/uploads\/2024\/08\/Logo-Ratt-farg.png","width":1004,"height":1004,"caption":"Frontsite"},"image":{"@id":"https:\/\/frontsite.se\/#\/schema\/logo\/image\/"}}]}},"jetpack_sharing_enabled":true,"_links":{"self":[{"href":"https:\/\/frontsite.se\/en\/wp-json\/wp\/v2\/product\/17275","targetHints":{"allow":["GET"]}}],"collection":[{"href":"https:\/\/frontsite.se\/en\/wp-json\/wp\/v2\/product"}],"about":[{"href":"https:\/\/frontsite.se\/en\/wp-json\/wp\/v2\/types\/product"}],"replies":[{"embeddable":true,"href":"https:\/\/frontsite.se\/en\/wp-json\/wp\/v2\/comments?post=17275"}],"version-history":[{"count":1,"href":"https:\/\/frontsite.se\/en\/wp-json\/wp\/v2\/product\/17275\/revisions"}],"predecessor-version":[{"id":17277,"href":"https:\/\/frontsite.se\/en\/wp-json\/wp\/v2\/product\/17275\/revisions\/17277"}],"wp:featuredmedia":[{"embeddable":true,"href":"https:\/\/frontsite.se\/en\/wp-json\/wp\/v2\/media\/17276"}],"wp:attachment":[{"href":"https:\/\/frontsite.se\/en\/wp-json\/wp\/v2\/media?parent=17275"}],"wp:term":[{"taxonomy":"product_cat","embeddable":true,"href":"https:\/\/frontsite.se\/en\/wp-json\/wp\/v2\/product_cat?post=17275"},{"taxonomy":"product_tag","embeddable":true,"href":"https:\/\/frontsite.se\/en\/wp-json\/wp\/v2\/product_tag?post=17275"}],"curies":[{"name":"wp","href":"https:\/\/api.w.org\/{rel}","templated":true}]}}