{"id":17101,"date":"2024-06-20T11:47:14","date_gmt":"2024-06-20T11:47:14","guid":{"rendered":"https:\/\/frontsite.se\/?post_type=product&#038;p=17101"},"modified":"2025-10-01T07:35:40","modified_gmt":"2025-10-01T07:35:40","slug":"forlangning-till-ripack-2500-3000","status":"publish","type":"product","link":"https:\/\/frontsite.se\/en\/product\/forlangning-till-ripack-2500-3000\/","title":{"rendered":"Extension tube for Ripack 2500 &amp; 3000 heat gun"},"content":{"rendered":"<div class=\"flex-shrink-0 flex flex-col relative items-end\">\n<div>\n<div class=\"pt-0.5 juice:pt-0\">\n<div class=\"gizmo-bot-avatar flex h-6 w-6 items-center justify-center overflow-hidden rounded-full juice:h-8 juice:w-8\">\n<div class=\"relative p-1 rounded-sm flex items-center justify-center bg-token-main-surface-primary text-token-text-primary h-8 w-8\"><\/div>\n<\/div>\n<\/div>\n<\/div>\n<\/div>\n<div class=\"group\/conversation-turn relative flex w-full min-w-0 flex-col agent-turn\">\n<div class=\"flex-col gap-1 md:gap-3\">\n<div class=\"flex flex-grow flex-col max-w-full\">\n<div class=\"min-h-[20px] text-message flex flex-col items-start whitespace-pre-wrap break-words [.text-message+&amp;]:mt-5 juice:w-full juice:items-end overflow-x-auto gap-2\" dir=\"auto\" data-message-author-role=\"assistant\" data-message-id=\"788f5b21-487a-4665-83aa-c652b6b6f2cd\">\n<div class=\"flex w-full flex-col gap-1 juice:empty:hidden juice:first:pt-[3px]\">\n<div class=\"markdown prose w-full break-words dark:prose-invert light\">\n<h3>Ripack Pistol F\u00f6rl\u00e4ngningsst\u00e4nger: S\u00e4kerhet vid Inplastning<\/h3>\n<p>Ripack erbjuder en m\u00e4ngd f\u00f6rl\u00e4ngningsst\u00e4nger som \u00e4r s\u00e4rskilt utformade f\u00f6r effektiv och s\u00e4ker krympplastning av stora ytor. Dessa f\u00f6rl\u00e4ngningsst\u00e4nger kan anpassas efter olika behov baserat p\u00e5 produkterna som ska skyddas och skapa en bra arbetsmilj\u00f6.<\/p>\n<p><strong>Huvudfunktioner:<\/strong><\/p>\n<ol>\n<li><strong>M\u00e5ngsidighet:<\/strong>\n<ul>\n<li><strong>Justerbar L\u00e4ngd:<\/strong> F\u00f6rl\u00e4ngningsst\u00e4ngerna finns i olika l\u00e4ngder och kombinationer, vilket g\u00f6r det m\u00f6jligt att justera dem efter dina specifika behov.<\/li>\n<li><strong>Kompatibilitet:<\/strong> Utformade f\u00f6r att anv\u00e4ndas med Ripack 3000 krympplastpistoler, f\u00f6rb\u00e4ttrar dessa st\u00e4nger m\u00e5ngsidigheten och r\u00e4ckvidden i din krympplastningsprocess.<\/li>\n<\/ul>\n<\/li>\n<li><strong>Enkel Anv\u00e4ndning:<\/strong>\n<ul>\n<li><strong>Verktygsfri F\u00e4stning:<\/strong> F\u00f6rl\u00e4ngningsst\u00e4ngerna kan f\u00e4stas p\u00e5 krympplastpistolen via en enkel sockelmekanism, vilket eliminerar behovet av ytterligare verktyg.<\/li>\n<li><strong>Snabb Installation:<\/strong> Designen s\u00e4kerst\u00e4ller att installationsprocessen \u00e4r snabb och enkel, vilket sparar v\u00e4rdefull tid under arbetet.<\/li>\n<\/ul>\n<\/li>\n<li><strong>S\u00e4kerhet:<\/strong>\n<ul>\n<li><strong>Ergonomisk Design:<\/strong> St\u00e4ngerna \u00e4r utformade f\u00f6r att f\u00f6rb\u00e4ttra ergonomin, vilket minskar den fysiska belastningen p\u00e5 operat\u00f6rerna.<\/li>\n<li><strong>F\u00f6rb\u00e4ttrad R\u00e4ckvidd:<\/strong> Genom att l\u00e5ta anv\u00e4ndarna arbeta med krympplastpistolen fr\u00e5n ett l\u00e4ngre avst\u00e5nd, bidrar dessa st\u00e4nger till en s\u00e4krare arbetsmilj\u00f6 och minskar risken f\u00f6r br\u00e4nnskador eller andra skador vid n\u00e4ra arbete.<\/li>\n<\/ul>\n<\/li>\n<\/ol>\n<h3>Anv\u00e4ndningsomr\u00e5den<\/h3>\n<ul>\n<li><strong>Stora Pallar:<\/strong> Perfekt f\u00f6r krympplastning av stora pallar d\u00e4r det \u00e4r viktigt att n\u00e5 alla sidor effektivt.<\/li>\n<li><strong>\u00d6verdimensionerade F\u00f6rem\u00e5l:<\/strong> Idealisk f\u00f6r inplastning av \u00f6verdimensionerade f\u00f6rem\u00e5l som \u00e4r sv\u00e5ra att hantera med en standardkrympplastpistol.<\/li>\n<li><strong>Industriell Anv\u00e4ndning:<\/strong> L\u00e4mplig f\u00f6r omfattande industriella till\u00e4mpningar d\u00e4r s\u00e4kerhet och effektivitet \u00e4r avg\u00f6rande.<\/li>\n<\/ul>\n<h3>Slutsats<\/h3>\n<p>Ripack f\u00f6rl\u00e4ngningsst\u00e4nger erbjuder en praktisk l\u00f6sning f\u00f6r att f\u00f6rb\u00e4ttra s\u00e4kerheten och effektiviteten i dina krympplastningsarbeten. Deras justerbara, verktygsfria design g\u00f6r dem till ett utm\u00e4rkt tillskott i alla arbetsmilj\u00f6er som anv\u00e4nder Ripack 3000 krympplastpistoler.<\/p>\n<\/div>\n<\/div>\n<\/div>\n<\/div>\n<\/div>\n<\/div>","protected":false},"excerpt":{"rendered":"<p><a href=\"https:\/\/frontsite.se\/wp-content\/uploads\/2024\/06\/fiche-EXTENSIONS-EN-1.pdf\">fiche-EXTENSIONS-EN-1<\/a><\/p>","protected":false},"featured_media":17175,"comment_status":"open","ping_status":"closed","template":"","meta":[],"product_cat":[173,76],"product_tag":[],"class_list":{"0":"post-17101","1":"product","2":"type-product","3":"status-publish","4":"has-post-thumbnail","6":"product_cat-forlangare-varmepistol","7":"product_cat-krympplast-tillbehor","9":"first","10":"instock","11":"taxable","12":"shipping-taxable","13":"purchasable","14":"product-type-variable"},"yoast_head":"<!-- This site is optimized with the Yoast SEO plugin v24.1 - https:\/\/yoast.com\/wordpress\/plugins\/seo\/ -->\n<title>F\u00f6rl\u00e4ngningsr\u00f6r till Ripack 2500 &amp; 3000 v\u00e4rmepistol - Frontsite<\/title>\n<meta name=\"description\" content=\"Ripack erbjuder en m\u00e4ngd f\u00f6rl\u00e4ngningsst\u00e4nger som \u00e4r s\u00e4rskilt utformade f\u00f6r effektiv och s\u00e4ker krympplastning av stora ytor som ska skyddas.\" \/>\n<meta name=\"robots\" content=\"index, follow, max-snippet:-1, max-image-preview:large, max-video-preview:-1\" \/>\n<link rel=\"canonical\" href=\"https:\/\/frontsite.se\/en\/product\/forlangning-till-ripack-2500-3000\/\" \/>\n<meta property=\"og:locale\" content=\"en_GB\" \/>\n<meta property=\"og:type\" content=\"article\" \/>\n<meta property=\"og:title\" content=\"F\u00f6rl\u00e4ngningsr\u00f6r till Ripack 2500 &amp; 3000 v\u00e4rmepistol - Frontsite\" \/>\n<meta property=\"og:description\" content=\"Ripack erbjuder en m\u00e4ngd f\u00f6rl\u00e4ngningsst\u00e4nger som \u00e4r s\u00e4rskilt utformade f\u00f6r effektiv och s\u00e4ker krympplastning av stora ytor som ska skyddas.\" \/>\n<meta property=\"og:url\" content=\"https:\/\/frontsite.se\/en\/product\/forlangning-till-ripack-2500-3000\/\" \/>\n<meta property=\"og:site_name\" content=\"Frontsite\" \/>\n<meta property=\"article:modified_time\" content=\"2025-10-01T07:35:40+00:00\" \/>\n<meta property=\"og:image\" content=\"https:\/\/frontsite.se\/wp-content\/uploads\/2024\/06\/Extensions-R3000-300dpi-1-scaled.webp\" \/>\n\t<meta property=\"og:image:width\" content=\"2560\" \/>\n\t<meta property=\"og:image:height\" content=\"1707\" \/>\n\t<meta property=\"og:image:type\" content=\"image\/webp\" \/>\n<meta name=\"twitter:card\" content=\"summary_large_image\" \/>\n<meta name=\"twitter:label1\" content=\"Estimated reading time\" \/>\n\t<meta name=\"twitter:data1\" content=\"2 minutes\" \/>\n<script type=\"application\/ld+json\" class=\"yoast-schema-graph\">{\"@context\":\"https:\/\/schema.org\",\"@graph\":[{\"@type\":\"WebPage\",\"@id\":\"https:\/\/frontsite.se\/produkt\/forlangning-till-ripack-2500-3000\/\",\"url\":\"https:\/\/frontsite.se\/produkt\/forlangning-till-ripack-2500-3000\/\",\"name\":\"F\u00f6rl\u00e4ngningsr\u00f6r till Ripack 2500 & 3000 v\u00e4rmepistol - Frontsite\",\"isPartOf\":{\"@id\":\"https:\/\/frontsite.se\/#website\"},\"primaryImageOfPage\":{\"@id\":\"https:\/\/frontsite.se\/produkt\/forlangning-till-ripack-2500-3000\/#primaryimage\"},\"image\":{\"@id\":\"https:\/\/frontsite.se\/produkt\/forlangning-till-ripack-2500-3000\/#primaryimage\"},\"thumbnailUrl\":\"https:\/\/frontsite.se\/wp-content\/uploads\/2024\/06\/Extensions-R3000-300dpi-1-scaled.webp\",\"datePublished\":\"2024-06-20T11:47:14+00:00\",\"dateModified\":\"2025-10-01T07:35:40+00:00\",\"description\":\"Ripack erbjuder en m\u00e4ngd f\u00f6rl\u00e4ngningsst\u00e4nger som \u00e4r s\u00e4rskilt utformade f\u00f6r effektiv och s\u00e4ker krympplastning av stora ytor som ska skyddas.\",\"breadcrumb\":{\"@id\":\"https:\/\/frontsite.se\/produkt\/forlangning-till-ripack-2500-3000\/#breadcrumb\"},\"inLanguage\":\"en-GB\",\"potentialAction\":[{\"@type\":\"ReadAction\",\"target\":[\"https:\/\/frontsite.se\/produkt\/forlangning-till-ripack-2500-3000\/\"]}]},{\"@type\":\"ImageObject\",\"inLanguage\":\"en-GB\",\"@id\":\"https:\/\/frontsite.se\/produkt\/forlangning-till-ripack-2500-3000\/#primaryimage\",\"url\":\"https:\/\/frontsite.se\/wp-content\/uploads\/2024\/06\/Extensions-R3000-300dpi-1-scaled.webp\",\"contentUrl\":\"https:\/\/frontsite.se\/wp-content\/uploads\/2024\/06\/Extensions-R3000-300dpi-1-scaled.webp\",\"width\":2560,\"height\":1707},{\"@type\":\"BreadcrumbList\",\"@id\":\"https:\/\/frontsite.se\/produkt\/forlangning-till-ripack-2500-3000\/#breadcrumb\",\"itemListElement\":[{\"@type\":\"ListItem\",\"position\":1,\"name\":\"Hem\",\"item\":\"https:\/\/frontsite.se\/\"},{\"@type\":\"ListItem\",\"position\":2,\"name\":\"Shop\",\"item\":\"https:\/\/frontsite.lingonbyran.se\/shop\/\"},{\"@type\":\"ListItem\",\"position\":3,\"name\":\"F\u00f6rl\u00e4ngningsr\u00f6r till Ripack 2500 &#038; 3000 v\u00e4rmepistol\"}]},{\"@type\":\"WebSite\",\"@id\":\"https:\/\/frontsite.se\/#website\",\"url\":\"https:\/\/frontsite.se\/\",\"name\":\"Frontsite\",\"description\":\"Expert P\u00e5 st\u00e4llningsprodukter och profilering\",\"publisher\":{\"@id\":\"https:\/\/frontsite.se\/#organization\"},\"potentialAction\":[{\"@type\":\"SearchAction\",\"target\":{\"@type\":\"EntryPoint\",\"urlTemplate\":\"https:\/\/frontsite.se\/?s={search_term_string}\"},\"query-input\":{\"@type\":\"PropertyValueSpecification\",\"valueRequired\":true,\"valueName\":\"search_term_string\"}}],\"inLanguage\":\"en-GB\"},{\"@type\":\"Organization\",\"@id\":\"https:\/\/frontsite.se\/#organization\",\"name\":\"Frontsite\",\"url\":\"https:\/\/frontsite.se\/\",\"logo\":{\"@type\":\"ImageObject\",\"inLanguage\":\"en-GB\",\"@id\":\"https:\/\/frontsite.se\/#\/schema\/logo\/image\/\",\"url\":\"https:\/\/frontsite.se\/wp-content\/uploads\/2024\/08\/Logo-Ratt-farg.png\",\"contentUrl\":\"https:\/\/frontsite.se\/wp-content\/uploads\/2024\/08\/Logo-Ratt-farg.png\",\"width\":1004,\"height\":1004,\"caption\":\"Frontsite\"},\"image\":{\"@id\":\"https:\/\/frontsite.se\/#\/schema\/logo\/image\/\"}}]}<\/script>\n<!-- \/ Yoast SEO plugin. -->","yoast_head_json":{"title":"F\u00f6rl\u00e4ngningsr\u00f6r till Ripack 2500 & 3000 v\u00e4rmepistol - Frontsite","description":"Ripack erbjuder en m\u00e4ngd f\u00f6rl\u00e4ngningsst\u00e4nger som \u00e4r s\u00e4rskilt utformade f\u00f6r effektiv och s\u00e4ker krympplastning av stora ytor som ska skyddas.","robots":{"index":"index","follow":"follow","max-snippet":"max-snippet:-1","max-image-preview":"max-image-preview:large","max-video-preview":"max-video-preview:-1"},"canonical":"https:\/\/frontsite.se\/en\/product\/forlangning-till-ripack-2500-3000\/","og_locale":"en_GB","og_type":"article","og_title":"F\u00f6rl\u00e4ngningsr\u00f6r till Ripack 2500 & 3000 v\u00e4rmepistol - Frontsite","og_description":"Ripack erbjuder en m\u00e4ngd f\u00f6rl\u00e4ngningsst\u00e4nger som \u00e4r s\u00e4rskilt utformade f\u00f6r effektiv och s\u00e4ker krympplastning av stora ytor som ska skyddas.","og_url":"https:\/\/frontsite.se\/en\/product\/forlangning-till-ripack-2500-3000\/","og_site_name":"Frontsite","article_modified_time":"2025-10-01T07:35:40+00:00","og_image":[{"width":2560,"height":1707,"url":"https:\/\/frontsite.se\/wp-content\/uploads\/2024\/06\/Extensions-R3000-300dpi-1-scaled.webp","type":"image\/webp"}],"twitter_card":"summary_large_image","twitter_misc":{"Estimated reading time":"2 minutes"},"schema":{"@context":"https:\/\/schema.org","@graph":[{"@type":"WebPage","@id":"https:\/\/frontsite.se\/produkt\/forlangning-till-ripack-2500-3000\/","url":"https:\/\/frontsite.se\/produkt\/forlangning-till-ripack-2500-3000\/","name":"F\u00f6rl\u00e4ngningsr\u00f6r till Ripack 2500 & 3000 v\u00e4rmepistol - Frontsite","isPartOf":{"@id":"https:\/\/frontsite.se\/#website"},"primaryImageOfPage":{"@id":"https:\/\/frontsite.se\/produkt\/forlangning-till-ripack-2500-3000\/#primaryimage"},"image":{"@id":"https:\/\/frontsite.se\/produkt\/forlangning-till-ripack-2500-3000\/#primaryimage"},"thumbnailUrl":"https:\/\/frontsite.se\/wp-content\/uploads\/2024\/06\/Extensions-R3000-300dpi-1-scaled.webp","datePublished":"2024-06-20T11:47:14+00:00","dateModified":"2025-10-01T07:35:40+00:00","description":"Ripack erbjuder en m\u00e4ngd f\u00f6rl\u00e4ngningsst\u00e4nger som \u00e4r s\u00e4rskilt utformade f\u00f6r effektiv och s\u00e4ker krympplastning av stora ytor som ska skyddas.","breadcrumb":{"@id":"https:\/\/frontsite.se\/produkt\/forlangning-till-ripack-2500-3000\/#breadcrumb"},"inLanguage":"en-GB","potentialAction":[{"@type":"ReadAction","target":["https:\/\/frontsite.se\/produkt\/forlangning-till-ripack-2500-3000\/"]}]},{"@type":"ImageObject","inLanguage":"en-GB","@id":"https:\/\/frontsite.se\/produkt\/forlangning-till-ripack-2500-3000\/#primaryimage","url":"https:\/\/frontsite.se\/wp-content\/uploads\/2024\/06\/Extensions-R3000-300dpi-1-scaled.webp","contentUrl":"https:\/\/frontsite.se\/wp-content\/uploads\/2024\/06\/Extensions-R3000-300dpi-1-scaled.webp","width":2560,"height":1707},{"@type":"BreadcrumbList","@id":"https:\/\/frontsite.se\/produkt\/forlangning-till-ripack-2500-3000\/#breadcrumb","itemListElement":[{"@type":"ListItem","position":1,"name":"Hem","item":"https:\/\/frontsite.se\/"},{"@type":"ListItem","position":2,"name":"Shop","item":"https:\/\/frontsite.lingonbyran.se\/shop\/"},{"@type":"ListItem","position":3,"name":"F\u00f6rl\u00e4ngningsr\u00f6r till Ripack 2500 &#038; 3000 v\u00e4rmepistol"}]},{"@type":"WebSite","@id":"https:\/\/frontsite.se\/#website","url":"https:\/\/frontsite.se\/","name":"Frontsite","description":"Expert P\u00e5 st\u00e4llningsprodukter och profilering","publisher":{"@id":"https:\/\/frontsite.se\/#organization"},"potentialAction":[{"@type":"SearchAction","target":{"@type":"EntryPoint","urlTemplate":"https:\/\/frontsite.se\/?s={search_term_string}"},"query-input":{"@type":"PropertyValueSpecification","valueRequired":true,"valueName":"search_term_string"}}],"inLanguage":"en-GB"},{"@type":"Organization","@id":"https:\/\/frontsite.se\/#organization","name":"Frontsite","url":"https:\/\/frontsite.se\/","logo":{"@type":"ImageObject","inLanguage":"en-GB","@id":"https:\/\/frontsite.se\/#\/schema\/logo\/image\/","url":"https:\/\/frontsite.se\/wp-content\/uploads\/2024\/08\/Logo-Ratt-farg.png","contentUrl":"https:\/\/frontsite.se\/wp-content\/uploads\/2024\/08\/Logo-Ratt-farg.png","width":1004,"height":1004,"caption":"Frontsite"},"image":{"@id":"https:\/\/frontsite.se\/#\/schema\/logo\/image\/"}}]}},"jetpack_sharing_enabled":true,"_links":{"self":[{"href":"https:\/\/frontsite.se\/en\/wp-json\/wp\/v2\/product\/17101","targetHints":{"allow":["GET"]}}],"collection":[{"href":"https:\/\/frontsite.se\/en\/wp-json\/wp\/v2\/product"}],"about":[{"href":"https:\/\/frontsite.se\/en\/wp-json\/wp\/v2\/types\/product"}],"replies":[{"embeddable":true,"href":"https:\/\/frontsite.se\/en\/wp-json\/wp\/v2\/comments?post=17101"}],"version-history":[{"count":4,"href":"https:\/\/frontsite.se\/en\/wp-json\/wp\/v2\/product\/17101\/revisions"}],"predecessor-version":[{"id":17181,"href":"https:\/\/frontsite.se\/en\/wp-json\/wp\/v2\/product\/17101\/revisions\/17181"}],"wp:featuredmedia":[{"embeddable":true,"href":"https:\/\/frontsite.se\/en\/wp-json\/wp\/v2\/media\/17175"}],"wp:attachment":[{"href":"https:\/\/frontsite.se\/en\/wp-json\/wp\/v2\/media?parent=17101"}],"wp:term":[{"taxonomy":"product_cat","embeddable":true,"href":"https:\/\/frontsite.se\/en\/wp-json\/wp\/v2\/product_cat?post=17101"},{"taxonomy":"product_tag","embeddable":true,"href":"https:\/\/frontsite.se\/en\/wp-json\/wp\/v2\/product_tag?post=17101"}],"curies":[{"name":"wp","href":"https:\/\/api.w.org\/{rel}","templated":true}]}}