{"id":17097,"date":"2024-06-20T11:39:43","date_gmt":"2024-06-20T11:39:43","guid":{"rendered":"https:\/\/frontsite.se\/?post_type=product&#038;p=17097"},"modified":"2025-10-01T07:42:35","modified_gmt":"2025-10-01T07:42:35","slug":"lagnings-kit-pvc-rullar-med-klister","status":"publish","type":"product","link":"https:\/\/frontsite.se\/en\/product\/lagnings-kit-pvc-rullar-med-klister\/","title":{"rendered":"Lagnings kit, PVC-rullar med klister"},"content":{"rendered":"<p data-start=\"71\" data-end=\"113\"><strong data-start=\"71\" data-end=\"111\">Lagningskit \u2013 PVC-rullar med klister<\/strong><\/p>\n<p data-start=\"115\" data-end=\"364\">Ett smidigt och effektivt lagningskit f\u00f6r snabb och enkel reparation av PVC-material. Rullarna \u00e4r sj\u00e4lvh\u00e4ftande och g\u00f6r det m\u00f6jligt att t\u00e4cka skador, sprickor eller h\u00e5l p\u00e5 ett h\u00e5llbart s\u00e4tt \u2013 direkt p\u00e5 plats, utan behov av extra verktyg eller lim.<\/p>\n<p data-start=\"366\" data-end=\"525\">Perfekt f\u00f6r reparation av exempelvis presenningar, byggskydd, krympplast eller andra PVC-ytor d\u00e4r du vill f\u00f6rl\u00e4nga livsl\u00e4ngden och undvika on\u00f6diga kostnader.<\/p>\n<p data-start=\"527\" data-end=\"542\"><strong data-start=\"527\" data-end=\"540\">F\u00f6rdelar:<\/strong><\/p>\n<ul data-start=\"543\" data-end=\"758\">\n<li data-start=\"543\" data-end=\"597\">\n<p data-start=\"545\" data-end=\"597\">Enkel att anv\u00e4nda \u2013 f\u00e4rdig med klister p\u00e5 baksidan<\/p>\n<\/li>\n<li data-start=\"543\" data-end=\"597\">F\u00e4rg som standard \u00e4r vit, men kan f\u00e5s i andra f\u00e4rger ocks\u00e5.<\/li>\n<li data-start=\"598\" data-end=\"650\">\n<p data-start=\"600\" data-end=\"650\">Flexibel och stark PVC som ger l\u00e5ngvarig lagning<\/p>\n<\/li>\n<li data-start=\"651\" data-end=\"696\">\n<p data-start=\"653\" data-end=\"696\">Passar m\u00e5nga olika typer av PVC-produkter<\/p>\n<\/li>\n<li data-start=\"697\" data-end=\"758\">\n<p data-start=\"699\" data-end=\"758\">Snabb l\u00f6sning vid skador ute p\u00e5 arbetsplatsen eller hemma<\/p>\n<\/li>\n<\/ul>\n<p data-start=\"760\" data-end=\"858\">Med v\u00e5ra PVC-rullar med klister f\u00e5r du en p\u00e5litlig lagning som h\u00e5ller \u2013 b\u00e5de snabbt och bekv\u00e4mt!<\/p>","protected":false},"excerpt":{"rendered":"<p data-start=\"71\" data-end=\"113\"><strong data-start=\"71\" data-end=\"111\">Lagningskit \u2013 PVC-rullar med klister<\/strong><\/p>\n<p data-start=\"115\" data-end=\"364\">Ett smidigt och effektivt lagningskit f\u00f6r snabb och enkel reparation av PVC-material. Rullarna \u00e4r sj\u00e4lvh\u00e4ftande och g\u00f6r det m\u00f6jligt att t\u00e4cka skador, sprickor eller h\u00e5l p\u00e5 ett h\u00e5llbart s\u00e4tt \u2013 direkt p\u00e5 plats, utan behov av extra verktyg eller lim.<\/p>\n<p data-start=\"366\" data-end=\"525\">Perfekt f\u00f6r reparation av exempelvis presenningar, byggskydd, krympplast eller andra PVC-ytor d\u00e4r du vill f\u00f6rl\u00e4nga livsl\u00e4ngden och undvika on\u00f6diga kostnader.<\/p>\n<p data-start=\"527\" data-end=\"542\"><strong data-start=\"527\" data-end=\"540\">F\u00f6rdelar:<\/strong><\/p>\n<ul data-start=\"543\" data-end=\"758\">\n<li data-start=\"543\" data-end=\"597\">\n<p data-start=\"545\" data-end=\"597\">Enkel att anv\u00e4nda \u2013 f\u00e4rdig med klister p\u00e5 baksidan<\/p>\n<\/li>\n<li data-start=\"598\" data-end=\"650\">\n<p data-start=\"600\" data-end=\"650\">Flexibel och stark PVC som ger l\u00e5ngvarig lagning<\/p>\n<\/li>\n<li data-start=\"651\" data-end=\"696\">\n<p data-start=\"653\" data-end=\"696\">Passar m\u00e5nga olika typer av PVC-produkter<\/p>\n<\/li>\n<li data-start=\"697\" data-end=\"758\">\n<p data-start=\"699\" data-end=\"758\">Snabb l\u00f6sning vid skador ute p\u00e5 arbetsplatsen eller hemma<\/p>\n<\/li>\n<\/ul>\n<p data-start=\"760\" data-end=\"858\">Med v\u00e5ra PVC-rullar med klister f\u00e5r du en p\u00e5litlig lagning som h\u00e5ller \u2013 b\u00e5de snabbt och bekv\u00e4mt!<\/p>","protected":false},"featured_media":16475,"comment_status":"open","ping_status":"closed","template":"","meta":[],"product_cat":[87,88,107],"product_tag":[],"class_list":{"0":"post-17097","1":"product","2":"type-product","3":"status-publish","4":"has-post-thumbnail","6":"product_cat-kederduk-for-vaderskydd-och-hallsystem","7":"product_cat-lagnings-tillbehor","8":"product_cat-reparationskit","10":"first","11":"instock","12":"taxable","13":"shipping-taxable","14":"purchasable","15":"product-type-simple"},"yoast_head":"<!-- This site is optimized with the Yoast SEO plugin v24.1 - https:\/\/yoast.com\/wordpress\/plugins\/seo\/ -->\n<title>Lagnings kit, PVC-rullar med klister - Frontsite<\/title>\n<meta name=\"description\" content=\"Praktiskt lagningskit med sj\u00e4lvh\u00e4ftande PVC-rullar. Snabb och h\u00e5llbar reparation av presenningar, takdukar och allt material i PVC.\" \/>\n<meta name=\"robots\" content=\"index, follow, max-snippet:-1, max-image-preview:large, max-video-preview:-1\" \/>\n<link rel=\"canonical\" href=\"https:\/\/frontsite.se\/en\/product\/lagnings-kit-pvc-rullar-med-klister\/\" \/>\n<meta property=\"og:locale\" content=\"en_GB\" \/>\n<meta property=\"og:type\" content=\"article\" \/>\n<meta property=\"og:title\" content=\"Lagnings kit, PVC-rullar med klister - Frontsite\" \/>\n<meta property=\"og:description\" content=\"Praktiskt lagningskit med sj\u00e4lvh\u00e4ftande PVC-rullar. Snabb och h\u00e5llbar reparation av presenningar, takdukar och allt material i PVC.\" \/>\n<meta property=\"og:url\" content=\"https:\/\/frontsite.se\/en\/product\/lagnings-kit-pvc-rullar-med-klister\/\" \/>\n<meta property=\"og:site_name\" content=\"Frontsite\" \/>\n<meta property=\"article:modified_time\" content=\"2025-10-01T07:42:35+00:00\" \/>\n<meta property=\"og:image\" content=\"https:\/\/frontsite.se\/wp-content\/uploads\/2024\/04\/Photoroom_20240403_103639.jpg\" \/>\n\t<meta property=\"og:image:width\" content=\"700\" \/>\n\t<meta property=\"og:image:height\" content=\"700\" \/>\n\t<meta property=\"og:image:type\" content=\"image\/jpeg\" \/>\n<meta name=\"twitter:card\" content=\"summary_large_image\" \/>\n<meta name=\"twitter:label1\" content=\"Estimated reading time\" \/>\n\t<meta name=\"twitter:data1\" content=\"1 minute\" \/>\n<script type=\"application\/ld+json\" class=\"yoast-schema-graph\">{\"@context\":\"https:\/\/schema.org\",\"@graph\":[{\"@type\":\"WebPage\",\"@id\":\"https:\/\/frontsite.se\/produkt\/lagnings-kit-pvc-rullar-med-klister\/\",\"url\":\"https:\/\/frontsite.se\/produkt\/lagnings-kit-pvc-rullar-med-klister\/\",\"name\":\"Lagnings kit, PVC-rullar med klister - Frontsite\",\"isPartOf\":{\"@id\":\"https:\/\/frontsite.se\/#website\"},\"primaryImageOfPage\":{\"@id\":\"https:\/\/frontsite.se\/produkt\/lagnings-kit-pvc-rullar-med-klister\/#primaryimage\"},\"image\":{\"@id\":\"https:\/\/frontsite.se\/produkt\/lagnings-kit-pvc-rullar-med-klister\/#primaryimage\"},\"thumbnailUrl\":\"https:\/\/frontsite.se\/wp-content\/uploads\/2024\/04\/Photoroom_20240403_103639.jpg\",\"datePublished\":\"2024-06-20T11:39:43+00:00\",\"dateModified\":\"2025-10-01T07:42:35+00:00\",\"description\":\"Praktiskt lagningskit med sj\u00e4lvh\u00e4ftande PVC-rullar. Snabb och h\u00e5llbar reparation av presenningar, takdukar och allt material i PVC.\",\"breadcrumb\":{\"@id\":\"https:\/\/frontsite.se\/produkt\/lagnings-kit-pvc-rullar-med-klister\/#breadcrumb\"},\"inLanguage\":\"en-GB\",\"potentialAction\":[{\"@type\":\"ReadAction\",\"target\":[\"https:\/\/frontsite.se\/produkt\/lagnings-kit-pvc-rullar-med-klister\/\"]}]},{\"@type\":\"ImageObject\",\"inLanguage\":\"en-GB\",\"@id\":\"https:\/\/frontsite.se\/produkt\/lagnings-kit-pvc-rullar-med-klister\/#primaryimage\",\"url\":\"https:\/\/frontsite.se\/wp-content\/uploads\/2024\/04\/Photoroom_20240403_103639.jpg\",\"contentUrl\":\"https:\/\/frontsite.se\/wp-content\/uploads\/2024\/04\/Photoroom_20240403_103639.jpg\",\"width\":700,\"height\":700},{\"@type\":\"BreadcrumbList\",\"@id\":\"https:\/\/frontsite.se\/produkt\/lagnings-kit-pvc-rullar-med-klister\/#breadcrumb\",\"itemListElement\":[{\"@type\":\"ListItem\",\"position\":1,\"name\":\"Hem\",\"item\":\"https:\/\/frontsite.se\/\"},{\"@type\":\"ListItem\",\"position\":2,\"name\":\"Shop\",\"item\":\"https:\/\/frontsite.lingonbyran.se\/shop\/\"},{\"@type\":\"ListItem\",\"position\":3,\"name\":\"Lagnings kit, PVC-rullar med klister\"}]},{\"@type\":\"WebSite\",\"@id\":\"https:\/\/frontsite.se\/#website\",\"url\":\"https:\/\/frontsite.se\/\",\"name\":\"Frontsite\",\"description\":\"Expert P\u00e5 st\u00e4llningsprodukter och profilering\",\"publisher\":{\"@id\":\"https:\/\/frontsite.se\/#organization\"},\"potentialAction\":[{\"@type\":\"SearchAction\",\"target\":{\"@type\":\"EntryPoint\",\"urlTemplate\":\"https:\/\/frontsite.se\/?s={search_term_string}\"},\"query-input\":{\"@type\":\"PropertyValueSpecification\",\"valueRequired\":true,\"valueName\":\"search_term_string\"}}],\"inLanguage\":\"en-GB\"},{\"@type\":\"Organization\",\"@id\":\"https:\/\/frontsite.se\/#organization\",\"name\":\"Frontsite\",\"url\":\"https:\/\/frontsite.se\/\",\"logo\":{\"@type\":\"ImageObject\",\"inLanguage\":\"en-GB\",\"@id\":\"https:\/\/frontsite.se\/#\/schema\/logo\/image\/\",\"url\":\"https:\/\/frontsite.se\/wp-content\/uploads\/2024\/08\/Logo-Ratt-farg.png\",\"contentUrl\":\"https:\/\/frontsite.se\/wp-content\/uploads\/2024\/08\/Logo-Ratt-farg.png\",\"width\":1004,\"height\":1004,\"caption\":\"Frontsite\"},\"image\":{\"@id\":\"https:\/\/frontsite.se\/#\/schema\/logo\/image\/\"}}]}<\/script>\n<!-- \/ Yoast SEO plugin. -->","yoast_head_json":{"title":"Lagnings kit, PVC-rullar med klister - Frontsite","description":"Praktiskt lagningskit med sj\u00e4lvh\u00e4ftande PVC-rullar. Snabb och h\u00e5llbar reparation av presenningar, takdukar och allt material i PVC.","robots":{"index":"index","follow":"follow","max-snippet":"max-snippet:-1","max-image-preview":"max-image-preview:large","max-video-preview":"max-video-preview:-1"},"canonical":"https:\/\/frontsite.se\/en\/product\/lagnings-kit-pvc-rullar-med-klister\/","og_locale":"en_GB","og_type":"article","og_title":"Lagnings kit, PVC-rullar med klister - Frontsite","og_description":"Praktiskt lagningskit med sj\u00e4lvh\u00e4ftande PVC-rullar. Snabb och h\u00e5llbar reparation av presenningar, takdukar och allt material i PVC.","og_url":"https:\/\/frontsite.se\/en\/product\/lagnings-kit-pvc-rullar-med-klister\/","og_site_name":"Frontsite","article_modified_time":"2025-10-01T07:42:35+00:00","og_image":[{"width":700,"height":700,"url":"https:\/\/frontsite.se\/wp-content\/uploads\/2024\/04\/Photoroom_20240403_103639.jpg","type":"image\/jpeg"}],"twitter_card":"summary_large_image","twitter_misc":{"Estimated reading time":"1 minute"},"schema":{"@context":"https:\/\/schema.org","@graph":[{"@type":"WebPage","@id":"https:\/\/frontsite.se\/produkt\/lagnings-kit-pvc-rullar-med-klister\/","url":"https:\/\/frontsite.se\/produkt\/lagnings-kit-pvc-rullar-med-klister\/","name":"Lagnings kit, PVC-rullar med klister - Frontsite","isPartOf":{"@id":"https:\/\/frontsite.se\/#website"},"primaryImageOfPage":{"@id":"https:\/\/frontsite.se\/produkt\/lagnings-kit-pvc-rullar-med-klister\/#primaryimage"},"image":{"@id":"https:\/\/frontsite.se\/produkt\/lagnings-kit-pvc-rullar-med-klister\/#primaryimage"},"thumbnailUrl":"https:\/\/frontsite.se\/wp-content\/uploads\/2024\/04\/Photoroom_20240403_103639.jpg","datePublished":"2024-06-20T11:39:43+00:00","dateModified":"2025-10-01T07:42:35+00:00","description":"Praktiskt lagningskit med sj\u00e4lvh\u00e4ftande PVC-rullar. Snabb och h\u00e5llbar reparation av presenningar, takdukar och allt material i PVC.","breadcrumb":{"@id":"https:\/\/frontsite.se\/produkt\/lagnings-kit-pvc-rullar-med-klister\/#breadcrumb"},"inLanguage":"en-GB","potentialAction":[{"@type":"ReadAction","target":["https:\/\/frontsite.se\/produkt\/lagnings-kit-pvc-rullar-med-klister\/"]}]},{"@type":"ImageObject","inLanguage":"en-GB","@id":"https:\/\/frontsite.se\/produkt\/lagnings-kit-pvc-rullar-med-klister\/#primaryimage","url":"https:\/\/frontsite.se\/wp-content\/uploads\/2024\/04\/Photoroom_20240403_103639.jpg","contentUrl":"https:\/\/frontsite.se\/wp-content\/uploads\/2024\/04\/Photoroom_20240403_103639.jpg","width":700,"height":700},{"@type":"BreadcrumbList","@id":"https:\/\/frontsite.se\/produkt\/lagnings-kit-pvc-rullar-med-klister\/#breadcrumb","itemListElement":[{"@type":"ListItem","position":1,"name":"Hem","item":"https:\/\/frontsite.se\/"},{"@type":"ListItem","position":2,"name":"Shop","item":"https:\/\/frontsite.lingonbyran.se\/shop\/"},{"@type":"ListItem","position":3,"name":"Lagnings kit, PVC-rullar med klister"}]},{"@type":"WebSite","@id":"https:\/\/frontsite.se\/#website","url":"https:\/\/frontsite.se\/","name":"Frontsite","description":"Expert P\u00e5 st\u00e4llningsprodukter och profilering","publisher":{"@id":"https:\/\/frontsite.se\/#organization"},"potentialAction":[{"@type":"SearchAction","target":{"@type":"EntryPoint","urlTemplate":"https:\/\/frontsite.se\/?s={search_term_string}"},"query-input":{"@type":"PropertyValueSpecification","valueRequired":true,"valueName":"search_term_string"}}],"inLanguage":"en-GB"},{"@type":"Organization","@id":"https:\/\/frontsite.se\/#organization","name":"Frontsite","url":"https:\/\/frontsite.se\/","logo":{"@type":"ImageObject","inLanguage":"en-GB","@id":"https:\/\/frontsite.se\/#\/schema\/logo\/image\/","url":"https:\/\/frontsite.se\/wp-content\/uploads\/2024\/08\/Logo-Ratt-farg.png","contentUrl":"https:\/\/frontsite.se\/wp-content\/uploads\/2024\/08\/Logo-Ratt-farg.png","width":1004,"height":1004,"caption":"Frontsite"},"image":{"@id":"https:\/\/frontsite.se\/#\/schema\/logo\/image\/"}}]}},"jetpack_sharing_enabled":true,"_links":{"self":[{"href":"https:\/\/frontsite.se\/en\/wp-json\/wp\/v2\/product\/17097","targetHints":{"allow":["GET"]}}],"collection":[{"href":"https:\/\/frontsite.se\/en\/wp-json\/wp\/v2\/product"}],"about":[{"href":"https:\/\/frontsite.se\/en\/wp-json\/wp\/v2\/types\/product"}],"replies":[{"embeddable":true,"href":"https:\/\/frontsite.se\/en\/wp-json\/wp\/v2\/comments?post=17097"}],"version-history":[{"count":3,"href":"https:\/\/frontsite.se\/en\/wp-json\/wp\/v2\/product\/17097\/revisions"}],"predecessor-version":[{"id":17797,"href":"https:\/\/frontsite.se\/en\/wp-json\/wp\/v2\/product\/17097\/revisions\/17797"}],"wp:featuredmedia":[{"embeddable":true,"href":"https:\/\/frontsite.se\/en\/wp-json\/wp\/v2\/media\/16475"}],"wp:attachment":[{"href":"https:\/\/frontsite.se\/en\/wp-json\/wp\/v2\/media?parent=17097"}],"wp:term":[{"taxonomy":"product_cat","embeddable":true,"href":"https:\/\/frontsite.se\/en\/wp-json\/wp\/v2\/product_cat?post=17097"},{"taxonomy":"product_tag","embeddable":true,"href":"https:\/\/frontsite.se\/en\/wp-json\/wp\/v2\/product_tag?post=17097"}],"curies":[{"name":"wp","href":"https:\/\/api.w.org\/{rel}","templated":true}]}}