{"id":17088,"date":"2024-06-20T11:23:29","date_gmt":"2024-06-20T11:23:29","guid":{"rendered":"https:\/\/frontsite.se\/?post_type=product&#038;p=17088"},"modified":"2024-06-24T12:26:22","modified_gmt":"2024-06-24T12:26:22","slug":"secumax-350","status":"publish","type":"product","link":"https:\/\/frontsite.se\/en\/product\/secumax-350\/","title":{"rendered":"S\u00e4kerhetskniv Secumax 350"},"content":{"rendered":"<p><strong>Produktbeskrivning:<\/strong> SECUMAX 350 kombinerar m\u00e5ngsidighet, komfort och s\u00e4kerhet p\u00e5 h\u00f6gsta niv\u00e5. Den har ett robust sk\u00e4rhuvud och en innovativ bladbytesmekanism. Kniven \u00e4r m\u00e5ngsidig och kan anv\u00e4ndas f\u00f6r att sk\u00e4ra alla vanliga material, inklusive film, plastband, papper och tv\u00e5lagers kartong. Den delar enkelt \u00e4ven tejp. Dessutom \u00e4r den s\u00e5 bekv\u00e4m att h\u00e5lla i att du inte vill l\u00e4gga den ifr\u00e5n dig.<\/p>\n<p><strong>Specifikationer och f\u00f6rdelar:<\/strong><\/p>\n<ul>\n<li><strong>Modellnummer:<\/strong> 350005<\/li>\n<li><strong>Design:<\/strong> Robust sk\u00e4rhuvud f\u00f6r h\u00e5llbarhet och effektivitet<\/li>\n<li><strong>Bladbyte:<\/strong> Innovativ och enkel bladbytesmekanism<\/li>\n<li><strong>M\u00e5ngsidighet:<\/strong> L\u00e4mplig f\u00f6r att sk\u00e4ra film, plastband, papper, tv\u00e5lagers kartong och tejp<\/li>\n<li><strong>Ergonomi:<\/strong> Mycket bekv\u00e4m att h\u00e5lla i, vilket \u00f6kar anv\u00e4ndargl\u00e4djen och minskar tr\u00f6tthet<\/li>\n<li><strong>S\u00e4kerhet:<\/strong> H\u00f6gsta niv\u00e5 av arbetss\u00e4kerhet<\/li>\n<\/ul>\n<p><strong>Anv\u00e4ndningsomr\u00e5de:<\/strong><\/p>\n<ul>\n<li>Idealisk f\u00f6r sk\u00e4rning av olika material i olika arbetsmilj\u00f6er<\/li>\n<li>L\u00e4mplig f\u00f6r b\u00e5de industriellt bruk och kontorsbruk<\/li>\n<\/ul>\n<p>SECUMAX 350 \u00e4r en m\u00e5ngsidig s\u00e4kerhetskniv som erbjuder h\u00f6g komfort och s\u00e4kerhet. Den \u00e4r utm\u00e4rkt f\u00f6r anv\u00e4ndare som beh\u00f6ver en p\u00e5litlig och effektiv l\u00f6sning f\u00f6r att sk\u00e4ra olika typer av material, samtidigt som de uppskattar enkel bladhantering och ergonomisk design.<\/p>","protected":false},"excerpt":{"rendered":"<p>Produktbeskrivning: SECUMAX 350 kombinerar m\u00e5ngsidighet, komfort och s\u00e4kerhet p\u00e5 h\u00f6gsta niv\u00e5. Den har ett robust sk\u00e4rhuvud och en innovativ bladbytesmekanism.<\/p>","protected":false},"featured_media":17129,"comment_status":"open","ping_status":"closed","template":"","meta":[],"product_cat":[93,76,174],"product_tag":[],"class_list":{"0":"post-17088","1":"product","2":"type-product","3":"status-publish","4":"has-post-thumbnail","6":"product_cat-kniv-med-utbytbart-blad","7":"product_cat-krympplast-tillbehor","8":"product_cat-safety-knives","10":"first","11":"instock","12":"taxable","13":"shipping-taxable","14":"purchasable","15":"product-type-simple"},"yoast_head":"<!-- This site is optimized with the Yoast SEO plugin v24.1 - https:\/\/yoast.com\/wordpress\/plugins\/seo\/ -->\n<title>S\u00e4kerhetskniv Secumax 350 - Frontsite<\/title>\n<meta name=\"description\" content=\"Optimera S\u00e4kerheten och Effektiviteten med v\u00e5r S\u00e4kerhetskniv med Utbytbart Blad. En p\u00e5litlig och innovativ l\u00f6sning f\u00f6r alla behov.\" \/>\n<meta name=\"robots\" content=\"index, follow, max-snippet:-1, max-image-preview:large, max-video-preview:-1\" \/>\n<link rel=\"canonical\" href=\"https:\/\/frontsite.se\/en\/product\/secumax-350\/\" \/>\n<meta property=\"og:locale\" content=\"en_GB\" \/>\n<meta property=\"og:type\" content=\"article\" \/>\n<meta property=\"og:title\" content=\"S\u00e4kerhetskniv Secumax 350 - Frontsite\" \/>\n<meta property=\"og:description\" content=\"Optimera S\u00e4kerheten och Effektiviteten med v\u00e5r S\u00e4kerhetskniv med Utbytbart Blad. En p\u00e5litlig och innovativ l\u00f6sning f\u00f6r alla behov.\" \/>\n<meta property=\"og:url\" content=\"https:\/\/frontsite.se\/en\/product\/secumax-350\/\" \/>\n<meta property=\"og:site_name\" content=\"Frontsite\" \/>\n<meta property=\"article:modified_time\" content=\"2024-06-24T12:26:22+00:00\" \/>\n<meta property=\"og:image\" content=\"https:\/\/frontsite.se\/wp-content\/uploads\/2024\/06\/csm_350005_PA2_MARTOR_df89ad5395.png\" \/>\n\t<meta property=\"og:image:width\" content=\"180\" \/>\n\t<meta property=\"og:image:height\" content=\"56\" \/>\n\t<meta property=\"og:image:type\" content=\"image\/png\" \/>\n<meta name=\"twitter:card\" content=\"summary_large_image\" \/>\n<meta name=\"twitter:label1\" content=\"Estimated reading time\" \/>\n\t<meta name=\"twitter:data1\" content=\"2 minutes\" \/>\n<script type=\"application\/ld+json\" class=\"yoast-schema-graph\">{\"@context\":\"https:\/\/schema.org\",\"@graph\":[{\"@type\":\"WebPage\",\"@id\":\"https:\/\/frontsite.se\/produkt\/secumax-350\/\",\"url\":\"https:\/\/frontsite.se\/produkt\/secumax-350\/\",\"name\":\"S\u00e4kerhetskniv Secumax 350 - Frontsite\",\"isPartOf\":{\"@id\":\"https:\/\/frontsite.se\/#website\"},\"primaryImageOfPage\":{\"@id\":\"https:\/\/frontsite.se\/produkt\/secumax-350\/#primaryimage\"},\"image\":{\"@id\":\"https:\/\/frontsite.se\/produkt\/secumax-350\/#primaryimage\"},\"thumbnailUrl\":\"https:\/\/frontsite.se\/wp-content\/uploads\/2024\/06\/csm_350005_PA2_MARTOR_df89ad5395.png\",\"datePublished\":\"2024-06-20T11:23:29+00:00\",\"dateModified\":\"2024-06-24T12:26:22+00:00\",\"description\":\"Optimera S\u00e4kerheten och Effektiviteten med v\u00e5r S\u00e4kerhetskniv med Utbytbart Blad. En p\u00e5litlig och innovativ l\u00f6sning f\u00f6r alla behov.\",\"breadcrumb\":{\"@id\":\"https:\/\/frontsite.se\/produkt\/secumax-350\/#breadcrumb\"},\"inLanguage\":\"en-GB\",\"potentialAction\":[{\"@type\":\"ReadAction\",\"target\":[\"https:\/\/frontsite.se\/produkt\/secumax-350\/\"]}]},{\"@type\":\"ImageObject\",\"inLanguage\":\"en-GB\",\"@id\":\"https:\/\/frontsite.se\/produkt\/secumax-350\/#primaryimage\",\"url\":\"https:\/\/frontsite.se\/wp-content\/uploads\/2024\/06\/csm_350005_PA2_MARTOR_df89ad5395.png\",\"contentUrl\":\"https:\/\/frontsite.se\/wp-content\/uploads\/2024\/06\/csm_350005_PA2_MARTOR_df89ad5395.png\",\"width\":180,\"height\":56},{\"@type\":\"BreadcrumbList\",\"@id\":\"https:\/\/frontsite.se\/produkt\/secumax-350\/#breadcrumb\",\"itemListElement\":[{\"@type\":\"ListItem\",\"position\":1,\"name\":\"Hem\",\"item\":\"https:\/\/frontsite.se\/\"},{\"@type\":\"ListItem\",\"position\":2,\"name\":\"Shop\",\"item\":\"https:\/\/frontsite.lingonbyran.se\/shop\/\"},{\"@type\":\"ListItem\",\"position\":3,\"name\":\"S\u00e4kerhetskniv Secumax 350\"}]},{\"@type\":\"WebSite\",\"@id\":\"https:\/\/frontsite.se\/#website\",\"url\":\"https:\/\/frontsite.se\/\",\"name\":\"Frontsite\",\"description\":\"Expert P\u00e5 st\u00e4llningsprodukter och profilering\",\"publisher\":{\"@id\":\"https:\/\/frontsite.se\/#organization\"},\"potentialAction\":[{\"@type\":\"SearchAction\",\"target\":{\"@type\":\"EntryPoint\",\"urlTemplate\":\"https:\/\/frontsite.se\/?s={search_term_string}\"},\"query-input\":{\"@type\":\"PropertyValueSpecification\",\"valueRequired\":true,\"valueName\":\"search_term_string\"}}],\"inLanguage\":\"en-GB\"},{\"@type\":\"Organization\",\"@id\":\"https:\/\/frontsite.se\/#organization\",\"name\":\"Frontsite\",\"url\":\"https:\/\/frontsite.se\/\",\"logo\":{\"@type\":\"ImageObject\",\"inLanguage\":\"en-GB\",\"@id\":\"https:\/\/frontsite.se\/#\/schema\/logo\/image\/\",\"url\":\"https:\/\/frontsite.se\/wp-content\/uploads\/2024\/08\/Logo-Ratt-farg.png\",\"contentUrl\":\"https:\/\/frontsite.se\/wp-content\/uploads\/2024\/08\/Logo-Ratt-farg.png\",\"width\":1004,\"height\":1004,\"caption\":\"Frontsite\"},\"image\":{\"@id\":\"https:\/\/frontsite.se\/#\/schema\/logo\/image\/\"}}]}<\/script>\n<!-- \/ Yoast SEO plugin. -->","yoast_head_json":{"title":"S\u00e4kerhetskniv Secumax 350 - Frontsite","description":"Optimera S\u00e4kerheten och Effektiviteten med v\u00e5r S\u00e4kerhetskniv med Utbytbart Blad. En p\u00e5litlig och innovativ l\u00f6sning f\u00f6r alla behov.","robots":{"index":"index","follow":"follow","max-snippet":"max-snippet:-1","max-image-preview":"max-image-preview:large","max-video-preview":"max-video-preview:-1"},"canonical":"https:\/\/frontsite.se\/en\/product\/secumax-350\/","og_locale":"en_GB","og_type":"article","og_title":"S\u00e4kerhetskniv Secumax 350 - Frontsite","og_description":"Optimera S\u00e4kerheten och Effektiviteten med v\u00e5r S\u00e4kerhetskniv med Utbytbart Blad. En p\u00e5litlig och innovativ l\u00f6sning f\u00f6r alla behov.","og_url":"https:\/\/frontsite.se\/en\/product\/secumax-350\/","og_site_name":"Frontsite","article_modified_time":"2024-06-24T12:26:22+00:00","og_image":[{"width":180,"height":56,"url":"https:\/\/frontsite.se\/wp-content\/uploads\/2024\/06\/csm_350005_PA2_MARTOR_df89ad5395.png","type":"image\/png"}],"twitter_card":"summary_large_image","twitter_misc":{"Estimated reading time":"2 minutes"},"schema":{"@context":"https:\/\/schema.org","@graph":[{"@type":"WebPage","@id":"https:\/\/frontsite.se\/produkt\/secumax-350\/","url":"https:\/\/frontsite.se\/produkt\/secumax-350\/","name":"S\u00e4kerhetskniv Secumax 350 - Frontsite","isPartOf":{"@id":"https:\/\/frontsite.se\/#website"},"primaryImageOfPage":{"@id":"https:\/\/frontsite.se\/produkt\/secumax-350\/#primaryimage"},"image":{"@id":"https:\/\/frontsite.se\/produkt\/secumax-350\/#primaryimage"},"thumbnailUrl":"https:\/\/frontsite.se\/wp-content\/uploads\/2024\/06\/csm_350005_PA2_MARTOR_df89ad5395.png","datePublished":"2024-06-20T11:23:29+00:00","dateModified":"2024-06-24T12:26:22+00:00","description":"Optimera S\u00e4kerheten och Effektiviteten med v\u00e5r S\u00e4kerhetskniv med Utbytbart Blad. En p\u00e5litlig och innovativ l\u00f6sning f\u00f6r alla behov.","breadcrumb":{"@id":"https:\/\/frontsite.se\/produkt\/secumax-350\/#breadcrumb"},"inLanguage":"en-GB","potentialAction":[{"@type":"ReadAction","target":["https:\/\/frontsite.se\/produkt\/secumax-350\/"]}]},{"@type":"ImageObject","inLanguage":"en-GB","@id":"https:\/\/frontsite.se\/produkt\/secumax-350\/#primaryimage","url":"https:\/\/frontsite.se\/wp-content\/uploads\/2024\/06\/csm_350005_PA2_MARTOR_df89ad5395.png","contentUrl":"https:\/\/frontsite.se\/wp-content\/uploads\/2024\/06\/csm_350005_PA2_MARTOR_df89ad5395.png","width":180,"height":56},{"@type":"BreadcrumbList","@id":"https:\/\/frontsite.se\/produkt\/secumax-350\/#breadcrumb","itemListElement":[{"@type":"ListItem","position":1,"name":"Hem","item":"https:\/\/frontsite.se\/"},{"@type":"ListItem","position":2,"name":"Shop","item":"https:\/\/frontsite.lingonbyran.se\/shop\/"},{"@type":"ListItem","position":3,"name":"S\u00e4kerhetskniv Secumax 350"}]},{"@type":"WebSite","@id":"https:\/\/frontsite.se\/#website","url":"https:\/\/frontsite.se\/","name":"Frontsite","description":"Expert P\u00e5 st\u00e4llningsprodukter och profilering","publisher":{"@id":"https:\/\/frontsite.se\/#organization"},"potentialAction":[{"@type":"SearchAction","target":{"@type":"EntryPoint","urlTemplate":"https:\/\/frontsite.se\/?s={search_term_string}"},"query-input":{"@type":"PropertyValueSpecification","valueRequired":true,"valueName":"search_term_string"}}],"inLanguage":"en-GB"},{"@type":"Organization","@id":"https:\/\/frontsite.se\/#organization","name":"Frontsite","url":"https:\/\/frontsite.se\/","logo":{"@type":"ImageObject","inLanguage":"en-GB","@id":"https:\/\/frontsite.se\/#\/schema\/logo\/image\/","url":"https:\/\/frontsite.se\/wp-content\/uploads\/2024\/08\/Logo-Ratt-farg.png","contentUrl":"https:\/\/frontsite.se\/wp-content\/uploads\/2024\/08\/Logo-Ratt-farg.png","width":1004,"height":1004,"caption":"Frontsite"},"image":{"@id":"https:\/\/frontsite.se\/#\/schema\/logo\/image\/"}}]}},"jetpack_sharing_enabled":true,"_links":{"self":[{"href":"https:\/\/frontsite.se\/en\/wp-json\/wp\/v2\/product\/17088","targetHints":{"allow":["GET"]}}],"collection":[{"href":"https:\/\/frontsite.se\/en\/wp-json\/wp\/v2\/product"}],"about":[{"href":"https:\/\/frontsite.se\/en\/wp-json\/wp\/v2\/types\/product"}],"replies":[{"embeddable":true,"href":"https:\/\/frontsite.se\/en\/wp-json\/wp\/v2\/comments?post=17088"}],"version-history":[{"count":4,"href":"https:\/\/frontsite.se\/en\/wp-json\/wp\/v2\/product\/17088\/revisions"}],"predecessor-version":[{"id":17162,"href":"https:\/\/frontsite.se\/en\/wp-json\/wp\/v2\/product\/17088\/revisions\/17162"}],"wp:featuredmedia":[{"embeddable":true,"href":"https:\/\/frontsite.se\/en\/wp-json\/wp\/v2\/media\/17129"}],"wp:attachment":[{"href":"https:\/\/frontsite.se\/en\/wp-json\/wp\/v2\/media?parent=17088"}],"wp:term":[{"taxonomy":"product_cat","embeddable":true,"href":"https:\/\/frontsite.se\/en\/wp-json\/wp\/v2\/product_cat?post=17088"},{"taxonomy":"product_tag","embeddable":true,"href":"https:\/\/frontsite.se\/en\/wp-json\/wp\/v2\/product_tag?post=17088"}],"curies":[{"name":"wp","href":"https:\/\/api.w.org\/{rel}","templated":true}]}}