{"id":17084,"date":"2024-06-20T11:21:03","date_gmt":"2024-06-20T11:21:03","guid":{"rendered":"https:\/\/frontsite.se\/?post_type=product&#038;p=17084"},"modified":"2024-06-24T12:20:54","modified_gmt":"2024-06-24T12:20:54","slug":"secumax-148","status":"publish","type":"product","link":"https:\/\/frontsite.se\/en\/product\/secumax-148\/","title":{"rendered":"S\u00e4kerhetskniv Secumax 148"},"content":{"rendered":"<p><strong>Produktbeskrivning:<\/strong> SECUMAX 148 \u00e4r en s\u00e4kerhetskniv som kombinerar h\u00e5llbarhet med eng\u00e5ngsanv\u00e4ndning. Den \u00e4r tillverkad av mer \u00e4n 80% \u00e5tervunnen plast och har glasfiberf\u00f6rst\u00e4rkning samt ett robust sk\u00e4rhuvud med tv\u00e5 sk\u00e4reggar, vilket ger en l\u00e4ngre livsl\u00e4ngd. Dessa egenskaper g\u00f6r SECUMAX 148 idealisk f\u00f6r tuffare sk\u00e4ruppgifter. Den ergonomiska handtaget och den l\u00e4tta designen bidrar dessutom till s\u00e4ker och effektiv anv\u00e4ndning.<\/p>\n<p><strong>Specifikationer och f\u00f6rdelar:<\/strong><\/p>\n<ul>\n<li><strong>Material:<\/strong> Mer \u00e4n 80% \u00e5tervunnen plast<\/li>\n<li><strong>F\u00f6rst\u00e4rkning:<\/strong> Glasfiberf\u00f6rst\u00e4rkning<\/li>\n<li><strong>Sk\u00e4rhuvud:<\/strong> Tv\u00e5 sk\u00e4reggar f\u00f6r l\u00e4ngre livsl\u00e4ngd<\/li>\n<li><strong>Anv\u00e4ndningsomr\u00e5de:<\/strong> Idealisk f\u00f6r tuffare sk\u00e4ruppgifter<\/li>\n<li><strong>Ergonomi:<\/strong> Ergonomiskt handtag f\u00f6r bekv\u00e4m anv\u00e4ndning<\/li>\n<li><strong>Design:<\/strong> L\u00e4ttvikt f\u00f6r enkel hantering<\/li>\n<li><strong>H\u00e5llbarhet:<\/strong> Kombination av eng\u00e5ngsanv\u00e4ndning och h\u00e5llbarhet genom anv\u00e4ndning av \u00e5tervunnet material<\/li>\n<\/ul>\n<p>SECUMAX 148 \u00e4r en utm\u00e4rkt s\u00e4kerhetskniv f\u00f6r dem som beh\u00f6ver en robust och h\u00e5llbar l\u00f6sning f\u00f6r sv\u00e5rare sk\u00e4rarbeten, samtidigt som de vill bidra till en mer h\u00e5llbar milj\u00f6 genom att anv\u00e4nda produkter tillverkade av \u00e5tervunnet material.<\/p>","protected":false},"excerpt":{"rendered":"<p>Produktbeskrivning: SECUMAX 148 \u00e4r en s\u00e4kerhetskniv som kombinerar h\u00e5llbarhet med eng\u00e5ngsanv\u00e4ndning. Den \u00e4r tillverkad av mer \u00e4n 80% \u00e5tervunnen plast<\/p>","protected":false},"featured_media":17139,"comment_status":"open","ping_status":"closed","template":"","meta":[],"product_cat":[93,76,174],"product_tag":[],"class_list":{"0":"post-17084","1":"product","2":"type-product","3":"status-publish","4":"has-post-thumbnail","6":"product_cat-kniv-med-utbytbart-blad","7":"product_cat-krympplast-tillbehor","8":"product_cat-safety-knives","10":"first","11":"instock","12":"taxable","13":"shipping-taxable","14":"purchasable","15":"product-type-simple"},"yoast_head":"<!-- This site is optimized with the Yoast SEO plugin v24.1 - https:\/\/yoast.com\/wordpress\/plugins\/seo\/ -->\n<title>S\u00e4kerhetskniv Secumax 148 - Frontsite<\/title>\n<meta name=\"description\" content=\"Optimera S\u00e4kerheten och Effektiviteten med v\u00e5r S\u00e4kerhetskniv med Utbytbart Blad. V\u00e5r s\u00e4kerhetskniv med innovativ l\u00f6sning f\u00f6r alla dina behov.\" \/>\n<meta name=\"robots\" content=\"index, follow, max-snippet:-1, max-image-preview:large, max-video-preview:-1\" \/>\n<link rel=\"canonical\" href=\"https:\/\/frontsite.se\/en\/product\/secumax-148\/\" \/>\n<meta property=\"og:locale\" content=\"en_GB\" \/>\n<meta property=\"og:type\" content=\"article\" \/>\n<meta property=\"og:title\" content=\"S\u00e4kerhetskniv Secumax 148 - Frontsite\" \/>\n<meta property=\"og:description\" content=\"Optimera S\u00e4kerheten och Effektiviteten med v\u00e5r S\u00e4kerhetskniv med Utbytbart Blad. V\u00e5r s\u00e4kerhetskniv med innovativ l\u00f6sning f\u00f6r alla dina behov.\" \/>\n<meta property=\"og:url\" content=\"https:\/\/frontsite.se\/en\/product\/secumax-148\/\" \/>\n<meta property=\"og:site_name\" content=\"Frontsite\" \/>\n<meta property=\"article:modified_time\" content=\"2024-06-24T12:20:54+00:00\" \/>\n<meta property=\"og:image\" content=\"https:\/\/frontsite.se\/wp-content\/uploads\/2024\/06\/csm_148001_HL_cut2_9afbf18fb6.png\" \/>\n\t<meta property=\"og:image:width\" content=\"180\" \/>\n\t<meta property=\"og:image:height\" content=\"117\" \/>\n\t<meta property=\"og:image:type\" content=\"image\/png\" \/>\n<meta name=\"twitter:card\" content=\"summary_large_image\" \/>\n<meta name=\"twitter:label1\" content=\"Estimated reading time\" \/>\n\t<meta name=\"twitter:data1\" content=\"1 minute\" \/>\n<script type=\"application\/ld+json\" class=\"yoast-schema-graph\">{\"@context\":\"https:\/\/schema.org\",\"@graph\":[{\"@type\":\"WebPage\",\"@id\":\"https:\/\/frontsite.se\/produkt\/secumax-148\/\",\"url\":\"https:\/\/frontsite.se\/produkt\/secumax-148\/\",\"name\":\"S\u00e4kerhetskniv Secumax 148 - Frontsite\",\"isPartOf\":{\"@id\":\"https:\/\/frontsite.se\/#website\"},\"primaryImageOfPage\":{\"@id\":\"https:\/\/frontsite.se\/produkt\/secumax-148\/#primaryimage\"},\"image\":{\"@id\":\"https:\/\/frontsite.se\/produkt\/secumax-148\/#primaryimage\"},\"thumbnailUrl\":\"https:\/\/frontsite.se\/wp-content\/uploads\/2024\/06\/csm_148001_HL_cut2_9afbf18fb6.png\",\"datePublished\":\"2024-06-20T11:21:03+00:00\",\"dateModified\":\"2024-06-24T12:20:54+00:00\",\"description\":\"Optimera S\u00e4kerheten och Effektiviteten med v\u00e5r S\u00e4kerhetskniv med Utbytbart Blad. V\u00e5r s\u00e4kerhetskniv med innovativ l\u00f6sning f\u00f6r alla dina behov.\",\"breadcrumb\":{\"@id\":\"https:\/\/frontsite.se\/produkt\/secumax-148\/#breadcrumb\"},\"inLanguage\":\"en-GB\",\"potentialAction\":[{\"@type\":\"ReadAction\",\"target\":[\"https:\/\/frontsite.se\/produkt\/secumax-148\/\"]}]},{\"@type\":\"ImageObject\",\"inLanguage\":\"en-GB\",\"@id\":\"https:\/\/frontsite.se\/produkt\/secumax-148\/#primaryimage\",\"url\":\"https:\/\/frontsite.se\/wp-content\/uploads\/2024\/06\/csm_148001_HL_cut2_9afbf18fb6.png\",\"contentUrl\":\"https:\/\/frontsite.se\/wp-content\/uploads\/2024\/06\/csm_148001_HL_cut2_9afbf18fb6.png\",\"width\":180,\"height\":117},{\"@type\":\"BreadcrumbList\",\"@id\":\"https:\/\/frontsite.se\/produkt\/secumax-148\/#breadcrumb\",\"itemListElement\":[{\"@type\":\"ListItem\",\"position\":1,\"name\":\"Hem\",\"item\":\"https:\/\/frontsite.se\/\"},{\"@type\":\"ListItem\",\"position\":2,\"name\":\"Shop\",\"item\":\"https:\/\/frontsite.lingonbyran.se\/shop\/\"},{\"@type\":\"ListItem\",\"position\":3,\"name\":\"S\u00e4kerhetskniv Secumax 148\"}]},{\"@type\":\"WebSite\",\"@id\":\"https:\/\/frontsite.se\/#website\",\"url\":\"https:\/\/frontsite.se\/\",\"name\":\"Frontsite\",\"description\":\"Expert P\u00e5 st\u00e4llningsprodukter och profilering\",\"publisher\":{\"@id\":\"https:\/\/frontsite.se\/#organization\"},\"potentialAction\":[{\"@type\":\"SearchAction\",\"target\":{\"@type\":\"EntryPoint\",\"urlTemplate\":\"https:\/\/frontsite.se\/?s={search_term_string}\"},\"query-input\":{\"@type\":\"PropertyValueSpecification\",\"valueRequired\":true,\"valueName\":\"search_term_string\"}}],\"inLanguage\":\"en-GB\"},{\"@type\":\"Organization\",\"@id\":\"https:\/\/frontsite.se\/#organization\",\"name\":\"Frontsite\",\"url\":\"https:\/\/frontsite.se\/\",\"logo\":{\"@type\":\"ImageObject\",\"inLanguage\":\"en-GB\",\"@id\":\"https:\/\/frontsite.se\/#\/schema\/logo\/image\/\",\"url\":\"https:\/\/frontsite.se\/wp-content\/uploads\/2024\/08\/Logo-Ratt-farg.png\",\"contentUrl\":\"https:\/\/frontsite.se\/wp-content\/uploads\/2024\/08\/Logo-Ratt-farg.png\",\"width\":1004,\"height\":1004,\"caption\":\"Frontsite\"},\"image\":{\"@id\":\"https:\/\/frontsite.se\/#\/schema\/logo\/image\/\"}}]}<\/script>\n<!-- \/ Yoast SEO plugin. -->","yoast_head_json":{"title":"S\u00e4kerhetskniv Secumax 148 - Frontsite","description":"Optimera S\u00e4kerheten och Effektiviteten med v\u00e5r S\u00e4kerhetskniv med Utbytbart Blad. V\u00e5r s\u00e4kerhetskniv med innovativ l\u00f6sning f\u00f6r alla dina behov.","robots":{"index":"index","follow":"follow","max-snippet":"max-snippet:-1","max-image-preview":"max-image-preview:large","max-video-preview":"max-video-preview:-1"},"canonical":"https:\/\/frontsite.se\/en\/product\/secumax-148\/","og_locale":"en_GB","og_type":"article","og_title":"S\u00e4kerhetskniv Secumax 148 - Frontsite","og_description":"Optimera S\u00e4kerheten och Effektiviteten med v\u00e5r S\u00e4kerhetskniv med Utbytbart Blad. V\u00e5r s\u00e4kerhetskniv med innovativ l\u00f6sning f\u00f6r alla dina behov.","og_url":"https:\/\/frontsite.se\/en\/product\/secumax-148\/","og_site_name":"Frontsite","article_modified_time":"2024-06-24T12:20:54+00:00","og_image":[{"width":180,"height":117,"url":"https:\/\/frontsite.se\/wp-content\/uploads\/2024\/06\/csm_148001_HL_cut2_9afbf18fb6.png","type":"image\/png"}],"twitter_card":"summary_large_image","twitter_misc":{"Estimated reading time":"1 minute"},"schema":{"@context":"https:\/\/schema.org","@graph":[{"@type":"WebPage","@id":"https:\/\/frontsite.se\/produkt\/secumax-148\/","url":"https:\/\/frontsite.se\/produkt\/secumax-148\/","name":"S\u00e4kerhetskniv Secumax 148 - Frontsite","isPartOf":{"@id":"https:\/\/frontsite.se\/#website"},"primaryImageOfPage":{"@id":"https:\/\/frontsite.se\/produkt\/secumax-148\/#primaryimage"},"image":{"@id":"https:\/\/frontsite.se\/produkt\/secumax-148\/#primaryimage"},"thumbnailUrl":"https:\/\/frontsite.se\/wp-content\/uploads\/2024\/06\/csm_148001_HL_cut2_9afbf18fb6.png","datePublished":"2024-06-20T11:21:03+00:00","dateModified":"2024-06-24T12:20:54+00:00","description":"Optimera S\u00e4kerheten och Effektiviteten med v\u00e5r S\u00e4kerhetskniv med Utbytbart Blad. V\u00e5r s\u00e4kerhetskniv med innovativ l\u00f6sning f\u00f6r alla dina behov.","breadcrumb":{"@id":"https:\/\/frontsite.se\/produkt\/secumax-148\/#breadcrumb"},"inLanguage":"en-GB","potentialAction":[{"@type":"ReadAction","target":["https:\/\/frontsite.se\/produkt\/secumax-148\/"]}]},{"@type":"ImageObject","inLanguage":"en-GB","@id":"https:\/\/frontsite.se\/produkt\/secumax-148\/#primaryimage","url":"https:\/\/frontsite.se\/wp-content\/uploads\/2024\/06\/csm_148001_HL_cut2_9afbf18fb6.png","contentUrl":"https:\/\/frontsite.se\/wp-content\/uploads\/2024\/06\/csm_148001_HL_cut2_9afbf18fb6.png","width":180,"height":117},{"@type":"BreadcrumbList","@id":"https:\/\/frontsite.se\/produkt\/secumax-148\/#breadcrumb","itemListElement":[{"@type":"ListItem","position":1,"name":"Hem","item":"https:\/\/frontsite.se\/"},{"@type":"ListItem","position":2,"name":"Shop","item":"https:\/\/frontsite.lingonbyran.se\/shop\/"},{"@type":"ListItem","position":3,"name":"S\u00e4kerhetskniv Secumax 148"}]},{"@type":"WebSite","@id":"https:\/\/frontsite.se\/#website","url":"https:\/\/frontsite.se\/","name":"Frontsite","description":"Expert P\u00e5 st\u00e4llningsprodukter och profilering","publisher":{"@id":"https:\/\/frontsite.se\/#organization"},"potentialAction":[{"@type":"SearchAction","target":{"@type":"EntryPoint","urlTemplate":"https:\/\/frontsite.se\/?s={search_term_string}"},"query-input":{"@type":"PropertyValueSpecification","valueRequired":true,"valueName":"search_term_string"}}],"inLanguage":"en-GB"},{"@type":"Organization","@id":"https:\/\/frontsite.se\/#organization","name":"Frontsite","url":"https:\/\/frontsite.se\/","logo":{"@type":"ImageObject","inLanguage":"en-GB","@id":"https:\/\/frontsite.se\/#\/schema\/logo\/image\/","url":"https:\/\/frontsite.se\/wp-content\/uploads\/2024\/08\/Logo-Ratt-farg.png","contentUrl":"https:\/\/frontsite.se\/wp-content\/uploads\/2024\/08\/Logo-Ratt-farg.png","width":1004,"height":1004,"caption":"Frontsite"},"image":{"@id":"https:\/\/frontsite.se\/#\/schema\/logo\/image\/"}}]}},"jetpack_sharing_enabled":true,"_links":{"self":[{"href":"https:\/\/frontsite.se\/en\/wp-json\/wp\/v2\/product\/17084","targetHints":{"allow":["GET"]}}],"collection":[{"href":"https:\/\/frontsite.se\/en\/wp-json\/wp\/v2\/product"}],"about":[{"href":"https:\/\/frontsite.se\/en\/wp-json\/wp\/v2\/types\/product"}],"replies":[{"embeddable":true,"href":"https:\/\/frontsite.se\/en\/wp-json\/wp\/v2\/comments?post=17084"}],"version-history":[{"count":4,"href":"https:\/\/frontsite.se\/en\/wp-json\/wp\/v2\/product\/17084\/revisions"}],"predecessor-version":[{"id":17159,"href":"https:\/\/frontsite.se\/en\/wp-json\/wp\/v2\/product\/17084\/revisions\/17159"}],"wp:featuredmedia":[{"embeddable":true,"href":"https:\/\/frontsite.se\/en\/wp-json\/wp\/v2\/media\/17139"}],"wp:attachment":[{"href":"https:\/\/frontsite.se\/en\/wp-json\/wp\/v2\/media?parent=17084"}],"wp:term":[{"taxonomy":"product_cat","embeddable":true,"href":"https:\/\/frontsite.se\/en\/wp-json\/wp\/v2\/product_cat?post=17084"},{"taxonomy":"product_tag","embeddable":true,"href":"https:\/\/frontsite.se\/en\/wp-json\/wp\/v2\/product_tag?post=17084"}],"curies":[{"name":"wp","href":"https:\/\/api.w.org\/{rel}","templated":true}]}}