{"id":17052,"date":"2024-06-20T10:22:39","date_gmt":"2024-06-20T10:22:39","guid":{"rendered":"https:\/\/frontsite.se\/?post_type=product&#038;p=17052"},"modified":"2025-04-14T12:10:11","modified_gmt":"2025-04-14T12:10:11","slug":"pro-line-temporary-horisontell-lifeline","status":"publish","type":"product","link":"https:\/\/frontsite.se\/en\/product\/pro-line-temporary-horisontell-lifeline\/","title":{"rendered":"Pro-Line temporary Horisontell Lifeline"},"content":{"rendered":"<p><strong>Pro-Line Tempor\u00e4rt Horisontellt Livlinesystem<\/strong><\/p>\n<p>Pro-Lin horisontella livlinesystem \u00e4r l\u00e4tta, enkla att installera och extremt portabla. Demontera dem snabbt och ta dem med till n\u00e4sta arbetsplats. Pro-Line\u2122 system \u00e4r utformade f\u00f6r att ge maximal s\u00e4kerhet och tillf\u00f6rlitlighet vid underh\u00e5ll, broarbeten, byggnation och tillverkning.<\/p>\n<p>Installationen tar bara n\u00e5gra sekunder och kr\u00e4ver inga specialverktyg eller utrustning, vilket g\u00f6r att arbetstagarens produktivitet kan bibeh\u00e5llas p\u00e5 topp. F\u00e4st helt enkelt livlinan och adaptrarna i en l\u00e4mplig struktur, och sp\u00e4nn linan med den inbyggda sp\u00e4rrfunktionen. Den integrerade st\u00f6td\u00e4mparen minskar belastningen vid ett fall och har en visuell indikator som visar om systemet har aktiverats f\u00f6r extra s\u00e4kerhet.<\/p>\n<p>Anslutning till livlinan sker enkelt genom att f\u00e4sta kroken fr\u00e5n en st\u00f6td\u00e4mpande s\u00e4kerhetslina direkt p\u00e5 livlinan. Det medf\u00f6ljande b\u00e4rv\u00e4skan underl\u00e4ttar transport och f\u00f6rvaring, skyddar systemet mot smuts, fukt och UV-str\u00e5lning, vilket f\u00f6rl\u00e4nger dess livsl\u00e4ngd.<\/p>\n<p>Med Pro-Lin systemet f\u00e5r du en s\u00e4ker och p\u00e5litlig l\u00f6sning som \u00e4r l\u00e4tt att ta med och anv\u00e4nda, var du \u00e4n beh\u00f6ver det.<\/p>","protected":false},"excerpt":{"rendered":"<p>Pro-Line Tempor\u00e4rt Horisontellt Livlinesystem Pro-Lin horisontella livlinesystem \u00e4r l\u00e4tta, enkla att installera och extremt portabla. Demontera dem snabbt och ta<\/p>","protected":false},"featured_media":17188,"comment_status":"open","ping_status":"closed","template":"","meta":[],"product_cat":[178,112,72,109],"product_tag":[],"class_list":{"0":"post-17052","1":"product","2":"type-product","3":"status-publish","4":"has-post-thumbnail","6":"product_cat-fallskyddsutrustning","7":"product_cat-ovrig-skyddsutrustning","8":"product_cat-personlig-utrustning","9":"product_cat-personligt-skydd","11":"first","12":"instock","13":"taxable","14":"shipping-taxable","15":"purchasable","16":"product-type-simple"},"yoast_head":"<!-- This site is optimized with the Yoast SEO plugin v24.1 - https:\/\/yoast.com\/wordpress\/plugins\/seo\/ -->\n<title>Pro-Line temporary Horisontell Lifeline - Frontsite<\/title>\n<meta name=\"description\" content=\"Horisontella livlinesystem \u00e4r l\u00e4tta, enkla att installera och extremt portabla. Demontera dem snabbt och ta dem med till n\u00e4sta arbetsplats.\" \/>\n<meta name=\"robots\" content=\"index, follow, max-snippet:-1, max-image-preview:large, max-video-preview:-1\" \/>\n<link rel=\"canonical\" href=\"https:\/\/frontsite.se\/en\/product\/pro-line-temporary-horisontell-lifeline\/\" \/>\n<meta property=\"og:locale\" content=\"en_GB\" \/>\n<meta property=\"og:type\" content=\"article\" \/>\n<meta property=\"og:title\" content=\"Pro-Line temporary Horisontell Lifeline - Frontsite\" \/>\n<meta property=\"og:description\" content=\"Horisontella livlinesystem \u00e4r l\u00e4tta, enkla att installera och extremt portabla. Demontera dem snabbt och ta dem med till n\u00e4sta arbetsplats.\" \/>\n<meta property=\"og:url\" content=\"https:\/\/frontsite.se\/en\/product\/pro-line-temporary-horisontell-lifeline\/\" \/>\n<meta property=\"og:site_name\" content=\"Frontsite\" \/>\n<meta property=\"article:modified_time\" content=\"2025-04-14T12:10:11+00:00\" \/>\n<meta property=\"og:image\" content=\"https:\/\/frontsite.se\/wp-content\/uploads\/2024\/06\/1200106_Protecta_ProLine_PR-scaled.jpg\" \/>\n\t<meta property=\"og:image:width\" content=\"2560\" \/>\n\t<meta property=\"og:image:height\" content=\"1706\" \/>\n\t<meta property=\"og:image:type\" content=\"image\/jpeg\" \/>\n<meta name=\"twitter:card\" content=\"summary_large_image\" \/>\n<meta name=\"twitter:label1\" content=\"Estimated reading time\" \/>\n\t<meta name=\"twitter:data1\" content=\"1 minute\" \/>\n<script type=\"application\/ld+json\" class=\"yoast-schema-graph\">{\"@context\":\"https:\/\/schema.org\",\"@graph\":[{\"@type\":\"WebPage\",\"@id\":\"https:\/\/frontsite.se\/produkt\/pro-line-temporary-horisontell-lifeline\/\",\"url\":\"https:\/\/frontsite.se\/produkt\/pro-line-temporary-horisontell-lifeline\/\",\"name\":\"Pro-Line temporary Horisontell Lifeline - Frontsite\",\"isPartOf\":{\"@id\":\"https:\/\/frontsite.se\/#website\"},\"primaryImageOfPage\":{\"@id\":\"https:\/\/frontsite.se\/produkt\/pro-line-temporary-horisontell-lifeline\/#primaryimage\"},\"image\":{\"@id\":\"https:\/\/frontsite.se\/produkt\/pro-line-temporary-horisontell-lifeline\/#primaryimage\"},\"thumbnailUrl\":\"https:\/\/frontsite.se\/wp-content\/uploads\/2024\/06\/1200106_Protecta_ProLine_PR-scaled.jpg\",\"datePublished\":\"2024-06-20T10:22:39+00:00\",\"dateModified\":\"2025-04-14T12:10:11+00:00\",\"description\":\"Horisontella livlinesystem \u00e4r l\u00e4tta, enkla att installera och extremt portabla. Demontera dem snabbt och ta dem med till n\u00e4sta arbetsplats.\",\"breadcrumb\":{\"@id\":\"https:\/\/frontsite.se\/produkt\/pro-line-temporary-horisontell-lifeline\/#breadcrumb\"},\"inLanguage\":\"en-GB\",\"potentialAction\":[{\"@type\":\"ReadAction\",\"target\":[\"https:\/\/frontsite.se\/produkt\/pro-line-temporary-horisontell-lifeline\/\"]}]},{\"@type\":\"ImageObject\",\"inLanguage\":\"en-GB\",\"@id\":\"https:\/\/frontsite.se\/produkt\/pro-line-temporary-horisontell-lifeline\/#primaryimage\",\"url\":\"https:\/\/frontsite.se\/wp-content\/uploads\/2024\/06\/1200106_Protecta_ProLine_PR-scaled.jpg\",\"contentUrl\":\"https:\/\/frontsite.se\/wp-content\/uploads\/2024\/06\/1200106_Protecta_ProLine_PR-scaled.jpg\",\"width\":2560,\"height\":1706},{\"@type\":\"BreadcrumbList\",\"@id\":\"https:\/\/frontsite.se\/produkt\/pro-line-temporary-horisontell-lifeline\/#breadcrumb\",\"itemListElement\":[{\"@type\":\"ListItem\",\"position\":1,\"name\":\"Hem\",\"item\":\"https:\/\/frontsite.se\/\"},{\"@type\":\"ListItem\",\"position\":2,\"name\":\"Shop\",\"item\":\"https:\/\/frontsite.lingonbyran.se\/shop\/\"},{\"@type\":\"ListItem\",\"position\":3,\"name\":\"Pro-Line temporary Horisontell Lifeline\"}]},{\"@type\":\"WebSite\",\"@id\":\"https:\/\/frontsite.se\/#website\",\"url\":\"https:\/\/frontsite.se\/\",\"name\":\"Frontsite\",\"description\":\"Expert P\u00e5 st\u00e4llningsprodukter och profilering\",\"publisher\":{\"@id\":\"https:\/\/frontsite.se\/#organization\"},\"potentialAction\":[{\"@type\":\"SearchAction\",\"target\":{\"@type\":\"EntryPoint\",\"urlTemplate\":\"https:\/\/frontsite.se\/?s={search_term_string}\"},\"query-input\":{\"@type\":\"PropertyValueSpecification\",\"valueRequired\":true,\"valueName\":\"search_term_string\"}}],\"inLanguage\":\"en-GB\"},{\"@type\":\"Organization\",\"@id\":\"https:\/\/frontsite.se\/#organization\",\"name\":\"Frontsite\",\"url\":\"https:\/\/frontsite.se\/\",\"logo\":{\"@type\":\"ImageObject\",\"inLanguage\":\"en-GB\",\"@id\":\"https:\/\/frontsite.se\/#\/schema\/logo\/image\/\",\"url\":\"https:\/\/frontsite.se\/wp-content\/uploads\/2024\/08\/Logo-Ratt-farg.png\",\"contentUrl\":\"https:\/\/frontsite.se\/wp-content\/uploads\/2024\/08\/Logo-Ratt-farg.png\",\"width\":1004,\"height\":1004,\"caption\":\"Frontsite\"},\"image\":{\"@id\":\"https:\/\/frontsite.se\/#\/schema\/logo\/image\/\"}}]}<\/script>\n<!-- \/ Yoast SEO plugin. -->","yoast_head_json":{"title":"Pro-Line temporary Horisontell Lifeline - Frontsite","description":"Horisontella livlinesystem \u00e4r l\u00e4tta, enkla att installera och extremt portabla. Demontera dem snabbt och ta dem med till n\u00e4sta arbetsplats.","robots":{"index":"index","follow":"follow","max-snippet":"max-snippet:-1","max-image-preview":"max-image-preview:large","max-video-preview":"max-video-preview:-1"},"canonical":"https:\/\/frontsite.se\/en\/product\/pro-line-temporary-horisontell-lifeline\/","og_locale":"en_GB","og_type":"article","og_title":"Pro-Line temporary Horisontell Lifeline - Frontsite","og_description":"Horisontella livlinesystem \u00e4r l\u00e4tta, enkla att installera och extremt portabla. Demontera dem snabbt och ta dem med till n\u00e4sta arbetsplats.","og_url":"https:\/\/frontsite.se\/en\/product\/pro-line-temporary-horisontell-lifeline\/","og_site_name":"Frontsite","article_modified_time":"2025-04-14T12:10:11+00:00","og_image":[{"width":2560,"height":1706,"url":"https:\/\/frontsite.se\/wp-content\/uploads\/2024\/06\/1200106_Protecta_ProLine_PR-scaled.jpg","type":"image\/jpeg"}],"twitter_card":"summary_large_image","twitter_misc":{"Estimated reading time":"1 minute"},"schema":{"@context":"https:\/\/schema.org","@graph":[{"@type":"WebPage","@id":"https:\/\/frontsite.se\/produkt\/pro-line-temporary-horisontell-lifeline\/","url":"https:\/\/frontsite.se\/produkt\/pro-line-temporary-horisontell-lifeline\/","name":"Pro-Line temporary Horisontell Lifeline - Frontsite","isPartOf":{"@id":"https:\/\/frontsite.se\/#website"},"primaryImageOfPage":{"@id":"https:\/\/frontsite.se\/produkt\/pro-line-temporary-horisontell-lifeline\/#primaryimage"},"image":{"@id":"https:\/\/frontsite.se\/produkt\/pro-line-temporary-horisontell-lifeline\/#primaryimage"},"thumbnailUrl":"https:\/\/frontsite.se\/wp-content\/uploads\/2024\/06\/1200106_Protecta_ProLine_PR-scaled.jpg","datePublished":"2024-06-20T10:22:39+00:00","dateModified":"2025-04-14T12:10:11+00:00","description":"Horisontella livlinesystem \u00e4r l\u00e4tta, enkla att installera och extremt portabla. Demontera dem snabbt och ta dem med till n\u00e4sta arbetsplats.","breadcrumb":{"@id":"https:\/\/frontsite.se\/produkt\/pro-line-temporary-horisontell-lifeline\/#breadcrumb"},"inLanguage":"en-GB","potentialAction":[{"@type":"ReadAction","target":["https:\/\/frontsite.se\/produkt\/pro-line-temporary-horisontell-lifeline\/"]}]},{"@type":"ImageObject","inLanguage":"en-GB","@id":"https:\/\/frontsite.se\/produkt\/pro-line-temporary-horisontell-lifeline\/#primaryimage","url":"https:\/\/frontsite.se\/wp-content\/uploads\/2024\/06\/1200106_Protecta_ProLine_PR-scaled.jpg","contentUrl":"https:\/\/frontsite.se\/wp-content\/uploads\/2024\/06\/1200106_Protecta_ProLine_PR-scaled.jpg","width":2560,"height":1706},{"@type":"BreadcrumbList","@id":"https:\/\/frontsite.se\/produkt\/pro-line-temporary-horisontell-lifeline\/#breadcrumb","itemListElement":[{"@type":"ListItem","position":1,"name":"Hem","item":"https:\/\/frontsite.se\/"},{"@type":"ListItem","position":2,"name":"Shop","item":"https:\/\/frontsite.lingonbyran.se\/shop\/"},{"@type":"ListItem","position":3,"name":"Pro-Line temporary Horisontell Lifeline"}]},{"@type":"WebSite","@id":"https:\/\/frontsite.se\/#website","url":"https:\/\/frontsite.se\/","name":"Frontsite","description":"Expert P\u00e5 st\u00e4llningsprodukter och profilering","publisher":{"@id":"https:\/\/frontsite.se\/#organization"},"potentialAction":[{"@type":"SearchAction","target":{"@type":"EntryPoint","urlTemplate":"https:\/\/frontsite.se\/?s={search_term_string}"},"query-input":{"@type":"PropertyValueSpecification","valueRequired":true,"valueName":"search_term_string"}}],"inLanguage":"en-GB"},{"@type":"Organization","@id":"https:\/\/frontsite.se\/#organization","name":"Frontsite","url":"https:\/\/frontsite.se\/","logo":{"@type":"ImageObject","inLanguage":"en-GB","@id":"https:\/\/frontsite.se\/#\/schema\/logo\/image\/","url":"https:\/\/frontsite.se\/wp-content\/uploads\/2024\/08\/Logo-Ratt-farg.png","contentUrl":"https:\/\/frontsite.se\/wp-content\/uploads\/2024\/08\/Logo-Ratt-farg.png","width":1004,"height":1004,"caption":"Frontsite"},"image":{"@id":"https:\/\/frontsite.se\/#\/schema\/logo\/image\/"}}]}},"jetpack_sharing_enabled":true,"_links":{"self":[{"href":"https:\/\/frontsite.se\/en\/wp-json\/wp\/v2\/product\/17052","targetHints":{"allow":["GET"]}}],"collection":[{"href":"https:\/\/frontsite.se\/en\/wp-json\/wp\/v2\/product"}],"about":[{"href":"https:\/\/frontsite.se\/en\/wp-json\/wp\/v2\/types\/product"}],"replies":[{"embeddable":true,"href":"https:\/\/frontsite.se\/en\/wp-json\/wp\/v2\/comments?post=17052"}],"version-history":[{"count":4,"href":"https:\/\/frontsite.se\/en\/wp-json\/wp\/v2\/product\/17052\/revisions"}],"predecessor-version":[{"id":17324,"href":"https:\/\/frontsite.se\/en\/wp-json\/wp\/v2\/product\/17052\/revisions\/17324"}],"wp:featuredmedia":[{"embeddable":true,"href":"https:\/\/frontsite.se\/en\/wp-json\/wp\/v2\/media\/17188"}],"wp:attachment":[{"href":"https:\/\/frontsite.se\/en\/wp-json\/wp\/v2\/media?parent=17052"}],"wp:term":[{"taxonomy":"product_cat","embeddable":true,"href":"https:\/\/frontsite.se\/en\/wp-json\/wp\/v2\/product_cat?post=17052"},{"taxonomy":"product_tag","embeddable":true,"href":"https:\/\/frontsite.se\/en\/wp-json\/wp\/v2\/product_tag?post=17052"}],"curies":[{"name":"wp","href":"https:\/\/api.w.org\/{rel}","templated":true}]}}