{"id":16935,"date":"2024-06-11T13:52:17","date_gmt":"2024-06-11T13:52:17","guid":{"rendered":"https:\/\/frontsite.se\/?post_type=product&#038;p=16935"},"modified":"2025-10-01T10:19:35","modified_gmt":"2025-10-01T10:19:35","slug":"montageverktyg-med-sds-faste-for-8-12-mm-ogleskruv","status":"publish","type":"product","link":"https:\/\/frontsite.se\/en\/product\/montageverktyg-med-sds-faste-for-8-12-mm-ogleskruv\/","title":{"rendered":"Montageverktyg med SDS+ f\u00e4ste f\u00f6r 8-12 mm \u00f6gleskruv"},"content":{"rendered":"<div class=\"flex-shrink-0 flex flex-col relative items-end\">\n<div>\n<div class=\"pt-0.5 juice:pt-0\">\n<div class=\"gizmo-bot-avatar flex h-6 w-6 items-center justify-center overflow-hidden rounded-full juice:h-8 juice:w-8\">\n<div class=\"relative p-1 rounded-sm flex items-center justify-center bg-token-main-surface-primary text-token-text-primary h-8 w-8\"><\/div>\n<\/div>\n<\/div>\n<\/div>\n<\/div>\n<div class=\"group\/conversation-turn relative flex w-full min-w-0 flex-col agent-turn\">\n<div class=\"flex-col gap-1 md:gap-3\">\n<div class=\"flex flex-grow flex-col max-w-full\">\n<div class=\"min-h-[20px] text-message flex flex-col items-start whitespace-pre-wrap break-words [.text-message+&amp;]:mt-5 juice:w-full juice:items-end overflow-x-auto gap-2\" dir=\"auto\" data-message-author-role=\"assistant\" data-message-id=\"2f23b197-ced7-485d-9f12-ec681eb50e4d\">\n<div class=\"flex w-full flex-col gap-1 juice:empty:hidden juice:first:pt-[3px]\">\n<div class=\"markdown prose w-full break-words dark:prose-invert light\">\n<p><strong>Monteringsverktyg f\u00f6r \u00f6gleskruv<\/strong><\/p>\n<p>Detta monteringsverktyg \u00e4r ett h\u00f6gkvalitativt verktyg designat f\u00f6r effektiv montering och demontering av \u00f6gleskruvar. Med sitt SDS+ f\u00e4ste passar verktyget direkt i alla borrhammare med samma system, vilket g\u00f6r det mycket anv\u00e4ndarv\u00e4nligt f\u00f6r professionella och hemmafixare.<\/p>\n<div class=\"flex-1 overflow-hidden\">\n<div class=\"react-scroll-to-bottom--css-ouyxn-79elbk h-full\">\n<div class=\"react-scroll-to-bottom--css-ouyxn-1n7m0yu\">\n<div class=\"flex flex-col text-sm pb-9\">\n<div class=\"w-full text-token-text-primary\" dir=\"auto\" data-testid=\"conversation-turn-7\" data-scroll-anchor=\"true\">\n<div class=\"py-2 juice:py-[18px] px-3 text-base md:px-4 m-auto md:px-5 lg:px-1 xl:px-5\">\n<div class=\"mx-auto flex flex-1 gap-3 text-base juice:gap-4 juice:md:gap-5 juice:lg:gap-6 md:max-w-3xl lg:max-w-[40rem] xl:max-w-[48rem]\">\n<div class=\"group\/conversation-turn relative flex w-full min-w-0 flex-col agent-turn\">\n<div class=\"flex-col gap-1 md:gap-3\">\n<div class=\"flex flex-grow flex-col max-w-full\">\n<div class=\"min-h-[20px] text-message flex flex-col items-start whitespace-pre-wrap break-words [.text-message+&amp;]:mt-5 juice:w-full juice:items-end overflow-x-auto gap-2\" dir=\"auto\" data-message-author-role=\"assistant\" data-message-id=\"7fcac3b6-8222-4a9f-805f-984a1c0a75ea\">\n<div class=\"flex w-full flex-col gap-1 juice:empty:hidden juice:first:pt-[3px]\">\n<div class=\"markdown prose w-full break-words dark:prose-invert light\">\n<h3>Funktioner och F\u00f6rdelar:<\/h3>\n<ul>\n<li><strong>Kompatibilitet:<\/strong> Passar \u00f6gleskruvar i storlekarna 8 mm, 10 mm och 12 mm.<\/li>\n<li><strong>Anv\u00e4ndarv\u00e4nlighet:<\/strong> M\u00f6jligg\u00f6r snabb och smidig montering och demontering av \u00f6gleskruvar, vilket sparar tid och anstr\u00e4ngning.<\/li>\n<li><strong>Effektivitet:<\/strong> Genom att anv\u00e4nda detta verktyg tillsammans med en borrhammare kan du enkelt hantera \u00f6gleskruvar utan behov av extra handverktyg.<\/li>\n<li><strong>Ergonomi:<\/strong> Verktyget \u00e4r utformat f\u00f6r att spara handleder och minska risken f\u00f6r skador, vilket g\u00f6r arbetet s\u00e4krare och mer bekv\u00e4mt.<\/li>\n<li><strong>M\u00e5lgrupp:<\/strong> Idealisk f\u00f6r st\u00e4llningsbyggare och andra yrkesgrupper som kr\u00e4ver snabb och p\u00e5litlig f\u00e4stning.<\/li>\n<\/ul>\n<h3>Specifikationer:<\/h3>\n<ul>\n<li><strong>F\u00e4ste:<\/strong> SDS+<\/li>\n<li><strong>L\u00e4ngd:<\/strong> 185 mm<\/li>\n<li><strong>Bredd:<\/strong> 60 mm<\/li>\n<li><strong>Tjocklek:<\/strong> 20 mm<\/li>\n<li><strong>F\u00f6rpackning:<\/strong> SB-packad<\/li>\n<\/ul>\n<p>Eyeinto monteringsverktyg \u00e4r det perfekta valet f\u00f6r alla som vill ha ett p\u00e5litligt och effektivt verktyg f\u00f6r att hantera \u00f6gleskruvar. Med sin robusta konstruktion och enkla anv\u00e4ndning, \u00e4r det ett oumb\u00e4rligt verktyg i varje verktygsl\u00e5da. Dess ergonomiska design hj\u00e4lper till att spara handleder och minskar risken f\u00f6r arbetsrelaterade skador, vilket g\u00f6r arbetsdagen b\u00e5de s\u00e4krare och bekv\u00e4mare.<\/p>\n<\/div>\n<\/div>\n<\/div>\n<\/div>\n<\/div>\n<\/div>\n<\/div>\n<\/div>\n<\/div>\n<\/div>\n<\/div>\n<\/div>\n<\/div>\n<\/div>\n<\/div>\n<\/div>\n<\/div>\n<\/div>\n<\/div>","protected":false},"excerpt":{"rendered":"<p>&nbsp;<\/p>\n<p><strong>Monteringsverktyg f\u00f6r \u00f6gleskruv<\/strong><\/p>\n<p>Detta monteringsverktyg \u00e4r ett h\u00f6gkvalitativt verktyg designat f\u00f6r effektiv montering och demontering av \u00f6gleskruvar. Med sitt SDS+ f\u00e4ste passar verktyget direkt i alla borrhammare med samma system, vilket g\u00f6r det mycket anv\u00e4ndarv\u00e4nligt f\u00f6r professionella och hemmafixare.<\/p>\n<p>&nbsp;<\/p>","protected":false},"featured_media":16936,"comment_status":"open","ping_status":"closed","template":"","meta":[],"product_cat":[126,83],"product_tag":[],"class_list":{"0":"post-16935","1":"product","2":"type-product","3":"status-publish","4":"has-post-thumbnail","6":"product_cat-verktyg","7":"product_cat-verktygsbalten-och-fickor","9":"first","10":"instock","11":"taxable","12":"shipping-taxable","13":"purchasable","14":"product-type-simple"},"yoast_head":"<!-- This site is optimized with the Yoast SEO plugin v24.1 - https:\/\/yoast.com\/wordpress\/plugins\/seo\/ -->\n<title>Montageverktyg med SDS+ f\u00e4ste f\u00f6r 8-12 mm \u00f6gleskruv - Frontsite<\/title>\n<meta name=\"description\" content=\"Detta monteringsverktyg \u00e4r s\u00e4rskilt utformat f\u00f6r att underl\u00e4tta och snabba upp monteringsprocessen f\u00f6r \u00f6gleskruvar, f\u00f6r professionella st\u00e4llningsbyggare.\" \/>\n<meta name=\"robots\" content=\"index, follow, max-snippet:-1, max-image-preview:large, max-video-preview:-1\" \/>\n<link rel=\"canonical\" href=\"https:\/\/frontsite.se\/en\/product\/montageverktyg-med-sds-faste-for-8-12-mm-ogleskruv\/\" \/>\n<meta property=\"og:locale\" content=\"en_GB\" \/>\n<meta property=\"og:type\" content=\"article\" \/>\n<meta property=\"og:title\" content=\"Montageverktyg med SDS+ f\u00e4ste f\u00f6r 8-12 mm \u00f6gleskruv - Frontsite\" \/>\n<meta property=\"og:description\" content=\"Detta monteringsverktyg \u00e4r s\u00e4rskilt utformat f\u00f6r att underl\u00e4tta och snabba upp monteringsprocessen f\u00f6r \u00f6gleskruvar, f\u00f6r professionella st\u00e4llningsbyggare.\" \/>\n<meta property=\"og:url\" content=\"https:\/\/frontsite.se\/en\/product\/montageverktyg-med-sds-faste-for-8-12-mm-ogleskruv\/\" \/>\n<meta property=\"og:site_name\" content=\"Frontsite\" \/>\n<meta property=\"article:modified_time\" content=\"2025-10-01T10:19:35+00:00\" \/>\n<meta property=\"og:image\" content=\"https:\/\/frontsite.se\/wp-content\/uploads\/2024\/06\/montageverktyg-med-sds-faste-for-12-mm-ogleskruv-1031207_1-1.jpg\" \/>\n\t<meta property=\"og:image:width\" content=\"915\" \/>\n\t<meta property=\"og:image:height\" content=\"372\" \/>\n\t<meta property=\"og:image:type\" content=\"image\/jpeg\" \/>\n<meta name=\"twitter:card\" content=\"summary_large_image\" \/>\n<meta name=\"twitter:label1\" content=\"Estimated reading time\" \/>\n\t<meta name=\"twitter:data1\" content=\"2 minutes\" \/>\n<script type=\"application\/ld+json\" class=\"yoast-schema-graph\">{\"@context\":\"https:\/\/schema.org\",\"@graph\":[{\"@type\":\"WebPage\",\"@id\":\"https:\/\/frontsite.se\/produkt\/montageverktyg-med-sds-faste-for-8-12-mm-ogleskruv\/\",\"url\":\"https:\/\/frontsite.se\/produkt\/montageverktyg-med-sds-faste-for-8-12-mm-ogleskruv\/\",\"name\":\"Montageverktyg med SDS+ f\u00e4ste f\u00f6r 8-12 mm \u00f6gleskruv - Frontsite\",\"isPartOf\":{\"@id\":\"https:\/\/frontsite.se\/#website\"},\"primaryImageOfPage\":{\"@id\":\"https:\/\/frontsite.se\/produkt\/montageverktyg-med-sds-faste-for-8-12-mm-ogleskruv\/#primaryimage\"},\"image\":{\"@id\":\"https:\/\/frontsite.se\/produkt\/montageverktyg-med-sds-faste-for-8-12-mm-ogleskruv\/#primaryimage\"},\"thumbnailUrl\":\"https:\/\/frontsite.se\/wp-content\/uploads\/2024\/06\/montageverktyg-med-sds-faste-for-12-mm-ogleskruv-1031207_1-1.jpg\",\"datePublished\":\"2024-06-11T13:52:17+00:00\",\"dateModified\":\"2025-10-01T10:19:35+00:00\",\"description\":\"Detta monteringsverktyg \u00e4r s\u00e4rskilt utformat f\u00f6r att underl\u00e4tta och snabba upp monteringsprocessen f\u00f6r \u00f6gleskruvar, f\u00f6r professionella st\u00e4llningsbyggare.\",\"breadcrumb\":{\"@id\":\"https:\/\/frontsite.se\/produkt\/montageverktyg-med-sds-faste-for-8-12-mm-ogleskruv\/#breadcrumb\"},\"inLanguage\":\"en-GB\",\"potentialAction\":[{\"@type\":\"ReadAction\",\"target\":[\"https:\/\/frontsite.se\/produkt\/montageverktyg-med-sds-faste-for-8-12-mm-ogleskruv\/\"]}]},{\"@type\":\"ImageObject\",\"inLanguage\":\"en-GB\",\"@id\":\"https:\/\/frontsite.se\/produkt\/montageverktyg-med-sds-faste-for-8-12-mm-ogleskruv\/#primaryimage\",\"url\":\"https:\/\/frontsite.se\/wp-content\/uploads\/2024\/06\/montageverktyg-med-sds-faste-for-12-mm-ogleskruv-1031207_1-1.jpg\",\"contentUrl\":\"https:\/\/frontsite.se\/wp-content\/uploads\/2024\/06\/montageverktyg-med-sds-faste-for-12-mm-ogleskruv-1031207_1-1.jpg\",\"width\":915,\"height\":372},{\"@type\":\"BreadcrumbList\",\"@id\":\"https:\/\/frontsite.se\/produkt\/montageverktyg-med-sds-faste-for-8-12-mm-ogleskruv\/#breadcrumb\",\"itemListElement\":[{\"@type\":\"ListItem\",\"position\":1,\"name\":\"Hem\",\"item\":\"https:\/\/frontsite.se\/\"},{\"@type\":\"ListItem\",\"position\":2,\"name\":\"Shop\",\"item\":\"https:\/\/frontsite.lingonbyran.se\/shop\/\"},{\"@type\":\"ListItem\",\"position\":3,\"name\":\"Montageverktyg med SDS+ f\u00e4ste f\u00f6r 8-12 mm \u00f6gleskruv\"}]},{\"@type\":\"WebSite\",\"@id\":\"https:\/\/frontsite.se\/#website\",\"url\":\"https:\/\/frontsite.se\/\",\"name\":\"Frontsite\",\"description\":\"Expert P\u00e5 st\u00e4llningsprodukter och profilering\",\"publisher\":{\"@id\":\"https:\/\/frontsite.se\/#organization\"},\"potentialAction\":[{\"@type\":\"SearchAction\",\"target\":{\"@type\":\"EntryPoint\",\"urlTemplate\":\"https:\/\/frontsite.se\/?s={search_term_string}\"},\"query-input\":{\"@type\":\"PropertyValueSpecification\",\"valueRequired\":true,\"valueName\":\"search_term_string\"}}],\"inLanguage\":\"en-GB\"},{\"@type\":\"Organization\",\"@id\":\"https:\/\/frontsite.se\/#organization\",\"name\":\"Frontsite\",\"url\":\"https:\/\/frontsite.se\/\",\"logo\":{\"@type\":\"ImageObject\",\"inLanguage\":\"en-GB\",\"@id\":\"https:\/\/frontsite.se\/#\/schema\/logo\/image\/\",\"url\":\"https:\/\/frontsite.se\/wp-content\/uploads\/2024\/08\/Logo-Ratt-farg.png\",\"contentUrl\":\"https:\/\/frontsite.se\/wp-content\/uploads\/2024\/08\/Logo-Ratt-farg.png\",\"width\":1004,\"height\":1004,\"caption\":\"Frontsite\"},\"image\":{\"@id\":\"https:\/\/frontsite.se\/#\/schema\/logo\/image\/\"}}]}<\/script>\n<!-- \/ Yoast SEO plugin. -->","yoast_head_json":{"title":"Montageverktyg med SDS+ f\u00e4ste f\u00f6r 8-12 mm \u00f6gleskruv - Frontsite","description":"Detta monteringsverktyg \u00e4r s\u00e4rskilt utformat f\u00f6r att underl\u00e4tta och snabba upp monteringsprocessen f\u00f6r \u00f6gleskruvar, f\u00f6r professionella st\u00e4llningsbyggare.","robots":{"index":"index","follow":"follow","max-snippet":"max-snippet:-1","max-image-preview":"max-image-preview:large","max-video-preview":"max-video-preview:-1"},"canonical":"https:\/\/frontsite.se\/en\/product\/montageverktyg-med-sds-faste-for-8-12-mm-ogleskruv\/","og_locale":"en_GB","og_type":"article","og_title":"Montageverktyg med SDS+ f\u00e4ste f\u00f6r 8-12 mm \u00f6gleskruv - Frontsite","og_description":"Detta monteringsverktyg \u00e4r s\u00e4rskilt utformat f\u00f6r att underl\u00e4tta och snabba upp monteringsprocessen f\u00f6r \u00f6gleskruvar, f\u00f6r professionella st\u00e4llningsbyggare.","og_url":"https:\/\/frontsite.se\/en\/product\/montageverktyg-med-sds-faste-for-8-12-mm-ogleskruv\/","og_site_name":"Frontsite","article_modified_time":"2025-10-01T10:19:35+00:00","og_image":[{"width":915,"height":372,"url":"https:\/\/frontsite.se\/wp-content\/uploads\/2024\/06\/montageverktyg-med-sds-faste-for-12-mm-ogleskruv-1031207_1-1.jpg","type":"image\/jpeg"}],"twitter_card":"summary_large_image","twitter_misc":{"Estimated reading time":"2 minutes"},"schema":{"@context":"https:\/\/schema.org","@graph":[{"@type":"WebPage","@id":"https:\/\/frontsite.se\/produkt\/montageverktyg-med-sds-faste-for-8-12-mm-ogleskruv\/","url":"https:\/\/frontsite.se\/produkt\/montageverktyg-med-sds-faste-for-8-12-mm-ogleskruv\/","name":"Montageverktyg med SDS+ f\u00e4ste f\u00f6r 8-12 mm \u00f6gleskruv - Frontsite","isPartOf":{"@id":"https:\/\/frontsite.se\/#website"},"primaryImageOfPage":{"@id":"https:\/\/frontsite.se\/produkt\/montageverktyg-med-sds-faste-for-8-12-mm-ogleskruv\/#primaryimage"},"image":{"@id":"https:\/\/frontsite.se\/produkt\/montageverktyg-med-sds-faste-for-8-12-mm-ogleskruv\/#primaryimage"},"thumbnailUrl":"https:\/\/frontsite.se\/wp-content\/uploads\/2024\/06\/montageverktyg-med-sds-faste-for-12-mm-ogleskruv-1031207_1-1.jpg","datePublished":"2024-06-11T13:52:17+00:00","dateModified":"2025-10-01T10:19:35+00:00","description":"Detta monteringsverktyg \u00e4r s\u00e4rskilt utformat f\u00f6r att underl\u00e4tta och snabba upp monteringsprocessen f\u00f6r \u00f6gleskruvar, f\u00f6r professionella st\u00e4llningsbyggare.","breadcrumb":{"@id":"https:\/\/frontsite.se\/produkt\/montageverktyg-med-sds-faste-for-8-12-mm-ogleskruv\/#breadcrumb"},"inLanguage":"en-GB","potentialAction":[{"@type":"ReadAction","target":["https:\/\/frontsite.se\/produkt\/montageverktyg-med-sds-faste-for-8-12-mm-ogleskruv\/"]}]},{"@type":"ImageObject","inLanguage":"en-GB","@id":"https:\/\/frontsite.se\/produkt\/montageverktyg-med-sds-faste-for-8-12-mm-ogleskruv\/#primaryimage","url":"https:\/\/frontsite.se\/wp-content\/uploads\/2024\/06\/montageverktyg-med-sds-faste-for-12-mm-ogleskruv-1031207_1-1.jpg","contentUrl":"https:\/\/frontsite.se\/wp-content\/uploads\/2024\/06\/montageverktyg-med-sds-faste-for-12-mm-ogleskruv-1031207_1-1.jpg","width":915,"height":372},{"@type":"BreadcrumbList","@id":"https:\/\/frontsite.se\/produkt\/montageverktyg-med-sds-faste-for-8-12-mm-ogleskruv\/#breadcrumb","itemListElement":[{"@type":"ListItem","position":1,"name":"Hem","item":"https:\/\/frontsite.se\/"},{"@type":"ListItem","position":2,"name":"Shop","item":"https:\/\/frontsite.lingonbyran.se\/shop\/"},{"@type":"ListItem","position":3,"name":"Montageverktyg med SDS+ f\u00e4ste f\u00f6r 8-12 mm \u00f6gleskruv"}]},{"@type":"WebSite","@id":"https:\/\/frontsite.se\/#website","url":"https:\/\/frontsite.se\/","name":"Frontsite","description":"Expert P\u00e5 st\u00e4llningsprodukter och profilering","publisher":{"@id":"https:\/\/frontsite.se\/#organization"},"potentialAction":[{"@type":"SearchAction","target":{"@type":"EntryPoint","urlTemplate":"https:\/\/frontsite.se\/?s={search_term_string}"},"query-input":{"@type":"PropertyValueSpecification","valueRequired":true,"valueName":"search_term_string"}}],"inLanguage":"en-GB"},{"@type":"Organization","@id":"https:\/\/frontsite.se\/#organization","name":"Frontsite","url":"https:\/\/frontsite.se\/","logo":{"@type":"ImageObject","inLanguage":"en-GB","@id":"https:\/\/frontsite.se\/#\/schema\/logo\/image\/","url":"https:\/\/frontsite.se\/wp-content\/uploads\/2024\/08\/Logo-Ratt-farg.png","contentUrl":"https:\/\/frontsite.se\/wp-content\/uploads\/2024\/08\/Logo-Ratt-farg.png","width":1004,"height":1004,"caption":"Frontsite"},"image":{"@id":"https:\/\/frontsite.se\/#\/schema\/logo\/image\/"}}]}},"jetpack_sharing_enabled":true,"_links":{"self":[{"href":"https:\/\/frontsite.se\/en\/wp-json\/wp\/v2\/product\/16935","targetHints":{"allow":["GET"]}}],"collection":[{"href":"https:\/\/frontsite.se\/en\/wp-json\/wp\/v2\/product"}],"about":[{"href":"https:\/\/frontsite.se\/en\/wp-json\/wp\/v2\/types\/product"}],"replies":[{"embeddable":true,"href":"https:\/\/frontsite.se\/en\/wp-json\/wp\/v2\/comments?post=16935"}],"version-history":[{"count":7,"href":"https:\/\/frontsite.se\/en\/wp-json\/wp\/v2\/product\/16935\/revisions"}],"predecessor-version":[{"id":16938,"href":"https:\/\/frontsite.se\/en\/wp-json\/wp\/v2\/product\/16935\/revisions\/16938"}],"wp:featuredmedia":[{"embeddable":true,"href":"https:\/\/frontsite.se\/en\/wp-json\/wp\/v2\/media\/16936"}],"wp:attachment":[{"href":"https:\/\/frontsite.se\/en\/wp-json\/wp\/v2\/media?parent=16935"}],"wp:term":[{"taxonomy":"product_cat","embeddable":true,"href":"https:\/\/frontsite.se\/en\/wp-json\/wp\/v2\/product_cat?post=16935"},{"taxonomy":"product_tag","embeddable":true,"href":"https:\/\/frontsite.se\/en\/wp-json\/wp\/v2\/product_tag?post=16935"}],"curies":[{"name":"wp","href":"https:\/\/api.w.org\/{rel}","templated":true}]}}