{"id":16918,"date":"2024-06-11T11:25:28","date_gmt":"2024-06-11T11:25:28","guid":{"rendered":"https:\/\/frontsite.se\/?post_type=product&#038;p=16918"},"modified":"2025-03-10T08:14:22","modified_gmt":"2025-03-10T08:14:22","slug":"verify-torque-smart-bluetooth-momentsnyckeladapter","status":"publish","type":"product","link":"https:\/\/frontsite.se\/en\/product\/verify-torque-smart-bluetooth-momentsnyckeladapter\/","title":{"rendered":"Verify Torque smart Bluetooth\u00ae torque wrench adapter"},"content":{"rendered":"<p><strong>Verify Torque smart Bluetooth\u00ae torque wrench adapter\u00a0<\/strong><\/p>\n<p>Verify Torque \u00e4r en smart enhet som revolutionerar momentsp\u00e5rbarhet. Det \u00e4r en Bluetooth\u00ae momentsnyckeladapter som f\u00e4sts p\u00e5 dina befintliga verktyg och digitalt f\u00e5ngar dina momentdata via en dedikerad rapporteringsapp f\u00f6r \u00f6verensst\u00e4mmelse och sp\u00e5rbarhet, som s\u00e4kert lagras i molnet.<\/p>\n<p>Ett oumb\u00e4rligt verktyg f\u00f6r att f\u00f6lja tillverkarens rekommendationer och branschstandarder f\u00f6r moment-specifikationer i branscher d\u00e4r \u00f6verensst\u00e4mmelse och sp\u00e5rbarhet \u00e4r av yttersta vikt.<\/p>\n<p>Verify Torque blir en digital momentsnyckel genom att helt enkelt f\u00e4sta den p\u00e5 dina befintliga verktyg, vilket g\u00f6r det m\u00f6jligt f\u00f6r dig att m\u00e4ta och spela in momentet p\u00e5 ett enkelt och korrekt s\u00e4tt. Genom att installera Hydrajaws Verify-appen p\u00e5 din smartphone eller surfplatta kan du visa m\u00e4tningsresultat och spela in m\u00e4tningshistorik, vilket m\u00f6jligg\u00f6r mycket exakta m\u00e4tningar och \u00e4ven avsev\u00e4rt f\u00f6rb\u00e4ttrar arbets effektivitet med datahantering.<\/p>\n<p>Anv\u00e4nds inom f\u00f6ljande branscher:<\/p>\n<ul>\n<li>Fordon<\/li>\n<li>Flyg- och rymdindustri<\/li>\n<li>Energi<\/li>\n<li>Arbete p\u00e5 h\u00f6jd<\/li>\n<li>Bygg<\/li>\n<li>Tillverkning<\/li>\n<li>Industri<\/li>\n<li>Marin<\/li>\n<\/ul>","protected":false},"excerpt":{"rendered":"<p><img fetchpriority=\"high\" decoding=\"async\" class=\"alignnone size-medium wp-image-16930\" src=\"https:\/\/frontsite.se\/wp-content\/uploads\/2024\/06\/Verify-Torque-Spec-image-300x300.jpg\" alt=\"\" width=\"300\" height=\"300\" srcset=\"https:\/\/frontsite.se\/wp-content\/uploads\/2024\/06\/Verify-Torque-Spec-image-300x300.jpg 300w, https:\/\/frontsite.se\/wp-content\/uploads\/2024\/06\/Verify-Torque-Spec-image-150x150.jpg 150w, https:\/\/frontsite.se\/wp-content\/uploads\/2024\/06\/Verify-Torque-Spec-image-430x430.jpg 430w, https:\/\/frontsite.se\/wp-content\/uploads\/2024\/06\/Verify-Torque-Spec-image.jpg 567w\" sizes=\"(max-width: 300px) 100vw, 300px\" \/><\/p>","protected":false},"featured_media":16921,"comment_status":"open","ping_status":"closed","template":"","meta":[],"product_cat":[170,78],"product_tag":[],"class_list":{"0":"post-16918","1":"product","2":"type-product","3":"status-publish","4":"has-post-thumbnail","6":"product_cat-momentsnyckeladapter","7":"product_cat-provdragningsutrustning","9":"first","10":"instock","11":"featured","12":"taxable","13":"shipping-taxable","14":"purchasable","15":"product-type-variable"},"yoast_head":"<!-- This site is optimized with the Yoast SEO plugin v24.1 - https:\/\/yoast.com\/wordpress\/plugins\/seo\/ -->\n<title>Verify Torque smart Bluetooth\u00ae momentsnyckeladapter - Frontsite<\/title>\n<meta name=\"description\" content=\"smart enhet som revolutionerar momentsp\u00e5rbarhet. en Bluetooth\u00ae momentsnyckeladapter som f\u00e4sts p\u00e5 dina befintliga verktyg och digitalt sparar dina momentdata\" \/>\n<meta name=\"robots\" content=\"index, follow, max-snippet:-1, max-image-preview:large, max-video-preview:-1\" \/>\n<link rel=\"canonical\" href=\"https:\/\/frontsite.se\/en\/product\/verify-torque-smart-bluetooth-momentsnyckeladapter\/\" \/>\n<meta property=\"og:locale\" content=\"en_GB\" \/>\n<meta property=\"og:type\" content=\"article\" \/>\n<meta property=\"og:title\" content=\"Verify Torque smart Bluetooth\u00ae momentsnyckeladapter - Frontsite\" \/>\n<meta property=\"og:description\" content=\"smart enhet som revolutionerar momentsp\u00e5rbarhet. en Bluetooth\u00ae momentsnyckeladapter som f\u00e4sts p\u00e5 dina befintliga verktyg och digitalt sparar dina momentdata\" \/>\n<meta property=\"og:url\" content=\"https:\/\/frontsite.se\/en\/product\/verify-torque-smart-bluetooth-momentsnyckeladapter\/\" \/>\n<meta property=\"og:site_name\" content=\"Frontsite\" \/>\n<meta property=\"article:modified_time\" content=\"2025-03-10T08:14:22+00:00\" \/>\n<meta property=\"og:image\" content=\"https:\/\/frontsite.se\/wp-content\/uploads\/2024\/06\/Hero-Image_Torque_10-80-200Nm_0.jpg\" \/>\n\t<meta property=\"og:image:width\" content=\"1920\" \/>\n\t<meta property=\"og:image:height\" content=\"1080\" \/>\n\t<meta property=\"og:image:type\" content=\"image\/jpeg\" \/>\n<meta name=\"twitter:card\" content=\"summary_large_image\" \/>\n<meta name=\"twitter:label1\" content=\"Estimated reading time\" \/>\n\t<meta name=\"twitter:data1\" content=\"1 minute\" \/>\n<script type=\"application\/ld+json\" class=\"yoast-schema-graph\">{\"@context\":\"https:\/\/schema.org\",\"@graph\":[{\"@type\":\"WebPage\",\"@id\":\"https:\/\/frontsite.se\/produkt\/verify-torque-smart-bluetooth-momentsnyckeladapter\/\",\"url\":\"https:\/\/frontsite.se\/produkt\/verify-torque-smart-bluetooth-momentsnyckeladapter\/\",\"name\":\"Verify Torque smart Bluetooth\u00ae momentsnyckeladapter - Frontsite\",\"isPartOf\":{\"@id\":\"https:\/\/frontsite.se\/#website\"},\"primaryImageOfPage\":{\"@id\":\"https:\/\/frontsite.se\/produkt\/verify-torque-smart-bluetooth-momentsnyckeladapter\/#primaryimage\"},\"image\":{\"@id\":\"https:\/\/frontsite.se\/produkt\/verify-torque-smart-bluetooth-momentsnyckeladapter\/#primaryimage\"},\"thumbnailUrl\":\"https:\/\/frontsite.se\/wp-content\/uploads\/2024\/06\/Hero-Image_Torque_10-80-200Nm_0.jpg\",\"datePublished\":\"2024-06-11T11:25:28+00:00\",\"dateModified\":\"2025-03-10T08:14:22+00:00\",\"description\":\"smart enhet som revolutionerar momentsp\u00e5rbarhet. en Bluetooth\u00ae momentsnyckeladapter som f\u00e4sts p\u00e5 dina befintliga verktyg och digitalt sparar dina momentdata\",\"breadcrumb\":{\"@id\":\"https:\/\/frontsite.se\/produkt\/verify-torque-smart-bluetooth-momentsnyckeladapter\/#breadcrumb\"},\"inLanguage\":\"en-GB\",\"potentialAction\":[{\"@type\":\"ReadAction\",\"target\":[\"https:\/\/frontsite.se\/produkt\/verify-torque-smart-bluetooth-momentsnyckeladapter\/\"]}]},{\"@type\":\"ImageObject\",\"inLanguage\":\"en-GB\",\"@id\":\"https:\/\/frontsite.se\/produkt\/verify-torque-smart-bluetooth-momentsnyckeladapter\/#primaryimage\",\"url\":\"https:\/\/frontsite.se\/wp-content\/uploads\/2024\/06\/Hero-Image_Torque_10-80-200Nm_0.jpg\",\"contentUrl\":\"https:\/\/frontsite.se\/wp-content\/uploads\/2024\/06\/Hero-Image_Torque_10-80-200Nm_0.jpg\",\"width\":1920,\"height\":1080},{\"@type\":\"BreadcrumbList\",\"@id\":\"https:\/\/frontsite.se\/produkt\/verify-torque-smart-bluetooth-momentsnyckeladapter\/#breadcrumb\",\"itemListElement\":[{\"@type\":\"ListItem\",\"position\":1,\"name\":\"Hem\",\"item\":\"https:\/\/frontsite.se\/\"},{\"@type\":\"ListItem\",\"position\":2,\"name\":\"Shop\",\"item\":\"https:\/\/frontsite.lingonbyran.se\/shop\/\"},{\"@type\":\"ListItem\",\"position\":3,\"name\":\"Verify Torque smart Bluetooth\u00ae momentsnyckeladapter\"}]},{\"@type\":\"WebSite\",\"@id\":\"https:\/\/frontsite.se\/#website\",\"url\":\"https:\/\/frontsite.se\/\",\"name\":\"Frontsite\",\"description\":\"Expert P\u00e5 st\u00e4llningsprodukter och profilering\",\"publisher\":{\"@id\":\"https:\/\/frontsite.se\/#organization\"},\"potentialAction\":[{\"@type\":\"SearchAction\",\"target\":{\"@type\":\"EntryPoint\",\"urlTemplate\":\"https:\/\/frontsite.se\/?s={search_term_string}\"},\"query-input\":{\"@type\":\"PropertyValueSpecification\",\"valueRequired\":true,\"valueName\":\"search_term_string\"}}],\"inLanguage\":\"en-GB\"},{\"@type\":\"Organization\",\"@id\":\"https:\/\/frontsite.se\/#organization\",\"name\":\"Frontsite\",\"url\":\"https:\/\/frontsite.se\/\",\"logo\":{\"@type\":\"ImageObject\",\"inLanguage\":\"en-GB\",\"@id\":\"https:\/\/frontsite.se\/#\/schema\/logo\/image\/\",\"url\":\"https:\/\/frontsite.se\/wp-content\/uploads\/2024\/08\/Logo-Ratt-farg.png\",\"contentUrl\":\"https:\/\/frontsite.se\/wp-content\/uploads\/2024\/08\/Logo-Ratt-farg.png\",\"width\":1004,\"height\":1004,\"caption\":\"Frontsite\"},\"image\":{\"@id\":\"https:\/\/frontsite.se\/#\/schema\/logo\/image\/\"}}]}<\/script>\n<!-- \/ Yoast SEO plugin. -->","yoast_head_json":{"title":"Verify Torque smart Bluetooth\u00ae momentsnyckeladapter - Frontsite","description":"smart enhet som revolutionerar momentsp\u00e5rbarhet. en Bluetooth\u00ae momentsnyckeladapter som f\u00e4sts p\u00e5 dina befintliga verktyg och digitalt sparar dina momentdata","robots":{"index":"index","follow":"follow","max-snippet":"max-snippet:-1","max-image-preview":"max-image-preview:large","max-video-preview":"max-video-preview:-1"},"canonical":"https:\/\/frontsite.se\/en\/product\/verify-torque-smart-bluetooth-momentsnyckeladapter\/","og_locale":"en_GB","og_type":"article","og_title":"Verify Torque smart Bluetooth\u00ae momentsnyckeladapter - Frontsite","og_description":"smart enhet som revolutionerar momentsp\u00e5rbarhet. en Bluetooth\u00ae momentsnyckeladapter som f\u00e4sts p\u00e5 dina befintliga verktyg och digitalt sparar dina momentdata","og_url":"https:\/\/frontsite.se\/en\/product\/verify-torque-smart-bluetooth-momentsnyckeladapter\/","og_site_name":"Frontsite","article_modified_time":"2025-03-10T08:14:22+00:00","og_image":[{"width":1920,"height":1080,"url":"https:\/\/frontsite.se\/wp-content\/uploads\/2024\/06\/Hero-Image_Torque_10-80-200Nm_0.jpg","type":"image\/jpeg"}],"twitter_card":"summary_large_image","twitter_misc":{"Estimated reading time":"1 minute"},"schema":{"@context":"https:\/\/schema.org","@graph":[{"@type":"WebPage","@id":"https:\/\/frontsite.se\/produkt\/verify-torque-smart-bluetooth-momentsnyckeladapter\/","url":"https:\/\/frontsite.se\/produkt\/verify-torque-smart-bluetooth-momentsnyckeladapter\/","name":"Verify Torque smart Bluetooth\u00ae momentsnyckeladapter - Frontsite","isPartOf":{"@id":"https:\/\/frontsite.se\/#website"},"primaryImageOfPage":{"@id":"https:\/\/frontsite.se\/produkt\/verify-torque-smart-bluetooth-momentsnyckeladapter\/#primaryimage"},"image":{"@id":"https:\/\/frontsite.se\/produkt\/verify-torque-smart-bluetooth-momentsnyckeladapter\/#primaryimage"},"thumbnailUrl":"https:\/\/frontsite.se\/wp-content\/uploads\/2024\/06\/Hero-Image_Torque_10-80-200Nm_0.jpg","datePublished":"2024-06-11T11:25:28+00:00","dateModified":"2025-03-10T08:14:22+00:00","description":"smart enhet som revolutionerar momentsp\u00e5rbarhet. en Bluetooth\u00ae momentsnyckeladapter som f\u00e4sts p\u00e5 dina befintliga verktyg och digitalt sparar dina momentdata","breadcrumb":{"@id":"https:\/\/frontsite.se\/produkt\/verify-torque-smart-bluetooth-momentsnyckeladapter\/#breadcrumb"},"inLanguage":"en-GB","potentialAction":[{"@type":"ReadAction","target":["https:\/\/frontsite.se\/produkt\/verify-torque-smart-bluetooth-momentsnyckeladapter\/"]}]},{"@type":"ImageObject","inLanguage":"en-GB","@id":"https:\/\/frontsite.se\/produkt\/verify-torque-smart-bluetooth-momentsnyckeladapter\/#primaryimage","url":"https:\/\/frontsite.se\/wp-content\/uploads\/2024\/06\/Hero-Image_Torque_10-80-200Nm_0.jpg","contentUrl":"https:\/\/frontsite.se\/wp-content\/uploads\/2024\/06\/Hero-Image_Torque_10-80-200Nm_0.jpg","width":1920,"height":1080},{"@type":"BreadcrumbList","@id":"https:\/\/frontsite.se\/produkt\/verify-torque-smart-bluetooth-momentsnyckeladapter\/#breadcrumb","itemListElement":[{"@type":"ListItem","position":1,"name":"Hem","item":"https:\/\/frontsite.se\/"},{"@type":"ListItem","position":2,"name":"Shop","item":"https:\/\/frontsite.lingonbyran.se\/shop\/"},{"@type":"ListItem","position":3,"name":"Verify Torque smart Bluetooth\u00ae momentsnyckeladapter"}]},{"@type":"WebSite","@id":"https:\/\/frontsite.se\/#website","url":"https:\/\/frontsite.se\/","name":"Frontsite","description":"Expert P\u00e5 st\u00e4llningsprodukter och profilering","publisher":{"@id":"https:\/\/frontsite.se\/#organization"},"potentialAction":[{"@type":"SearchAction","target":{"@type":"EntryPoint","urlTemplate":"https:\/\/frontsite.se\/?s={search_term_string}"},"query-input":{"@type":"PropertyValueSpecification","valueRequired":true,"valueName":"search_term_string"}}],"inLanguage":"en-GB"},{"@type":"Organization","@id":"https:\/\/frontsite.se\/#organization","name":"Frontsite","url":"https:\/\/frontsite.se\/","logo":{"@type":"ImageObject","inLanguage":"en-GB","@id":"https:\/\/frontsite.se\/#\/schema\/logo\/image\/","url":"https:\/\/frontsite.se\/wp-content\/uploads\/2024\/08\/Logo-Ratt-farg.png","contentUrl":"https:\/\/frontsite.se\/wp-content\/uploads\/2024\/08\/Logo-Ratt-farg.png","width":1004,"height":1004,"caption":"Frontsite"},"image":{"@id":"https:\/\/frontsite.se\/#\/schema\/logo\/image\/"}}]}},"jetpack_sharing_enabled":true,"_links":{"self":[{"href":"https:\/\/frontsite.se\/en\/wp-json\/wp\/v2\/product\/16918","targetHints":{"allow":["GET"]}}],"collection":[{"href":"https:\/\/frontsite.se\/en\/wp-json\/wp\/v2\/product"}],"about":[{"href":"https:\/\/frontsite.se\/en\/wp-json\/wp\/v2\/types\/product"}],"replies":[{"embeddable":true,"href":"https:\/\/frontsite.se\/en\/wp-json\/wp\/v2\/comments?post=16918"}],"version-history":[{"count":2,"href":"https:\/\/frontsite.se\/en\/wp-json\/wp\/v2\/product\/16918\/revisions"}],"predecessor-version":[{"id":16934,"href":"https:\/\/frontsite.se\/en\/wp-json\/wp\/v2\/product\/16918\/revisions\/16934"}],"wp:featuredmedia":[{"embeddable":true,"href":"https:\/\/frontsite.se\/en\/wp-json\/wp\/v2\/media\/16921"}],"wp:attachment":[{"href":"https:\/\/frontsite.se\/en\/wp-json\/wp\/v2\/media?parent=16918"}],"wp:term":[{"taxonomy":"product_cat","embeddable":true,"href":"https:\/\/frontsite.se\/en\/wp-json\/wp\/v2\/product_cat?post=16918"},{"taxonomy":"product_tag","embeddable":true,"href":"https:\/\/frontsite.se\/en\/wp-json\/wp\/v2\/product_tag?post=16918"}],"curies":[{"name":"wp","href":"https:\/\/api.w.org\/{rel}","templated":true}]}}