{"id":16914,"date":"2024-06-11T09:34:23","date_gmt":"2024-06-11T09:34:23","guid":{"rendered":"https:\/\/frontsite.se\/?post_type=product&#038;p=16914"},"modified":"2025-06-11T12:05:28","modified_gmt":"2025-06-11T12:05:28","slug":"scaffold-sign-green-sign-industrial-double-sided-sign","status":"publish","type":"product","link":"https:\/\/frontsite.se\/en\/product\/scaffold-sign-green-sign-industrial-double-sided-sign\/","title":{"rendered":"Scaffold Sign (Green Sign, Industrial) &#8211; Double-sided sign"},"content":{"rendered":"<p>Scaffold sign (commonly known as green sign) with information about the scaffold&#8217;s qualifications. There are two versions available: either double-sided printing or an industrial variant where the back is fully equipped with extra lines for multiple inspection dates. The scaffold sign insert card can also be provided in different languages and with the company logo.<\/p>\n<p>The scaffold sign (green sign) must always be mounted on a scaffold before work can commence, according to the regulations of the Swedish Work Environment Authority regarding the approval of scaffolds according to AFS 2013:3.<\/p>\n<p>Our scaffold sign features a unique QR code that can be scanned to access the assembly instructions for most brands of scaffolding, e.g., Peri, +8, Haki, etc.<\/p>\n<p>On the sign, you can document and see:<\/p>\n<ul>\n<li>Who built the scaffold<\/li>\n<li>Who the contractor is<\/li>\n<li>Date of completion<\/li>\n<li>Scaffold&#8217;s load class and implications<\/li>\n<li>Number of loaded scaffold layers<\/li>\n<li>Maximum load<\/li>\n<li>Who inspected the scaffold<\/li>\n<\/ul>\n<p>The signs are packaged in sets of 50 per bag,<\/p>","protected":false},"excerpt":{"rendered":"<p>St\u00e4llningsskylt (s.k. gr\u00f6nskylt) med uppgifter p\u00e5 st\u00e4llningens kvalifikationer. ex\u00a0 textf\u00e4lt f\u00f6r st\u00e4llningsentrepren\u00f6r, st\u00e4llningsbest\u00e4llare. skylten finns i tv\u00e5 utf\u00f6rande antingen dubbelsidigt tryck eller en s.k. industrivariant d\u00e4r baksidan\u00a0 \u00e4r full med extra rader d\u00e4r man kan skriva in besiktningsdatum flera g\u00e5nger. St\u00e4llningsskylten\/instickskortet kan \u00e4ven f\u00e5s med olika spr\u00e5k och med f\u00f6retagslogo.<\/p>\n<p>St\u00e4llningsskylten(gr\u00f6nskylt) Ska alltid monteras upp p\u00e5 en st\u00e4llning innan arbete kan p\u00e5b\u00f6rjas enligt Arbetsmilj\u00f6verkets regler g\u00e4llande godk\u00e4nnande av st\u00e4llning enligt AFS 2013:3.<\/p>\n<p><strong>V\u00e5r st\u00e4llningsskylt har en unik QR-kod som man scannar in f\u00f6r att f\u00e5 tillg\u00e5ng till monteringsanvisningarna f\u00f6r de flesta fabrikat av byggst\u00e4llning ex. Peri, +8, Haki m.m.<\/strong><\/p>\n<p><strong>P\u00e5 skylten kan du dokumentera och se:<\/strong><\/p>\n<ul>\n<li>\u00a0Vem som har byggt st\u00e4llningen<\/li>\n<li>\u00a0Vem best\u00e4llaren \u00e4r<\/li>\n<li>\u00a0Datum f\u00f6r f\u00e4rdigst\u00e4llande<\/li>\n<li>\u00a0Vilken Lastklass st\u00e4llningen har och vad det inneb\u00e4r<\/li>\n<li>\u00a0Antal belastade bomlag<\/li>\n<li>\u00a0Max belastning<\/li>\n<li>\u00a0Vem som har kontrollerat st\u00e4llningen<\/li>\n<\/ul>\n<p>Skyltarna ligger f\u00f6rpackade 50 st per p\u00e5se och i en kartong ligger det 50 f\u00f6rpackningar.<\/p>","protected":false},"featured_media":16915,"comment_status":"open","ping_status":"closed","template":"","meta":[],"product_cat":[120,70],"product_tag":[],"class_list":{"0":"post-16914","1":"product","2":"type-product","3":"status-publish","4":"has-post-thumbnail","6":"product_cat-gronskylt-stallningsskylt","7":"product_cat-stallning-bygg-tillbehor","9":"first","10":"instock","11":"featured","12":"taxable","13":"shipping-taxable","14":"purchasable","15":"product-type-variable"},"yoast_head":"<!-- This site is optimized with the Yoast SEO plugin v24.1 - https:\/\/yoast.com\/wordpress\/plugins\/seo\/ -->\n<title>Scaffold Sign (Green Sign, Industrial) - Double-sided sign - Frontsite<\/title>\n<meta name=\"robots\" content=\"index, follow, max-snippet:-1, max-image-preview:large, max-video-preview:-1\" \/>\n<link rel=\"canonical\" href=\"https:\/\/frontsite.se\/en\/product\/scaffold-sign-green-sign-industrial-double-sided-sign\/\" \/>\n<meta property=\"og:locale\" content=\"en_GB\" \/>\n<meta property=\"og:type\" content=\"article\" \/>\n<meta property=\"og:title\" content=\"Scaffold Sign (Green Sign, Industrial) - Double-sided sign - Frontsite\" \/>\n<meta property=\"og:description\" content=\"St\u00e4llningsskylt (s.k. gr\u00f6nskylt) med uppgifter p\u00e5 st\u00e4llningens kvalifikationer. ex\u00a0 textf\u00e4lt f\u00f6r st\u00e4llningsentrepren\u00f6r, st\u00e4llningsbest\u00e4llare. skylten finns i tv\u00e5 utf\u00f6rande antingen dubbelsidigt tryck eller en s.k. industrivariant d\u00e4r baksidan\u00a0 \u00e4r full med extra rader d\u00e4r man kan skriva in besiktningsdatum flera g\u00e5nger. St\u00e4llningsskylten\/instickskortet kan \u00e4ven f\u00e5s med olika spr\u00e5k och med f\u00f6retagslogo.  St\u00e4llningsskylten(gr\u00f6nskylt) Ska alltid monteras upp p\u00e5 en st\u00e4llning innan arbete kan p\u00e5b\u00f6rjas enligt Arbetsmilj\u00f6verkets regler g\u00e4llande godk\u00e4nnande av st\u00e4llning enligt AFS 2013:3.  V\u00e5r st\u00e4llningsskylt har en unik QR-kod som man scannar in f\u00f6r att f\u00e5 tillg\u00e5ng till monteringsanvisningarna f\u00f6r de flesta fabrikat av byggst\u00e4llning ex. Peri, +8, Haki m.m.  P\u00e5 skylten kan du dokumentera och se:   \u00a0Vem som har byggt st\u00e4llningen  \u00a0Vem best\u00e4llaren \u00e4r  \u00a0Datum f\u00f6r f\u00e4rdigst\u00e4llande  \u00a0Vilken Lastklass st\u00e4llningen har och vad det inneb\u00e4r  \u00a0Antal belastade bomlag  \u00a0Max belastning  \u00a0Vem som har kontrollerat st\u00e4llningen  Skyltarna ligger f\u00f6rpackade 50 st per p\u00e5se och i en kartong ligger det 50 f\u00f6rpackningar.\" \/>\n<meta property=\"og:url\" content=\"https:\/\/frontsite.se\/en\/product\/scaffold-sign-green-sign-industrial-double-sided-sign\/\" \/>\n<meta property=\"og:site_name\" content=\"Frontsite\" \/>\n<meta property=\"article:modified_time\" content=\"2025-06-11T12:05:28+00:00\" \/>\n<meta name=\"twitter:card\" content=\"summary_large_image\" \/>\n<meta name=\"twitter:label1\" content=\"Estimated reading time\" \/>\n\t<meta name=\"twitter:data1\" content=\"2 minutes\" \/>\n<script type=\"application\/ld+json\" class=\"yoast-schema-graph\">{\"@context\":\"https:\/\/schema.org\",\"@graph\":[{\"@type\":\"WebPage\",\"@id\":\"https:\/\/frontsite.se\/produkt\/scaffold-sign-green-sign-industrial-double-sided-sign\/\",\"url\":\"https:\/\/frontsite.se\/produkt\/scaffold-sign-green-sign-industrial-double-sided-sign\/\",\"name\":\"Scaffold Sign (Green Sign, Industrial) - Double-sided sign - Frontsite\",\"isPartOf\":{\"@id\":\"https:\/\/frontsite.se\/#website\"},\"primaryImageOfPage\":{\"@id\":\"https:\/\/frontsite.se\/produkt\/scaffold-sign-green-sign-industrial-double-sided-sign\/#primaryimage\"},\"image\":{\"@id\":\"https:\/\/frontsite.se\/produkt\/scaffold-sign-green-sign-industrial-double-sided-sign\/#primaryimage\"},\"thumbnailUrl\":\"https:\/\/frontsite.se\/wp-content\/uploads\/2024\/06\/Gronskylt_Engelsk_Frontsite-pdf.jpg\",\"datePublished\":\"2024-06-11T09:34:23+00:00\",\"dateModified\":\"2025-06-11T12:05:28+00:00\",\"breadcrumb\":{\"@id\":\"https:\/\/frontsite.se\/produkt\/scaffold-sign-green-sign-industrial-double-sided-sign\/#breadcrumb\"},\"inLanguage\":\"en-GB\",\"potentialAction\":[{\"@type\":\"ReadAction\",\"target\":[\"https:\/\/frontsite.se\/produkt\/scaffold-sign-green-sign-industrial-double-sided-sign\/\"]}]},{\"@type\":\"ImageObject\",\"inLanguage\":\"en-GB\",\"@id\":\"https:\/\/frontsite.se\/produkt\/scaffold-sign-green-sign-industrial-double-sided-sign\/#primaryimage\",\"url\":\"https:\/\/frontsite.se\/wp-content\/uploads\/2024\/06\/Gronskylt_Engelsk_Frontsite-pdf.jpg\",\"contentUrl\":\"https:\/\/frontsite.se\/wp-content\/uploads\/2024\/06\/Gronskylt_Engelsk_Frontsite-pdf.jpg\"},{\"@type\":\"BreadcrumbList\",\"@id\":\"https:\/\/frontsite.se\/produkt\/scaffold-sign-green-sign-industrial-double-sided-sign\/#breadcrumb\",\"itemListElement\":[{\"@type\":\"ListItem\",\"position\":1,\"name\":\"Hem\",\"item\":\"https:\/\/frontsite.se\/\"},{\"@type\":\"ListItem\",\"position\":2,\"name\":\"Shop\",\"item\":\"https:\/\/frontsite.lingonbyran.se\/shop\/\"},{\"@type\":\"ListItem\",\"position\":3,\"name\":\"Scaffold Sign (Green Sign, Industrial) &#8211; Double-sided sign\"}]},{\"@type\":\"WebSite\",\"@id\":\"https:\/\/frontsite.se\/#website\",\"url\":\"https:\/\/frontsite.se\/\",\"name\":\"Frontsite\",\"description\":\"Expert P\u00e5 st\u00e4llningsprodukter och profilering\",\"publisher\":{\"@id\":\"https:\/\/frontsite.se\/#organization\"},\"potentialAction\":[{\"@type\":\"SearchAction\",\"target\":{\"@type\":\"EntryPoint\",\"urlTemplate\":\"https:\/\/frontsite.se\/?s={search_term_string}\"},\"query-input\":{\"@type\":\"PropertyValueSpecification\",\"valueRequired\":true,\"valueName\":\"search_term_string\"}}],\"inLanguage\":\"en-GB\"},{\"@type\":\"Organization\",\"@id\":\"https:\/\/frontsite.se\/#organization\",\"name\":\"Frontsite\",\"url\":\"https:\/\/frontsite.se\/\",\"logo\":{\"@type\":\"ImageObject\",\"inLanguage\":\"en-GB\",\"@id\":\"https:\/\/frontsite.se\/#\/schema\/logo\/image\/\",\"url\":\"https:\/\/frontsite.se\/wp-content\/uploads\/2024\/08\/Logo-Ratt-farg.png\",\"contentUrl\":\"https:\/\/frontsite.se\/wp-content\/uploads\/2024\/08\/Logo-Ratt-farg.png\",\"width\":1004,\"height\":1004,\"caption\":\"Frontsite\"},\"image\":{\"@id\":\"https:\/\/frontsite.se\/#\/schema\/logo\/image\/\"}}]}<\/script>\n<!-- \/ Yoast SEO plugin. -->","yoast_head_json":{"title":"Scaffold Sign (Green Sign, Industrial) - Double-sided sign - Frontsite","robots":{"index":"index","follow":"follow","max-snippet":"max-snippet:-1","max-image-preview":"max-image-preview:large","max-video-preview":"max-video-preview:-1"},"canonical":"https:\/\/frontsite.se\/en\/product\/scaffold-sign-green-sign-industrial-double-sided-sign\/","og_locale":"en_GB","og_type":"article","og_title":"Scaffold Sign (Green Sign, Industrial) - Double-sided sign - Frontsite","og_description":"St\u00e4llningsskylt (s.k. gr\u00f6nskylt) med uppgifter p\u00e5 st\u00e4llningens kvalifikationer. ex\u00a0 textf\u00e4lt f\u00f6r st\u00e4llningsentrepren\u00f6r, st\u00e4llningsbest\u00e4llare. skylten finns i tv\u00e5 utf\u00f6rande antingen dubbelsidigt tryck eller en s.k. industrivariant d\u00e4r baksidan\u00a0 \u00e4r full med extra rader d\u00e4r man kan skriva in besiktningsdatum flera g\u00e5nger. St\u00e4llningsskylten\/instickskortet kan \u00e4ven f\u00e5s med olika spr\u00e5k och med f\u00f6retagslogo.  St\u00e4llningsskylten(gr\u00f6nskylt) Ska alltid monteras upp p\u00e5 en st\u00e4llning innan arbete kan p\u00e5b\u00f6rjas enligt Arbetsmilj\u00f6verkets regler g\u00e4llande godk\u00e4nnande av st\u00e4llning enligt AFS 2013:3.  V\u00e5r st\u00e4llningsskylt har en unik QR-kod som man scannar in f\u00f6r att f\u00e5 tillg\u00e5ng till monteringsanvisningarna f\u00f6r de flesta fabrikat av byggst\u00e4llning ex. Peri, +8, Haki m.m.  P\u00e5 skylten kan du dokumentera och se:   \u00a0Vem som har byggt st\u00e4llningen  \u00a0Vem best\u00e4llaren \u00e4r  \u00a0Datum f\u00f6r f\u00e4rdigst\u00e4llande  \u00a0Vilken Lastklass st\u00e4llningen har och vad det inneb\u00e4r  \u00a0Antal belastade bomlag  \u00a0Max belastning  \u00a0Vem som har kontrollerat st\u00e4llningen  Skyltarna ligger f\u00f6rpackade 50 st per p\u00e5se och i en kartong ligger det 50 f\u00f6rpackningar.","og_url":"https:\/\/frontsite.se\/en\/product\/scaffold-sign-green-sign-industrial-double-sided-sign\/","og_site_name":"Frontsite","article_modified_time":"2025-06-11T12:05:28+00:00","twitter_card":"summary_large_image","twitter_misc":{"Estimated reading time":"2 minutes"},"schema":{"@context":"https:\/\/schema.org","@graph":[{"@type":"WebPage","@id":"https:\/\/frontsite.se\/produkt\/scaffold-sign-green-sign-industrial-double-sided-sign\/","url":"https:\/\/frontsite.se\/produkt\/scaffold-sign-green-sign-industrial-double-sided-sign\/","name":"Scaffold Sign (Green Sign, Industrial) - Double-sided sign - Frontsite","isPartOf":{"@id":"https:\/\/frontsite.se\/#website"},"primaryImageOfPage":{"@id":"https:\/\/frontsite.se\/produkt\/scaffold-sign-green-sign-industrial-double-sided-sign\/#primaryimage"},"image":{"@id":"https:\/\/frontsite.se\/produkt\/scaffold-sign-green-sign-industrial-double-sided-sign\/#primaryimage"},"thumbnailUrl":"https:\/\/frontsite.se\/wp-content\/uploads\/2024\/06\/Gronskylt_Engelsk_Frontsite-pdf.jpg","datePublished":"2024-06-11T09:34:23+00:00","dateModified":"2025-06-11T12:05:28+00:00","breadcrumb":{"@id":"https:\/\/frontsite.se\/produkt\/scaffold-sign-green-sign-industrial-double-sided-sign\/#breadcrumb"},"inLanguage":"en-GB","potentialAction":[{"@type":"ReadAction","target":["https:\/\/frontsite.se\/produkt\/scaffold-sign-green-sign-industrial-double-sided-sign\/"]}]},{"@type":"ImageObject","inLanguage":"en-GB","@id":"https:\/\/frontsite.se\/produkt\/scaffold-sign-green-sign-industrial-double-sided-sign\/#primaryimage","url":"https:\/\/frontsite.se\/wp-content\/uploads\/2024\/06\/Gronskylt_Engelsk_Frontsite-pdf.jpg","contentUrl":"https:\/\/frontsite.se\/wp-content\/uploads\/2024\/06\/Gronskylt_Engelsk_Frontsite-pdf.jpg"},{"@type":"BreadcrumbList","@id":"https:\/\/frontsite.se\/produkt\/scaffold-sign-green-sign-industrial-double-sided-sign\/#breadcrumb","itemListElement":[{"@type":"ListItem","position":1,"name":"Hem","item":"https:\/\/frontsite.se\/"},{"@type":"ListItem","position":2,"name":"Shop","item":"https:\/\/frontsite.lingonbyran.se\/shop\/"},{"@type":"ListItem","position":3,"name":"Scaffold Sign (Green Sign, Industrial) &#8211; Double-sided sign"}]},{"@type":"WebSite","@id":"https:\/\/frontsite.se\/#website","url":"https:\/\/frontsite.se\/","name":"Frontsite","description":"Expert P\u00e5 st\u00e4llningsprodukter och profilering","publisher":{"@id":"https:\/\/frontsite.se\/#organization"},"potentialAction":[{"@type":"SearchAction","target":{"@type":"EntryPoint","urlTemplate":"https:\/\/frontsite.se\/?s={search_term_string}"},"query-input":{"@type":"PropertyValueSpecification","valueRequired":true,"valueName":"search_term_string"}}],"inLanguage":"en-GB"},{"@type":"Organization","@id":"https:\/\/frontsite.se\/#organization","name":"Frontsite","url":"https:\/\/frontsite.se\/","logo":{"@type":"ImageObject","inLanguage":"en-GB","@id":"https:\/\/frontsite.se\/#\/schema\/logo\/image\/","url":"https:\/\/frontsite.se\/wp-content\/uploads\/2024\/08\/Logo-Ratt-farg.png","contentUrl":"https:\/\/frontsite.se\/wp-content\/uploads\/2024\/08\/Logo-Ratt-farg.png","width":1004,"height":1004,"caption":"Frontsite"},"image":{"@id":"https:\/\/frontsite.se\/#\/schema\/logo\/image\/"}}]}},"jetpack_sharing_enabled":true,"_links":{"self":[{"href":"https:\/\/frontsite.se\/en\/wp-json\/wp\/v2\/product\/16914","targetHints":{"allow":["GET"]}}],"collection":[{"href":"https:\/\/frontsite.se\/en\/wp-json\/wp\/v2\/product"}],"about":[{"href":"https:\/\/frontsite.se\/en\/wp-json\/wp\/v2\/types\/product"}],"replies":[{"embeddable":true,"href":"https:\/\/frontsite.se\/en\/wp-json\/wp\/v2\/comments?post=16914"}],"version-history":[{"count":2,"href":"https:\/\/frontsite.se\/en\/wp-json\/wp\/v2\/product\/16914\/revisions"}],"predecessor-version":[{"id":17661,"href":"https:\/\/frontsite.se\/en\/wp-json\/wp\/v2\/product\/16914\/revisions\/17661"}],"wp:featuredmedia":[{"embeddable":true,"href":"https:\/\/frontsite.se\/en\/wp-json\/wp\/v2\/media\/16915"}],"wp:attachment":[{"href":"https:\/\/frontsite.se\/en\/wp-json\/wp\/v2\/media?parent=16914"}],"wp:term":[{"taxonomy":"product_cat","embeddable":true,"href":"https:\/\/frontsite.se\/en\/wp-json\/wp\/v2\/product_cat?post=16914"},{"taxonomy":"product_tag","embeddable":true,"href":"https:\/\/frontsite.se\/en\/wp-json\/wp\/v2\/product_tag?post=16914"}],"curies":[{"name":"wp","href":"https:\/\/api.w.org\/{rel}","templated":true}]}}