{"id":16700,"date":"2024-05-06T08:54:44","date_gmt":"2024-05-06T08:54:44","guid":{"rendered":"https:\/\/frontsite.se\/?post_type=product&#038;p=16700"},"modified":"2025-01-24T10:33:41","modified_gmt":"2025-01-24T10:33:41","slug":"abus-kombinations-hanglas-160-50","status":"publish","type":"product","link":"https:\/\/frontsite.se\/en\/product\/abus-kombinations-hanglas-160-50\/","title":{"rendered":"ABUS kombinations h\u00e4ngl\u00e5s 160\/50"},"content":{"rendered":"<h3>ABUS H\u00c4NGL\u00c5S 160\/50 &#8211; Prestige Code<\/h3>\n<p>ABUS H\u00c4NGL\u00c5S 160\/50 Prestige Code \u00e4r det perfekta kombinationsl\u00e5set f\u00f6r att s\u00e4kra olika omr\u00e5den inom byggf\u00f6retaget. Med sin 4-siffriga kod ger det enkel anv\u00e4ndning utan nycklar och m\u00f6jligheten att v\u00e4lja en personlig kod f\u00f6r \u00f6kad s\u00e4kerhet.<\/p>\n<p><strong>Robust konstruktion:<\/strong> Bygeln \u00e4r tillverkad av h\u00e4rdat st\u00e5l med en dubbelsidig regel f\u00f6r extra s\u00e4kerhet. L\u00e5skroppen \u00e4r ocks\u00e5 tillverkad av h\u00e4rdat st\u00e5l och har en h\u00f6gglansig krombel\u00e4ggning f\u00f6r att motst\u00e5 korrosion och slitage.<\/p>\n<p><strong>Anv\u00e4ndningsomr\u00e5den:<\/strong> ABUS H\u00c4NGL\u00c5S 160\/50 \u00e4r idealiskt f\u00f6r l\u00e5sning av sk\u00e5p, l\u00e5dor, bodar, grindar, d\u00f6rrar, k\u00e4llare och f\u00f6rr\u00e5d inom byggf\u00f6retagets verksamhet.<\/p>\n<p>Med ABUS H\u00c4NGL\u00c5S 160\/50 Prestige Code kan byggf\u00f6retaget s\u00e4kra olika omr\u00e5den p\u00e5 ett bekv\u00e4mt och s\u00e4kert s\u00e4tt utan att beh\u00f6va h\u00e5lla reda p\u00e5 nycklar.<\/p>","protected":false},"excerpt":{"rendered":"<p>ABUS H\u00c4NGL\u00c5S 160\/50 &#8211; Prestige Code ABUS H\u00c4NGL\u00c5S 160\/50 Prestige Code \u00e4r det perfekta kombinationsl\u00e5set f\u00f6r att s\u00e4kra olika omr\u00e5den<\/p>","protected":false},"featured_media":16635,"comment_status":"open","ping_status":"closed","template":"","meta":[],"product_cat":[162,157],"product_tag":[],"class_list":{"0":"post-16700","1":"product","2":"type-product","3":"status-publish","4":"has-post-thumbnail","6":"product_cat-bygellas","7":"product_cat-las","9":"first","10":"instock","11":"taxable","12":"shipping-taxable","13":"purchasable","14":"product-type-simple"},"yoast_head":"<!-- This site is optimized with the Yoast SEO plugin v24.1 - https:\/\/yoast.com\/wordpress\/plugins\/seo\/ -->\n<title>ABUS kombinations h\u00e4ngl\u00e5s 160\/50 - Frontsite<\/title>\n<meta name=\"description\" content=\"ABUS kombinationsl\u00e5s f\u00f6r att s\u00e4kra olika f\u00f6retaget. Med sin 4-siffriga kod ger det enkel anv\u00e4ndning utan nycklar och m\u00f6jligheten att v\u00e4lja en personlig kod.\" \/>\n<meta name=\"robots\" content=\"index, follow, max-snippet:-1, max-image-preview:large, max-video-preview:-1\" \/>\n<link rel=\"canonical\" href=\"https:\/\/frontsite.se\/en\/product\/abus-kombinations-hanglas-160-50\/\" \/>\n<meta property=\"og:locale\" content=\"en_GB\" \/>\n<meta property=\"og:type\" content=\"article\" \/>\n<meta property=\"og:title\" content=\"ABUS kombinations h\u00e4ngl\u00e5s 160\/50 - Frontsite\" \/>\n<meta property=\"og:description\" content=\"ABUS kombinationsl\u00e5s f\u00f6r att s\u00e4kra olika f\u00f6retaget. Med sin 4-siffriga kod ger det enkel anv\u00e4ndning utan nycklar och m\u00f6jligheten att v\u00e4lja en personlig kod.\" \/>\n<meta property=\"og:url\" content=\"https:\/\/frontsite.se\/en\/product\/abus-kombinations-hanglas-160-50\/\" \/>\n<meta property=\"og:site_name\" content=\"Frontsite\" \/>\n<meta property=\"article:modified_time\" content=\"2025-01-24T10:33:41+00:00\" \/>\n<meta property=\"og:image\" content=\"https:\/\/frontsite.se\/wp-content\/uploads\/2024\/05\/35016-H\ufffdNGL\ufffdS-16050-scaled.jpg\" \/>\n\t<meta property=\"og:image:width\" content=\"1495\" \/>\n\t<meta property=\"og:image:height\" content=\"2560\" \/>\n\t<meta property=\"og:image:type\" content=\"image\/jpeg\" \/>\n<meta name=\"twitter:card\" content=\"summary_large_image\" \/>\n<meta name=\"twitter:label1\" content=\"Estimated reading time\" \/>\n\t<meta name=\"twitter:data1\" content=\"1 minute\" \/>\n<script type=\"application\/ld+json\" class=\"yoast-schema-graph\">{\"@context\":\"https:\/\/schema.org\",\"@graph\":[{\"@type\":\"WebPage\",\"@id\":\"https:\/\/frontsite.se\/produkt\/abus-kombinations-hanglas-160-50\/\",\"url\":\"https:\/\/frontsite.se\/produkt\/abus-kombinations-hanglas-160-50\/\",\"name\":\"ABUS kombinations h\u00e4ngl\u00e5s 160\/50 - Frontsite\",\"isPartOf\":{\"@id\":\"https:\/\/frontsite.se\/#website\"},\"primaryImageOfPage\":{\"@id\":\"https:\/\/frontsite.se\/produkt\/abus-kombinations-hanglas-160-50\/#primaryimage\"},\"image\":{\"@id\":\"https:\/\/frontsite.se\/produkt\/abus-kombinations-hanglas-160-50\/#primaryimage\"},\"thumbnailUrl\":\"https:\/\/frontsite.se\/wp-content\/uploads\/2024\/05\/35016-H\ufffdNGL\ufffdS-16050-scaled.jpg\",\"datePublished\":\"2024-05-06T08:54:44+00:00\",\"dateModified\":\"2025-01-24T10:33:41+00:00\",\"description\":\"ABUS kombinationsl\u00e5s f\u00f6r att s\u00e4kra olika f\u00f6retaget. Med sin 4-siffriga kod ger det enkel anv\u00e4ndning utan nycklar och m\u00f6jligheten att v\u00e4lja en personlig kod.\",\"breadcrumb\":{\"@id\":\"https:\/\/frontsite.se\/produkt\/abus-kombinations-hanglas-160-50\/#breadcrumb\"},\"inLanguage\":\"en-GB\",\"potentialAction\":[{\"@type\":\"ReadAction\",\"target\":[\"https:\/\/frontsite.se\/produkt\/abus-kombinations-hanglas-160-50\/\"]}]},{\"@type\":\"ImageObject\",\"inLanguage\":\"en-GB\",\"@id\":\"https:\/\/frontsite.se\/produkt\/abus-kombinations-hanglas-160-50\/#primaryimage\",\"url\":\"https:\/\/frontsite.se\/wp-content\/uploads\/2024\/05\/35016-H\ufffdNGL\ufffdS-16050-scaled.jpg\",\"contentUrl\":\"https:\/\/frontsite.se\/wp-content\/uploads\/2024\/05\/35016-H\ufffdNGL\ufffdS-16050-scaled.jpg\",\"width\":1495,\"height\":2560,\"caption\":\"The ABUS 160 padlock is ideal for securing medium value assets and objects with an average risk of theft\"},{\"@type\":\"BreadcrumbList\",\"@id\":\"https:\/\/frontsite.se\/produkt\/abus-kombinations-hanglas-160-50\/#breadcrumb\",\"itemListElement\":[{\"@type\":\"ListItem\",\"position\":1,\"name\":\"Hem\",\"item\":\"https:\/\/frontsite.se\/\"},{\"@type\":\"ListItem\",\"position\":2,\"name\":\"Shop\",\"item\":\"https:\/\/frontsite.lingonbyran.se\/shop\/\"},{\"@type\":\"ListItem\",\"position\":3,\"name\":\"ABUS kombinations h\u00e4ngl\u00e5s 160\/50\"}]},{\"@type\":\"WebSite\",\"@id\":\"https:\/\/frontsite.se\/#website\",\"url\":\"https:\/\/frontsite.se\/\",\"name\":\"Frontsite\",\"description\":\"Expert P\u00e5 st\u00e4llningsprodukter och profilering\",\"publisher\":{\"@id\":\"https:\/\/frontsite.se\/#organization\"},\"potentialAction\":[{\"@type\":\"SearchAction\",\"target\":{\"@type\":\"EntryPoint\",\"urlTemplate\":\"https:\/\/frontsite.se\/?s={search_term_string}\"},\"query-input\":{\"@type\":\"PropertyValueSpecification\",\"valueRequired\":true,\"valueName\":\"search_term_string\"}}],\"inLanguage\":\"en-GB\"},{\"@type\":\"Organization\",\"@id\":\"https:\/\/frontsite.se\/#organization\",\"name\":\"Frontsite\",\"url\":\"https:\/\/frontsite.se\/\",\"logo\":{\"@type\":\"ImageObject\",\"inLanguage\":\"en-GB\",\"@id\":\"https:\/\/frontsite.se\/#\/schema\/logo\/image\/\",\"url\":\"https:\/\/frontsite.se\/wp-content\/uploads\/2024\/08\/Logo-Ratt-farg.png\",\"contentUrl\":\"https:\/\/frontsite.se\/wp-content\/uploads\/2024\/08\/Logo-Ratt-farg.png\",\"width\":1004,\"height\":1004,\"caption\":\"Frontsite\"},\"image\":{\"@id\":\"https:\/\/frontsite.se\/#\/schema\/logo\/image\/\"}}]}<\/script>\n<!-- \/ Yoast SEO plugin. -->","yoast_head_json":{"title":"ABUS kombinations h\u00e4ngl\u00e5s 160\/50 - Frontsite","description":"ABUS kombinationsl\u00e5s f\u00f6r att s\u00e4kra olika f\u00f6retaget. Med sin 4-siffriga kod ger det enkel anv\u00e4ndning utan nycklar och m\u00f6jligheten att v\u00e4lja en personlig kod.","robots":{"index":"index","follow":"follow","max-snippet":"max-snippet:-1","max-image-preview":"max-image-preview:large","max-video-preview":"max-video-preview:-1"},"canonical":"https:\/\/frontsite.se\/en\/product\/abus-kombinations-hanglas-160-50\/","og_locale":"en_GB","og_type":"article","og_title":"ABUS kombinations h\u00e4ngl\u00e5s 160\/50 - Frontsite","og_description":"ABUS kombinationsl\u00e5s f\u00f6r att s\u00e4kra olika f\u00f6retaget. Med sin 4-siffriga kod ger det enkel anv\u00e4ndning utan nycklar och m\u00f6jligheten att v\u00e4lja en personlig kod.","og_url":"https:\/\/frontsite.se\/en\/product\/abus-kombinations-hanglas-160-50\/","og_site_name":"Frontsite","article_modified_time":"2025-01-24T10:33:41+00:00","og_image":[{"width":1495,"height":2560,"url":"https:\/\/frontsite.se\/wp-content\/uploads\/2024\/05\/35016-H\ufffdNGL\ufffdS-16050-scaled.jpg","type":"image\/jpeg"}],"twitter_card":"summary_large_image","twitter_misc":{"Estimated reading time":"1 minute"},"schema":{"@context":"https:\/\/schema.org","@graph":[{"@type":"WebPage","@id":"https:\/\/frontsite.se\/produkt\/abus-kombinations-hanglas-160-50\/","url":"https:\/\/frontsite.se\/produkt\/abus-kombinations-hanglas-160-50\/","name":"ABUS kombinations h\u00e4ngl\u00e5s 160\/50 - Frontsite","isPartOf":{"@id":"https:\/\/frontsite.se\/#website"},"primaryImageOfPage":{"@id":"https:\/\/frontsite.se\/produkt\/abus-kombinations-hanglas-160-50\/#primaryimage"},"image":{"@id":"https:\/\/frontsite.se\/produkt\/abus-kombinations-hanglas-160-50\/#primaryimage"},"thumbnailUrl":"https:\/\/frontsite.se\/wp-content\/uploads\/2024\/05\/35016-H\ufffdNGL\ufffdS-16050-scaled.jpg","datePublished":"2024-05-06T08:54:44+00:00","dateModified":"2025-01-24T10:33:41+00:00","description":"ABUS kombinationsl\u00e5s f\u00f6r att s\u00e4kra olika f\u00f6retaget. Med sin 4-siffriga kod ger det enkel anv\u00e4ndning utan nycklar och m\u00f6jligheten att v\u00e4lja en personlig kod.","breadcrumb":{"@id":"https:\/\/frontsite.se\/produkt\/abus-kombinations-hanglas-160-50\/#breadcrumb"},"inLanguage":"en-GB","potentialAction":[{"@type":"ReadAction","target":["https:\/\/frontsite.se\/produkt\/abus-kombinations-hanglas-160-50\/"]}]},{"@type":"ImageObject","inLanguage":"en-GB","@id":"https:\/\/frontsite.se\/produkt\/abus-kombinations-hanglas-160-50\/#primaryimage","url":"https:\/\/frontsite.se\/wp-content\/uploads\/2024\/05\/35016-H\ufffdNGL\ufffdS-16050-scaled.jpg","contentUrl":"https:\/\/frontsite.se\/wp-content\/uploads\/2024\/05\/35016-H\ufffdNGL\ufffdS-16050-scaled.jpg","width":1495,"height":2560,"caption":"The ABUS 160 padlock is ideal for securing medium value assets and objects with an average risk of theft"},{"@type":"BreadcrumbList","@id":"https:\/\/frontsite.se\/produkt\/abus-kombinations-hanglas-160-50\/#breadcrumb","itemListElement":[{"@type":"ListItem","position":1,"name":"Hem","item":"https:\/\/frontsite.se\/"},{"@type":"ListItem","position":2,"name":"Shop","item":"https:\/\/frontsite.lingonbyran.se\/shop\/"},{"@type":"ListItem","position":3,"name":"ABUS kombinations h\u00e4ngl\u00e5s 160\/50"}]},{"@type":"WebSite","@id":"https:\/\/frontsite.se\/#website","url":"https:\/\/frontsite.se\/","name":"Frontsite","description":"Expert P\u00e5 st\u00e4llningsprodukter och profilering","publisher":{"@id":"https:\/\/frontsite.se\/#organization"},"potentialAction":[{"@type":"SearchAction","target":{"@type":"EntryPoint","urlTemplate":"https:\/\/frontsite.se\/?s={search_term_string}"},"query-input":{"@type":"PropertyValueSpecification","valueRequired":true,"valueName":"search_term_string"}}],"inLanguage":"en-GB"},{"@type":"Organization","@id":"https:\/\/frontsite.se\/#organization","name":"Frontsite","url":"https:\/\/frontsite.se\/","logo":{"@type":"ImageObject","inLanguage":"en-GB","@id":"https:\/\/frontsite.se\/#\/schema\/logo\/image\/","url":"https:\/\/frontsite.se\/wp-content\/uploads\/2024\/08\/Logo-Ratt-farg.png","contentUrl":"https:\/\/frontsite.se\/wp-content\/uploads\/2024\/08\/Logo-Ratt-farg.png","width":1004,"height":1004,"caption":"Frontsite"},"image":{"@id":"https:\/\/frontsite.se\/#\/schema\/logo\/image\/"}}]}},"jetpack_sharing_enabled":true,"_links":{"self":[{"href":"https:\/\/frontsite.se\/en\/wp-json\/wp\/v2\/product\/16700","targetHints":{"allow":["GET"]}}],"collection":[{"href":"https:\/\/frontsite.se\/en\/wp-json\/wp\/v2\/product"}],"about":[{"href":"https:\/\/frontsite.se\/en\/wp-json\/wp\/v2\/types\/product"}],"replies":[{"embeddable":true,"href":"https:\/\/frontsite.se\/en\/wp-json\/wp\/v2\/comments?post=16700"}],"version-history":[{"count":3,"href":"https:\/\/frontsite.se\/en\/wp-json\/wp\/v2\/product\/16700\/revisions"}],"predecessor-version":[{"id":16822,"href":"https:\/\/frontsite.se\/en\/wp-json\/wp\/v2\/product\/16700\/revisions\/16822"}],"wp:featuredmedia":[{"embeddable":true,"href":"https:\/\/frontsite.se\/en\/wp-json\/wp\/v2\/media\/16635"}],"wp:attachment":[{"href":"https:\/\/frontsite.se\/en\/wp-json\/wp\/v2\/media?parent=16700"}],"wp:term":[{"taxonomy":"product_cat","embeddable":true,"href":"https:\/\/frontsite.se\/en\/wp-json\/wp\/v2\/product_cat?post=16700"},{"taxonomy":"product_tag","embeddable":true,"href":"https:\/\/frontsite.se\/en\/wp-json\/wp\/v2\/product_tag?post=16700"}],"curies":[{"name":"wp","href":"https:\/\/api.w.org\/{rel}","templated":true}]}}