{"id":16695,"date":"2024-05-06T08:23:26","date_gmt":"2024-05-06T08:23:26","guid":{"rendered":"https:\/\/frontsite.se\/?post_type=product&#038;p=16695"},"modified":"2024-05-14T10:21:26","modified_gmt":"2024-05-14T10:21:26","slug":"abus-cykellas-bordo-9501","status":"publish","type":"product","link":"https:\/\/frontsite.se\/en\/product\/abus-cykellas-bordo-9501\/","title":{"rendered":"ABUS Vikbart Cykell\u00e5s BORDO 9501"},"content":{"rendered":"<h3>ABUS Bordo 9501 ett l\u00e5s som inkluderar en H\u00e5llare med en L\u00e4ttviktigt och Vikbart modell<\/h3>\n<p>ABUS Bordo 9501 \u00e4r det perfekta valet f\u00f6r att l\u00e5sa fast l\u00f6sa f\u00f6rem\u00e5l som till exempel cyklar, vagnar, skottk\u00e4rror med mera.<\/p>\n<p>S\u00f6ker man efter ett portabelt och l\u00e4ttviktigt l\u00e5s med vikbara design och kompakta storlek s\u00e5 \u00e4r detta r\u00e4tt val av l\u00e5s..<\/p>\n<p><strong>H\u00f6gkvalitativ konstruktion:<\/strong><\/p>\n<p>L\u00e5set best\u00e5r av 5 mm tjocka stavar tillverkade av specialh\u00e4rdat st\u00e5l, vilket ger en robust och p\u00e5litlig s\u00e4kerhetsl\u00f6sning. Stavarna \u00e4r sammanfogade med specialnitar f\u00f6r att s\u00e4kerst\u00e4lla h\u00e5llbarhet och s\u00e4kerhet.<\/p>\n<p><strong>Komplett med nycklar:<\/strong><\/p>\n<p>ABUS Bordo 9501 levereras med 2 stycken nycklar f\u00f6r enkel och bekv\u00e4m anv\u00e4ndning.<\/p>\n<p><strong>L\u00e5ng r\u00e4ckvidd:<\/strong><\/p>\n<p>Med en utstr\u00e4ckning p\u00e5 90 cm kan du s\u00e4kra din cykel p\u00e5 ett s\u00e4kert s\u00e4tt runt olika fasta f\u00f6rem\u00e5l.<\/p>\n<h2><strong>Effektivt och godk\u00e4nt vikl\u00e5s<\/strong><\/h2>\n<p>Om du letar efter ett effektivt och Varufakta-godk\u00e4nt vikl\u00e5s f\u00f6r att skydda dig mot cykeltjuvar \u00e4r Abus Bordo det perfekta valet f\u00f6r dig. F\u00e4lll\u00e5set \u00e4r enkelt att ta med p\u00e5 resan och g\u00f6r det extra sv\u00e5rt f\u00f6r tjuven att komma undan med din cykel. Vik upp l\u00e5set och l\u00e5s fast din cykel eller k\u00e4rra i ett fast f\u00f6rem\u00e5l f\u00f6r optimal s\u00e4kerhet. Kom ih\u00e5g att sm\u00f6rja l\u00e5set ofta f\u00f6r att skydda det mot rost och smuts.<\/p>\n<h2><strong>Bra att veta om Bordo\u00a0<\/strong><\/h2>\n<ul>\n<li>Flexibelt hopf\u00e4llbart l\u00e5s<\/li>\n<li>S\u00e4kerhetsniv\u00e5 10<\/li>\n<li>Total l\u00e4ngd: 90 cm<\/li>\n<li>F\u00e4rg: Svart<\/li>\n<li>Praktisk h\u00e5llare ing\u00e5r<\/li>\n<li>Varufakta godk\u00e4nd<\/li>\n<li>M\u00e5tt, hopvikt: H: 20,5 cm, B: 6,5 cm, D: 5,5 cm (Inkl. f\u00e4ste)<\/li>\n<\/ul>","protected":false},"excerpt":{"rendered":"<h2><strong>Effektivt och godk\u00e4nt vikl\u00e5s<\/strong><\/h2>\n<p>Om du letar efter ett effektivt och Varufakta-godk\u00e4nt vikl\u00e5s f\u00f6r att skydda dig mot cykeltjuvar \u00e4r Abus Bordo det perfekta valet f\u00f6r dig. F\u00e4lll\u00e5set \u00e4r enkelt att ta med p\u00e5 resan och g\u00f6r det extra sv\u00e5rt f\u00f6r tjuven att komma undan med din cykel. Vik upp l\u00e5set och l\u00e5s fast din cykel eller k\u00e4rra i ett fast f\u00f6rem\u00e5l f\u00f6r optimal s\u00e4kerhet. Kom ih\u00e5g att sm\u00f6rja l\u00e5set ofta f\u00f6r att skydda det mot rost och smuts.<\/p>\n<h2><strong>Bra att veta om Bordo\u00a0<\/strong><\/h2>\n<ul>\n<li>Flexibelt hopf\u00e4llbart l\u00e5s<\/li>\n<li>S\u00e4kerhetsniv\u00e5 10<\/li>\n<li>Total l\u00e4ngd: 90 cm<\/li>\n<li>F\u00e4rg: Svart<\/li>\n<li>Praktisk h\u00e5llare ing\u00e5r<\/li>\n<li>Varufakta godk\u00e4nd<\/li>\n<li>M\u00e5tt, hopvikt: H: 20,5 cm, B: 6,5 cm, D: 5,5 cm (Inkl. f\u00e4ste)<\/li>\n<\/ul>","protected":false},"featured_media":16642,"comment_status":"open","ping_status":"closed","template":"","meta":[],"product_cat":[162,157],"product_tag":[],"class_list":{"0":"post-16695","1":"product","2":"type-product","3":"status-publish","4":"has-post-thumbnail","6":"product_cat-bygellas","7":"product_cat-las","9":"first","10":"instock","11":"taxable","12":"shipping-taxable","13":"purchasable","14":"product-type-simple"},"yoast_head":"<!-- This site is optimized with the Yoast SEO plugin v24.1 - https:\/\/yoast.com\/wordpress\/plugins\/seo\/ -->\n<title>ABUS Vikbart Cykell\u00e5s BORDO 9501 - Frontsite<\/title>\n<meta name=\"description\" content=\"ABUS Bordo 9501 med H\u00e5llare - L\u00e4ttviktigt och Vikbart, det perfekta valet att l\u00e5sa fast l\u00f6sa f\u00f6rem\u00e5l som till exempel cyklar, vagnar, skottk\u00e4rror med mera.\" \/>\n<meta name=\"robots\" content=\"index, follow, max-snippet:-1, max-image-preview:large, max-video-preview:-1\" \/>\n<link rel=\"canonical\" href=\"https:\/\/frontsite.se\/en\/product\/abus-cykellas-bordo-9501\/\" \/>\n<meta property=\"og:locale\" content=\"en_GB\" \/>\n<meta property=\"og:type\" content=\"article\" \/>\n<meta property=\"og:title\" content=\"ABUS Vikbart Cykell\u00e5s BORDO 9501 - Frontsite\" \/>\n<meta property=\"og:description\" content=\"ABUS Bordo 9501 med H\u00e5llare - L\u00e4ttviktigt och Vikbart, det perfekta valet att l\u00e5sa fast l\u00f6sa f\u00f6rem\u00e5l som till exempel cyklar, vagnar, skottk\u00e4rror med mera.\" \/>\n<meta property=\"og:url\" content=\"https:\/\/frontsite.se\/en\/product\/abus-cykellas-bordo-9501\/\" \/>\n<meta property=\"og:site_name\" content=\"Frontsite\" \/>\n<meta property=\"article:modified_time\" content=\"2024-05-14T10:21:26+00:00\" \/>\n<meta property=\"og:image\" content=\"https:\/\/frontsite.se\/wp-content\/uploads\/2024\/05\/80397-BORDO-2-scaled.jpg\" \/>\n\t<meta property=\"og:image:width\" content=\"1837\" \/>\n\t<meta property=\"og:image:height\" content=\"2560\" \/>\n\t<meta property=\"og:image:type\" content=\"image\/jpeg\" \/>\n<meta name=\"twitter:card\" content=\"summary_large_image\" \/>\n<meta name=\"twitter:label1\" content=\"Estimated reading time\" \/>\n\t<meta name=\"twitter:data1\" content=\"2 minutes\" \/>\n<script type=\"application\/ld+json\" class=\"yoast-schema-graph\">{\"@context\":\"https:\/\/schema.org\",\"@graph\":[{\"@type\":\"WebPage\",\"@id\":\"https:\/\/frontsite.se\/produkt\/abus-cykellas-bordo-9501\/\",\"url\":\"https:\/\/frontsite.se\/produkt\/abus-cykellas-bordo-9501\/\",\"name\":\"ABUS Vikbart Cykell\u00e5s BORDO 9501 - Frontsite\",\"isPartOf\":{\"@id\":\"https:\/\/frontsite.se\/#website\"},\"primaryImageOfPage\":{\"@id\":\"https:\/\/frontsite.se\/produkt\/abus-cykellas-bordo-9501\/#primaryimage\"},\"image\":{\"@id\":\"https:\/\/frontsite.se\/produkt\/abus-cykellas-bordo-9501\/#primaryimage\"},\"thumbnailUrl\":\"https:\/\/frontsite.se\/wp-content\/uploads\/2024\/05\/80397-BORDO-2-scaled.jpg\",\"datePublished\":\"2024-05-06T08:23:26+00:00\",\"dateModified\":\"2024-05-14T10:21:26+00:00\",\"description\":\"ABUS Bordo 9501 med H\u00e5llare - L\u00e4ttviktigt och Vikbart, det perfekta valet att l\u00e5sa fast l\u00f6sa f\u00f6rem\u00e5l som till exempel cyklar, vagnar, skottk\u00e4rror med mera.\",\"breadcrumb\":{\"@id\":\"https:\/\/frontsite.se\/produkt\/abus-cykellas-bordo-9501\/#breadcrumb\"},\"inLanguage\":\"en-GB\",\"potentialAction\":[{\"@type\":\"ReadAction\",\"target\":[\"https:\/\/frontsite.se\/produkt\/abus-cykellas-bordo-9501\/\"]}]},{\"@type\":\"ImageObject\",\"inLanguage\":\"en-GB\",\"@id\":\"https:\/\/frontsite.se\/produkt\/abus-cykellas-bordo-9501\/#primaryimage\",\"url\":\"https:\/\/frontsite.se\/wp-content\/uploads\/2024\/05\/80397-BORDO-2-scaled.jpg\",\"contentUrl\":\"https:\/\/frontsite.se\/wp-content\/uploads\/2024\/05\/80397-BORDO-2-scaled.jpg\",\"width\":1837,\"height\":2560},{\"@type\":\"BreadcrumbList\",\"@id\":\"https:\/\/frontsite.se\/produkt\/abus-cykellas-bordo-9501\/#breadcrumb\",\"itemListElement\":[{\"@type\":\"ListItem\",\"position\":1,\"name\":\"Hem\",\"item\":\"https:\/\/frontsite.se\/\"},{\"@type\":\"ListItem\",\"position\":2,\"name\":\"Shop\",\"item\":\"https:\/\/frontsite.lingonbyran.se\/shop\/\"},{\"@type\":\"ListItem\",\"position\":3,\"name\":\"ABUS Vikbart Cykell\u00e5s BORDO 9501\"}]},{\"@type\":\"WebSite\",\"@id\":\"https:\/\/frontsite.se\/#website\",\"url\":\"https:\/\/frontsite.se\/\",\"name\":\"Frontsite\",\"description\":\"Expert P\u00e5 st\u00e4llningsprodukter och profilering\",\"publisher\":{\"@id\":\"https:\/\/frontsite.se\/#organization\"},\"potentialAction\":[{\"@type\":\"SearchAction\",\"target\":{\"@type\":\"EntryPoint\",\"urlTemplate\":\"https:\/\/frontsite.se\/?s={search_term_string}\"},\"query-input\":{\"@type\":\"PropertyValueSpecification\",\"valueRequired\":true,\"valueName\":\"search_term_string\"}}],\"inLanguage\":\"en-GB\"},{\"@type\":\"Organization\",\"@id\":\"https:\/\/frontsite.se\/#organization\",\"name\":\"Frontsite\",\"url\":\"https:\/\/frontsite.se\/\",\"logo\":{\"@type\":\"ImageObject\",\"inLanguage\":\"en-GB\",\"@id\":\"https:\/\/frontsite.se\/#\/schema\/logo\/image\/\",\"url\":\"https:\/\/frontsite.se\/wp-content\/uploads\/2024\/08\/Logo-Ratt-farg.png\",\"contentUrl\":\"https:\/\/frontsite.se\/wp-content\/uploads\/2024\/08\/Logo-Ratt-farg.png\",\"width\":1004,\"height\":1004,\"caption\":\"Frontsite\"},\"image\":{\"@id\":\"https:\/\/frontsite.se\/#\/schema\/logo\/image\/\"}}]}<\/script>\n<!-- \/ Yoast SEO plugin. -->","yoast_head_json":{"title":"ABUS Vikbart Cykell\u00e5s BORDO 9501 - Frontsite","description":"ABUS Bordo 9501 med H\u00e5llare - L\u00e4ttviktigt och Vikbart, det perfekta valet att l\u00e5sa fast l\u00f6sa f\u00f6rem\u00e5l som till exempel cyklar, vagnar, skottk\u00e4rror med mera.","robots":{"index":"index","follow":"follow","max-snippet":"max-snippet:-1","max-image-preview":"max-image-preview:large","max-video-preview":"max-video-preview:-1"},"canonical":"https:\/\/frontsite.se\/en\/product\/abus-cykellas-bordo-9501\/","og_locale":"en_GB","og_type":"article","og_title":"ABUS Vikbart Cykell\u00e5s BORDO 9501 - Frontsite","og_description":"ABUS Bordo 9501 med H\u00e5llare - L\u00e4ttviktigt och Vikbart, det perfekta valet att l\u00e5sa fast l\u00f6sa f\u00f6rem\u00e5l som till exempel cyklar, vagnar, skottk\u00e4rror med mera.","og_url":"https:\/\/frontsite.se\/en\/product\/abus-cykellas-bordo-9501\/","og_site_name":"Frontsite","article_modified_time":"2024-05-14T10:21:26+00:00","og_image":[{"width":1837,"height":2560,"url":"https:\/\/frontsite.se\/wp-content\/uploads\/2024\/05\/80397-BORDO-2-scaled.jpg","type":"image\/jpeg"}],"twitter_card":"summary_large_image","twitter_misc":{"Estimated reading time":"2 minutes"},"schema":{"@context":"https:\/\/schema.org","@graph":[{"@type":"WebPage","@id":"https:\/\/frontsite.se\/produkt\/abus-cykellas-bordo-9501\/","url":"https:\/\/frontsite.se\/produkt\/abus-cykellas-bordo-9501\/","name":"ABUS Vikbart Cykell\u00e5s BORDO 9501 - Frontsite","isPartOf":{"@id":"https:\/\/frontsite.se\/#website"},"primaryImageOfPage":{"@id":"https:\/\/frontsite.se\/produkt\/abus-cykellas-bordo-9501\/#primaryimage"},"image":{"@id":"https:\/\/frontsite.se\/produkt\/abus-cykellas-bordo-9501\/#primaryimage"},"thumbnailUrl":"https:\/\/frontsite.se\/wp-content\/uploads\/2024\/05\/80397-BORDO-2-scaled.jpg","datePublished":"2024-05-06T08:23:26+00:00","dateModified":"2024-05-14T10:21:26+00:00","description":"ABUS Bordo 9501 med H\u00e5llare - L\u00e4ttviktigt och Vikbart, det perfekta valet att l\u00e5sa fast l\u00f6sa f\u00f6rem\u00e5l som till exempel cyklar, vagnar, skottk\u00e4rror med mera.","breadcrumb":{"@id":"https:\/\/frontsite.se\/produkt\/abus-cykellas-bordo-9501\/#breadcrumb"},"inLanguage":"en-GB","potentialAction":[{"@type":"ReadAction","target":["https:\/\/frontsite.se\/produkt\/abus-cykellas-bordo-9501\/"]}]},{"@type":"ImageObject","inLanguage":"en-GB","@id":"https:\/\/frontsite.se\/produkt\/abus-cykellas-bordo-9501\/#primaryimage","url":"https:\/\/frontsite.se\/wp-content\/uploads\/2024\/05\/80397-BORDO-2-scaled.jpg","contentUrl":"https:\/\/frontsite.se\/wp-content\/uploads\/2024\/05\/80397-BORDO-2-scaled.jpg","width":1837,"height":2560},{"@type":"BreadcrumbList","@id":"https:\/\/frontsite.se\/produkt\/abus-cykellas-bordo-9501\/#breadcrumb","itemListElement":[{"@type":"ListItem","position":1,"name":"Hem","item":"https:\/\/frontsite.se\/"},{"@type":"ListItem","position":2,"name":"Shop","item":"https:\/\/frontsite.lingonbyran.se\/shop\/"},{"@type":"ListItem","position":3,"name":"ABUS Vikbart Cykell\u00e5s BORDO 9501"}]},{"@type":"WebSite","@id":"https:\/\/frontsite.se\/#website","url":"https:\/\/frontsite.se\/","name":"Frontsite","description":"Expert P\u00e5 st\u00e4llningsprodukter och profilering","publisher":{"@id":"https:\/\/frontsite.se\/#organization"},"potentialAction":[{"@type":"SearchAction","target":{"@type":"EntryPoint","urlTemplate":"https:\/\/frontsite.se\/?s={search_term_string}"},"query-input":{"@type":"PropertyValueSpecification","valueRequired":true,"valueName":"search_term_string"}}],"inLanguage":"en-GB"},{"@type":"Organization","@id":"https:\/\/frontsite.se\/#organization","name":"Frontsite","url":"https:\/\/frontsite.se\/","logo":{"@type":"ImageObject","inLanguage":"en-GB","@id":"https:\/\/frontsite.se\/#\/schema\/logo\/image\/","url":"https:\/\/frontsite.se\/wp-content\/uploads\/2024\/08\/Logo-Ratt-farg.png","contentUrl":"https:\/\/frontsite.se\/wp-content\/uploads\/2024\/08\/Logo-Ratt-farg.png","width":1004,"height":1004,"caption":"Frontsite"},"image":{"@id":"https:\/\/frontsite.se\/#\/schema\/logo\/image\/"}}]}},"jetpack_sharing_enabled":true,"_links":{"self":[{"href":"https:\/\/frontsite.se\/en\/wp-json\/wp\/v2\/product\/16695","targetHints":{"allow":["GET"]}}],"collection":[{"href":"https:\/\/frontsite.se\/en\/wp-json\/wp\/v2\/product"}],"about":[{"href":"https:\/\/frontsite.se\/en\/wp-json\/wp\/v2\/types\/product"}],"replies":[{"embeddable":true,"href":"https:\/\/frontsite.se\/en\/wp-json\/wp\/v2\/comments?post=16695"}],"version-history":[{"count":4,"href":"https:\/\/frontsite.se\/en\/wp-json\/wp\/v2\/product\/16695\/revisions"}],"predecessor-version":[{"id":16811,"href":"https:\/\/frontsite.se\/en\/wp-json\/wp\/v2\/product\/16695\/revisions\/16811"}],"wp:featuredmedia":[{"embeddable":true,"href":"https:\/\/frontsite.se\/en\/wp-json\/wp\/v2\/media\/16642"}],"wp:attachment":[{"href":"https:\/\/frontsite.se\/en\/wp-json\/wp\/v2\/media?parent=16695"}],"wp:term":[{"taxonomy":"product_cat","embeddable":true,"href":"https:\/\/frontsite.se\/en\/wp-json\/wp\/v2\/product_cat?post=16695"},{"taxonomy":"product_tag","embeddable":true,"href":"https:\/\/frontsite.se\/en\/wp-json\/wp\/v2\/product_tag?post=16695"}],"curies":[{"name":"wp","href":"https:\/\/api.w.org\/{rel}","templated":true}]}}