{"id":16661,"date":"2024-05-03T15:03:00","date_gmt":"2024-05-03T15:03:00","guid":{"rendered":"https:\/\/frontsite.se\/?post_type=product&#038;p=16661"},"modified":"2024-06-20T12:47:40","modified_gmt":"2024-06-20T12:47:40","slug":"abus-nyckelskap-787","status":"publish","type":"product","link":"https:\/\/frontsite.se\/en\/product\/abus-nyckelskap-787\/","title":{"rendered":"ABUS Nyckelsk\u00e5p 787"},"content":{"rendered":"<p>ABUS 08492 Key Garage 787<\/p>\n<p>\u00e4r det perfekta valet f\u00f6r f\u00f6retag som beh\u00f6ver s\u00e4ker f\u00f6rvaring av nycklar och kort. Med sitt robusta st\u00e5lh\u00f6lje skyddar den f\u00f6retagets tillg\u00e5ngar mot obeh\u00f6rig \u00e5tkomst. Nyckelsk\u00e5pet underl\u00e4ttar f\u00f6r alla som \u00e4r auktoriserad att f\u00e5 tillg\u00e5ng till nycklar n\u00e4r de beh\u00f6vs. Men \u00e4ven n\u00e4r du har exempelvis en hantverkare eller tillf\u00e4lliga g\u00e4ster. Den 4-siffriga koden g\u00f6r det enkelt att \u00e4ndra koden efter behov, vilket ger extra flexibilitet och s\u00e4kerhet f\u00f6r f\u00f6retaget.<\/p>\n<p>KeyGarage har plats f\u00f6r upp till 38 nycklar eller 30 plastkort och med sina uttagbara nyckelkrokar blir organiseringen enkel och effektiv. Den \u00e4r idealisk f\u00f6r anv\u00e4ndning i olika f\u00f6retagsmilj\u00f6er s\u00e5som kontor, verkst\u00e4der, lager och andra f\u00f6retagslokaler d\u00e4r s\u00e4ker nyckelf\u00f6rvaring \u00e4r av stor vikt.<\/p>\n<p>Enkel att montera p\u00e5 v\u00e4ggen i skyddade utomhusmilj\u00f6er, KeyGarage ger f\u00f6retaget trygghet och bekv\u00e4mlighet f\u00f6r alla anv\u00e4ndare. Ge dina f\u00f6retagstillg\u00e5ngar den s\u00e4kerhet och tillg\u00e4nglighet de f\u00f6rtj\u00e4nar med ABUS 08492 KeyGarage 787.<\/p>","protected":false},"excerpt":{"rendered":"<p>08492 KeyGarage 787<br \/>\nMed sitt robusta st\u00e5lh\u00f6je f\u00f6rvarar KeyGarage dina nycklar och kort s\u00e4kert mot obeh\u00f6riga. Den underl\u00e4ttar \u00f6vel\u00e4mning av nycklar f\u00f6r t ex, hantverkaren och sommarg\u00e4sterna. Den 4-siffriga koden g\u00e5r efter\u00e5t att \u00e4ndras smidigt. KeyGarage har plats f\u00f6r upp till 38 nycklar eller 30 plastkort. Nyckelkrokarna \u00e4r uttagbara. Monteras p\u00e5 v\u00e4ggen i skyddad utomhusmilj\u00f6.<br \/>\nAnv\u00e4ndningsomr\u00e5den:<br \/>\nStuga, bod, f\u00f6rening, grind, milj\u00f6rum, hyreshus, garage, biluthyrning, stuguthyrning, camping.<\/p>","protected":false},"featured_media":16632,"comment_status":"open","ping_status":"closed","template":"","meta":[],"product_cat":[157,163],"product_tag":[],"class_list":{"0":"post-16661","1":"product","2":"type-product","3":"status-publish","4":"has-post-thumbnail","6":"product_cat-las","7":"product_cat-nyckelskap","9":"first","10":"instock","11":"taxable","12":"shipping-taxable","13":"purchasable","14":"product-type-simple"},"yoast_head":"<!-- This site is optimized with the Yoast SEO plugin v24.1 - https:\/\/yoast.com\/wordpress\/plugins\/seo\/ -->\n<title>ABUS Nyckelsk\u00e5p 787 - Frontsite<\/title>\n<meta name=\"description\" content=\"ABUS KeyGarage 787 \u00e4r det perfekta valet f\u00f6r f\u00f6retag som beh\u00f6ver s\u00e4ker f\u00f6rvaring. Med robusta st\u00e5lh\u00f6lje skyddar den f\u00f6retagets nycklar och kort.\" \/>\n<meta name=\"robots\" content=\"index, follow, max-snippet:-1, max-image-preview:large, max-video-preview:-1\" \/>\n<link rel=\"canonical\" href=\"https:\/\/frontsite.se\/en\/product\/abus-nyckelskap-787\/\" \/>\n<meta property=\"og:locale\" content=\"en_GB\" \/>\n<meta property=\"og:type\" content=\"article\" \/>\n<meta property=\"og:title\" content=\"ABUS Nyckelsk\u00e5p 787 - Frontsite\" \/>\n<meta property=\"og:description\" content=\"ABUS KeyGarage 787 \u00e4r det perfekta valet f\u00f6r f\u00f6retag som beh\u00f6ver s\u00e4ker f\u00f6rvaring. Med robusta st\u00e5lh\u00f6lje skyddar den f\u00f6retagets nycklar och kort.\" \/>\n<meta property=\"og:url\" content=\"https:\/\/frontsite.se\/en\/product\/abus-nyckelskap-787\/\" \/>\n<meta property=\"og:site_name\" content=\"Frontsite\" \/>\n<meta property=\"article:modified_time\" content=\"2024-06-20T12:47:40+00:00\" \/>\n<meta property=\"og:image\" content=\"https:\/\/frontsite.se\/wp-content\/uploads\/2024\/05\/08492-KeyGarage-787.jpg\" \/>\n\t<meta property=\"og:image:width\" content=\"1003\" \/>\n\t<meta property=\"og:image:height\" content=\"1479\" \/>\n\t<meta property=\"og:image:type\" content=\"image\/jpeg\" \/>\n<meta name=\"twitter:card\" content=\"summary_large_image\" \/>\n<meta name=\"twitter:label1\" content=\"Estimated reading time\" \/>\n\t<meta name=\"twitter:data1\" content=\"1 minute\" \/>\n<script type=\"application\/ld+json\" class=\"yoast-schema-graph\">{\"@context\":\"https:\/\/schema.org\",\"@graph\":[{\"@type\":\"WebPage\",\"@id\":\"https:\/\/frontsite.se\/produkt\/abus-nyckelskap-787\/\",\"url\":\"https:\/\/frontsite.se\/produkt\/abus-nyckelskap-787\/\",\"name\":\"ABUS Nyckelsk\u00e5p 787 - Frontsite\",\"isPartOf\":{\"@id\":\"https:\/\/frontsite.se\/#website\"},\"primaryImageOfPage\":{\"@id\":\"https:\/\/frontsite.se\/produkt\/abus-nyckelskap-787\/#primaryimage\"},\"image\":{\"@id\":\"https:\/\/frontsite.se\/produkt\/abus-nyckelskap-787\/#primaryimage\"},\"thumbnailUrl\":\"https:\/\/frontsite.se\/wp-content\/uploads\/2024\/05\/08492-KeyGarage-787.jpg\",\"datePublished\":\"2024-05-03T15:03:00+00:00\",\"dateModified\":\"2024-06-20T12:47:40+00:00\",\"description\":\"ABUS KeyGarage 787 \u00e4r det perfekta valet f\u00f6r f\u00f6retag som beh\u00f6ver s\u00e4ker f\u00f6rvaring. Med robusta st\u00e5lh\u00f6lje skyddar den f\u00f6retagets nycklar och kort.\",\"breadcrumb\":{\"@id\":\"https:\/\/frontsite.se\/produkt\/abus-nyckelskap-787\/#breadcrumb\"},\"inLanguage\":\"en-GB\",\"potentialAction\":[{\"@type\":\"ReadAction\",\"target\":[\"https:\/\/frontsite.se\/produkt\/abus-nyckelskap-787\/\"]}]},{\"@type\":\"ImageObject\",\"inLanguage\":\"en-GB\",\"@id\":\"https:\/\/frontsite.se\/produkt\/abus-nyckelskap-787\/#primaryimage\",\"url\":\"https:\/\/frontsite.se\/wp-content\/uploads\/2024\/05\/08492-KeyGarage-787.jpg\",\"contentUrl\":\"https:\/\/frontsite.se\/wp-content\/uploads\/2024\/05\/08492-KeyGarage-787.jpg\",\"width\":1003,\"height\":1479,\"caption\":\"For 38 keys or 30 cards: In our KeyGarage\u2122 787 BIG key box you can temporarily store keys, plastic cards or smaller items.\"},{\"@type\":\"BreadcrumbList\",\"@id\":\"https:\/\/frontsite.se\/produkt\/abus-nyckelskap-787\/#breadcrumb\",\"itemListElement\":[{\"@type\":\"ListItem\",\"position\":1,\"name\":\"Hem\",\"item\":\"https:\/\/frontsite.se\/\"},{\"@type\":\"ListItem\",\"position\":2,\"name\":\"Shop\",\"item\":\"https:\/\/frontsite.lingonbyran.se\/shop\/\"},{\"@type\":\"ListItem\",\"position\":3,\"name\":\"ABUS Nyckelsk\u00e5p 787\"}]},{\"@type\":\"WebSite\",\"@id\":\"https:\/\/frontsite.se\/#website\",\"url\":\"https:\/\/frontsite.se\/\",\"name\":\"Frontsite\",\"description\":\"Expert P\u00e5 st\u00e4llningsprodukter och profilering\",\"publisher\":{\"@id\":\"https:\/\/frontsite.se\/#organization\"},\"potentialAction\":[{\"@type\":\"SearchAction\",\"target\":{\"@type\":\"EntryPoint\",\"urlTemplate\":\"https:\/\/frontsite.se\/?s={search_term_string}\"},\"query-input\":{\"@type\":\"PropertyValueSpecification\",\"valueRequired\":true,\"valueName\":\"search_term_string\"}}],\"inLanguage\":\"en-GB\"},{\"@type\":\"Organization\",\"@id\":\"https:\/\/frontsite.se\/#organization\",\"name\":\"Frontsite\",\"url\":\"https:\/\/frontsite.se\/\",\"logo\":{\"@type\":\"ImageObject\",\"inLanguage\":\"en-GB\",\"@id\":\"https:\/\/frontsite.se\/#\/schema\/logo\/image\/\",\"url\":\"https:\/\/frontsite.se\/wp-content\/uploads\/2024\/08\/Logo-Ratt-farg.png\",\"contentUrl\":\"https:\/\/frontsite.se\/wp-content\/uploads\/2024\/08\/Logo-Ratt-farg.png\",\"width\":1004,\"height\":1004,\"caption\":\"Frontsite\"},\"image\":{\"@id\":\"https:\/\/frontsite.se\/#\/schema\/logo\/image\/\"}}]}<\/script>\n<!-- \/ Yoast SEO plugin. -->","yoast_head_json":{"title":"ABUS Nyckelsk\u00e5p 787 - Frontsite","description":"ABUS KeyGarage 787 \u00e4r det perfekta valet f\u00f6r f\u00f6retag som beh\u00f6ver s\u00e4ker f\u00f6rvaring. Med robusta st\u00e5lh\u00f6lje skyddar den f\u00f6retagets nycklar och kort.","robots":{"index":"index","follow":"follow","max-snippet":"max-snippet:-1","max-image-preview":"max-image-preview:large","max-video-preview":"max-video-preview:-1"},"canonical":"https:\/\/frontsite.se\/en\/product\/abus-nyckelskap-787\/","og_locale":"en_GB","og_type":"article","og_title":"ABUS Nyckelsk\u00e5p 787 - Frontsite","og_description":"ABUS KeyGarage 787 \u00e4r det perfekta valet f\u00f6r f\u00f6retag som beh\u00f6ver s\u00e4ker f\u00f6rvaring. Med robusta st\u00e5lh\u00f6lje skyddar den f\u00f6retagets nycklar och kort.","og_url":"https:\/\/frontsite.se\/en\/product\/abus-nyckelskap-787\/","og_site_name":"Frontsite","article_modified_time":"2024-06-20T12:47:40+00:00","og_image":[{"width":1003,"height":1479,"url":"https:\/\/frontsite.se\/wp-content\/uploads\/2024\/05\/08492-KeyGarage-787.jpg","type":"image\/jpeg"}],"twitter_card":"summary_large_image","twitter_misc":{"Estimated reading time":"1 minute"},"schema":{"@context":"https:\/\/schema.org","@graph":[{"@type":"WebPage","@id":"https:\/\/frontsite.se\/produkt\/abus-nyckelskap-787\/","url":"https:\/\/frontsite.se\/produkt\/abus-nyckelskap-787\/","name":"ABUS Nyckelsk\u00e5p 787 - Frontsite","isPartOf":{"@id":"https:\/\/frontsite.se\/#website"},"primaryImageOfPage":{"@id":"https:\/\/frontsite.se\/produkt\/abus-nyckelskap-787\/#primaryimage"},"image":{"@id":"https:\/\/frontsite.se\/produkt\/abus-nyckelskap-787\/#primaryimage"},"thumbnailUrl":"https:\/\/frontsite.se\/wp-content\/uploads\/2024\/05\/08492-KeyGarage-787.jpg","datePublished":"2024-05-03T15:03:00+00:00","dateModified":"2024-06-20T12:47:40+00:00","description":"ABUS KeyGarage 787 \u00e4r det perfekta valet f\u00f6r f\u00f6retag som beh\u00f6ver s\u00e4ker f\u00f6rvaring. Med robusta st\u00e5lh\u00f6lje skyddar den f\u00f6retagets nycklar och kort.","breadcrumb":{"@id":"https:\/\/frontsite.se\/produkt\/abus-nyckelskap-787\/#breadcrumb"},"inLanguage":"en-GB","potentialAction":[{"@type":"ReadAction","target":["https:\/\/frontsite.se\/produkt\/abus-nyckelskap-787\/"]}]},{"@type":"ImageObject","inLanguage":"en-GB","@id":"https:\/\/frontsite.se\/produkt\/abus-nyckelskap-787\/#primaryimage","url":"https:\/\/frontsite.se\/wp-content\/uploads\/2024\/05\/08492-KeyGarage-787.jpg","contentUrl":"https:\/\/frontsite.se\/wp-content\/uploads\/2024\/05\/08492-KeyGarage-787.jpg","width":1003,"height":1479,"caption":"For 38 keys or 30 cards: In our KeyGarage\u2122 787 BIG key box you can temporarily store keys, plastic cards or smaller items."},{"@type":"BreadcrumbList","@id":"https:\/\/frontsite.se\/produkt\/abus-nyckelskap-787\/#breadcrumb","itemListElement":[{"@type":"ListItem","position":1,"name":"Hem","item":"https:\/\/frontsite.se\/"},{"@type":"ListItem","position":2,"name":"Shop","item":"https:\/\/frontsite.lingonbyran.se\/shop\/"},{"@type":"ListItem","position":3,"name":"ABUS Nyckelsk\u00e5p 787"}]},{"@type":"WebSite","@id":"https:\/\/frontsite.se\/#website","url":"https:\/\/frontsite.se\/","name":"Frontsite","description":"Expert P\u00e5 st\u00e4llningsprodukter och profilering","publisher":{"@id":"https:\/\/frontsite.se\/#organization"},"potentialAction":[{"@type":"SearchAction","target":{"@type":"EntryPoint","urlTemplate":"https:\/\/frontsite.se\/?s={search_term_string}"},"query-input":{"@type":"PropertyValueSpecification","valueRequired":true,"valueName":"search_term_string"}}],"inLanguage":"en-GB"},{"@type":"Organization","@id":"https:\/\/frontsite.se\/#organization","name":"Frontsite","url":"https:\/\/frontsite.se\/","logo":{"@type":"ImageObject","inLanguage":"en-GB","@id":"https:\/\/frontsite.se\/#\/schema\/logo\/image\/","url":"https:\/\/frontsite.se\/wp-content\/uploads\/2024\/08\/Logo-Ratt-farg.png","contentUrl":"https:\/\/frontsite.se\/wp-content\/uploads\/2024\/08\/Logo-Ratt-farg.png","width":1004,"height":1004,"caption":"Frontsite"},"image":{"@id":"https:\/\/frontsite.se\/#\/schema\/logo\/image\/"}}]}},"jetpack_sharing_enabled":true,"_links":{"self":[{"href":"https:\/\/frontsite.se\/en\/wp-json\/wp\/v2\/product\/16661","targetHints":{"allow":["GET"]}}],"collection":[{"href":"https:\/\/frontsite.se\/en\/wp-json\/wp\/v2\/product"}],"about":[{"href":"https:\/\/frontsite.se\/en\/wp-json\/wp\/v2\/types\/product"}],"replies":[{"embeddable":true,"href":"https:\/\/frontsite.se\/en\/wp-json\/wp\/v2\/comments?post=16661"}],"version-history":[{"count":3,"href":"https:\/\/frontsite.se\/en\/wp-json\/wp\/v2\/product\/16661\/revisions"}],"predecessor-version":[{"id":16812,"href":"https:\/\/frontsite.se\/en\/wp-json\/wp\/v2\/product\/16661\/revisions\/16812"}],"wp:featuredmedia":[{"embeddable":true,"href":"https:\/\/frontsite.se\/en\/wp-json\/wp\/v2\/media\/16632"}],"wp:attachment":[{"href":"https:\/\/frontsite.se\/en\/wp-json\/wp\/v2\/media?parent=16661"}],"wp:term":[{"taxonomy":"product_cat","embeddable":true,"href":"https:\/\/frontsite.se\/en\/wp-json\/wp\/v2\/product_cat?post=16661"},{"taxonomy":"product_tag","embeddable":true,"href":"https:\/\/frontsite.se\/en\/wp-json\/wp\/v2\/product_tag?post=16661"}],"curies":[{"name":"wp","href":"https:\/\/api.w.org\/{rel}","templated":true}]}}