{"id":16282,"date":"2024-03-28T09:43:26","date_gmt":"2024-03-28T09:43:26","guid":{"rendered":"https:\/\/frontsite.se\/?post_type=product&#038;p=16282"},"modified":"2024-03-28T09:50:06","modified_gmt":"2024-03-28T09:50:06","slug":"spannband-andror-vaderskydd","status":"publish","type":"product","link":"https:\/\/frontsite.se\/en\/product\/spannband-andror-vaderskydd\/","title":{"rendered":"Tensioning strap endless 35mm"},"content":{"rendered":"<p><img fetchpriority=\"high\" decoding=\"async\" class=\"alignnone wp-image-16283\" src=\"https:\/\/frontsite.se\/wp-content\/uploads\/2024\/03\/IMG_1761-scaled.jpg\" alt=\"\" width=\"773\" height=\"1137\" srcset=\"https:\/\/frontsite.se\/wp-content\/uploads\/2024\/03\/IMG_1761-scaled.jpg 1741w, https:\/\/frontsite.se\/wp-content\/uploads\/2024\/03\/IMG_1761-scaled-204x300.jpg 204w, https:\/\/frontsite.se\/wp-content\/uploads\/2024\/03\/IMG_1761-scaled-544x800.jpg 544w, https:\/\/frontsite.se\/wp-content\/uploads\/2024\/03\/IMG_1761-scaled-102x150.jpg 102w, https:\/\/frontsite.se\/wp-content\/uploads\/2024\/03\/IMG_1761-scaled-768x1129.jpg 768w, https:\/\/frontsite.se\/wp-content\/uploads\/2024\/03\/IMG_1761-scaled-1045x1536.jpg 1045w, https:\/\/frontsite.se\/wp-content\/uploads\/2024\/03\/IMG_1761-scaled-1393x2048.jpg 1393w, https:\/\/frontsite.se\/wp-content\/uploads\/2024\/03\/IMG_1761-scaled-700x1029.jpg 700w, https:\/\/frontsite.se\/wp-content\/uploads\/2024\/03\/IMG_1761-scaled-150x221.jpg 150w\" sizes=\"(max-width: 773px) 100vw, 773px\" \/><\/p>\n<p>Sp\u00e4nnband \u00e4ndl\u00f6st 35mm f\u00f6r v\u00e4derskyddsdukar.<\/p>\n<p><strong>Beskrivning:<\/strong> V\u00e5rt \u00e4ndl\u00f6sa sp\u00e4nnband \u00e4r den perfekta l\u00f6sningen f\u00f6r s\u00e4ker och effektiv sp\u00e4nning av material och \u00e4ndr\u00f6r f\u00f6r v\u00e4derskydd. Tillverkat av h\u00f6gkvalitativ polyester, levereras det som standard i storleken 35mm x 1,5m. Men f\u00f6r att m\u00f6ta dina unika behov kan det ocks\u00e5 specialbest\u00e4llas i \u00f6nskad l\u00e4ngd. Det medf\u00f6ljande sp\u00e4nnbandet i st\u00e5l \u00e4r ergonomiskt utformat f\u00f6r enkel anv\u00e4ndning och s\u00e4ker sp\u00e4nning.<\/p>\n<p><strong>Funktioner:<\/strong><\/p>\n<ul>\n<li><strong>H\u00f6gkvalitativt Material:<\/strong> Tillverkat av slitstark polyester f\u00f6r l\u00e5ngvarig anv\u00e4ndning och tillf\u00f6rlitlig prestanda.<\/li>\n<li><strong>Anpassningsbar L\u00e4ngd:<\/strong> Specialbest\u00e4lla i \u00f6nskad l\u00e4ngd f\u00f6r att passa din specifika applikation.<\/li>\n<li><strong>Ergonomisk Sp\u00e4nnare:<\/strong> Den robusta sp\u00e4nnaren i st\u00e5l g\u00f6r det enkelt att s\u00e4kert sp\u00e4nna materialet f\u00f6r optimalt v\u00e4derskydd.<\/li>\n<li><strong>M\u00e5ngsidig Anv\u00e4ndning:<\/strong> Perfekt f\u00f6r sp\u00e4nning av material och \u00e4ndr\u00f6r inom bygg-, transport- och f\u00f6rvaringsindustrin.<\/li>\n<\/ul>\n<p><strong>Anv\u00e4ndningsomr\u00e5den:<\/strong><\/p>\n<ul>\n<li>Bygg- och konstruktionsprojekt<\/li>\n<li>Transport och logistik<\/li>\n<li>Lagerh\u00e5llning och f\u00f6rvaring<\/li>\n<li>Utomhusanv\u00e4ndning f\u00f6r v\u00e4derskydd<\/li>\n<\/ul>\n<p>Ge dina projekt den s\u00e4kerhet och stabilitet de beh\u00f6ver med v\u00e5rt polyester sp\u00e4nnband med ergonomisk sp\u00e4nnare. Optimerat f\u00f6r effektivitet och h\u00e5llbarhet f\u00f6r en m\u00e4ngd olika anv\u00e4ndningsomr\u00e5den och applikationer.<\/p>","protected":false},"excerpt":{"rendered":"<p><img decoding=\"async\" class=\"alignnone wp-image-16283\" src=\"https:\/\/frontsite.se\/wp-content\/uploads\/2024\/03\/IMG_1761-scaled.jpg\" alt=\"\" width=\"819\" height=\"1204\" srcset=\"https:\/\/frontsite.se\/wp-content\/uploads\/2024\/03\/IMG_1761-scaled.jpg 1741w, https:\/\/frontsite.se\/wp-content\/uploads\/2024\/03\/IMG_1761-scaled-204x300.jpg 204w, https:\/\/frontsite.se\/wp-content\/uploads\/2024\/03\/IMG_1761-scaled-544x800.jpg 544w, https:\/\/frontsite.se\/wp-content\/uploads\/2024\/03\/IMG_1761-scaled-102x150.jpg 102w, https:\/\/frontsite.se\/wp-content\/uploads\/2024\/03\/IMG_1761-scaled-768x1129.jpg 768w, https:\/\/frontsite.se\/wp-content\/uploads\/2024\/03\/IMG_1761-scaled-1045x1536.jpg 1045w, https:\/\/frontsite.se\/wp-content\/uploads\/2024\/03\/IMG_1761-scaled-1393x2048.jpg 1393w, https:\/\/frontsite.se\/wp-content\/uploads\/2024\/03\/IMG_1761-scaled-700x1029.jpg 700w, https:\/\/frontsite.se\/wp-content\/uploads\/2024\/03\/IMG_1761-scaled-150x221.jpg 150w\" sizes=\"(max-width: 819px) 100vw, 819px\" \/><\/p>\n<p>Sp\u00e4nnband \u00e4ndl\u00f6st 35mm f\u00f6r v\u00e4derskyddsdukar.<\/p>\n<p><strong>Beskrivning:<\/strong> V\u00e5rt \u00e4ndl\u00f6sa sp\u00e4nnband \u00e4r den perfekta l\u00f6sningen f\u00f6r s\u00e4ker och effektiv sp\u00e4nning av material och \u00e4ndr\u00f6r f\u00f6r v\u00e4derskydd. Tillverkat av h\u00f6gkvalitativ polyester, levereras det som standard i storleken 35mm x 1,5m. Men f\u00f6r att m\u00f6ta dina unika behov kan det ocks\u00e5 specialbest\u00e4llas i \u00f6nskad l\u00e4ngd. Det medf\u00f6ljande sp\u00e4nnbandet i st\u00e5l \u00e4r ergonomiskt utformat f\u00f6r enkel anv\u00e4ndning och s\u00e4ker sp\u00e4nning.<\/p>\n<p><strong>Funktioner:<\/strong><\/p>\n<ul>\n<li><strong>H\u00f6gkvalitativt Material:<\/strong> Tillverkat av slitstark polyester f\u00f6r l\u00e5ngvarig anv\u00e4ndning och tillf\u00f6rlitlig prestanda.<\/li>\n<li><strong>Anpassningsbar L\u00e4ngd:<\/strong> Specialbest\u00e4lla i \u00f6nskad l\u00e4ngd f\u00f6r att passa din specifika applikation.<\/li>\n<li><strong>Ergonomisk Sp\u00e4nnare:<\/strong> Den robusta sp\u00e4nnaren i st\u00e5l g\u00f6r det enkelt att s\u00e4kert sp\u00e4nna materialet f\u00f6r optimalt v\u00e4derskydd.<\/li>\n<li><strong>M\u00e5ngsidig Anv\u00e4ndning:<\/strong> Perfekt f\u00f6r sp\u00e4nning av material och \u00e4ndr\u00f6r inom bygg-, transport- och f\u00f6rvaringsindustrin.<\/li>\n<\/ul>\n<p><strong>Anv\u00e4ndningsomr\u00e5den:<\/strong><\/p>\n<ul>\n<li>Bygg- och konstruktionsprojekt<\/li>\n<li>Transport och logistik<\/li>\n<li>Lagerh\u00e5llning och f\u00f6rvaring<\/li>\n<li>Utomhusanv\u00e4ndning f\u00f6r v\u00e4derskydd<\/li>\n<\/ul>\n<p>Ge dina projekt den s\u00e4kerhet och stabilitet de beh\u00f6ver med v\u00e5rt polyester sp\u00e4nnband med ergonomisk sp\u00e4nnare. Optimerat f\u00f6r effektivitet och h\u00e5llbarhet f\u00f6r en m\u00e4ngd olika anv\u00e4ndningsomr\u00e5den och applikationer.<\/p>","protected":false},"featured_media":16283,"comment_status":"open","ping_status":"closed","template":"","meta":[],"product_cat":[114,79],"product_tag":[],"class_list":{"0":"post-16282","1":"product","2":"type-product","3":"status-publish","4":"has-post-thumbnail","6":"product_cat-spannband-andlost-35mm","7":"product_cat-surrning-och-lyftredskap","9":"first","10":"instock","11":"taxable","12":"shipping-taxable","13":"product-type-simple"},"yoast_head":"<!-- This site is optimized with the Yoast SEO plugin v24.1 - https:\/\/yoast.com\/wordpress\/plugins\/seo\/ -->\n<title>Sp\u00e4nnband \u00e4ndl\u00f6st 35mm - Frontsite<\/title>\n<meta name=\"description\" content=\"Sp\u00e4nnband \u00e4ndl\u00f6st 35mm f\u00f6r v\u00e4derskyddsdukar.Beskrivning: V\u00e5rt \u00e4ndl\u00f6sa sp\u00e4nnband \u00e4r den perfekta l\u00f6sningen f\u00f6r s\u00e4ker och effektiv sp\u00e4nning av material och \u00e4ndr\u00f6r f\u00f6r v\u00e4derskydd. Tillverkat av h\u00f6gkvalitativ polyester, levereras det som standard i storleken 35mm x 1,5m. Men f\u00f6r att m\u00f6ta dina unika behov kan det ocks\u00e5 specialbest\u00e4llas i \u00f6nskad l\u00e4ngd. Det medf\u00f6ljande sp\u00e4nnbandet i st\u00e5l \u00e4r ergonomiskt utformat f\u00f6r enkel anv\u00e4ndning och s\u00e4ker sp\u00e4nning.Funktioner:H\u00f6gkvalitativt Material: Tillverkat av slitstark polyester f\u00f6r l\u00e5ngvarig anv\u00e4ndning och tillf\u00f6rlitlig prestanda.Anpassningsbar L\u00e4ngd: Specialbest\u00e4lla i \u00f6nskad l\u00e4ngd f\u00f6r att passa din specifika applikation.Ergonomisk Sp\u00e4nnare: Den robusta sp\u00e4nnaren i st\u00e5l g\u00f6r det enkelt att s\u00e4kert sp\u00e4nna materialet f\u00f6r optimalt v\u00e4derskydd.M\u00e5ngsidig Anv\u00e4ndning: Perfekt f\u00f6r sp\u00e4nning av material och \u00e4ndr\u00f6r inom bygg-, transport- och f\u00f6rvaringsindustrin.Anv\u00e4ndningsomr\u00e5den:Bygg- och konstruktionsprojektTransport och logistikLagerh\u00e5llning och f\u00f6rvaringUtomhusanv\u00e4ndning f\u00f6r v\u00e4derskyddGe dina projekt den s\u00e4kerhet och stabilitet de beh\u00f6ver med v\u00e5rt polyester sp\u00e4nnband med ergonomisk sp\u00e4nnare. Optimerat f\u00f6r effektivitet och h\u00e5llbarhet f\u00f6r en m\u00e4ngd olika anv\u00e4ndningsomr\u00e5den och applikationer.\" \/>\n<meta name=\"robots\" content=\"index, follow, max-snippet:-1, max-image-preview:large, max-video-preview:-1\" \/>\n<link rel=\"canonical\" href=\"https:\/\/frontsite.se\/en\/product\/spannband-andror-vaderskydd\/\" \/>\n<meta property=\"og:locale\" content=\"en_GB\" \/>\n<meta property=\"og:type\" content=\"article\" \/>\n<meta property=\"og:title\" content=\"Sp\u00e4nnband \u00e4ndl\u00f6st 35mm - Frontsite\" \/>\n<meta property=\"og:description\" content=\"Sp\u00e4nnband \u00e4ndl\u00f6st 35mm f\u00f6r v\u00e4derskyddsdukar.Beskrivning: V\u00e5rt \u00e4ndl\u00f6sa sp\u00e4nnband \u00e4r den perfekta l\u00f6sningen f\u00f6r s\u00e4ker och effektiv sp\u00e4nning av material och \u00e4ndr\u00f6r f\u00f6r v\u00e4derskydd. Tillverkat av h\u00f6gkvalitativ polyester, levereras det som standard i storleken 35mm x 1,5m. Men f\u00f6r att m\u00f6ta dina unika behov kan det ocks\u00e5 specialbest\u00e4llas i \u00f6nskad l\u00e4ngd. Det medf\u00f6ljande sp\u00e4nnbandet i st\u00e5l \u00e4r ergonomiskt utformat f\u00f6r enkel anv\u00e4ndning och s\u00e4ker sp\u00e4nning.Funktioner:H\u00f6gkvalitativt Material: Tillverkat av slitstark polyester f\u00f6r l\u00e5ngvarig anv\u00e4ndning och tillf\u00f6rlitlig prestanda.Anpassningsbar L\u00e4ngd: Specialbest\u00e4lla i \u00f6nskad l\u00e4ngd f\u00f6r att passa din specifika applikation.Ergonomisk Sp\u00e4nnare: Den robusta sp\u00e4nnaren i st\u00e5l g\u00f6r det enkelt att s\u00e4kert sp\u00e4nna materialet f\u00f6r optimalt v\u00e4derskydd.M\u00e5ngsidig Anv\u00e4ndning: Perfekt f\u00f6r sp\u00e4nning av material och \u00e4ndr\u00f6r inom bygg-, transport- och f\u00f6rvaringsindustrin.Anv\u00e4ndningsomr\u00e5den:Bygg- och konstruktionsprojektTransport och logistikLagerh\u00e5llning och f\u00f6rvaringUtomhusanv\u00e4ndning f\u00f6r v\u00e4derskyddGe dina projekt den s\u00e4kerhet och stabilitet de beh\u00f6ver med v\u00e5rt polyester sp\u00e4nnband med ergonomisk sp\u00e4nnare. Optimerat f\u00f6r effektivitet och h\u00e5llbarhet f\u00f6r en m\u00e4ngd olika anv\u00e4ndningsomr\u00e5den och applikationer.\" \/>\n<meta property=\"og:url\" content=\"https:\/\/frontsite.se\/en\/product\/spannband-andror-vaderskydd\/\" \/>\n<meta property=\"og:site_name\" content=\"Frontsite\" \/>\n<meta property=\"article:modified_time\" content=\"2024-03-28T09:50:06+00:00\" \/>\n<meta property=\"og:image\" content=\"https:\/\/frontsite.lingonbyran.se\/wp-content\/uploads\/2024\/03\/IMG_1761-scaled.jpg\" \/>\n\t<meta property=\"og:image:width\" content=\"1741\" \/>\n\t<meta property=\"og:image:height\" content=\"2560\" \/>\n\t<meta property=\"og:image:type\" content=\"image\/jpeg\" \/>\n<meta name=\"twitter:card\" content=\"summary_large_image\" \/>\n<meta name=\"twitter:label1\" content=\"Estimated reading time\" \/>\n\t<meta name=\"twitter:data1\" content=\"2 minutes\" \/>\n<script type=\"application\/ld+json\" class=\"yoast-schema-graph\">{\"@context\":\"https:\/\/schema.org\",\"@graph\":[{\"@type\":\"WebPage\",\"@id\":\"https:\/\/frontsite.se\/produkt\/spannband-andror-vaderskydd\/\",\"url\":\"https:\/\/frontsite.se\/produkt\/spannband-andror-vaderskydd\/\",\"name\":\"Sp\u00e4nnband \u00e4ndl\u00f6st 35mm - Frontsite\",\"isPartOf\":{\"@id\":\"https:\/\/frontsite.se\/#website\"},\"primaryImageOfPage\":{\"@id\":\"https:\/\/frontsite.se\/produkt\/spannband-andror-vaderskydd\/#primaryimage\"},\"image\":{\"@id\":\"https:\/\/frontsite.se\/produkt\/spannband-andror-vaderskydd\/#primaryimage\"},\"thumbnailUrl\":\"https:\/\/frontsite.se\/wp-content\/uploads\/2024\/03\/IMG_1761-scaled.jpg\",\"datePublished\":\"2024-03-28T09:43:26+00:00\",\"dateModified\":\"2024-03-28T09:50:06+00:00\",\"description\":\"Sp\u00e4nnband \u00e4ndl\u00f6st 35mm f\u00f6r v\u00e4derskyddsdukar.Beskrivning: V\u00e5rt \u00e4ndl\u00f6sa sp\u00e4nnband \u00e4r den perfekta l\u00f6sningen f\u00f6r s\u00e4ker och effektiv sp\u00e4nning av material och \u00e4ndr\u00f6r f\u00f6r v\u00e4derskydd. Tillverkat av h\u00f6gkvalitativ polyester, levereras det som standard i storleken 35mm x 1,5m. Men f\u00f6r att m\u00f6ta dina unika behov kan det ocks\u00e5 specialbest\u00e4llas i \u00f6nskad l\u00e4ngd. Det medf\u00f6ljande sp\u00e4nnbandet i st\u00e5l \u00e4r ergonomiskt utformat f\u00f6r enkel anv\u00e4ndning och s\u00e4ker sp\u00e4nning.Funktioner:H\u00f6gkvalitativt Material: Tillverkat av slitstark polyester f\u00f6r l\u00e5ngvarig anv\u00e4ndning och tillf\u00f6rlitlig prestanda.Anpassningsbar L\u00e4ngd: Specialbest\u00e4lla i \u00f6nskad l\u00e4ngd f\u00f6r att passa din specifika applikation.Ergonomisk Sp\u00e4nnare: Den robusta sp\u00e4nnaren i st\u00e5l g\u00f6r det enkelt att s\u00e4kert sp\u00e4nna materialet f\u00f6r optimalt v\u00e4derskydd.M\u00e5ngsidig Anv\u00e4ndning: Perfekt f\u00f6r sp\u00e4nning av material och \u00e4ndr\u00f6r inom bygg-, transport- och f\u00f6rvaringsindustrin.Anv\u00e4ndningsomr\u00e5den:Bygg- och konstruktionsprojektTransport och logistikLagerh\u00e5llning och f\u00f6rvaringUtomhusanv\u00e4ndning f\u00f6r v\u00e4derskyddGe dina projekt den s\u00e4kerhet och stabilitet de beh\u00f6ver med v\u00e5rt polyester sp\u00e4nnband med ergonomisk sp\u00e4nnare. Optimerat f\u00f6r effektivitet och h\u00e5llbarhet f\u00f6r en m\u00e4ngd olika anv\u00e4ndningsomr\u00e5den och applikationer.\",\"breadcrumb\":{\"@id\":\"https:\/\/frontsite.se\/produkt\/spannband-andror-vaderskydd\/#breadcrumb\"},\"inLanguage\":\"en-GB\",\"potentialAction\":[{\"@type\":\"ReadAction\",\"target\":[\"https:\/\/frontsite.se\/produkt\/spannband-andror-vaderskydd\/\"]}]},{\"@type\":\"ImageObject\",\"inLanguage\":\"en-GB\",\"@id\":\"https:\/\/frontsite.se\/produkt\/spannband-andror-vaderskydd\/#primaryimage\",\"url\":\"https:\/\/frontsite.se\/wp-content\/uploads\/2024\/03\/IMG_1761-scaled.jpg\",\"contentUrl\":\"https:\/\/frontsite.se\/wp-content\/uploads\/2024\/03\/IMG_1761-scaled.jpg\",\"width\":1741,\"height\":2560},{\"@type\":\"BreadcrumbList\",\"@id\":\"https:\/\/frontsite.se\/produkt\/spannband-andror-vaderskydd\/#breadcrumb\",\"itemListElement\":[{\"@type\":\"ListItem\",\"position\":1,\"name\":\"Hem\",\"item\":\"https:\/\/frontsite.se\/\"},{\"@type\":\"ListItem\",\"position\":2,\"name\":\"Shop\",\"item\":\"https:\/\/frontsite.lingonbyran.se\/shop\/\"},{\"@type\":\"ListItem\",\"position\":3,\"name\":\"Sp\u00e4nnband \u00e4ndl\u00f6st 35mm\"}]},{\"@type\":\"WebSite\",\"@id\":\"https:\/\/frontsite.se\/#website\",\"url\":\"https:\/\/frontsite.se\/\",\"name\":\"Frontsite\",\"description\":\"Expert P\u00e5 st\u00e4llningsprodukter och profilering\",\"publisher\":{\"@id\":\"https:\/\/frontsite.se\/#organization\"},\"potentialAction\":[{\"@type\":\"SearchAction\",\"target\":{\"@type\":\"EntryPoint\",\"urlTemplate\":\"https:\/\/frontsite.se\/?s={search_term_string}\"},\"query-input\":{\"@type\":\"PropertyValueSpecification\",\"valueRequired\":true,\"valueName\":\"search_term_string\"}}],\"inLanguage\":\"en-GB\"},{\"@type\":\"Organization\",\"@id\":\"https:\/\/frontsite.se\/#organization\",\"name\":\"Frontsite\",\"url\":\"https:\/\/frontsite.se\/\",\"logo\":{\"@type\":\"ImageObject\",\"inLanguage\":\"en-GB\",\"@id\":\"https:\/\/frontsite.se\/#\/schema\/logo\/image\/\",\"url\":\"https:\/\/frontsite.se\/wp-content\/uploads\/2024\/08\/Logo-Ratt-farg.png\",\"contentUrl\":\"https:\/\/frontsite.se\/wp-content\/uploads\/2024\/08\/Logo-Ratt-farg.png\",\"width\":1004,\"height\":1004,\"caption\":\"Frontsite\"},\"image\":{\"@id\":\"https:\/\/frontsite.se\/#\/schema\/logo\/image\/\"}}]}<\/script>\n<!-- \/ Yoast SEO plugin. -->","yoast_head_json":{"title":"Sp\u00e4nnband \u00e4ndl\u00f6st 35mm - Frontsite","description":"Sp\u00e4nnband \u00e4ndl\u00f6st 35mm f\u00f6r v\u00e4derskyddsdukar.Beskrivning: V\u00e5rt \u00e4ndl\u00f6sa sp\u00e4nnband \u00e4r den perfekta l\u00f6sningen f\u00f6r s\u00e4ker och effektiv sp\u00e4nning av material och \u00e4ndr\u00f6r f\u00f6r v\u00e4derskydd. Tillverkat av h\u00f6gkvalitativ polyester, levereras det som standard i storleken 35mm x 1,5m. Men f\u00f6r att m\u00f6ta dina unika behov kan det ocks\u00e5 specialbest\u00e4llas i \u00f6nskad l\u00e4ngd. Det medf\u00f6ljande sp\u00e4nnbandet i st\u00e5l \u00e4r ergonomiskt utformat f\u00f6r enkel anv\u00e4ndning och s\u00e4ker sp\u00e4nning.Funktioner:H\u00f6gkvalitativt Material: Tillverkat av slitstark polyester f\u00f6r l\u00e5ngvarig anv\u00e4ndning och tillf\u00f6rlitlig prestanda.Anpassningsbar L\u00e4ngd: Specialbest\u00e4lla i \u00f6nskad l\u00e4ngd f\u00f6r att passa din specifika applikation.Ergonomisk Sp\u00e4nnare: Den robusta sp\u00e4nnaren i st\u00e5l g\u00f6r det enkelt att s\u00e4kert sp\u00e4nna materialet f\u00f6r optimalt v\u00e4derskydd.M\u00e5ngsidig Anv\u00e4ndning: Perfekt f\u00f6r sp\u00e4nning av material och \u00e4ndr\u00f6r inom bygg-, transport- och f\u00f6rvaringsindustrin.Anv\u00e4ndningsomr\u00e5den:Bygg- och konstruktionsprojektTransport och logistikLagerh\u00e5llning och f\u00f6rvaringUtomhusanv\u00e4ndning f\u00f6r v\u00e4derskyddGe dina projekt den s\u00e4kerhet och stabilitet de beh\u00f6ver med v\u00e5rt polyester sp\u00e4nnband med ergonomisk sp\u00e4nnare. Optimerat f\u00f6r effektivitet och h\u00e5llbarhet f\u00f6r en m\u00e4ngd olika anv\u00e4ndningsomr\u00e5den och applikationer.","robots":{"index":"index","follow":"follow","max-snippet":"max-snippet:-1","max-image-preview":"max-image-preview:large","max-video-preview":"max-video-preview:-1"},"canonical":"https:\/\/frontsite.se\/en\/product\/spannband-andror-vaderskydd\/","og_locale":"en_GB","og_type":"article","og_title":"Sp\u00e4nnband \u00e4ndl\u00f6st 35mm - Frontsite","og_description":"Sp\u00e4nnband \u00e4ndl\u00f6st 35mm f\u00f6r v\u00e4derskyddsdukar.Beskrivning: V\u00e5rt \u00e4ndl\u00f6sa sp\u00e4nnband \u00e4r den perfekta l\u00f6sningen f\u00f6r s\u00e4ker och effektiv sp\u00e4nning av material och \u00e4ndr\u00f6r f\u00f6r v\u00e4derskydd. Tillverkat av h\u00f6gkvalitativ polyester, levereras det som standard i storleken 35mm x 1,5m. Men f\u00f6r att m\u00f6ta dina unika behov kan det ocks\u00e5 specialbest\u00e4llas i \u00f6nskad l\u00e4ngd. Det medf\u00f6ljande sp\u00e4nnbandet i st\u00e5l \u00e4r ergonomiskt utformat f\u00f6r enkel anv\u00e4ndning och s\u00e4ker sp\u00e4nning.Funktioner:H\u00f6gkvalitativt Material: Tillverkat av slitstark polyester f\u00f6r l\u00e5ngvarig anv\u00e4ndning och tillf\u00f6rlitlig prestanda.Anpassningsbar L\u00e4ngd: Specialbest\u00e4lla i \u00f6nskad l\u00e4ngd f\u00f6r att passa din specifika applikation.Ergonomisk Sp\u00e4nnare: Den robusta sp\u00e4nnaren i st\u00e5l g\u00f6r det enkelt att s\u00e4kert sp\u00e4nna materialet f\u00f6r optimalt v\u00e4derskydd.M\u00e5ngsidig Anv\u00e4ndning: Perfekt f\u00f6r sp\u00e4nning av material och \u00e4ndr\u00f6r inom bygg-, transport- och f\u00f6rvaringsindustrin.Anv\u00e4ndningsomr\u00e5den:Bygg- och konstruktionsprojektTransport och logistikLagerh\u00e5llning och f\u00f6rvaringUtomhusanv\u00e4ndning f\u00f6r v\u00e4derskyddGe dina projekt den s\u00e4kerhet och stabilitet de beh\u00f6ver med v\u00e5rt polyester sp\u00e4nnband med ergonomisk sp\u00e4nnare. Optimerat f\u00f6r effektivitet och h\u00e5llbarhet f\u00f6r en m\u00e4ngd olika anv\u00e4ndningsomr\u00e5den och applikationer.","og_url":"https:\/\/frontsite.se\/en\/product\/spannband-andror-vaderskydd\/","og_site_name":"Frontsite","article_modified_time":"2024-03-28T09:50:06+00:00","og_image":[{"width":1741,"height":2560,"url":"https:\/\/frontsite.lingonbyran.se\/wp-content\/uploads\/2024\/03\/IMG_1761-scaled.jpg","type":"image\/jpeg"}],"twitter_card":"summary_large_image","twitter_misc":{"Estimated reading time":"2 minutes"},"schema":{"@context":"https:\/\/schema.org","@graph":[{"@type":"WebPage","@id":"https:\/\/frontsite.se\/produkt\/spannband-andror-vaderskydd\/","url":"https:\/\/frontsite.se\/produkt\/spannband-andror-vaderskydd\/","name":"Sp\u00e4nnband \u00e4ndl\u00f6st 35mm - Frontsite","isPartOf":{"@id":"https:\/\/frontsite.se\/#website"},"primaryImageOfPage":{"@id":"https:\/\/frontsite.se\/produkt\/spannband-andror-vaderskydd\/#primaryimage"},"image":{"@id":"https:\/\/frontsite.se\/produkt\/spannband-andror-vaderskydd\/#primaryimage"},"thumbnailUrl":"https:\/\/frontsite.se\/wp-content\/uploads\/2024\/03\/IMG_1761-scaled.jpg","datePublished":"2024-03-28T09:43:26+00:00","dateModified":"2024-03-28T09:50:06+00:00","description":"Sp\u00e4nnband \u00e4ndl\u00f6st 35mm f\u00f6r v\u00e4derskyddsdukar.Beskrivning: V\u00e5rt \u00e4ndl\u00f6sa sp\u00e4nnband \u00e4r den perfekta l\u00f6sningen f\u00f6r s\u00e4ker och effektiv sp\u00e4nning av material och \u00e4ndr\u00f6r f\u00f6r v\u00e4derskydd. Tillverkat av h\u00f6gkvalitativ polyester, levereras det som standard i storleken 35mm x 1,5m. Men f\u00f6r att m\u00f6ta dina unika behov kan det ocks\u00e5 specialbest\u00e4llas i \u00f6nskad l\u00e4ngd. Det medf\u00f6ljande sp\u00e4nnbandet i st\u00e5l \u00e4r ergonomiskt utformat f\u00f6r enkel anv\u00e4ndning och s\u00e4ker sp\u00e4nning.Funktioner:H\u00f6gkvalitativt Material: Tillverkat av slitstark polyester f\u00f6r l\u00e5ngvarig anv\u00e4ndning och tillf\u00f6rlitlig prestanda.Anpassningsbar L\u00e4ngd: Specialbest\u00e4lla i \u00f6nskad l\u00e4ngd f\u00f6r att passa din specifika applikation.Ergonomisk Sp\u00e4nnare: Den robusta sp\u00e4nnaren i st\u00e5l g\u00f6r det enkelt att s\u00e4kert sp\u00e4nna materialet f\u00f6r optimalt v\u00e4derskydd.M\u00e5ngsidig Anv\u00e4ndning: Perfekt f\u00f6r sp\u00e4nning av material och \u00e4ndr\u00f6r inom bygg-, transport- och f\u00f6rvaringsindustrin.Anv\u00e4ndningsomr\u00e5den:Bygg- och konstruktionsprojektTransport och logistikLagerh\u00e5llning och f\u00f6rvaringUtomhusanv\u00e4ndning f\u00f6r v\u00e4derskyddGe dina projekt den s\u00e4kerhet och stabilitet de beh\u00f6ver med v\u00e5rt polyester sp\u00e4nnband med ergonomisk sp\u00e4nnare. Optimerat f\u00f6r effektivitet och h\u00e5llbarhet f\u00f6r en m\u00e4ngd olika anv\u00e4ndningsomr\u00e5den och applikationer.","breadcrumb":{"@id":"https:\/\/frontsite.se\/produkt\/spannband-andror-vaderskydd\/#breadcrumb"},"inLanguage":"en-GB","potentialAction":[{"@type":"ReadAction","target":["https:\/\/frontsite.se\/produkt\/spannband-andror-vaderskydd\/"]}]},{"@type":"ImageObject","inLanguage":"en-GB","@id":"https:\/\/frontsite.se\/produkt\/spannband-andror-vaderskydd\/#primaryimage","url":"https:\/\/frontsite.se\/wp-content\/uploads\/2024\/03\/IMG_1761-scaled.jpg","contentUrl":"https:\/\/frontsite.se\/wp-content\/uploads\/2024\/03\/IMG_1761-scaled.jpg","width":1741,"height":2560},{"@type":"BreadcrumbList","@id":"https:\/\/frontsite.se\/produkt\/spannband-andror-vaderskydd\/#breadcrumb","itemListElement":[{"@type":"ListItem","position":1,"name":"Hem","item":"https:\/\/frontsite.se\/"},{"@type":"ListItem","position":2,"name":"Shop","item":"https:\/\/frontsite.lingonbyran.se\/shop\/"},{"@type":"ListItem","position":3,"name":"Sp\u00e4nnband \u00e4ndl\u00f6st 35mm"}]},{"@type":"WebSite","@id":"https:\/\/frontsite.se\/#website","url":"https:\/\/frontsite.se\/","name":"Frontsite","description":"Expert P\u00e5 st\u00e4llningsprodukter och profilering","publisher":{"@id":"https:\/\/frontsite.se\/#organization"},"potentialAction":[{"@type":"SearchAction","target":{"@type":"EntryPoint","urlTemplate":"https:\/\/frontsite.se\/?s={search_term_string}"},"query-input":{"@type":"PropertyValueSpecification","valueRequired":true,"valueName":"search_term_string"}}],"inLanguage":"en-GB"},{"@type":"Organization","@id":"https:\/\/frontsite.se\/#organization","name":"Frontsite","url":"https:\/\/frontsite.se\/","logo":{"@type":"ImageObject","inLanguage":"en-GB","@id":"https:\/\/frontsite.se\/#\/schema\/logo\/image\/","url":"https:\/\/frontsite.se\/wp-content\/uploads\/2024\/08\/Logo-Ratt-farg.png","contentUrl":"https:\/\/frontsite.se\/wp-content\/uploads\/2024\/08\/Logo-Ratt-farg.png","width":1004,"height":1004,"caption":"Frontsite"},"image":{"@id":"https:\/\/frontsite.se\/#\/schema\/logo\/image\/"}}]}},"jetpack_sharing_enabled":true,"_links":{"self":[{"href":"https:\/\/frontsite.se\/en\/wp-json\/wp\/v2\/product\/16282","targetHints":{"allow":["GET"]}}],"collection":[{"href":"https:\/\/frontsite.se\/en\/wp-json\/wp\/v2\/product"}],"about":[{"href":"https:\/\/frontsite.se\/en\/wp-json\/wp\/v2\/types\/product"}],"replies":[{"embeddable":true,"href":"https:\/\/frontsite.se\/en\/wp-json\/wp\/v2\/comments?post=16282"}],"version-history":[{"count":5,"href":"https:\/\/frontsite.se\/en\/wp-json\/wp\/v2\/product\/16282\/revisions"}],"predecessor-version":[{"id":16288,"href":"https:\/\/frontsite.se\/en\/wp-json\/wp\/v2\/product\/16282\/revisions\/16288"}],"wp:featuredmedia":[{"embeddable":true,"href":"https:\/\/frontsite.se\/en\/wp-json\/wp\/v2\/media\/16283"}],"wp:attachment":[{"href":"https:\/\/frontsite.se\/en\/wp-json\/wp\/v2\/media?parent=16282"}],"wp:term":[{"taxonomy":"product_cat","embeddable":true,"href":"https:\/\/frontsite.se\/en\/wp-json\/wp\/v2\/product_cat?post=16282"},{"taxonomy":"product_tag","embeddable":true,"href":"https:\/\/frontsite.se\/en\/wp-json\/wp\/v2\/product_tag?post=16282"}],"curies":[{"name":"wp","href":"https:\/\/api.w.org\/{rel}","templated":true}]}}