{"id":15991,"date":"2024-03-12T07:52:27","date_gmt":"2024-03-12T07:52:27","guid":{"rendered":"https:\/\/frontsite.se\/?post_type=product&#038;p=15991"},"modified":"2025-03-10T08:14:22","modified_gmt":"2025-03-10T08:14:22","slug":"varmepistol-ripack-3000-2","status":"publish","type":"product","link":"https:\/\/frontsite.se\/en\/product\/varmepistol-ripack-3000-2\/","title":{"rendered":"Heat gun Ripack 3000 +"},"content":{"rendered":"<p>Ripack 3000+ \u00e4r den ultimata v\u00e4rmepistolen f\u00f6r alla dina krympfilmsbehov, vare sig det handlar om att t\u00e4cka byggst\u00e4llningar, b\u00e5tar, pallar eller liknande. Med sin exceptionella ergonomiska design \u00e4r den l\u00e4tthanterlig och bekv\u00e4m att anv\u00e4nda. Den patenterade teknologin i munstycket h\u00e5ller det svalt under anv\u00e4ndning, vilket inte bara g\u00f6r den s\u00e4krare utan ocks\u00e5 enklare att arbeta med.<\/p>\n<p>Det \u00e4r den mest flexibla och kraftfulla v\u00e4rmepistolen i v\u00e5rt sortiment. Utrustad med modul\u00e4r kraft \u00e4r den idealisk f\u00f6r intensiv anv\u00e4ndning och \u00e4r konstruerad f\u00f6r att integreras med v\u00e5rt f\u00f6rl\u00e4ngningssystem. Den h\u00f6ga prestandan hos denna v\u00e4rmepistol garanterar snabba och effektiva arbetsprocesser. Den \u00e4r anv\u00e4ndbar \u00f6verallt och enkel att hantera.<\/p>\n<p>Den korta och stabila l\u00e5gan s\u00e4kerst\u00e4ller precision och optimal s\u00e4kerhet, vilket f\u00f6rst\u00e4rks av det patenterade kylmunstyckessystemet och s\u00e4kerhetspackets gaskontroll. Oavsett terr\u00e4ng f\u00f6ljer den dig, fr\u00e5n pallplastning till byggplastning, b\u00e5t\u00f6vervintring och skydd av stora industriella volymer.<\/p>\n<p>Dessa verktyg anv\u00e4nds i en m\u00e4ngd olika sektorer, inklusive bygg, livsmedelsf\u00f6r\u00e4dling och transport\/logistik. Med Ripack 3000 \u00e4r du rustad f\u00f6r alla kr\u00e4vande krympfilmstill\u00e4mpningar.<\/p>","protected":false},"excerpt":{"rendered":"<p><img fetchpriority=\"high\" decoding=\"async\" class=\"alignnone size-full wp-image-15994\" src=\"https:\/\/frontsite.se\/wp-content\/uploads\/2024\/03\/1.-R3000-10-years-warranty.png\" alt=\"\" width=\"7694\" height=\"5947\" \/><\/p>\n<p>Ripack 3000+ \u00e4r den ultimata v\u00e4rmepistolen f\u00f6r alla dina krympfilmsbehov, vare sig det handlar om att t\u00e4cka byggst\u00e4llningar, b\u00e5tar, pallar eller liknande. Med sin exceptionella ergonomiska design \u00e4r den l\u00e4tthanterlig och bekv\u00e4m att anv\u00e4nda. Den patenterade teknologin i munstycket h\u00e5ller det svalt under anv\u00e4ndning, vilket inte bara g\u00f6r den s\u00e4krare utan ocks\u00e5 enklare att arbeta med.<\/p>\n<p>Det \u00e4r den mest flexibla och kraftfulla v\u00e4rmepistolen i v\u00e5rt sortiment. Utrustad med modul\u00e4r kraft \u00e4r den idealisk f\u00f6r intensiv anv\u00e4ndning och \u00e4r konstruerad f\u00f6r att integreras med v\u00e5rt f\u00f6rl\u00e4ngningssystem. Den h\u00f6ga prestandan hos denna v\u00e4rmepistol garanterar snabba och effektiva arbetsprocesser. Den \u00e4r anv\u00e4ndbar \u00f6verallt och enkel att hantera.<\/p>\n<p>Den korta och stabila l\u00e5gan s\u00e4kerst\u00e4ller precision och optimal s\u00e4kerhet, vilket f\u00f6rst\u00e4rks av det patenterade kylmunstyckessystemet och s\u00e4kerhetspackets gaskontroll. Oavsett terr\u00e4ng f\u00f6ljer den dig, fr\u00e5n pallplastning till byggplastning, b\u00e5t\u00f6vervintring och skydd av stora industriella volymer.<\/p>\n<p>Dessa verktyg anv\u00e4nds i en m\u00e4ngd olika sektorer, inklusive bygg, livsmedelsf\u00f6r\u00e4dling och transport\/logistik. Med Ripack 3000 \u00e4r du rustad f\u00f6r alla kr\u00e4vande krympfilmstill\u00e4mpningar.<\/p>","protected":false},"featured_media":16007,"comment_status":"open","ping_status":"closed","template":"","meta":[],"product_cat":[76,77],"product_tag":[],"class_list":{"0":"post-15991","1":"product","2":"type-product","3":"status-publish","4":"has-post-thumbnail","6":"product_cat-krympplast-tillbehor","7":"product_cat-varmepistol","9":"first","10":"instock","11":"taxable","12":"shipping-taxable","13":"purchasable","14":"product-type-simple"},"yoast_head":"<!-- This site is optimized with the Yoast SEO plugin v24.1 - https:\/\/yoast.com\/wordpress\/plugins\/seo\/ -->\n<title>V\u00e4rmepistol Ripack 3000 + - Frontsite<\/title>\n<meta name=\"description\" content=\"Ripack 3000 \u00e4r den ultimata v\u00e4rmepistolen f\u00f6r alla dina krympfilmsbehov, vare sig det handlar om att t\u00e4cka byggst\u00e4llningar, b\u00e5tar, pallar eller liknande. Med sin exceptionella ergonomiska design \u00e4r den l\u00e4tthanterlig och bekv\u00e4m att anv\u00e4nda. Den patenterade teknologin i munstycket h\u00e5ller det svalt under anv\u00e4ndning, vilket inte bara g\u00f6r den s\u00e4krare utan ocks\u00e5 enklare att arbeta med.Det \u00e4r den mest flexibla och kraftfulla v\u00e4rmepistolen i v\u00e5rt sortiment. Utrustad med modul\u00e4r kraft \u00e4r den idealisk f\u00f6r intensiv anv\u00e4ndning och \u00e4r konstruerad f\u00f6r att integreras med v\u00e5rt f\u00f6rl\u00e4ngningssystem. Den h\u00f6ga prestandan hos denna v\u00e4rmepistol garanterar snabba och effektiva arbetsprocesser. Den \u00e4r anv\u00e4ndbar \u00f6verallt och enkel att hantera.Den korta och stabila l\u00e5gan s\u00e4kerst\u00e4ller precision och optimal s\u00e4kerhet, vilket f\u00f6rst\u00e4rks av det patenterade kylmunstyckessystemet och s\u00e4kerhetspackets gaskontroll. Oavsett terr\u00e4ng f\u00f6ljer den dig, fr\u00e5n pallplastning till byggplastning, b\u00e5t\u00f6vervintring och skydd av stora industriella volymer.Dessa verktyg anv\u00e4nds i en m\u00e4ngd olika sektorer, inklusive bygg, livsmedelsf\u00f6r\u00e4dling och transport\/logistik. Med Ripack 3000 \u00e4r du rustad f\u00f6r alla kr\u00e4vande krympfilmstill\u00e4mpningar.\" \/>\n<meta name=\"robots\" content=\"index, follow, max-snippet:-1, max-image-preview:large, max-video-preview:-1\" \/>\n<link rel=\"canonical\" href=\"https:\/\/frontsite.se\/en\/product\/varmepistol-ripack-3000-2\/\" \/>\n<meta property=\"og:locale\" content=\"en_GB\" \/>\n<meta property=\"og:type\" content=\"article\" \/>\n<meta property=\"og:title\" content=\"V\u00e4rmepistol Ripack 3000 + - Frontsite\" \/>\n<meta property=\"og:description\" content=\"Ripack 3000 \u00e4r den ultimata v\u00e4rmepistolen f\u00f6r alla dina krympfilmsbehov, vare sig det handlar om att t\u00e4cka byggst\u00e4llningar, b\u00e5tar, pallar eller liknande. Med sin exceptionella ergonomiska design \u00e4r den l\u00e4tthanterlig och bekv\u00e4m att anv\u00e4nda. Den patenterade teknologin i munstycket h\u00e5ller det svalt under anv\u00e4ndning, vilket inte bara g\u00f6r den s\u00e4krare utan ocks\u00e5 enklare att arbeta med.Det \u00e4r den mest flexibla och kraftfulla v\u00e4rmepistolen i v\u00e5rt sortiment. Utrustad med modul\u00e4r kraft \u00e4r den idealisk f\u00f6r intensiv anv\u00e4ndning och \u00e4r konstruerad f\u00f6r att integreras med v\u00e5rt f\u00f6rl\u00e4ngningssystem. Den h\u00f6ga prestandan hos denna v\u00e4rmepistol garanterar snabba och effektiva arbetsprocesser. Den \u00e4r anv\u00e4ndbar \u00f6verallt och enkel att hantera.Den korta och stabila l\u00e5gan s\u00e4kerst\u00e4ller precision och optimal s\u00e4kerhet, vilket f\u00f6rst\u00e4rks av det patenterade kylmunstyckessystemet och s\u00e4kerhetspackets gaskontroll. Oavsett terr\u00e4ng f\u00f6ljer den dig, fr\u00e5n pallplastning till byggplastning, b\u00e5t\u00f6vervintring och skydd av stora industriella volymer.Dessa verktyg anv\u00e4nds i en m\u00e4ngd olika sektorer, inklusive bygg, livsmedelsf\u00f6r\u00e4dling och transport\/logistik. Med Ripack 3000 \u00e4r du rustad f\u00f6r alla kr\u00e4vande krympfilmstill\u00e4mpningar.\" \/>\n<meta property=\"og:url\" content=\"https:\/\/frontsite.se\/en\/product\/varmepistol-ripack-3000-2\/\" \/>\n<meta property=\"og:site_name\" content=\"Frontsite\" \/>\n<meta property=\"article:modified_time\" content=\"2025-03-10T08:14:22+00:00\" \/>\n<meta property=\"og:image\" content=\"https:\/\/frontsite.se\/wp-content\/uploads\/2024\/03\/9.-R3000-tool-bag-scaled.jpg\" \/>\n\t<meta property=\"og:image:width\" content=\"2560\" \/>\n\t<meta property=\"og:image:height\" content=\"1622\" \/>\n\t<meta property=\"og:image:type\" content=\"image\/jpeg\" \/>\n<meta name=\"twitter:card\" content=\"summary_large_image\" \/>\n<meta name=\"twitter:label1\" content=\"Estimated reading time\" \/>\n\t<meta name=\"twitter:data1\" content=\"2 minutes\" \/>\n<script type=\"application\/ld+json\" class=\"yoast-schema-graph\">{\"@context\":\"https:\/\/schema.org\",\"@graph\":[{\"@type\":\"WebPage\",\"@id\":\"https:\/\/frontsite.se\/produkt\/varmepistol-ripack-3000-2\/\",\"url\":\"https:\/\/frontsite.se\/produkt\/varmepistol-ripack-3000-2\/\",\"name\":\"V\u00e4rmepistol Ripack 3000 + - Frontsite\",\"isPartOf\":{\"@id\":\"https:\/\/frontsite.se\/#website\"},\"primaryImageOfPage\":{\"@id\":\"https:\/\/frontsite.se\/produkt\/varmepistol-ripack-3000-2\/#primaryimage\"},\"image\":{\"@id\":\"https:\/\/frontsite.se\/produkt\/varmepistol-ripack-3000-2\/#primaryimage\"},\"thumbnailUrl\":\"https:\/\/frontsite.se\/wp-content\/uploads\/2024\/03\/9.-R3000-tool-bag-scaled.jpg\",\"datePublished\":\"2024-03-12T07:52:27+00:00\",\"dateModified\":\"2025-03-10T08:14:22+00:00\",\"description\":\"Ripack 3000 \u00e4r den ultimata v\u00e4rmepistolen f\u00f6r alla dina krympfilmsbehov, vare sig det handlar om att t\u00e4cka byggst\u00e4llningar, b\u00e5tar, pallar eller liknande. Med sin exceptionella ergonomiska design \u00e4r den l\u00e4tthanterlig och bekv\u00e4m att anv\u00e4nda. Den patenterade teknologin i munstycket h\u00e5ller det svalt under anv\u00e4ndning, vilket inte bara g\u00f6r den s\u00e4krare utan ocks\u00e5 enklare att arbeta med.Det \u00e4r den mest flexibla och kraftfulla v\u00e4rmepistolen i v\u00e5rt sortiment. Utrustad med modul\u00e4r kraft \u00e4r den idealisk f\u00f6r intensiv anv\u00e4ndning och \u00e4r konstruerad f\u00f6r att integreras med v\u00e5rt f\u00f6rl\u00e4ngningssystem. Den h\u00f6ga prestandan hos denna v\u00e4rmepistol garanterar snabba och effektiva arbetsprocesser. Den \u00e4r anv\u00e4ndbar \u00f6verallt och enkel att hantera.Den korta och stabila l\u00e5gan s\u00e4kerst\u00e4ller precision och optimal s\u00e4kerhet, vilket f\u00f6rst\u00e4rks av det patenterade kylmunstyckessystemet och s\u00e4kerhetspackets gaskontroll. Oavsett terr\u00e4ng f\u00f6ljer den dig, fr\u00e5n pallplastning till byggplastning, b\u00e5t\u00f6vervintring och skydd av stora industriella volymer.Dessa verktyg anv\u00e4nds i en m\u00e4ngd olika sektorer, inklusive bygg, livsmedelsf\u00f6r\u00e4dling och transport\/logistik. Med Ripack 3000 \u00e4r du rustad f\u00f6r alla kr\u00e4vande krympfilmstill\u00e4mpningar.\",\"breadcrumb\":{\"@id\":\"https:\/\/frontsite.se\/produkt\/varmepistol-ripack-3000-2\/#breadcrumb\"},\"inLanguage\":\"en-GB\",\"potentialAction\":[{\"@type\":\"ReadAction\",\"target\":[\"https:\/\/frontsite.se\/produkt\/varmepistol-ripack-3000-2\/\"]}]},{\"@type\":\"ImageObject\",\"inLanguage\":\"en-GB\",\"@id\":\"https:\/\/frontsite.se\/produkt\/varmepistol-ripack-3000-2\/#primaryimage\",\"url\":\"https:\/\/frontsite.se\/wp-content\/uploads\/2024\/03\/9.-R3000-tool-bag-scaled.jpg\",\"contentUrl\":\"https:\/\/frontsite.se\/wp-content\/uploads\/2024\/03\/9.-R3000-tool-bag-scaled.jpg\",\"width\":2560,\"height\":1622},{\"@type\":\"BreadcrumbList\",\"@id\":\"https:\/\/frontsite.se\/produkt\/varmepistol-ripack-3000-2\/#breadcrumb\",\"itemListElement\":[{\"@type\":\"ListItem\",\"position\":1,\"name\":\"Hem\",\"item\":\"https:\/\/frontsite.se\/\"},{\"@type\":\"ListItem\",\"position\":2,\"name\":\"Shop\",\"item\":\"https:\/\/frontsite.lingonbyran.se\/shop\/\"},{\"@type\":\"ListItem\",\"position\":3,\"name\":\"V\u00e4rmepistol Ripack 3000 +\"}]},{\"@type\":\"WebSite\",\"@id\":\"https:\/\/frontsite.se\/#website\",\"url\":\"https:\/\/frontsite.se\/\",\"name\":\"Frontsite\",\"description\":\"Expert P\u00e5 st\u00e4llningsprodukter och profilering\",\"publisher\":{\"@id\":\"https:\/\/frontsite.se\/#organization\"},\"potentialAction\":[{\"@type\":\"SearchAction\",\"target\":{\"@type\":\"EntryPoint\",\"urlTemplate\":\"https:\/\/frontsite.se\/?s={search_term_string}\"},\"query-input\":{\"@type\":\"PropertyValueSpecification\",\"valueRequired\":true,\"valueName\":\"search_term_string\"}}],\"inLanguage\":\"en-GB\"},{\"@type\":\"Organization\",\"@id\":\"https:\/\/frontsite.se\/#organization\",\"name\":\"Frontsite\",\"url\":\"https:\/\/frontsite.se\/\",\"logo\":{\"@type\":\"ImageObject\",\"inLanguage\":\"en-GB\",\"@id\":\"https:\/\/frontsite.se\/#\/schema\/logo\/image\/\",\"url\":\"https:\/\/frontsite.se\/wp-content\/uploads\/2024\/08\/Logo-Ratt-farg.png\",\"contentUrl\":\"https:\/\/frontsite.se\/wp-content\/uploads\/2024\/08\/Logo-Ratt-farg.png\",\"width\":1004,\"height\":1004,\"caption\":\"Frontsite\"},\"image\":{\"@id\":\"https:\/\/frontsite.se\/#\/schema\/logo\/image\/\"}}]}<\/script>\n<!-- \/ Yoast SEO plugin. -->","yoast_head_json":{"title":"V\u00e4rmepistol Ripack 3000 + - Frontsite","description":"Ripack 3000 \u00e4r den ultimata v\u00e4rmepistolen f\u00f6r alla dina krympfilmsbehov, vare sig det handlar om att t\u00e4cka byggst\u00e4llningar, b\u00e5tar, pallar eller liknande. Med sin exceptionella ergonomiska design \u00e4r den l\u00e4tthanterlig och bekv\u00e4m att anv\u00e4nda. Den patenterade teknologin i munstycket h\u00e5ller det svalt under anv\u00e4ndning, vilket inte bara g\u00f6r den s\u00e4krare utan ocks\u00e5 enklare att arbeta med.Det \u00e4r den mest flexibla och kraftfulla v\u00e4rmepistolen i v\u00e5rt sortiment. Utrustad med modul\u00e4r kraft \u00e4r den idealisk f\u00f6r intensiv anv\u00e4ndning och \u00e4r konstruerad f\u00f6r att integreras med v\u00e5rt f\u00f6rl\u00e4ngningssystem. Den h\u00f6ga prestandan hos denna v\u00e4rmepistol garanterar snabba och effektiva arbetsprocesser. Den \u00e4r anv\u00e4ndbar \u00f6verallt och enkel att hantera.Den korta och stabila l\u00e5gan s\u00e4kerst\u00e4ller precision och optimal s\u00e4kerhet, vilket f\u00f6rst\u00e4rks av det patenterade kylmunstyckessystemet och s\u00e4kerhetspackets gaskontroll. Oavsett terr\u00e4ng f\u00f6ljer den dig, fr\u00e5n pallplastning till byggplastning, b\u00e5t\u00f6vervintring och skydd av stora industriella volymer.Dessa verktyg anv\u00e4nds i en m\u00e4ngd olika sektorer, inklusive bygg, livsmedelsf\u00f6r\u00e4dling och transport\/logistik. Med Ripack 3000 \u00e4r du rustad f\u00f6r alla kr\u00e4vande krympfilmstill\u00e4mpningar.","robots":{"index":"index","follow":"follow","max-snippet":"max-snippet:-1","max-image-preview":"max-image-preview:large","max-video-preview":"max-video-preview:-1"},"canonical":"https:\/\/frontsite.se\/en\/product\/varmepistol-ripack-3000-2\/","og_locale":"en_GB","og_type":"article","og_title":"V\u00e4rmepistol Ripack 3000 + - Frontsite","og_description":"Ripack 3000 \u00e4r den ultimata v\u00e4rmepistolen f\u00f6r alla dina krympfilmsbehov, vare sig det handlar om att t\u00e4cka byggst\u00e4llningar, b\u00e5tar, pallar eller liknande. Med sin exceptionella ergonomiska design \u00e4r den l\u00e4tthanterlig och bekv\u00e4m att anv\u00e4nda. Den patenterade teknologin i munstycket h\u00e5ller det svalt under anv\u00e4ndning, vilket inte bara g\u00f6r den s\u00e4krare utan ocks\u00e5 enklare att arbeta med.Det \u00e4r den mest flexibla och kraftfulla v\u00e4rmepistolen i v\u00e5rt sortiment. Utrustad med modul\u00e4r kraft \u00e4r den idealisk f\u00f6r intensiv anv\u00e4ndning och \u00e4r konstruerad f\u00f6r att integreras med v\u00e5rt f\u00f6rl\u00e4ngningssystem. Den h\u00f6ga prestandan hos denna v\u00e4rmepistol garanterar snabba och effektiva arbetsprocesser. Den \u00e4r anv\u00e4ndbar \u00f6verallt och enkel att hantera.Den korta och stabila l\u00e5gan s\u00e4kerst\u00e4ller precision och optimal s\u00e4kerhet, vilket f\u00f6rst\u00e4rks av det patenterade kylmunstyckessystemet och s\u00e4kerhetspackets gaskontroll. Oavsett terr\u00e4ng f\u00f6ljer den dig, fr\u00e5n pallplastning till byggplastning, b\u00e5t\u00f6vervintring och skydd av stora industriella volymer.Dessa verktyg anv\u00e4nds i en m\u00e4ngd olika sektorer, inklusive bygg, livsmedelsf\u00f6r\u00e4dling och transport\/logistik. Med Ripack 3000 \u00e4r du rustad f\u00f6r alla kr\u00e4vande krympfilmstill\u00e4mpningar.","og_url":"https:\/\/frontsite.se\/en\/product\/varmepistol-ripack-3000-2\/","og_site_name":"Frontsite","article_modified_time":"2025-03-10T08:14:22+00:00","og_image":[{"width":2560,"height":1622,"url":"https:\/\/frontsite.se\/wp-content\/uploads\/2024\/03\/9.-R3000-tool-bag-scaled.jpg","type":"image\/jpeg"}],"twitter_card":"summary_large_image","twitter_misc":{"Estimated reading time":"2 minutes"},"schema":{"@context":"https:\/\/schema.org","@graph":[{"@type":"WebPage","@id":"https:\/\/frontsite.se\/produkt\/varmepistol-ripack-3000-2\/","url":"https:\/\/frontsite.se\/produkt\/varmepistol-ripack-3000-2\/","name":"V\u00e4rmepistol Ripack 3000 + - Frontsite","isPartOf":{"@id":"https:\/\/frontsite.se\/#website"},"primaryImageOfPage":{"@id":"https:\/\/frontsite.se\/produkt\/varmepistol-ripack-3000-2\/#primaryimage"},"image":{"@id":"https:\/\/frontsite.se\/produkt\/varmepistol-ripack-3000-2\/#primaryimage"},"thumbnailUrl":"https:\/\/frontsite.se\/wp-content\/uploads\/2024\/03\/9.-R3000-tool-bag-scaled.jpg","datePublished":"2024-03-12T07:52:27+00:00","dateModified":"2025-03-10T08:14:22+00:00","description":"Ripack 3000 \u00e4r den ultimata v\u00e4rmepistolen f\u00f6r alla dina krympfilmsbehov, vare sig det handlar om att t\u00e4cka byggst\u00e4llningar, b\u00e5tar, pallar eller liknande. Med sin exceptionella ergonomiska design \u00e4r den l\u00e4tthanterlig och bekv\u00e4m att anv\u00e4nda. Den patenterade teknologin i munstycket h\u00e5ller det svalt under anv\u00e4ndning, vilket inte bara g\u00f6r den s\u00e4krare utan ocks\u00e5 enklare att arbeta med.Det \u00e4r den mest flexibla och kraftfulla v\u00e4rmepistolen i v\u00e5rt sortiment. Utrustad med modul\u00e4r kraft \u00e4r den idealisk f\u00f6r intensiv anv\u00e4ndning och \u00e4r konstruerad f\u00f6r att integreras med v\u00e5rt f\u00f6rl\u00e4ngningssystem. Den h\u00f6ga prestandan hos denna v\u00e4rmepistol garanterar snabba och effektiva arbetsprocesser. Den \u00e4r anv\u00e4ndbar \u00f6verallt och enkel att hantera.Den korta och stabila l\u00e5gan s\u00e4kerst\u00e4ller precision och optimal s\u00e4kerhet, vilket f\u00f6rst\u00e4rks av det patenterade kylmunstyckessystemet och s\u00e4kerhetspackets gaskontroll. Oavsett terr\u00e4ng f\u00f6ljer den dig, fr\u00e5n pallplastning till byggplastning, b\u00e5t\u00f6vervintring och skydd av stora industriella volymer.Dessa verktyg anv\u00e4nds i en m\u00e4ngd olika sektorer, inklusive bygg, livsmedelsf\u00f6r\u00e4dling och transport\/logistik. Med Ripack 3000 \u00e4r du rustad f\u00f6r alla kr\u00e4vande krympfilmstill\u00e4mpningar.","breadcrumb":{"@id":"https:\/\/frontsite.se\/produkt\/varmepistol-ripack-3000-2\/#breadcrumb"},"inLanguage":"en-GB","potentialAction":[{"@type":"ReadAction","target":["https:\/\/frontsite.se\/produkt\/varmepistol-ripack-3000-2\/"]}]},{"@type":"ImageObject","inLanguage":"en-GB","@id":"https:\/\/frontsite.se\/produkt\/varmepistol-ripack-3000-2\/#primaryimage","url":"https:\/\/frontsite.se\/wp-content\/uploads\/2024\/03\/9.-R3000-tool-bag-scaled.jpg","contentUrl":"https:\/\/frontsite.se\/wp-content\/uploads\/2024\/03\/9.-R3000-tool-bag-scaled.jpg","width":2560,"height":1622},{"@type":"BreadcrumbList","@id":"https:\/\/frontsite.se\/produkt\/varmepistol-ripack-3000-2\/#breadcrumb","itemListElement":[{"@type":"ListItem","position":1,"name":"Hem","item":"https:\/\/frontsite.se\/"},{"@type":"ListItem","position":2,"name":"Shop","item":"https:\/\/frontsite.lingonbyran.se\/shop\/"},{"@type":"ListItem","position":3,"name":"V\u00e4rmepistol Ripack 3000 +"}]},{"@type":"WebSite","@id":"https:\/\/frontsite.se\/#website","url":"https:\/\/frontsite.se\/","name":"Frontsite","description":"Expert P\u00e5 st\u00e4llningsprodukter och profilering","publisher":{"@id":"https:\/\/frontsite.se\/#organization"},"potentialAction":[{"@type":"SearchAction","target":{"@type":"EntryPoint","urlTemplate":"https:\/\/frontsite.se\/?s={search_term_string}"},"query-input":{"@type":"PropertyValueSpecification","valueRequired":true,"valueName":"search_term_string"}}],"inLanguage":"en-GB"},{"@type":"Organization","@id":"https:\/\/frontsite.se\/#organization","name":"Frontsite","url":"https:\/\/frontsite.se\/","logo":{"@type":"ImageObject","inLanguage":"en-GB","@id":"https:\/\/frontsite.se\/#\/schema\/logo\/image\/","url":"https:\/\/frontsite.se\/wp-content\/uploads\/2024\/08\/Logo-Ratt-farg.png","contentUrl":"https:\/\/frontsite.se\/wp-content\/uploads\/2024\/08\/Logo-Ratt-farg.png","width":1004,"height":1004,"caption":"Frontsite"},"image":{"@id":"https:\/\/frontsite.se\/#\/schema\/logo\/image\/"}}]}},"jetpack_sharing_enabled":true,"_links":{"self":[{"href":"https:\/\/frontsite.se\/en\/wp-json\/wp\/v2\/product\/15991","targetHints":{"allow":["GET"]}}],"collection":[{"href":"https:\/\/frontsite.se\/en\/wp-json\/wp\/v2\/product"}],"about":[{"href":"https:\/\/frontsite.se\/en\/wp-json\/wp\/v2\/types\/product"}],"replies":[{"embeddable":true,"href":"https:\/\/frontsite.se\/en\/wp-json\/wp\/v2\/comments?post=15991"}],"version-history":[{"count":3,"href":"https:\/\/frontsite.se\/en\/wp-json\/wp\/v2\/product\/15991\/revisions"}],"predecessor-version":[{"id":16805,"href":"https:\/\/frontsite.se\/en\/wp-json\/wp\/v2\/product\/15991\/revisions\/16805"}],"wp:featuredmedia":[{"embeddable":true,"href":"https:\/\/frontsite.se\/en\/wp-json\/wp\/v2\/media\/16007"}],"wp:attachment":[{"href":"https:\/\/frontsite.se\/en\/wp-json\/wp\/v2\/media?parent=15991"}],"wp:term":[{"taxonomy":"product_cat","embeddable":true,"href":"https:\/\/frontsite.se\/en\/wp-json\/wp\/v2\/product_cat?post=15991"},{"taxonomy":"product_tag","embeddable":true,"href":"https:\/\/frontsite.se\/en\/wp-json\/wp\/v2\/product_tag?post=15991"}],"curies":[{"name":"wp","href":"https:\/\/api.w.org\/{rel}","templated":true}]}}