{"id":15754,"date":"2024-01-12T19:38:59","date_gmt":"2024-01-12T19:38:59","guid":{"rendered":"https:\/\/frontsite.se\/?post_type=product&#038;p=15754"},"modified":"2025-05-13T09:04:33","modified_gmt":"2025-05-13T09:04:33","slug":"plastigum-77-pvc-glue","status":"publish","type":"product","link":"https:\/\/frontsite.se\/en\/product\/plastigum-77-pvc-glue\/","title":{"rendered":"Plastigum 77 PVC-Glue"},"content":{"rendered":"<p>&nbsp;<\/p>\n<table class=\"a-normal a-spacing-micro\">\n<tbody>\n<tr class=\"a-spacing-small po-material\">\n<td class=\"a-span3\"><span class=\"a-size-base a-text-bold\">Material<\/span><\/td>\n<td class=\"a-span9\"><span class=\"a-size-base po-break-word\">PVA<\/span><\/td>\n<\/tr>\n<tr class=\"a-spacing-small po-compatible_material\">\n<td class=\"a-span3\"><span class=\"a-size-base a-text-bold\">Kompatibelt material<\/span><\/td>\n<td class=\"a-span9\"><span class=\"a-size-base po-break-word\">Polyvinylklorid<\/span><\/td>\n<\/tr>\n<tr class=\"a-spacing-small po-color\">\n<td class=\"a-span3\"><span class=\"a-size-base a-text-bold\">F\u00e4rg<\/span><\/td>\n<td class=\"a-span9\"><span class=\"a-size-base po-break-word\">transparent<\/span><\/td>\n<\/tr>\n<tr class=\"a-spacing-small po-item_volume\">\n<td class=\"a-span3\"><span class=\"a-size-base a-text-bold\">Artikelvolym<\/span><\/td>\n<td class=\"a-span9\"><span class=\"a-size-base po-break-word\">200 Milliliter<\/span><\/td>\n<\/tr>\n<tr class=\"a-spacing-small po-water_resistance_level\">\n<td class=\"a-span3\"><span class=\"a-size-base a-text-bold\">Vattent\u00e4thetsniv\u00e5<\/span><\/td>\n<td class=\"a-span9\"><span class=\"a-size-base po-break-word\">Vattent\u00e5lig<\/span><\/td>\n<\/tr>\n<\/tbody>\n<\/table>\n<ul class=\"a-unordered-list a-vertical a-spacing-mini\">\n<li class=\"a-spacing-mini\"><span class=\"a-list-item\">Extra stark vidh\u00e4ftningsf\u00f6rm\u00e5ga, snabbtorkande lim<\/span><\/li>\n<li class=\"a-spacing-mini\"><span class=\"a-list-item\">L\u00e4mplig f\u00f6r limning av PVC, V\u00e4derskyddsdukar och lastbilspresenning med mera.<\/span><\/li>\n<li class=\"a-spacing-mini\"><span class=\"a-list-item\">Bearbetning: Applicera lim p\u00e5 b\u00e5da delarna med en l\u00e4mplig borste. L\u00e5t lim torka tills det bara k\u00e4nns lite klibbigt, anslut sedan inom den klibbiga tiden. Placera direkt r\u00e4tt eftersom det inte l\u00e4ngre \u00e4r m\u00f6jligt att flytta den, tryck sedan ordentligt.<\/span><\/li>\n<\/ul>","protected":false},"excerpt":{"rendered":"<p><img fetchpriority=\"high\" decoding=\"async\" class=\"alignnone size-medium wp-image-1994\" src=\"https:\/\/frontsite.se\/wp-content\/uploads\/Plastigum-77-300x214.jpg\" alt=\"\" width=\"300\" height=\"214\" \/><\/p>\n<ul class=\"a-unordered-list a-vertical a-spacing-mini\">\n<li class=\"a-spacing-mini\"><span class=\"a-list-item\">Extra stark vidh\u00e4ftningsf\u00f6rm\u00e5ga, limmas snabbt<\/span><\/li>\n<li class=\"a-spacing-mini\"><span class=\"a-list-item\">L\u00e4mplig f\u00f6r limning av PVC, V\u00e4derskyddsdukar och lastbilspresenning med mera.<\/span><\/li>\n<li class=\"a-spacing-mini\"><span class=\"a-list-item\">Bearbetning: Applicera lim p\u00e5 b\u00e5da delarna med en l\u00e4mplig borste. L\u00e5t lim torka tills det bara k\u00e4nns lite klibbigt, anslut sedan inom den klibbiga tiden. Placera direkt r\u00e4tt eftersom det inte l\u00e4ngre \u00e4r m\u00f6jligt att flytta den, tryck sedan ordentligt.<\/span><\/li>\n<\/ul>","protected":false},"featured_media":15835,"comment_status":"open","ping_status":"closed","template":"","meta":[],"product_cat":[87,88],"product_tag":[],"class_list":{"0":"post-15754","1":"product","2":"type-product","3":"status-publish","4":"has-post-thumbnail","6":"product_cat-kederduk-for-vaderskydd-och-hallsystem","7":"product_cat-lagnings-tillbehor","9":"first","10":"instock","11":"taxable","12":"shipping-taxable","13":"purchasable","14":"product-type-simple"},"yoast_head":"<!-- This site is optimized with the Yoast SEO plugin v24.1 - https:\/\/yoast.com\/wordpress\/plugins\/seo\/ -->\n<title>Plastigum 77 PVC-Glue - Frontsite<\/title>\n<meta name=\"description\" content=\"Extra stark vidh\u00e4ftningsf\u00f6rm\u00e5ga, limmas snabbtL\u00e4mplig f\u00f6r limning av PVC, V\u00e4derskyddsdukar och lastbilspresenning med mera.Bearbetning: Applicera lim p\u00e5 b\u00e5da delarna med en l\u00e4mplig borste. L\u00e5t lim torka tills det bara k\u00e4nns lite klibbigt, anslut sedan inom den klibbiga tiden. Placera direkt r\u00e4tt eftersom det inte l\u00e4ngre \u00e4r m\u00f6jligt att flytta den, tryck sedan ordentligt.\" \/>\n<meta name=\"robots\" content=\"index, follow, max-snippet:-1, max-image-preview:large, max-video-preview:-1\" \/>\n<link rel=\"canonical\" href=\"https:\/\/frontsite.se\/en\/product\/plastigum-77-pvc-glue\/\" \/>\n<meta property=\"og:locale\" content=\"en_GB\" \/>\n<meta property=\"og:type\" content=\"article\" \/>\n<meta property=\"og:title\" content=\"Plastigumm 77 PVC-Glue\" \/>\n<meta property=\"og:description\" content=\"Extra stark vidh\u00e4ftningsf\u00f6rm\u00e5ga, limmas snabbtL\u00e4mplig f\u00f6r limning av PVC, V\u00e4derskyddsdukar och lastbilspresenning med mera.Bearbetning: Applicera lim p\u00e5 b\u00e5da delarna med en l\u00e4mplig borste. L\u00e5t lim torka tills det bara k\u00e4nns lite klibbigt, anslut sedan inom den klibbiga tiden. Placera direkt r\u00e4tt eftersom det inte l\u00e4ngre \u00e4r m\u00f6jligt att flytta den, tryck sedan ordentligt.\" \/>\n<meta property=\"og:url\" content=\"https:\/\/frontsite.se\/en\/product\/plastigum-77-pvc-glue\/\" \/>\n<meta property=\"og:site_name\" content=\"Frontsite\" \/>\n<meta property=\"article:modified_time\" content=\"2025-05-13T09:04:33+00:00\" \/>\n<meta name=\"twitter:card\" content=\"summary_large_image\" \/>\n<meta name=\"twitter:image\" content=\"https:\/\/frontsite.se\/wp-content\/uploads\/2024\/01\/Plastigum-77.jpg\" \/>\n<meta name=\"twitter:label1\" content=\"Estimated reading time\" \/>\n\t<meta name=\"twitter:data1\" content=\"1 minute\" \/>\n<script type=\"application\/ld+json\" class=\"yoast-schema-graph\">{\"@context\":\"https:\/\/schema.org\",\"@graph\":[{\"@type\":\"WebPage\",\"@id\":\"https:\/\/frontsite.se\/produkt\/plastigum-77-pvc-glue\/\",\"url\":\"https:\/\/frontsite.se\/produkt\/plastigum-77-pvc-glue\/\",\"name\":\"Plastigum 77 PVC-Glue - Frontsite\",\"isPartOf\":{\"@id\":\"https:\/\/frontsite.se\/#website\"},\"primaryImageOfPage\":{\"@id\":\"https:\/\/frontsite.se\/produkt\/plastigum-77-pvc-glue\/#primaryimage\"},\"image\":{\"@id\":\"https:\/\/frontsite.se\/produkt\/plastigum-77-pvc-glue\/#primaryimage\"},\"thumbnailUrl\":\"https:\/\/frontsite.se\/wp-content\/uploads\/2024\/01\/Plastigum-77.jpg\",\"datePublished\":\"2024-01-12T19:38:59+00:00\",\"dateModified\":\"2025-05-13T09:04:33+00:00\",\"description\":\"Extra stark vidh\u00e4ftningsf\u00f6rm\u00e5ga, limmas snabbtL\u00e4mplig f\u00f6r limning av PVC, V\u00e4derskyddsdukar och lastbilspresenning med mera.Bearbetning: Applicera lim p\u00e5 b\u00e5da delarna med en l\u00e4mplig borste. L\u00e5t lim torka tills det bara k\u00e4nns lite klibbigt, anslut sedan inom den klibbiga tiden. Placera direkt r\u00e4tt eftersom det inte l\u00e4ngre \u00e4r m\u00f6jligt att flytta den, tryck sedan ordentligt.\",\"breadcrumb\":{\"@id\":\"https:\/\/frontsite.se\/produkt\/plastigum-77-pvc-glue\/#breadcrumb\"},\"inLanguage\":\"en-GB\",\"potentialAction\":[{\"@type\":\"ReadAction\",\"target\":[\"https:\/\/frontsite.se\/produkt\/plastigum-77-pvc-glue\/\"]}]},{\"@type\":\"ImageObject\",\"inLanguage\":\"en-GB\",\"@id\":\"https:\/\/frontsite.se\/produkt\/plastigum-77-pvc-glue\/#primaryimage\",\"url\":\"https:\/\/frontsite.se\/wp-content\/uploads\/2024\/01\/Plastigum-77.jpg\",\"contentUrl\":\"https:\/\/frontsite.se\/wp-content\/uploads\/2024\/01\/Plastigum-77.jpg\",\"width\":522,\"height\":373},{\"@type\":\"BreadcrumbList\",\"@id\":\"https:\/\/frontsite.se\/produkt\/plastigum-77-pvc-glue\/#breadcrumb\",\"itemListElement\":[{\"@type\":\"ListItem\",\"position\":1,\"name\":\"Hem\",\"item\":\"https:\/\/frontsite.se\/\"},{\"@type\":\"ListItem\",\"position\":2,\"name\":\"Shop\",\"item\":\"https:\/\/frontsite.lingonbyran.se\/shop\/\"},{\"@type\":\"ListItem\",\"position\":3,\"name\":\"Plastigum 77 PVC-Glue\"}]},{\"@type\":\"WebSite\",\"@id\":\"https:\/\/frontsite.se\/#website\",\"url\":\"https:\/\/frontsite.se\/\",\"name\":\"Frontsite\",\"description\":\"Expert P\u00e5 st\u00e4llningsprodukter och profilering\",\"publisher\":{\"@id\":\"https:\/\/frontsite.se\/#organization\"},\"potentialAction\":[{\"@type\":\"SearchAction\",\"target\":{\"@type\":\"EntryPoint\",\"urlTemplate\":\"https:\/\/frontsite.se\/?s={search_term_string}\"},\"query-input\":{\"@type\":\"PropertyValueSpecification\",\"valueRequired\":true,\"valueName\":\"search_term_string\"}}],\"inLanguage\":\"en-GB\"},{\"@type\":\"Organization\",\"@id\":\"https:\/\/frontsite.se\/#organization\",\"name\":\"Frontsite\",\"url\":\"https:\/\/frontsite.se\/\",\"logo\":{\"@type\":\"ImageObject\",\"inLanguage\":\"en-GB\",\"@id\":\"https:\/\/frontsite.se\/#\/schema\/logo\/image\/\",\"url\":\"https:\/\/frontsite.se\/wp-content\/uploads\/2024\/08\/Logo-Ratt-farg.png\",\"contentUrl\":\"https:\/\/frontsite.se\/wp-content\/uploads\/2024\/08\/Logo-Ratt-farg.png\",\"width\":1004,\"height\":1004,\"caption\":\"Frontsite\"},\"image\":{\"@id\":\"https:\/\/frontsite.se\/#\/schema\/logo\/image\/\"}}]}<\/script>\n<!-- \/ Yoast SEO plugin. -->","yoast_head_json":{"title":"Plastigum 77 PVC-Glue - Frontsite","description":"Extra stark vidh\u00e4ftningsf\u00f6rm\u00e5ga, limmas snabbtL\u00e4mplig f\u00f6r limning av PVC, V\u00e4derskyddsdukar och lastbilspresenning med mera.Bearbetning: Applicera lim p\u00e5 b\u00e5da delarna med en l\u00e4mplig borste. L\u00e5t lim torka tills det bara k\u00e4nns lite klibbigt, anslut sedan inom den klibbiga tiden. Placera direkt r\u00e4tt eftersom det inte l\u00e4ngre \u00e4r m\u00f6jligt att flytta den, tryck sedan ordentligt.","robots":{"index":"index","follow":"follow","max-snippet":"max-snippet:-1","max-image-preview":"max-image-preview:large","max-video-preview":"max-video-preview:-1"},"canonical":"https:\/\/frontsite.se\/en\/product\/plastigum-77-pvc-glue\/","og_locale":"en_GB","og_type":"article","og_title":"Plastigumm 77 PVC-Glue","og_description":"Extra stark vidh\u00e4ftningsf\u00f6rm\u00e5ga, limmas snabbtL\u00e4mplig f\u00f6r limning av PVC, V\u00e4derskyddsdukar och lastbilspresenning med mera.Bearbetning: Applicera lim p\u00e5 b\u00e5da delarna med en l\u00e4mplig borste. L\u00e5t lim torka tills det bara k\u00e4nns lite klibbigt, anslut sedan inom den klibbiga tiden. Placera direkt r\u00e4tt eftersom det inte l\u00e4ngre \u00e4r m\u00f6jligt att flytta den, tryck sedan ordentligt.","og_url":"https:\/\/frontsite.se\/en\/product\/plastigum-77-pvc-glue\/","og_site_name":"Frontsite","article_modified_time":"2025-05-13T09:04:33+00:00","twitter_card":"summary_large_image","twitter_image":"https:\/\/frontsite.se\/wp-content\/uploads\/2024\/01\/Plastigum-77.jpg","twitter_misc":{"Estimated reading time":"1 minute"},"schema":{"@context":"https:\/\/schema.org","@graph":[{"@type":"WebPage","@id":"https:\/\/frontsite.se\/produkt\/plastigum-77-pvc-glue\/","url":"https:\/\/frontsite.se\/produkt\/plastigum-77-pvc-glue\/","name":"Plastigum 77 PVC-Glue - Frontsite","isPartOf":{"@id":"https:\/\/frontsite.se\/#website"},"primaryImageOfPage":{"@id":"https:\/\/frontsite.se\/produkt\/plastigum-77-pvc-glue\/#primaryimage"},"image":{"@id":"https:\/\/frontsite.se\/produkt\/plastigum-77-pvc-glue\/#primaryimage"},"thumbnailUrl":"https:\/\/frontsite.se\/wp-content\/uploads\/2024\/01\/Plastigum-77.jpg","datePublished":"2024-01-12T19:38:59+00:00","dateModified":"2025-05-13T09:04:33+00:00","description":"Extra stark vidh\u00e4ftningsf\u00f6rm\u00e5ga, limmas snabbtL\u00e4mplig f\u00f6r limning av PVC, V\u00e4derskyddsdukar och lastbilspresenning med mera.Bearbetning: Applicera lim p\u00e5 b\u00e5da delarna med en l\u00e4mplig borste. L\u00e5t lim torka tills det bara k\u00e4nns lite klibbigt, anslut sedan inom den klibbiga tiden. Placera direkt r\u00e4tt eftersom det inte l\u00e4ngre \u00e4r m\u00f6jligt att flytta den, tryck sedan ordentligt.","breadcrumb":{"@id":"https:\/\/frontsite.se\/produkt\/plastigum-77-pvc-glue\/#breadcrumb"},"inLanguage":"en-GB","potentialAction":[{"@type":"ReadAction","target":["https:\/\/frontsite.se\/produkt\/plastigum-77-pvc-glue\/"]}]},{"@type":"ImageObject","inLanguage":"en-GB","@id":"https:\/\/frontsite.se\/produkt\/plastigum-77-pvc-glue\/#primaryimage","url":"https:\/\/frontsite.se\/wp-content\/uploads\/2024\/01\/Plastigum-77.jpg","contentUrl":"https:\/\/frontsite.se\/wp-content\/uploads\/2024\/01\/Plastigum-77.jpg","width":522,"height":373},{"@type":"BreadcrumbList","@id":"https:\/\/frontsite.se\/produkt\/plastigum-77-pvc-glue\/#breadcrumb","itemListElement":[{"@type":"ListItem","position":1,"name":"Hem","item":"https:\/\/frontsite.se\/"},{"@type":"ListItem","position":2,"name":"Shop","item":"https:\/\/frontsite.lingonbyran.se\/shop\/"},{"@type":"ListItem","position":3,"name":"Plastigum 77 PVC-Glue"}]},{"@type":"WebSite","@id":"https:\/\/frontsite.se\/#website","url":"https:\/\/frontsite.se\/","name":"Frontsite","description":"Expert P\u00e5 st\u00e4llningsprodukter och profilering","publisher":{"@id":"https:\/\/frontsite.se\/#organization"},"potentialAction":[{"@type":"SearchAction","target":{"@type":"EntryPoint","urlTemplate":"https:\/\/frontsite.se\/?s={search_term_string}"},"query-input":{"@type":"PropertyValueSpecification","valueRequired":true,"valueName":"search_term_string"}}],"inLanguage":"en-GB"},{"@type":"Organization","@id":"https:\/\/frontsite.se\/#organization","name":"Frontsite","url":"https:\/\/frontsite.se\/","logo":{"@type":"ImageObject","inLanguage":"en-GB","@id":"https:\/\/frontsite.se\/#\/schema\/logo\/image\/","url":"https:\/\/frontsite.se\/wp-content\/uploads\/2024\/08\/Logo-Ratt-farg.png","contentUrl":"https:\/\/frontsite.se\/wp-content\/uploads\/2024\/08\/Logo-Ratt-farg.png","width":1004,"height":1004,"caption":"Frontsite"},"image":{"@id":"https:\/\/frontsite.se\/#\/schema\/logo\/image\/"}}]}},"jetpack_sharing_enabled":true,"_links":{"self":[{"href":"https:\/\/frontsite.se\/en\/wp-json\/wp\/v2\/product\/15754","targetHints":{"allow":["GET"]}}],"collection":[{"href":"https:\/\/frontsite.se\/en\/wp-json\/wp\/v2\/product"}],"about":[{"href":"https:\/\/frontsite.se\/en\/wp-json\/wp\/v2\/types\/product"}],"replies":[{"embeddable":true,"href":"https:\/\/frontsite.se\/en\/wp-json\/wp\/v2\/comments?post=15754"}],"version-history":[{"count":4,"href":"https:\/\/frontsite.se\/en\/wp-json\/wp\/v2\/product\/15754\/revisions"}],"predecessor-version":[{"id":16793,"href":"https:\/\/frontsite.se\/en\/wp-json\/wp\/v2\/product\/15754\/revisions\/16793"}],"wp:featuredmedia":[{"embeddable":true,"href":"https:\/\/frontsite.se\/en\/wp-json\/wp\/v2\/media\/15835"}],"wp:attachment":[{"href":"https:\/\/frontsite.se\/en\/wp-json\/wp\/v2\/media?parent=15754"}],"wp:term":[{"taxonomy":"product_cat","embeddable":true,"href":"https:\/\/frontsite.se\/en\/wp-json\/wp\/v2\/product_cat?post=15754"},{"taxonomy":"product_tag","embeddable":true,"href":"https:\/\/frontsite.se\/en\/wp-json\/wp\/v2\/product_tag?post=15754"}],"curies":[{"name":"wp","href":"https:\/\/api.w.org\/{rel}","templated":true}]}}