{"id":15701,"date":"2024-01-12T19:36:50","date_gmt":"2024-01-12T19:36:50","guid":{"rendered":"https:\/\/frontsite.se\/?post_type=product&#038;p=15701"},"modified":"2024-03-15T10:36:58","modified_gmt":"2024-03-15T10:36:58","slug":"spannrem-25mm","status":"publish","type":"product","link":"https:\/\/frontsite.se\/en\/product\/spannrem-25mm\/","title":{"rendered":"Sp\u00e4nnrem 25mm"},"content":{"rendered":"<p><img fetchpriority=\"high\" decoding=\"async\" class=\"alignnone size-medium wp-image-1746\" src=\"https:\/\/frontsite.se\/wp-content\/uploads\/IMG_1764-300x296.jpg\" alt=\"\" width=\"300\" height=\"296\" \/><\/p>\n<p>Sp\u00e4nnrem 25mm<\/p>","protected":false},"excerpt":{"rendered":"<p><img fetchpriority=\"high\" decoding=\"async\" class=\"alignnone size-medium wp-image-1746\" src=\"https:\/\/frontsite.se\/wp-content\/uploads\/IMG_1764-300x296.jpg\" alt=\"\" width=\"300\" height=\"296\" \/><\/p>\n<p>Sp\u00e4nnband<br \/>\nPolyesterband 25mm x vald l\u00e4ngd med sp\u00e4nnare i st\u00e5l. Detta sp\u00e4nnband \u00e4r gjort f\u00f6r att kunna sp\u00e4nna material vid lastning och byggstaket.<\/p>","protected":false},"featured_media":15794,"comment_status":"open","ping_status":"closed","template":"","meta":[],"product_cat":[79],"product_tag":[],"class_list":{"0":"post-15701","1":"product","2":"type-product","3":"status-publish","4":"has-post-thumbnail","6":"product_cat-surrning-och-lyftredskap","8":"first","9":"instock","10":"taxable","11":"shipping-taxable","12":"product-type-simple"},"yoast_head":"<!-- This site is optimized with the Yoast SEO plugin v24.1 - https:\/\/yoast.com\/wordpress\/plugins\/seo\/ -->\n<title>Sp\u00e4nnrem 25mm - Frontsite<\/title>\n<meta name=\"description\" content=\"Sp\u00e4nnbandPolyesterband 25mm x vald l\u00e4ngd med sp\u00e4nnare i st\u00e5l. Detta sp\u00e4nnband \u00e4r gjort f\u00f6r att kunna sp\u00e4nna material vid lastning och byggstaket.\" \/>\n<meta name=\"robots\" content=\"index, follow, max-snippet:-1, max-image-preview:large, max-video-preview:-1\" \/>\n<link rel=\"canonical\" href=\"https:\/\/frontsite.se\/en\/product\/spannrem-25mm\/\" \/>\n<meta property=\"og:locale\" content=\"en_GB\" \/>\n<meta property=\"og:type\" content=\"article\" \/>\n<meta property=\"og:title\" content=\"Sp\u00e4nnrem 25mm - Frontsite\" \/>\n<meta property=\"og:description\" content=\"Sp\u00e4nnbandPolyesterband 25mm x vald l\u00e4ngd med sp\u00e4nnare i st\u00e5l. Detta sp\u00e4nnband \u00e4r gjort f\u00f6r att kunna sp\u00e4nna material vid lastning och byggstaket.\" \/>\n<meta property=\"og:url\" content=\"https:\/\/frontsite.se\/en\/product\/spannrem-25mm\/\" \/>\n<meta property=\"og:site_name\" content=\"Frontsite\" \/>\n<meta property=\"article:modified_time\" content=\"2024-03-15T10:36:58+00:00\" \/>\n<meta property=\"og:image\" content=\"https:\/\/frontsite.lingonbyran.se\/wp-content\/uploads\/2024\/01\/IMG_1764.jpg\" \/>\n\t<meta property=\"og:image:width\" content=\"1857\" \/>\n\t<meta property=\"og:image:height\" content=\"1834\" \/>\n\t<meta property=\"og:image:type\" content=\"image\/jpeg\" \/>\n<meta name=\"twitter:card\" content=\"summary_large_image\" \/>\n<meta name=\"twitter:label1\" content=\"Estimated reading time\" \/>\n\t<meta name=\"twitter:data1\" content=\"1 minute\" \/>\n<script type=\"application\/ld+json\" class=\"yoast-schema-graph\">{\"@context\":\"https:\/\/schema.org\",\"@graph\":[{\"@type\":\"WebPage\",\"@id\":\"https:\/\/frontsite.se\/produkt\/spannrem-25mm\/\",\"url\":\"https:\/\/frontsite.se\/produkt\/spannrem-25mm\/\",\"name\":\"Sp\u00e4nnrem 25mm - Frontsite\",\"isPartOf\":{\"@id\":\"https:\/\/frontsite.se\/#website\"},\"primaryImageOfPage\":{\"@id\":\"https:\/\/frontsite.se\/produkt\/spannrem-25mm\/#primaryimage\"},\"image\":{\"@id\":\"https:\/\/frontsite.se\/produkt\/spannrem-25mm\/#primaryimage\"},\"thumbnailUrl\":\"https:\/\/frontsite.se\/wp-content\/uploads\/2024\/01\/IMG_1764.jpg\",\"datePublished\":\"2024-01-12T19:36:50+00:00\",\"dateModified\":\"2024-03-15T10:36:58+00:00\",\"description\":\"Sp\u00e4nnbandPolyesterband 25mm x vald l\u00e4ngd med sp\u00e4nnare i st\u00e5l. Detta sp\u00e4nnband \u00e4r gjort f\u00f6r att kunna sp\u00e4nna material vid lastning och byggstaket.\",\"breadcrumb\":{\"@id\":\"https:\/\/frontsite.se\/produkt\/spannrem-25mm\/#breadcrumb\"},\"inLanguage\":\"en-GB\",\"potentialAction\":[{\"@type\":\"ReadAction\",\"target\":[\"https:\/\/frontsite.se\/produkt\/spannrem-25mm\/\"]}]},{\"@type\":\"ImageObject\",\"inLanguage\":\"en-GB\",\"@id\":\"https:\/\/frontsite.se\/produkt\/spannrem-25mm\/#primaryimage\",\"url\":\"https:\/\/frontsite.se\/wp-content\/uploads\/2024\/01\/IMG_1764.jpg\",\"contentUrl\":\"https:\/\/frontsite.se\/wp-content\/uploads\/2024\/01\/IMG_1764.jpg\",\"width\":1857,\"height\":1834},{\"@type\":\"BreadcrumbList\",\"@id\":\"https:\/\/frontsite.se\/produkt\/spannrem-25mm\/#breadcrumb\",\"itemListElement\":[{\"@type\":\"ListItem\",\"position\":1,\"name\":\"Hem\",\"item\":\"https:\/\/frontsite.se\/\"},{\"@type\":\"ListItem\",\"position\":2,\"name\":\"Shop\",\"item\":\"https:\/\/frontsite.lingonbyran.se\/shop\/\"},{\"@type\":\"ListItem\",\"position\":3,\"name\":\"Sp\u00e4nnrem 25mm\"}]},{\"@type\":\"WebSite\",\"@id\":\"https:\/\/frontsite.se\/#website\",\"url\":\"https:\/\/frontsite.se\/\",\"name\":\"Frontsite\",\"description\":\"Expert P\u00e5 st\u00e4llningsprodukter och profilering\",\"publisher\":{\"@id\":\"https:\/\/frontsite.se\/#organization\"},\"potentialAction\":[{\"@type\":\"SearchAction\",\"target\":{\"@type\":\"EntryPoint\",\"urlTemplate\":\"https:\/\/frontsite.se\/?s={search_term_string}\"},\"query-input\":{\"@type\":\"PropertyValueSpecification\",\"valueRequired\":true,\"valueName\":\"search_term_string\"}}],\"inLanguage\":\"en-GB\"},{\"@type\":\"Organization\",\"@id\":\"https:\/\/frontsite.se\/#organization\",\"name\":\"Frontsite\",\"url\":\"https:\/\/frontsite.se\/\",\"logo\":{\"@type\":\"ImageObject\",\"inLanguage\":\"en-GB\",\"@id\":\"https:\/\/frontsite.se\/#\/schema\/logo\/image\/\",\"url\":\"https:\/\/frontsite.se\/wp-content\/uploads\/2024\/08\/Logo-Ratt-farg.png\",\"contentUrl\":\"https:\/\/frontsite.se\/wp-content\/uploads\/2024\/08\/Logo-Ratt-farg.png\",\"width\":1004,\"height\":1004,\"caption\":\"Frontsite\"},\"image\":{\"@id\":\"https:\/\/frontsite.se\/#\/schema\/logo\/image\/\"}}]}<\/script>\n<!-- \/ Yoast SEO plugin. -->","yoast_head_json":{"title":"Sp\u00e4nnrem 25mm - Frontsite","description":"Sp\u00e4nnbandPolyesterband 25mm x vald l\u00e4ngd med sp\u00e4nnare i st\u00e5l. Detta sp\u00e4nnband \u00e4r gjort f\u00f6r att kunna sp\u00e4nna material vid lastning och byggstaket.","robots":{"index":"index","follow":"follow","max-snippet":"max-snippet:-1","max-image-preview":"max-image-preview:large","max-video-preview":"max-video-preview:-1"},"canonical":"https:\/\/frontsite.se\/en\/product\/spannrem-25mm\/","og_locale":"en_GB","og_type":"article","og_title":"Sp\u00e4nnrem 25mm - Frontsite","og_description":"Sp\u00e4nnbandPolyesterband 25mm x vald l\u00e4ngd med sp\u00e4nnare i st\u00e5l. Detta sp\u00e4nnband \u00e4r gjort f\u00f6r att kunna sp\u00e4nna material vid lastning och byggstaket.","og_url":"https:\/\/frontsite.se\/en\/product\/spannrem-25mm\/","og_site_name":"Frontsite","article_modified_time":"2024-03-15T10:36:58+00:00","og_image":[{"width":1857,"height":1834,"url":"https:\/\/frontsite.lingonbyran.se\/wp-content\/uploads\/2024\/01\/IMG_1764.jpg","type":"image\/jpeg"}],"twitter_card":"summary_large_image","twitter_misc":{"Estimated reading time":"1 minute"},"schema":{"@context":"https:\/\/schema.org","@graph":[{"@type":"WebPage","@id":"https:\/\/frontsite.se\/produkt\/spannrem-25mm\/","url":"https:\/\/frontsite.se\/produkt\/spannrem-25mm\/","name":"Sp\u00e4nnrem 25mm - Frontsite","isPartOf":{"@id":"https:\/\/frontsite.se\/#website"},"primaryImageOfPage":{"@id":"https:\/\/frontsite.se\/produkt\/spannrem-25mm\/#primaryimage"},"image":{"@id":"https:\/\/frontsite.se\/produkt\/spannrem-25mm\/#primaryimage"},"thumbnailUrl":"https:\/\/frontsite.se\/wp-content\/uploads\/2024\/01\/IMG_1764.jpg","datePublished":"2024-01-12T19:36:50+00:00","dateModified":"2024-03-15T10:36:58+00:00","description":"Sp\u00e4nnbandPolyesterband 25mm x vald l\u00e4ngd med sp\u00e4nnare i st\u00e5l. Detta sp\u00e4nnband \u00e4r gjort f\u00f6r att kunna sp\u00e4nna material vid lastning och byggstaket.","breadcrumb":{"@id":"https:\/\/frontsite.se\/produkt\/spannrem-25mm\/#breadcrumb"},"inLanguage":"en-GB","potentialAction":[{"@type":"ReadAction","target":["https:\/\/frontsite.se\/produkt\/spannrem-25mm\/"]}]},{"@type":"ImageObject","inLanguage":"en-GB","@id":"https:\/\/frontsite.se\/produkt\/spannrem-25mm\/#primaryimage","url":"https:\/\/frontsite.se\/wp-content\/uploads\/2024\/01\/IMG_1764.jpg","contentUrl":"https:\/\/frontsite.se\/wp-content\/uploads\/2024\/01\/IMG_1764.jpg","width":1857,"height":1834},{"@type":"BreadcrumbList","@id":"https:\/\/frontsite.se\/produkt\/spannrem-25mm\/#breadcrumb","itemListElement":[{"@type":"ListItem","position":1,"name":"Hem","item":"https:\/\/frontsite.se\/"},{"@type":"ListItem","position":2,"name":"Shop","item":"https:\/\/frontsite.lingonbyran.se\/shop\/"},{"@type":"ListItem","position":3,"name":"Sp\u00e4nnrem 25mm"}]},{"@type":"WebSite","@id":"https:\/\/frontsite.se\/#website","url":"https:\/\/frontsite.se\/","name":"Frontsite","description":"Expert P\u00e5 st\u00e4llningsprodukter och profilering","publisher":{"@id":"https:\/\/frontsite.se\/#organization"},"potentialAction":[{"@type":"SearchAction","target":{"@type":"EntryPoint","urlTemplate":"https:\/\/frontsite.se\/?s={search_term_string}"},"query-input":{"@type":"PropertyValueSpecification","valueRequired":true,"valueName":"search_term_string"}}],"inLanguage":"en-GB"},{"@type":"Organization","@id":"https:\/\/frontsite.se\/#organization","name":"Frontsite","url":"https:\/\/frontsite.se\/","logo":{"@type":"ImageObject","inLanguage":"en-GB","@id":"https:\/\/frontsite.se\/#\/schema\/logo\/image\/","url":"https:\/\/frontsite.se\/wp-content\/uploads\/2024\/08\/Logo-Ratt-farg.png","contentUrl":"https:\/\/frontsite.se\/wp-content\/uploads\/2024\/08\/Logo-Ratt-farg.png","width":1004,"height":1004,"caption":"Frontsite"},"image":{"@id":"https:\/\/frontsite.se\/#\/schema\/logo\/image\/"}}]}},"jetpack_sharing_enabled":true,"_links":{"self":[{"href":"https:\/\/frontsite.se\/en\/wp-json\/wp\/v2\/product\/15701","targetHints":{"allow":["GET"]}}],"collection":[{"href":"https:\/\/frontsite.se\/en\/wp-json\/wp\/v2\/product"}],"about":[{"href":"https:\/\/frontsite.se\/en\/wp-json\/wp\/v2\/types\/product"}],"replies":[{"embeddable":true,"href":"https:\/\/frontsite.se\/en\/wp-json\/wp\/v2\/comments?post=15701"}],"version-history":[{"count":1,"href":"https:\/\/frontsite.se\/en\/wp-json\/wp\/v2\/product\/15701\/revisions"}],"predecessor-version":[{"id":15795,"href":"https:\/\/frontsite.se\/en\/wp-json\/wp\/v2\/product\/15701\/revisions\/15795"}],"wp:featuredmedia":[{"embeddable":true,"href":"https:\/\/frontsite.se\/en\/wp-json\/wp\/v2\/media\/15794"}],"wp:attachment":[{"href":"https:\/\/frontsite.se\/en\/wp-json\/wp\/v2\/media?parent=15701"}],"wp:term":[{"taxonomy":"product_cat","embeddable":true,"href":"https:\/\/frontsite.se\/en\/wp-json\/wp\/v2\/product_cat?post=15701"},{"taxonomy":"product_tag","embeddable":true,"href":"https:\/\/frontsite.se\/en\/wp-json\/wp\/v2\/product_tag?post=15701"}],"curies":[{"name":"wp","href":"https:\/\/api.w.org\/{rel}","templated":true}]}}