{"id":15683,"date":"2024-01-12T19:36:00","date_gmt":"2024-01-12T19:36:00","guid":{"rendered":"https:\/\/frontsite.se\/?post_type=product&#038;p=15683"},"modified":"2025-03-10T08:13:51","modified_gmt":"2025-03-10T08:13:51","slug":"krympfilmstejp-50-100mm","status":"publish","type":"product","link":"https:\/\/frontsite.se\/en\/product\/krympfilmstejp-50-100mm\/","title":{"rendered":"Shrink film tape 50-100mm"},"content":{"rendered":"<p><img decoding=\"async\" class=\"alignnone size-full wp-image-1682\" src=\"https:\/\/frontsite.se\/wp-content\/uploads\/Tejp-till-krympplast.jpg\" alt=\"\" width=\"224\" height=\"139\" \/><\/p>\n<p><strong>Shrink film tape <\/strong><\/p>\n<p>&nbsp;<\/p>\n<p><strong>Optimera Din F\u00f6rpackningsprocess med V\u00e5r Krympfilmstejp<\/strong><\/p>\n<p>V\u00e5r krympfilmstejp \u00e4r den ultimata l\u00f6sningen f\u00f6r att s\u00e4kra och f\u00f6rsluta dina f\u00f6rpackningar p\u00e5 ett s\u00e4kert och effektivt s\u00e4tt. Med dess unika egenskaper g\u00f6r denna tejp f\u00f6rpackningsprocessen snabbare, enklare och mer p\u00e5litlig \u00e4n n\u00e5gonsin tidigare.<\/p>\n<p>finns i tv\u00e5 varianter.<\/p>\n<p>SH50W 50mm l\u00e4ngd 33m.<\/p>\n<p>SH100W 100mm l\u00e4ngd 33m<\/p>\n<p><strong>Funktioner och F\u00f6rdelar:<\/strong><\/p>\n<ol>\n<li><strong>Flexibel och Anpassningsbar:<\/strong> Den flexibla designen p\u00e5 v\u00e5r krympfilmstejp g\u00f6r den idealisk f\u00f6r att anv\u00e4ndas i hop med v\u00e5r krympfilm. Den kan enkelt anpassas och sk\u00e4ras till \u00f6nskad l\u00e4ngd f\u00f6r att passa dina specifika behov.<\/li>\n<li><strong>Enkel Anv\u00e4ndning:<\/strong> Med en smidig och l\u00e4ttanv\u00e4nd applicering kan v\u00e5r krympfilmstejp snabbt och effektivt appliceras p\u00e5 krympfilmen f\u00f6r enklare hantering vid f\u00f6rpackningar utan kr\u00e5ngel eller komplicerade instruktioner.<\/li>\n<li><strong>T\u00e5lig Konstruktion:<\/strong> Tillverkad av h\u00f6gkvalitativt material, erbjuder v\u00e5r krympfilmstejp enast\u00e5ende h\u00e5llbarhet och t\u00e5lighet, vilket s\u00e4kerst\u00e4ller att dina f\u00f6rpackningar f\u00f6rblir s\u00e4kra och skyddade under hela transportprocessen.<\/li>\n<li><strong>M\u00e5ngsidig Anv\u00e4ndning:<\/strong> V\u00e5r krympfilmstejp \u00e4r Permanent tejp f\u00f6r att tejpa p\u00e5 krympplasten, v\u00e4ldigt stark. L\u00e4mnar limrester om den anv\u00e4nds p\u00e5 annat. Anv\u00e4nds f\u00f6r att laga h\u00e5l och som f\u00f6rst\u00e4rkning av skarvar och h\u00f6rn. Perfekt f\u00f6r montering av blixtl\u00e5sd\u00f6rrar, tejp best\u00e5r av LDPE och kan endast v\u00e4rmas upp n\u00e5got.<\/li>\n<\/ol>\n<p>Med v\u00e5r krympfilmstejp f\u00e5r du en p\u00e5litlig produkt och effektiv l\u00f6sning f\u00f6r att s\u00e4kra och f\u00f6rsegla p\u00e5 ett s\u00e4kert s\u00e4tt.<\/p>","protected":false},"excerpt":{"rendered":"<p><img decoding=\"async\" class=\"alignnone size-full wp-image-1682\" src=\"https:\/\/frontsite.se\/wp-content\/uploads\/Tejp-till-krympplast.jpg\" alt=\"\" width=\"224\" height=\"139\" \/><\/p>\n<p><strong>Shrink film tape <\/strong><\/p>\n<p>&nbsp;<\/p>\n<p><strong>Optimera Din F\u00f6rpackningsprocess med V\u00e5r Krympfilmstejp<\/strong><\/p>\n<p>V\u00e5r krympfilmstejp \u00e4r den ultimata l\u00f6sningen f\u00f6r att s\u00e4kra och f\u00f6rsluta dina f\u00f6rpackningar p\u00e5 ett s\u00e4kert och effektivt s\u00e4tt. Med dess unika egenskaper g\u00f6r denna tejp f\u00f6rpackningsprocessen snabbare, enklare och mer p\u00e5litlig \u00e4n n\u00e5gonsin tidigare.<\/p>\n<p>finns i tv\u00e5 varianter.<\/p>\n<p>SH50W 50mm l\u00e4ngd 33m.<\/p>\n<p>SH100W 100mm l\u00e4ngd 33m<\/p>\n<p><strong>Funktioner och F\u00f6rdelar:<\/strong><\/p>\n<ol>\n<li><strong>Flexibel och Anpassningsbar:<\/strong> Den flexibla designen p\u00e5 v\u00e5r krympfilmstejp g\u00f6r den idealisk f\u00f6r att anv\u00e4ndas i hop med v\u00e5r krympfilm. Den kan enkelt anpassas och sk\u00e4ras till \u00f6nskad l\u00e4ngd f\u00f6r att passa dina specifika behov.<\/li>\n<li><strong>Enkel Anv\u00e4ndning:<\/strong> Med en smidig och l\u00e4ttanv\u00e4nd applicering kan v\u00e5r krympfilmstejp snabbt och effektivt appliceras p\u00e5 krympfilmen f\u00f6r enklare hantering vid f\u00f6rpackningar utan kr\u00e5ngel eller komplicerade instruktioner.<\/li>\n<li><strong>T\u00e5lig Konstruktion:<\/strong> Tillverkad av h\u00f6gkvalitativt material, erbjuder v\u00e5r krympfilmstejp enast\u00e5ende h\u00e5llbarhet och t\u00e5lighet, vilket s\u00e4kerst\u00e4ller att dina f\u00f6rpackningar f\u00f6rblir s\u00e4kra och skyddade under hela transportprocessen.<\/li>\n<li><strong>M\u00e5ngsidig Anv\u00e4ndning:<\/strong> V\u00e5r krympfilmstejp \u00e4r Permanent tejp f\u00f6r att tejpa p\u00e5 krympplasten, v\u00e4ldigt stark. L\u00e4mnar limrester om den anv\u00e4nds p\u00e5 annat. Anv\u00e4nds f\u00f6r att laga h\u00e5l och som f\u00f6rst\u00e4rkning av skarvar och h\u00f6rn. Perfekt f\u00f6r montering av blixtl\u00e5sd\u00f6rrar, tejp best\u00e5r av LDPE och kan endast v\u00e4rmas upp n\u00e5got.<\/li>\n<\/ol>\n<p>Med v\u00e5r krympfilmstejp f\u00e5r du en p\u00e5litlig produkt och effektiv l\u00f6sning f\u00f6r att s\u00e4kra och f\u00f6rsegla p\u00e5 ett s\u00e4kert s\u00e4tt.<\/p>","protected":false},"featured_media":16253,"comment_status":"open","ping_status":"closed","template":"","meta":[],"product_cat":[76,94],"product_tag":[],"class_list":{"0":"post-15683","1":"product","2":"type-product","3":"status-publish","4":"has-post-thumbnail","6":"product_cat-krympplast-tillbehor","7":"product_cat-krympfilmstejp","9":"first","10":"instock","11":"taxable","12":"shipping-taxable","13":"purchasable","14":"product-type-variable"},"yoast_head":"<!-- This site is optimized with the Yoast SEO plugin v24.1 - https:\/\/yoast.com\/wordpress\/plugins\/seo\/ -->\n<title>Krympfilmstejp 50-100mm - Frontsite<\/title>\n<meta name=\"description\" content=\"Optimera din f\u00f6rpackningsprocess med v\u00e5r krympfilmstejp. V\u00e5r krympfilmstejp \u00e4r den ultimata l\u00f6sningen f\u00f6r s\u00e4ker och effektiv f\u00f6rsegling av dina f\u00f6rpackningar. Finns i tv\u00e5 varianter: SH50W (50mm x 33m) och SH100W (100mm x 33m). Den flexibla designen g\u00f6r den idealisk f\u00f6r anv\u00e4ndning med krympfilm och kan enkelt anpassas till dina behov. Med enkel applicering och t\u00e5lig konstruktion ger v\u00e5r krympfilmstejp enast\u00e5ende h\u00e5llbarhet och s\u00e4kerhet under hela transportprocessen. Perfekt f\u00f6r permanent tejpning p\u00e5 krympplast, lappning av h\u00e5l och f\u00f6rst\u00e4rkning av skarvar och h\u00f6rn. Ge dina f\u00f6rpackningar s\u00e4kerhet och tillf\u00f6rlitlighet med v\u00e5r krympfilmstejp.\" \/>\n<meta name=\"robots\" content=\"index, follow, max-snippet:-1, max-image-preview:large, max-video-preview:-1\" \/>\n<link rel=\"canonical\" href=\"https:\/\/frontsite.se\/en\/product\/krympfilmstejp-50-100mm\/\" \/>\n<meta property=\"og:locale\" content=\"en_GB\" \/>\n<meta property=\"og:type\" content=\"article\" \/>\n<meta property=\"og:title\" content=\"Krympfilmstejp 50-100mm - Frontsite\" \/>\n<meta property=\"og:description\" content=\"Optimera din f\u00f6rpackningsprocess med v\u00e5r krympfilmstejp. V\u00e5r krympfilmstejp \u00e4r den ultimata l\u00f6sningen f\u00f6r s\u00e4ker och effektiv f\u00f6rsegling av dina f\u00f6rpackningar. Finns i tv\u00e5 varianter: SH50W (50mm x 33m) och SH100W (100mm x 33m). Den flexibla designen g\u00f6r den idealisk f\u00f6r anv\u00e4ndning med krympfilm och kan enkelt anpassas till dina behov. Med enkel applicering och t\u00e5lig konstruktion ger v\u00e5r krympfilmstejp enast\u00e5ende h\u00e5llbarhet och s\u00e4kerhet under hela transportprocessen. Perfekt f\u00f6r permanent tejpning p\u00e5 krympplast, lappning av h\u00e5l och f\u00f6rst\u00e4rkning av skarvar och h\u00f6rn. Ge dina f\u00f6rpackningar s\u00e4kerhet och tillf\u00f6rlitlighet med v\u00e5r krympfilmstejp.\" \/>\n<meta property=\"og:url\" content=\"https:\/\/frontsite.se\/en\/product\/krympfilmstejp-50-100mm\/\" \/>\n<meta property=\"og:site_name\" content=\"Frontsite\" \/>\n<meta property=\"article:modified_time\" content=\"2025-03-10T08:13:51+00:00\" \/>\n<meta property=\"og:image\" content=\"https:\/\/frontsite.lingonbyran.se\/wp-content\/uploads\/2024\/01\/Tapes-SH-HU.jpg\" \/>\n\t<meta property=\"og:image:width\" content=\"354\" \/>\n\t<meta property=\"og:image:height\" content=\"198\" \/>\n\t<meta property=\"og:image:type\" content=\"image\/jpeg\" \/>\n<meta name=\"twitter:card\" content=\"summary_large_image\" \/>\n<meta name=\"twitter:label1\" content=\"Estimated reading time\" \/>\n\t<meta name=\"twitter:data1\" content=\"2 minutes\" \/>\n<script type=\"application\/ld+json\" class=\"yoast-schema-graph\">{\"@context\":\"https:\/\/schema.org\",\"@graph\":[{\"@type\":\"WebPage\",\"@id\":\"https:\/\/frontsite.se\/produkt\/krympfilmstejp-50-100mm\/\",\"url\":\"https:\/\/frontsite.se\/produkt\/krympfilmstejp-50-100mm\/\",\"name\":\"Krympfilmstejp 50-100mm - Frontsite\",\"isPartOf\":{\"@id\":\"https:\/\/frontsite.se\/#website\"},\"primaryImageOfPage\":{\"@id\":\"https:\/\/frontsite.se\/produkt\/krympfilmstejp-50-100mm\/#primaryimage\"},\"image\":{\"@id\":\"https:\/\/frontsite.se\/produkt\/krympfilmstejp-50-100mm\/#primaryimage\"},\"thumbnailUrl\":\"https:\/\/frontsite.se\/wp-content\/uploads\/2024\/01\/Tapes-SH-HU.jpg\",\"datePublished\":\"2024-01-12T19:36:00+00:00\",\"dateModified\":\"2025-03-10T08:13:51+00:00\",\"description\":\"Optimera din f\u00f6rpackningsprocess med v\u00e5r krympfilmstejp. V\u00e5r krympfilmstejp \u00e4r den ultimata l\u00f6sningen f\u00f6r s\u00e4ker och effektiv f\u00f6rsegling av dina f\u00f6rpackningar. Finns i tv\u00e5 varianter: SH50W (50mm x 33m) och SH100W (100mm x 33m). Den flexibla designen g\u00f6r den idealisk f\u00f6r anv\u00e4ndning med krympfilm och kan enkelt anpassas till dina behov. Med enkel applicering och t\u00e5lig konstruktion ger v\u00e5r krympfilmstejp enast\u00e5ende h\u00e5llbarhet och s\u00e4kerhet under hela transportprocessen. Perfekt f\u00f6r permanent tejpning p\u00e5 krympplast, lappning av h\u00e5l och f\u00f6rst\u00e4rkning av skarvar och h\u00f6rn. Ge dina f\u00f6rpackningar s\u00e4kerhet och tillf\u00f6rlitlighet med v\u00e5r krympfilmstejp.\",\"breadcrumb\":{\"@id\":\"https:\/\/frontsite.se\/produkt\/krympfilmstejp-50-100mm\/#breadcrumb\"},\"inLanguage\":\"en-GB\",\"potentialAction\":[{\"@type\":\"ReadAction\",\"target\":[\"https:\/\/frontsite.se\/produkt\/krympfilmstejp-50-100mm\/\"]}]},{\"@type\":\"ImageObject\",\"inLanguage\":\"en-GB\",\"@id\":\"https:\/\/frontsite.se\/produkt\/krympfilmstejp-50-100mm\/#primaryimage\",\"url\":\"https:\/\/frontsite.se\/wp-content\/uploads\/2024\/01\/Tapes-SH-HU.jpg\",\"contentUrl\":\"https:\/\/frontsite.se\/wp-content\/uploads\/2024\/01\/Tapes-SH-HU.jpg\",\"width\":354,\"height\":198},{\"@type\":\"BreadcrumbList\",\"@id\":\"https:\/\/frontsite.se\/produkt\/krympfilmstejp-50-100mm\/#breadcrumb\",\"itemListElement\":[{\"@type\":\"ListItem\",\"position\":1,\"name\":\"Hem\",\"item\":\"https:\/\/frontsite.se\/\"},{\"@type\":\"ListItem\",\"position\":2,\"name\":\"Shop\",\"item\":\"https:\/\/frontsite.lingonbyran.se\/shop\/\"},{\"@type\":\"ListItem\",\"position\":3,\"name\":\"Krympfilmstejp 50-100mm\"}]},{\"@type\":\"WebSite\",\"@id\":\"https:\/\/frontsite.se\/#website\",\"url\":\"https:\/\/frontsite.se\/\",\"name\":\"Frontsite\",\"description\":\"Expert P\u00e5 st\u00e4llningsprodukter och profilering\",\"publisher\":{\"@id\":\"https:\/\/frontsite.se\/#organization\"},\"potentialAction\":[{\"@type\":\"SearchAction\",\"target\":{\"@type\":\"EntryPoint\",\"urlTemplate\":\"https:\/\/frontsite.se\/?s={search_term_string}\"},\"query-input\":{\"@type\":\"PropertyValueSpecification\",\"valueRequired\":true,\"valueName\":\"search_term_string\"}}],\"inLanguage\":\"en-GB\"},{\"@type\":\"Organization\",\"@id\":\"https:\/\/frontsite.se\/#organization\",\"name\":\"Frontsite\",\"url\":\"https:\/\/frontsite.se\/\",\"logo\":{\"@type\":\"ImageObject\",\"inLanguage\":\"en-GB\",\"@id\":\"https:\/\/frontsite.se\/#\/schema\/logo\/image\/\",\"url\":\"https:\/\/frontsite.se\/wp-content\/uploads\/2024\/08\/Logo-Ratt-farg.png\",\"contentUrl\":\"https:\/\/frontsite.se\/wp-content\/uploads\/2024\/08\/Logo-Ratt-farg.png\",\"width\":1004,\"height\":1004,\"caption\":\"Frontsite\"},\"image\":{\"@id\":\"https:\/\/frontsite.se\/#\/schema\/logo\/image\/\"}}]}<\/script>\n<!-- \/ Yoast SEO plugin. -->","yoast_head_json":{"title":"Krympfilmstejp 50-100mm - Frontsite","description":"Optimera din f\u00f6rpackningsprocess med v\u00e5r krympfilmstejp. V\u00e5r krympfilmstejp \u00e4r den ultimata l\u00f6sningen f\u00f6r s\u00e4ker och effektiv f\u00f6rsegling av dina f\u00f6rpackningar. Finns i tv\u00e5 varianter: SH50W (50mm x 33m) och SH100W (100mm x 33m). Den flexibla designen g\u00f6r den idealisk f\u00f6r anv\u00e4ndning med krympfilm och kan enkelt anpassas till dina behov. Med enkel applicering och t\u00e5lig konstruktion ger v\u00e5r krympfilmstejp enast\u00e5ende h\u00e5llbarhet och s\u00e4kerhet under hela transportprocessen. Perfekt f\u00f6r permanent tejpning p\u00e5 krympplast, lappning av h\u00e5l och f\u00f6rst\u00e4rkning av skarvar och h\u00f6rn. Ge dina f\u00f6rpackningar s\u00e4kerhet och tillf\u00f6rlitlighet med v\u00e5r krympfilmstejp.","robots":{"index":"index","follow":"follow","max-snippet":"max-snippet:-1","max-image-preview":"max-image-preview:large","max-video-preview":"max-video-preview:-1"},"canonical":"https:\/\/frontsite.se\/en\/product\/krympfilmstejp-50-100mm\/","og_locale":"en_GB","og_type":"article","og_title":"Krympfilmstejp 50-100mm - Frontsite","og_description":"Optimera din f\u00f6rpackningsprocess med v\u00e5r krympfilmstejp. V\u00e5r krympfilmstejp \u00e4r den ultimata l\u00f6sningen f\u00f6r s\u00e4ker och effektiv f\u00f6rsegling av dina f\u00f6rpackningar. Finns i tv\u00e5 varianter: SH50W (50mm x 33m) och SH100W (100mm x 33m). Den flexibla designen g\u00f6r den idealisk f\u00f6r anv\u00e4ndning med krympfilm och kan enkelt anpassas till dina behov. Med enkel applicering och t\u00e5lig konstruktion ger v\u00e5r krympfilmstejp enast\u00e5ende h\u00e5llbarhet och s\u00e4kerhet under hela transportprocessen. Perfekt f\u00f6r permanent tejpning p\u00e5 krympplast, lappning av h\u00e5l och f\u00f6rst\u00e4rkning av skarvar och h\u00f6rn. Ge dina f\u00f6rpackningar s\u00e4kerhet och tillf\u00f6rlitlighet med v\u00e5r krympfilmstejp.","og_url":"https:\/\/frontsite.se\/en\/product\/krympfilmstejp-50-100mm\/","og_site_name":"Frontsite","article_modified_time":"2025-03-10T08:13:51+00:00","og_image":[{"width":354,"height":198,"url":"https:\/\/frontsite.lingonbyran.se\/wp-content\/uploads\/2024\/01\/Tapes-SH-HU.jpg","type":"image\/jpeg"}],"twitter_card":"summary_large_image","twitter_misc":{"Estimated reading time":"2 minutes"},"schema":{"@context":"https:\/\/schema.org","@graph":[{"@type":"WebPage","@id":"https:\/\/frontsite.se\/produkt\/krympfilmstejp-50-100mm\/","url":"https:\/\/frontsite.se\/produkt\/krympfilmstejp-50-100mm\/","name":"Krympfilmstejp 50-100mm - Frontsite","isPartOf":{"@id":"https:\/\/frontsite.se\/#website"},"primaryImageOfPage":{"@id":"https:\/\/frontsite.se\/produkt\/krympfilmstejp-50-100mm\/#primaryimage"},"image":{"@id":"https:\/\/frontsite.se\/produkt\/krympfilmstejp-50-100mm\/#primaryimage"},"thumbnailUrl":"https:\/\/frontsite.se\/wp-content\/uploads\/2024\/01\/Tapes-SH-HU.jpg","datePublished":"2024-01-12T19:36:00+00:00","dateModified":"2025-03-10T08:13:51+00:00","description":"Optimera din f\u00f6rpackningsprocess med v\u00e5r krympfilmstejp. V\u00e5r krympfilmstejp \u00e4r den ultimata l\u00f6sningen f\u00f6r s\u00e4ker och effektiv f\u00f6rsegling av dina f\u00f6rpackningar. Finns i tv\u00e5 varianter: SH50W (50mm x 33m) och SH100W (100mm x 33m). Den flexibla designen g\u00f6r den idealisk f\u00f6r anv\u00e4ndning med krympfilm och kan enkelt anpassas till dina behov. Med enkel applicering och t\u00e5lig konstruktion ger v\u00e5r krympfilmstejp enast\u00e5ende h\u00e5llbarhet och s\u00e4kerhet under hela transportprocessen. Perfekt f\u00f6r permanent tejpning p\u00e5 krympplast, lappning av h\u00e5l och f\u00f6rst\u00e4rkning av skarvar och h\u00f6rn. Ge dina f\u00f6rpackningar s\u00e4kerhet och tillf\u00f6rlitlighet med v\u00e5r krympfilmstejp.","breadcrumb":{"@id":"https:\/\/frontsite.se\/produkt\/krympfilmstejp-50-100mm\/#breadcrumb"},"inLanguage":"en-GB","potentialAction":[{"@type":"ReadAction","target":["https:\/\/frontsite.se\/produkt\/krympfilmstejp-50-100mm\/"]}]},{"@type":"ImageObject","inLanguage":"en-GB","@id":"https:\/\/frontsite.se\/produkt\/krympfilmstejp-50-100mm\/#primaryimage","url":"https:\/\/frontsite.se\/wp-content\/uploads\/2024\/01\/Tapes-SH-HU.jpg","contentUrl":"https:\/\/frontsite.se\/wp-content\/uploads\/2024\/01\/Tapes-SH-HU.jpg","width":354,"height":198},{"@type":"BreadcrumbList","@id":"https:\/\/frontsite.se\/produkt\/krympfilmstejp-50-100mm\/#breadcrumb","itemListElement":[{"@type":"ListItem","position":1,"name":"Hem","item":"https:\/\/frontsite.se\/"},{"@type":"ListItem","position":2,"name":"Shop","item":"https:\/\/frontsite.lingonbyran.se\/shop\/"},{"@type":"ListItem","position":3,"name":"Krympfilmstejp 50-100mm"}]},{"@type":"WebSite","@id":"https:\/\/frontsite.se\/#website","url":"https:\/\/frontsite.se\/","name":"Frontsite","description":"Expert P\u00e5 st\u00e4llningsprodukter och profilering","publisher":{"@id":"https:\/\/frontsite.se\/#organization"},"potentialAction":[{"@type":"SearchAction","target":{"@type":"EntryPoint","urlTemplate":"https:\/\/frontsite.se\/?s={search_term_string}"},"query-input":{"@type":"PropertyValueSpecification","valueRequired":true,"valueName":"search_term_string"}}],"inLanguage":"en-GB"},{"@type":"Organization","@id":"https:\/\/frontsite.se\/#organization","name":"Frontsite","url":"https:\/\/frontsite.se\/","logo":{"@type":"ImageObject","inLanguage":"en-GB","@id":"https:\/\/frontsite.se\/#\/schema\/logo\/image\/","url":"https:\/\/frontsite.se\/wp-content\/uploads\/2024\/08\/Logo-Ratt-farg.png","contentUrl":"https:\/\/frontsite.se\/wp-content\/uploads\/2024\/08\/Logo-Ratt-farg.png","width":1004,"height":1004,"caption":"Frontsite"},"image":{"@id":"https:\/\/frontsite.se\/#\/schema\/logo\/image\/"}}]}},"jetpack_sharing_enabled":true,"_links":{"self":[{"href":"https:\/\/frontsite.se\/en\/wp-json\/wp\/v2\/product\/15683","targetHints":{"allow":["GET"]}}],"collection":[{"href":"https:\/\/frontsite.se\/en\/wp-json\/wp\/v2\/product"}],"about":[{"href":"https:\/\/frontsite.se\/en\/wp-json\/wp\/v2\/types\/product"}],"replies":[{"embeddable":true,"href":"https:\/\/frontsite.se\/en\/wp-json\/wp\/v2\/comments?post=15683"}],"version-history":[{"count":4,"href":"https:\/\/frontsite.se\/en\/wp-json\/wp\/v2\/product\/15683\/revisions"}],"predecessor-version":[{"id":16789,"href":"https:\/\/frontsite.se\/en\/wp-json\/wp\/v2\/product\/15683\/revisions\/16789"}],"wp:featuredmedia":[{"embeddable":true,"href":"https:\/\/frontsite.se\/en\/wp-json\/wp\/v2\/media\/16253"}],"wp:attachment":[{"href":"https:\/\/frontsite.se\/en\/wp-json\/wp\/v2\/media?parent=15683"}],"wp:term":[{"taxonomy":"product_cat","embeddable":true,"href":"https:\/\/frontsite.se\/en\/wp-json\/wp\/v2\/product_cat?post=15683"},{"taxonomy":"product_tag","embeddable":true,"href":"https:\/\/frontsite.se\/en\/wp-json\/wp\/v2\/product_tag?post=15683"}],"curies":[{"name":"wp","href":"https:\/\/api.w.org\/{rel}","templated":true}]}}