{"id":15681,"date":"2024-01-12T19:36:00","date_gmt":"2024-01-12T19:36:00","guid":{"rendered":"https:\/\/frontsite.se\/?post_type=product&#038;p=15681"},"modified":"2024-12-02T09:32:27","modified_gmt":"2024-12-02T09:32:27","slug":"blixtlasdorr-for-krympplast","status":"publish","type":"product","link":"https:\/\/frontsite.se\/en\/product\/blixtlasdorr-for-krympplast\/","title":{"rendered":"Blixtl\u00e5sd\u00f6rr f\u00f6r krympplast"},"content":{"rendered":"<p><img fetchpriority=\"high\" decoding=\"async\" class=\"alignnone size-full wp-image-16257\" src=\"https:\/\/frontsite.se\/wp-content\/uploads\/2024\/01\/Zipper-doors.jpg\" alt=\"\" width=\"250\" height=\"250\" srcset=\"https:\/\/frontsite.se\/wp-content\/uploads\/2024\/01\/Zipper-doors.jpg 250w, https:\/\/frontsite.se\/wp-content\/uploads\/2024\/01\/Zipper-doors-150x150.jpg 150w\" sizes=\"(max-width: 250px) 100vw, 250px\" \/><\/p>\n<p><strong>Blixtl\u00e5sd\u00f6rr <\/strong><\/p>\n<p>75x90W Bredd75cm H\u00f6jd 90cm<\/p>\n<p>90x120W Bredd 90cm H\u00f6jd 120cm<\/p>\n<p>90x180W Bredd90cm H\u00f6jd 180cm<\/p>\n<p>Tilltr\u00e4de inuti b\u00e5tar och andra omr\u00e5den under krympplastning tack vare blixtl\u00e5sd\u00f6rrar l\u00e4tt att installera med tejp. Blixtl\u00e5sd\u00f6rrar rekommenderas f\u00f6r l\u00e5ngvarig lagring Tillg\u00e4nglig i 3 storlekar F\u00e4rg Vit W<\/p>","protected":false},"excerpt":{"rendered":"<p>Blixtl\u00e5sd\u00f6rr 75x90W Bredd75cm H\u00f6jd 90cm 90x120W Bredd 90cm H\u00f6jd 120cm 90x180W Bredd90cm H\u00f6jd 180cm Tilltr\u00e4de inuti b\u00e5tar och andra omr\u00e5den<\/p>","protected":false},"featured_media":16257,"comment_status":"open","ping_status":"closed","template":"","meta":[],"product_cat":[92,76],"product_tag":[],"class_list":{"0":"post-15681","1":"product","2":"type-product","3":"status-publish","4":"has-post-thumbnail","6":"product_cat-blixtlasdorr-for-krymplast","7":"product_cat-krympplast-tillbehor","9":"first","10":"instock","11":"taxable","12":"shipping-taxable","13":"purchasable","14":"product-type-variable"},"yoast_head":"<!-- This site is optimized with the Yoast SEO plugin v24.1 - https:\/\/yoast.com\/wordpress\/plugins\/seo\/ -->\n<title>Blixtl\u00e5sd\u00f6rr f\u00f6r krympplast - Frontsite<\/title>\n<meta name=\"description\" content=\"Tilltr\u00e4de inuti b\u00e5tar och andra omr\u00e5den under krympplastning tack vare blixtl\u00e5sd\u00f6rrar l\u00e4tt att installera med tejp. Blixtl\u00e5sd\u00f6rrar rekommenderas f\u00f6r l\u00e5ngvarig lagring Tillg\u00e4nglig i 3 storlekar F\u00e4rg Vit W\" \/>\n<meta name=\"robots\" content=\"index, follow, max-snippet:-1, max-image-preview:large, max-video-preview:-1\" \/>\n<link rel=\"canonical\" href=\"https:\/\/frontsite.se\/en\/product\/blixtlasdorr-for-krympplast\/\" \/>\n<meta property=\"og:locale\" content=\"en_GB\" \/>\n<meta property=\"og:type\" content=\"article\" \/>\n<meta property=\"og:title\" content=\"Blixtl\u00e5sd\u00f6rr f\u00f6r krympplast - Frontsite\" \/>\n<meta property=\"og:description\" content=\"Tilltr\u00e4de inuti b\u00e5tar och andra omr\u00e5den under krympplastning tack vare blixtl\u00e5sd\u00f6rrar l\u00e4tt att installera med tejp. Blixtl\u00e5sd\u00f6rrar rekommenderas f\u00f6r l\u00e5ngvarig lagring Tillg\u00e4nglig i 3 storlekar F\u00e4rg Vit W\" \/>\n<meta property=\"og:url\" content=\"https:\/\/frontsite.se\/en\/product\/blixtlasdorr-for-krympplast\/\" \/>\n<meta property=\"og:site_name\" content=\"Frontsite\" \/>\n<meta property=\"article:modified_time\" content=\"2024-12-02T09:32:27+00:00\" \/>\n<meta property=\"og:image\" content=\"https:\/\/frontsite.se\/wp-content\/uploads\/2024\/01\/Zipper-doors.jpg\" \/>\n\t<meta property=\"og:image:width\" content=\"250\" \/>\n\t<meta property=\"og:image:height\" content=\"250\" \/>\n\t<meta property=\"og:image:type\" content=\"image\/jpeg\" \/>\n<meta name=\"twitter:card\" content=\"summary_large_image\" \/>\n<meta name=\"twitter:label1\" content=\"Estimated reading time\" \/>\n\t<meta name=\"twitter:data1\" content=\"1 minute\" \/>\n<script type=\"application\/ld+json\" class=\"yoast-schema-graph\">{\"@context\":\"https:\/\/schema.org\",\"@graph\":[{\"@type\":\"WebPage\",\"@id\":\"https:\/\/frontsite.se\/produkt\/blixtlasdorr-for-krympplast\/\",\"url\":\"https:\/\/frontsite.se\/produkt\/blixtlasdorr-for-krympplast\/\",\"name\":\"Blixtl\u00e5sd\u00f6rr f\u00f6r krympplast - Frontsite\",\"isPartOf\":{\"@id\":\"https:\/\/frontsite.se\/#website\"},\"primaryImageOfPage\":{\"@id\":\"https:\/\/frontsite.se\/produkt\/blixtlasdorr-for-krympplast\/#primaryimage\"},\"image\":{\"@id\":\"https:\/\/frontsite.se\/produkt\/blixtlasdorr-for-krympplast\/#primaryimage\"},\"thumbnailUrl\":\"https:\/\/frontsite.se\/wp-content\/uploads\/2024\/01\/Zipper-doors.jpg\",\"datePublished\":\"2024-01-12T19:36:00+00:00\",\"dateModified\":\"2024-12-02T09:32:27+00:00\",\"description\":\"Tilltr\u00e4de inuti b\u00e5tar och andra omr\u00e5den under krympplastning tack vare blixtl\u00e5sd\u00f6rrar l\u00e4tt att installera med tejp. Blixtl\u00e5sd\u00f6rrar rekommenderas f\u00f6r l\u00e5ngvarig lagring Tillg\u00e4nglig i 3 storlekar F\u00e4rg Vit W\",\"breadcrumb\":{\"@id\":\"https:\/\/frontsite.se\/produkt\/blixtlasdorr-for-krympplast\/#breadcrumb\"},\"inLanguage\":\"en-GB\",\"potentialAction\":[{\"@type\":\"ReadAction\",\"target\":[\"https:\/\/frontsite.se\/produkt\/blixtlasdorr-for-krympplast\/\"]}]},{\"@type\":\"ImageObject\",\"inLanguage\":\"en-GB\",\"@id\":\"https:\/\/frontsite.se\/produkt\/blixtlasdorr-for-krympplast\/#primaryimage\",\"url\":\"https:\/\/frontsite.se\/wp-content\/uploads\/2024\/01\/Zipper-doors.jpg\",\"contentUrl\":\"https:\/\/frontsite.se\/wp-content\/uploads\/2024\/01\/Zipper-doors.jpg\",\"width\":250,\"height\":250},{\"@type\":\"BreadcrumbList\",\"@id\":\"https:\/\/frontsite.se\/produkt\/blixtlasdorr-for-krympplast\/#breadcrumb\",\"itemListElement\":[{\"@type\":\"ListItem\",\"position\":1,\"name\":\"Hem\",\"item\":\"https:\/\/frontsite.se\/\"},{\"@type\":\"ListItem\",\"position\":2,\"name\":\"Shop\",\"item\":\"https:\/\/frontsite.lingonbyran.se\/shop\/\"},{\"@type\":\"ListItem\",\"position\":3,\"name\":\"Blixtl\u00e5sd\u00f6rr f\u00f6r krympplast\"}]},{\"@type\":\"WebSite\",\"@id\":\"https:\/\/frontsite.se\/#website\",\"url\":\"https:\/\/frontsite.se\/\",\"name\":\"Frontsite\",\"description\":\"Expert P\u00e5 st\u00e4llningsprodukter och profilering\",\"publisher\":{\"@id\":\"https:\/\/frontsite.se\/#organization\"},\"potentialAction\":[{\"@type\":\"SearchAction\",\"target\":{\"@type\":\"EntryPoint\",\"urlTemplate\":\"https:\/\/frontsite.se\/?s={search_term_string}\"},\"query-input\":{\"@type\":\"PropertyValueSpecification\",\"valueRequired\":true,\"valueName\":\"search_term_string\"}}],\"inLanguage\":\"en-GB\"},{\"@type\":\"Organization\",\"@id\":\"https:\/\/frontsite.se\/#organization\",\"name\":\"Frontsite\",\"url\":\"https:\/\/frontsite.se\/\",\"logo\":{\"@type\":\"ImageObject\",\"inLanguage\":\"en-GB\",\"@id\":\"https:\/\/frontsite.se\/#\/schema\/logo\/image\/\",\"url\":\"https:\/\/frontsite.se\/wp-content\/uploads\/2024\/08\/Logo-Ratt-farg.png\",\"contentUrl\":\"https:\/\/frontsite.se\/wp-content\/uploads\/2024\/08\/Logo-Ratt-farg.png\",\"width\":1004,\"height\":1004,\"caption\":\"Frontsite\"},\"image\":{\"@id\":\"https:\/\/frontsite.se\/#\/schema\/logo\/image\/\"}}]}<\/script>\n<!-- \/ Yoast SEO plugin. -->","yoast_head_json":{"title":"Blixtl\u00e5sd\u00f6rr f\u00f6r krympplast - Frontsite","description":"Tilltr\u00e4de inuti b\u00e5tar och andra omr\u00e5den under krympplastning tack vare blixtl\u00e5sd\u00f6rrar l\u00e4tt att installera med tejp. Blixtl\u00e5sd\u00f6rrar rekommenderas f\u00f6r l\u00e5ngvarig lagring Tillg\u00e4nglig i 3 storlekar F\u00e4rg Vit W","robots":{"index":"index","follow":"follow","max-snippet":"max-snippet:-1","max-image-preview":"max-image-preview:large","max-video-preview":"max-video-preview:-1"},"canonical":"https:\/\/frontsite.se\/en\/product\/blixtlasdorr-for-krympplast\/","og_locale":"en_GB","og_type":"article","og_title":"Blixtl\u00e5sd\u00f6rr f\u00f6r krympplast - Frontsite","og_description":"Tilltr\u00e4de inuti b\u00e5tar och andra omr\u00e5den under krympplastning tack vare blixtl\u00e5sd\u00f6rrar l\u00e4tt att installera med tejp. Blixtl\u00e5sd\u00f6rrar rekommenderas f\u00f6r l\u00e5ngvarig lagring Tillg\u00e4nglig i 3 storlekar F\u00e4rg Vit W","og_url":"https:\/\/frontsite.se\/en\/product\/blixtlasdorr-for-krympplast\/","og_site_name":"Frontsite","article_modified_time":"2024-12-02T09:32:27+00:00","og_image":[{"width":250,"height":250,"url":"https:\/\/frontsite.se\/wp-content\/uploads\/2024\/01\/Zipper-doors.jpg","type":"image\/jpeg"}],"twitter_card":"summary_large_image","twitter_misc":{"Estimated reading time":"1 minute"},"schema":{"@context":"https:\/\/schema.org","@graph":[{"@type":"WebPage","@id":"https:\/\/frontsite.se\/produkt\/blixtlasdorr-for-krympplast\/","url":"https:\/\/frontsite.se\/produkt\/blixtlasdorr-for-krympplast\/","name":"Blixtl\u00e5sd\u00f6rr f\u00f6r krympplast - Frontsite","isPartOf":{"@id":"https:\/\/frontsite.se\/#website"},"primaryImageOfPage":{"@id":"https:\/\/frontsite.se\/produkt\/blixtlasdorr-for-krympplast\/#primaryimage"},"image":{"@id":"https:\/\/frontsite.se\/produkt\/blixtlasdorr-for-krympplast\/#primaryimage"},"thumbnailUrl":"https:\/\/frontsite.se\/wp-content\/uploads\/2024\/01\/Zipper-doors.jpg","datePublished":"2024-01-12T19:36:00+00:00","dateModified":"2024-12-02T09:32:27+00:00","description":"Tilltr\u00e4de inuti b\u00e5tar och andra omr\u00e5den under krympplastning tack vare blixtl\u00e5sd\u00f6rrar l\u00e4tt att installera med tejp. Blixtl\u00e5sd\u00f6rrar rekommenderas f\u00f6r l\u00e5ngvarig lagring Tillg\u00e4nglig i 3 storlekar F\u00e4rg Vit W","breadcrumb":{"@id":"https:\/\/frontsite.se\/produkt\/blixtlasdorr-for-krympplast\/#breadcrumb"},"inLanguage":"en-GB","potentialAction":[{"@type":"ReadAction","target":["https:\/\/frontsite.se\/produkt\/blixtlasdorr-for-krympplast\/"]}]},{"@type":"ImageObject","inLanguage":"en-GB","@id":"https:\/\/frontsite.se\/produkt\/blixtlasdorr-for-krympplast\/#primaryimage","url":"https:\/\/frontsite.se\/wp-content\/uploads\/2024\/01\/Zipper-doors.jpg","contentUrl":"https:\/\/frontsite.se\/wp-content\/uploads\/2024\/01\/Zipper-doors.jpg","width":250,"height":250},{"@type":"BreadcrumbList","@id":"https:\/\/frontsite.se\/produkt\/blixtlasdorr-for-krympplast\/#breadcrumb","itemListElement":[{"@type":"ListItem","position":1,"name":"Hem","item":"https:\/\/frontsite.se\/"},{"@type":"ListItem","position":2,"name":"Shop","item":"https:\/\/frontsite.lingonbyran.se\/shop\/"},{"@type":"ListItem","position":3,"name":"Blixtl\u00e5sd\u00f6rr f\u00f6r krympplast"}]},{"@type":"WebSite","@id":"https:\/\/frontsite.se\/#website","url":"https:\/\/frontsite.se\/","name":"Frontsite","description":"Expert P\u00e5 st\u00e4llningsprodukter och profilering","publisher":{"@id":"https:\/\/frontsite.se\/#organization"},"potentialAction":[{"@type":"SearchAction","target":{"@type":"EntryPoint","urlTemplate":"https:\/\/frontsite.se\/?s={search_term_string}"},"query-input":{"@type":"PropertyValueSpecification","valueRequired":true,"valueName":"search_term_string"}}],"inLanguage":"en-GB"},{"@type":"Organization","@id":"https:\/\/frontsite.se\/#organization","name":"Frontsite","url":"https:\/\/frontsite.se\/","logo":{"@type":"ImageObject","inLanguage":"en-GB","@id":"https:\/\/frontsite.se\/#\/schema\/logo\/image\/","url":"https:\/\/frontsite.se\/wp-content\/uploads\/2024\/08\/Logo-Ratt-farg.png","contentUrl":"https:\/\/frontsite.se\/wp-content\/uploads\/2024\/08\/Logo-Ratt-farg.png","width":1004,"height":1004,"caption":"Frontsite"},"image":{"@id":"https:\/\/frontsite.se\/#\/schema\/logo\/image\/"}}]}},"jetpack_sharing_enabled":true,"_links":{"self":[{"href":"https:\/\/frontsite.se\/en\/wp-json\/wp\/v2\/product\/15681","targetHints":{"allow":["GET"]}}],"collection":[{"href":"https:\/\/frontsite.se\/en\/wp-json\/wp\/v2\/product"}],"about":[{"href":"https:\/\/frontsite.se\/en\/wp-json\/wp\/v2\/types\/product"}],"replies":[{"embeddable":true,"href":"https:\/\/frontsite.se\/en\/wp-json\/wp\/v2\/comments?post=15681"}],"version-history":[{"count":5,"href":"https:\/\/frontsite.se\/en\/wp-json\/wp\/v2\/product\/15681\/revisions"}],"predecessor-version":[{"id":17378,"href":"https:\/\/frontsite.se\/en\/wp-json\/wp\/v2\/product\/15681\/revisions\/17378"}],"wp:featuredmedia":[{"embeddable":true,"href":"https:\/\/frontsite.se\/en\/wp-json\/wp\/v2\/media\/16257"}],"wp:attachment":[{"href":"https:\/\/frontsite.se\/en\/wp-json\/wp\/v2\/media?parent=15681"}],"wp:term":[{"taxonomy":"product_cat","embeddable":true,"href":"https:\/\/frontsite.se\/en\/wp-json\/wp\/v2\/product_cat?post=15681"},{"taxonomy":"product_tag","embeddable":true,"href":"https:\/\/frontsite.se\/en\/wp-json\/wp\/v2\/product_tag?post=15681"}],"curies":[{"name":"wp","href":"https:\/\/api.w.org\/{rel}","templated":true}]}}