{"id":15675,"date":"2024-01-12T19:35:40","date_gmt":"2024-01-12T19:35:40","guid":{"rendered":"https:\/\/frontsite.se\/?post_type=product&#038;p=15675"},"modified":"2024-12-02T09:34:34","modified_gmt":"2024-12-02T09:34:34","slug":"sjalvhaftande-ventiler-for-krympplast","status":"publish","type":"product","link":"https:\/\/frontsite.se\/en\/product\/sjalvhaftande-ventiler-for-krympplast\/","title":{"rendered":"Sj\u00e4lvh\u00e4ftande ventiler f\u00f6r krympfilm"},"content":{"rendered":"<p><strong>Optimera din F\u00f6rpackningsprocess med Sj\u00e4lvh\u00e4ftande Ventiler f\u00f6r krympfilm<\/strong><\/p>\n<p>V\u00e5ra sj\u00e4lvh\u00e4ftande ventiler f\u00f6r krympplast \u00e4r den perfekta l\u00f6sningen f\u00f6r att s\u00e4kra och effektivisera luftfl\u00f6det. Med enkel applicering och p\u00e5litlig prestanda g\u00f6r dessa ventiler processen smidigare och mer effektiv.<\/p>\n<p><strong>Funktioner och F\u00f6rdelar:<\/strong><\/p>\n<ol>\n<li><strong>Enkel Applicering:<\/strong> V\u00e5ra ventiler \u00e4r sj\u00e4lvh\u00e4ftande, vilket g\u00f6r dem mycket snabba och enkla att montera p\u00e5 krympplasten utan behov av ytterligare lim eller verktyg.<\/li>\n<li><strong>T\u00e4t F\u00f6rsegling:<\/strong> Ventilerna ger en t\u00e4t f\u00f6rsegling av krympplasten, vilket minimerar risken f\u00f6r att f\u00f6rpackningen ska \u00f6ppnas eller skadas under transport.<\/li>\n<li><strong>M\u00e5ngsidig Anv\u00e4ndning:<\/strong> Perfekt f\u00f6r olika typer av f\u00f6rpackningar och material, exempelvis b\u00e5t, bodar eller andra f\u00f6rpackningar d\u00e4r det m\u00e5ste finna ett luftfl\u00f6de, s\u00e5 att fukten inte blir inst\u00e4ngd.<\/li>\n<li><strong>H\u00f6gkvalitativ Konstruktion:<\/strong> Tillverkade av h\u00f6gkvalitativt material, erbjuder v\u00e5ra ventiler enast\u00e5ende h\u00e5llbarhet och prestanda, vilket s\u00e4kerst\u00e4ller att dina f\u00f6rpackningar f\u00f6rblir s\u00e4kra och skyddade.<\/li>\n<\/ol>\n<p>Med v\u00e5ra sj\u00e4lvh\u00e4ftande ventiler f\u00f6r krympplast f\u00e5r du en p\u00e5litlig och effektiv l\u00f6sning f\u00f6r att s\u00e4kra och f\u00f6rsegla dina f\u00f6rpackningar p\u00e5 ett s\u00e4kert s\u00e4tt. Ge dig sj\u00e4lv tryggheten att veta att dina f\u00f6rpackningar har en god ventilation. Vilket \u00e4r viktigt att montera vid l\u00e4ngre f\u00f6rvaring och lagring av material som exempelvis b\u00e5tar eller annan utrustning som \u00e4r k\u00e4nslig f\u00f6r fukt.<\/p>","protected":false},"excerpt":{"rendered":"<p><img decoding=\"async\" class=\"alignnone size-full wp-image-1727\" src=\"https:\/\/frontsite.se\/wp-content\/uploads\/ventil-krymplast1.jpg\" alt=\"\" width=\"189\" height=\"151\" \/><\/p>\n<p><strong>Self-adhesive valves for shrink fit<\/strong><\/p>\n<p><strong>Optimera din F\u00f6rpackningsprocess med Sj\u00e4lvh\u00e4ftande Ventiler f\u00f6r Krympplast<\/strong><\/p>\n<p>V\u00e5ra sj\u00e4lvh\u00e4ftande ventiler f\u00f6r krympplast \u00e4r den perfekta l\u00f6sningen f\u00f6r att s\u00e4kra och effektivisera luftfl\u00f6det. Med enkel applicering och p\u00e5litlig prestanda g\u00f6r dessa ventiler processen smidigare och mer effektiv.<\/p>\n<p><strong>Funktioner och F\u00f6rdelar:<\/strong><\/p>\n<ol>\n<li><strong>Enkel Applicering:<\/strong> V\u00e5ra ventiler \u00e4r sj\u00e4lvh\u00e4ftande, vilket g\u00f6r dem mycket snabba och enkla att montera p\u00e5 krympplasten utan behov av ytterligare lim eller verktyg.<\/li>\n<li><strong>T\u00e4t F\u00f6rsegling:<\/strong> Ventilerna ger en t\u00e4t f\u00f6rsegling av krympplasten, vilket minimerar risken f\u00f6r att f\u00f6rpackningen ska \u00f6ppnas eller skadas under transport.<\/li>\n<li><strong>M\u00e5ngsidig Anv\u00e4ndning:<\/strong> Perfekt f\u00f6r olika typer av f\u00f6rpackningar och material, exempelvis b\u00e5t, bodar eller andra f\u00f6rpackningar d\u00e4r det m\u00e5ste finna ett luftfl\u00f6de, s\u00e5 att fukten inte blir inst\u00e4ngd.<\/li>\n<li><strong>H\u00f6gkvalitativ Konstruktion:<\/strong> Tillverkade av h\u00f6gkvalitativt material, erbjuder v\u00e5ra ventiler enast\u00e5ende h\u00e5llbarhet och prestanda, vilket s\u00e4kerst\u00e4ller att dina f\u00f6rpackningar f\u00f6rblir s\u00e4kra och skyddade.<\/li>\n<\/ol>\n<p>Med v\u00e5ra sj\u00e4lvh\u00e4ftande ventiler f\u00f6r krympplast f\u00e5r du en p\u00e5litlig och effektiv l\u00f6sning f\u00f6r att s\u00e4kra och f\u00f6rsegla dina f\u00f6rpackningar p\u00e5 ett s\u00e4kert s\u00e4tt. Ge dig sj\u00e4lv tryggheten att veta att dina f\u00f6rpackningar har en god ventilation. Vilket \u00e4r viktigt att montera vid l\u00e4ngre f\u00f6rvaring och lagring av material som exempelvis b\u00e5tar eller annan utrustning som \u00e4r k\u00e4nslig f\u00f6r fukt.<\/p>","protected":false},"featured_media":15780,"comment_status":"open","ping_status":"closed","template":"","meta":[],"product_cat":[76,95],"product_tag":[],"class_list":{"0":"post-15675","1":"product","2":"type-product","3":"status-publish","4":"has-post-thumbnail","6":"product_cat-krympplast-tillbehor","7":"product_cat-sjalvhaftande-ventiler-for-krympplast","9":"first","10":"instock","11":"taxable","12":"shipping-taxable","13":"purchasable","14":"product-type-simple"},"yoast_head":"<!-- This site is optimized with the Yoast SEO plugin v24.1 - https:\/\/yoast.com\/wordpress\/plugins\/seo\/ -->\n<title>Sj\u00e4lvh\u00e4ftande ventiler f\u00f6r krympfilm - Frontsite<\/title>\n<meta name=\"description\" content=\"Ventilerna m\u00f6jligg\u00f6r god ventilation av b\u00e5ten eller utrustningen under krympf\u00f6rpackningen. Viktigt att montera vid l\u00e4ngre f\u00f6rvaring och lagring av material och b\u00e5tar.De \u00e4r sj\u00e4lvh\u00e4ftande och mycket enkla att montera.\" \/>\n<meta name=\"robots\" content=\"index, follow, max-snippet:-1, max-image-preview:large, max-video-preview:-1\" \/>\n<link rel=\"canonical\" href=\"https:\/\/frontsite.se\/en\/product\/sjalvhaftande-ventiler-for-krympplast\/\" \/>\n<meta property=\"og:locale\" content=\"en_GB\" \/>\n<meta property=\"og:type\" content=\"article\" \/>\n<meta property=\"og:title\" content=\"Sj\u00e4lvh\u00e4ftande ventiler f\u00f6r krympfilm - Frontsite\" \/>\n<meta property=\"og:description\" content=\"Ventilerna m\u00f6jligg\u00f6r god ventilation av b\u00e5ten eller utrustningen under krympf\u00f6rpackningen. Viktigt att montera vid l\u00e4ngre f\u00f6rvaring och lagring av material och b\u00e5tar.De \u00e4r sj\u00e4lvh\u00e4ftande och mycket enkla att montera.\" \/>\n<meta property=\"og:url\" content=\"https:\/\/frontsite.se\/en\/product\/sjalvhaftande-ventiler-for-krympplast\/\" \/>\n<meta property=\"og:site_name\" content=\"Frontsite\" \/>\n<meta property=\"article:modified_time\" content=\"2024-12-02T09:34:34+00:00\" \/>\n<meta property=\"og:image\" content=\"https:\/\/frontsite.se\/wp-content\/uploads\/2024\/01\/ventil-krymplast1.jpg\" \/>\n\t<meta property=\"og:image:width\" content=\"189\" \/>\n\t<meta property=\"og:image:height\" content=\"151\" \/>\n\t<meta property=\"og:image:type\" content=\"image\/jpeg\" \/>\n<meta name=\"twitter:card\" content=\"summary_large_image\" \/>\n<meta name=\"twitter:label1\" content=\"Estimated reading time\" \/>\n\t<meta name=\"twitter:data1\" content=\"2 minutes\" \/>\n<script type=\"application\/ld+json\" class=\"yoast-schema-graph\">{\"@context\":\"https:\/\/schema.org\",\"@graph\":[{\"@type\":\"WebPage\",\"@id\":\"https:\/\/frontsite.se\/produkt\/sjalvhaftande-ventiler-for-krympplast\/\",\"url\":\"https:\/\/frontsite.se\/produkt\/sjalvhaftande-ventiler-for-krympplast\/\",\"name\":\"Sj\u00e4lvh\u00e4ftande ventiler f\u00f6r krympfilm - Frontsite\",\"isPartOf\":{\"@id\":\"https:\/\/frontsite.se\/#website\"},\"primaryImageOfPage\":{\"@id\":\"https:\/\/frontsite.se\/produkt\/sjalvhaftande-ventiler-for-krympplast\/#primaryimage\"},\"image\":{\"@id\":\"https:\/\/frontsite.se\/produkt\/sjalvhaftande-ventiler-for-krympplast\/#primaryimage\"},\"thumbnailUrl\":\"https:\/\/frontsite.se\/wp-content\/uploads\/2024\/01\/ventil-krymplast1.jpg\",\"datePublished\":\"2024-01-12T19:35:40+00:00\",\"dateModified\":\"2024-12-02T09:34:34+00:00\",\"description\":\"Ventilerna m\u00f6jligg\u00f6r god ventilation av b\u00e5ten eller utrustningen under krympf\u00f6rpackningen. Viktigt att montera vid l\u00e4ngre f\u00f6rvaring och lagring av material och b\u00e5tar.De \u00e4r sj\u00e4lvh\u00e4ftande och mycket enkla att montera.\",\"breadcrumb\":{\"@id\":\"https:\/\/frontsite.se\/produkt\/sjalvhaftande-ventiler-for-krympplast\/#breadcrumb\"},\"inLanguage\":\"en-GB\",\"potentialAction\":[{\"@type\":\"ReadAction\",\"target\":[\"https:\/\/frontsite.se\/produkt\/sjalvhaftande-ventiler-for-krympplast\/\"]}]},{\"@type\":\"ImageObject\",\"inLanguage\":\"en-GB\",\"@id\":\"https:\/\/frontsite.se\/produkt\/sjalvhaftande-ventiler-for-krympplast\/#primaryimage\",\"url\":\"https:\/\/frontsite.se\/wp-content\/uploads\/2024\/01\/ventil-krymplast1.jpg\",\"contentUrl\":\"https:\/\/frontsite.se\/wp-content\/uploads\/2024\/01\/ventil-krymplast1.jpg\",\"width\":189,\"height\":151},{\"@type\":\"BreadcrumbList\",\"@id\":\"https:\/\/frontsite.se\/produkt\/sjalvhaftande-ventiler-for-krympplast\/#breadcrumb\",\"itemListElement\":[{\"@type\":\"ListItem\",\"position\":1,\"name\":\"Hem\",\"item\":\"https:\/\/frontsite.se\/\"},{\"@type\":\"ListItem\",\"position\":2,\"name\":\"Shop\",\"item\":\"https:\/\/frontsite.lingonbyran.se\/shop\/\"},{\"@type\":\"ListItem\",\"position\":3,\"name\":\"Sj\u00e4lvh\u00e4ftande ventiler f\u00f6r krympfilm\"}]},{\"@type\":\"WebSite\",\"@id\":\"https:\/\/frontsite.se\/#website\",\"url\":\"https:\/\/frontsite.se\/\",\"name\":\"Frontsite\",\"description\":\"Expert P\u00e5 st\u00e4llningsprodukter och profilering\",\"publisher\":{\"@id\":\"https:\/\/frontsite.se\/#organization\"},\"potentialAction\":[{\"@type\":\"SearchAction\",\"target\":{\"@type\":\"EntryPoint\",\"urlTemplate\":\"https:\/\/frontsite.se\/?s={search_term_string}\"},\"query-input\":{\"@type\":\"PropertyValueSpecification\",\"valueRequired\":true,\"valueName\":\"search_term_string\"}}],\"inLanguage\":\"en-GB\"},{\"@type\":\"Organization\",\"@id\":\"https:\/\/frontsite.se\/#organization\",\"name\":\"Frontsite\",\"url\":\"https:\/\/frontsite.se\/\",\"logo\":{\"@type\":\"ImageObject\",\"inLanguage\":\"en-GB\",\"@id\":\"https:\/\/frontsite.se\/#\/schema\/logo\/image\/\",\"url\":\"https:\/\/frontsite.se\/wp-content\/uploads\/2024\/08\/Logo-Ratt-farg.png\",\"contentUrl\":\"https:\/\/frontsite.se\/wp-content\/uploads\/2024\/08\/Logo-Ratt-farg.png\",\"width\":1004,\"height\":1004,\"caption\":\"Frontsite\"},\"image\":{\"@id\":\"https:\/\/frontsite.se\/#\/schema\/logo\/image\/\"}}]}<\/script>\n<!-- \/ Yoast SEO plugin. -->","yoast_head_json":{"title":"Sj\u00e4lvh\u00e4ftande ventiler f\u00f6r krympfilm - Frontsite","description":"Ventilerna m\u00f6jligg\u00f6r god ventilation av b\u00e5ten eller utrustningen under krympf\u00f6rpackningen. Viktigt att montera vid l\u00e4ngre f\u00f6rvaring och lagring av material och b\u00e5tar.De \u00e4r sj\u00e4lvh\u00e4ftande och mycket enkla att montera.","robots":{"index":"index","follow":"follow","max-snippet":"max-snippet:-1","max-image-preview":"max-image-preview:large","max-video-preview":"max-video-preview:-1"},"canonical":"https:\/\/frontsite.se\/en\/product\/sjalvhaftande-ventiler-for-krympplast\/","og_locale":"en_GB","og_type":"article","og_title":"Sj\u00e4lvh\u00e4ftande ventiler f\u00f6r krympfilm - Frontsite","og_description":"Ventilerna m\u00f6jligg\u00f6r god ventilation av b\u00e5ten eller utrustningen under krympf\u00f6rpackningen. Viktigt att montera vid l\u00e4ngre f\u00f6rvaring och lagring av material och b\u00e5tar.De \u00e4r sj\u00e4lvh\u00e4ftande och mycket enkla att montera.","og_url":"https:\/\/frontsite.se\/en\/product\/sjalvhaftande-ventiler-for-krympplast\/","og_site_name":"Frontsite","article_modified_time":"2024-12-02T09:34:34+00:00","og_image":[{"width":189,"height":151,"url":"https:\/\/frontsite.se\/wp-content\/uploads\/2024\/01\/ventil-krymplast1.jpg","type":"image\/jpeg"}],"twitter_card":"summary_large_image","twitter_misc":{"Estimated reading time":"2 minutes"},"schema":{"@context":"https:\/\/schema.org","@graph":[{"@type":"WebPage","@id":"https:\/\/frontsite.se\/produkt\/sjalvhaftande-ventiler-for-krympplast\/","url":"https:\/\/frontsite.se\/produkt\/sjalvhaftande-ventiler-for-krympplast\/","name":"Sj\u00e4lvh\u00e4ftande ventiler f\u00f6r krympfilm - Frontsite","isPartOf":{"@id":"https:\/\/frontsite.se\/#website"},"primaryImageOfPage":{"@id":"https:\/\/frontsite.se\/produkt\/sjalvhaftande-ventiler-for-krympplast\/#primaryimage"},"image":{"@id":"https:\/\/frontsite.se\/produkt\/sjalvhaftande-ventiler-for-krympplast\/#primaryimage"},"thumbnailUrl":"https:\/\/frontsite.se\/wp-content\/uploads\/2024\/01\/ventil-krymplast1.jpg","datePublished":"2024-01-12T19:35:40+00:00","dateModified":"2024-12-02T09:34:34+00:00","description":"Ventilerna m\u00f6jligg\u00f6r god ventilation av b\u00e5ten eller utrustningen under krympf\u00f6rpackningen. Viktigt att montera vid l\u00e4ngre f\u00f6rvaring och lagring av material och b\u00e5tar.De \u00e4r sj\u00e4lvh\u00e4ftande och mycket enkla att montera.","breadcrumb":{"@id":"https:\/\/frontsite.se\/produkt\/sjalvhaftande-ventiler-for-krympplast\/#breadcrumb"},"inLanguage":"en-GB","potentialAction":[{"@type":"ReadAction","target":["https:\/\/frontsite.se\/produkt\/sjalvhaftande-ventiler-for-krympplast\/"]}]},{"@type":"ImageObject","inLanguage":"en-GB","@id":"https:\/\/frontsite.se\/produkt\/sjalvhaftande-ventiler-for-krympplast\/#primaryimage","url":"https:\/\/frontsite.se\/wp-content\/uploads\/2024\/01\/ventil-krymplast1.jpg","contentUrl":"https:\/\/frontsite.se\/wp-content\/uploads\/2024\/01\/ventil-krymplast1.jpg","width":189,"height":151},{"@type":"BreadcrumbList","@id":"https:\/\/frontsite.se\/produkt\/sjalvhaftande-ventiler-for-krympplast\/#breadcrumb","itemListElement":[{"@type":"ListItem","position":1,"name":"Hem","item":"https:\/\/frontsite.se\/"},{"@type":"ListItem","position":2,"name":"Shop","item":"https:\/\/frontsite.lingonbyran.se\/shop\/"},{"@type":"ListItem","position":3,"name":"Sj\u00e4lvh\u00e4ftande ventiler f\u00f6r krympfilm"}]},{"@type":"WebSite","@id":"https:\/\/frontsite.se\/#website","url":"https:\/\/frontsite.se\/","name":"Frontsite","description":"Expert P\u00e5 st\u00e4llningsprodukter och profilering","publisher":{"@id":"https:\/\/frontsite.se\/#organization"},"potentialAction":[{"@type":"SearchAction","target":{"@type":"EntryPoint","urlTemplate":"https:\/\/frontsite.se\/?s={search_term_string}"},"query-input":{"@type":"PropertyValueSpecification","valueRequired":true,"valueName":"search_term_string"}}],"inLanguage":"en-GB"},{"@type":"Organization","@id":"https:\/\/frontsite.se\/#organization","name":"Frontsite","url":"https:\/\/frontsite.se\/","logo":{"@type":"ImageObject","inLanguage":"en-GB","@id":"https:\/\/frontsite.se\/#\/schema\/logo\/image\/","url":"https:\/\/frontsite.se\/wp-content\/uploads\/2024\/08\/Logo-Ratt-farg.png","contentUrl":"https:\/\/frontsite.se\/wp-content\/uploads\/2024\/08\/Logo-Ratt-farg.png","width":1004,"height":1004,"caption":"Frontsite"},"image":{"@id":"https:\/\/frontsite.se\/#\/schema\/logo\/image\/"}}]}},"jetpack_sharing_enabled":true,"_links":{"self":[{"href":"https:\/\/frontsite.se\/en\/wp-json\/wp\/v2\/product\/15675","targetHints":{"allow":["GET"]}}],"collection":[{"href":"https:\/\/frontsite.se\/en\/wp-json\/wp\/v2\/product"}],"about":[{"href":"https:\/\/frontsite.se\/en\/wp-json\/wp\/v2\/types\/product"}],"replies":[{"embeddable":true,"href":"https:\/\/frontsite.se\/en\/wp-json\/wp\/v2\/comments?post=15675"}],"version-history":[{"count":5,"href":"https:\/\/frontsite.se\/en\/wp-json\/wp\/v2\/product\/15675\/revisions"}],"predecessor-version":[{"id":17380,"href":"https:\/\/frontsite.se\/en\/wp-json\/wp\/v2\/product\/15675\/revisions\/17380"}],"wp:featuredmedia":[{"embeddable":true,"href":"https:\/\/frontsite.se\/en\/wp-json\/wp\/v2\/media\/15780"}],"wp:attachment":[{"href":"https:\/\/frontsite.se\/en\/wp-json\/wp\/v2\/media?parent=15675"}],"wp:term":[{"taxonomy":"product_cat","embeddable":true,"href":"https:\/\/frontsite.se\/en\/wp-json\/wp\/v2\/product_cat?post=15675"},{"taxonomy":"product_tag","embeddable":true,"href":"https:\/\/frontsite.se\/en\/wp-json\/wp\/v2\/product_tag?post=15675"}],"curies":[{"name":"wp","href":"https:\/\/api.w.org\/{rel}","templated":true}]}}