{"id":15668,"date":"2024-01-12T19:35:08","date_gmt":"2024-01-12T19:35:08","guid":{"rendered":"https:\/\/frontsite.se\/?post_type=product&#038;p=15668"},"modified":"2024-12-02T09:37:08","modified_gmt":"2024-12-02T09:37:08","slug":"dragkedja-for-krympplast","status":"publish","type":"product","link":"https:\/\/frontsite.se\/en\/product\/dragkedja-for-krympplast\/","title":{"rendered":"Zip fastener for shrink wrap"},"content":{"rendered":"<p><strong>Sj\u00e4lvh\u00e4ftande Dragkedja f\u00f6r Krympplast<\/strong><\/p>\n<p>V\u00e5r sj\u00e4lvh\u00e4ftande dragkedja f\u00f6r krympplast \u00e4r designad f\u00f6r att ge dig full kontroll \u00f6ver \u00e5tkomsten till dina f\u00f6rpackningar. Med en bredd p\u00e5 10 cm och en h\u00f6jd p\u00e5 210 cm \u00e4r denna dragkedja perfekt f\u00f6r att skapa egna \u00f6ppningar och tillhandah\u00e5ller en stark och varaktig f\u00f6rsegling.<\/p>\n<p>Denna vita dragkedja \u00e4r sj\u00e4lvh\u00e4ftande, vilket g\u00f6r den enkel att applicera och ger en p\u00e5litlig st\u00e4ngning. Med en stark kaliber och en l\u00e4ngd p\u00e5 2 meter ger den tillr\u00e4ckligt med utrymme f\u00f6r att skapa stora \u00f6ppningar f\u00f6r effektiv sanering eller andra l\u00e5ngtg\u00e5ende arbeten.<\/p>\n<p>Du kan enkelt placera tv\u00e5 band med lodr\u00e4tt och parallellt mellanrum f\u00f6r att skapa en bred \u00f6ppning, vilket \u00e4r idealiskt f\u00f6r situationer d\u00e4r en s\u00e4ker och t\u00e4t f\u00f6rsegling \u00e4r avg\u00f6rande. Med v\u00e5r sj\u00e4lvh\u00e4ftande dragkedja f\u00f6r krympplast kan du vara s\u00e4ker p\u00e5 att dina f\u00f6rpackningar \u00e4r ordentligt f\u00f6rslutna och skyddade.<\/p>","protected":false},"excerpt":{"rendered":"<p><img fetchpriority=\"high\" decoding=\"async\" class=\"alignnone size-full wp-image-1723\" src=\"https:\/\/frontsite.se\/wp-content\/uploads\/Dragkedja-till-krympplast-1.jpg\" alt=\"\" width=\"209\" height=\"287\" \/><\/p>\n<p><strong>Sj\u00e4lvh\u00e4ftande Dragkedja f\u00f6r Krympplast<\/strong><\/p>\n<p>V\u00e5r sj\u00e4lvh\u00e4ftande dragkedja f\u00f6r krympplast \u00e4r designad f\u00f6r att ge dig full kontroll \u00f6ver \u00e5tkomsten till dina f\u00f6rpackningar. Med en bredd p\u00e5 10 cm och en h\u00f6jd p\u00e5 210 cm \u00e4r denna dragkedja perfekt f\u00f6r att skapa egna \u00f6ppningar och tillhandah\u00e5ller en stark och varaktig f\u00f6rsegling.<\/p>\n<p>Denna vita dragkedja \u00e4r sj\u00e4lvh\u00e4ftande, vilket g\u00f6r den enkel att applicera och ger en p\u00e5litlig st\u00e4ngning. Med en stark kaliber och en l\u00e4ngd p\u00e5 2 meter ger den tillr\u00e4ckligt med utrymme f\u00f6r att skapa stora \u00f6ppningar f\u00f6r effektiv sanering eller andra l\u00e5ngtg\u00e5ende arbeten.<\/p>\n<p>Du kan enkelt placera tv\u00e5 band med lodr\u00e4tt och parallellt mellanrum f\u00f6r att skapa en bred \u00f6ppning, vilket \u00e4r idealiskt f\u00f6r situationer d\u00e4r en s\u00e4ker och t\u00e4t f\u00f6rsegling \u00e4r avg\u00f6rande. Med v\u00e5r sj\u00e4lvh\u00e4ftande dragkedja f\u00f6r krympplast kan du vara s\u00e4ker p\u00e5 att dina f\u00f6rpackningar \u00e4r ordentligt f\u00f6rslutna och skyddade.<\/p>","protected":false},"featured_media":16426,"comment_status":"open","ping_status":"closed","template":"","meta":[],"product_cat":[96,76],"product_tag":[],"class_list":{"0":"post-15668","1":"product","2":"type-product","3":"status-publish","4":"has-post-thumbnail","6":"product_cat-dragkedja-for-krympplast","7":"product_cat-krympplast-tillbehor","9":"first","10":"instock","11":"taxable","12":"shipping-taxable","13":"purchasable","14":"product-type-simple"},"yoast_head":"<!-- This site is optimized with the Yoast SEO plugin v24.1 - https:\/\/yoast.com\/wordpress\/plugins\/seo\/ -->\n<title>Dragkedja f\u00f6r krympplast - Frontsite<\/title>\n<meta name=\"description\" content=\"Sj\u00e4lvh\u00e4ftande Dragkedja f\u00f6r KrympplastV\u00e5r sj\u00e4lvh\u00e4ftande dragkedja f\u00f6r krympplast \u00e4r designad f\u00f6r att ge dig full kontroll \u00f6ver \u00e5tkomsten till dina f\u00f6rpackningar. Med en bredd p\u00e5 10 cm och en h\u00f6jd p\u00e5 210 cm \u00e4r denna dragkedja perfekt f\u00f6r att skapa egna \u00f6ppningar och tillhandah\u00e5ller en stark och varaktig f\u00f6rsegling.Denna vita dragkedja \u00e4r sj\u00e4lvh\u00e4ftande, vilket g\u00f6r den enkel att applicera och ger en p\u00e5litlig st\u00e4ngning. Med en stark kaliber och en l\u00e4ngd p\u00e5 2 meter ger den tillr\u00e4ckligt med utrymme f\u00f6r att skapa stora \u00f6ppningar f\u00f6r effektiv sanering eller andra l\u00e5ngtg\u00e5ende arbeten.Du kan enkelt placera tv\u00e5 band med lodr\u00e4tt och parallellt mellanrum f\u00f6r att skapa en bred \u00f6ppning, vilket \u00e4r idealiskt f\u00f6r situationer d\u00e4r en s\u00e4ker och t\u00e4t f\u00f6rsegling \u00e4r avg\u00f6rande. Med v\u00e5r sj\u00e4lvh\u00e4ftande dragkedja f\u00f6r krympplast kan du vara s\u00e4ker p\u00e5 att dina f\u00f6rpackningar \u00e4r ordentligt f\u00f6rslutna och skyddade.\" \/>\n<meta name=\"robots\" content=\"index, follow, max-snippet:-1, max-image-preview:large, max-video-preview:-1\" \/>\n<link rel=\"canonical\" href=\"https:\/\/frontsite.se\/en\/product\/dragkedja-for-krympplast\/\" \/>\n<meta property=\"og:locale\" content=\"en_GB\" \/>\n<meta property=\"og:type\" content=\"article\" \/>\n<meta property=\"og:title\" content=\"Dragkedja f\u00f6r krympplast - Frontsite\" \/>\n<meta property=\"og:description\" content=\"Sj\u00e4lvh\u00e4ftande Dragkedja f\u00f6r KrympplastV\u00e5r sj\u00e4lvh\u00e4ftande dragkedja f\u00f6r krympplast \u00e4r designad f\u00f6r att ge dig full kontroll \u00f6ver \u00e5tkomsten till dina f\u00f6rpackningar. Med en bredd p\u00e5 10 cm och en h\u00f6jd p\u00e5 210 cm \u00e4r denna dragkedja perfekt f\u00f6r att skapa egna \u00f6ppningar och tillhandah\u00e5ller en stark och varaktig f\u00f6rsegling.Denna vita dragkedja \u00e4r sj\u00e4lvh\u00e4ftande, vilket g\u00f6r den enkel att applicera och ger en p\u00e5litlig st\u00e4ngning. Med en stark kaliber och en l\u00e4ngd p\u00e5 2 meter ger den tillr\u00e4ckligt med utrymme f\u00f6r att skapa stora \u00f6ppningar f\u00f6r effektiv sanering eller andra l\u00e5ngtg\u00e5ende arbeten.Du kan enkelt placera tv\u00e5 band med lodr\u00e4tt och parallellt mellanrum f\u00f6r att skapa en bred \u00f6ppning, vilket \u00e4r idealiskt f\u00f6r situationer d\u00e4r en s\u00e4ker och t\u00e4t f\u00f6rsegling \u00e4r avg\u00f6rande. Med v\u00e5r sj\u00e4lvh\u00e4ftande dragkedja f\u00f6r krympplast kan du vara s\u00e4ker p\u00e5 att dina f\u00f6rpackningar \u00e4r ordentligt f\u00f6rslutna och skyddade.\" \/>\n<meta property=\"og:url\" content=\"https:\/\/frontsite.se\/en\/product\/dragkedja-for-krympplast\/\" \/>\n<meta property=\"og:site_name\" content=\"Frontsite\" \/>\n<meta property=\"article:modified_time\" content=\"2024-12-02T09:37:08+00:00\" \/>\n<meta property=\"og:image\" content=\"https:\/\/frontsite.se\/wp-content\/uploads\/2024\/01\/Photoroom_20240403_112443.jpg\" \/>\n\t<meta property=\"og:image:width\" content=\"700\" \/>\n\t<meta property=\"og:image:height\" content=\"700\" \/>\n\t<meta property=\"og:image:type\" content=\"image\/jpeg\" \/>\n<meta name=\"twitter:card\" content=\"summary_large_image\" \/>\n<meta name=\"twitter:label1\" content=\"Estimated reading time\" \/>\n\t<meta name=\"twitter:data1\" content=\"1 minute\" \/>\n<script type=\"application\/ld+json\" class=\"yoast-schema-graph\">{\"@context\":\"https:\/\/schema.org\",\"@graph\":[{\"@type\":\"WebPage\",\"@id\":\"https:\/\/frontsite.se\/produkt\/dragkedja-for-krympplast\/\",\"url\":\"https:\/\/frontsite.se\/produkt\/dragkedja-for-krympplast\/\",\"name\":\"Dragkedja f\u00f6r krympplast - Frontsite\",\"isPartOf\":{\"@id\":\"https:\/\/frontsite.se\/#website\"},\"primaryImageOfPage\":{\"@id\":\"https:\/\/frontsite.se\/produkt\/dragkedja-for-krympplast\/#primaryimage\"},\"image\":{\"@id\":\"https:\/\/frontsite.se\/produkt\/dragkedja-for-krympplast\/#primaryimage\"},\"thumbnailUrl\":\"https:\/\/frontsite.se\/wp-content\/uploads\/2024\/01\/Photoroom_20240403_112443.jpg\",\"datePublished\":\"2024-01-12T19:35:08+00:00\",\"dateModified\":\"2024-12-02T09:37:08+00:00\",\"description\":\"Sj\u00e4lvh\u00e4ftande Dragkedja f\u00f6r KrympplastV\u00e5r sj\u00e4lvh\u00e4ftande dragkedja f\u00f6r krympplast \u00e4r designad f\u00f6r att ge dig full kontroll \u00f6ver \u00e5tkomsten till dina f\u00f6rpackningar. Med en bredd p\u00e5 10 cm och en h\u00f6jd p\u00e5 210 cm \u00e4r denna dragkedja perfekt f\u00f6r att skapa egna \u00f6ppningar och tillhandah\u00e5ller en stark och varaktig f\u00f6rsegling.Denna vita dragkedja \u00e4r sj\u00e4lvh\u00e4ftande, vilket g\u00f6r den enkel att applicera och ger en p\u00e5litlig st\u00e4ngning. Med en stark kaliber och en l\u00e4ngd p\u00e5 2 meter ger den tillr\u00e4ckligt med utrymme f\u00f6r att skapa stora \u00f6ppningar f\u00f6r effektiv sanering eller andra l\u00e5ngtg\u00e5ende arbeten.Du kan enkelt placera tv\u00e5 band med lodr\u00e4tt och parallellt mellanrum f\u00f6r att skapa en bred \u00f6ppning, vilket \u00e4r idealiskt f\u00f6r situationer d\u00e4r en s\u00e4ker och t\u00e4t f\u00f6rsegling \u00e4r avg\u00f6rande. Med v\u00e5r sj\u00e4lvh\u00e4ftande dragkedja f\u00f6r krympplast kan du vara s\u00e4ker p\u00e5 att dina f\u00f6rpackningar \u00e4r ordentligt f\u00f6rslutna och skyddade.\",\"breadcrumb\":{\"@id\":\"https:\/\/frontsite.se\/produkt\/dragkedja-for-krympplast\/#breadcrumb\"},\"inLanguage\":\"en-GB\",\"potentialAction\":[{\"@type\":\"ReadAction\",\"target\":[\"https:\/\/frontsite.se\/produkt\/dragkedja-for-krympplast\/\"]}]},{\"@type\":\"ImageObject\",\"inLanguage\":\"en-GB\",\"@id\":\"https:\/\/frontsite.se\/produkt\/dragkedja-for-krympplast\/#primaryimage\",\"url\":\"https:\/\/frontsite.se\/wp-content\/uploads\/2024\/01\/Photoroom_20240403_112443.jpg\",\"contentUrl\":\"https:\/\/frontsite.se\/wp-content\/uploads\/2024\/01\/Photoroom_20240403_112443.jpg\",\"width\":700,\"height\":700},{\"@type\":\"BreadcrumbList\",\"@id\":\"https:\/\/frontsite.se\/produkt\/dragkedja-for-krympplast\/#breadcrumb\",\"itemListElement\":[{\"@type\":\"ListItem\",\"position\":1,\"name\":\"Hem\",\"item\":\"https:\/\/frontsite.se\/\"},{\"@type\":\"ListItem\",\"position\":2,\"name\":\"Shop\",\"item\":\"https:\/\/frontsite.lingonbyran.se\/shop\/\"},{\"@type\":\"ListItem\",\"position\":3,\"name\":\"Dragkedja f\u00f6r krympplast\"}]},{\"@type\":\"WebSite\",\"@id\":\"https:\/\/frontsite.se\/#website\",\"url\":\"https:\/\/frontsite.se\/\",\"name\":\"Frontsite\",\"description\":\"Expert P\u00e5 st\u00e4llningsprodukter och profilering\",\"publisher\":{\"@id\":\"https:\/\/frontsite.se\/#organization\"},\"potentialAction\":[{\"@type\":\"SearchAction\",\"target\":{\"@type\":\"EntryPoint\",\"urlTemplate\":\"https:\/\/frontsite.se\/?s={search_term_string}\"},\"query-input\":{\"@type\":\"PropertyValueSpecification\",\"valueRequired\":true,\"valueName\":\"search_term_string\"}}],\"inLanguage\":\"en-GB\"},{\"@type\":\"Organization\",\"@id\":\"https:\/\/frontsite.se\/#organization\",\"name\":\"Frontsite\",\"url\":\"https:\/\/frontsite.se\/\",\"logo\":{\"@type\":\"ImageObject\",\"inLanguage\":\"en-GB\",\"@id\":\"https:\/\/frontsite.se\/#\/schema\/logo\/image\/\",\"url\":\"https:\/\/frontsite.se\/wp-content\/uploads\/2024\/08\/Logo-Ratt-farg.png\",\"contentUrl\":\"https:\/\/frontsite.se\/wp-content\/uploads\/2024\/08\/Logo-Ratt-farg.png\",\"width\":1004,\"height\":1004,\"caption\":\"Frontsite\"},\"image\":{\"@id\":\"https:\/\/frontsite.se\/#\/schema\/logo\/image\/\"}}]}<\/script>\n<!-- \/ Yoast SEO plugin. -->","yoast_head_json":{"title":"Dragkedja f\u00f6r krympplast - Frontsite","description":"Sj\u00e4lvh\u00e4ftande Dragkedja f\u00f6r KrympplastV\u00e5r sj\u00e4lvh\u00e4ftande dragkedja f\u00f6r krympplast \u00e4r designad f\u00f6r att ge dig full kontroll \u00f6ver \u00e5tkomsten till dina f\u00f6rpackningar. Med en bredd p\u00e5 10 cm och en h\u00f6jd p\u00e5 210 cm \u00e4r denna dragkedja perfekt f\u00f6r att skapa egna \u00f6ppningar och tillhandah\u00e5ller en stark och varaktig f\u00f6rsegling.Denna vita dragkedja \u00e4r sj\u00e4lvh\u00e4ftande, vilket g\u00f6r den enkel att applicera och ger en p\u00e5litlig st\u00e4ngning. Med en stark kaliber och en l\u00e4ngd p\u00e5 2 meter ger den tillr\u00e4ckligt med utrymme f\u00f6r att skapa stora \u00f6ppningar f\u00f6r effektiv sanering eller andra l\u00e5ngtg\u00e5ende arbeten.Du kan enkelt placera tv\u00e5 band med lodr\u00e4tt och parallellt mellanrum f\u00f6r att skapa en bred \u00f6ppning, vilket \u00e4r idealiskt f\u00f6r situationer d\u00e4r en s\u00e4ker och t\u00e4t f\u00f6rsegling \u00e4r avg\u00f6rande. Med v\u00e5r sj\u00e4lvh\u00e4ftande dragkedja f\u00f6r krympplast kan du vara s\u00e4ker p\u00e5 att dina f\u00f6rpackningar \u00e4r ordentligt f\u00f6rslutna och skyddade.","robots":{"index":"index","follow":"follow","max-snippet":"max-snippet:-1","max-image-preview":"max-image-preview:large","max-video-preview":"max-video-preview:-1"},"canonical":"https:\/\/frontsite.se\/en\/product\/dragkedja-for-krympplast\/","og_locale":"en_GB","og_type":"article","og_title":"Dragkedja f\u00f6r krympplast - Frontsite","og_description":"Sj\u00e4lvh\u00e4ftande Dragkedja f\u00f6r KrympplastV\u00e5r sj\u00e4lvh\u00e4ftande dragkedja f\u00f6r krympplast \u00e4r designad f\u00f6r att ge dig full kontroll \u00f6ver \u00e5tkomsten till dina f\u00f6rpackningar. Med en bredd p\u00e5 10 cm och en h\u00f6jd p\u00e5 210 cm \u00e4r denna dragkedja perfekt f\u00f6r att skapa egna \u00f6ppningar och tillhandah\u00e5ller en stark och varaktig f\u00f6rsegling.Denna vita dragkedja \u00e4r sj\u00e4lvh\u00e4ftande, vilket g\u00f6r den enkel att applicera och ger en p\u00e5litlig st\u00e4ngning. Med en stark kaliber och en l\u00e4ngd p\u00e5 2 meter ger den tillr\u00e4ckligt med utrymme f\u00f6r att skapa stora \u00f6ppningar f\u00f6r effektiv sanering eller andra l\u00e5ngtg\u00e5ende arbeten.Du kan enkelt placera tv\u00e5 band med lodr\u00e4tt och parallellt mellanrum f\u00f6r att skapa en bred \u00f6ppning, vilket \u00e4r idealiskt f\u00f6r situationer d\u00e4r en s\u00e4ker och t\u00e4t f\u00f6rsegling \u00e4r avg\u00f6rande. Med v\u00e5r sj\u00e4lvh\u00e4ftande dragkedja f\u00f6r krympplast kan du vara s\u00e4ker p\u00e5 att dina f\u00f6rpackningar \u00e4r ordentligt f\u00f6rslutna och skyddade.","og_url":"https:\/\/frontsite.se\/en\/product\/dragkedja-for-krympplast\/","og_site_name":"Frontsite","article_modified_time":"2024-12-02T09:37:08+00:00","og_image":[{"width":700,"height":700,"url":"https:\/\/frontsite.se\/wp-content\/uploads\/2024\/01\/Photoroom_20240403_112443.jpg","type":"image\/jpeg"}],"twitter_card":"summary_large_image","twitter_misc":{"Estimated reading time":"1 minute"},"schema":{"@context":"https:\/\/schema.org","@graph":[{"@type":"WebPage","@id":"https:\/\/frontsite.se\/produkt\/dragkedja-for-krympplast\/","url":"https:\/\/frontsite.se\/produkt\/dragkedja-for-krympplast\/","name":"Dragkedja f\u00f6r krympplast - Frontsite","isPartOf":{"@id":"https:\/\/frontsite.se\/#website"},"primaryImageOfPage":{"@id":"https:\/\/frontsite.se\/produkt\/dragkedja-for-krympplast\/#primaryimage"},"image":{"@id":"https:\/\/frontsite.se\/produkt\/dragkedja-for-krympplast\/#primaryimage"},"thumbnailUrl":"https:\/\/frontsite.se\/wp-content\/uploads\/2024\/01\/Photoroom_20240403_112443.jpg","datePublished":"2024-01-12T19:35:08+00:00","dateModified":"2024-12-02T09:37:08+00:00","description":"Sj\u00e4lvh\u00e4ftande Dragkedja f\u00f6r KrympplastV\u00e5r sj\u00e4lvh\u00e4ftande dragkedja f\u00f6r krympplast \u00e4r designad f\u00f6r att ge dig full kontroll \u00f6ver \u00e5tkomsten till dina f\u00f6rpackningar. Med en bredd p\u00e5 10 cm och en h\u00f6jd p\u00e5 210 cm \u00e4r denna dragkedja perfekt f\u00f6r att skapa egna \u00f6ppningar och tillhandah\u00e5ller en stark och varaktig f\u00f6rsegling.Denna vita dragkedja \u00e4r sj\u00e4lvh\u00e4ftande, vilket g\u00f6r den enkel att applicera och ger en p\u00e5litlig st\u00e4ngning. Med en stark kaliber och en l\u00e4ngd p\u00e5 2 meter ger den tillr\u00e4ckligt med utrymme f\u00f6r att skapa stora \u00f6ppningar f\u00f6r effektiv sanering eller andra l\u00e5ngtg\u00e5ende arbeten.Du kan enkelt placera tv\u00e5 band med lodr\u00e4tt och parallellt mellanrum f\u00f6r att skapa en bred \u00f6ppning, vilket \u00e4r idealiskt f\u00f6r situationer d\u00e4r en s\u00e4ker och t\u00e4t f\u00f6rsegling \u00e4r avg\u00f6rande. Med v\u00e5r sj\u00e4lvh\u00e4ftande dragkedja f\u00f6r krympplast kan du vara s\u00e4ker p\u00e5 att dina f\u00f6rpackningar \u00e4r ordentligt f\u00f6rslutna och skyddade.","breadcrumb":{"@id":"https:\/\/frontsite.se\/produkt\/dragkedja-for-krympplast\/#breadcrumb"},"inLanguage":"en-GB","potentialAction":[{"@type":"ReadAction","target":["https:\/\/frontsite.se\/produkt\/dragkedja-for-krympplast\/"]}]},{"@type":"ImageObject","inLanguage":"en-GB","@id":"https:\/\/frontsite.se\/produkt\/dragkedja-for-krympplast\/#primaryimage","url":"https:\/\/frontsite.se\/wp-content\/uploads\/2024\/01\/Photoroom_20240403_112443.jpg","contentUrl":"https:\/\/frontsite.se\/wp-content\/uploads\/2024\/01\/Photoroom_20240403_112443.jpg","width":700,"height":700},{"@type":"BreadcrumbList","@id":"https:\/\/frontsite.se\/produkt\/dragkedja-for-krympplast\/#breadcrumb","itemListElement":[{"@type":"ListItem","position":1,"name":"Hem","item":"https:\/\/frontsite.se\/"},{"@type":"ListItem","position":2,"name":"Shop","item":"https:\/\/frontsite.lingonbyran.se\/shop\/"},{"@type":"ListItem","position":3,"name":"Dragkedja f\u00f6r krympplast"}]},{"@type":"WebSite","@id":"https:\/\/frontsite.se\/#website","url":"https:\/\/frontsite.se\/","name":"Frontsite","description":"Expert P\u00e5 st\u00e4llningsprodukter och profilering","publisher":{"@id":"https:\/\/frontsite.se\/#organization"},"potentialAction":[{"@type":"SearchAction","target":{"@type":"EntryPoint","urlTemplate":"https:\/\/frontsite.se\/?s={search_term_string}"},"query-input":{"@type":"PropertyValueSpecification","valueRequired":true,"valueName":"search_term_string"}}],"inLanguage":"en-GB"},{"@type":"Organization","@id":"https:\/\/frontsite.se\/#organization","name":"Frontsite","url":"https:\/\/frontsite.se\/","logo":{"@type":"ImageObject","inLanguage":"en-GB","@id":"https:\/\/frontsite.se\/#\/schema\/logo\/image\/","url":"https:\/\/frontsite.se\/wp-content\/uploads\/2024\/08\/Logo-Ratt-farg.png","contentUrl":"https:\/\/frontsite.se\/wp-content\/uploads\/2024\/08\/Logo-Ratt-farg.png","width":1004,"height":1004,"caption":"Frontsite"},"image":{"@id":"https:\/\/frontsite.se\/#\/schema\/logo\/image\/"}}]}},"jetpack_sharing_enabled":true,"_links":{"self":[{"href":"https:\/\/frontsite.se\/en\/wp-json\/wp\/v2\/product\/15668","targetHints":{"allow":["GET"]}}],"collection":[{"href":"https:\/\/frontsite.se\/en\/wp-json\/wp\/v2\/product"}],"about":[{"href":"https:\/\/frontsite.se\/en\/wp-json\/wp\/v2\/types\/product"}],"replies":[{"embeddable":true,"href":"https:\/\/frontsite.se\/en\/wp-json\/wp\/v2\/comments?post=15668"}],"version-history":[{"count":6,"href":"https:\/\/frontsite.se\/en\/wp-json\/wp\/v2\/product\/15668\/revisions"}],"predecessor-version":[{"id":17382,"href":"https:\/\/frontsite.se\/en\/wp-json\/wp\/v2\/product\/15668\/revisions\/17382"}],"wp:featuredmedia":[{"embeddable":true,"href":"https:\/\/frontsite.se\/en\/wp-json\/wp\/v2\/media\/16426"}],"wp:attachment":[{"href":"https:\/\/frontsite.se\/en\/wp-json\/wp\/v2\/media?parent=15668"}],"wp:term":[{"taxonomy":"product_cat","embeddable":true,"href":"https:\/\/frontsite.se\/en\/wp-json\/wp\/v2\/product_cat?post=15668"},{"taxonomy":"product_tag","embeddable":true,"href":"https:\/\/frontsite.se\/en\/wp-json\/wp\/v2\/product_tag?post=15668"}],"curies":[{"name":"wp","href":"https:\/\/api.w.org\/{rel}","templated":true}]}}