{"id":15667,"date":"2024-01-12T19:35:08","date_gmt":"2024-01-12T19:35:08","guid":{"rendered":"https:\/\/frontsite.se\/?post_type=product&#038;p=15667"},"modified":"2024-12-02T09:45:57","modified_gmt":"2024-12-02T09:45:57","slug":"metallspanne-for-vg-och-pp-band","status":"publish","type":"product","link":"https:\/\/frontsite.se\/en\/product\/metallspanne-for-vg-och-pp-band\/","title":{"rendered":"Metallsp\u00e4nne f\u00f6r VG- och PP- Band"},"content":{"rendered":"<p><img fetchpriority=\"high\" decoding=\"async\" class=\"alignnone size-full wp-image-16249\" src=\"https:\/\/frontsite.se\/wp-content\/uploads\/2024\/01\/Buckles-180dpi.jpg\" alt=\"\" width=\"354\" height=\"213\" srcset=\"https:\/\/frontsite.se\/wp-content\/uploads\/2024\/01\/Buckles-180dpi.jpg 354w, https:\/\/frontsite.se\/wp-content\/uploads\/2024\/01\/Buckles-180dpi-150x90.jpg 150w\" sizes=\"(max-width: 354px) 100vw, 354px\" \/><\/p>\n<p><b>Metallsp\u00e4nne<\/b><\/p>\n<p>Bredd 13mm Bredd 19mm<\/p>\n<p><strong>Effektiva Galvaniserade St\u00e5lsp\u00e4nnen f\u00f6r Bandning<\/strong><\/p>\n<p>V\u00e5ra galvaniserade st\u00e5lsp\u00e4nnen i bredderna 13mm och 19mm \u00e4r den perfekta l\u00f6sningen f\u00f6r att s\u00e4kra och f\u00f6rsegla bandet med precision och tillf\u00f6rlitlighet. Dessa sp\u00e4nnen \u00e4r speciellt utformade f\u00f6r att anv\u00e4ndas tillsammans med v\u00e5ra sp\u00e4nnverktyg och textilband som ger ett bra st\u00f6d f\u00f6r krympplasten och ett stark och s\u00e4ker f\u00f6rsegling f\u00f6r dina f\u00f6rpackningar.<\/p>\n<p><strong>Funktioner och F\u00f6rdelar:<\/strong><\/p>\n<ol>\n<li><strong>H\u00f6gkvalitativ Konstruktion:<\/strong> Tillverkade av galvaniserat st\u00e5l av h\u00f6g kvalitet, erbjuder v\u00e5ra sp\u00e4nnen en h\u00e5llbar och p\u00e5litlig prestanda, vilket s\u00e4kerst\u00e4ller att allt f\u00f6rblir s\u00e4kra och skyddade under hela processen.<\/li>\n<li><strong>Passande Bredder:<\/strong> Vi erbjuder tv\u00e5 olika bredder av sp\u00e4nnen som motsvarar bredderna p\u00e5 banden f\u00f6r enkel anv\u00e4ndning och s\u00e4ker f\u00f6rsegling.<\/li>\n<li><strong>Kompatibilitet med Sp\u00e4nnverktyg:<\/strong> V\u00e5ra st\u00e5lsp\u00e4nnen \u00e4r utformade f\u00f6r att anv\u00e4ndas tillsammans med v\u00e5ra sp\u00e4nnverktyg f\u00f6r enkel och effektiv bandning. Den optimala passformen garanterar en j\u00e4mn och stabil f\u00f6rsegling varje g\u00e5ng.<\/li>\n<li><strong>M\u00e5ngsidig Anv\u00e4ndning:<\/strong> Perfekt f\u00f6r olika typer av f\u00f6rpackningar och material, inklusive b\u00e5tar, kartonger, pallar, l\u00e5dor och mycket mer. V\u00e5ra sp\u00e4nnen kan anv\u00e4ndas i en m\u00e4ngd olika branscher och f\u00f6r olika \u00e4ndam\u00e5l.<\/li>\n<\/ol>\n<p>&nbsp;<\/p>","protected":false},"excerpt":{"rendered":"<p>Ligger i f&#8217;\u00f6rpackning av 100st.<\/p>","protected":false},"featured_media":16249,"comment_status":"open","ping_status":"closed","template":"","meta":[],"product_cat":[76,98],"product_tag":[],"class_list":{"0":"post-15667","1":"product","2":"type-product","3":"status-publish","4":"has-post-thumbnail","6":"product_cat-krympplast-tillbehor","7":"product_cat-metallspanne-for-textilband","9":"first","10":"instock","11":"taxable","12":"shipping-taxable","13":"purchasable","14":"product-type-variable"},"yoast_head":"<!-- This site is optimized with the Yoast SEO plugin v24.1 - https:\/\/yoast.com\/wordpress\/plugins\/seo\/ -->\n<title>Metallsp\u00e4nne f\u00f6r VG- och PP- Band - Frontsite<\/title>\n<meta name=\"description\" content=\"Sp\u00e4nnen f\u00f6r bandningGalvaniserade st\u00e5lsp\u00e4nnen f\u00f6r att l\u00e5sa bandet med sp\u00e4nnverktyget.Tv\u00e5 bredder som motsvarar bredderna p\u00e5Band.\" \/>\n<meta name=\"robots\" content=\"index, follow, max-snippet:-1, max-image-preview:large, max-video-preview:-1\" \/>\n<link rel=\"canonical\" href=\"https:\/\/frontsite.se\/en\/product\/metallspanne-for-vg-och-pp-band\/\" \/>\n<meta property=\"og:locale\" content=\"en_GB\" \/>\n<meta property=\"og:type\" content=\"article\" \/>\n<meta property=\"og:title\" content=\"Metallsp\u00e4nne f\u00f6r VG- och PP- Band - Frontsite\" \/>\n<meta property=\"og:description\" content=\"Sp\u00e4nnen f\u00f6r bandningGalvaniserade st\u00e5lsp\u00e4nnen f\u00f6r att l\u00e5sa bandet med sp\u00e4nnverktyget.Tv\u00e5 bredder som motsvarar bredderna p\u00e5Band.\" \/>\n<meta property=\"og:url\" content=\"https:\/\/frontsite.se\/en\/product\/metallspanne-for-vg-och-pp-band\/\" \/>\n<meta property=\"og:site_name\" content=\"Frontsite\" \/>\n<meta property=\"article:modified_time\" content=\"2024-12-02T09:45:57+00:00\" \/>\n<meta property=\"og:image\" content=\"https:\/\/frontsite.se\/wp-content\/uploads\/2024\/01\/Buckles-180dpi.jpg\" \/>\n\t<meta property=\"og:image:width\" content=\"354\" \/>\n\t<meta property=\"og:image:height\" content=\"213\" \/>\n\t<meta property=\"og:image:type\" content=\"image\/jpeg\" \/>\n<meta name=\"twitter:card\" content=\"summary_large_image\" \/>\n<meta name=\"twitter:label1\" content=\"Estimated reading time\" \/>\n\t<meta name=\"twitter:data1\" content=\"2 minutes\" \/>\n<script type=\"application\/ld+json\" class=\"yoast-schema-graph\">{\"@context\":\"https:\/\/schema.org\",\"@graph\":[{\"@type\":\"WebPage\",\"@id\":\"https:\/\/frontsite.se\/produkt\/metallspanne-for-vg-och-pp-band\/\",\"url\":\"https:\/\/frontsite.se\/produkt\/metallspanne-for-vg-och-pp-band\/\",\"name\":\"Metallsp\u00e4nne f\u00f6r VG- och PP- Band - Frontsite\",\"isPartOf\":{\"@id\":\"https:\/\/frontsite.se\/#website\"},\"primaryImageOfPage\":{\"@id\":\"https:\/\/frontsite.se\/produkt\/metallspanne-for-vg-och-pp-band\/#primaryimage\"},\"image\":{\"@id\":\"https:\/\/frontsite.se\/produkt\/metallspanne-for-vg-och-pp-band\/#primaryimage\"},\"thumbnailUrl\":\"https:\/\/frontsite.se\/wp-content\/uploads\/2024\/01\/Buckles-180dpi.jpg\",\"datePublished\":\"2024-01-12T19:35:08+00:00\",\"dateModified\":\"2024-12-02T09:45:57+00:00\",\"description\":\"Sp\u00e4nnen f\u00f6r bandningGalvaniserade st\u00e5lsp\u00e4nnen f\u00f6r att l\u00e5sa bandet med sp\u00e4nnverktyget.Tv\u00e5 bredder som motsvarar bredderna p\u00e5Band.\",\"breadcrumb\":{\"@id\":\"https:\/\/frontsite.se\/produkt\/metallspanne-for-vg-och-pp-band\/#breadcrumb\"},\"inLanguage\":\"en-GB\",\"potentialAction\":[{\"@type\":\"ReadAction\",\"target\":[\"https:\/\/frontsite.se\/produkt\/metallspanne-for-vg-och-pp-band\/\"]}]},{\"@type\":\"ImageObject\",\"inLanguage\":\"en-GB\",\"@id\":\"https:\/\/frontsite.se\/produkt\/metallspanne-for-vg-och-pp-band\/#primaryimage\",\"url\":\"https:\/\/frontsite.se\/wp-content\/uploads\/2024\/01\/Buckles-180dpi.jpg\",\"contentUrl\":\"https:\/\/frontsite.se\/wp-content\/uploads\/2024\/01\/Buckles-180dpi.jpg\",\"width\":354,\"height\":213},{\"@type\":\"BreadcrumbList\",\"@id\":\"https:\/\/frontsite.se\/produkt\/metallspanne-for-vg-och-pp-band\/#breadcrumb\",\"itemListElement\":[{\"@type\":\"ListItem\",\"position\":1,\"name\":\"Hem\",\"item\":\"https:\/\/frontsite.se\/\"},{\"@type\":\"ListItem\",\"position\":2,\"name\":\"Shop\",\"item\":\"https:\/\/frontsite.lingonbyran.se\/shop\/\"},{\"@type\":\"ListItem\",\"position\":3,\"name\":\"Metallsp\u00e4nne f\u00f6r VG- och PP- Band\"}]},{\"@type\":\"WebSite\",\"@id\":\"https:\/\/frontsite.se\/#website\",\"url\":\"https:\/\/frontsite.se\/\",\"name\":\"Frontsite\",\"description\":\"Expert P\u00e5 st\u00e4llningsprodukter och profilering\",\"publisher\":{\"@id\":\"https:\/\/frontsite.se\/#organization\"},\"potentialAction\":[{\"@type\":\"SearchAction\",\"target\":{\"@type\":\"EntryPoint\",\"urlTemplate\":\"https:\/\/frontsite.se\/?s={search_term_string}\"},\"query-input\":{\"@type\":\"PropertyValueSpecification\",\"valueRequired\":true,\"valueName\":\"search_term_string\"}}],\"inLanguage\":\"en-GB\"},{\"@type\":\"Organization\",\"@id\":\"https:\/\/frontsite.se\/#organization\",\"name\":\"Frontsite\",\"url\":\"https:\/\/frontsite.se\/\",\"logo\":{\"@type\":\"ImageObject\",\"inLanguage\":\"en-GB\",\"@id\":\"https:\/\/frontsite.se\/#\/schema\/logo\/image\/\",\"url\":\"https:\/\/frontsite.se\/wp-content\/uploads\/2024\/08\/Logo-Ratt-farg.png\",\"contentUrl\":\"https:\/\/frontsite.se\/wp-content\/uploads\/2024\/08\/Logo-Ratt-farg.png\",\"width\":1004,\"height\":1004,\"caption\":\"Frontsite\"},\"image\":{\"@id\":\"https:\/\/frontsite.se\/#\/schema\/logo\/image\/\"}}]}<\/script>\n<!-- \/ Yoast SEO plugin. -->","yoast_head_json":{"title":"Metallsp\u00e4nne f\u00f6r VG- och PP- Band - Frontsite","description":"Sp\u00e4nnen f\u00f6r bandningGalvaniserade st\u00e5lsp\u00e4nnen f\u00f6r att l\u00e5sa bandet med sp\u00e4nnverktyget.Tv\u00e5 bredder som motsvarar bredderna p\u00e5Band.","robots":{"index":"index","follow":"follow","max-snippet":"max-snippet:-1","max-image-preview":"max-image-preview:large","max-video-preview":"max-video-preview:-1"},"canonical":"https:\/\/frontsite.se\/en\/product\/metallspanne-for-vg-och-pp-band\/","og_locale":"en_GB","og_type":"article","og_title":"Metallsp\u00e4nne f\u00f6r VG- och PP- Band - Frontsite","og_description":"Sp\u00e4nnen f\u00f6r bandningGalvaniserade st\u00e5lsp\u00e4nnen f\u00f6r att l\u00e5sa bandet med sp\u00e4nnverktyget.Tv\u00e5 bredder som motsvarar bredderna p\u00e5Band.","og_url":"https:\/\/frontsite.se\/en\/product\/metallspanne-for-vg-och-pp-band\/","og_site_name":"Frontsite","article_modified_time":"2024-12-02T09:45:57+00:00","og_image":[{"width":354,"height":213,"url":"https:\/\/frontsite.se\/wp-content\/uploads\/2024\/01\/Buckles-180dpi.jpg","type":"image\/jpeg"}],"twitter_card":"summary_large_image","twitter_misc":{"Estimated reading time":"2 minutes"},"schema":{"@context":"https:\/\/schema.org","@graph":[{"@type":"WebPage","@id":"https:\/\/frontsite.se\/produkt\/metallspanne-for-vg-och-pp-band\/","url":"https:\/\/frontsite.se\/produkt\/metallspanne-for-vg-och-pp-band\/","name":"Metallsp\u00e4nne f\u00f6r VG- och PP- Band - Frontsite","isPartOf":{"@id":"https:\/\/frontsite.se\/#website"},"primaryImageOfPage":{"@id":"https:\/\/frontsite.se\/produkt\/metallspanne-for-vg-och-pp-band\/#primaryimage"},"image":{"@id":"https:\/\/frontsite.se\/produkt\/metallspanne-for-vg-och-pp-band\/#primaryimage"},"thumbnailUrl":"https:\/\/frontsite.se\/wp-content\/uploads\/2024\/01\/Buckles-180dpi.jpg","datePublished":"2024-01-12T19:35:08+00:00","dateModified":"2024-12-02T09:45:57+00:00","description":"Sp\u00e4nnen f\u00f6r bandningGalvaniserade st\u00e5lsp\u00e4nnen f\u00f6r att l\u00e5sa bandet med sp\u00e4nnverktyget.Tv\u00e5 bredder som motsvarar bredderna p\u00e5Band.","breadcrumb":{"@id":"https:\/\/frontsite.se\/produkt\/metallspanne-for-vg-och-pp-band\/#breadcrumb"},"inLanguage":"en-GB","potentialAction":[{"@type":"ReadAction","target":["https:\/\/frontsite.se\/produkt\/metallspanne-for-vg-och-pp-band\/"]}]},{"@type":"ImageObject","inLanguage":"en-GB","@id":"https:\/\/frontsite.se\/produkt\/metallspanne-for-vg-och-pp-band\/#primaryimage","url":"https:\/\/frontsite.se\/wp-content\/uploads\/2024\/01\/Buckles-180dpi.jpg","contentUrl":"https:\/\/frontsite.se\/wp-content\/uploads\/2024\/01\/Buckles-180dpi.jpg","width":354,"height":213},{"@type":"BreadcrumbList","@id":"https:\/\/frontsite.se\/produkt\/metallspanne-for-vg-och-pp-band\/#breadcrumb","itemListElement":[{"@type":"ListItem","position":1,"name":"Hem","item":"https:\/\/frontsite.se\/"},{"@type":"ListItem","position":2,"name":"Shop","item":"https:\/\/frontsite.lingonbyran.se\/shop\/"},{"@type":"ListItem","position":3,"name":"Metallsp\u00e4nne f\u00f6r VG- och PP- Band"}]},{"@type":"WebSite","@id":"https:\/\/frontsite.se\/#website","url":"https:\/\/frontsite.se\/","name":"Frontsite","description":"Expert P\u00e5 st\u00e4llningsprodukter och profilering","publisher":{"@id":"https:\/\/frontsite.se\/#organization"},"potentialAction":[{"@type":"SearchAction","target":{"@type":"EntryPoint","urlTemplate":"https:\/\/frontsite.se\/?s={search_term_string}"},"query-input":{"@type":"PropertyValueSpecification","valueRequired":true,"valueName":"search_term_string"}}],"inLanguage":"en-GB"},{"@type":"Organization","@id":"https:\/\/frontsite.se\/#organization","name":"Frontsite","url":"https:\/\/frontsite.se\/","logo":{"@type":"ImageObject","inLanguage":"en-GB","@id":"https:\/\/frontsite.se\/#\/schema\/logo\/image\/","url":"https:\/\/frontsite.se\/wp-content\/uploads\/2024\/08\/Logo-Ratt-farg.png","contentUrl":"https:\/\/frontsite.se\/wp-content\/uploads\/2024\/08\/Logo-Ratt-farg.png","width":1004,"height":1004,"caption":"Frontsite"},"image":{"@id":"https:\/\/frontsite.se\/#\/schema\/logo\/image\/"}}]}},"jetpack_sharing_enabled":true,"_links":{"self":[{"href":"https:\/\/frontsite.se\/en\/wp-json\/wp\/v2\/product\/15667","targetHints":{"allow":["GET"]}}],"collection":[{"href":"https:\/\/frontsite.se\/en\/wp-json\/wp\/v2\/product"}],"about":[{"href":"https:\/\/frontsite.se\/en\/wp-json\/wp\/v2\/types\/product"}],"replies":[{"embeddable":true,"href":"https:\/\/frontsite.se\/en\/wp-json\/wp\/v2\/comments?post=15667"}],"version-history":[{"count":6,"href":"https:\/\/frontsite.se\/en\/wp-json\/wp\/v2\/product\/15667\/revisions"}],"predecessor-version":[{"id":17386,"href":"https:\/\/frontsite.se\/en\/wp-json\/wp\/v2\/product\/15667\/revisions\/17386"}],"wp:featuredmedia":[{"embeddable":true,"href":"https:\/\/frontsite.se\/en\/wp-json\/wp\/v2\/media\/16249"}],"wp:attachment":[{"href":"https:\/\/frontsite.se\/en\/wp-json\/wp\/v2\/media?parent=15667"}],"wp:term":[{"taxonomy":"product_cat","embeddable":true,"href":"https:\/\/frontsite.se\/en\/wp-json\/wp\/v2\/product_cat?post=15667"},{"taxonomy":"product_tag","embeddable":true,"href":"https:\/\/frontsite.se\/en\/wp-json\/wp\/v2\/product_tag?post=15667"}],"curies":[{"name":"wp","href":"https:\/\/api.w.org\/{rel}","templated":true}]}}