{"id":15666,"date":"2024-01-12T19:35:08","date_gmt":"2024-01-12T19:35:08","guid":{"rendered":"https:\/\/frontsite.se\/?post_type=product&#038;p=15666"},"modified":"2024-12-02T09:52:08","modified_gmt":"2024-12-02T09:52:08","slug":"textilband-13-och-19mm","status":"publish","type":"product","link":"https:\/\/frontsite.se\/en\/product\/textilband-13-och-19mm\/","title":{"rendered":"textile strap"},"content":{"rendered":"<p>Textilband f\u00f6r att s\u00e4kerst\u00e4lla ett gott motst\u00e5nd hos krympplastningen under transport eller utomhusf\u00f6rvaring \u00e4r det viktigt att f\u00f6rst omringa b\u00e5ten eller materialet med en flexibel textilrem, stark och icke-aggressiv f\u00f6r att fixera krympfilmen.<br \/>\n13 mm x 1000mm bred f\u00f6r ett motst\u00e5nd p\u00e5 410 kg<br \/>\n19 mm x 480mm bred f\u00f6r ett motst\u00e5nd p\u00e5 820 kg<\/p>","protected":false},"excerpt":{"rendered":"<p><img decoding=\"async\" class=\"alignnone size-full wp-image-1714\" src=\"https:\/\/frontsite.se\/wp-content\/uploads\/nylonband-till-krympplast.jpg\" alt=\"\" width=\"228\" height=\"193\" \/><\/p>\n<p>Textilband f\u00f6r att s\u00e4kerst\u00e4lla ett gott motst\u00e5nd hos krympplastningen under transport eller utomhusf\u00f6rvaring \u00e4r det viktigt att f\u00f6rst omringa b\u00e5ten eller materialet med en flexibel textilrem, stark och icke-aggressiv f\u00f6r att fixera krympfilmen.<br \/>\n13 mm bred f\u00f6r ett motst\u00e5nd p\u00e5 410 kg<br \/>\n19 mm bred f\u00f6r ett motst\u00e5nd p\u00e5 820 kg<\/p>","protected":false},"featured_media":16251,"comment_status":"open","ping_status":"closed","template":"","meta":[],"product_cat":[76,97],"product_tag":[],"class_list":{"0":"post-15666","1":"product","2":"type-product","3":"status-publish","4":"has-post-thumbnail","6":"product_cat-krympplast-tillbehor","7":"product_cat-textilband","9":"first","10":"instock","11":"taxable","12":"shipping-taxable","13":"purchasable","14":"product-type-variable"},"yoast_head":"<!-- This site is optimized with the Yoast SEO plugin v24.1 - https:\/\/yoast.com\/wordpress\/plugins\/seo\/ -->\n<title>Textilband - Frontsite<\/title>\n<meta name=\"description\" content=\"Textilband f\u00f6r att s\u00e4kerst\u00e4lla ett gott motst\u00e5nd hos krympplastningen under transport eller utomhusf\u00f6rvaring \u00e4r det viktigt att f\u00f6rst omringa b\u00e5ten eller materialet med en flexibel textilrem, stark och icke-aggressiv f\u00f6r att fixera krympfilmen.13 mm bred f\u00f6r ett motst\u00e5nd p\u00e5 410 kg 19 mm bred f\u00f6r ett motst\u00e5nd p\u00e5 820 kg\" \/>\n<meta name=\"robots\" content=\"index, follow, max-snippet:-1, max-image-preview:large, max-video-preview:-1\" \/>\n<link rel=\"canonical\" href=\"https:\/\/frontsite.se\/en\/product\/textilband-13-och-19mm\/\" \/>\n<meta property=\"og:locale\" content=\"en_GB\" \/>\n<meta property=\"og:type\" content=\"article\" \/>\n<meta property=\"og:title\" content=\"Textilband - Frontsite\" \/>\n<meta property=\"og:description\" content=\"Textilband f\u00f6r att s\u00e4kerst\u00e4lla ett gott motst\u00e5nd hos krympplastningen under transport eller utomhusf\u00f6rvaring \u00e4r det viktigt att f\u00f6rst omringa b\u00e5ten eller materialet med en flexibel textilrem, stark och icke-aggressiv f\u00f6r att fixera krympfilmen.13 mm bred f\u00f6r ett motst\u00e5nd p\u00e5 410 kg 19 mm bred f\u00f6r ett motst\u00e5nd p\u00e5 820 kg\" \/>\n<meta property=\"og:url\" content=\"https:\/\/frontsite.se\/en\/product\/textilband-13-och-19mm\/\" \/>\n<meta property=\"og:site_name\" content=\"Frontsite\" \/>\n<meta property=\"article:modified_time\" content=\"2024-12-02T09:52:08+00:00\" \/>\n<meta property=\"og:image\" content=\"https:\/\/frontsite.se\/wp-content\/uploads\/2024\/01\/Strap-Textil-blanc.jpg\" \/>\n\t<meta property=\"og:image:width\" content=\"394\" \/>\n\t<meta property=\"og:image:height\" content=\"333\" \/>\n\t<meta property=\"og:image:type\" content=\"image\/jpeg\" \/>\n<meta name=\"twitter:card\" content=\"summary_large_image\" \/>\n<meta name=\"twitter:label1\" content=\"Estimated reading time\" \/>\n\t<meta name=\"twitter:data1\" content=\"1 minute\" \/>\n<script type=\"application\/ld+json\" class=\"yoast-schema-graph\">{\"@context\":\"https:\/\/schema.org\",\"@graph\":[{\"@type\":\"WebPage\",\"@id\":\"https:\/\/frontsite.se\/produkt\/textilband-13-och-19mm\/\",\"url\":\"https:\/\/frontsite.se\/produkt\/textilband-13-och-19mm\/\",\"name\":\"Textilband - Frontsite\",\"isPartOf\":{\"@id\":\"https:\/\/frontsite.se\/#website\"},\"primaryImageOfPage\":{\"@id\":\"https:\/\/frontsite.se\/produkt\/textilband-13-och-19mm\/#primaryimage\"},\"image\":{\"@id\":\"https:\/\/frontsite.se\/produkt\/textilband-13-och-19mm\/#primaryimage\"},\"thumbnailUrl\":\"https:\/\/frontsite.se\/wp-content\/uploads\/2024\/01\/Strap-Textil-blanc.jpg\",\"datePublished\":\"2024-01-12T19:35:08+00:00\",\"dateModified\":\"2024-12-02T09:52:08+00:00\",\"description\":\"Textilband f\u00f6r att s\u00e4kerst\u00e4lla ett gott motst\u00e5nd hos krympplastningen under transport eller utomhusf\u00f6rvaring \u00e4r det viktigt att f\u00f6rst omringa b\u00e5ten eller materialet med en flexibel textilrem, stark och icke-aggressiv f\u00f6r att fixera krympfilmen.13 mm bred f\u00f6r ett motst\u00e5nd p\u00e5 410 kg 19 mm bred f\u00f6r ett motst\u00e5nd p\u00e5 820 kg\",\"breadcrumb\":{\"@id\":\"https:\/\/frontsite.se\/produkt\/textilband-13-och-19mm\/#breadcrumb\"},\"inLanguage\":\"en-GB\",\"potentialAction\":[{\"@type\":\"ReadAction\",\"target\":[\"https:\/\/frontsite.se\/produkt\/textilband-13-och-19mm\/\"]}]},{\"@type\":\"ImageObject\",\"inLanguage\":\"en-GB\",\"@id\":\"https:\/\/frontsite.se\/produkt\/textilband-13-och-19mm\/#primaryimage\",\"url\":\"https:\/\/frontsite.se\/wp-content\/uploads\/2024\/01\/Strap-Textil-blanc.jpg\",\"contentUrl\":\"https:\/\/frontsite.se\/wp-content\/uploads\/2024\/01\/Strap-Textil-blanc.jpg\",\"width\":394,\"height\":333},{\"@type\":\"BreadcrumbList\",\"@id\":\"https:\/\/frontsite.se\/produkt\/textilband-13-och-19mm\/#breadcrumb\",\"itemListElement\":[{\"@type\":\"ListItem\",\"position\":1,\"name\":\"Hem\",\"item\":\"https:\/\/frontsite.se\/\"},{\"@type\":\"ListItem\",\"position\":2,\"name\":\"Shop\",\"item\":\"https:\/\/frontsite.lingonbyran.se\/shop\/\"},{\"@type\":\"ListItem\",\"position\":3,\"name\":\"Textilband\"}]},{\"@type\":\"WebSite\",\"@id\":\"https:\/\/frontsite.se\/#website\",\"url\":\"https:\/\/frontsite.se\/\",\"name\":\"Frontsite\",\"description\":\"Expert P\u00e5 st\u00e4llningsprodukter och profilering\",\"publisher\":{\"@id\":\"https:\/\/frontsite.se\/#organization\"},\"potentialAction\":[{\"@type\":\"SearchAction\",\"target\":{\"@type\":\"EntryPoint\",\"urlTemplate\":\"https:\/\/frontsite.se\/?s={search_term_string}\"},\"query-input\":{\"@type\":\"PropertyValueSpecification\",\"valueRequired\":true,\"valueName\":\"search_term_string\"}}],\"inLanguage\":\"en-GB\"},{\"@type\":\"Organization\",\"@id\":\"https:\/\/frontsite.se\/#organization\",\"name\":\"Frontsite\",\"url\":\"https:\/\/frontsite.se\/\",\"logo\":{\"@type\":\"ImageObject\",\"inLanguage\":\"en-GB\",\"@id\":\"https:\/\/frontsite.se\/#\/schema\/logo\/image\/\",\"url\":\"https:\/\/frontsite.se\/wp-content\/uploads\/2024\/08\/Logo-Ratt-farg.png\",\"contentUrl\":\"https:\/\/frontsite.se\/wp-content\/uploads\/2024\/08\/Logo-Ratt-farg.png\",\"width\":1004,\"height\":1004,\"caption\":\"Frontsite\"},\"image\":{\"@id\":\"https:\/\/frontsite.se\/#\/schema\/logo\/image\/\"}}]}<\/script>\n<!-- \/ Yoast SEO plugin. -->","yoast_head_json":{"title":"Textilband - Frontsite","description":"Textilband f\u00f6r att s\u00e4kerst\u00e4lla ett gott motst\u00e5nd hos krympplastningen under transport eller utomhusf\u00f6rvaring \u00e4r det viktigt att f\u00f6rst omringa b\u00e5ten eller materialet med en flexibel textilrem, stark och icke-aggressiv f\u00f6r att fixera krympfilmen.13 mm bred f\u00f6r ett motst\u00e5nd p\u00e5 410 kg 19 mm bred f\u00f6r ett motst\u00e5nd p\u00e5 820 kg","robots":{"index":"index","follow":"follow","max-snippet":"max-snippet:-1","max-image-preview":"max-image-preview:large","max-video-preview":"max-video-preview:-1"},"canonical":"https:\/\/frontsite.se\/en\/product\/textilband-13-och-19mm\/","og_locale":"en_GB","og_type":"article","og_title":"Textilband - Frontsite","og_description":"Textilband f\u00f6r att s\u00e4kerst\u00e4lla ett gott motst\u00e5nd hos krympplastningen under transport eller utomhusf\u00f6rvaring \u00e4r det viktigt att f\u00f6rst omringa b\u00e5ten eller materialet med en flexibel textilrem, stark och icke-aggressiv f\u00f6r att fixera krympfilmen.13 mm bred f\u00f6r ett motst\u00e5nd p\u00e5 410 kg 19 mm bred f\u00f6r ett motst\u00e5nd p\u00e5 820 kg","og_url":"https:\/\/frontsite.se\/en\/product\/textilband-13-och-19mm\/","og_site_name":"Frontsite","article_modified_time":"2024-12-02T09:52:08+00:00","og_image":[{"width":394,"height":333,"url":"https:\/\/frontsite.se\/wp-content\/uploads\/2024\/01\/Strap-Textil-blanc.jpg","type":"image\/jpeg"}],"twitter_card":"summary_large_image","twitter_misc":{"Estimated reading time":"1 minute"},"schema":{"@context":"https:\/\/schema.org","@graph":[{"@type":"WebPage","@id":"https:\/\/frontsite.se\/produkt\/textilband-13-och-19mm\/","url":"https:\/\/frontsite.se\/produkt\/textilband-13-och-19mm\/","name":"Textilband - Frontsite","isPartOf":{"@id":"https:\/\/frontsite.se\/#website"},"primaryImageOfPage":{"@id":"https:\/\/frontsite.se\/produkt\/textilband-13-och-19mm\/#primaryimage"},"image":{"@id":"https:\/\/frontsite.se\/produkt\/textilband-13-och-19mm\/#primaryimage"},"thumbnailUrl":"https:\/\/frontsite.se\/wp-content\/uploads\/2024\/01\/Strap-Textil-blanc.jpg","datePublished":"2024-01-12T19:35:08+00:00","dateModified":"2024-12-02T09:52:08+00:00","description":"Textilband f\u00f6r att s\u00e4kerst\u00e4lla ett gott motst\u00e5nd hos krympplastningen under transport eller utomhusf\u00f6rvaring \u00e4r det viktigt att f\u00f6rst omringa b\u00e5ten eller materialet med en flexibel textilrem, stark och icke-aggressiv f\u00f6r att fixera krympfilmen.13 mm bred f\u00f6r ett motst\u00e5nd p\u00e5 410 kg 19 mm bred f\u00f6r ett motst\u00e5nd p\u00e5 820 kg","breadcrumb":{"@id":"https:\/\/frontsite.se\/produkt\/textilband-13-och-19mm\/#breadcrumb"},"inLanguage":"en-GB","potentialAction":[{"@type":"ReadAction","target":["https:\/\/frontsite.se\/produkt\/textilband-13-och-19mm\/"]}]},{"@type":"ImageObject","inLanguage":"en-GB","@id":"https:\/\/frontsite.se\/produkt\/textilband-13-och-19mm\/#primaryimage","url":"https:\/\/frontsite.se\/wp-content\/uploads\/2024\/01\/Strap-Textil-blanc.jpg","contentUrl":"https:\/\/frontsite.se\/wp-content\/uploads\/2024\/01\/Strap-Textil-blanc.jpg","width":394,"height":333},{"@type":"BreadcrumbList","@id":"https:\/\/frontsite.se\/produkt\/textilband-13-och-19mm\/#breadcrumb","itemListElement":[{"@type":"ListItem","position":1,"name":"Hem","item":"https:\/\/frontsite.se\/"},{"@type":"ListItem","position":2,"name":"Shop","item":"https:\/\/frontsite.lingonbyran.se\/shop\/"},{"@type":"ListItem","position":3,"name":"Textilband"}]},{"@type":"WebSite","@id":"https:\/\/frontsite.se\/#website","url":"https:\/\/frontsite.se\/","name":"Frontsite","description":"Expert P\u00e5 st\u00e4llningsprodukter och profilering","publisher":{"@id":"https:\/\/frontsite.se\/#organization"},"potentialAction":[{"@type":"SearchAction","target":{"@type":"EntryPoint","urlTemplate":"https:\/\/frontsite.se\/?s={search_term_string}"},"query-input":{"@type":"PropertyValueSpecification","valueRequired":true,"valueName":"search_term_string"}}],"inLanguage":"en-GB"},{"@type":"Organization","@id":"https:\/\/frontsite.se\/#organization","name":"Frontsite","url":"https:\/\/frontsite.se\/","logo":{"@type":"ImageObject","inLanguage":"en-GB","@id":"https:\/\/frontsite.se\/#\/schema\/logo\/image\/","url":"https:\/\/frontsite.se\/wp-content\/uploads\/2024\/08\/Logo-Ratt-farg.png","contentUrl":"https:\/\/frontsite.se\/wp-content\/uploads\/2024\/08\/Logo-Ratt-farg.png","width":1004,"height":1004,"caption":"Frontsite"},"image":{"@id":"https:\/\/frontsite.se\/#\/schema\/logo\/image\/"}}]}},"jetpack_sharing_enabled":true,"_links":{"self":[{"href":"https:\/\/frontsite.se\/en\/wp-json\/wp\/v2\/product\/15666","targetHints":{"allow":["GET"]}}],"collection":[{"href":"https:\/\/frontsite.se\/en\/wp-json\/wp\/v2\/product"}],"about":[{"href":"https:\/\/frontsite.se\/en\/wp-json\/wp\/v2\/types\/product"}],"replies":[{"embeddable":true,"href":"https:\/\/frontsite.se\/en\/wp-json\/wp\/v2\/comments?post=15666"}],"version-history":[{"count":6,"href":"https:\/\/frontsite.se\/en\/wp-json\/wp\/v2\/product\/15666\/revisions"}],"predecessor-version":[{"id":17390,"href":"https:\/\/frontsite.se\/en\/wp-json\/wp\/v2\/product\/15666\/revisions\/17390"}],"wp:featuredmedia":[{"embeddable":true,"href":"https:\/\/frontsite.se\/en\/wp-json\/wp\/v2\/media\/16251"}],"wp:attachment":[{"href":"https:\/\/frontsite.se\/en\/wp-json\/wp\/v2\/media?parent=15666"}],"wp:term":[{"taxonomy":"product_cat","embeddable":true,"href":"https:\/\/frontsite.se\/en\/wp-json\/wp\/v2\/product_cat?post=15666"},{"taxonomy":"product_tag","embeddable":true,"href":"https:\/\/frontsite.se\/en\/wp-json\/wp\/v2\/product_tag?post=15666"}],"curies":[{"name":"wp","href":"https:\/\/api.w.org\/{rel}","templated":true}]}}