{"id":15662,"date":"2024-01-12T19:35:07","date_gmt":"2024-01-12T19:35:07","guid":{"rendered":"https:\/\/frontsite.se\/?post_type=product&#038;p=15662"},"modified":"2024-06-24T07:09:16","modified_gmt":"2024-06-24T07:09:16","slug":"sparrnyckel-19-23","status":"publish","type":"product","link":"https:\/\/frontsite.se\/en\/product\/sparrnyckel-19-23\/","title":{"rendered":"Sp\u00e4rrnyckel 19-23"},"content":{"rendered":"<p>Sp\u00e4rrnyckel 19-23<\/p>","protected":false},"excerpt":{"rendered":"<p>V\u00e4ndbar sp\u00e4rrnyckel f\u00f6r v\u00e4nster-\/h\u00f6gerdragning med Sp\u00e4rrfunktion. Genomg\u00e5ende hylsa med tolvkant.Koniskt handtag f\u00f6r j\u00e4mkning av h\u00e5len i st\u00e4ngerna som ska skruvas ihop. Sp\u00e4rrnyckeln har \u00e4ven ett h\u00e5l i handtaget f\u00f6r f\u00e4ste i s\u00e4kerhetslina.Nyckelvidd: 19-23 mm, Total l\u00e4ngd: 315 mm<\/p>","protected":false},"featured_media":15765,"comment_status":"open","ping_status":"closed","template":"","meta":[],"product_cat":[130,83],"product_tag":[],"class_list":{"0":"post-15662","1":"product","2":"type-product","3":"status-publish","4":"has-post-thumbnail","6":"product_cat-sparrnyckel","7":"product_cat-verktygsbalten-och-fickor","9":"first","10":"instock","11":"taxable","12":"shipping-taxable","13":"purchasable","14":"product-type-simple"},"yoast_head":"<!-- This site is optimized with the Yoast SEO plugin v24.1 - https:\/\/yoast.com\/wordpress\/plugins\/seo\/ -->\n<title>Sp\u00e4rrnyckel 19-23 - Frontsite<\/title>\n<meta name=\"description\" content=\"V\u00e4ndbar sp\u00e4rrnyckel f\u00f6r v\u00e4nster-\/h\u00f6gerdragning med Sp\u00e4rrfunktion. Genomg\u00e5ende hylsa med tolvkant.Koniskt handtag f\u00f6r j\u00e4mkning av h\u00e5len i st\u00e4ngerna som ska skruvas ihop. Sp\u00e4rrnyckeln har \u00e4ven ett h\u00e5l i handtaget f\u00f6r f\u00e4ste i s\u00e4kerhetslina.Nyckelvidd: 19-23 mm, Total l\u00e4ngd: 315 mm\" \/>\n<meta name=\"robots\" content=\"index, follow, max-snippet:-1, max-image-preview:large, max-video-preview:-1\" \/>\n<link rel=\"canonical\" href=\"https:\/\/frontsite.se\/en\/product\/sparrnyckel-19-23\/\" \/>\n<meta property=\"og:locale\" content=\"en_GB\" \/>\n<meta property=\"og:type\" content=\"article\" \/>\n<meta property=\"og:title\" content=\"Sp\u00e4rrnyckel 19-23 - Frontsite\" \/>\n<meta property=\"og:description\" content=\"V\u00e4ndbar sp\u00e4rrnyckel f\u00f6r v\u00e4nster-\/h\u00f6gerdragning med Sp\u00e4rrfunktion. Genomg\u00e5ende hylsa med tolvkant.Koniskt handtag f\u00f6r j\u00e4mkning av h\u00e5len i st\u00e4ngerna som ska skruvas ihop. Sp\u00e4rrnyckeln har \u00e4ven ett h\u00e5l i handtaget f\u00f6r f\u00e4ste i s\u00e4kerhetslina.Nyckelvidd: 19-23 mm, Total l\u00e4ngd: 315 mm\" \/>\n<meta property=\"og:url\" content=\"https:\/\/frontsite.se\/en\/product\/sparrnyckel-19-23\/\" \/>\n<meta property=\"og:site_name\" content=\"Frontsite\" \/>\n<meta property=\"article:modified_time\" content=\"2024-06-24T07:09:16+00:00\" \/>\n<meta property=\"og:image\" content=\"https:\/\/frontsite.se\/wp-content\/uploads\/2024\/01\/Sparrnyckel.jpg\" \/>\n\t<meta property=\"og:image:width\" content=\"400\" \/>\n\t<meta property=\"og:image:height\" content=\"400\" \/>\n\t<meta property=\"og:image:type\" content=\"image\/jpeg\" \/>\n<meta name=\"twitter:card\" content=\"summary_large_image\" \/>\n<meta name=\"twitter:label1\" content=\"Estimated reading time\" \/>\n\t<meta name=\"twitter:data1\" content=\"1 minute\" \/>\n<script type=\"application\/ld+json\" class=\"yoast-schema-graph\">{\"@context\":\"https:\/\/schema.org\",\"@graph\":[{\"@type\":\"WebPage\",\"@id\":\"https:\/\/frontsite.se\/produkt\/sparrnyckel-19-23\/\",\"url\":\"https:\/\/frontsite.se\/produkt\/sparrnyckel-19-23\/\",\"name\":\"Sp\u00e4rrnyckel 19-23 - Frontsite\",\"isPartOf\":{\"@id\":\"https:\/\/frontsite.se\/#website\"},\"primaryImageOfPage\":{\"@id\":\"https:\/\/frontsite.se\/produkt\/sparrnyckel-19-23\/#primaryimage\"},\"image\":{\"@id\":\"https:\/\/frontsite.se\/produkt\/sparrnyckel-19-23\/#primaryimage\"},\"thumbnailUrl\":\"https:\/\/frontsite.se\/wp-content\/uploads\/2024\/01\/Sparrnyckel.jpg\",\"datePublished\":\"2024-01-12T19:35:07+00:00\",\"dateModified\":\"2024-06-24T07:09:16+00:00\",\"description\":\"V\u00e4ndbar sp\u00e4rrnyckel f\u00f6r v\u00e4nster-\/h\u00f6gerdragning med Sp\u00e4rrfunktion. Genomg\u00e5ende hylsa med tolvkant.Koniskt handtag f\u00f6r j\u00e4mkning av h\u00e5len i st\u00e4ngerna som ska skruvas ihop. Sp\u00e4rrnyckeln har \u00e4ven ett h\u00e5l i handtaget f\u00f6r f\u00e4ste i s\u00e4kerhetslina.Nyckelvidd: 19-23 mm, Total l\u00e4ngd: 315 mm\",\"breadcrumb\":{\"@id\":\"https:\/\/frontsite.se\/produkt\/sparrnyckel-19-23\/#breadcrumb\"},\"inLanguage\":\"en-GB\",\"potentialAction\":[{\"@type\":\"ReadAction\",\"target\":[\"https:\/\/frontsite.se\/produkt\/sparrnyckel-19-23\/\"]}]},{\"@type\":\"ImageObject\",\"inLanguage\":\"en-GB\",\"@id\":\"https:\/\/frontsite.se\/produkt\/sparrnyckel-19-23\/#primaryimage\",\"url\":\"https:\/\/frontsite.se\/wp-content\/uploads\/2024\/01\/Sparrnyckel.jpg\",\"contentUrl\":\"https:\/\/frontsite.se\/wp-content\/uploads\/2024\/01\/Sparrnyckel.jpg\",\"width\":400,\"height\":400},{\"@type\":\"BreadcrumbList\",\"@id\":\"https:\/\/frontsite.se\/produkt\/sparrnyckel-19-23\/#breadcrumb\",\"itemListElement\":[{\"@type\":\"ListItem\",\"position\":1,\"name\":\"Hem\",\"item\":\"https:\/\/frontsite.se\/\"},{\"@type\":\"ListItem\",\"position\":2,\"name\":\"Shop\",\"item\":\"https:\/\/frontsite.lingonbyran.se\/shop\/\"},{\"@type\":\"ListItem\",\"position\":3,\"name\":\"Sp\u00e4rrnyckel 19-23\"}]},{\"@type\":\"WebSite\",\"@id\":\"https:\/\/frontsite.se\/#website\",\"url\":\"https:\/\/frontsite.se\/\",\"name\":\"Frontsite\",\"description\":\"Expert P\u00e5 st\u00e4llningsprodukter och profilering\",\"publisher\":{\"@id\":\"https:\/\/frontsite.se\/#organization\"},\"potentialAction\":[{\"@type\":\"SearchAction\",\"target\":{\"@type\":\"EntryPoint\",\"urlTemplate\":\"https:\/\/frontsite.se\/?s={search_term_string}\"},\"query-input\":{\"@type\":\"PropertyValueSpecification\",\"valueRequired\":true,\"valueName\":\"search_term_string\"}}],\"inLanguage\":\"en-GB\"},{\"@type\":\"Organization\",\"@id\":\"https:\/\/frontsite.se\/#organization\",\"name\":\"Frontsite\",\"url\":\"https:\/\/frontsite.se\/\",\"logo\":{\"@type\":\"ImageObject\",\"inLanguage\":\"en-GB\",\"@id\":\"https:\/\/frontsite.se\/#\/schema\/logo\/image\/\",\"url\":\"https:\/\/frontsite.se\/wp-content\/uploads\/2024\/08\/Logo-Ratt-farg.png\",\"contentUrl\":\"https:\/\/frontsite.se\/wp-content\/uploads\/2024\/08\/Logo-Ratt-farg.png\",\"width\":1004,\"height\":1004,\"caption\":\"Frontsite\"},\"image\":{\"@id\":\"https:\/\/frontsite.se\/#\/schema\/logo\/image\/\"}}]}<\/script>\n<!-- \/ Yoast SEO plugin. -->","yoast_head_json":{"title":"Sp\u00e4rrnyckel 19-23 - Frontsite","description":"V\u00e4ndbar sp\u00e4rrnyckel f\u00f6r v\u00e4nster-\/h\u00f6gerdragning med Sp\u00e4rrfunktion. Genomg\u00e5ende hylsa med tolvkant.Koniskt handtag f\u00f6r j\u00e4mkning av h\u00e5len i st\u00e4ngerna som ska skruvas ihop. Sp\u00e4rrnyckeln har \u00e4ven ett h\u00e5l i handtaget f\u00f6r f\u00e4ste i s\u00e4kerhetslina.Nyckelvidd: 19-23 mm, Total l\u00e4ngd: 315 mm","robots":{"index":"index","follow":"follow","max-snippet":"max-snippet:-1","max-image-preview":"max-image-preview:large","max-video-preview":"max-video-preview:-1"},"canonical":"https:\/\/frontsite.se\/en\/product\/sparrnyckel-19-23\/","og_locale":"en_GB","og_type":"article","og_title":"Sp\u00e4rrnyckel 19-23 - Frontsite","og_description":"V\u00e4ndbar sp\u00e4rrnyckel f\u00f6r v\u00e4nster-\/h\u00f6gerdragning med Sp\u00e4rrfunktion. Genomg\u00e5ende hylsa med tolvkant.Koniskt handtag f\u00f6r j\u00e4mkning av h\u00e5len i st\u00e4ngerna som ska skruvas ihop. Sp\u00e4rrnyckeln har \u00e4ven ett h\u00e5l i handtaget f\u00f6r f\u00e4ste i s\u00e4kerhetslina.Nyckelvidd: 19-23 mm, Total l\u00e4ngd: 315 mm","og_url":"https:\/\/frontsite.se\/en\/product\/sparrnyckel-19-23\/","og_site_name":"Frontsite","article_modified_time":"2024-06-24T07:09:16+00:00","og_image":[{"width":400,"height":400,"url":"https:\/\/frontsite.se\/wp-content\/uploads\/2024\/01\/Sparrnyckel.jpg","type":"image\/jpeg"}],"twitter_card":"summary_large_image","twitter_misc":{"Estimated reading time":"1 minute"},"schema":{"@context":"https:\/\/schema.org","@graph":[{"@type":"WebPage","@id":"https:\/\/frontsite.se\/produkt\/sparrnyckel-19-23\/","url":"https:\/\/frontsite.se\/produkt\/sparrnyckel-19-23\/","name":"Sp\u00e4rrnyckel 19-23 - Frontsite","isPartOf":{"@id":"https:\/\/frontsite.se\/#website"},"primaryImageOfPage":{"@id":"https:\/\/frontsite.se\/produkt\/sparrnyckel-19-23\/#primaryimage"},"image":{"@id":"https:\/\/frontsite.se\/produkt\/sparrnyckel-19-23\/#primaryimage"},"thumbnailUrl":"https:\/\/frontsite.se\/wp-content\/uploads\/2024\/01\/Sparrnyckel.jpg","datePublished":"2024-01-12T19:35:07+00:00","dateModified":"2024-06-24T07:09:16+00:00","description":"V\u00e4ndbar sp\u00e4rrnyckel f\u00f6r v\u00e4nster-\/h\u00f6gerdragning med Sp\u00e4rrfunktion. Genomg\u00e5ende hylsa med tolvkant.Koniskt handtag f\u00f6r j\u00e4mkning av h\u00e5len i st\u00e4ngerna som ska skruvas ihop. Sp\u00e4rrnyckeln har \u00e4ven ett h\u00e5l i handtaget f\u00f6r f\u00e4ste i s\u00e4kerhetslina.Nyckelvidd: 19-23 mm, Total l\u00e4ngd: 315 mm","breadcrumb":{"@id":"https:\/\/frontsite.se\/produkt\/sparrnyckel-19-23\/#breadcrumb"},"inLanguage":"en-GB","potentialAction":[{"@type":"ReadAction","target":["https:\/\/frontsite.se\/produkt\/sparrnyckel-19-23\/"]}]},{"@type":"ImageObject","inLanguage":"en-GB","@id":"https:\/\/frontsite.se\/produkt\/sparrnyckel-19-23\/#primaryimage","url":"https:\/\/frontsite.se\/wp-content\/uploads\/2024\/01\/Sparrnyckel.jpg","contentUrl":"https:\/\/frontsite.se\/wp-content\/uploads\/2024\/01\/Sparrnyckel.jpg","width":400,"height":400},{"@type":"BreadcrumbList","@id":"https:\/\/frontsite.se\/produkt\/sparrnyckel-19-23\/#breadcrumb","itemListElement":[{"@type":"ListItem","position":1,"name":"Hem","item":"https:\/\/frontsite.se\/"},{"@type":"ListItem","position":2,"name":"Shop","item":"https:\/\/frontsite.lingonbyran.se\/shop\/"},{"@type":"ListItem","position":3,"name":"Sp\u00e4rrnyckel 19-23"}]},{"@type":"WebSite","@id":"https:\/\/frontsite.se\/#website","url":"https:\/\/frontsite.se\/","name":"Frontsite","description":"Expert P\u00e5 st\u00e4llningsprodukter och profilering","publisher":{"@id":"https:\/\/frontsite.se\/#organization"},"potentialAction":[{"@type":"SearchAction","target":{"@type":"EntryPoint","urlTemplate":"https:\/\/frontsite.se\/?s={search_term_string}"},"query-input":{"@type":"PropertyValueSpecification","valueRequired":true,"valueName":"search_term_string"}}],"inLanguage":"en-GB"},{"@type":"Organization","@id":"https:\/\/frontsite.se\/#organization","name":"Frontsite","url":"https:\/\/frontsite.se\/","logo":{"@type":"ImageObject","inLanguage":"en-GB","@id":"https:\/\/frontsite.se\/#\/schema\/logo\/image\/","url":"https:\/\/frontsite.se\/wp-content\/uploads\/2024\/08\/Logo-Ratt-farg.png","contentUrl":"https:\/\/frontsite.se\/wp-content\/uploads\/2024\/08\/Logo-Ratt-farg.png","width":1004,"height":1004,"caption":"Frontsite"},"image":{"@id":"https:\/\/frontsite.se\/#\/schema\/logo\/image\/"}}]}},"jetpack_sharing_enabled":true,"_links":{"self":[{"href":"https:\/\/frontsite.se\/en\/wp-json\/wp\/v2\/product\/15662","targetHints":{"allow":["GET"]}}],"collection":[{"href":"https:\/\/frontsite.se\/en\/wp-json\/wp\/v2\/product"}],"about":[{"href":"https:\/\/frontsite.se\/en\/wp-json\/wp\/v2\/types\/product"}],"replies":[{"embeddable":true,"href":"https:\/\/frontsite.se\/en\/wp-json\/wp\/v2\/comments?post=15662"}],"version-history":[{"count":2,"href":"https:\/\/frontsite.se\/en\/wp-json\/wp\/v2\/product\/15662\/revisions"}],"predecessor-version":[{"id":16770,"href":"https:\/\/frontsite.se\/en\/wp-json\/wp\/v2\/product\/15662\/revisions\/16770"}],"wp:featuredmedia":[{"embeddable":true,"href":"https:\/\/frontsite.se\/en\/wp-json\/wp\/v2\/media\/15765"}],"wp:attachment":[{"href":"https:\/\/frontsite.se\/en\/wp-json\/wp\/v2\/media?parent=15662"}],"wp:term":[{"taxonomy":"product_cat","embeddable":true,"href":"https:\/\/frontsite.se\/en\/wp-json\/wp\/v2\/product_cat?post=15662"},{"taxonomy":"product_tag","embeddable":true,"href":"https:\/\/frontsite.se\/en\/wp-json\/wp\/v2\/product_tag?post=15662"}],"curies":[{"name":"wp","href":"https:\/\/api.w.org\/{rel}","templated":true}]}}