{"id":15644,"date":"2024-01-12T19:34:00","date_gmt":"2024-01-12T19:34:00","guid":{"rendered":"https:\/\/frontsite.se\/?post_type=product&#038;p=15644"},"modified":"2024-06-20T10:43:08","modified_gmt":"2024-06-20T10:43:08","slug":"krympplast","status":"publish","type":"product","link":"https:\/\/frontsite.se\/en\/product\/krympplast\/","title":{"rendered":"Krympfilm \/ plast"},"content":{"rendered":"<p><strong>M\u00e5ngsidig Krympfilm f\u00f6r Effektivt Skydd<\/strong><\/p>\n<p>Krympfilm eller krymplast \u00e4r den perfekta l\u00f6sningen f\u00f6r att skydda och t\u00e4cka allt fr\u00e5n st\u00e4llningar och b\u00e5tar till maskiner och industriprodukter. Med dess robusta och l\u00e5ngvariga skydd mot smuts, UV-str\u00e5lning och extremt v\u00e4der garanterar den p\u00e5litligt skydd i alla klimatf\u00f6rh\u00e5llanden. Den \u00e4r tillg\u00e4nglig p\u00e5 rulle i olika storlekar och tjocklekar f\u00f6r att passa olika anv\u00e4ndningsomr\u00e5den.<\/p>\n<p>Denna effektiva metod f\u00f6rpackar och skyddar olika produkter f\u00f6r lagring och transport via b\u00e5t, lastbil, t\u00e5g eller flyg. Genom att anv\u00e4nda krympplast f\u00e5r du en p\u00e5litlig l\u00f6sning som m\u00f6ter dina behov f\u00f6r att s\u00e4kra och skydda dina tillg\u00e5ngar under alla f\u00f6rh\u00e5llanden och transporter. Investera i kvalitativ krympfilm f\u00f6r att s\u00e4kerst\u00e4lla att dina tillg\u00e5ngar f\u00f6rblir intakta och skyddade \u00f6ver tid.<\/p>","protected":false},"excerpt":{"rendered":"<p><img fetchpriority=\"high\" decoding=\"async\" class=\"alignnone size-full wp-image-16011\" src=\"https:\/\/frontsite.se\/wp-content\/uploads\/2024\/03\/P1001101-scaled.jpg\" alt=\"\" width=\"2560\" height=\"1920\" srcset=\"https:\/\/frontsite.se\/wp-content\/uploads\/2024\/03\/P1001101-scaled.jpg 2560w, https:\/\/frontsite.se\/wp-content\/uploads\/2024\/03\/P1001101-scaled-400x300.jpg 400w, https:\/\/frontsite.se\/wp-content\/uploads\/2024\/03\/P1001101-scaled-1067x800.jpg 1067w, https:\/\/frontsite.se\/wp-content\/uploads\/2024\/03\/P1001101-scaled-150x113.jpg 150w, https:\/\/frontsite.se\/wp-content\/uploads\/2024\/03\/P1001101-scaled-768x576.jpg 768w, https:\/\/frontsite.se\/wp-content\/uploads\/2024\/03\/P1001101-scaled-1536x1152.jpg 1536w, https:\/\/frontsite.se\/wp-content\/uploads\/2024\/03\/P1001101-scaled-2048x1536.jpg 2048w, https:\/\/frontsite.se\/wp-content\/uploads\/2024\/03\/P1001101-scaled-700x525.jpg 700w\" sizes=\"(max-width: 2560px) 100vw, 2560px\" \/><\/p>\n<p><strong>M\u00e5ngsidig Krympfilm f\u00f6r Effektivt Skydd<\/strong><\/p>\n<p>Krympfilm eller krymplast \u00e4r den perfekta l\u00f6sningen f\u00f6r att skydda och t\u00e4cka allt fr\u00e5n st\u00e4llningar och b\u00e5tar till maskiner och industriprodukter. Med dess robusta och l\u00e5ngvariga skydd mot smuts, UV-str\u00e5lning och extremt v\u00e4der garanterar den p\u00e5litligt skydd i alla klimatf\u00f6rh\u00e5llanden. Den \u00e4r tillg\u00e4nglig p\u00e5 rulle i olika storlekar och tjocklekar f\u00f6r att passa olika anv\u00e4ndningsomr\u00e5den.<\/p>\n<p>Denna effektiva metod f\u00f6rpackar och skyddar olika produkter f\u00f6r lagring och transport via b\u00e5t, lastbil, t\u00e5g eller flyg. Genom att anv\u00e4nda krympplast f\u00e5r du en p\u00e5litlig l\u00f6sning som m\u00f6ter dina behov f\u00f6r att s\u00e4kra och skydda dina tillg\u00e5ngar under alla f\u00f6rh\u00e5llanden och transporter. Investera i kvalitativ krympfilm f\u00f6r att s\u00e4kerst\u00e4lla att dina tillg\u00e5ngar f\u00f6rblir intakta och skyddade \u00f6ver tid.<\/p>","protected":false},"featured_media":15734,"comment_status":"open","ping_status":"closed","template":"","meta":[],"product_cat":[82,76],"product_tag":[],"class_list":{"0":"post-15644","1":"product","2":"type-product","3":"status-publish","4":"has-post-thumbnail","6":"product_cat-krympfilm-krympplast-tillbehor","7":"product_cat-krympplast-tillbehor","9":"first","10":"instock","11":"taxable","12":"shipping-taxable","13":"purchasable","14":"product-type-variable"},"yoast_head":"<!-- This site is optimized with the Yoast SEO plugin v24.1 - https:\/\/yoast.com\/wordpress\/plugins\/seo\/ -->\n<title>Krympfilm \/ plast - Frontsite<\/title>\n<meta name=\"description\" content=\"Krympfilm \/plast anv\u00e4nds f\u00f6r att t\u00e4cka allt fr\u00e5n st\u00e4llningar och b\u00e5tar till maskiner och industriprodukter. Med ett kraftfullt och l\u00e5ngvarigt skydd mot smuts, UV-str\u00e5lning samt extremt v\u00e4der och vindf\u00f6rh\u00e5llanden. Den erbjuder tillf\u00f6rlitligt skydd i b\u00e5de varma och kalla klimat. Levererad p\u00e5 rulle, finns plasten i olika storlekar och tjocklekar f\u00f6r att passa olika \u00e4ndam\u00e5l.Det \u00e4r en ekonomiskt f\u00f6rdelaktig. Effektiv och h\u00e5llbar metod f\u00f6r att t\u00e4cka st\u00e4llningar eller skydda och f\u00f6rpacka en m\u00e4ngd olika produkter f\u00f6r lagring och transport via b\u00e5t, lastbil, t\u00e5g eller flyg. Med krympplast f\u00e5r du en p\u00e5litlig l\u00f6sning som m\u00f6ter dina behov f\u00f6r att s\u00e4kra och skydda dina tillg\u00e5ngar under olika f\u00f6rh\u00e5llanden och transporter.\" \/>\n<meta name=\"robots\" content=\"index, follow, max-snippet:-1, max-image-preview:large, max-video-preview:-1\" \/>\n<link rel=\"canonical\" href=\"https:\/\/frontsite.se\/en\/product\/krympplast\/\" \/>\n<meta property=\"og:locale\" content=\"en_GB\" \/>\n<meta property=\"og:type\" content=\"article\" \/>\n<meta property=\"og:title\" content=\"Krympfilm \/ plast - Frontsite\" \/>\n<meta property=\"og:description\" content=\"Krympfilm \/plast anv\u00e4nds f\u00f6r att t\u00e4cka allt fr\u00e5n st\u00e4llningar och b\u00e5tar till maskiner och industriprodukter. Med ett kraftfullt och l\u00e5ngvarigt skydd mot smuts, UV-str\u00e5lning samt extremt v\u00e4der och vindf\u00f6rh\u00e5llanden. Den erbjuder tillf\u00f6rlitligt skydd i b\u00e5de varma och kalla klimat. Levererad p\u00e5 rulle, finns plasten i olika storlekar och tjocklekar f\u00f6r att passa olika \u00e4ndam\u00e5l.Det \u00e4r en ekonomiskt f\u00f6rdelaktig. Effektiv och h\u00e5llbar metod f\u00f6r att t\u00e4cka st\u00e4llningar eller skydda och f\u00f6rpacka en m\u00e4ngd olika produkter f\u00f6r lagring och transport via b\u00e5t, lastbil, t\u00e5g eller flyg. Med krympplast f\u00e5r du en p\u00e5litlig l\u00f6sning som m\u00f6ter dina behov f\u00f6r att s\u00e4kra och skydda dina tillg\u00e5ngar under olika f\u00f6rh\u00e5llanden och transporter.\" \/>\n<meta property=\"og:url\" content=\"https:\/\/frontsite.se\/en\/product\/krympplast\/\" \/>\n<meta property=\"og:site_name\" content=\"Frontsite\" \/>\n<meta property=\"article:modified_time\" content=\"2024-06-20T10:43:08+00:00\" \/>\n<meta property=\"og:image\" content=\"https:\/\/frontsite.se\/wp-content\/uploads\/2024\/01\/Bild-krymplast.jpg\" \/>\n\t<meta property=\"og:image:width\" content=\"247\" \/>\n\t<meta property=\"og:image:height\" content=\"317\" \/>\n\t<meta property=\"og:image:type\" content=\"image\/jpeg\" \/>\n<meta name=\"twitter:card\" content=\"summary_large_image\" \/>\n<meta name=\"twitter:label1\" content=\"Estimated reading time\" \/>\n\t<meta name=\"twitter:data1\" content=\"1 minute\" \/>\n<script type=\"application\/ld+json\" class=\"yoast-schema-graph\">{\"@context\":\"https:\/\/schema.org\",\"@graph\":[{\"@type\":\"WebPage\",\"@id\":\"https:\/\/frontsite.se\/produkt\/krympplast\/\",\"url\":\"https:\/\/frontsite.se\/produkt\/krympplast\/\",\"name\":\"Krympfilm \/ plast - Frontsite\",\"isPartOf\":{\"@id\":\"https:\/\/frontsite.se\/#website\"},\"primaryImageOfPage\":{\"@id\":\"https:\/\/frontsite.se\/produkt\/krympplast\/#primaryimage\"},\"image\":{\"@id\":\"https:\/\/frontsite.se\/produkt\/krympplast\/#primaryimage\"},\"thumbnailUrl\":\"https:\/\/frontsite.se\/wp-content\/uploads\/2024\/01\/Bild-krymplast.jpg\",\"datePublished\":\"2024-01-12T19:34:00+00:00\",\"dateModified\":\"2024-06-20T10:43:08+00:00\",\"description\":\"Krympfilm \/plast anv\u00e4nds f\u00f6r att t\u00e4cka allt fr\u00e5n st\u00e4llningar och b\u00e5tar till maskiner och industriprodukter. Med ett kraftfullt och l\u00e5ngvarigt skydd mot smuts, UV-str\u00e5lning samt extremt v\u00e4der och vindf\u00f6rh\u00e5llanden. Den erbjuder tillf\u00f6rlitligt skydd i b\u00e5de varma och kalla klimat. Levererad p\u00e5 rulle, finns plasten i olika storlekar och tjocklekar f\u00f6r att passa olika \u00e4ndam\u00e5l.Det \u00e4r en ekonomiskt f\u00f6rdelaktig. Effektiv och h\u00e5llbar metod f\u00f6r att t\u00e4cka st\u00e4llningar eller skydda och f\u00f6rpacka en m\u00e4ngd olika produkter f\u00f6r lagring och transport via b\u00e5t, lastbil, t\u00e5g eller flyg. Med krympplast f\u00e5r du en p\u00e5litlig l\u00f6sning som m\u00f6ter dina behov f\u00f6r att s\u00e4kra och skydda dina tillg\u00e5ngar under olika f\u00f6rh\u00e5llanden och transporter.\",\"breadcrumb\":{\"@id\":\"https:\/\/frontsite.se\/produkt\/krympplast\/#breadcrumb\"},\"inLanguage\":\"en-GB\",\"potentialAction\":[{\"@type\":\"ReadAction\",\"target\":[\"https:\/\/frontsite.se\/produkt\/krympplast\/\"]}]},{\"@type\":\"ImageObject\",\"inLanguage\":\"en-GB\",\"@id\":\"https:\/\/frontsite.se\/produkt\/krympplast\/#primaryimage\",\"url\":\"https:\/\/frontsite.se\/wp-content\/uploads\/2024\/01\/Bild-krymplast.jpg\",\"contentUrl\":\"https:\/\/frontsite.se\/wp-content\/uploads\/2024\/01\/Bild-krymplast.jpg\",\"width\":247,\"height\":317},{\"@type\":\"BreadcrumbList\",\"@id\":\"https:\/\/frontsite.se\/produkt\/krympplast\/#breadcrumb\",\"itemListElement\":[{\"@type\":\"ListItem\",\"position\":1,\"name\":\"Hem\",\"item\":\"https:\/\/frontsite.se\/\"},{\"@type\":\"ListItem\",\"position\":2,\"name\":\"Shop\",\"item\":\"https:\/\/frontsite.lingonbyran.se\/shop\/\"},{\"@type\":\"ListItem\",\"position\":3,\"name\":\"Krympfilm \/ plast\"}]},{\"@type\":\"WebSite\",\"@id\":\"https:\/\/frontsite.se\/#website\",\"url\":\"https:\/\/frontsite.se\/\",\"name\":\"Frontsite\",\"description\":\"Expert P\u00e5 st\u00e4llningsprodukter och profilering\",\"publisher\":{\"@id\":\"https:\/\/frontsite.se\/#organization\"},\"potentialAction\":[{\"@type\":\"SearchAction\",\"target\":{\"@type\":\"EntryPoint\",\"urlTemplate\":\"https:\/\/frontsite.se\/?s={search_term_string}\"},\"query-input\":{\"@type\":\"PropertyValueSpecification\",\"valueRequired\":true,\"valueName\":\"search_term_string\"}}],\"inLanguage\":\"en-GB\"},{\"@type\":\"Organization\",\"@id\":\"https:\/\/frontsite.se\/#organization\",\"name\":\"Frontsite\",\"url\":\"https:\/\/frontsite.se\/\",\"logo\":{\"@type\":\"ImageObject\",\"inLanguage\":\"en-GB\",\"@id\":\"https:\/\/frontsite.se\/#\/schema\/logo\/image\/\",\"url\":\"https:\/\/frontsite.se\/wp-content\/uploads\/2024\/08\/Logo-Ratt-farg.png\",\"contentUrl\":\"https:\/\/frontsite.se\/wp-content\/uploads\/2024\/08\/Logo-Ratt-farg.png\",\"width\":1004,\"height\":1004,\"caption\":\"Frontsite\"},\"image\":{\"@id\":\"https:\/\/frontsite.se\/#\/schema\/logo\/image\/\"}}]}<\/script>\n<!-- \/ Yoast SEO plugin. -->","yoast_head_json":{"title":"Krympfilm \/ plast - Frontsite","description":"Krympfilm \/plast anv\u00e4nds f\u00f6r att t\u00e4cka allt fr\u00e5n st\u00e4llningar och b\u00e5tar till maskiner och industriprodukter. Med ett kraftfullt och l\u00e5ngvarigt skydd mot smuts, UV-str\u00e5lning samt extremt v\u00e4der och vindf\u00f6rh\u00e5llanden. Den erbjuder tillf\u00f6rlitligt skydd i b\u00e5de varma och kalla klimat. Levererad p\u00e5 rulle, finns plasten i olika storlekar och tjocklekar f\u00f6r att passa olika \u00e4ndam\u00e5l.Det \u00e4r en ekonomiskt f\u00f6rdelaktig. Effektiv och h\u00e5llbar metod f\u00f6r att t\u00e4cka st\u00e4llningar eller skydda och f\u00f6rpacka en m\u00e4ngd olika produkter f\u00f6r lagring och transport via b\u00e5t, lastbil, t\u00e5g eller flyg. Med krympplast f\u00e5r du en p\u00e5litlig l\u00f6sning som m\u00f6ter dina behov f\u00f6r att s\u00e4kra och skydda dina tillg\u00e5ngar under olika f\u00f6rh\u00e5llanden och transporter.","robots":{"index":"index","follow":"follow","max-snippet":"max-snippet:-1","max-image-preview":"max-image-preview:large","max-video-preview":"max-video-preview:-1"},"canonical":"https:\/\/frontsite.se\/en\/product\/krympplast\/","og_locale":"en_GB","og_type":"article","og_title":"Krympfilm \/ plast - Frontsite","og_description":"Krympfilm \/plast anv\u00e4nds f\u00f6r att t\u00e4cka allt fr\u00e5n st\u00e4llningar och b\u00e5tar till maskiner och industriprodukter. Med ett kraftfullt och l\u00e5ngvarigt skydd mot smuts, UV-str\u00e5lning samt extremt v\u00e4der och vindf\u00f6rh\u00e5llanden. Den erbjuder tillf\u00f6rlitligt skydd i b\u00e5de varma och kalla klimat. Levererad p\u00e5 rulle, finns plasten i olika storlekar och tjocklekar f\u00f6r att passa olika \u00e4ndam\u00e5l.Det \u00e4r en ekonomiskt f\u00f6rdelaktig. Effektiv och h\u00e5llbar metod f\u00f6r att t\u00e4cka st\u00e4llningar eller skydda och f\u00f6rpacka en m\u00e4ngd olika produkter f\u00f6r lagring och transport via b\u00e5t, lastbil, t\u00e5g eller flyg. Med krympplast f\u00e5r du en p\u00e5litlig l\u00f6sning som m\u00f6ter dina behov f\u00f6r att s\u00e4kra och skydda dina tillg\u00e5ngar under olika f\u00f6rh\u00e5llanden och transporter.","og_url":"https:\/\/frontsite.se\/en\/product\/krympplast\/","og_site_name":"Frontsite","article_modified_time":"2024-06-20T10:43:08+00:00","og_image":[{"width":247,"height":317,"url":"https:\/\/frontsite.se\/wp-content\/uploads\/2024\/01\/Bild-krymplast.jpg","type":"image\/jpeg"}],"twitter_card":"summary_large_image","twitter_misc":{"Estimated reading time":"1 minute"},"schema":{"@context":"https:\/\/schema.org","@graph":[{"@type":"WebPage","@id":"https:\/\/frontsite.se\/produkt\/krympplast\/","url":"https:\/\/frontsite.se\/produkt\/krympplast\/","name":"Krympfilm \/ plast - Frontsite","isPartOf":{"@id":"https:\/\/frontsite.se\/#website"},"primaryImageOfPage":{"@id":"https:\/\/frontsite.se\/produkt\/krympplast\/#primaryimage"},"image":{"@id":"https:\/\/frontsite.se\/produkt\/krympplast\/#primaryimage"},"thumbnailUrl":"https:\/\/frontsite.se\/wp-content\/uploads\/2024\/01\/Bild-krymplast.jpg","datePublished":"2024-01-12T19:34:00+00:00","dateModified":"2024-06-20T10:43:08+00:00","description":"Krympfilm \/plast anv\u00e4nds f\u00f6r att t\u00e4cka allt fr\u00e5n st\u00e4llningar och b\u00e5tar till maskiner och industriprodukter. Med ett kraftfullt och l\u00e5ngvarigt skydd mot smuts, UV-str\u00e5lning samt extremt v\u00e4der och vindf\u00f6rh\u00e5llanden. Den erbjuder tillf\u00f6rlitligt skydd i b\u00e5de varma och kalla klimat. Levererad p\u00e5 rulle, finns plasten i olika storlekar och tjocklekar f\u00f6r att passa olika \u00e4ndam\u00e5l.Det \u00e4r en ekonomiskt f\u00f6rdelaktig. Effektiv och h\u00e5llbar metod f\u00f6r att t\u00e4cka st\u00e4llningar eller skydda och f\u00f6rpacka en m\u00e4ngd olika produkter f\u00f6r lagring och transport via b\u00e5t, lastbil, t\u00e5g eller flyg. Med krympplast f\u00e5r du en p\u00e5litlig l\u00f6sning som m\u00f6ter dina behov f\u00f6r att s\u00e4kra och skydda dina tillg\u00e5ngar under olika f\u00f6rh\u00e5llanden och transporter.","breadcrumb":{"@id":"https:\/\/frontsite.se\/produkt\/krympplast\/#breadcrumb"},"inLanguage":"en-GB","potentialAction":[{"@type":"ReadAction","target":["https:\/\/frontsite.se\/produkt\/krympplast\/"]}]},{"@type":"ImageObject","inLanguage":"en-GB","@id":"https:\/\/frontsite.se\/produkt\/krympplast\/#primaryimage","url":"https:\/\/frontsite.se\/wp-content\/uploads\/2024\/01\/Bild-krymplast.jpg","contentUrl":"https:\/\/frontsite.se\/wp-content\/uploads\/2024\/01\/Bild-krymplast.jpg","width":247,"height":317},{"@type":"BreadcrumbList","@id":"https:\/\/frontsite.se\/produkt\/krympplast\/#breadcrumb","itemListElement":[{"@type":"ListItem","position":1,"name":"Hem","item":"https:\/\/frontsite.se\/"},{"@type":"ListItem","position":2,"name":"Shop","item":"https:\/\/frontsite.lingonbyran.se\/shop\/"},{"@type":"ListItem","position":3,"name":"Krympfilm \/ plast"}]},{"@type":"WebSite","@id":"https:\/\/frontsite.se\/#website","url":"https:\/\/frontsite.se\/","name":"Frontsite","description":"Expert P\u00e5 st\u00e4llningsprodukter och profilering","publisher":{"@id":"https:\/\/frontsite.se\/#organization"},"potentialAction":[{"@type":"SearchAction","target":{"@type":"EntryPoint","urlTemplate":"https:\/\/frontsite.se\/?s={search_term_string}"},"query-input":{"@type":"PropertyValueSpecification","valueRequired":true,"valueName":"search_term_string"}}],"inLanguage":"en-GB"},{"@type":"Organization","@id":"https:\/\/frontsite.se\/#organization","name":"Frontsite","url":"https:\/\/frontsite.se\/","logo":{"@type":"ImageObject","inLanguage":"en-GB","@id":"https:\/\/frontsite.se\/#\/schema\/logo\/image\/","url":"https:\/\/frontsite.se\/wp-content\/uploads\/2024\/08\/Logo-Ratt-farg.png","contentUrl":"https:\/\/frontsite.se\/wp-content\/uploads\/2024\/08\/Logo-Ratt-farg.png","width":1004,"height":1004,"caption":"Frontsite"},"image":{"@id":"https:\/\/frontsite.se\/#\/schema\/logo\/image\/"}}]}},"jetpack_sharing_enabled":true,"_links":{"self":[{"href":"https:\/\/frontsite.se\/en\/wp-json\/wp\/v2\/product\/15644","targetHints":{"allow":["GET"]}}],"collection":[{"href":"https:\/\/frontsite.se\/en\/wp-json\/wp\/v2\/product"}],"about":[{"href":"https:\/\/frontsite.se\/en\/wp-json\/wp\/v2\/types\/product"}],"replies":[{"embeddable":true,"href":"https:\/\/frontsite.se\/en\/wp-json\/wp\/v2\/comments?post=15644"}],"version-history":[{"count":6,"href":"https:\/\/frontsite.se\/en\/wp-json\/wp\/v2\/product\/15644\/revisions"}],"predecessor-version":[{"id":16788,"href":"https:\/\/frontsite.se\/en\/wp-json\/wp\/v2\/product\/15644\/revisions\/16788"}],"wp:featuredmedia":[{"embeddable":true,"href":"https:\/\/frontsite.se\/en\/wp-json\/wp\/v2\/media\/15734"}],"wp:attachment":[{"href":"https:\/\/frontsite.se\/en\/wp-json\/wp\/v2\/media?parent=15644"}],"wp:term":[{"taxonomy":"product_cat","embeddable":true,"href":"https:\/\/frontsite.se\/en\/wp-json\/wp\/v2\/product_cat?post=15644"},{"taxonomy":"product_tag","embeddable":true,"href":"https:\/\/frontsite.se\/en\/wp-json\/wp\/v2\/product_tag?post=15644"}],"curies":[{"name":"wp","href":"https:\/\/api.w.org\/{rel}","templated":true}]}}