{"id":15618,"date":"2024-01-12T19:33:34","date_gmt":"2024-01-12T19:33:34","guid":{"rendered":"https:\/\/frontsite.se\/?post_type=product&#038;p=15618"},"modified":"2025-06-11T17:24:45","modified_gmt":"2025-06-11T17:24:45","slug":"lasplugg-i-plast-till-durkplat","status":"publish","type":"product","link":"https:\/\/frontsite.se\/en\/product\/lasplugg-i-plast-till-durkplat\/","title":{"rendered":"L\u00e5splugg \/ Durkplugg f\u00f6r s\u00e4ker montering av durkpl\u00e5t"},"content":{"rendered":"<h2 data-start=\"111\" data-end=\"182\">L\u00e5splugg \/ Durkplugg f\u00f6r s\u00e4ker och smidig montering av PcP durkpl\u00e5t<\/h2>\n<p data-start=\"184\" data-end=\"486\">V\u00e5r l\u00e5splugg \u2013 \u00e4ven kallad durkplugg \u2013 \u00e4r speciellt framtagen f\u00f6r att p\u00e5 ett effektivt och s\u00e4kert s\u00e4tt l\u00e5sa fast PcP durkpl\u00e5t i kombination med de flesta st\u00e4llningsplank i b\u00e5de st\u00e5l och aluminium. Den \u00e4r utvecklad f\u00f6r anv\u00e4ndning uppe p\u00e5 st\u00e4llningssystem och bidrar till en stabil och s\u00e4ker arbetsmilj\u00f6.<\/p>\n<p data-start=\"488\" data-end=\"779\">Pluggen \u00e4r tillverkad i ett h\u00f6gkvalitativt plastmaterial som t\u00e5l stora temperaturskillnader och tuffa arbetsf\u00f6rh\u00e5llanden. Tack vare de kraftiga fl\u00e4nsarna \u00e4r den enkel att montera och demontera, samtidigt som den f\u00e5r ett starkt grepp oavsett materialtyp \u2013 f\u00f6r maximal h\u00e5llbarhet och s\u00e4kerhet.<\/p>\n<h4 data-start=\"781\" data-end=\"794\">F\u00f6rdelar:<\/h4>\n<ul data-start=\"795\" data-end=\"1030\">\n<li data-start=\"795\" data-end=\"861\">\n<p data-start=\"797\" data-end=\"861\">Passar de flesta typer av st\u00e4llningsplank i st\u00e5l och aluminium<\/p>\n<\/li>\n<li data-start=\"862\" data-end=\"936\">\n<p data-start=\"864\" data-end=\"936\">H\u00f6gkvalitativ plast \u2013 t\u00e5lig mot v\u00e4der, slitage och temperaturv\u00e4xlingar<\/p>\n<\/li>\n<li data-start=\"937\" data-end=\"978\">\n<p data-start=\"939\" data-end=\"978\">Snabb och enkel montering\/demontering<\/p>\n<\/li>\n<li data-start=\"979\" data-end=\"1030\">\n<p data-start=\"981\" data-end=\"1030\">Stabil inf\u00e4stning med hj\u00e4lp av kraftiga fl\u00e4nsar<\/p>\n<\/li>\n<\/ul>\n<p data-start=\"1032\" data-end=\"1125\">En p\u00e5litlig l\u00f6sning f\u00f6r dig som kr\u00e4ver b\u00e5de s\u00e4kerhet och smidighet vid montering av durkpl\u00e5t.<\/p>\n<p>&nbsp;<\/p>\n<p>&nbsp;<\/p>","protected":false},"excerpt":{"rendered":"<p data-start=\"781\" data-end=\"794\">F\u00f6rdelar:<\/p>\n<ul data-start=\"795\" data-end=\"1030\">\n<li data-start=\"795\" data-end=\"861\">\n<p data-start=\"797\" data-end=\"861\">Passar de flesta typer av st\u00e4llningsplank i st\u00e5l och aluminium<\/p>\n<\/li>\n<li data-start=\"862\" data-end=\"936\">\n<p data-start=\"864\" data-end=\"936\">H\u00f6gkvalitativ plast \u2013 t\u00e5lig mot v\u00e4der, slitage och temperaturv\u00e4xlingar<\/p>\n<\/li>\n<li data-start=\"937\" data-end=\"978\">\n<p data-start=\"939\" data-end=\"978\">Snabb och enkel montering\/demontering<\/p>\n<\/li>\n<li data-start=\"979\" data-end=\"1030\">\n<p data-start=\"981\" data-end=\"1030\">Stabil inf\u00e4stning med hj\u00e4lp av kraftiga fl\u00e4nsar<\/p>\n<\/li>\n<\/ul>\n<p data-start=\"1032\" data-end=\"1125\">En p\u00e5litlig l\u00f6sning f\u00f6r dig som kr\u00e4ver b\u00e5de s\u00e4kerhet och smidighet vid montering av durkpl\u00e5t.<\/p>","protected":false},"featured_media":15703,"comment_status":"open","ping_status":"closed","template":"","meta":[],"product_cat":[122,70],"product_tag":[],"class_list":{"0":"post-15618","1":"product","2":"type-product","3":"status-publish","4":"has-post-thumbnail","6":"product_cat-las-durkplugg","7":"product_cat-stallning-bygg-tillbehor","9":"first","10":"instock","11":"taxable","12":"shipping-taxable","13":"purchasable","14":"product-type-variable"},"yoast_head":"<!-- This site is optimized with the Yoast SEO plugin v24.1 - https:\/\/yoast.com\/wordpress\/plugins\/seo\/ -->\n<title>L\u00e5splugg \/ Durkplugg f\u00f6r s\u00e4ker montering av durkpl\u00e5t - Frontsite<\/title>\n<meta name=\"description\" content=\"L\u00e5splugg \u2013 \u00e4ven kallad durkplugg \u00e4r framtagen f\u00f6r att effektivt och s\u00e4kert s\u00e4tt l\u00e5sa fast durkpl\u00e5t med de flesta st\u00e4llningsplank i st\u00e5l och aluminium.\" \/>\n<meta name=\"robots\" content=\"index, follow, max-snippet:-1, max-image-preview:large, max-video-preview:-1\" \/>\n<link rel=\"canonical\" href=\"https:\/\/frontsite.se\/en\/product\/lasplugg-i-plast-till-durkplat\/\" \/>\n<meta property=\"og:locale\" content=\"en_GB\" \/>\n<meta property=\"og:type\" content=\"article\" \/>\n<meta property=\"og:title\" content=\"L\u00e5splugg \/ Durkplugg f\u00f6r s\u00e4ker montering av durkpl\u00e5t - Frontsite\" \/>\n<meta property=\"og:description\" content=\"L\u00e5splugg \u2013 \u00e4ven kallad durkplugg \u00e4r framtagen f\u00f6r att effektivt och s\u00e4kert s\u00e4tt l\u00e5sa fast durkpl\u00e5t med de flesta st\u00e4llningsplank i st\u00e5l och aluminium.\" \/>\n<meta property=\"og:url\" content=\"https:\/\/frontsite.se\/en\/product\/lasplugg-i-plast-till-durkplat\/\" \/>\n<meta property=\"og:site_name\" content=\"Frontsite\" \/>\n<meta property=\"article:modified_time\" content=\"2025-06-11T17:24:45+00:00\" \/>\n<meta property=\"og:image\" content=\"https:\/\/frontsite.se\/wp-content\/uploads\/2024\/01\/IMG_1842-scaled-1.jpg\" \/>\n\t<meta property=\"og:image:width\" content=\"1920\" \/>\n\t<meta property=\"og:image:height\" content=\"2560\" \/>\n\t<meta property=\"og:image:type\" content=\"image\/jpeg\" \/>\n<meta name=\"twitter:card\" content=\"summary_large_image\" \/>\n<meta name=\"twitter:label1\" content=\"Estimated reading time\" \/>\n\t<meta name=\"twitter:data1\" content=\"1 minute\" \/>\n<script type=\"application\/ld+json\" class=\"yoast-schema-graph\">{\"@context\":\"https:\/\/schema.org\",\"@graph\":[{\"@type\":\"WebPage\",\"@id\":\"https:\/\/frontsite.se\/produkt\/lasplugg-i-plast-till-durkplat\/\",\"url\":\"https:\/\/frontsite.se\/produkt\/lasplugg-i-plast-till-durkplat\/\",\"name\":\"L\u00e5splugg \/ Durkplugg f\u00f6r s\u00e4ker montering av durkpl\u00e5t - Frontsite\",\"isPartOf\":{\"@id\":\"https:\/\/frontsite.se\/#website\"},\"primaryImageOfPage\":{\"@id\":\"https:\/\/frontsite.se\/produkt\/lasplugg-i-plast-till-durkplat\/#primaryimage\"},\"image\":{\"@id\":\"https:\/\/frontsite.se\/produkt\/lasplugg-i-plast-till-durkplat\/#primaryimage\"},\"thumbnailUrl\":\"https:\/\/frontsite.se\/wp-content\/uploads\/2024\/01\/IMG_1842-scaled-1.jpg\",\"datePublished\":\"2024-01-12T19:33:34+00:00\",\"dateModified\":\"2025-06-11T17:24:45+00:00\",\"description\":\"L\u00e5splugg \u2013 \u00e4ven kallad durkplugg \u00e4r framtagen f\u00f6r att effektivt och s\u00e4kert s\u00e4tt l\u00e5sa fast durkpl\u00e5t med de flesta st\u00e4llningsplank i st\u00e5l och aluminium.\",\"breadcrumb\":{\"@id\":\"https:\/\/frontsite.se\/produkt\/lasplugg-i-plast-till-durkplat\/#breadcrumb\"},\"inLanguage\":\"en-GB\",\"potentialAction\":[{\"@type\":\"ReadAction\",\"target\":[\"https:\/\/frontsite.se\/produkt\/lasplugg-i-plast-till-durkplat\/\"]}]},{\"@type\":\"ImageObject\",\"inLanguage\":\"en-GB\",\"@id\":\"https:\/\/frontsite.se\/produkt\/lasplugg-i-plast-till-durkplat\/#primaryimage\",\"url\":\"https:\/\/frontsite.se\/wp-content\/uploads\/2024\/01\/IMG_1842-scaled-1.jpg\",\"contentUrl\":\"https:\/\/frontsite.se\/wp-content\/uploads\/2024\/01\/IMG_1842-scaled-1.jpg\",\"width\":1920,\"height\":2560,\"caption\":\"L\u00e5splugg \/ Durkplugg f\u00f6r s\u00e4ker montering av durkpl\u00e5t\"},{\"@type\":\"BreadcrumbList\",\"@id\":\"https:\/\/frontsite.se\/produkt\/lasplugg-i-plast-till-durkplat\/#breadcrumb\",\"itemListElement\":[{\"@type\":\"ListItem\",\"position\":1,\"name\":\"Hem\",\"item\":\"https:\/\/frontsite.se\/\"},{\"@type\":\"ListItem\",\"position\":2,\"name\":\"Shop\",\"item\":\"https:\/\/frontsite.lingonbyran.se\/shop\/\"},{\"@type\":\"ListItem\",\"position\":3,\"name\":\"L\u00e5splugg \/ Durkplugg f\u00f6r s\u00e4ker montering av durkpl\u00e5t\"}]},{\"@type\":\"WebSite\",\"@id\":\"https:\/\/frontsite.se\/#website\",\"url\":\"https:\/\/frontsite.se\/\",\"name\":\"Frontsite\",\"description\":\"Expert P\u00e5 st\u00e4llningsprodukter och profilering\",\"publisher\":{\"@id\":\"https:\/\/frontsite.se\/#organization\"},\"potentialAction\":[{\"@type\":\"SearchAction\",\"target\":{\"@type\":\"EntryPoint\",\"urlTemplate\":\"https:\/\/frontsite.se\/?s={search_term_string}\"},\"query-input\":{\"@type\":\"PropertyValueSpecification\",\"valueRequired\":true,\"valueName\":\"search_term_string\"}}],\"inLanguage\":\"en-GB\"},{\"@type\":\"Organization\",\"@id\":\"https:\/\/frontsite.se\/#organization\",\"name\":\"Frontsite\",\"url\":\"https:\/\/frontsite.se\/\",\"logo\":{\"@type\":\"ImageObject\",\"inLanguage\":\"en-GB\",\"@id\":\"https:\/\/frontsite.se\/#\/schema\/logo\/image\/\",\"url\":\"https:\/\/frontsite.se\/wp-content\/uploads\/2024\/08\/Logo-Ratt-farg.png\",\"contentUrl\":\"https:\/\/frontsite.se\/wp-content\/uploads\/2024\/08\/Logo-Ratt-farg.png\",\"width\":1004,\"height\":1004,\"caption\":\"Frontsite\"},\"image\":{\"@id\":\"https:\/\/frontsite.se\/#\/schema\/logo\/image\/\"}}]}<\/script>\n<!-- \/ Yoast SEO plugin. -->","yoast_head_json":{"title":"L\u00e5splugg \/ Durkplugg f\u00f6r s\u00e4ker montering av durkpl\u00e5t - Frontsite","description":"L\u00e5splugg \u2013 \u00e4ven kallad durkplugg \u00e4r framtagen f\u00f6r att effektivt och s\u00e4kert s\u00e4tt l\u00e5sa fast durkpl\u00e5t med de flesta st\u00e4llningsplank i st\u00e5l och aluminium.","robots":{"index":"index","follow":"follow","max-snippet":"max-snippet:-1","max-image-preview":"max-image-preview:large","max-video-preview":"max-video-preview:-1"},"canonical":"https:\/\/frontsite.se\/en\/product\/lasplugg-i-plast-till-durkplat\/","og_locale":"en_GB","og_type":"article","og_title":"L\u00e5splugg \/ Durkplugg f\u00f6r s\u00e4ker montering av durkpl\u00e5t - Frontsite","og_description":"L\u00e5splugg \u2013 \u00e4ven kallad durkplugg \u00e4r framtagen f\u00f6r att effektivt och s\u00e4kert s\u00e4tt l\u00e5sa fast durkpl\u00e5t med de flesta st\u00e4llningsplank i st\u00e5l och aluminium.","og_url":"https:\/\/frontsite.se\/en\/product\/lasplugg-i-plast-till-durkplat\/","og_site_name":"Frontsite","article_modified_time":"2025-06-11T17:24:45+00:00","og_image":[{"width":1920,"height":2560,"url":"https:\/\/frontsite.se\/wp-content\/uploads\/2024\/01\/IMG_1842-scaled-1.jpg","type":"image\/jpeg"}],"twitter_card":"summary_large_image","twitter_misc":{"Estimated reading time":"1 minute"},"schema":{"@context":"https:\/\/schema.org","@graph":[{"@type":"WebPage","@id":"https:\/\/frontsite.se\/produkt\/lasplugg-i-plast-till-durkplat\/","url":"https:\/\/frontsite.se\/produkt\/lasplugg-i-plast-till-durkplat\/","name":"L\u00e5splugg \/ Durkplugg f\u00f6r s\u00e4ker montering av durkpl\u00e5t - Frontsite","isPartOf":{"@id":"https:\/\/frontsite.se\/#website"},"primaryImageOfPage":{"@id":"https:\/\/frontsite.se\/produkt\/lasplugg-i-plast-till-durkplat\/#primaryimage"},"image":{"@id":"https:\/\/frontsite.se\/produkt\/lasplugg-i-plast-till-durkplat\/#primaryimage"},"thumbnailUrl":"https:\/\/frontsite.se\/wp-content\/uploads\/2024\/01\/IMG_1842-scaled-1.jpg","datePublished":"2024-01-12T19:33:34+00:00","dateModified":"2025-06-11T17:24:45+00:00","description":"L\u00e5splugg \u2013 \u00e4ven kallad durkplugg \u00e4r framtagen f\u00f6r att effektivt och s\u00e4kert s\u00e4tt l\u00e5sa fast durkpl\u00e5t med de flesta st\u00e4llningsplank i st\u00e5l och aluminium.","breadcrumb":{"@id":"https:\/\/frontsite.se\/produkt\/lasplugg-i-plast-till-durkplat\/#breadcrumb"},"inLanguage":"en-GB","potentialAction":[{"@type":"ReadAction","target":["https:\/\/frontsite.se\/produkt\/lasplugg-i-plast-till-durkplat\/"]}]},{"@type":"ImageObject","inLanguage":"en-GB","@id":"https:\/\/frontsite.se\/produkt\/lasplugg-i-plast-till-durkplat\/#primaryimage","url":"https:\/\/frontsite.se\/wp-content\/uploads\/2024\/01\/IMG_1842-scaled-1.jpg","contentUrl":"https:\/\/frontsite.se\/wp-content\/uploads\/2024\/01\/IMG_1842-scaled-1.jpg","width":1920,"height":2560,"caption":"L\u00e5splugg \/ Durkplugg f\u00f6r s\u00e4ker montering av durkpl\u00e5t"},{"@type":"BreadcrumbList","@id":"https:\/\/frontsite.se\/produkt\/lasplugg-i-plast-till-durkplat\/#breadcrumb","itemListElement":[{"@type":"ListItem","position":1,"name":"Hem","item":"https:\/\/frontsite.se\/"},{"@type":"ListItem","position":2,"name":"Shop","item":"https:\/\/frontsite.lingonbyran.se\/shop\/"},{"@type":"ListItem","position":3,"name":"L\u00e5splugg \/ Durkplugg f\u00f6r s\u00e4ker montering av durkpl\u00e5t"}]},{"@type":"WebSite","@id":"https:\/\/frontsite.se\/#website","url":"https:\/\/frontsite.se\/","name":"Frontsite","description":"Expert P\u00e5 st\u00e4llningsprodukter och profilering","publisher":{"@id":"https:\/\/frontsite.se\/#organization"},"potentialAction":[{"@type":"SearchAction","target":{"@type":"EntryPoint","urlTemplate":"https:\/\/frontsite.se\/?s={search_term_string}"},"query-input":{"@type":"PropertyValueSpecification","valueRequired":true,"valueName":"search_term_string"}}],"inLanguage":"en-GB"},{"@type":"Organization","@id":"https:\/\/frontsite.se\/#organization","name":"Frontsite","url":"https:\/\/frontsite.se\/","logo":{"@type":"ImageObject","inLanguage":"en-GB","@id":"https:\/\/frontsite.se\/#\/schema\/logo\/image\/","url":"https:\/\/frontsite.se\/wp-content\/uploads\/2024\/08\/Logo-Ratt-farg.png","contentUrl":"https:\/\/frontsite.se\/wp-content\/uploads\/2024\/08\/Logo-Ratt-farg.png","width":1004,"height":1004,"caption":"Frontsite"},"image":{"@id":"https:\/\/frontsite.se\/#\/schema\/logo\/image\/"}}]}},"jetpack_sharing_enabled":true,"_links":{"self":[{"href":"https:\/\/frontsite.se\/en\/wp-json\/wp\/v2\/product\/15618","targetHints":{"allow":["GET"]}}],"collection":[{"href":"https:\/\/frontsite.se\/en\/wp-json\/wp\/v2\/product"}],"about":[{"href":"https:\/\/frontsite.se\/en\/wp-json\/wp\/v2\/types\/product"}],"replies":[{"embeddable":true,"href":"https:\/\/frontsite.se\/en\/wp-json\/wp\/v2\/comments?post=15618"}],"version-history":[{"count":11,"href":"https:\/\/frontsite.se\/en\/wp-json\/wp\/v2\/product\/15618\/revisions"}],"predecessor-version":[{"id":17671,"href":"https:\/\/frontsite.se\/en\/wp-json\/wp\/v2\/product\/15618\/revisions\/17671"}],"wp:featuredmedia":[{"embeddable":true,"href":"https:\/\/frontsite.se\/en\/wp-json\/wp\/v2\/media\/15703"}],"wp:attachment":[{"href":"https:\/\/frontsite.se\/en\/wp-json\/wp\/v2\/media?parent=15618"}],"wp:term":[{"taxonomy":"product_cat","embeddable":true,"href":"https:\/\/frontsite.se\/en\/wp-json\/wp\/v2\/product_cat?post=15618"},{"taxonomy":"product_tag","embeddable":true,"href":"https:\/\/frontsite.se\/en\/wp-json\/wp\/v2\/product_tag?post=15618"}],"curies":[{"name":"wp","href":"https:\/\/api.w.org\/{rel}","templated":true}]}}