{"id":15615,"date":"2024-01-12T19:33:34","date_gmt":"2024-01-12T19:33:34","guid":{"rendered":"https:\/\/frontsite.se\/?post_type=product&#038;p=15615"},"modified":"2025-02-18T12:41:31","modified_gmt":"2025-02-18T12:41:31","slug":"presenning","status":"publish","type":"product","link":"https:\/\/frontsite.se\/en\/product\/presenning\/","title":{"rendered":"Presenning"},"content":{"rendered":"<p><img fetchpriority=\"high\" decoding=\"async\" class=\"alignnone size-medium wp-image-1775\" src=\"https:\/\/frontsite.se\/wp-content\/uploads\/d2483bbaccfe280aa253d7cf73e2db8-1-225x300.jpg\" alt=\"\" width=\"225\" height=\"300\" \/><\/p>\n<p>Kraftig PVC presenning Fr\u00e5n 480 till 680 g\/m2,l\u00e4ttviktspresenning i 180-240, finns i flera olika utf\u00f6randen i form av storlekar, f\u00e4rger, \u00f6ljetter, kantf\u00f6rst\u00e4r\u00adkningar, brandklasser och klarar h\u00f6ga temperaturskillnader.<br \/>\nPresenningen kan m\u00e5ttbest\u00e4llas efter \u00f6nskem\u00e5l och kan ocks\u00e5 best\u00e4llas med kundanpassat logotryck.<\/p>\n<p>\u2022 480g och 680 g\/m2 PVC duk och l\u00e4ttviktspresenning 180-240 g\/m2<br \/>\n\u2022 Finns i flera f\u00e4rgalternativ.<br \/>\n\u2022 Kan best\u00e4llas med logotryck.<br \/>\n\u2022 Olika alternativ av \u00f6ljetter.<br \/>\n\u2022 Svetsade eller sydda kantf\u00f6rst\u00e4rkningar.<br \/>\n\u2022Tillg\u00e4nglig i brandklassade utf\u00f6randen.<\/p>\n<p>&nbsp;<\/p>","protected":false},"excerpt":{"rendered":"<p><img fetchpriority=\"high\" decoding=\"async\" class=\"alignnone size-medium wp-image-1775\" src=\"https:\/\/frontsite.se\/wp-content\/uploads\/d2483bbaccfe280aa253d7cf73e2db8-1-225x300.jpg\" alt=\"\" width=\"225\" height=\"300\" \/><\/p>\n<p>Kraftig PVC presenning Fr\u00e5n 480 till 680 g\/m2,l\u00e4ttviktspresenning i 180-240, finns i flera olika utf\u00f6randen i form av storlekar, f\u00e4rger, \u00f6ljetter, kantf\u00f6rst\u00e4r\u00adkningar, brandklasser och klarar h\u00f6ga temperaturskillnader.<br \/>\nPresenningen kan m\u00e5ttbest\u00e4llas efter \u00f6nskem\u00e5l och kan ocks\u00e5 best\u00e4llas med kundanpassat logotryck.<\/p>\n<p>\u2022 480g och 680 g\/m2 PVC duk och l\u00e4ttviktspresenning 180-240 g\/m2<br \/>\n\u2022 Finns i flera f\u00e4rgalternativ.<br \/>\n\u2022 Kan best\u00e4llas med logotryck.<br \/>\n\u2022 Olika alternativ av \u00f6ljetter.<br \/>\n\u2022 Svetsade eller sydda kantf\u00f6rst\u00e4rkningar.<br \/>\n\u2022Tillg\u00e4nglig i brandklassade utf\u00f6randen.<\/p>","protected":false},"featured_media":15691,"comment_status":"open","ping_status":"closed","template":"","meta":[],"product_cat":[73],"product_tag":[],"class_list":{"0":"post-15615","1":"product","2":"type-product","3":"status-publish","4":"has-post-thumbnail","6":"product_cat-uncategorised","8":"first","9":"instock","10":"taxable","11":"shipping-taxable","12":"purchasable","13":"product-type-variable"},"yoast_head":"<!-- This site is optimized with the Yoast SEO plugin v24.1 - https:\/\/yoast.com\/wordpress\/plugins\/seo\/ -->\n<title>Presenning - Frontsite<\/title>\n<meta name=\"description\" content=\"Kraftig PVC presenning Fr\u00e5n 480 till 680 g\/m2,l\u00e4ttviktspresenning i 180-240, finns i flera olika utf\u00f6randen i form av storlekar, f\u00e4rger, \u00f6ljetter, kantf\u00f6rst\u00e4r\u00adkningar, brandklasser och klarar h\u00f6ga temperaturskillnader.Presenningen kan m\u00e5ttbest\u00e4llas efter \u00f6nskem\u00e5l och kan ocks\u00e5 best\u00e4llas med kundanpassat logotryck.\u2022 480g och 680 g\/m2 PVC duk och l\u00e4ttviktspresenning 180-240 g\/m2\u2022 Finns i flera f\u00e4rgalternativ.\u2022 Kan best\u00e4llas med logotryck.\u2022 Olika alternativ av \u00f6ljetter.\u2022 Svetsade eller sydda kantf\u00f6rst\u00e4rkningar.\u2022Tillg\u00e4nglig i brandklassade utf\u00f6randen.\" \/>\n<meta name=\"robots\" content=\"index, follow, max-snippet:-1, max-image-preview:large, max-video-preview:-1\" \/>\n<link rel=\"canonical\" href=\"https:\/\/frontsite.se\/en\/product\/presenning\/\" \/>\n<meta property=\"og:locale\" content=\"en_GB\" \/>\n<meta property=\"og:type\" content=\"article\" \/>\n<meta property=\"og:title\" content=\"Presenning - Frontsite\" \/>\n<meta property=\"og:description\" content=\"Kraftig PVC presenning Fr\u00e5n 480 till 680 g\/m2,l\u00e4ttviktspresenning i 180-240, finns i flera olika utf\u00f6randen i form av storlekar, f\u00e4rger, \u00f6ljetter, kantf\u00f6rst\u00e4r\u00adkningar, brandklasser och klarar h\u00f6ga temperaturskillnader.Presenningen kan m\u00e5ttbest\u00e4llas efter \u00f6nskem\u00e5l och kan ocks\u00e5 best\u00e4llas med kundanpassat logotryck.\u2022 480g och 680 g\/m2 PVC duk och l\u00e4ttviktspresenning 180-240 g\/m2\u2022 Finns i flera f\u00e4rgalternativ.\u2022 Kan best\u00e4llas med logotryck.\u2022 Olika alternativ av \u00f6ljetter.\u2022 Svetsade eller sydda kantf\u00f6rst\u00e4rkningar.\u2022Tillg\u00e4nglig i brandklassade utf\u00f6randen.\" \/>\n<meta property=\"og:url\" content=\"https:\/\/frontsite.se\/en\/product\/presenning\/\" \/>\n<meta property=\"og:site_name\" content=\"Frontsite\" \/>\n<meta property=\"article:modified_time\" content=\"2025-02-18T12:41:31+00:00\" \/>\n<meta property=\"og:image\" content=\"https:\/\/frontsite.se\/wp-content\/uploads\/2024\/01\/d2483bbaccfe280aa253d7cf73e2db8.jpg\" \/>\n\t<meta property=\"og:image:width\" content=\"1080\" \/>\n\t<meta property=\"og:image:height\" content=\"1440\" \/>\n\t<meta property=\"og:image:type\" content=\"image\/jpeg\" \/>\n<meta name=\"twitter:card\" content=\"summary_large_image\" \/>\n<meta name=\"twitter:label1\" content=\"Estimated reading time\" \/>\n\t<meta name=\"twitter:data1\" content=\"1 minute\" \/>\n<script type=\"application\/ld+json\" class=\"yoast-schema-graph\">{\"@context\":\"https:\/\/schema.org\",\"@graph\":[{\"@type\":\"WebPage\",\"@id\":\"https:\/\/frontsite.se\/produkt\/presenning\/\",\"url\":\"https:\/\/frontsite.se\/produkt\/presenning\/\",\"name\":\"Presenning - Frontsite\",\"isPartOf\":{\"@id\":\"https:\/\/frontsite.se\/#website\"},\"primaryImageOfPage\":{\"@id\":\"https:\/\/frontsite.se\/produkt\/presenning\/#primaryimage\"},\"image\":{\"@id\":\"https:\/\/frontsite.se\/produkt\/presenning\/#primaryimage\"},\"thumbnailUrl\":\"https:\/\/frontsite.se\/wp-content\/uploads\/2024\/01\/d2483bbaccfe280aa253d7cf73e2db8.jpg\",\"datePublished\":\"2024-01-12T19:33:34+00:00\",\"dateModified\":\"2025-02-18T12:41:31+00:00\",\"description\":\"Kraftig PVC presenning Fr\u00e5n 480 till 680 g\/m2,l\u00e4ttviktspresenning i 180-240, finns i flera olika utf\u00f6randen i form av storlekar, f\u00e4rger, \u00f6ljetter, kantf\u00f6rst\u00e4r\u00adkningar, brandklasser och klarar h\u00f6ga temperaturskillnader.Presenningen kan m\u00e5ttbest\u00e4llas efter \u00f6nskem\u00e5l och kan ocks\u00e5 best\u00e4llas med kundanpassat logotryck.\u2022 480g och 680 g\/m2 PVC duk och l\u00e4ttviktspresenning 180-240 g\/m2\u2022 Finns i flera f\u00e4rgalternativ.\u2022 Kan best\u00e4llas med logotryck.\u2022 Olika alternativ av \u00f6ljetter.\u2022 Svetsade eller sydda kantf\u00f6rst\u00e4rkningar.\u2022Tillg\u00e4nglig i brandklassade utf\u00f6randen.\",\"breadcrumb\":{\"@id\":\"https:\/\/frontsite.se\/produkt\/presenning\/#breadcrumb\"},\"inLanguage\":\"en-GB\",\"potentialAction\":[{\"@type\":\"ReadAction\",\"target\":[\"https:\/\/frontsite.se\/produkt\/presenning\/\"]}]},{\"@type\":\"ImageObject\",\"inLanguage\":\"en-GB\",\"@id\":\"https:\/\/frontsite.se\/produkt\/presenning\/#primaryimage\",\"url\":\"https:\/\/frontsite.se\/wp-content\/uploads\/2024\/01\/d2483bbaccfe280aa253d7cf73e2db8.jpg\",\"contentUrl\":\"https:\/\/frontsite.se\/wp-content\/uploads\/2024\/01\/d2483bbaccfe280aa253d7cf73e2db8.jpg\",\"width\":1080,\"height\":1440},{\"@type\":\"BreadcrumbList\",\"@id\":\"https:\/\/frontsite.se\/produkt\/presenning\/#breadcrumb\",\"itemListElement\":[{\"@type\":\"ListItem\",\"position\":1,\"name\":\"Hem\",\"item\":\"https:\/\/frontsite.se\/\"},{\"@type\":\"ListItem\",\"position\":2,\"name\":\"Shop\",\"item\":\"https:\/\/frontsite.lingonbyran.se\/shop\/\"},{\"@type\":\"ListItem\",\"position\":3,\"name\":\"Presenning\"}]},{\"@type\":\"WebSite\",\"@id\":\"https:\/\/frontsite.se\/#website\",\"url\":\"https:\/\/frontsite.se\/\",\"name\":\"Frontsite\",\"description\":\"Expert P\u00e5 st\u00e4llningsprodukter och profilering\",\"publisher\":{\"@id\":\"https:\/\/frontsite.se\/#organization\"},\"potentialAction\":[{\"@type\":\"SearchAction\",\"target\":{\"@type\":\"EntryPoint\",\"urlTemplate\":\"https:\/\/frontsite.se\/?s={search_term_string}\"},\"query-input\":{\"@type\":\"PropertyValueSpecification\",\"valueRequired\":true,\"valueName\":\"search_term_string\"}}],\"inLanguage\":\"en-GB\"},{\"@type\":\"Organization\",\"@id\":\"https:\/\/frontsite.se\/#organization\",\"name\":\"Frontsite\",\"url\":\"https:\/\/frontsite.se\/\",\"logo\":{\"@type\":\"ImageObject\",\"inLanguage\":\"en-GB\",\"@id\":\"https:\/\/frontsite.se\/#\/schema\/logo\/image\/\",\"url\":\"https:\/\/frontsite.se\/wp-content\/uploads\/2024\/08\/Logo-Ratt-farg.png\",\"contentUrl\":\"https:\/\/frontsite.se\/wp-content\/uploads\/2024\/08\/Logo-Ratt-farg.png\",\"width\":1004,\"height\":1004,\"caption\":\"Frontsite\"},\"image\":{\"@id\":\"https:\/\/frontsite.se\/#\/schema\/logo\/image\/\"}}]}<\/script>\n<!-- \/ Yoast SEO plugin. -->","yoast_head_json":{"title":"Presenning - Frontsite","description":"Kraftig PVC presenning Fr\u00e5n 480 till 680 g\/m2,l\u00e4ttviktspresenning i 180-240, finns i flera olika utf\u00f6randen i form av storlekar, f\u00e4rger, \u00f6ljetter, kantf\u00f6rst\u00e4r\u00adkningar, brandklasser och klarar h\u00f6ga temperaturskillnader.Presenningen kan m\u00e5ttbest\u00e4llas efter \u00f6nskem\u00e5l och kan ocks\u00e5 best\u00e4llas med kundanpassat logotryck.\u2022 480g och 680 g\/m2 PVC duk och l\u00e4ttviktspresenning 180-240 g\/m2\u2022 Finns i flera f\u00e4rgalternativ.\u2022 Kan best\u00e4llas med logotryck.\u2022 Olika alternativ av \u00f6ljetter.\u2022 Svetsade eller sydda kantf\u00f6rst\u00e4rkningar.\u2022Tillg\u00e4nglig i brandklassade utf\u00f6randen.","robots":{"index":"index","follow":"follow","max-snippet":"max-snippet:-1","max-image-preview":"max-image-preview:large","max-video-preview":"max-video-preview:-1"},"canonical":"https:\/\/frontsite.se\/en\/product\/presenning\/","og_locale":"en_GB","og_type":"article","og_title":"Presenning - Frontsite","og_description":"Kraftig PVC presenning Fr\u00e5n 480 till 680 g\/m2,l\u00e4ttviktspresenning i 180-240, finns i flera olika utf\u00f6randen i form av storlekar, f\u00e4rger, \u00f6ljetter, kantf\u00f6rst\u00e4r\u00adkningar, brandklasser och klarar h\u00f6ga temperaturskillnader.Presenningen kan m\u00e5ttbest\u00e4llas efter \u00f6nskem\u00e5l och kan ocks\u00e5 best\u00e4llas med kundanpassat logotryck.\u2022 480g och 680 g\/m2 PVC duk och l\u00e4ttviktspresenning 180-240 g\/m2\u2022 Finns i flera f\u00e4rgalternativ.\u2022 Kan best\u00e4llas med logotryck.\u2022 Olika alternativ av \u00f6ljetter.\u2022 Svetsade eller sydda kantf\u00f6rst\u00e4rkningar.\u2022Tillg\u00e4nglig i brandklassade utf\u00f6randen.","og_url":"https:\/\/frontsite.se\/en\/product\/presenning\/","og_site_name":"Frontsite","article_modified_time":"2025-02-18T12:41:31+00:00","og_image":[{"width":1080,"height":1440,"url":"https:\/\/frontsite.se\/wp-content\/uploads\/2024\/01\/d2483bbaccfe280aa253d7cf73e2db8.jpg","type":"image\/jpeg"}],"twitter_card":"summary_large_image","twitter_misc":{"Estimated reading time":"1 minute"},"schema":{"@context":"https:\/\/schema.org","@graph":[{"@type":"WebPage","@id":"https:\/\/frontsite.se\/produkt\/presenning\/","url":"https:\/\/frontsite.se\/produkt\/presenning\/","name":"Presenning - Frontsite","isPartOf":{"@id":"https:\/\/frontsite.se\/#website"},"primaryImageOfPage":{"@id":"https:\/\/frontsite.se\/produkt\/presenning\/#primaryimage"},"image":{"@id":"https:\/\/frontsite.se\/produkt\/presenning\/#primaryimage"},"thumbnailUrl":"https:\/\/frontsite.se\/wp-content\/uploads\/2024\/01\/d2483bbaccfe280aa253d7cf73e2db8.jpg","datePublished":"2024-01-12T19:33:34+00:00","dateModified":"2025-02-18T12:41:31+00:00","description":"Kraftig PVC presenning Fr\u00e5n 480 till 680 g\/m2,l\u00e4ttviktspresenning i 180-240, finns i flera olika utf\u00f6randen i form av storlekar, f\u00e4rger, \u00f6ljetter, kantf\u00f6rst\u00e4r\u00adkningar, brandklasser och klarar h\u00f6ga temperaturskillnader.Presenningen kan m\u00e5ttbest\u00e4llas efter \u00f6nskem\u00e5l och kan ocks\u00e5 best\u00e4llas med kundanpassat logotryck.\u2022 480g och 680 g\/m2 PVC duk och l\u00e4ttviktspresenning 180-240 g\/m2\u2022 Finns i flera f\u00e4rgalternativ.\u2022 Kan best\u00e4llas med logotryck.\u2022 Olika alternativ av \u00f6ljetter.\u2022 Svetsade eller sydda kantf\u00f6rst\u00e4rkningar.\u2022Tillg\u00e4nglig i brandklassade utf\u00f6randen.","breadcrumb":{"@id":"https:\/\/frontsite.se\/produkt\/presenning\/#breadcrumb"},"inLanguage":"en-GB","potentialAction":[{"@type":"ReadAction","target":["https:\/\/frontsite.se\/produkt\/presenning\/"]}]},{"@type":"ImageObject","inLanguage":"en-GB","@id":"https:\/\/frontsite.se\/produkt\/presenning\/#primaryimage","url":"https:\/\/frontsite.se\/wp-content\/uploads\/2024\/01\/d2483bbaccfe280aa253d7cf73e2db8.jpg","contentUrl":"https:\/\/frontsite.se\/wp-content\/uploads\/2024\/01\/d2483bbaccfe280aa253d7cf73e2db8.jpg","width":1080,"height":1440},{"@type":"BreadcrumbList","@id":"https:\/\/frontsite.se\/produkt\/presenning\/#breadcrumb","itemListElement":[{"@type":"ListItem","position":1,"name":"Hem","item":"https:\/\/frontsite.se\/"},{"@type":"ListItem","position":2,"name":"Shop","item":"https:\/\/frontsite.lingonbyran.se\/shop\/"},{"@type":"ListItem","position":3,"name":"Presenning"}]},{"@type":"WebSite","@id":"https:\/\/frontsite.se\/#website","url":"https:\/\/frontsite.se\/","name":"Frontsite","description":"Expert P\u00e5 st\u00e4llningsprodukter och profilering","publisher":{"@id":"https:\/\/frontsite.se\/#organization"},"potentialAction":[{"@type":"SearchAction","target":{"@type":"EntryPoint","urlTemplate":"https:\/\/frontsite.se\/?s={search_term_string}"},"query-input":{"@type":"PropertyValueSpecification","valueRequired":true,"valueName":"search_term_string"}}],"inLanguage":"en-GB"},{"@type":"Organization","@id":"https:\/\/frontsite.se\/#organization","name":"Frontsite","url":"https:\/\/frontsite.se\/","logo":{"@type":"ImageObject","inLanguage":"en-GB","@id":"https:\/\/frontsite.se\/#\/schema\/logo\/image\/","url":"https:\/\/frontsite.se\/wp-content\/uploads\/2024\/08\/Logo-Ratt-farg.png","contentUrl":"https:\/\/frontsite.se\/wp-content\/uploads\/2024\/08\/Logo-Ratt-farg.png","width":1004,"height":1004,"caption":"Frontsite"},"image":{"@id":"https:\/\/frontsite.se\/#\/schema\/logo\/image\/"}}]}},"jetpack_sharing_enabled":true,"_links":{"self":[{"href":"https:\/\/frontsite.se\/en\/wp-json\/wp\/v2\/product\/15615","targetHints":{"allow":["GET"]}}],"collection":[{"href":"https:\/\/frontsite.se\/en\/wp-json\/wp\/v2\/product"}],"about":[{"href":"https:\/\/frontsite.se\/en\/wp-json\/wp\/v2\/types\/product"}],"replies":[{"embeddable":true,"href":"https:\/\/frontsite.se\/en\/wp-json\/wp\/v2\/comments?post=15615"}],"version-history":[{"count":1,"href":"https:\/\/frontsite.se\/en\/wp-json\/wp\/v2\/product\/15615\/revisions"}],"predecessor-version":[{"id":15699,"href":"https:\/\/frontsite.se\/en\/wp-json\/wp\/v2\/product\/15615\/revisions\/15699"}],"wp:featuredmedia":[{"embeddable":true,"href":"https:\/\/frontsite.se\/en\/wp-json\/wp\/v2\/media\/15691"}],"wp:attachment":[{"href":"https:\/\/frontsite.se\/en\/wp-json\/wp\/v2\/media?parent=15615"}],"wp:term":[{"taxonomy":"product_cat","embeddable":true,"href":"https:\/\/frontsite.se\/en\/wp-json\/wp\/v2\/product_cat?post=15615"},{"taxonomy":"product_tag","embeddable":true,"href":"https:\/\/frontsite.se\/en\/wp-json\/wp\/v2\/product_tag?post=15615"}],"curies":[{"name":"wp","href":"https:\/\/api.w.org\/{rel}","templated":true}]}}