{"id":15612,"date":"2024-01-12T19:33:34","date_gmt":"2024-01-12T19:33:34","guid":{"rendered":"https:\/\/frontsite.se\/?post_type=product&#038;p=15612"},"modified":"2026-02-20T13:51:42","modified_gmt":"2026-02-20T13:51:42","slug":"kederduk-takduk-med-kederlist","status":"publish","type":"product","link":"https:\/\/frontsite.se\/en\/product\/kederduk-takduk-med-kederlist\/","title":{"rendered":"Kederduk \/ Takduk"},"content":{"rendered":"<p><img fetchpriority=\"high\" decoding=\"async\" class=\"alignnone size-full wp-image-16099\" src=\"https:\/\/frontsite.se\/wp-content\/uploads\/2024\/01\/genomskarningsbild-PVC.png\" alt=\"\" width=\"625\" height=\"284\" srcset=\"https:\/\/frontsite.se\/wp-content\/uploads\/2024\/01\/genomskarningsbild-PVC.png 625w, https:\/\/frontsite.se\/wp-content\/uploads\/2024\/01\/genomskarningsbild-PVC-400x182.png 400w, https:\/\/frontsite.se\/wp-content\/uploads\/2024\/01\/genomskarningsbild-PVC-150x68.png 150w\" sizes=\"(max-width: 625px) 100vw, 625px\" \/><\/p>\n<div class=\"flex-shrink-0 flex flex-col relative items-end\">\n<div>\n<div class=\"pt-0.5 juice:pt-0\">\n<div class=\"gizmo-bot-avatar flex h-6 w-6 items-center justify-center overflow-hidden rounded-full juice:h-8 juice:w-8\">\n<div class=\"relative p-1 rounded-sm flex items-center justify-center bg-token-main-surface-primary text-token-text-primary h-8 w-8\"><\/div>\n<\/div>\n<\/div>\n<\/div>\n<\/div>\n<div class=\"group\/conversation-turn relative flex w-full min-w-0 flex-col agent-turn\">\n<div class=\"flex-col gap-1 md:gap-3\">\n<div class=\"flex flex-grow flex-col max-w-full\">\n<div class=\"min-h-[20px] text-message flex flex-col items-start whitespace-pre-wrap break-words [.text-message+&amp;]:mt-5 juice:w-full juice:items-end overflow-x-auto gap-2\" dir=\"auto\" data-message-author-role=\"assistant\" data-message-id=\"f5f05518-abe2-42a9-9fd4-d2ef9ee68af6\">\n<div class=\"flex w-full flex-col gap-1 juice:empty:hidden juice:first:pt-[3px]\">\n<div class=\"markdown prose w-full break-words dark:prose-invert light\">\n<h3>Kraftig och Slitstark PVC-takduk f\u00f6r Alla Byggbehov<\/h3>\n<p>V\u00e5r PVC-takduk erbjuder tekniskt \u00f6verl\u00e4gsna egenskaper som g\u00f6r den idealisk f\u00f6r tillf\u00e4lliga v\u00e4derskyddstak och hallsystem. Vi kan producera dukarna i valfri l\u00e4ngd och bredd, vilket ger m\u00e5ngsidiga l\u00f6sningar f\u00f6r alla situationer. Membranet \u00e4r skr\u00e4ddarsytt f\u00f6r att passa alla typer av konstruktioner och erbjuder enast\u00e5ende mekaniska egenskaper. Den \u00e4r behandlad med l\u00e5gkapill\u00e4rbehandling f\u00f6r att f\u00f6rhindra fuktintr\u00e4ngning och har en PVC-bel\u00e4ggning som motverkar svampbildning. Dessutom kan dukarna best\u00e4llas i ett brett utbud av f\u00e4rger och med kundanpassat logotryck. De finns tillg\u00e4ngliga i tv\u00e5 olika brandklassniv\u00e5er.<\/p>\n<p>Vi erbjuder \u00e4ven v\u00e5ra kunder m\u00f6jligheten att k\u00f6pa v\u00e5ra dukar via WASA Kredit med ett leasingavtal.<\/p>\n<h4>F\u00f6rdelar med V\u00e5r PVC-takduk:<\/h4>\n<ul>\n<li><strong>Duraskin\u00ae Teknologi<\/strong>: \u00d6verl\u00e4gsen h\u00e5llbarhet och l\u00e5ng livsl\u00e4ngd.<\/li>\n<li><strong>L\u00e4tt och Robust Konstruktion<\/strong>: Enkel hantering och p\u00e5litligt skydd.<\/li>\n<li><strong>Brett F\u00e4rgspektrum<\/strong>: Matchar alla designkoncept och estetiska behov.<\/li>\n<li><strong>Svampbehandling och L\u00e5gkapill\u00e4rbehandling<\/strong>: S\u00e4kerst\u00e4ller l\u00e5ngvarig och h\u00e4lsosam anv\u00e4ndning.<\/li>\n<li><strong>Innovativ Keder med &#8221;Easy-Glide&#8221;<\/strong>: Smidigare montering \u00e4n n\u00e5gonsin tidigare.<\/li>\n<li><strong>H\u00f6g Dragstyrka p\u00e5 2200dtex<\/strong>: Ger enast\u00e5ende stabilitet och s\u00e4kerhet.<\/li>\n<\/ul>\n<p>V\u00e5r membran \u00e4r redo f\u00f6r alla utmaningar, oavsett om det g\u00e4ller kommersiella, industriella eller privata projekt. Den erbjuder p\u00e5litligt skydd och en stilfull finish.<\/p>\n<p>K\u00f6p en kederduk med smarta betalningsalternativ fr\u00e5n Wasa-kredit!<br \/>\n<img decoding=\"async\" class=\"alignnone size-medium wp-image-17199\" src=\"https:\/\/frontsite.se\/wp-content\/uploads\/2024\/01\/LF_Wasa_Kredit_Logo_right_RGB-400x150.jpg\" alt=\"\" width=\"400\" height=\"150\" srcset=\"https:\/\/frontsite.se\/wp-content\/uploads\/2024\/01\/LF_Wasa_Kredit_Logo_right_RGB-400x150.jpg 400w, https:\/\/frontsite.se\/wp-content\/uploads\/2024\/01\/LF_Wasa_Kredit_Logo_right_RGB-150x56.jpg 150w, https:\/\/frontsite.se\/wp-content\/uploads\/2024\/01\/LF_Wasa_Kredit_Logo_right_RGB-768x289.jpg 768w, https:\/\/frontsite.se\/wp-content\/uploads\/2024\/01\/LF_Wasa_Kredit_Logo_right_RGB-700x263.jpg 700w, https:\/\/frontsite.se\/wp-content\/uploads\/2024\/01\/LF_Wasa_Kredit_Logo_right_RGB.jpg 1186w\" sizes=\"(max-width: 400px) 100vw, 400px\" \/><\/p>\n<h2>Vanliga fr\u00e5gor och svar om kederduk<\/h2>\n<h3><span data-sheets-root=\"1\">Vad \u00e4r en kederduk v\u00e4derskydd och varf\u00f6r b\u00f6r jag v\u00e4lja en modell av h\u00f6g kvalitet?<\/span><\/h3>\n<p><span data-sheets-root=\"1\">En kederduk \u00e4r ett v\u00e4derskydd som anv\u00e4nds f\u00f6r att skydda byggarbetsplatser eller material mot regn, vind och sn\u00f6. En h\u00f6gkvalitativ duk \u00e4r tillverkad av slitstarka material med f\u00f6rst\u00e4rkningar, vilket g\u00f6r den mer motst\u00e5ndskraftig mot slitningar, UV-str\u00e5lning och v\u00e4derf\u00f6r\u00e4ndringar. Det inneb\u00e4r att den h\u00e5ller l\u00e4ngre, skyddar b\u00e4ttre och minskar behovet av frekventa utbyten.<\/span><\/p>\n<h2><span data-sheets-root=\"1\">Vilka lagar och regler g\u00e4ller f\u00f6r kederduk?<\/span><\/h2>\n<p><span data-sheets-root=\"1\">Enligt Arbetsmilj\u00f6verkets f\u00f6reskrifter om byggnads- och anl\u00e4ggningsarbete, ska skyddsutrustning och skydds\u00e5tg\u00e4rder vara tillr\u00e4ckliga och h\u00e5llbara.<\/span><\/p>\n<h3><span data-sheets-root=\"1\">Hur monteras en kederduk?<\/span><\/h3>\n<p><span data-sheets-root=\"1\">Den f\u00e4sts ofta med hj\u00e4lp av keder, vilket \u00e4r en f\u00f6rstyvad kant, f\u00f6r att enkelt kunna sp\u00e4nnas upp runt exempelvis st\u00e4llningar eller byggnader.<\/span><\/p>\n<\/div>\n<\/div>\n<\/div>\n<\/div>\n<\/div>\n<\/div>","protected":false},"excerpt":{"rendered":"<h3>Kraftig och Slitstark PVC-takduk f\u00f6r Alla Byggbehov<\/h3>\n<p>V\u00e5r PVC-takduk erbjuder tekniskt \u00f6verl\u00e4gsna egenskaper som g\u00f6r den idealisk f\u00f6r tillf\u00e4lliga v\u00e4derskyddstak och hallsystem. Vi kan producera dukarna i valfri l\u00e4ngd och bredd, vilket ger m\u00e5ngsidiga l\u00f6sningar f\u00f6r alla situationer. Membranet \u00e4r skr\u00e4ddarsytt f\u00f6r att passa alla typer av konstruktioner och erbjuder enast\u00e5ende mekaniska egenskaper. Den \u00e4r behandlad med l\u00e5gkapill\u00e4rbehandling f\u00f6r att f\u00f6rhindra fuktintr\u00e4ngning och har en PVC-bel\u00e4ggning som motverkar svampbildning. Dessutom kan dukarna best\u00e4llas i ett brett utbud av f\u00e4rger och med kundanpassat logotryck.<\/p>","protected":false},"featured_media":16093,"comment_status":"open","ping_status":"closed","template":"","meta":[],"product_cat":[125,87],"product_tag":[],"class_list":{"0":"post-15612","1":"product","2":"type-product","3":"status-publish","4":"has-post-thumbnail","6":"product_cat-kederduk","7":"product_cat-kederduk-for-vaderskydd-och-hallsystem","9":"first","10":"instock","11":"featured","12":"taxable","13":"shipping-taxable","14":"product-type-simple"},"yoast_head":"<!-- This site is optimized with the Yoast SEO plugin v24.1 - https:\/\/yoast.com\/wordpress\/plugins\/seo\/ -->\n<title>Kederduk \/ Takduk - Frontsite<\/title>\n<meta name=\"description\" content=\"V\u00e5r takduks egenskaper g\u00f6r den idealisk f\u00f6r v\u00e4derskyddstak och hallsystem. Vi producerar i valfri l\u00e4ngd och bredd samt ett brett utbud av f\u00e4rger + logotryck\" \/>\n<meta name=\"robots\" content=\"index, follow, max-snippet:-1, max-image-preview:large, max-video-preview:-1\" \/>\n<link rel=\"canonical\" href=\"https:\/\/frontsite.se\/en\/product\/kederduk-takduk-med-kederlist\/\" \/>\n<meta property=\"og:locale\" content=\"en_GB\" \/>\n<meta property=\"og:type\" content=\"article\" \/>\n<meta property=\"og:title\" content=\"Kederduk\" \/>\n<meta property=\"og:description\" content=\"V\u00e5r takduks egenskaper g\u00f6r den idealisk f\u00f6r v\u00e4derskyddstak och hallsystem. Vi producerar i valfri l\u00e4ngd och bredd samt ett brett utbud av f\u00e4rger + logotryck\" \/>\n<meta property=\"og:url\" content=\"https:\/\/frontsite.se\/en\/product\/kederduk-takduk-med-kederlist\/\" \/>\n<meta property=\"og:site_name\" content=\"Frontsite\" \/>\n<meta property=\"article:modified_time\" content=\"2026-02-20T13:51:42+00:00\" \/>\n<meta name=\"twitter:card\" content=\"summary_large_image\" \/>\n<meta name=\"twitter:image\" content=\"https:\/\/frontsite.se\/wp-content\/uploads\/2024\/01\/Bild-takduk-Bege-Malmo-e1718268142373.jpg\" \/>\n<meta name=\"twitter:label1\" content=\"Estimated reading time\" \/>\n\t<meta name=\"twitter:data1\" content=\"3 minutes\" \/>\n<script type=\"application\/ld+json\" class=\"yoast-schema-graph\">{\"@context\":\"https:\/\/schema.org\",\"@graph\":[{\"@type\":\"WebPage\",\"@id\":\"https:\/\/frontsite.se\/produkt\/kederduk-takduk-med-kederlist\/\",\"url\":\"https:\/\/frontsite.se\/produkt\/kederduk-takduk-med-kederlist\/\",\"name\":\"Kederduk \/ Takduk - Frontsite\",\"isPartOf\":{\"@id\":\"https:\/\/frontsite.se\/#website\"},\"primaryImageOfPage\":{\"@id\":\"https:\/\/frontsite.se\/produkt\/kederduk-takduk-med-kederlist\/#primaryimage\"},\"image\":{\"@id\":\"https:\/\/frontsite.se\/produkt\/kederduk-takduk-med-kederlist\/#primaryimage\"},\"thumbnailUrl\":\"https:\/\/frontsite.se\/wp-content\/uploads\/2024\/01\/Bild-takduk-Bege-Malmo-e1718268142373.jpg\",\"datePublished\":\"2024-01-12T19:33:34+00:00\",\"dateModified\":\"2026-02-20T13:51:42+00:00\",\"description\":\"V\u00e5r takduks egenskaper g\u00f6r den idealisk f\u00f6r v\u00e4derskyddstak och hallsystem. Vi producerar i valfri l\u00e4ngd och bredd samt ett brett utbud av f\u00e4rger + logotryck\",\"breadcrumb\":{\"@id\":\"https:\/\/frontsite.se\/produkt\/kederduk-takduk-med-kederlist\/#breadcrumb\"},\"inLanguage\":\"en-GB\",\"potentialAction\":[{\"@type\":\"ReadAction\",\"target\":[\"https:\/\/frontsite.se\/produkt\/kederduk-takduk-med-kederlist\/\"]}]},{\"@type\":\"ImageObject\",\"inLanguage\":\"en-GB\",\"@id\":\"https:\/\/frontsite.se\/produkt\/kederduk-takduk-med-kederlist\/#primaryimage\",\"url\":\"https:\/\/frontsite.se\/wp-content\/uploads\/2024\/01\/Bild-takduk-Bege-Malmo-e1718268142373.jpg\",\"contentUrl\":\"https:\/\/frontsite.se\/wp-content\/uploads\/2024\/01\/Bild-takduk-Bege-Malmo-e1718268142373.jpg\",\"width\":2190,\"height\":2190,\"caption\":\"Kederduk till tak\"},{\"@type\":\"BreadcrumbList\",\"@id\":\"https:\/\/frontsite.se\/produkt\/kederduk-takduk-med-kederlist\/#breadcrumb\",\"itemListElement\":[{\"@type\":\"ListItem\",\"position\":1,\"name\":\"Hem\",\"item\":\"https:\/\/frontsite.se\/\"},{\"@type\":\"ListItem\",\"position\":2,\"name\":\"Shop\",\"item\":\"https:\/\/frontsite.lingonbyran.se\/shop\/\"},{\"@type\":\"ListItem\",\"position\":3,\"name\":\"Kederduk \/ Takduk\"}]},{\"@type\":\"WebSite\",\"@id\":\"https:\/\/frontsite.se\/#website\",\"url\":\"https:\/\/frontsite.se\/\",\"name\":\"Frontsite\",\"description\":\"Expert P\u00e5 st\u00e4llningsprodukter och profilering\",\"publisher\":{\"@id\":\"https:\/\/frontsite.se\/#organization\"},\"potentialAction\":[{\"@type\":\"SearchAction\",\"target\":{\"@type\":\"EntryPoint\",\"urlTemplate\":\"https:\/\/frontsite.se\/?s={search_term_string}\"},\"query-input\":{\"@type\":\"PropertyValueSpecification\",\"valueRequired\":true,\"valueName\":\"search_term_string\"}}],\"inLanguage\":\"en-GB\"},{\"@type\":\"Organization\",\"@id\":\"https:\/\/frontsite.se\/#organization\",\"name\":\"Frontsite\",\"url\":\"https:\/\/frontsite.se\/\",\"logo\":{\"@type\":\"ImageObject\",\"inLanguage\":\"en-GB\",\"@id\":\"https:\/\/frontsite.se\/#\/schema\/logo\/image\/\",\"url\":\"https:\/\/frontsite.se\/wp-content\/uploads\/2024\/08\/Logo-Ratt-farg.png\",\"contentUrl\":\"https:\/\/frontsite.se\/wp-content\/uploads\/2024\/08\/Logo-Ratt-farg.png\",\"width\":1004,\"height\":1004,\"caption\":\"Frontsite\"},\"image\":{\"@id\":\"https:\/\/frontsite.se\/#\/schema\/logo\/image\/\"}}]}<\/script>\n<!-- \/ Yoast SEO plugin. -->","yoast_head_json":{"title":"Kederduk \/ Takduk - Frontsite","description":"V\u00e5r takduks egenskaper g\u00f6r den idealisk f\u00f6r v\u00e4derskyddstak och hallsystem. Vi producerar i valfri l\u00e4ngd och bredd samt ett brett utbud av f\u00e4rger + logotryck","robots":{"index":"index","follow":"follow","max-snippet":"max-snippet:-1","max-image-preview":"max-image-preview:large","max-video-preview":"max-video-preview:-1"},"canonical":"https:\/\/frontsite.se\/en\/product\/kederduk-takduk-med-kederlist\/","og_locale":"en_GB","og_type":"article","og_title":"Kederduk","og_description":"V\u00e5r takduks egenskaper g\u00f6r den idealisk f\u00f6r v\u00e4derskyddstak och hallsystem. Vi producerar i valfri l\u00e4ngd och bredd samt ett brett utbud av f\u00e4rger + logotryck","og_url":"https:\/\/frontsite.se\/en\/product\/kederduk-takduk-med-kederlist\/","og_site_name":"Frontsite","article_modified_time":"2026-02-20T13:51:42+00:00","twitter_card":"summary_large_image","twitter_image":"https:\/\/frontsite.se\/wp-content\/uploads\/2024\/01\/Bild-takduk-Bege-Malmo-e1718268142373.jpg","twitter_misc":{"Estimated reading time":"3 minutes"},"schema":{"@context":"https:\/\/schema.org","@graph":[{"@type":"WebPage","@id":"https:\/\/frontsite.se\/produkt\/kederduk-takduk-med-kederlist\/","url":"https:\/\/frontsite.se\/produkt\/kederduk-takduk-med-kederlist\/","name":"Kederduk \/ Takduk - Frontsite","isPartOf":{"@id":"https:\/\/frontsite.se\/#website"},"primaryImageOfPage":{"@id":"https:\/\/frontsite.se\/produkt\/kederduk-takduk-med-kederlist\/#primaryimage"},"image":{"@id":"https:\/\/frontsite.se\/produkt\/kederduk-takduk-med-kederlist\/#primaryimage"},"thumbnailUrl":"https:\/\/frontsite.se\/wp-content\/uploads\/2024\/01\/Bild-takduk-Bege-Malmo-e1718268142373.jpg","datePublished":"2024-01-12T19:33:34+00:00","dateModified":"2026-02-20T13:51:42+00:00","description":"V\u00e5r takduks egenskaper g\u00f6r den idealisk f\u00f6r v\u00e4derskyddstak och hallsystem. Vi producerar i valfri l\u00e4ngd och bredd samt ett brett utbud av f\u00e4rger + logotryck","breadcrumb":{"@id":"https:\/\/frontsite.se\/produkt\/kederduk-takduk-med-kederlist\/#breadcrumb"},"inLanguage":"en-GB","potentialAction":[{"@type":"ReadAction","target":["https:\/\/frontsite.se\/produkt\/kederduk-takduk-med-kederlist\/"]}]},{"@type":"ImageObject","inLanguage":"en-GB","@id":"https:\/\/frontsite.se\/produkt\/kederduk-takduk-med-kederlist\/#primaryimage","url":"https:\/\/frontsite.se\/wp-content\/uploads\/2024\/01\/Bild-takduk-Bege-Malmo-e1718268142373.jpg","contentUrl":"https:\/\/frontsite.se\/wp-content\/uploads\/2024\/01\/Bild-takduk-Bege-Malmo-e1718268142373.jpg","width":2190,"height":2190,"caption":"Kederduk till tak"},{"@type":"BreadcrumbList","@id":"https:\/\/frontsite.se\/produkt\/kederduk-takduk-med-kederlist\/#breadcrumb","itemListElement":[{"@type":"ListItem","position":1,"name":"Hem","item":"https:\/\/frontsite.se\/"},{"@type":"ListItem","position":2,"name":"Shop","item":"https:\/\/frontsite.lingonbyran.se\/shop\/"},{"@type":"ListItem","position":3,"name":"Kederduk \/ Takduk"}]},{"@type":"WebSite","@id":"https:\/\/frontsite.se\/#website","url":"https:\/\/frontsite.se\/","name":"Frontsite","description":"Expert P\u00e5 st\u00e4llningsprodukter och profilering","publisher":{"@id":"https:\/\/frontsite.se\/#organization"},"potentialAction":[{"@type":"SearchAction","target":{"@type":"EntryPoint","urlTemplate":"https:\/\/frontsite.se\/?s={search_term_string}"},"query-input":{"@type":"PropertyValueSpecification","valueRequired":true,"valueName":"search_term_string"}}],"inLanguage":"en-GB"},{"@type":"Organization","@id":"https:\/\/frontsite.se\/#organization","name":"Frontsite","url":"https:\/\/frontsite.se\/","logo":{"@type":"ImageObject","inLanguage":"en-GB","@id":"https:\/\/frontsite.se\/#\/schema\/logo\/image\/","url":"https:\/\/frontsite.se\/wp-content\/uploads\/2024\/08\/Logo-Ratt-farg.png","contentUrl":"https:\/\/frontsite.se\/wp-content\/uploads\/2024\/08\/Logo-Ratt-farg.png","width":1004,"height":1004,"caption":"Frontsite"},"image":{"@id":"https:\/\/frontsite.se\/#\/schema\/logo\/image\/"}}]}},"jetpack_sharing_enabled":true,"_links":{"self":[{"href":"https:\/\/frontsite.se\/en\/wp-json\/wp\/v2\/product\/15612","targetHints":{"allow":["GET"]}}],"collection":[{"href":"https:\/\/frontsite.se\/en\/wp-json\/wp\/v2\/product"}],"about":[{"href":"https:\/\/frontsite.se\/en\/wp-json\/wp\/v2\/types\/product"}],"replies":[{"embeddable":true,"href":"https:\/\/frontsite.se\/en\/wp-json\/wp\/v2\/comments?post=15612"}],"version-history":[{"count":9,"href":"https:\/\/frontsite.se\/en\/wp-json\/wp\/v2\/product\/15612\/revisions"}],"predecessor-version":[{"id":17745,"href":"https:\/\/frontsite.se\/en\/wp-json\/wp\/v2\/product\/15612\/revisions\/17745"}],"wp:featuredmedia":[{"embeddable":true,"href":"https:\/\/frontsite.se\/en\/wp-json\/wp\/v2\/media\/16093"}],"wp:attachment":[{"href":"https:\/\/frontsite.se\/en\/wp-json\/wp\/v2\/media?parent=15612"}],"wp:term":[{"taxonomy":"product_cat","embeddable":true,"href":"https:\/\/frontsite.se\/en\/wp-json\/wp\/v2\/product_cat?post=15612"},{"taxonomy":"product_tag","embeddable":true,"href":"https:\/\/frontsite.se\/en\/wp-json\/wp\/v2\/product_tag?post=15612"}],"curies":[{"name":"wp","href":"https:\/\/api.w.org\/{rel}","templated":true}]}}