{"id":15607,"date":"2024-01-12T19:33:33","date_gmt":"2024-01-12T19:33:33","guid":{"rendered":"https:\/\/frontsite.se\/?post_type=product&#038;p=15607"},"modified":"2024-12-02T09:57:41","modified_gmt":"2024-12-02T09:57:41","slug":"skyddsrackesnat","status":"publish","type":"product","link":"https:\/\/frontsite.se\/en\/product\/skyddsrackesnat\/","title":{"rendered":"Fallskyddsn\u00e4t 1,5 x 10m,  5 mm maskor p\u00e5 10 x 10 cm + 1 x 10m mechn\u00e4t bl\u00e5"},"content":{"rendered":"<div class=\"flex-shrink-0 flex flex-col relative items-end\">\n<div>\n<div class=\"pt-0.5 juice:pt-0\">\n<div class=\"gizmo-bot-avatar flex h-6 w-6 items-center justify-center overflow-hidden rounded-full juice:h-8 juice:w-8\">\n<div class=\"relative p-1 rounded-sm flex items-center justify-center bg-token-main-surface-primary text-token-text-primary h-8 w-8\"><\/div>\n<\/div>\n<\/div>\n<\/div>\n<\/div>\n<div class=\"group\/conversation-turn relative flex w-full min-w-0 flex-col agent-turn\">\n<div class=\"flex-col gap-1 md:gap-3\">\n<div class=\"flex flex-grow flex-col max-w-full\">\n<div class=\"min-h-[20px] text-message flex flex-col items-start whitespace-pre-wrap break-words [.text-message+&amp;]:mt-5 juice:w-full juice:items-end overflow-x-auto gap-2\" dir=\"auto\" data-message-author-role=\"assistant\" data-message-id=\"1091972d-952f-4820-ba41-85a57f709cd0\">\n<div class=\"flex w-full flex-col gap-1 juice:empty:hidden juice:first:pt-[3px]\">\n<div class=\"markdown prose w-full break-words dark:prose-invert light\">\n<h3>S\u00e4kerhetsn\u00e4t med Extra Finmaskigt N\u00e4t: Optimal Fallskyddsl\u00f6sning f\u00f6r Arbetsplatser<\/h3>\n<p>Uppt\u00e4ck f\u00f6rdelarna med v\u00e5rt s\u00e4kerhetsn\u00e4t\/fallskyddsn\u00e4t av mycket h\u00f6g kvalitet. Med l\u00e5ng livsl\u00e4ngd och inkluderade tre besiktningstaggar \u00e4r v\u00e5rt s\u00e4kerhetsn\u00e4t det perfekta valet f\u00f6r att s\u00e4kerst\u00e4lla en trygg arbetsmilj\u00f6.<\/p>\n<p>V\u00e5rt standardutf\u00f6rande \u00e4r 1,5 x 10 meter, med eller utan fotlist, men vi kan ocks\u00e5 erbjuda specialstorlekar och anpassningar efter dina specifika behov. Oavsett om du beh\u00f6ver grova eller finmaskiga n\u00e4t eller f\u00f6redrar meshv\u00e4v, kan vi skr\u00e4ddarsy n\u00e4tet f\u00f6r att m\u00f6ta dina \u00f6nskem\u00e5l. V\u00e5rt s\u00e4kerhetsn\u00e4t tillverkas enligt EU-standard och erbjuds i tv\u00e5 klassningar: Typ U och S.<\/p>\n<h4>F\u00f6rdelar med V\u00e5rt S\u00e4kerhetsn\u00e4t:<\/h4>\n<ul>\n<li><strong>Material<\/strong>: Tillverkat av slitstarkt polypropylenmaterial med en standardtjocklek p\u00e5 5 mm. Olika tjocklekar kan erbjudas beroende p\u00e5 dina behov.<\/li>\n<li><strong>Design<\/strong>: Knutl\u00f6s design med maskor p\u00e5 10 x 10 cm (eller efter \u00f6nskem\u00e5l) f\u00f6r att f\u00f6rhindra fall och minimera risken f\u00f6r olyckor.<\/li>\n<li><strong>Installation<\/strong>: Enkel och smidig installation och demontering tack vare p\u00e5sydda sp\u00e4nnremmar j\u00e4mnt f\u00f6rdelade med 75 cm mellanrum.<\/li>\n<li><strong>Tillval<\/strong>: Finns i flera olika f\u00e4rger att best\u00e4lla gr\u00f6n, svart med mera.<\/li>\n<li><strong>Besiktningstaggar<\/strong>: Inkluderar tre besiktningstaggar f\u00f6r enkel \u00f6vervakning och s\u00e4kerst\u00e4llande av n\u00e4tets skick.<\/li>\n<\/ul>\n<p>V\u00e5rt s\u00e4kerhetsn\u00e4t uppfyller alla krav enligt s\u00e4kerhetsklassningar och genomg\u00e5r noggranna tester f\u00f6r att s\u00e4kerst\u00e4lla h\u00f6g prestanda och tillf\u00f6rlitlighet. Med v\u00e5rt s\u00e4kerhetsn\u00e4t kan du k\u00e4nna dig trygg och skapa en s\u00e4ker arbetsmilj\u00f6 f\u00f6r dina anst\u00e4llda och projekt.<\/p>\n<p>V\u00e4lj v\u00e5rt s\u00e4kerhetsn\u00e4t med l\u00e5ng livsl\u00e4ngd och inkluderade besiktningstaggar som standard. Kontakta oss idag f\u00f6r att diskutera dina behov och ta reda p\u00e5 mer om v\u00e5ra tillval i storlekar och andra anpassningar. Vi \u00e4r dedikerade att leverera en p\u00e5litlig och effektiv fallskyddsl\u00f6sning f\u00f6r st\u00e4llnings- och byggbranschen.<\/p>\n<\/div>\n<\/div>\n<\/div>\n<\/div>\n<\/div>\n<\/div>\n<p>&nbsp;<\/p>","protected":false},"excerpt":{"rendered":"<p><img fetchpriority=\"high\" decoding=\"async\" class=\"alignnone size-medium wp-image-1666\" src=\"https:\/\/frontsite.se\/wp-content\/uploads\/IMG_1758-247x300.jpg\" alt=\"\" width=\"247\" height=\"300\" \/><\/p>\n<p>Uppt\u00e4ck f\u00f6rdelarna med v\u00e5rt s\u00e4kerhetsn\u00e4t\/fallskyddsn\u00e4t av mycket h\u00f6g kvalitet. Med l\u00e5ng livsl\u00e4ngd och inkluderade 3st besiktningstaggar \u00e4r v\u00e5rt s\u00e4kerhetsn\u00e4t det perfekta valet f\u00f6r att s\u00e4kerst\u00e4lla en trygg arbetsmilj\u00f6.<br \/>\nV\u00e5rt standardutf\u00f6rande \u00e4r 1,5 x 10 meter, med eller utan fotlist. Men vi kan ocks\u00e5 erbjuda specialstorlekar och anpassningar efter dina specifika behov. Vare sig du beh\u00f6ver grova eller finmaskiga n\u00e4t eller f\u00f6redrar meshv\u00e4v, kan vi skr\u00e4ddarsy n\u00e4tet f\u00f6r att m\u00f6ta dina \u00f6nskem\u00e5l. V\u00e5rt s\u00e4kerhetsn\u00e4t tillverkas enligt EU-standard och erbjuds i tv\u00e5 klassningar Typ U och S.<br \/>\nN\u00e4tet \u00e4r tillverkat av slitstarkt polypropylenmaterial och har en tjocklek p\u00e5 5 mm som standard, men vi kan \u00e4ven erbjuda olika tjocklekar beroende p\u00e5 dina behov. V\u00e5rt s\u00e4kerhetsn\u00e4t har en knutl\u00f6s design och har maskor p\u00e5 10 x 10 cm (eller efter \u00f6nskem\u00e5l) f\u00f6r att f\u00f6rhindra fall och minimera risken f\u00f6r olyckor.<br \/>\nInstallationen och demonteringen av v\u00e5rt s\u00e4kerhetsn\u00e4t \u00e4r enkel och smidig tack vare de p\u00e5sydda sp\u00e4nnremmarna som \u00e4r j\u00e4mnt f\u00f6rdelade med 75 cm mellanrum Vi erbjuder ocks\u00e5 tillval med finmaskigt n\u00e4t och fastsydd meshv\u00e4v f\u00f6r att m\u00f6ta specifika krav och behov.<br \/>\nV\u00e5rt s\u00e4kerhetsn\u00e4t uppfyller alla krav som kr\u00e4vs enligt s\u00e4kerhetsklassningar och genomg\u00e5r noggranna tester f\u00f6r att s\u00e4kerst\u00e4lla dess h\u00f6ga prestanda och tillf\u00f6rlitlighet. Med v\u00e5rt s\u00e4kerhetsn\u00e4t kan du k\u00e4nna dig trygg och skapa en s\u00e4ker arbetsmilj\u00f6 f\u00f6r dina anst\u00e4llda och projekt.<br \/>\nV\u00e4lj v\u00e5rt s\u00e4kerhetsn\u00e4t med l\u00e5ng livsl\u00e4ngd och inkluderade besiktningstaggar som standard. Kontakta oss idag f\u00f6r att diskutera dina behov och ta reda p\u00e5 mer om v\u00e5ra tillval i storlekar och andra anpassningar. Vi \u00e4r dedikerade att leverera en p\u00e5litlig och effektiv fallskyddsl\u00f6sning f\u00f6r st\u00e4llnings och byggbranschen.<\/p>","protected":false},"featured_media":15670,"comment_status":"open","ping_status":"closed","template":"","meta":[],"product_cat":[84,85],"product_tag":[],"class_list":{"0":"post-15607","1":"product","2":"type-product","3":"status-publish","4":"has-post-thumbnail","6":"product_cat-fallskydd-for-tak","7":"product_cat-fallskyddsnat","9":"first","10":"instock","11":"featured","12":"taxable","13":"shipping-taxable","14":"purchasable","15":"product-type-simple"},"yoast_head":"<!-- This site is optimized with the Yoast SEO plugin v24.1 - https:\/\/yoast.com\/wordpress\/plugins\/seo\/ -->\n<title>Fallskyddsn\u00e4t 1,5 x 10m, 5 mm maskor p\u00e5 10 x 10 cm + 1 x 10m mechn\u00e4t bl\u00e5 - Frontsite<\/title>\n<meta name=\"description\" content=\"Uppt\u00e4ck v\u00e5rt s\u00e4kerhetsn\u00e4t\/fallskyddsn\u00e4t av mycket h\u00f6g kvalitet med 3 inkluderade besiktningstaggar. Perfekta valet f\u00f6r att s\u00e4kerst\u00e4lla en trygg arbetsmilj\u00f6.\" \/>\n<meta name=\"robots\" content=\"index, follow, max-snippet:-1, max-image-preview:large, max-video-preview:-1\" \/>\n<link rel=\"canonical\" href=\"https:\/\/frontsite.se\/en\/product\/skyddsrackesnat\/\" \/>\n<meta property=\"og:locale\" content=\"en_GB\" \/>\n<meta property=\"og:type\" content=\"article\" \/>\n<meta property=\"og:title\" content=\"Fallskyddsn\u00e4t 1,5 x 10m, 5 mm maskor p\u00e5 10 x 10 cm + 1 x 10m mechn\u00e4t bl\u00e5 - Frontsite\" \/>\n<meta property=\"og:description\" content=\"Uppt\u00e4ck v\u00e5rt s\u00e4kerhetsn\u00e4t\/fallskyddsn\u00e4t av mycket h\u00f6g kvalitet med 3 inkluderade besiktningstaggar. Perfekta valet f\u00f6r att s\u00e4kerst\u00e4lla en trygg arbetsmilj\u00f6.\" \/>\n<meta property=\"og:url\" content=\"https:\/\/frontsite.se\/en\/product\/skyddsrackesnat\/\" \/>\n<meta property=\"og:site_name\" content=\"Frontsite\" \/>\n<meta property=\"article:modified_time\" content=\"2024-12-02T09:57:41+00:00\" \/>\n<meta property=\"og:image\" content=\"https:\/\/frontsite.se\/wp-content\/uploads\/2024\/01\/IMG_1758-scaled-1-658x800.jpg\" \/>\n\t<meta property=\"og:image:width\" content=\"658\" \/>\n\t<meta property=\"og:image:height\" content=\"800\" \/>\n\t<meta property=\"og:image:type\" content=\"image\/jpeg\" \/>\n<meta name=\"twitter:card\" content=\"summary_large_image\" \/>\n<meta name=\"twitter:label1\" content=\"Estimated reading time\" \/>\n\t<meta name=\"twitter:data1\" content=\"2 minutes\" \/>\n<script type=\"application\/ld+json\" class=\"yoast-schema-graph\">{\"@context\":\"https:\/\/schema.org\",\"@graph\":[{\"@type\":\"WebPage\",\"@id\":\"https:\/\/frontsite.se\/produkt\/skyddsrackesnat\/\",\"url\":\"https:\/\/frontsite.se\/produkt\/skyddsrackesnat\/\",\"name\":\"Fallskyddsn\u00e4t 1,5 x 10m, 5 mm maskor p\u00e5 10 x 10 cm + 1 x 10m mechn\u00e4t bl\u00e5 - Frontsite\",\"isPartOf\":{\"@id\":\"https:\/\/frontsite.se\/#website\"},\"primaryImageOfPage\":{\"@id\":\"https:\/\/frontsite.se\/produkt\/skyddsrackesnat\/#primaryimage\"},\"image\":{\"@id\":\"https:\/\/frontsite.se\/produkt\/skyddsrackesnat\/#primaryimage\"},\"thumbnailUrl\":\"https:\/\/frontsite.se\/wp-content\/uploads\/2024\/01\/IMG_1758-scaled-1.jpg\",\"datePublished\":\"2024-01-12T19:33:33+00:00\",\"dateModified\":\"2024-12-02T09:57:41+00:00\",\"description\":\"Uppt\u00e4ck v\u00e5rt s\u00e4kerhetsn\u00e4t\/fallskyddsn\u00e4t av mycket h\u00f6g kvalitet med 3 inkluderade besiktningstaggar. Perfekta valet f\u00f6r att s\u00e4kerst\u00e4lla en trygg arbetsmilj\u00f6.\",\"breadcrumb\":{\"@id\":\"https:\/\/frontsite.se\/produkt\/skyddsrackesnat\/#breadcrumb\"},\"inLanguage\":\"en-GB\",\"potentialAction\":[{\"@type\":\"ReadAction\",\"target\":[\"https:\/\/frontsite.se\/produkt\/skyddsrackesnat\/\"]}]},{\"@type\":\"ImageObject\",\"inLanguage\":\"en-GB\",\"@id\":\"https:\/\/frontsite.se\/produkt\/skyddsrackesnat\/#primaryimage\",\"url\":\"https:\/\/frontsite.se\/wp-content\/uploads\/2024\/01\/IMG_1758-scaled-1.jpg\",\"contentUrl\":\"https:\/\/frontsite.se\/wp-content\/uploads\/2024\/01\/IMG_1758-scaled-1.jpg\",\"width\":2105,\"height\":2560},{\"@type\":\"BreadcrumbList\",\"@id\":\"https:\/\/frontsite.se\/produkt\/skyddsrackesnat\/#breadcrumb\",\"itemListElement\":[{\"@type\":\"ListItem\",\"position\":1,\"name\":\"Hem\",\"item\":\"https:\/\/frontsite.se\/\"},{\"@type\":\"ListItem\",\"position\":2,\"name\":\"Shop\",\"item\":\"https:\/\/frontsite.lingonbyran.se\/shop\/\"},{\"@type\":\"ListItem\",\"position\":3,\"name\":\"Fallskyddsn\u00e4t 1,5 x 10m, 5 mm maskor p\u00e5 10 x 10 cm + 1 x 10m mechn\u00e4t bl\u00e5\"}]},{\"@type\":\"WebSite\",\"@id\":\"https:\/\/frontsite.se\/#website\",\"url\":\"https:\/\/frontsite.se\/\",\"name\":\"Frontsite\",\"description\":\"Expert P\u00e5 st\u00e4llningsprodukter och profilering\",\"publisher\":{\"@id\":\"https:\/\/frontsite.se\/#organization\"},\"potentialAction\":[{\"@type\":\"SearchAction\",\"target\":{\"@type\":\"EntryPoint\",\"urlTemplate\":\"https:\/\/frontsite.se\/?s={search_term_string}\"},\"query-input\":{\"@type\":\"PropertyValueSpecification\",\"valueRequired\":true,\"valueName\":\"search_term_string\"}}],\"inLanguage\":\"en-GB\"},{\"@type\":\"Organization\",\"@id\":\"https:\/\/frontsite.se\/#organization\",\"name\":\"Frontsite\",\"url\":\"https:\/\/frontsite.se\/\",\"logo\":{\"@type\":\"ImageObject\",\"inLanguage\":\"en-GB\",\"@id\":\"https:\/\/frontsite.se\/#\/schema\/logo\/image\/\",\"url\":\"https:\/\/frontsite.se\/wp-content\/uploads\/2024\/08\/Logo-Ratt-farg.png\",\"contentUrl\":\"https:\/\/frontsite.se\/wp-content\/uploads\/2024\/08\/Logo-Ratt-farg.png\",\"width\":1004,\"height\":1004,\"caption\":\"Frontsite\"},\"image\":{\"@id\":\"https:\/\/frontsite.se\/#\/schema\/logo\/image\/\"}}]}<\/script>\n<!-- \/ Yoast SEO plugin. -->","yoast_head_json":{"title":"Fallskyddsn\u00e4t 1,5 x 10m, 5 mm maskor p\u00e5 10 x 10 cm + 1 x 10m mechn\u00e4t bl\u00e5 - Frontsite","description":"Uppt\u00e4ck v\u00e5rt s\u00e4kerhetsn\u00e4t\/fallskyddsn\u00e4t av mycket h\u00f6g kvalitet med 3 inkluderade besiktningstaggar. Perfekta valet f\u00f6r att s\u00e4kerst\u00e4lla en trygg arbetsmilj\u00f6.","robots":{"index":"index","follow":"follow","max-snippet":"max-snippet:-1","max-image-preview":"max-image-preview:large","max-video-preview":"max-video-preview:-1"},"canonical":"https:\/\/frontsite.se\/en\/product\/skyddsrackesnat\/","og_locale":"en_GB","og_type":"article","og_title":"Fallskyddsn\u00e4t 1,5 x 10m, 5 mm maskor p\u00e5 10 x 10 cm + 1 x 10m mechn\u00e4t bl\u00e5 - Frontsite","og_description":"Uppt\u00e4ck v\u00e5rt s\u00e4kerhetsn\u00e4t\/fallskyddsn\u00e4t av mycket h\u00f6g kvalitet med 3 inkluderade besiktningstaggar. Perfekta valet f\u00f6r att s\u00e4kerst\u00e4lla en trygg arbetsmilj\u00f6.","og_url":"https:\/\/frontsite.se\/en\/product\/skyddsrackesnat\/","og_site_name":"Frontsite","article_modified_time":"2024-12-02T09:57:41+00:00","og_image":[{"width":658,"height":800,"url":"https:\/\/frontsite.se\/wp-content\/uploads\/2024\/01\/IMG_1758-scaled-1-658x800.jpg","type":"image\/jpeg"}],"twitter_card":"summary_large_image","twitter_misc":{"Estimated reading time":"2 minutes"},"schema":{"@context":"https:\/\/schema.org","@graph":[{"@type":"WebPage","@id":"https:\/\/frontsite.se\/produkt\/skyddsrackesnat\/","url":"https:\/\/frontsite.se\/produkt\/skyddsrackesnat\/","name":"Fallskyddsn\u00e4t 1,5 x 10m, 5 mm maskor p\u00e5 10 x 10 cm + 1 x 10m mechn\u00e4t bl\u00e5 - Frontsite","isPartOf":{"@id":"https:\/\/frontsite.se\/#website"},"primaryImageOfPage":{"@id":"https:\/\/frontsite.se\/produkt\/skyddsrackesnat\/#primaryimage"},"image":{"@id":"https:\/\/frontsite.se\/produkt\/skyddsrackesnat\/#primaryimage"},"thumbnailUrl":"https:\/\/frontsite.se\/wp-content\/uploads\/2024\/01\/IMG_1758-scaled-1.jpg","datePublished":"2024-01-12T19:33:33+00:00","dateModified":"2024-12-02T09:57:41+00:00","description":"Uppt\u00e4ck v\u00e5rt s\u00e4kerhetsn\u00e4t\/fallskyddsn\u00e4t av mycket h\u00f6g kvalitet med 3 inkluderade besiktningstaggar. Perfekta valet f\u00f6r att s\u00e4kerst\u00e4lla en trygg arbetsmilj\u00f6.","breadcrumb":{"@id":"https:\/\/frontsite.se\/produkt\/skyddsrackesnat\/#breadcrumb"},"inLanguage":"en-GB","potentialAction":[{"@type":"ReadAction","target":["https:\/\/frontsite.se\/produkt\/skyddsrackesnat\/"]}]},{"@type":"ImageObject","inLanguage":"en-GB","@id":"https:\/\/frontsite.se\/produkt\/skyddsrackesnat\/#primaryimage","url":"https:\/\/frontsite.se\/wp-content\/uploads\/2024\/01\/IMG_1758-scaled-1.jpg","contentUrl":"https:\/\/frontsite.se\/wp-content\/uploads\/2024\/01\/IMG_1758-scaled-1.jpg","width":2105,"height":2560},{"@type":"BreadcrumbList","@id":"https:\/\/frontsite.se\/produkt\/skyddsrackesnat\/#breadcrumb","itemListElement":[{"@type":"ListItem","position":1,"name":"Hem","item":"https:\/\/frontsite.se\/"},{"@type":"ListItem","position":2,"name":"Shop","item":"https:\/\/frontsite.lingonbyran.se\/shop\/"},{"@type":"ListItem","position":3,"name":"Fallskyddsn\u00e4t 1,5 x 10m, 5 mm maskor p\u00e5 10 x 10 cm + 1 x 10m mechn\u00e4t bl\u00e5"}]},{"@type":"WebSite","@id":"https:\/\/frontsite.se\/#website","url":"https:\/\/frontsite.se\/","name":"Frontsite","description":"Expert P\u00e5 st\u00e4llningsprodukter och profilering","publisher":{"@id":"https:\/\/frontsite.se\/#organization"},"potentialAction":[{"@type":"SearchAction","target":{"@type":"EntryPoint","urlTemplate":"https:\/\/frontsite.se\/?s={search_term_string}"},"query-input":{"@type":"PropertyValueSpecification","valueRequired":true,"valueName":"search_term_string"}}],"inLanguage":"en-GB"},{"@type":"Organization","@id":"https:\/\/frontsite.se\/#organization","name":"Frontsite","url":"https:\/\/frontsite.se\/","logo":{"@type":"ImageObject","inLanguage":"en-GB","@id":"https:\/\/frontsite.se\/#\/schema\/logo\/image\/","url":"https:\/\/frontsite.se\/wp-content\/uploads\/2024\/08\/Logo-Ratt-farg.png","contentUrl":"https:\/\/frontsite.se\/wp-content\/uploads\/2024\/08\/Logo-Ratt-farg.png","width":1004,"height":1004,"caption":"Frontsite"},"image":{"@id":"https:\/\/frontsite.se\/#\/schema\/logo\/image\/"}}]}},"jetpack_sharing_enabled":true,"_links":{"self":[{"href":"https:\/\/frontsite.se\/en\/wp-json\/wp\/v2\/product\/15607","targetHints":{"allow":["GET"]}}],"collection":[{"href":"https:\/\/frontsite.se\/en\/wp-json\/wp\/v2\/product"}],"about":[{"href":"https:\/\/frontsite.se\/en\/wp-json\/wp\/v2\/types\/product"}],"replies":[{"embeddable":true,"href":"https:\/\/frontsite.se\/en\/wp-json\/wp\/v2\/comments?post=15607"}],"version-history":[{"count":8,"href":"https:\/\/frontsite.se\/en\/wp-json\/wp\/v2\/product\/15607\/revisions"}],"predecessor-version":[{"id":16767,"href":"https:\/\/frontsite.se\/en\/wp-json\/wp\/v2\/product\/15607\/revisions\/16767"}],"wp:featuredmedia":[{"embeddable":true,"href":"https:\/\/frontsite.se\/en\/wp-json\/wp\/v2\/media\/15670"}],"wp:attachment":[{"href":"https:\/\/frontsite.se\/en\/wp-json\/wp\/v2\/media?parent=15607"}],"wp:term":[{"taxonomy":"product_cat","embeddable":true,"href":"https:\/\/frontsite.se\/en\/wp-json\/wp\/v2\/product_cat?post=15607"},{"taxonomy":"product_tag","embeddable":true,"href":"https:\/\/frontsite.se\/en\/wp-json\/wp\/v2\/product_tag?post=15607"}],"curies":[{"name":"wp","href":"https:\/\/api.w.org\/{rel}","templated":true}]}}