{"id":15604,"date":"2024-01-12T19:33:33","date_gmt":"2024-01-12T19:33:33","guid":{"rendered":"https:\/\/frontsite.se\/?post_type=product&#038;p=15604"},"modified":"2025-03-10T08:13:50","modified_gmt":"2025-03-10T08:13:50","slug":"provdragningsskylt-for-infastning","status":"publish","type":"product","link":"https:\/\/frontsite.se\/en\/product\/provdragningsskylt-for-infastning\/","title":{"rendered":"Test drawing plate for fastening"},"content":{"rendered":"<p>V\u00e5r provdragningsskylt \u00e4r gjord i h\u00f6g kvalitet f\u00f6r att sitta kvar och inte falla av. Den t\u00e5l \u00e4ven stora temperaturskillnader som kan uppst\u00e5 i olika delar av landet.<\/p>\n<p>Den st\u00f6rsta f\u00f6rdelen med att s\u00e4tta upp och anv\u00e4nda taggen \u00e4r att ni kan anv\u00e4nda v\u00e5r QR-kod f\u00f6r att komma till ett digitalt provdragningsprotokoll, som ni sedan skickar direkt till arbetsledning eller platschef\/kund.<\/p>\n<p>Ut\u00f6ver att ni s\u00e4kerst\u00e4ller s\u00e4kerheten och tydlighet n\u00e4r ni l\u00e4mnar \u00f6ver en besiktigad st\u00e4llning s\u00e5 ser ni \u00e4ven till att uppfylla er skyldighet g\u00e4llande dokumentation och s\u00e4kerheten att mont\u00f6rer, platschefer eller andra ansvariga har full kontroll p\u00e5 vad ni har l\u00e4mnat ifr\u00e5n er.<\/p>\n<p>Provdragningstaggarna \u00e4r f\u00f6rpackade om p\u00e5sar med 250st<\/p>\n<p>&nbsp;<\/p>","protected":false},"excerpt":{"rendered":"<p><img fetchpriority=\"high\" decoding=\"async\" class=\"alignnone size-medium wp-image-1692\" src=\"https:\/\/frontsite.se\/wp-content\/uploads\/Tagg_dubbel-169x300.jpg\" alt=\"\" width=\"169\" height=\"300\" \/><\/p>\n<p>V\u00e5r provdragningsskylt \u00e4r gjord i h\u00f6g kvalitet f\u00f6r att sitta kvar och inte falla av. Den t\u00e5l \u00e4ven stora temperaturskillnader som kan uppst\u00e5 i olika delar av landet.<\/p>\n<p>Den st\u00f6rsta f\u00f6rdelen med att s\u00e4tta upp och anv\u00e4nda taggen \u00e4r att ni kan anv\u00e4nda v\u00e5r QR-kod f\u00f6r att komma till ett digitalt provdragningsprotokoll, som ni sedan skickar direkt till arbetsledning eller platschef\/kund.<\/p>\n<p>Ut\u00f6ver att ni s\u00e4kerst\u00e4ller s\u00e4kerheten och tydlighet n\u00e4r ni l\u00e4mnar \u00f6ver en besiktigad st\u00e4llning s\u00e5 ser ni \u00e4ven till att uppfylla er skyldighet g\u00e4llande dokumentation och s\u00e4kerheten att mont\u00f6rer, platschefer eller andra ansvariga har full kontroll p\u00e5 vad ni har l\u00e4mnat ifr\u00e5n er.<\/p>\n<p>Provdragningstaggarna \u00e4r f\u00f6rpackade om p\u00e5sar med 250st<\/p>\n<p>&nbsp;<\/p>","protected":false},"featured_media":15728,"comment_status":"open","ping_status":"closed","template":"","meta":[],"product_cat":[70],"product_tag":[],"class_list":{"0":"post-15604","1":"product","2":"type-product","3":"status-publish","4":"has-post-thumbnail","6":"product_cat-stallning-bygg-tillbehor","8":"first","9":"instock","10":"featured","11":"taxable","12":"shipping-taxable","13":"purchasable","14":"product-type-simple"},"yoast_head":"<!-- This site is optimized with the Yoast SEO plugin v24.1 - https:\/\/yoast.com\/wordpress\/plugins\/seo\/ -->\n<title>Provdragningsskylt f\u00f6r inf\u00e4stning - Frontsite<\/title>\n<meta name=\"robots\" content=\"index, follow, max-snippet:-1, max-image-preview:large, max-video-preview:-1\" \/>\n<link rel=\"canonical\" href=\"https:\/\/frontsite.se\/en\/product\/provdragningsskylt-for-infastning\/\" \/>\n<meta property=\"og:locale\" content=\"en_GB\" \/>\n<meta property=\"og:type\" content=\"article\" \/>\n<meta property=\"og:title\" content=\"Provdragningsskylt f\u00f6r inf\u00e4stning - Frontsite\" \/>\n<meta property=\"og:description\" content=\"V\u00e5r provdragningsskylt \u00e4r gjord i h\u00f6g kvalitet f\u00f6r att sitta kvar och inte falla av. Den t\u00e5l \u00e4ven stora temperaturskillnader som kan uppst\u00e5 i olika delar av landet.  Den st\u00f6rsta f\u00f6rdelen med att s\u00e4tta upp och anv\u00e4nda taggen \u00e4r att ni kan anv\u00e4nda v\u00e5r QR-kod f\u00f6r att komma till ett digitalt provdragningsprotokoll, som ni sedan skickar direkt till arbetsledning eller platschef\/kund.  Ut\u00f6ver att ni s\u00e4kerst\u00e4ller s\u00e4kerheten och tydlighet n\u00e4r ni l\u00e4mnar \u00f6ver en besiktigad st\u00e4llning s\u00e5 ser ni \u00e4ven till att uppfylla er skyldighet g\u00e4llande dokumentation och s\u00e4kerheten att mont\u00f6rer, platschefer eller andra ansvariga har full kontroll p\u00e5 vad ni har l\u00e4mnat ifr\u00e5n er.  Provdragningstaggarna \u00e4r f\u00f6rpackade om p\u00e5sar med 250st  &nbsp;\" \/>\n<meta property=\"og:url\" content=\"https:\/\/frontsite.se\/en\/product\/provdragningsskylt-for-infastning\/\" \/>\n<meta property=\"og:site_name\" content=\"Frontsite\" \/>\n<meta property=\"article:modified_time\" content=\"2025-03-10T08:13:50+00:00\" \/>\n<meta property=\"og:image\" content=\"https:\/\/frontsite.se\/wp-content\/uploads\/2024\/01\/Provdragningstagg-gul-1.jpg\" \/>\n\t<meta property=\"og:image:width\" content=\"361\" \/>\n\t<meta property=\"og:image:height\" content=\"640\" \/>\n\t<meta property=\"og:image:type\" content=\"image\/jpeg\" \/>\n<meta name=\"twitter:card\" content=\"summary_large_image\" \/>\n<meta name=\"twitter:label1\" content=\"Estimated reading time\" \/>\n\t<meta name=\"twitter:data1\" content=\"1 minute\" \/>\n<script type=\"application\/ld+json\" class=\"yoast-schema-graph\">{\"@context\":\"https:\/\/schema.org\",\"@graph\":[{\"@type\":\"WebPage\",\"@id\":\"https:\/\/frontsite.se\/produkt\/provdragningsskylt-for-infastning\/\",\"url\":\"https:\/\/frontsite.se\/produkt\/provdragningsskylt-for-infastning\/\",\"name\":\"Provdragningsskylt f\u00f6r inf\u00e4stning - Frontsite\",\"isPartOf\":{\"@id\":\"https:\/\/frontsite.se\/#website\"},\"primaryImageOfPage\":{\"@id\":\"https:\/\/frontsite.se\/produkt\/provdragningsskylt-for-infastning\/#primaryimage\"},\"image\":{\"@id\":\"https:\/\/frontsite.se\/produkt\/provdragningsskylt-for-infastning\/#primaryimage\"},\"thumbnailUrl\":\"https:\/\/frontsite.se\/wp-content\/uploads\/2024\/01\/Provdragningstagg-gul-1.jpg\",\"datePublished\":\"2024-01-12T19:33:33+00:00\",\"dateModified\":\"2025-03-10T08:13:50+00:00\",\"breadcrumb\":{\"@id\":\"https:\/\/frontsite.se\/produkt\/provdragningsskylt-for-infastning\/#breadcrumb\"},\"inLanguage\":\"en-GB\",\"potentialAction\":[{\"@type\":\"ReadAction\",\"target\":[\"https:\/\/frontsite.se\/produkt\/provdragningsskylt-for-infastning\/\"]}]},{\"@type\":\"ImageObject\",\"inLanguage\":\"en-GB\",\"@id\":\"https:\/\/frontsite.se\/produkt\/provdragningsskylt-for-infastning\/#primaryimage\",\"url\":\"https:\/\/frontsite.se\/wp-content\/uploads\/2024\/01\/Provdragningstagg-gul-1.jpg\",\"contentUrl\":\"https:\/\/frontsite.se\/wp-content\/uploads\/2024\/01\/Provdragningstagg-gul-1.jpg\",\"width\":361,\"height\":640},{\"@type\":\"BreadcrumbList\",\"@id\":\"https:\/\/frontsite.se\/produkt\/provdragningsskylt-for-infastning\/#breadcrumb\",\"itemListElement\":[{\"@type\":\"ListItem\",\"position\":1,\"name\":\"Hem\",\"item\":\"https:\/\/frontsite.se\/\"},{\"@type\":\"ListItem\",\"position\":2,\"name\":\"Shop\",\"item\":\"https:\/\/frontsite.lingonbyran.se\/shop\/\"},{\"@type\":\"ListItem\",\"position\":3,\"name\":\"Provdragningsskylt f\u00f6r inf\u00e4stning\"}]},{\"@type\":\"WebSite\",\"@id\":\"https:\/\/frontsite.se\/#website\",\"url\":\"https:\/\/frontsite.se\/\",\"name\":\"Frontsite\",\"description\":\"Expert P\u00e5 st\u00e4llningsprodukter och profilering\",\"publisher\":{\"@id\":\"https:\/\/frontsite.se\/#organization\"},\"potentialAction\":[{\"@type\":\"SearchAction\",\"target\":{\"@type\":\"EntryPoint\",\"urlTemplate\":\"https:\/\/frontsite.se\/?s={search_term_string}\"},\"query-input\":{\"@type\":\"PropertyValueSpecification\",\"valueRequired\":true,\"valueName\":\"search_term_string\"}}],\"inLanguage\":\"en-GB\"},{\"@type\":\"Organization\",\"@id\":\"https:\/\/frontsite.se\/#organization\",\"name\":\"Frontsite\",\"url\":\"https:\/\/frontsite.se\/\",\"logo\":{\"@type\":\"ImageObject\",\"inLanguage\":\"en-GB\",\"@id\":\"https:\/\/frontsite.se\/#\/schema\/logo\/image\/\",\"url\":\"https:\/\/frontsite.se\/wp-content\/uploads\/2024\/08\/Logo-Ratt-farg.png\",\"contentUrl\":\"https:\/\/frontsite.se\/wp-content\/uploads\/2024\/08\/Logo-Ratt-farg.png\",\"width\":1004,\"height\":1004,\"caption\":\"Frontsite\"},\"image\":{\"@id\":\"https:\/\/frontsite.se\/#\/schema\/logo\/image\/\"}}]}<\/script>\n<!-- \/ Yoast SEO plugin. -->","yoast_head_json":{"title":"Provdragningsskylt f\u00f6r inf\u00e4stning - Frontsite","robots":{"index":"index","follow":"follow","max-snippet":"max-snippet:-1","max-image-preview":"max-image-preview:large","max-video-preview":"max-video-preview:-1"},"canonical":"https:\/\/frontsite.se\/en\/product\/provdragningsskylt-for-infastning\/","og_locale":"en_GB","og_type":"article","og_title":"Provdragningsskylt f\u00f6r inf\u00e4stning - Frontsite","og_description":"V\u00e5r provdragningsskylt \u00e4r gjord i h\u00f6g kvalitet f\u00f6r att sitta kvar och inte falla av. Den t\u00e5l \u00e4ven stora temperaturskillnader som kan uppst\u00e5 i olika delar av landet.  Den st\u00f6rsta f\u00f6rdelen med att s\u00e4tta upp och anv\u00e4nda taggen \u00e4r att ni kan anv\u00e4nda v\u00e5r QR-kod f\u00f6r att komma till ett digitalt provdragningsprotokoll, som ni sedan skickar direkt till arbetsledning eller platschef\/kund.  Ut\u00f6ver att ni s\u00e4kerst\u00e4ller s\u00e4kerheten och tydlighet n\u00e4r ni l\u00e4mnar \u00f6ver en besiktigad st\u00e4llning s\u00e5 ser ni \u00e4ven till att uppfylla er skyldighet g\u00e4llande dokumentation och s\u00e4kerheten att mont\u00f6rer, platschefer eller andra ansvariga har full kontroll p\u00e5 vad ni har l\u00e4mnat ifr\u00e5n er.  Provdragningstaggarna \u00e4r f\u00f6rpackade om p\u00e5sar med 250st  &nbsp;","og_url":"https:\/\/frontsite.se\/en\/product\/provdragningsskylt-for-infastning\/","og_site_name":"Frontsite","article_modified_time":"2025-03-10T08:13:50+00:00","og_image":[{"width":361,"height":640,"url":"https:\/\/frontsite.se\/wp-content\/uploads\/2024\/01\/Provdragningstagg-gul-1.jpg","type":"image\/jpeg"}],"twitter_card":"summary_large_image","twitter_misc":{"Estimated reading time":"1 minute"},"schema":{"@context":"https:\/\/schema.org","@graph":[{"@type":"WebPage","@id":"https:\/\/frontsite.se\/produkt\/provdragningsskylt-for-infastning\/","url":"https:\/\/frontsite.se\/produkt\/provdragningsskylt-for-infastning\/","name":"Provdragningsskylt f\u00f6r inf\u00e4stning - Frontsite","isPartOf":{"@id":"https:\/\/frontsite.se\/#website"},"primaryImageOfPage":{"@id":"https:\/\/frontsite.se\/produkt\/provdragningsskylt-for-infastning\/#primaryimage"},"image":{"@id":"https:\/\/frontsite.se\/produkt\/provdragningsskylt-for-infastning\/#primaryimage"},"thumbnailUrl":"https:\/\/frontsite.se\/wp-content\/uploads\/2024\/01\/Provdragningstagg-gul-1.jpg","datePublished":"2024-01-12T19:33:33+00:00","dateModified":"2025-03-10T08:13:50+00:00","breadcrumb":{"@id":"https:\/\/frontsite.se\/produkt\/provdragningsskylt-for-infastning\/#breadcrumb"},"inLanguage":"en-GB","potentialAction":[{"@type":"ReadAction","target":["https:\/\/frontsite.se\/produkt\/provdragningsskylt-for-infastning\/"]}]},{"@type":"ImageObject","inLanguage":"en-GB","@id":"https:\/\/frontsite.se\/produkt\/provdragningsskylt-for-infastning\/#primaryimage","url":"https:\/\/frontsite.se\/wp-content\/uploads\/2024\/01\/Provdragningstagg-gul-1.jpg","contentUrl":"https:\/\/frontsite.se\/wp-content\/uploads\/2024\/01\/Provdragningstagg-gul-1.jpg","width":361,"height":640},{"@type":"BreadcrumbList","@id":"https:\/\/frontsite.se\/produkt\/provdragningsskylt-for-infastning\/#breadcrumb","itemListElement":[{"@type":"ListItem","position":1,"name":"Hem","item":"https:\/\/frontsite.se\/"},{"@type":"ListItem","position":2,"name":"Shop","item":"https:\/\/frontsite.lingonbyran.se\/shop\/"},{"@type":"ListItem","position":3,"name":"Provdragningsskylt f\u00f6r inf\u00e4stning"}]},{"@type":"WebSite","@id":"https:\/\/frontsite.se\/#website","url":"https:\/\/frontsite.se\/","name":"Frontsite","description":"Expert P\u00e5 st\u00e4llningsprodukter och profilering","publisher":{"@id":"https:\/\/frontsite.se\/#organization"},"potentialAction":[{"@type":"SearchAction","target":{"@type":"EntryPoint","urlTemplate":"https:\/\/frontsite.se\/?s={search_term_string}"},"query-input":{"@type":"PropertyValueSpecification","valueRequired":true,"valueName":"search_term_string"}}],"inLanguage":"en-GB"},{"@type":"Organization","@id":"https:\/\/frontsite.se\/#organization","name":"Frontsite","url":"https:\/\/frontsite.se\/","logo":{"@type":"ImageObject","inLanguage":"en-GB","@id":"https:\/\/frontsite.se\/#\/schema\/logo\/image\/","url":"https:\/\/frontsite.se\/wp-content\/uploads\/2024\/08\/Logo-Ratt-farg.png","contentUrl":"https:\/\/frontsite.se\/wp-content\/uploads\/2024\/08\/Logo-Ratt-farg.png","width":1004,"height":1004,"caption":"Frontsite"},"image":{"@id":"https:\/\/frontsite.se\/#\/schema\/logo\/image\/"}}]}},"jetpack_sharing_enabled":true,"_links":{"self":[{"href":"https:\/\/frontsite.se\/en\/wp-json\/wp\/v2\/product\/15604","targetHints":{"allow":["GET"]}}],"collection":[{"href":"https:\/\/frontsite.se\/en\/wp-json\/wp\/v2\/product"}],"about":[{"href":"https:\/\/frontsite.se\/en\/wp-json\/wp\/v2\/types\/product"}],"replies":[{"embeddable":true,"href":"https:\/\/frontsite.se\/en\/wp-json\/wp\/v2\/comments?post=15604"}],"version-history":[{"count":2,"href":"https:\/\/frontsite.se\/en\/wp-json\/wp\/v2\/product\/15604\/revisions"}],"predecessor-version":[{"id":16772,"href":"https:\/\/frontsite.se\/en\/wp-json\/wp\/v2\/product\/15604\/revisions\/16772"}],"wp:featuredmedia":[{"embeddable":true,"href":"https:\/\/frontsite.se\/en\/wp-json\/wp\/v2\/media\/15728"}],"wp:attachment":[{"href":"https:\/\/frontsite.se\/en\/wp-json\/wp\/v2\/media?parent=15604"}],"wp:term":[{"taxonomy":"product_cat","embeddable":true,"href":"https:\/\/frontsite.se\/en\/wp-json\/wp\/v2\/product_cat?post=15604"},{"taxonomy":"product_tag","embeddable":true,"href":"https:\/\/frontsite.se\/en\/wp-json\/wp\/v2\/product_tag?post=15604"}],"curies":[{"name":"wp","href":"https:\/\/api.w.org\/{rel}","templated":true}]}}