{"id":15595,"date":"2024-01-12T19:33:32","date_gmt":"2024-01-12T19:33:32","guid":{"rendered":"https:\/\/frontsite.se\/?post_type=product&#038;p=15595"},"modified":"2024-06-24T07:07:19","modified_gmt":"2024-06-24T07:07:19","slug":"byggsack","status":"publish","type":"product","link":"https:\/\/frontsite.se\/en\/product\/byggsack\/","title":{"rendered":"ByggS\u00e4ck"},"content":{"rendered":"<p><img fetchpriority=\"high\" decoding=\"async\" class=\"alignnone size-medium wp-image-1795\" src=\"https:\/\/frontsite.se\/wp-content\/uploads\/4-169x300.jpg\" alt=\"\" width=\"169\" height=\"300\" \/><\/p>\n<p>Byggs\u00e4ckar \u00e4r ett starkt och effektivt s\u00e4tt att lagra eller transpor-tera en m\u00e4ngd olika varor som grus, stenmj\u00f6l, kemikalier eller skr\u00e4p.<br \/>\nAlla v\u00e5ra byggs\u00e4ckar \u00e4r tillverkade i PP (polypropylen) v\u00e4v och finns i b\u00e5de med belagda och obelagd yta. Alla s\u00e4ckar kan anpassas efter flera f\u00e4rgalternativ samt logotryck.<\/p>\n<p>Finns i flera olika storlekar och modeller.<\/p>\n<ul>\n<li>Det mest ekonomiska och enkla s\u00e4ttet att paketera torra varor f\u00f6r transport och lagring.<\/li>\n<li>Snabb, enkel och s\u00e4ker lastning \/ lossning genom m\u00e5nga olika l\u00f6sningar f\u00f6r alla olika \u00e4ndam\u00e5l.<\/li>\n<\/ul>\n<p>&nbsp;<\/p>\n<p>* Endast byggs\u00e4ck medium ( CB165102 ) \u00e4r tillg\u00e4nglig med p\u00e5fyllningsr\u00f6r i toppen och botten.<\/p>","protected":false},"excerpt":{"rendered":"<p><img decoding=\"async\" class=\"alignnone size-medium wp-image-1797\" src=\"https:\/\/frontsite.se\/wp-content\/uploads\/7505b7a37e827de8b514f031800a3df-300x225.jpg\" alt=\"\" width=\"300\" height=\"225\" \/><\/p>\n<p>Byggs\u00e4ckar \u00e4r ett starkt och effektivt s\u00e4tt att lagra eller transpor-tera en m\u00e4ngd olika varor som grus, stenmj\u00f6l, kemikalier eller skr\u00e4p.<br \/>\nAlla v\u00e5ra byggs\u00e4ckar \u00e4r tillverkade i PP (polypropylen) v\u00e4v och finns i b\u00e5de med belagda och obelagd yta. Alla s\u00e4ckar kan anpassas efter flera f\u00e4rgalternativ samt logotryck.<\/p>\n<p>Finns i flera olika storlekar och modeller.<\/p>\n<ul>\n<li>Det mest ekonomiska och enkla s\u00e4ttet att paketera torra varor f\u00f6r transport och lagring.<\/li>\n<li>Snabb, enkel och s\u00e4ker lastning \/ lossning genom m\u00e5nga olika l\u00f6sningar f\u00f6r alla olika \u00e4ndam\u00e5l.<\/li>\n<\/ul>\n<p>&nbsp;<\/p>\n<p>* Endast byggs\u00e4ck medium ( CB165102 ) \u00e4r tillg\u00e4nglig med p\u00e5fyllningsr\u00f6r i toppen och botten.<\/p>","protected":false},"featured_media":15633,"comment_status":"open","ping_status":"closed","template":"","meta":[],"product_cat":[73],"product_tag":[],"class_list":{"0":"post-15595","1":"product","2":"type-product","3":"status-publish","4":"has-post-thumbnail","6":"product_cat-uncategorised","8":"first","9":"instock","10":"taxable","11":"shipping-taxable","12":"purchasable","13":"product-type-variable"},"yoast_head":"<!-- This site is optimized with the Yoast SEO plugin v24.1 - https:\/\/yoast.com\/wordpress\/plugins\/seo\/ -->\n<title>ByggS\u00e4ck - Frontsite<\/title>\n<meta name=\"description\" content=\"Byggs\u00e4ckar \u00e4r ett starkt och effektivt s\u00e4tt att lagra eller transpor-tera en m\u00e4ngd olika varor som grus, stenmj\u00f6l, kemikalier eller skr\u00e4p.Alla v\u00e5ra byggs\u00e4ckar \u00e4r tillverkade i PP (polypropylen) v\u00e4v och finns i b\u00e5de med belagda och obelagd yta. Alla s\u00e4ckar kan anpassas efter flera f\u00e4rgalternativ samt logotryck.Finns i flera olika storlekar och modeller.Det mest ekonomiska och enkla s\u00e4ttet att paketera torra varor f\u00f6r transport och lagring.Snabb, enkel och s\u00e4ker lastning \/ lossning genom m\u00e5nga olika l\u00f6sningar f\u00f6r alla olika \u00e4ndam\u00e5l.* Endast byggs\u00e4ck medium ( CB165102 ) \u00e4r tillg\u00e4nglig med p\u00e5fyllningsr\u00f6r i toppen och botten.\" \/>\n<meta name=\"robots\" content=\"index, follow, max-snippet:-1, max-image-preview:large, max-video-preview:-1\" \/>\n<link rel=\"canonical\" href=\"https:\/\/frontsite.se\/en\/product\/byggsack\/\" \/>\n<meta property=\"og:locale\" content=\"en_GB\" \/>\n<meta property=\"og:type\" content=\"article\" \/>\n<meta property=\"og:title\" content=\"ByggS\u00e4ck - Frontsite\" \/>\n<meta property=\"og:description\" content=\"Byggs\u00e4ckar \u00e4r ett starkt och effektivt s\u00e4tt att lagra eller transpor-tera en m\u00e4ngd olika varor som grus, stenmj\u00f6l, kemikalier eller skr\u00e4p.Alla v\u00e5ra byggs\u00e4ckar \u00e4r tillverkade i PP (polypropylen) v\u00e4v och finns i b\u00e5de med belagda och obelagd yta. Alla s\u00e4ckar kan anpassas efter flera f\u00e4rgalternativ samt logotryck.Finns i flera olika storlekar och modeller.Det mest ekonomiska och enkla s\u00e4ttet att paketera torra varor f\u00f6r transport och lagring.Snabb, enkel och s\u00e4ker lastning \/ lossning genom m\u00e5nga olika l\u00f6sningar f\u00f6r alla olika \u00e4ndam\u00e5l.* Endast byggs\u00e4ck medium ( CB165102 ) \u00e4r tillg\u00e4nglig med p\u00e5fyllningsr\u00f6r i toppen och botten.\" \/>\n<meta property=\"og:url\" content=\"https:\/\/frontsite.se\/en\/product\/byggsack\/\" \/>\n<meta property=\"og:site_name\" content=\"Frontsite\" \/>\n<meta property=\"article:modified_time\" content=\"2024-06-24T07:07:19+00:00\" \/>\n<meta property=\"og:image\" content=\"https:\/\/frontsite.se\/wp-content\/uploads\/2024\/01\/sack1.jpg\" \/>\n\t<meta property=\"og:image:width\" content=\"1050\" \/>\n\t<meta property=\"og:image:height\" content=\"1077\" \/>\n\t<meta property=\"og:image:type\" content=\"image\/jpeg\" \/>\n<meta name=\"twitter:card\" content=\"summary_large_image\" \/>\n<meta name=\"twitter:label1\" content=\"Estimated reading time\" \/>\n\t<meta name=\"twitter:data1\" content=\"1 minute\" \/>\n<script type=\"application\/ld+json\" class=\"yoast-schema-graph\">{\"@context\":\"https:\/\/schema.org\",\"@graph\":[{\"@type\":\"WebPage\",\"@id\":\"https:\/\/frontsite.se\/produkt\/byggsack\/\",\"url\":\"https:\/\/frontsite.se\/produkt\/byggsack\/\",\"name\":\"ByggS\u00e4ck - Frontsite\",\"isPartOf\":{\"@id\":\"https:\/\/frontsite.se\/#website\"},\"primaryImageOfPage\":{\"@id\":\"https:\/\/frontsite.se\/produkt\/byggsack\/#primaryimage\"},\"image\":{\"@id\":\"https:\/\/frontsite.se\/produkt\/byggsack\/#primaryimage\"},\"thumbnailUrl\":\"https:\/\/frontsite.se\/wp-content\/uploads\/2024\/01\/sack1.jpg\",\"datePublished\":\"2024-01-12T19:33:32+00:00\",\"dateModified\":\"2024-06-24T07:07:19+00:00\",\"description\":\"Byggs\u00e4ckar \u00e4r ett starkt och effektivt s\u00e4tt att lagra eller transpor-tera en m\u00e4ngd olika varor som grus, stenmj\u00f6l, kemikalier eller skr\u00e4p.Alla v\u00e5ra byggs\u00e4ckar \u00e4r tillverkade i PP (polypropylen) v\u00e4v och finns i b\u00e5de med belagda och obelagd yta. Alla s\u00e4ckar kan anpassas efter flera f\u00e4rgalternativ samt logotryck.Finns i flera olika storlekar och modeller.Det mest ekonomiska och enkla s\u00e4ttet att paketera torra varor f\u00f6r transport och lagring.Snabb, enkel och s\u00e4ker lastning \/ lossning genom m\u00e5nga olika l\u00f6sningar f\u00f6r alla olika \u00e4ndam\u00e5l.* Endast byggs\u00e4ck medium ( CB165102 ) \u00e4r tillg\u00e4nglig med p\u00e5fyllningsr\u00f6r i toppen och botten.\",\"breadcrumb\":{\"@id\":\"https:\/\/frontsite.se\/produkt\/byggsack\/#breadcrumb\"},\"inLanguage\":\"en-GB\",\"potentialAction\":[{\"@type\":\"ReadAction\",\"target\":[\"https:\/\/frontsite.se\/produkt\/byggsack\/\"]}]},{\"@type\":\"ImageObject\",\"inLanguage\":\"en-GB\",\"@id\":\"https:\/\/frontsite.se\/produkt\/byggsack\/#primaryimage\",\"url\":\"https:\/\/frontsite.se\/wp-content\/uploads\/2024\/01\/sack1.jpg\",\"contentUrl\":\"https:\/\/frontsite.se\/wp-content\/uploads\/2024\/01\/sack1.jpg\",\"width\":1050,\"height\":1077},{\"@type\":\"BreadcrumbList\",\"@id\":\"https:\/\/frontsite.se\/produkt\/byggsack\/#breadcrumb\",\"itemListElement\":[{\"@type\":\"ListItem\",\"position\":1,\"name\":\"Hem\",\"item\":\"https:\/\/frontsite.se\/\"},{\"@type\":\"ListItem\",\"position\":2,\"name\":\"Shop\",\"item\":\"https:\/\/frontsite.lingonbyran.se\/shop\/\"},{\"@type\":\"ListItem\",\"position\":3,\"name\":\"ByggS\u00e4ck\"}]},{\"@type\":\"WebSite\",\"@id\":\"https:\/\/frontsite.se\/#website\",\"url\":\"https:\/\/frontsite.se\/\",\"name\":\"Frontsite\",\"description\":\"Expert P\u00e5 st\u00e4llningsprodukter och profilering\",\"publisher\":{\"@id\":\"https:\/\/frontsite.se\/#organization\"},\"potentialAction\":[{\"@type\":\"SearchAction\",\"target\":{\"@type\":\"EntryPoint\",\"urlTemplate\":\"https:\/\/frontsite.se\/?s={search_term_string}\"},\"query-input\":{\"@type\":\"PropertyValueSpecification\",\"valueRequired\":true,\"valueName\":\"search_term_string\"}}],\"inLanguage\":\"en-GB\"},{\"@type\":\"Organization\",\"@id\":\"https:\/\/frontsite.se\/#organization\",\"name\":\"Frontsite\",\"url\":\"https:\/\/frontsite.se\/\",\"logo\":{\"@type\":\"ImageObject\",\"inLanguage\":\"en-GB\",\"@id\":\"https:\/\/frontsite.se\/#\/schema\/logo\/image\/\",\"url\":\"https:\/\/frontsite.se\/wp-content\/uploads\/2024\/08\/Logo-Ratt-farg.png\",\"contentUrl\":\"https:\/\/frontsite.se\/wp-content\/uploads\/2024\/08\/Logo-Ratt-farg.png\",\"width\":1004,\"height\":1004,\"caption\":\"Frontsite\"},\"image\":{\"@id\":\"https:\/\/frontsite.se\/#\/schema\/logo\/image\/\"}}]}<\/script>\n<!-- \/ Yoast SEO plugin. -->","yoast_head_json":{"title":"ByggS\u00e4ck - Frontsite","description":"Byggs\u00e4ckar \u00e4r ett starkt och effektivt s\u00e4tt att lagra eller transpor-tera en m\u00e4ngd olika varor som grus, stenmj\u00f6l, kemikalier eller skr\u00e4p.Alla v\u00e5ra byggs\u00e4ckar \u00e4r tillverkade i PP (polypropylen) v\u00e4v och finns i b\u00e5de med belagda och obelagd yta. Alla s\u00e4ckar kan anpassas efter flera f\u00e4rgalternativ samt logotryck.Finns i flera olika storlekar och modeller.Det mest ekonomiska och enkla s\u00e4ttet att paketera torra varor f\u00f6r transport och lagring.Snabb, enkel och s\u00e4ker lastning \/ lossning genom m\u00e5nga olika l\u00f6sningar f\u00f6r alla olika \u00e4ndam\u00e5l.* Endast byggs\u00e4ck medium ( CB165102 ) \u00e4r tillg\u00e4nglig med p\u00e5fyllningsr\u00f6r i toppen och botten.","robots":{"index":"index","follow":"follow","max-snippet":"max-snippet:-1","max-image-preview":"max-image-preview:large","max-video-preview":"max-video-preview:-1"},"canonical":"https:\/\/frontsite.se\/en\/product\/byggsack\/","og_locale":"en_GB","og_type":"article","og_title":"ByggS\u00e4ck - Frontsite","og_description":"Byggs\u00e4ckar \u00e4r ett starkt och effektivt s\u00e4tt att lagra eller transpor-tera en m\u00e4ngd olika varor som grus, stenmj\u00f6l, kemikalier eller skr\u00e4p.Alla v\u00e5ra byggs\u00e4ckar \u00e4r tillverkade i PP (polypropylen) v\u00e4v och finns i b\u00e5de med belagda och obelagd yta. Alla s\u00e4ckar kan anpassas efter flera f\u00e4rgalternativ samt logotryck.Finns i flera olika storlekar och modeller.Det mest ekonomiska och enkla s\u00e4ttet att paketera torra varor f\u00f6r transport och lagring.Snabb, enkel och s\u00e4ker lastning \/ lossning genom m\u00e5nga olika l\u00f6sningar f\u00f6r alla olika \u00e4ndam\u00e5l.* Endast byggs\u00e4ck medium ( CB165102 ) \u00e4r tillg\u00e4nglig med p\u00e5fyllningsr\u00f6r i toppen och botten.","og_url":"https:\/\/frontsite.se\/en\/product\/byggsack\/","og_site_name":"Frontsite","article_modified_time":"2024-06-24T07:07:19+00:00","og_image":[{"width":1050,"height":1077,"url":"https:\/\/frontsite.se\/wp-content\/uploads\/2024\/01\/sack1.jpg","type":"image\/jpeg"}],"twitter_card":"summary_large_image","twitter_misc":{"Estimated reading time":"1 minute"},"schema":{"@context":"https:\/\/schema.org","@graph":[{"@type":"WebPage","@id":"https:\/\/frontsite.se\/produkt\/byggsack\/","url":"https:\/\/frontsite.se\/produkt\/byggsack\/","name":"ByggS\u00e4ck - Frontsite","isPartOf":{"@id":"https:\/\/frontsite.se\/#website"},"primaryImageOfPage":{"@id":"https:\/\/frontsite.se\/produkt\/byggsack\/#primaryimage"},"image":{"@id":"https:\/\/frontsite.se\/produkt\/byggsack\/#primaryimage"},"thumbnailUrl":"https:\/\/frontsite.se\/wp-content\/uploads\/2024\/01\/sack1.jpg","datePublished":"2024-01-12T19:33:32+00:00","dateModified":"2024-06-24T07:07:19+00:00","description":"Byggs\u00e4ckar \u00e4r ett starkt och effektivt s\u00e4tt att lagra eller transpor-tera en m\u00e4ngd olika varor som grus, stenmj\u00f6l, kemikalier eller skr\u00e4p.Alla v\u00e5ra byggs\u00e4ckar \u00e4r tillverkade i PP (polypropylen) v\u00e4v och finns i b\u00e5de med belagda och obelagd yta. Alla s\u00e4ckar kan anpassas efter flera f\u00e4rgalternativ samt logotryck.Finns i flera olika storlekar och modeller.Det mest ekonomiska och enkla s\u00e4ttet att paketera torra varor f\u00f6r transport och lagring.Snabb, enkel och s\u00e4ker lastning \/ lossning genom m\u00e5nga olika l\u00f6sningar f\u00f6r alla olika \u00e4ndam\u00e5l.* Endast byggs\u00e4ck medium ( CB165102 ) \u00e4r tillg\u00e4nglig med p\u00e5fyllningsr\u00f6r i toppen och botten.","breadcrumb":{"@id":"https:\/\/frontsite.se\/produkt\/byggsack\/#breadcrumb"},"inLanguage":"en-GB","potentialAction":[{"@type":"ReadAction","target":["https:\/\/frontsite.se\/produkt\/byggsack\/"]}]},{"@type":"ImageObject","inLanguage":"en-GB","@id":"https:\/\/frontsite.se\/produkt\/byggsack\/#primaryimage","url":"https:\/\/frontsite.se\/wp-content\/uploads\/2024\/01\/sack1.jpg","contentUrl":"https:\/\/frontsite.se\/wp-content\/uploads\/2024\/01\/sack1.jpg","width":1050,"height":1077},{"@type":"BreadcrumbList","@id":"https:\/\/frontsite.se\/produkt\/byggsack\/#breadcrumb","itemListElement":[{"@type":"ListItem","position":1,"name":"Hem","item":"https:\/\/frontsite.se\/"},{"@type":"ListItem","position":2,"name":"Shop","item":"https:\/\/frontsite.lingonbyran.se\/shop\/"},{"@type":"ListItem","position":3,"name":"ByggS\u00e4ck"}]},{"@type":"WebSite","@id":"https:\/\/frontsite.se\/#website","url":"https:\/\/frontsite.se\/","name":"Frontsite","description":"Expert P\u00e5 st\u00e4llningsprodukter och profilering","publisher":{"@id":"https:\/\/frontsite.se\/#organization"},"potentialAction":[{"@type":"SearchAction","target":{"@type":"EntryPoint","urlTemplate":"https:\/\/frontsite.se\/?s={search_term_string}"},"query-input":{"@type":"PropertyValueSpecification","valueRequired":true,"valueName":"search_term_string"}}],"inLanguage":"en-GB"},{"@type":"Organization","@id":"https:\/\/frontsite.se\/#organization","name":"Frontsite","url":"https:\/\/frontsite.se\/","logo":{"@type":"ImageObject","inLanguage":"en-GB","@id":"https:\/\/frontsite.se\/#\/schema\/logo\/image\/","url":"https:\/\/frontsite.se\/wp-content\/uploads\/2024\/08\/Logo-Ratt-farg.png","contentUrl":"https:\/\/frontsite.se\/wp-content\/uploads\/2024\/08\/Logo-Ratt-farg.png","width":1004,"height":1004,"caption":"Frontsite"},"image":{"@id":"https:\/\/frontsite.se\/#\/schema\/logo\/image\/"}}]}},"jetpack_sharing_enabled":true,"_links":{"self":[{"href":"https:\/\/frontsite.se\/en\/wp-json\/wp\/v2\/product\/15595","targetHints":{"allow":["GET"]}}],"collection":[{"href":"https:\/\/frontsite.se\/en\/wp-json\/wp\/v2\/product"}],"about":[{"href":"https:\/\/frontsite.se\/en\/wp-json\/wp\/v2\/types\/product"}],"replies":[{"embeddable":true,"href":"https:\/\/frontsite.se\/en\/wp-json\/wp\/v2\/comments?post=15595"}],"version-history":[{"count":1,"href":"https:\/\/frontsite.se\/en\/wp-json\/wp\/v2\/product\/15595\/revisions"}],"predecessor-version":[{"id":15643,"href":"https:\/\/frontsite.se\/en\/wp-json\/wp\/v2\/product\/15595\/revisions\/15643"}],"wp:featuredmedia":[{"embeddable":true,"href":"https:\/\/frontsite.se\/en\/wp-json\/wp\/v2\/media\/15633"}],"wp:attachment":[{"href":"https:\/\/frontsite.se\/en\/wp-json\/wp\/v2\/media?parent=15595"}],"wp:term":[{"taxonomy":"product_cat","embeddable":true,"href":"https:\/\/frontsite.se\/en\/wp-json\/wp\/v2\/product_cat?post=15595"},{"taxonomy":"product_tag","embeddable":true,"href":"https:\/\/frontsite.se\/en\/wp-json\/wp\/v2\/product_tag?post=15595"}],"curies":[{"name":"wp","href":"https:\/\/api.w.org\/{rel}","templated":true}]}}