{"id":3,"date":"2023-07-17T11:37:34","date_gmt":"2023-07-17T11:37:34","guid":{"rendered":"https:\/\/frontsite.se\/?page_id=3"},"modified":"2024-05-22T20:56:37","modified_gmt":"2024-05-22T20:56:37","slug":"privacy-policy","status":"publish","type":"page","link":"https:\/\/frontsite.se\/en\/privacy-policy\/","title":{"rendered":"Privacy policy"},"content":{"rendered":"<div data-elementor-type=\"wp-page\" data-elementor-id=\"3\" class=\"elementor elementor-3\">\n\t\t\t\t<div class=\"wd-negative-gap elementor-element elementor-element-400f3cf6 e-flex e-con-boxed e-con e-parent\" data-id=\"400f3cf6\" data-element_type=\"container\" data-e-type=\"container\">\n\t\t\t\t\t<div class=\"e-con-inner\">\n\t\t\t\t<div class=\"elementor-element elementor-element-43a12a1d color-scheme-inherit text-left elementor-widget elementor-widget-text-editor\" data-id=\"43a12a1d\" data-element_type=\"widget\" data-e-type=\"widget\" data-widget_type=\"text-editor.default\">\n\t\t\t\t<div class=\"elementor-widget-container\"><h1 class=\"wp-block-heading\">Privacy policy<\/h1>\n<p>Frontsite AB \u00e4r personuppgiftsansvarig f\u00f6r behandlingen av personuppgifter som beskrivs i denna integritetspolicy. I denna integritetspolicy f\u00f6rklarar vi vilken typ av personuppgifter vi lagrar och hur vi behandlar dem.\u00a0<\/p>\n<h2>Personuppgifter som vi samlar in och behandlar<\/h2>\n<p>Vi behandlar f\u00f6ljande kategorier av personuppgifter:<\/p>\n<ul>\n<li><strong>Grundl\u00e4ggande information:<\/strong>\u00a0namn, f\u00f6delsedatum<\/li>\n<li><strong>Kontaktinformation:<\/strong>\u00a0adress, telefonnummer, e-postadress<\/li>\n<li><strong>Konto- och profilinformation:<\/strong>\u00a0inst\u00e4llningar, preferenser<\/li>\n<li><strong>Betalningsinformation:<\/strong>\u00a0Transaktionsinformation, betalningsmedel<\/li>\n<li><strong>Kundhistorik och kundengagemang:<\/strong>\u00a0best\u00e4llnings- och leveransinformation, kundvagnsr\u00f6relser, rabattkoder, lojalitetsprograminformation,<\/li>\n<li><strong>Aktiva produkter och avtal samt produkter och tj\u00e4nster som du tidigare har haft<\/strong>, hur mycket och hur ofta de anv\u00e4nds, status f\u00f6r produkter\/tj\u00e4nster,<\/li>\n<li><strong>Kundaktivitet:<\/strong>\u00a0l\u00e4s- och handlingshistorik fr\u00e5n appen, webbplatser eller elektronisk kommunikation vi skickar ut. Samt teknisk information om enheterna du anv\u00e4nder.<\/li>\n<li><strong>Cookies:<\/strong>\u00a0se v\u00e5r information om cookies h\u00e4r: &lt;URL till cookie-policy&gt;<\/li>\n<\/ul>\n<p>Personuppgifterna samlas vanligtvis in direkt fr\u00e5n dig eller genereras i samband med att du anv\u00e4nder v\u00e5ra tj\u00e4nster och produkter. N\u00e4r vi h\u00e4mtar personuppgifter fr\u00e5n andra k\u00e4llor, h\u00e4mtar vi personuppgifter fr\u00e5n f\u00f6ljande k\u00e4llor:<\/p>\n<h2>Hur vi anv\u00e4nder personuppgifter<\/h2>\n<h3>Leverans av tj\u00e4nst\/avtal<\/h3>\n<p>Vi anv\u00e4nder dina personuppgifter f\u00f6r att uppfylla v\u00e5ra avtal med dig, det vill s\u00e4ga n\u00e4r du har best\u00e4llt en produkt eller tj\u00e4nst fr\u00e5n oss. Det r\u00e4ttsliga grunden f\u00f6r att behandla personuppgifter f\u00f6r detta \u00e4ndam\u00e5l \u00e4r att behandlingen \u00e4r n\u00f6dv\u00e4ndig f\u00f6r att uppfylla ett avtal med dig.<\/p>\n<h3>Hantering av kundrelationer<\/h3>\n<p>Vi anv\u00e4nder dina personuppgifter f\u00f6r att hantera v\u00e5r kundrelation med dig. Det kan till exempel handla om kundtj\u00e4nst, hantering av klagom\u00e5l och fels\u00f6kning g\u00e4llande ditt konto. Den r\u00e4ttsliga grunden f\u00f6r att behandla personuppgifter f\u00f6r detta \u00e4ndam\u00e5l \u00e4r att behandlingen \u00e4r n\u00f6dv\u00e4ndig f\u00f6r att uppfylla ett avtal med dig.<\/p>\n<h3>Analys, aff\u00e4rsutveckling och f\u00f6rb\u00e4ttring av tj\u00e4nster<\/h3>\n<p>Vi arbetar kontinuerligt med att utveckla och f\u00f6rb\u00e4ttra v\u00e5ra tj\u00e4nster och produkter. En stor del av detta arbete inneb\u00e4r att analysera olika former av personuppgifter, till exempel kundaktivitet, kundhistorik och konto- och profilinformation. Den r\u00e4ttsliga grunden f\u00f6r att behandla personuppgifter f\u00f6r detta \u00e4ndam\u00e5l \u00e4r v\u00e5rt ber\u00e4ttigade intresse.<\/p>\n<h3>Anpassad anv\u00e4ndarupplevelse<\/h3>\n<p>Vi anpassar anv\u00e4ndarupplevelsen och kommunikationen till din kundrelation och vi anv\u00e4nder personuppgifter f\u00f6r detta \u00e4ndam\u00e5l. Den r\u00e4ttsliga grunden f\u00f6r att behandla personuppgifter f\u00f6r detta \u00e4ndam\u00e5l \u00e4r v\u00e5rt ber\u00e4ttigade intresse.<\/p>\n<h3>F\u00f6rs\u00e4ljning och marknadsf\u00f6ring<\/h3>\n<p>Vi anv\u00e4nder personuppgifter i samband med f\u00f6rs\u00e4ljning och marknadsf\u00f6ring av v\u00e5ra produkter och tj\u00e4nster, till exempel genom att du f\u00e5r e-post fr\u00e5n oss. Den r\u00e4ttsliga grunden f\u00f6r att behandla personuppgifter f\u00f6r detta \u00e4ndam\u00e5l \u00e4r v\u00e5rt ber\u00e4ttigade intresse. Du har m\u00f6jlighet att reservera dig fr\u00e5n delar av denna behandling genom att till exempel reservera dig fr\u00e5n att f\u00e5 e-post fr\u00e5n oss. Ut\u00f6ver detta kan vi ocks\u00e5 be dig om samtycke att anv\u00e4nda dina personuppgifter f\u00f6r s\u00e5 kallad profilering, d\u00e4r vi drar slutsatser om dina intressen och behov utifr\u00e5n dina personuppgifter. Syftet med profileringen \u00e4r att v\u00e5r marknadsf\u00f6ring ska bli mer relevant.<\/p>\n<h3>System\u00f6vervakning, fels\u00f6kning m.m.<\/h3>\n<p>Vi \u00f6vervakar v\u00e5ra system f\u00f6r fel och problem. En del av dessa processer inneb\u00e4r lagring och behandling av personuppgifter. Den r\u00e4ttsliga grunden f\u00f6r att behandla personuppgifter f\u00f6r detta \u00e4ndam\u00e5l \u00e4r v\u00e5rt ber\u00e4ttigade intresse.<\/p>\n<h3>S\u00e4kerhet, avsl\u00f6jande av bedr\u00e4geri och kriminell verksamhet<\/h3>\n<p>Vi behandlar personuppgifter i v\u00e5rt arbete med att skydda v\u00e5ra anv\u00e4ndare och oss sj\u00e4lva mot bedr\u00e4geri, missbruk och kriminell verksamhet. Den r\u00e4ttsliga grunden<\/p>\n<h3>F\u00f6lja r\u00e4ttsliga \u00e5taganden<\/h3>\n<p>I vissa fall \u00e4r vi skyldiga att behandla personuppgifter av h\u00e4nsyn till andra r\u00e4ttsliga \u00e5taganden. Ett exempel p\u00e5 detta \u00e4r information som \u00e4r kopplad till f\u00f6rs\u00e4ljning, som vi \u00e4r skyldiga att bokf\u00f6ra och spara enligt bokf\u00f6ringslagen. Det r\u00e4ttsliga grunden f\u00f6r att behandla personuppgifter f\u00f6r detta \u00e4ndam\u00e5l \u00e4r att behandlingen \u00e4r n\u00f6dv\u00e4ndig f\u00f6r att uppfylla ett r\u00e4ttsligt \u00e5tagande som \u00e5ligger oss.<\/p>\n<h2>Dina r\u00e4ttigheter<\/h2>\n<p>Om du vill ut\u00f6va n\u00e5gon av dina r\u00e4ttigheter, kontakta oss p\u00e5 &lt;DPO e-postadress&gt;<\/p>\n<h3>R\u00e4tt till insyn i egna uppgifter<\/h3>\n<p>Du kan beg\u00e4ra en kopia av alla uppgifter vi behandlar om dig. Kontakta e-postadressen ovan f\u00f6r att utnyttja din insynsr\u00e4tt.<\/p>\n<h3>R\u00e4tt till r\u00e4ttelse av personuppgifter<\/h3>\n<p>Du har r\u00e4tt att beg\u00e4ra att vi r\u00e4ttar eller kompletterar uppgifter som \u00e4r felaktiga eller vilseledande.<\/p>\n<h3>R\u00e4tt till radering av personuppgifter<\/h3>\n<p>Du har r\u00e4tt att f\u00e5 dina personuppgifter raderade utan dr\u00f6jsm\u00e5l. Du kan n\u00e4r som helst beg\u00e4ra att vi raderar uppgifter om dig sj\u00e4lv. Men notera att information som vi \u00e4r skyldiga att beh\u00e5lla av h\u00e4nsyn till andra r\u00e4ttsliga \u00e5taganden (som till exempel bokf\u00f6ringslagen) inte kommer att raderas.<\/p>\n<h3>Begr\u00e4nsning av behandling av personuppgifter<\/h3>\n<p>I vissa situationer kan du ocks\u00e5 beg\u00e4ra att vi begr\u00e4nsar behandlingen av uppgifter om dig. Du g\u00f6r detta genom att administrera samtycken eller reservationer i v\u00e5ra l\u00f6sningar.<\/p>\n<h3>Protestera mot behandling av personuppgifter<\/h3>\n<p>Om vi behandlar uppgifter om dig med grund i v\u00e5ra uppgifter eller p\u00e5 grundval av en intresseavv\u00e4gning har du r\u00e4tt att protestera mot v\u00e5r behandling av uppgifter om dig. Du g\u00f6r detta genom att administrera samtycken eller reservationer i v\u00e5ra l\u00f6sningar.<\/p>\n<h3>Dataportabilitet<\/h3>\n<p>Du har r\u00e4tt att f\u00e5 ut dina personuppgifter i ett strukturerat, allm\u00e4nt anv\u00e4nt och maskinl\u00e4sbart format. Kontakta e-postadressen ovan f\u00f6r att f\u00e5 ut dina personuppgifter.<\/p>\n<h3>Du kan klaga p\u00e5 v\u00e5r behandling av personuppgifter<\/h3>\n<p>Vi hoppas att du informerar oss om du anser att vi inte f\u00f6ljer reglerna i personuppgiftslagen. S\u00e4g g\u00e4rna till f\u00f6rst genom den kontakten eller kanalen du redan har etablerat med oss. Du kan ocks\u00e5 klaga p\u00e5 v\u00e5r behandling av personuppgifter. Du g\u00f6r detta till Datatilsynet.<\/p><\/div>\n\t\t\t\t<\/div>\n\t\t\t\t\t<\/div>\n\t\t\t\t<\/div>\t\t<\/div>","protected":false},"excerpt":{"rendered":"<p>Integritetspolicy Frontsite AB \u00e4r personuppgiftsansvarig f\u00f6r behandlingen av personuppgifter som beskrivs i denna integritetspolicy. I denna integritetspolicy f\u00f6rklarar vi vilken<\/p>","protected":false},"author":1,"featured_media":0,"parent":0,"menu_order":0,"comment_status":"closed","ping_status":"open","template":"elementor_header_footer","meta":{"footnotes":""},"class_list":["post-3","page","type-page","status-publish","hentry"],"yoast_head":"<!-- This site is optimized with the Yoast SEO plugin v24.1 - https:\/\/yoast.com\/wordpress\/plugins\/seo\/ -->\n<title>Integritetspolicy - Frontsite<\/title>\n<meta name=\"robots\" content=\"index, follow, max-snippet:-1, max-image-preview:large, max-video-preview:-1\" \/>\n<link rel=\"canonical\" href=\"https:\/\/frontsite.se\/en\/privacy-policy\/\" \/>\n<meta property=\"og:locale\" content=\"en_GB\" \/>\n<meta property=\"og:type\" content=\"article\" \/>\n<meta property=\"og:title\" content=\"Integritetspolicy - Frontsite\" \/>\n<meta property=\"og:description\" content=\"Integritetspolicy Frontsite AB \u00e4r personuppgiftsansvarig f\u00f6r behandlingen av personuppgifter som beskrivs i denna integritetspolicy. I denna integritetspolicy f\u00f6rklarar vi vilken\" \/>\n<meta property=\"og:url\" content=\"https:\/\/frontsite.se\/en\/privacy-policy\/\" \/>\n<meta property=\"og:site_name\" content=\"Frontsite\" \/>\n<meta property=\"article:modified_time\" content=\"2024-05-22T20:56:37+00:00\" \/>\n<meta name=\"twitter:card\" content=\"summary_large_image\" \/>\n<meta name=\"twitter:label1\" content=\"Estimated reading time\" \/>\n\t<meta name=\"twitter:data1\" content=\"5 minutes\" \/>\n<script type=\"application\/ld+json\" class=\"yoast-schema-graph\">{\"@context\":\"https:\/\/schema.org\",\"@graph\":[{\"@type\":\"WebPage\",\"@id\":\"https:\/\/frontsite.se\/privacy-policy\/\",\"url\":\"https:\/\/frontsite.se\/privacy-policy\/\",\"name\":\"Integritetspolicy - Frontsite\",\"isPartOf\":{\"@id\":\"https:\/\/frontsite.se\/#website\"},\"datePublished\":\"2023-07-17T11:37:34+00:00\",\"dateModified\":\"2024-05-22T20:56:37+00:00\",\"breadcrumb\":{\"@id\":\"https:\/\/frontsite.se\/privacy-policy\/#breadcrumb\"},\"inLanguage\":\"en-GB\",\"potentialAction\":[{\"@type\":\"ReadAction\",\"target\":[\"https:\/\/frontsite.se\/privacy-policy\/\"]}]},{\"@type\":\"BreadcrumbList\",\"@id\":\"https:\/\/frontsite.se\/privacy-policy\/#breadcrumb\",\"itemListElement\":[{\"@type\":\"ListItem\",\"position\":1,\"name\":\"Hem\",\"item\":\"https:\/\/frontsite.se\/\"},{\"@type\":\"ListItem\",\"position\":2,\"name\":\"Integritetspolicy\"}]},{\"@type\":\"WebSite\",\"@id\":\"https:\/\/frontsite.se\/#website\",\"url\":\"https:\/\/frontsite.se\/\",\"name\":\"Frontsite\",\"description\":\"Expert P\u00e5 st\u00e4llningsprodukter och profilering\",\"publisher\":{\"@id\":\"https:\/\/frontsite.se\/#organization\"},\"potentialAction\":[{\"@type\":\"SearchAction\",\"target\":{\"@type\":\"EntryPoint\",\"urlTemplate\":\"https:\/\/frontsite.se\/?s={search_term_string}\"},\"query-input\":{\"@type\":\"PropertyValueSpecification\",\"valueRequired\":true,\"valueName\":\"search_term_string\"}}],\"inLanguage\":\"en-GB\"},{\"@type\":\"Organization\",\"@id\":\"https:\/\/frontsite.se\/#organization\",\"name\":\"Frontsite\",\"url\":\"https:\/\/frontsite.se\/\",\"logo\":{\"@type\":\"ImageObject\",\"inLanguage\":\"en-GB\",\"@id\":\"https:\/\/frontsite.se\/#\/schema\/logo\/image\/\",\"url\":\"https:\/\/frontsite.se\/wp-content\/uploads\/2024\/08\/Logo-Ratt-farg.png\",\"contentUrl\":\"https:\/\/frontsite.se\/wp-content\/uploads\/2024\/08\/Logo-Ratt-farg.png\",\"width\":1004,\"height\":1004,\"caption\":\"Frontsite\"},\"image\":{\"@id\":\"https:\/\/frontsite.se\/#\/schema\/logo\/image\/\"}}]}<\/script>\n<!-- \/ Yoast SEO plugin. -->","yoast_head_json":{"title":"Integritetspolicy - Frontsite","robots":{"index":"index","follow":"follow","max-snippet":"max-snippet:-1","max-image-preview":"max-image-preview:large","max-video-preview":"max-video-preview:-1"},"canonical":"https:\/\/frontsite.se\/en\/privacy-policy\/","og_locale":"en_GB","og_type":"article","og_title":"Integritetspolicy - Frontsite","og_description":"Integritetspolicy Frontsite AB \u00e4r personuppgiftsansvarig f\u00f6r behandlingen av personuppgifter som beskrivs i denna integritetspolicy. I denna integritetspolicy f\u00f6rklarar vi vilken","og_url":"https:\/\/frontsite.se\/en\/privacy-policy\/","og_site_name":"Frontsite","article_modified_time":"2024-05-22T20:56:37+00:00","twitter_card":"summary_large_image","twitter_misc":{"Estimated reading time":"5 minutes"},"schema":{"@context":"https:\/\/schema.org","@graph":[{"@type":"WebPage","@id":"https:\/\/frontsite.se\/privacy-policy\/","url":"https:\/\/frontsite.se\/privacy-policy\/","name":"Integritetspolicy - Frontsite","isPartOf":{"@id":"https:\/\/frontsite.se\/#website"},"datePublished":"2023-07-17T11:37:34+00:00","dateModified":"2024-05-22T20:56:37+00:00","breadcrumb":{"@id":"https:\/\/frontsite.se\/privacy-policy\/#breadcrumb"},"inLanguage":"en-GB","potentialAction":[{"@type":"ReadAction","target":["https:\/\/frontsite.se\/privacy-policy\/"]}]},{"@type":"BreadcrumbList","@id":"https:\/\/frontsite.se\/privacy-policy\/#breadcrumb","itemListElement":[{"@type":"ListItem","position":1,"name":"Hem","item":"https:\/\/frontsite.se\/"},{"@type":"ListItem","position":2,"name":"Integritetspolicy"}]},{"@type":"WebSite","@id":"https:\/\/frontsite.se\/#website","url":"https:\/\/frontsite.se\/","name":"Frontsite","description":"Expert P\u00e5 st\u00e4llningsprodukter och profilering","publisher":{"@id":"https:\/\/frontsite.se\/#organization"},"potentialAction":[{"@type":"SearchAction","target":{"@type":"EntryPoint","urlTemplate":"https:\/\/frontsite.se\/?s={search_term_string}"},"query-input":{"@type":"PropertyValueSpecification","valueRequired":true,"valueName":"search_term_string"}}],"inLanguage":"en-GB"},{"@type":"Organization","@id":"https:\/\/frontsite.se\/#organization","name":"Frontsite","url":"https:\/\/frontsite.se\/","logo":{"@type":"ImageObject","inLanguage":"en-GB","@id":"https:\/\/frontsite.se\/#\/schema\/logo\/image\/","url":"https:\/\/frontsite.se\/wp-content\/uploads\/2024\/08\/Logo-Ratt-farg.png","contentUrl":"https:\/\/frontsite.se\/wp-content\/uploads\/2024\/08\/Logo-Ratt-farg.png","width":1004,"height":1004,"caption":"Frontsite"},"image":{"@id":"https:\/\/frontsite.se\/#\/schema\/logo\/image\/"}}]}},"jetpack_sharing_enabled":true,"_links":{"self":[{"href":"https:\/\/frontsite.se\/en\/wp-json\/wp\/v2\/pages\/3","targetHints":{"allow":["GET"]}}],"collection":[{"href":"https:\/\/frontsite.se\/en\/wp-json\/wp\/v2\/pages"}],"about":[{"href":"https:\/\/frontsite.se\/en\/wp-json\/wp\/v2\/types\/page"}],"author":[{"embeddable":true,"href":"https:\/\/frontsite.se\/en\/wp-json\/wp\/v2\/users\/1"}],"replies":[{"embeddable":true,"href":"https:\/\/frontsite.se\/en\/wp-json\/wp\/v2\/comments?post=3"}],"version-history":[{"count":10,"href":"https:\/\/frontsite.se\/en\/wp-json\/wp\/v2\/pages\/3\/revisions"}],"predecessor-version":[{"id":16843,"href":"https:\/\/frontsite.se\/en\/wp-json\/wp\/v2\/pages\/3\/revisions\/16843"}],"wp:attachment":[{"href":"https:\/\/frontsite.se\/en\/wp-json\/wp\/v2\/media?parent=3"}],"curies":[{"name":"wp","href":"https:\/\/api.w.org\/{rel}","templated":true}]}}