{"id":17843,"date":"2025-11-12T08:22:18","date_gmt":"2025-11-12T08:22:18","guid":{"rendered":"https:\/\/frontsite.se\/?page_id=17843"},"modified":"2025-11-12T08:22:21","modified_gmt":"2025-11-12T08:22:21","slug":"serge-ferrari","status":"publish","type":"page","link":"https:\/\/frontsite.se\/en\/serge-ferrari\/","title":{"rendered":"Serge Ferrari"},"content":{"rendered":"<h1 class=\"wp-block-heading\">Serge Ferrari<\/h1><p>Sedan 1973 har Serge Ferrari utvecklat innovativa kompositmaterial som erbjuder h\u00f6gt merv\u00e4rde f\u00f6r kunder v\u00e4rlden \u00f6ver. F\u00f6retaget har etablerat sig som ledande inom produktion av effektiva och h\u00f6gkvalitativa flexibla kompositmaterial. Hos Frontsite hittar du deras banbrytande l\u00f6sningar f\u00f6r v\u00e4derskydd, kederduk, presenning och mycket mera.<\/p><h2 class=\"wp-block-heading\"><strong>Frontsite \u00e4r \u00e5terf\u00f6rs\u00e4ljare (\u00c5F) f\u00f6r Serge Ferrari i Sverige<\/strong><\/h2><p>Vi \u00e4r stolta \u00f6ver att erbjuda Serge Ferraris produktsortiment p\u00e5 den svenska marknaden. Frontsite hj\u00e4lper dig att hitta r\u00e4tt materiall\u00f6sning f\u00f6r ditt projekt och s\u00e4kerst\u00e4ller att du f\u00e5r tillg\u00e5ng till den senaste teknologin inom flexibla kompositmaterial.Genom v\u00e5rt samarbete kan vi leverera l\u00f6sningar helt utifr\u00e5n era behov samt erbjuda snabb leveranstid direkt fr\u00e5n fabrik. <a href=\"https:\/\/frontsite.se\/en\/kontakt\/\">Kontakta oss f\u00f6r mer information<\/a>.<\/p><figure class=\"wp-block-image size-full\"><img fetchpriority=\"high\" decoding=\"async\" width=\"350\" height=\"263\" src=\"https:\/\/frontsite.se\/wp-content\/uploads\/2025\/11\/sergeferrari-group-logo2.jpg\" alt=\"\" class=\"wp-image-17844\" srcset=\"https:\/\/frontsite.se\/wp-content\/uploads\/2025\/11\/sergeferrari-group-logo2.jpg 350w, https:\/\/frontsite.se\/wp-content\/uploads\/2025\/11\/sergeferrari-group-logo2-150x113.jpg 150w\" sizes=\"(max-width: 350px) 100vw, 350px\" \/><\/figure><h2 class=\"wp-block-heading\"><strong><strong>Serge Ferraris teknologier<\/strong><\/strong><\/h2><p>Serge Ferrari beh\u00e4rskar alla teknologier som kr\u00e4vs f\u00f6r att producera flexibla kompositmaterial av h\u00f6gsta kvalitet. Deras omfattande utvecklingsarbete har resulterat i flera patenterade teknologier som s\u00e4tter nya standarder inom branschen. bland annat:<\/p><h3 class=\"wp-block-heading\"><strong><strong>Pr\u00e9contraint-teknologi<\/strong><\/strong><\/h3><p>Pr\u00e9contraint-teknologin \u00e4r Serge Ferraris patenterade k\u00e4rnteknologi som m\u00f6jligg\u00f6r produktion av flexibla kompositmaterial med exceptionella dimensionella egenskaper. Teknologin inneb\u00e4r att bel\u00e4ggningen appliceras under biaxial sp\u00e4nning genom hela tillverkningscykeln. Den flexibla ramen tillverkad av h\u00f6gf\u00f6rst\u00e4rkta PET-mikrokablar bel\u00e4ggs med flera lager polymerer f\u00f6ljt av en smuttsavvisande ytbehandling.&nbsp;<\/p><p>Resultatet \u00e4r material med unika egenskaper n\u00e4r det g\u00e4ller motst\u00e5ndskraft, dimensionell stabilitet och l\u00e5g vikt som eliminerar deformation och erbjuder l\u00e4ngre livsl\u00e4ngd.<\/p><h2 class=\"wp-block-heading\"><strong><strong>F\u00f6rdelar med Serge Ferraris material<\/strong><\/strong><\/h2><h3 class=\"wp-block-heading\"><strong>H\u00e5llbarhet och kvalitet<\/strong><\/h3><p>Serge Ferraris material \u00e4r konstruerade f\u00f6r att klara l\u00e5ngvarig anv\u00e4ndning under kr\u00e4vande f\u00f6rh\u00e5llanden. De patenterade teknologierna s\u00e4kerst\u00e4ller att produkterna bibeh\u00e5ller sin h\u00f6ga kvalitet oavsett v\u00e4derlek och belastning.<\/p><h3 class=\"wp-block-heading\"><strong>Milj\u00f6m\u00e4ssig h\u00e5llbarhet<\/strong><\/h3><p>F\u00f6retaget driver ett aktivt arbete med att minska anv\u00e4ndningen av naturresurser. Serge Ferrari utvecklade redan 1998 Texyloop, en unik process f\u00f6r att \u00e5tervinna sina material och producera andra generationens r\u00e5material f\u00f6r olika applikationer.<\/p><h3 class=\"wp-block-heading\"><strong>Full kontroll &#8211; h\u00f6gsta kvalitet<\/strong><\/h3><p>Med fullst\u00e4ndig kontroll \u00f6ver produktionsprocessen fr\u00e5n produktion till f\u00e4rdig produkt garanterar Serge Ferrari h\u00f6gsta kvalitet i varje led. Deras FoU-avdelning arbetar kontinuerligt med innovation inom omr\u00e5den som icke-br\u00e4nnbarhet, \u00e5tervunna material, PVC-alternativ och naturliga fibrer.<\/p><h2 class=\"wp-block-heading\"><strong>Serge Ferraris historia<\/strong><\/h2><p>Serge Ferrari grundades 1973 och b\u00f6rjade sin verksamhet med kompositmaterial f\u00f6r industriella applikationer. Redan \u00e5ret efter utvecklade f\u00f6retaget sin banbrytande Pr\u00e9contraint-teknologi som idag \u00e4r patentskyddad v\u00e4rlden \u00f6ver.<\/p><p>\u00c5r 1997 f\u00f6rv\u00e4rvades Batyline-teknologin f\u00f6r expansion inom utomhusm\u00f6bler och inredning. D\u00e4refter f\u00f6ljde f\u00f6rv\u00e4rv av Stamoid \u00e5r 2001 f\u00f6r utvidgning inom b\u00e5tindustri och visuell kommunikation, samt Tersuisse \u00e5r 2005 f\u00f6r en helt integrerad produktionsprocess.<\/p><p>\u00c5r 2014 b\u00f6rsnoterades Serge Ferrari p\u00e5 Euronext Paris. F\u00f6retaget har fortsatt sin tillv\u00e4xt med f\u00f6rv\u00e4rv av Giofex Group \u00e5r 2016, Plastitex \u00e5r 2017, och b\u00e5de FIT och Verseidag-Indutex \u00e5r 2020. Idag syssels\u00e4tter Serge Ferrari Group mer \u00e4n 1000 personer och \u00e4r en global ledare inom flexibla kompositmaterial.<\/p><h2 class=\"wp-block-heading\"><strong><strong>Varf\u00f6r v\u00e4lja Serge Ferrari?<\/strong><\/strong><\/h2><p>Med \u00f6ver 50 \u00e5rs innovation och utveckling har Serge Ferrari etablerat sig som den mest p\u00e5litliga partnern f\u00f6r flexibla kompositmaterial. F\u00f6retagets kontinuerliga arbete med att f\u00f6rb\u00e4ttra och vidareutveckla sina produkter s\u00e4kerst\u00e4ller att du alltid f\u00e5r tillg\u00e5ng till den senaste teknologin inom omr\u00e5det.<\/p><p>Genom att v\u00e4lja Serge Ferraris material investerar du i kvalitet, h\u00e5llbarhet och l\u00e5ngsiktig tillf\u00f6rlitlighet f\u00f6r ditt projekt. De patenterade teknologierna och den omfattande erfarenheten ger dig material som kombinerar funktion, s\u00e4kerhet, estetik och milj\u00f6m\u00e4ssig h\u00e5llbarhet.<\/p><h2 class=\"wp-block-heading\"><strong>Kontakta oss<\/strong><\/h2><p><a href=\"https:\/\/frontsite.se\/en\/kontakt\/\">Kontakta oss<\/a> idag f\u00f6r att diskutera vilken l\u00f6sning fr\u00e5n Serge Ferrari som passar b\u00e4st f\u00f6r dina behov.<\/p><p><\/p><p><\/p>","protected":false},"excerpt":{"rendered":"<p>Serge Ferrari Sedan 1973 har Serge Ferrari utvecklat innovativa kompositmaterial som erbjuder h\u00f6gt merv\u00e4rde f\u00f6r kunder v\u00e4rlden \u00f6ver. F\u00f6retaget har<\/p>","protected":false},"author":36,"featured_media":0,"parent":0,"menu_order":0,"comment_status":"closed","ping_status":"closed","template":"","meta":{"footnotes":""},"class_list":["post-17843","page","type-page","status-publish","hentry"],"yoast_head":"<!-- This site is optimized with the Yoast SEO plugin v24.1 - https:\/\/yoast.com\/wordpress\/plugins\/seo\/ -->\n<title>Serge Ferrari \u00e5terf\u00f6rs\u00e4ljare i Sverige - Frontsite<\/title>\n<meta name=\"robots\" content=\"index, follow, max-snippet:-1, max-image-preview:large, max-video-preview:-1\" \/>\n<link rel=\"canonical\" href=\"https:\/\/frontsite.se\/en\/serge-ferrari\/\" \/>\n<meta property=\"og:locale\" content=\"en_GB\" \/>\n<meta property=\"og:type\" content=\"article\" \/>\n<meta property=\"og:title\" content=\"Serge Ferrari \u00e5terf\u00f6rs\u00e4ljare i Sverige - Frontsite\" \/>\n<meta property=\"og:description\" content=\"Serge Ferrari Sedan 1973 har Serge Ferrari utvecklat innovativa kompositmaterial som erbjuder h\u00f6gt merv\u00e4rde f\u00f6r kunder v\u00e4rlden \u00f6ver. F\u00f6retaget har\" \/>\n<meta property=\"og:url\" content=\"https:\/\/frontsite.se\/en\/serge-ferrari\/\" \/>\n<meta property=\"og:site_name\" content=\"Frontsite\" \/>\n<meta property=\"article:modified_time\" content=\"2025-11-12T08:22:21+00:00\" \/>\n<meta property=\"og:image\" content=\"https:\/\/frontsite.se\/wp-content\/uploads\/2025\/11\/sergeferrari-group-logo2.jpg\" \/>\n\t<meta property=\"og:image:width\" content=\"350\" \/>\n\t<meta property=\"og:image:height\" content=\"263\" \/>\n\t<meta property=\"og:image:type\" content=\"image\/jpeg\" \/>\n<meta name=\"twitter:card\" content=\"summary_large_image\" \/>\n<meta name=\"twitter:label1\" content=\"Estimated reading time\" \/>\n\t<meta name=\"twitter:data1\" content=\"3 minutes\" \/>\n<script type=\"application\/ld+json\" class=\"yoast-schema-graph\">{\"@context\":\"https:\/\/schema.org\",\"@graph\":[{\"@type\":\"WebPage\",\"@id\":\"https:\/\/frontsite.se\/serge-ferrari\/\",\"url\":\"https:\/\/frontsite.se\/serge-ferrari\/\",\"name\":\"Serge Ferrari \u00e5terf\u00f6rs\u00e4ljare i Sverige - Frontsite\",\"isPartOf\":{\"@id\":\"https:\/\/frontsite.se\/#website\"},\"primaryImageOfPage\":{\"@id\":\"https:\/\/frontsite.se\/serge-ferrari\/#primaryimage\"},\"image\":{\"@id\":\"https:\/\/frontsite.se\/serge-ferrari\/#primaryimage\"},\"thumbnailUrl\":\"https:\/\/frontsite.se\/wp-content\/uploads\/2025\/11\/sergeferrari-group-logo2.jpg\",\"datePublished\":\"2025-11-12T08:22:18+00:00\",\"dateModified\":\"2025-11-12T08:22:21+00:00\",\"breadcrumb\":{\"@id\":\"https:\/\/frontsite.se\/serge-ferrari\/#breadcrumb\"},\"inLanguage\":\"en-GB\",\"potentialAction\":[{\"@type\":\"ReadAction\",\"target\":[\"https:\/\/frontsite.se\/serge-ferrari\/\"]}]},{\"@type\":\"ImageObject\",\"inLanguage\":\"en-GB\",\"@id\":\"https:\/\/frontsite.se\/serge-ferrari\/#primaryimage\",\"url\":\"https:\/\/frontsite.se\/wp-content\/uploads\/2025\/11\/sergeferrari-group-logo2.jpg\",\"contentUrl\":\"https:\/\/frontsite.se\/wp-content\/uploads\/2025\/11\/sergeferrari-group-logo2.jpg\"},{\"@type\":\"BreadcrumbList\",\"@id\":\"https:\/\/frontsite.se\/serge-ferrari\/#breadcrumb\",\"itemListElement\":[{\"@type\":\"ListItem\",\"position\":1,\"name\":\"Hem\",\"item\":\"https:\/\/frontsite.se\/\"},{\"@type\":\"ListItem\",\"position\":2,\"name\":\"Serge Ferrari\"}]},{\"@type\":\"WebSite\",\"@id\":\"https:\/\/frontsite.se\/#website\",\"url\":\"https:\/\/frontsite.se\/\",\"name\":\"Frontsite\",\"description\":\"Expert P\u00e5 st\u00e4llningsprodukter och profilering\",\"publisher\":{\"@id\":\"https:\/\/frontsite.se\/#organization\"},\"potentialAction\":[{\"@type\":\"SearchAction\",\"target\":{\"@type\":\"EntryPoint\",\"urlTemplate\":\"https:\/\/frontsite.se\/?s={search_term_string}\"},\"query-input\":{\"@type\":\"PropertyValueSpecification\",\"valueRequired\":true,\"valueName\":\"search_term_string\"}}],\"inLanguage\":\"en-GB\"},{\"@type\":\"Organization\",\"@id\":\"https:\/\/frontsite.se\/#organization\",\"name\":\"Frontsite\",\"url\":\"https:\/\/frontsite.se\/\",\"logo\":{\"@type\":\"ImageObject\",\"inLanguage\":\"en-GB\",\"@id\":\"https:\/\/frontsite.se\/#\/schema\/logo\/image\/\",\"url\":\"https:\/\/frontsite.se\/wp-content\/uploads\/2024\/08\/Logo-Ratt-farg.png\",\"contentUrl\":\"https:\/\/frontsite.se\/wp-content\/uploads\/2024\/08\/Logo-Ratt-farg.png\",\"width\":1004,\"height\":1004,\"caption\":\"Frontsite\"},\"image\":{\"@id\":\"https:\/\/frontsite.se\/#\/schema\/logo\/image\/\"}}]}<\/script>\n<!-- \/ Yoast SEO plugin. -->","yoast_head_json":{"title":"Serge Ferrari \u00e5terf\u00f6rs\u00e4ljare i Sverige - Frontsite","robots":{"index":"index","follow":"follow","max-snippet":"max-snippet:-1","max-image-preview":"max-image-preview:large","max-video-preview":"max-video-preview:-1"},"canonical":"https:\/\/frontsite.se\/en\/serge-ferrari\/","og_locale":"en_GB","og_type":"article","og_title":"Serge Ferrari \u00e5terf\u00f6rs\u00e4ljare i Sverige - Frontsite","og_description":"Serge Ferrari Sedan 1973 har Serge Ferrari utvecklat innovativa kompositmaterial som erbjuder h\u00f6gt merv\u00e4rde f\u00f6r kunder v\u00e4rlden \u00f6ver. F\u00f6retaget har","og_url":"https:\/\/frontsite.se\/en\/serge-ferrari\/","og_site_name":"Frontsite","article_modified_time":"2025-11-12T08:22:21+00:00","og_image":[{"width":350,"height":263,"url":"https:\/\/frontsite.se\/wp-content\/uploads\/2025\/11\/sergeferrari-group-logo2.jpg","type":"image\/jpeg"}],"twitter_card":"summary_large_image","twitter_misc":{"Estimated reading time":"3 minutes"},"schema":{"@context":"https:\/\/schema.org","@graph":[{"@type":"WebPage","@id":"https:\/\/frontsite.se\/serge-ferrari\/","url":"https:\/\/frontsite.se\/serge-ferrari\/","name":"Serge Ferrari \u00e5terf\u00f6rs\u00e4ljare i Sverige - Frontsite","isPartOf":{"@id":"https:\/\/frontsite.se\/#website"},"primaryImageOfPage":{"@id":"https:\/\/frontsite.se\/serge-ferrari\/#primaryimage"},"image":{"@id":"https:\/\/frontsite.se\/serge-ferrari\/#primaryimage"},"thumbnailUrl":"https:\/\/frontsite.se\/wp-content\/uploads\/2025\/11\/sergeferrari-group-logo2.jpg","datePublished":"2025-11-12T08:22:18+00:00","dateModified":"2025-11-12T08:22:21+00:00","breadcrumb":{"@id":"https:\/\/frontsite.se\/serge-ferrari\/#breadcrumb"},"inLanguage":"en-GB","potentialAction":[{"@type":"ReadAction","target":["https:\/\/frontsite.se\/serge-ferrari\/"]}]},{"@type":"ImageObject","inLanguage":"en-GB","@id":"https:\/\/frontsite.se\/serge-ferrari\/#primaryimage","url":"https:\/\/frontsite.se\/wp-content\/uploads\/2025\/11\/sergeferrari-group-logo2.jpg","contentUrl":"https:\/\/frontsite.se\/wp-content\/uploads\/2025\/11\/sergeferrari-group-logo2.jpg"},{"@type":"BreadcrumbList","@id":"https:\/\/frontsite.se\/serge-ferrari\/#breadcrumb","itemListElement":[{"@type":"ListItem","position":1,"name":"Hem","item":"https:\/\/frontsite.se\/"},{"@type":"ListItem","position":2,"name":"Serge Ferrari"}]},{"@type":"WebSite","@id":"https:\/\/frontsite.se\/#website","url":"https:\/\/frontsite.se\/","name":"Frontsite","description":"Expert P\u00e5 st\u00e4llningsprodukter och profilering","publisher":{"@id":"https:\/\/frontsite.se\/#organization"},"potentialAction":[{"@type":"SearchAction","target":{"@type":"EntryPoint","urlTemplate":"https:\/\/frontsite.se\/?s={search_term_string}"},"query-input":{"@type":"PropertyValueSpecification","valueRequired":true,"valueName":"search_term_string"}}],"inLanguage":"en-GB"},{"@type":"Organization","@id":"https:\/\/frontsite.se\/#organization","name":"Frontsite","url":"https:\/\/frontsite.se\/","logo":{"@type":"ImageObject","inLanguage":"en-GB","@id":"https:\/\/frontsite.se\/#\/schema\/logo\/image\/","url":"https:\/\/frontsite.se\/wp-content\/uploads\/2024\/08\/Logo-Ratt-farg.png","contentUrl":"https:\/\/frontsite.se\/wp-content\/uploads\/2024\/08\/Logo-Ratt-farg.png","width":1004,"height":1004,"caption":"Frontsite"},"image":{"@id":"https:\/\/frontsite.se\/#\/schema\/logo\/image\/"}}]}},"jetpack_sharing_enabled":true,"_links":{"self":[{"href":"https:\/\/frontsite.se\/en\/wp-json\/wp\/v2\/pages\/17843","targetHints":{"allow":["GET"]}}],"collection":[{"href":"https:\/\/frontsite.se\/en\/wp-json\/wp\/v2\/pages"}],"about":[{"href":"https:\/\/frontsite.se\/en\/wp-json\/wp\/v2\/types\/page"}],"author":[{"embeddable":true,"href":"https:\/\/frontsite.se\/en\/wp-json\/wp\/v2\/users\/36"}],"replies":[{"embeddable":true,"href":"https:\/\/frontsite.se\/en\/wp-json\/wp\/v2\/comments?post=17843"}],"version-history":[{"count":2,"href":"https:\/\/frontsite.se\/en\/wp-json\/wp\/v2\/pages\/17843\/revisions"}],"predecessor-version":[{"id":17846,"href":"https:\/\/frontsite.se\/en\/wp-json\/wp\/v2\/pages\/17843\/revisions\/17846"}],"wp:attachment":[{"href":"https:\/\/frontsite.se\/en\/wp-json\/wp\/v2\/media?parent=17843"}],"curies":[{"name":"wp","href":"https:\/\/api.w.org\/{rel}","templated":true}]}}