{"id":17790,"date":"2025-09-12T08:12:16","date_gmt":"2025-09-12T08:12:16","guid":{"rendered":"https:\/\/frontsite.se\/?page_id=17790"},"modified":"2025-09-12T08:12:18","modified_gmt":"2025-09-12T08:12:18","slug":"arbete-pa-tak-krav-och-sakerhet","status":"publish","type":"page","link":"https:\/\/frontsite.se\/en\/arbete-pa-tak-krav-och-sakerhet\/","title":{"rendered":"Arbete p\u00e5 tak &#8211; Krav och s\u00e4kerhet"},"content":{"rendered":"<h2 class=\"wp-block-heading\">Arbete p\u00e5 tak &#8211; Krav och s\u00e4kerhet<\/h2><p><strong>Arbete p\u00e5 tak \u00e4r en kritisk aspekt inom byggnads- och anl\u00e4ggningsbranschen d\u00e4r fall till l\u00e4gre niv\u00e5 \u00e4r den vanligaste orsaken till d\u00f6dsolyckor. Enligt Arbetsmilj\u00f6verkets f\u00f6reskrifter och allm\u00e4nna r\u00e5d (<a href=\"https:\/\/www.av.se\/arbetsmiljoarbete-och-inspektioner\/publikationer\/foreskrifter\/afs-202311\" target=\"_blank\" rel=\"noreferrer noopener\">AFS 2023:11<\/a>) ska det finnas omfattande s\u00e4kerhets\u00e5tg\u00e4rder f\u00f6r att skydda personer som arbetar p\u00e5 h\u00f6g h\u00f6jd. <\/strong><\/p><p><strong>Hos Frontsite hittar du produkter och utrustning som hj\u00e4lper dig att f\u00f6lja g\u00e4llande regler p\u00e5 ett s\u00e4kert s\u00e4tt.<\/strong><\/p><h2 class=\"wp-block-heading\"><strong>Juridiska krav och f\u00f6reskrifter<\/strong><\/h2><p>Om ett byggprojekt inneb\u00e4r risk f\u00f6r fall p\u00e5 2 meter eller mer kr\u00e4vs en arbetsmilj\u00f6plan enligt Arbetsmilj\u00f6verkets f\u00f6reskrifter (fr\u00e4mst <a href=\"https:\/\/www.av.se\/arbetsmiljoarbete-och-inspektioner\/publikationer\/foreskrifter\/afs-202313\/\" target=\"_blank\" rel=\"noreferrer noopener\">AFS 2023:13<\/a>). Specifika krav g\u00e4ller \u00e4ven f\u00f6r arbete p\u00e5 tak och h\u00f6g h\u00f6jd. F\u00f6reskriften AFS 2023:11 st\u00e4ller krav p\u00e5 s\u00e4ker anv\u00e4ndning av <a href=\"https:\/\/frontsite.se\/en\/product-category\/personlig-utrustning\/\">arbetsutrustning och personlig skyddsutrustning<\/a>. V\u00e5rt sortiment inkluderar produkter som uppfyller dessa och andra till\u00e4mpliga f\u00f6reskrifter.<\/p><h2 class=\"wp-block-heading\"><strong>Fallskydd och s\u00e4kerhetsutrustning<\/strong><\/h2><p>Om det finns fallrisker ska du i f\u00f6rsta hand anv\u00e4nda gemensamma fallskyddsanordningar som skyddar flera personer. <a href=\"https:\/\/frontsite.se\/en\/product-category\/personligt-skydd\/fallskyddsutrustning\/\">Personlig fallskyddsutrustning<\/a> ska anv\u00e4ndas n\u00e4r det inte \u00e4r rimligt att ordna gemensamma fallskydd. Utrustning f\u00f6r <a href=\"https:\/\/frontsite.se\/en\/product-category\/fallskydd-for-tak\/\">fallskydd <\/a>m\u00e5ste finnas tillg\u00e4nglig innan arbetet p\u00e5b\u00f6rjas och ska kunna anv\u00e4ndas p\u00e5 ett s\u00e4kert s\u00e4tt. Bland annat ing\u00e5r sele, linor och anordningar som s\u00e4rskilt kr\u00e4vs f\u00f6r olika arbeten p\u00e5 taket.<\/p><h2 class=\"wp-block-heading\"><strong>N\u00e4r g\u00e4ller reglerna f\u00f6r takarbete<\/strong><\/h2><p>Reglerna g\u00e4ller f\u00f6r alla som utf\u00f6r arbete p\u00e5 tak d\u00e4r fallh\u00f6jden \u00e4r 2 meter eller mer. Vid takarbete ska personligt fallskydd anv\u00e4ndas om det inte \u00e4r rimligt att ordna gemensamma fallskydd. Arbetet ska kunna utf\u00f6ras med betryggande s\u00e4kerhet och personer som arbetar m\u00e5ste ha tillr\u00e4cklig utbildning. Det inneb\u00e4r att b\u00e5de arbetsgivare och arbetstagare beh\u00f6ver f\u00f6lja s\u00e4rskilda s\u00e4kerhetsrutiner.<\/p><h2 class=\"wp-block-heading\"><strong>Gemensamma fallskyddsanordningar f\u00f6r tak<\/strong><\/h2><p>Skyddsr\u00e4cken ska vara minst 1 meter h\u00f6ga och skydda p\u00e5 alla kanter d\u00e4r det finns fallrisk. Fasta skyddsanordningar som st\u00e4llningar kan anv\u00e4ndas som gemensamma fallskydd ist\u00e4llet f\u00f6r skyddsr\u00e4cke vid takfot. Dessa anordningar ska dimensioneras s\u00e5 att de kan ta upp de krafter som uppst\u00e5r vid ett eventuellt fall. V\u00e5rt utbud omfattar stegar, st\u00e4llningar och annat som beh\u00f6vs f\u00f6r s\u00e4kert arbete.<\/p><h2 class=\"wp-block-heading\"><strong>Personligt fallskydd vid takarbete<\/strong><\/h2><p>N\u00e4r gemensamma fallskydd inte r\u00e4cker kr\u00e4vs personlig skyddsutrustning. Denna utrustning ska kunna f\u00f6rankras s\u00e4kert p\u00e5 taket och vara anpassad till b\u00e5de arbetet och personen som anv\u00e4nder den. F\u00f6r att kunna anv\u00e4nda personligt fallskydd kr\u00e4vs till exempel en s\u00e4ker f\u00f6rankringspunkt p\u00e5 taket att f\u00e4sta linan i. \u00c4ven <a href=\"https:\/\/frontsite.se\/en\/product\/tool-safety-harness\/\">verktygss\u00e4kring <\/a>\u00e4r viktigt f\u00f6r att minimera risken f\u00f6r skador som kan uppst\u00e5 om man tappar ett verktyg fr\u00e5n h\u00f6gre h\u00f6jd. Risker med personligt fallskydd m\u00e5ste beaktas s\u00e4rskilt noggrant eftersom s\u00e4kerheten beror p\u00e5 korrekt anv\u00e4ndning.<\/p><h2 class=\"wp-block-heading\"><strong>Stegar och tilltr\u00e4de till tak<\/strong><\/h2><p>Stegar och arbetsbockar f\u00e5r bara anv\u00e4ndas som tilltr\u00e4desled och f\u00f6r kortvarigt arbete. Undvik om m\u00f6jligt arbete fr\u00e5n stege. Anv\u00e4nd bara stege vid kortvariga, enstaka arbeten. En lodr\u00e4t stege som \u00e4r mer \u00e4n 6 meter l\u00e5ng ska ha ryggskydd om den anv\u00e4nds som tilltr\u00e4desled. Normalt \u00e4r stegar inte l\u00e4mpliga som permanenta tilltr\u00e4desleder till arbetsplatser p\u00e5 taket.<\/p><h2 class=\"wp-block-heading\"><strong>St\u00e4llningar som taks\u00e4kerhet<\/strong><\/h2><p>St\u00e4llningar ska dimensioneras med betryggande s\u00e4kerhet innan man p\u00e5b\u00f6rjar arbetet med att uppf\u00f6ra en st\u00e4llning. Taks\u00e4kerhet kan f\u00f6rb\u00e4ttras genom att anv\u00e4nda st\u00e4llningar som skydd mot fall fr\u00e5n takarbeten. Den som leder arbetet med att uppf\u00f6ra, g\u00f6ra v\u00e4sentliga \u00e4ndringar i eller montera ned en st\u00e4llning ska ha kompetens. Vi erbjuder produkter som hj\u00e4lper till att uppfylla g\u00e4llande s\u00e4kerhetsstandarder, exempelvis <a href=\"https:\/\/frontsite.se\/en\/product-category\/provdragningsutrustning\/\">provdragningsutrustning <\/a>f\u00f6r att s\u00e4kerst\u00e4lla att st\u00e4llningens f\u00f6rankringspunkter \u00e4r tillr\u00e4ckligt starka och korrekt installerade.<\/p><h2 class=\"wp-block-heading\"><strong>Riskbed\u00f6mning innan arbete<\/strong><\/h2><p>Innan arbetet p\u00e5b\u00f6rjas m\u00e5ste en grundlig riskbed\u00f6mning g\u00f6ras. Arbeten med fallrisker ska alltid riskbed\u00f6mas, oavsett fallh\u00f6jd. Denna bed\u00f6mning ska ta h\u00e4nsyn till takets konstruktion, v\u00e4derf\u00f6rh\u00e5llanden och vilken typ av arbete som ska utf\u00f6ras. Exempel p\u00e5 risker som m\u00e5ste beaktas \u00e4r takets b\u00e4rf\u00f6rm\u00e5ga, lutning och tillg\u00e5ng till s\u00e4kra f\u00f6rankringspunkter.<\/p><h2 class=\"wp-block-heading\"><strong>Utbildning och kompetens f\u00f6r takarbete<\/strong><\/h2><p>Arbetsgivaren ska se till att de som anv\u00e4nder arbetsutrustning med s\u00e4rskilda risker har dokumenterade teoretiska och praktiska kunskaper. Personer som arbetar p\u00e5 tak m\u00e5ste kunna anv\u00e4nda s\u00e4kerhetsutrustning korrekt och f\u00f6rst\u00e5 de risker som finns. Utbildning ska omfatta b\u00e5de teknisk kunskap om utrustning och praktisk tr\u00e4ning i anv\u00e4ndning av fallskydd.<\/p><h2 class=\"wp-block-heading\"><strong>Kontroll och underh\u00e5ll av s\u00e4kerhetsutrustning<\/strong><\/h2><p>Arbetsutrustning ska underh\u00e5llas s\u00e5 att den uppfyller kraven i f\u00f6reskrifterna. Regelbundna kontroller kr\u00e4vs f\u00f6r att s\u00e4kerst\u00e4lla att utrustning f\u00f6r taks\u00e4kerhet fungerar korrekt. Detta g\u00e4ller s\u00e4rskilt f\u00f6r fallskyddsutrustning, stegar och st\u00e4llningar som anv\u00e4nds vid takarbete. Skadad utrustning ska kasseras omedelbart f\u00f6r att inte riskera s\u00e4kerheten.<\/p><h3 class=\"wp-block-heading\"><strong>Huvudpunkter f\u00f6r kontroll och underh\u00e5ll<\/strong><\/h3><ul class=\"wp-block-list\"><li>Arbetsgivaren \u00e4r ansvarig f\u00f6r att utrustning regelbundet kontrolleras och underh\u00e5lls s\u00e5 att den fungerar s\u00e4kert och enligt g\u00e4llande krav.<\/li>\n\n<li>Fallskyddsutrustning, stegar och st\u00e4llningar omfattas av krav p\u00e5 periodiska kontroller samt s\u00e4rskild kontroll efter exempelvis ombyggnad, flytt eller ovanliga h\u00e4ndelser.<\/li>\n\n<li>Utrustning som \u00e4r skadad, sliten eller p\u00e5 annat s\u00e4tt underm\u00e5lig f\u00e5r inte anv\u00e4ndas; den ska kasseras direkt f\u00f6r att s\u00e4kerst\u00e4lla att ingen riskeras att skadas.<\/li><\/ul><h2 class=\"wp-block-heading\"><strong>Sanktioner vid bristande taks\u00e4kerhet<\/strong><\/h2><p>Arbetsmilj\u00f6verket kan under vissa f\u00f6ruts\u00e4ttningar besluta om sanktionsavgift f\u00f6r arbetsgivare som l\u00e5ter arbetstagare arbeta utan fallskydd d\u00e4r fallh\u00f6jden \u00e4r 2 meter eller mer. Detta inneb\u00e4r att bristande s\u00e4kerhet vid takarbete kan leda till s\u00e5v\u00e4l ekonomiska som juridiska konsekvenser. R\u00e4tt s\u00e4kerhetsutrustning och rutiner \u00e4r d\u00e4rf\u00f6r b\u00e5de en s\u00e4kerhets- och ekonomisk fr\u00e5ga.<\/p><h2 class=\"wp-block-heading\"><strong>Sammanfattning av taks\u00e4kerhetsregler<\/strong><\/h2><p>Arbete p\u00e5 tak kr\u00e4ver noggrann planering och r\u00e4tt utrustning enligt g\u00e4llande f\u00f6reskrifter och allm\u00e4nna r\u00e5d. Gemensamma fallskyddsanordningar ska anv\u00e4ndas i f\u00f6rsta hand, medan personligt fallskydd \u00e4r ett sistahandsval. All utrustning m\u00e5ste vara dimensionerad f\u00f6r de krafter som kan uppst\u00e5 och anv\u00e4ndas av personer med r\u00e4tt kompetens. Genom att f\u00f6lja dessa regler kan risker minimeras och en s\u00e4ker arbetsmilj\u00f6 skapas f\u00f6r alla som arbetar p\u00e5 tak.<\/p><p><\/p>","protected":false},"excerpt":{"rendered":"<p>Arbete p\u00e5 tak &#8211; Krav och s\u00e4kerhet Arbete p\u00e5 tak \u00e4r en kritisk aspekt inom byggnads- och anl\u00e4ggningsbranschen d\u00e4r fall<\/p>","protected":false},"author":36,"featured_media":0,"parent":0,"menu_order":0,"comment_status":"closed","ping_status":"closed","template":"","meta":{"footnotes":""},"class_list":["post-17790","page","type-page","status-publish","hentry"],"yoast_head":"<!-- This site is optimized with the Yoast SEO plugin v24.1 - https:\/\/yoast.com\/wordpress\/plugins\/seo\/ -->\n<title>Arbete p\u00e5 tak - Krav och s\u00e4kerhet - Frontsite<\/title>\n<meta name=\"robots\" content=\"index, follow, max-snippet:-1, max-image-preview:large, max-video-preview:-1\" \/>\n<link rel=\"canonical\" href=\"https:\/\/frontsite.se\/en\/arbete-pa-tak-krav-och-sakerhet\/\" \/>\n<meta property=\"og:locale\" content=\"en_GB\" \/>\n<meta property=\"og:type\" content=\"article\" \/>\n<meta property=\"og:title\" content=\"Arbete p\u00e5 tak - Krav och s\u00e4kerhet - Frontsite\" \/>\n<meta property=\"og:description\" content=\"Arbete p\u00e5 tak &#8211; Krav och s\u00e4kerhet Arbete p\u00e5 tak \u00e4r en kritisk aspekt inom byggnads- och anl\u00e4ggningsbranschen d\u00e4r fall\" \/>\n<meta property=\"og:url\" content=\"https:\/\/frontsite.se\/en\/arbete-pa-tak-krav-och-sakerhet\/\" \/>\n<meta property=\"og:site_name\" content=\"Frontsite\" \/>\n<meta property=\"article:modified_time\" content=\"2025-09-12T08:12:18+00:00\" \/>\n<meta name=\"twitter:card\" content=\"summary_large_image\" \/>\n<meta name=\"twitter:label1\" content=\"Estimated reading time\" \/>\n\t<meta name=\"twitter:data1\" content=\"5 minutes\" \/>\n<script type=\"application\/ld+json\" class=\"yoast-schema-graph\">{\"@context\":\"https:\/\/schema.org\",\"@graph\":[{\"@type\":\"WebPage\",\"@id\":\"https:\/\/frontsite.se\/arbete-pa-tak-krav-och-sakerhet\/\",\"url\":\"https:\/\/frontsite.se\/arbete-pa-tak-krav-och-sakerhet\/\",\"name\":\"Arbete p\u00e5 tak - Krav och s\u00e4kerhet - Frontsite\",\"isPartOf\":{\"@id\":\"https:\/\/frontsite.se\/#website\"},\"datePublished\":\"2025-09-12T08:12:16+00:00\",\"dateModified\":\"2025-09-12T08:12:18+00:00\",\"breadcrumb\":{\"@id\":\"https:\/\/frontsite.se\/arbete-pa-tak-krav-och-sakerhet\/#breadcrumb\"},\"inLanguage\":\"en-GB\",\"potentialAction\":[{\"@type\":\"ReadAction\",\"target\":[\"https:\/\/frontsite.se\/arbete-pa-tak-krav-och-sakerhet\/\"]}]},{\"@type\":\"BreadcrumbList\",\"@id\":\"https:\/\/frontsite.se\/arbete-pa-tak-krav-och-sakerhet\/#breadcrumb\",\"itemListElement\":[{\"@type\":\"ListItem\",\"position\":1,\"name\":\"Hem\",\"item\":\"https:\/\/frontsite.se\/\"},{\"@type\":\"ListItem\",\"position\":2,\"name\":\"Arbete p\u00e5 tak &#8211; Krav och s\u00e4kerhet\"}]},{\"@type\":\"WebSite\",\"@id\":\"https:\/\/frontsite.se\/#website\",\"url\":\"https:\/\/frontsite.se\/\",\"name\":\"Frontsite\",\"description\":\"Expert P\u00e5 st\u00e4llningsprodukter och profilering\",\"publisher\":{\"@id\":\"https:\/\/frontsite.se\/#organization\"},\"potentialAction\":[{\"@type\":\"SearchAction\",\"target\":{\"@type\":\"EntryPoint\",\"urlTemplate\":\"https:\/\/frontsite.se\/?s={search_term_string}\"},\"query-input\":{\"@type\":\"PropertyValueSpecification\",\"valueRequired\":true,\"valueName\":\"search_term_string\"}}],\"inLanguage\":\"en-GB\"},{\"@type\":\"Organization\",\"@id\":\"https:\/\/frontsite.se\/#organization\",\"name\":\"Frontsite\",\"url\":\"https:\/\/frontsite.se\/\",\"logo\":{\"@type\":\"ImageObject\",\"inLanguage\":\"en-GB\",\"@id\":\"https:\/\/frontsite.se\/#\/schema\/logo\/image\/\",\"url\":\"https:\/\/frontsite.se\/wp-content\/uploads\/2024\/08\/Logo-Ratt-farg.png\",\"contentUrl\":\"https:\/\/frontsite.se\/wp-content\/uploads\/2024\/08\/Logo-Ratt-farg.png\",\"width\":1004,\"height\":1004,\"caption\":\"Frontsite\"},\"image\":{\"@id\":\"https:\/\/frontsite.se\/#\/schema\/logo\/image\/\"}}]}<\/script>\n<!-- \/ Yoast SEO plugin. -->","yoast_head_json":{"title":"Arbete p\u00e5 tak - Krav och s\u00e4kerhet - Frontsite","robots":{"index":"index","follow":"follow","max-snippet":"max-snippet:-1","max-image-preview":"max-image-preview:large","max-video-preview":"max-video-preview:-1"},"canonical":"https:\/\/frontsite.se\/en\/arbete-pa-tak-krav-och-sakerhet\/","og_locale":"en_GB","og_type":"article","og_title":"Arbete p\u00e5 tak - Krav och s\u00e4kerhet - Frontsite","og_description":"Arbete p\u00e5 tak &#8211; Krav och s\u00e4kerhet Arbete p\u00e5 tak \u00e4r en kritisk aspekt inom byggnads- och anl\u00e4ggningsbranschen d\u00e4r fall","og_url":"https:\/\/frontsite.se\/en\/arbete-pa-tak-krav-och-sakerhet\/","og_site_name":"Frontsite","article_modified_time":"2025-09-12T08:12:18+00:00","twitter_card":"summary_large_image","twitter_misc":{"Estimated reading time":"5 minutes"},"schema":{"@context":"https:\/\/schema.org","@graph":[{"@type":"WebPage","@id":"https:\/\/frontsite.se\/arbete-pa-tak-krav-och-sakerhet\/","url":"https:\/\/frontsite.se\/arbete-pa-tak-krav-och-sakerhet\/","name":"Arbete p\u00e5 tak - Krav och s\u00e4kerhet - Frontsite","isPartOf":{"@id":"https:\/\/frontsite.se\/#website"},"datePublished":"2025-09-12T08:12:16+00:00","dateModified":"2025-09-12T08:12:18+00:00","breadcrumb":{"@id":"https:\/\/frontsite.se\/arbete-pa-tak-krav-och-sakerhet\/#breadcrumb"},"inLanguage":"en-GB","potentialAction":[{"@type":"ReadAction","target":["https:\/\/frontsite.se\/arbete-pa-tak-krav-och-sakerhet\/"]}]},{"@type":"BreadcrumbList","@id":"https:\/\/frontsite.se\/arbete-pa-tak-krav-och-sakerhet\/#breadcrumb","itemListElement":[{"@type":"ListItem","position":1,"name":"Hem","item":"https:\/\/frontsite.se\/"},{"@type":"ListItem","position":2,"name":"Arbete p\u00e5 tak &#8211; Krav och s\u00e4kerhet"}]},{"@type":"WebSite","@id":"https:\/\/frontsite.se\/#website","url":"https:\/\/frontsite.se\/","name":"Frontsite","description":"Expert P\u00e5 st\u00e4llningsprodukter och profilering","publisher":{"@id":"https:\/\/frontsite.se\/#organization"},"potentialAction":[{"@type":"SearchAction","target":{"@type":"EntryPoint","urlTemplate":"https:\/\/frontsite.se\/?s={search_term_string}"},"query-input":{"@type":"PropertyValueSpecification","valueRequired":true,"valueName":"search_term_string"}}],"inLanguage":"en-GB"},{"@type":"Organization","@id":"https:\/\/frontsite.se\/#organization","name":"Frontsite","url":"https:\/\/frontsite.se\/","logo":{"@type":"ImageObject","inLanguage":"en-GB","@id":"https:\/\/frontsite.se\/#\/schema\/logo\/image\/","url":"https:\/\/frontsite.se\/wp-content\/uploads\/2024\/08\/Logo-Ratt-farg.png","contentUrl":"https:\/\/frontsite.se\/wp-content\/uploads\/2024\/08\/Logo-Ratt-farg.png","width":1004,"height":1004,"caption":"Frontsite"},"image":{"@id":"https:\/\/frontsite.se\/#\/schema\/logo\/image\/"}}]}},"jetpack_sharing_enabled":true,"_links":{"self":[{"href":"https:\/\/frontsite.se\/en\/wp-json\/wp\/v2\/pages\/17790","targetHints":{"allow":["GET"]}}],"collection":[{"href":"https:\/\/frontsite.se\/en\/wp-json\/wp\/v2\/pages"}],"about":[{"href":"https:\/\/frontsite.se\/en\/wp-json\/wp\/v2\/types\/page"}],"author":[{"embeddable":true,"href":"https:\/\/frontsite.se\/en\/wp-json\/wp\/v2\/users\/36"}],"replies":[{"embeddable":true,"href":"https:\/\/frontsite.se\/en\/wp-json\/wp\/v2\/comments?post=17790"}],"version-history":[{"count":3,"href":"https:\/\/frontsite.se\/en\/wp-json\/wp\/v2\/pages\/17790\/revisions"}],"predecessor-version":[{"id":17793,"href":"https:\/\/frontsite.se\/en\/wp-json\/wp\/v2\/pages\/17790\/revisions\/17793"}],"wp:attachment":[{"href":"https:\/\/frontsite.se\/en\/wp-json\/wp\/v2\/media?parent=17790"}],"curies":[{"name":"wp","href":"https:\/\/api.w.org\/{rel}","templated":true}]}}