{"id":17718,"date":"2025-08-15T08:38:59","date_gmt":"2025-08-15T08:38:59","guid":{"rendered":"https:\/\/frontsite.se\/?page_id=17718"},"modified":"2025-08-15T08:39:01","modified_gmt":"2025-08-15T08:39:01","slug":"martor","status":"publish","type":"page","link":"https:\/\/frontsite.se\/en\/martor\/","title":{"rendered":"Martor"},"content":{"rendered":"<h1 class=\"wp-block-heading\"><strong>Martor &#8211; s\u00e4krare sk\u00e4rl\u00f6sningar sedan 1940<\/strong><\/h1><p>Frontsite \u00e4r \u00e5terf\u00f6rs\u00e4ljare f\u00f6r Martor i Sverige och erbjuder dig tillg\u00e5ng till v\u00e4rldens ledande m\u00e4rke inom <a href=\"https:\/\/frontsite.se\/en\/product-category\/verktygsbalten-och-fickor\/safety-knives\/\">s\u00e4kerhetsknivar<\/a> och professionella sk\u00e4rverktyg. I \u00f6ver 80 \u00e5r har det familje\u00e4gda f\u00f6retaget fr\u00e5n Solingen utvecklat innovativa s\u00e4kerhetsl\u00f6sningar som g\u00f6r arbetsplatser s\u00e4krare v\u00e4rlden \u00f6ver.<\/p><h2 class=\"wp-block-heading\"><strong>Martors s\u00e4kerhetsknivar (Secumax) f\u00f6r alla arbetsmilj\u00f6er<\/strong><\/h2><p><strong>Industriell prestanda<\/strong> Martor s\u00e4kerhetsknivar \u00e4r designade f\u00f6r att hantera tuffa industriella sk\u00e4ruppgifter. De kan sk\u00e4ra genom flerlagers kartong, papper, plastband, tejp, s\u00e4ckvaror, krympfilm och plastinslagna pallar med precision och s\u00e4kerhet.<\/p><p><strong>Branschspecifika l\u00f6sningar<\/strong> Martor har utvecklat specialiserade s\u00e4kerhetsknivar f\u00f6r olika industrier, inklusive metalldetekterbara knivar f\u00f6r livsmedelsindustrin som uppfyller de str\u00e4ngaste hygien- och s\u00e4kerhetskraven.<\/p><p><strong>Ergonomisk design<\/strong> Martors SECUPRO 625, SECUPRO MARTEGO och SECUPRO MERAK \u00e4r de f\u00f6rsta arbetsknivarna som certifierats som &#8221;ergonomiska produkter&#8221; av IGR e.V. (Institutet f\u00f6r h\u00e4lsa och ergonomi i N\u00fcrnberg), vilket garanterar komfort vid l\u00e4ngre anv\u00e4ndning.<\/p><figure class=\"wp-block-image size-medium\"><img fetchpriority=\"high\" decoding=\"async\" width=\"400\" height=\"164\" src=\"https:\/\/frontsite.se\/wp-content\/uploads\/2025\/08\/Secumax-400x164.png\" alt=\"\" class=\"wp-image-17719\" srcset=\"https:\/\/frontsite.se\/wp-content\/uploads\/2025\/08\/Secumax-400x164.png 400w, https:\/\/frontsite.se\/wp-content\/uploads\/2025\/08\/Secumax-150x62.png 150w, https:\/\/frontsite.se\/wp-content\/uploads\/2025\/08\/Secumax.png 473w\" sizes=\"(max-width: 400px) 100vw, 400px\" \/><\/figure><h2 class=\"wp-block-heading\"><strong>Kvalitet och certifieringar du kan lita p\u00e5<\/strong><\/h2><p><strong>Internationella standarder<\/strong> Martors kvalitetsledningssystem uppfyller kraven enligt DIN EN ISO 9001:2015 och genomg\u00e5r regelbunden \u00f6vervakning. Milj\u00f6ledningssystemet f\u00f6ljer DIN EN ISO 14001:2015, vilket visar f\u00f6retagets engagemang f\u00f6r h\u00e5llbarhet.<\/p><p><strong>Prisad innovation<\/strong> \u00c5r 2024 bel\u00f6nades Martor med German Brand Award 2024 i guld och Red Dot Award 2024 som &#8221;verktygsvarum\u00e4rke&#8221;, vilket bekr\u00e4ftar deras position som branschledare inom design och innovation.<\/p><p><strong>H\u00e5llbar utveckling<\/strong> Martor \u00e4r engagerat i h\u00e5llbar utveckling och har lanserat ECO by MARTOR-familjen tillverkad av \u00e5tervunnen plast. F\u00f6retaget publicerar ocks\u00e5 h\u00e5llbarhetsrapporter enligt DNK-standarden som del av sin nya h\u00e5llbarhetsstrategi.<\/p><h2 class=\"wp-block-heading\"><strong>Martor historia &#8211; fr\u00e5n tysk innovation till global standard<\/strong><\/h2><p>\u00c5r 1940 grundade E. Helmut Beermann f\u00f6retaget Martor i den ber\u00f6mda knivstaden Solingen, Tyskland. Sedan dess har f\u00f6retaget lett utvecklingen inom s\u00e4krare sk\u00e4rteknologi och etablerat sig som den internationella partnern f\u00f6r professionella sk\u00e4rl\u00f6sningar. Idag finns Martor representerat av partners och \u00e5terf\u00f6rs\u00e4ljare i \u00f6ver 70 l\u00e4nder v\u00e4rlden \u00f6ver.<\/p><p>Martor f\u00f6rblir ett familjef\u00f6retag i tredje generationen. Sonja Hendricks, grundarens barnbarn, leder idag f\u00f6retaget som enda partner och forts\u00e4tter familjens tradition av innovation och kvalitet. F\u00f6retagets grundv\u00e4rderingar och fokus p\u00e5 s\u00e4kerhet genomsyrar fortfarande allt som Martor g\u00f6r.<\/p><h2 class=\"wp-block-heading\"><strong>Banbrytande s\u00e4kerhetsteknologi fr\u00e5n Solingen<\/strong><\/h2><p><strong>V\u00e4rldens f\u00f6rsta T\u00dcV-certifierade s\u00e4kerhetskniv<\/strong> Martor skrev historia n\u00e4r de lanserade PROFI &#8211; v\u00e4rldens f\u00f6rsta T\u00dcV-certifierade s\u00e4kerhetskniv. Detta blev den internationella genomslaget f\u00f6r det Solingen-baserade knivf\u00f6retaget och etablerade deras position som s\u00e4kerhetsledare.<\/p><p><strong>Fyra revolutionerande s\u00e4kerhetsteknologier<\/strong> Martor har utvecklat fyra olika s\u00e4kerhetsteknologier som g\u00f6r deras knivar s\u00e4krare \u00e4n traditionella sk\u00e4rverktyg:<\/p><ul class=\"wp-block-list\"><li>Automatiskt bladindrag som aktiveras n\u00e4r kniven inte l\u00e4ngre sk\u00e4r<\/li>\n\n<li>Dolt blad som endast exponerar en minimal del av sk\u00e4reggen<\/li>\n\n<li>L\u00e5ssystem som f\u00f6rhindrar oavsiktlig bladexponering<\/li>\n\n<li>Ergonomiska funktioner f\u00f6r s\u00e4ker hantering<\/li><\/ul><p><strong>OPTISAFE <\/strong>\u00c5r 1999 presenterade Martor \u00e4nnu en v\u00e4rldsf\u00f6rsta: OPTISAFE med fullst\u00e4ndigt automatiskt bladindrag. Denna teknik anv\u00e4nds idag i SECUPRO-familjen och representerar toppen av s\u00e4kerhetsknivsteknologi.<\/p><h2 class=\"wp-block-heading\"><strong>&#8221;The safer way to cut&#8221; &#8211; Martors mission<\/strong><\/h2><p>Martors nya slogan &#8221;THE SAFER WAY TO CUT&#8221; sammanfattar deras mission att g\u00f6ra arbetsv\u00e4rlden s\u00e4krare. Stora detaljhandelskedjor, logistikf\u00f6retag och biltillverkare har inte bara professionaliserat sitt manuella sk\u00e4rarbete genom att anv\u00e4nda Martor-produkter &#8211; de har ocks\u00e5 lyckats minska antalet sk\u00e4rrelaterade skador avsev\u00e4rt.<\/p><h2 class=\"wp-block-heading\"><strong>Kontinuerlig innovation f\u00f6r framtidens behov<\/strong><\/h2><p>Martor lanserar regelbundet genuint innovativa produkter. De senaste nyheterna inkluderar SECUBASE 383 med bladindrag och bladl\u00e5sningsalternativ, samt SECUNORM 610 XDR &#8211; v\u00e4rldens f\u00f6rsta s\u00e4kerhetskniv som universell p\u00e5s\u00f6ppnare.<\/p><p>F\u00f6retagets innovationsstyrka och uppfinningsrikedom har alltid varit en del av &#8221;Martor-DNA:t&#8221;, vilket garanterar att de kommer att forts\u00e4tta s\u00e4tta nya milstolpar inom knivteknologi f\u00f6r \u00f6kad effektivitet och s\u00e4kerhet p\u00e5 arbetsplatsen.<\/p><h2 class=\"wp-block-heading\"><strong>Frontsite &#8211; din partner f\u00f6r Martor i Sverige<\/strong><\/h2><p>Som auktoriserad \u00e5terf\u00f6rs\u00e4ljare f\u00f6r Martor i Sverige kan Frontsite erbjuda dig professionell r\u00e5dgivning och tillg\u00e5ng till Martors h\u00f6gkvalitativa s\u00e4kerhetsknivar. Vi hj\u00e4lper dig att v\u00e4lja r\u00e4tt s\u00e4kerhetskniv f\u00f6r dina specifika arbetsuppgifter.&nbsp;<\/p><p><a href=\"https:\/\/frontsite.se\/en\/kontakt\/\">Kontakta oss f\u00f6r mer information.<\/a><\/p>","protected":false},"excerpt":{"rendered":"<p>Martor &#8211; s\u00e4krare sk\u00e4rl\u00f6sningar sedan 1940 Frontsite \u00e4r \u00e5terf\u00f6rs\u00e4ljare f\u00f6r Martor i Sverige och erbjuder dig tillg\u00e5ng till v\u00e4rldens ledande<\/p>","protected":false},"author":36,"featured_media":0,"parent":0,"menu_order":0,"comment_status":"closed","ping_status":"closed","template":"","meta":{"footnotes":""},"class_list":["post-17718","page","type-page","status-publish","hentry"],"yoast_head":"<!-- This site is optimized with the Yoast SEO plugin v24.1 - https:\/\/yoast.com\/wordpress\/plugins\/seo\/ -->\n<title>Martor - \u00c5terf\u00f6rs\u00e4ljare Sverige - Frontsite<\/title>\n<meta name=\"description\" content=\"Frontsite \u00e4r \u00e5terf\u00f6rs\u00e4ljare f\u00f6r Martor i Sverige. Martors s\u00e4kerhetsknivar (Secumax) \u00e4r designade f\u00f6r att hantera tuffa krav.\" \/>\n<meta name=\"robots\" content=\"index, follow, max-snippet:-1, max-image-preview:large, max-video-preview:-1\" \/>\n<link rel=\"canonical\" href=\"https:\/\/frontsite.se\/en\/martor\/\" \/>\n<meta property=\"og:locale\" content=\"en_GB\" \/>\n<meta property=\"og:type\" content=\"article\" \/>\n<meta property=\"og:title\" content=\"Martor - \u00c5terf\u00f6rs\u00e4ljare Sverige - Frontsite\" \/>\n<meta property=\"og:description\" content=\"Frontsite \u00e4r \u00e5terf\u00f6rs\u00e4ljare f\u00f6r Martor i Sverige. Martors s\u00e4kerhetsknivar (Secumax) \u00e4r designade f\u00f6r att hantera tuffa krav.\" \/>\n<meta property=\"og:url\" content=\"https:\/\/frontsite.se\/en\/martor\/\" \/>\n<meta property=\"og:site_name\" content=\"Frontsite\" \/>\n<meta property=\"article:modified_time\" content=\"2025-08-15T08:39:01+00:00\" \/>\n<meta property=\"og:image\" content=\"https:\/\/frontsite.se\/wp-content\/uploads\/2025\/08\/Secumax.png\" \/>\n\t<meta property=\"og:image:width\" content=\"473\" \/>\n\t<meta property=\"og:image:height\" content=\"194\" \/>\n\t<meta property=\"og:image:type\" content=\"image\/png\" \/>\n<meta name=\"twitter:card\" content=\"summary_large_image\" \/>\n<meta name=\"twitter:label1\" content=\"Estimated reading time\" \/>\n\t<meta name=\"twitter:data1\" content=\"4 minutes\" \/>\n<script type=\"application\/ld+json\" class=\"yoast-schema-graph\">{\"@context\":\"https:\/\/schema.org\",\"@graph\":[{\"@type\":\"WebPage\",\"@id\":\"https:\/\/frontsite.se\/martor\/\",\"url\":\"https:\/\/frontsite.se\/martor\/\",\"name\":\"Martor - \u00c5terf\u00f6rs\u00e4ljare Sverige - Frontsite\",\"isPartOf\":{\"@id\":\"https:\/\/frontsite.se\/#website\"},\"primaryImageOfPage\":{\"@id\":\"https:\/\/frontsite.se\/martor\/#primaryimage\"},\"image\":{\"@id\":\"https:\/\/frontsite.se\/martor\/#primaryimage\"},\"thumbnailUrl\":\"https:\/\/frontsite.se\/wp-content\/uploads\/2025\/08\/Secumax-400x164.png\",\"datePublished\":\"2025-08-15T08:38:59+00:00\",\"dateModified\":\"2025-08-15T08:39:01+00:00\",\"description\":\"Frontsite \u00e4r \u00e5terf\u00f6rs\u00e4ljare f\u00f6r Martor i Sverige. Martors s\u00e4kerhetsknivar (Secumax) \u00e4r designade f\u00f6r att hantera tuffa krav.\",\"breadcrumb\":{\"@id\":\"https:\/\/frontsite.se\/martor\/#breadcrumb\"},\"inLanguage\":\"en-GB\",\"potentialAction\":[{\"@type\":\"ReadAction\",\"target\":[\"https:\/\/frontsite.se\/martor\/\"]}]},{\"@type\":\"ImageObject\",\"inLanguage\":\"en-GB\",\"@id\":\"https:\/\/frontsite.se\/martor\/#primaryimage\",\"url\":\"https:\/\/frontsite.se\/wp-content\/uploads\/2025\/08\/Secumax-400x164.png\",\"contentUrl\":\"https:\/\/frontsite.se\/wp-content\/uploads\/2025\/08\/Secumax-400x164.png\"},{\"@type\":\"BreadcrumbList\",\"@id\":\"https:\/\/frontsite.se\/martor\/#breadcrumb\",\"itemListElement\":[{\"@type\":\"ListItem\",\"position\":1,\"name\":\"Hem\",\"item\":\"https:\/\/frontsite.se\/\"},{\"@type\":\"ListItem\",\"position\":2,\"name\":\"Martor\"}]},{\"@type\":\"WebSite\",\"@id\":\"https:\/\/frontsite.se\/#website\",\"url\":\"https:\/\/frontsite.se\/\",\"name\":\"Frontsite\",\"description\":\"Expert P\u00e5 st\u00e4llningsprodukter och profilering\",\"publisher\":{\"@id\":\"https:\/\/frontsite.se\/#organization\"},\"potentialAction\":[{\"@type\":\"SearchAction\",\"target\":{\"@type\":\"EntryPoint\",\"urlTemplate\":\"https:\/\/frontsite.se\/?s={search_term_string}\"},\"query-input\":{\"@type\":\"PropertyValueSpecification\",\"valueRequired\":true,\"valueName\":\"search_term_string\"}}],\"inLanguage\":\"en-GB\"},{\"@type\":\"Organization\",\"@id\":\"https:\/\/frontsite.se\/#organization\",\"name\":\"Frontsite\",\"url\":\"https:\/\/frontsite.se\/\",\"logo\":{\"@type\":\"ImageObject\",\"inLanguage\":\"en-GB\",\"@id\":\"https:\/\/frontsite.se\/#\/schema\/logo\/image\/\",\"url\":\"https:\/\/frontsite.se\/wp-content\/uploads\/2024\/08\/Logo-Ratt-farg.png\",\"contentUrl\":\"https:\/\/frontsite.se\/wp-content\/uploads\/2024\/08\/Logo-Ratt-farg.png\",\"width\":1004,\"height\":1004,\"caption\":\"Frontsite\"},\"image\":{\"@id\":\"https:\/\/frontsite.se\/#\/schema\/logo\/image\/\"}}]}<\/script>\n<!-- \/ Yoast SEO plugin. -->","yoast_head_json":{"title":"Martor - \u00c5terf\u00f6rs\u00e4ljare Sverige - Frontsite","description":"Frontsite \u00e4r \u00e5terf\u00f6rs\u00e4ljare f\u00f6r Martor i Sverige. Martors s\u00e4kerhetsknivar (Secumax) \u00e4r designade f\u00f6r att hantera tuffa krav.","robots":{"index":"index","follow":"follow","max-snippet":"max-snippet:-1","max-image-preview":"max-image-preview:large","max-video-preview":"max-video-preview:-1"},"canonical":"https:\/\/frontsite.se\/en\/martor\/","og_locale":"en_GB","og_type":"article","og_title":"Martor - \u00c5terf\u00f6rs\u00e4ljare Sverige - Frontsite","og_description":"Frontsite \u00e4r \u00e5terf\u00f6rs\u00e4ljare f\u00f6r Martor i Sverige. Martors s\u00e4kerhetsknivar (Secumax) \u00e4r designade f\u00f6r att hantera tuffa krav.","og_url":"https:\/\/frontsite.se\/en\/martor\/","og_site_name":"Frontsite","article_modified_time":"2025-08-15T08:39:01+00:00","og_image":[{"width":473,"height":194,"url":"https:\/\/frontsite.se\/wp-content\/uploads\/2025\/08\/Secumax.png","type":"image\/png"}],"twitter_card":"summary_large_image","twitter_misc":{"Estimated reading time":"4 minutes"},"schema":{"@context":"https:\/\/schema.org","@graph":[{"@type":"WebPage","@id":"https:\/\/frontsite.se\/martor\/","url":"https:\/\/frontsite.se\/martor\/","name":"Martor - \u00c5terf\u00f6rs\u00e4ljare Sverige - Frontsite","isPartOf":{"@id":"https:\/\/frontsite.se\/#website"},"primaryImageOfPage":{"@id":"https:\/\/frontsite.se\/martor\/#primaryimage"},"image":{"@id":"https:\/\/frontsite.se\/martor\/#primaryimage"},"thumbnailUrl":"https:\/\/frontsite.se\/wp-content\/uploads\/2025\/08\/Secumax-400x164.png","datePublished":"2025-08-15T08:38:59+00:00","dateModified":"2025-08-15T08:39:01+00:00","description":"Frontsite \u00e4r \u00e5terf\u00f6rs\u00e4ljare f\u00f6r Martor i Sverige. Martors s\u00e4kerhetsknivar (Secumax) \u00e4r designade f\u00f6r att hantera tuffa krav.","breadcrumb":{"@id":"https:\/\/frontsite.se\/martor\/#breadcrumb"},"inLanguage":"en-GB","potentialAction":[{"@type":"ReadAction","target":["https:\/\/frontsite.se\/martor\/"]}]},{"@type":"ImageObject","inLanguage":"en-GB","@id":"https:\/\/frontsite.se\/martor\/#primaryimage","url":"https:\/\/frontsite.se\/wp-content\/uploads\/2025\/08\/Secumax-400x164.png","contentUrl":"https:\/\/frontsite.se\/wp-content\/uploads\/2025\/08\/Secumax-400x164.png"},{"@type":"BreadcrumbList","@id":"https:\/\/frontsite.se\/martor\/#breadcrumb","itemListElement":[{"@type":"ListItem","position":1,"name":"Hem","item":"https:\/\/frontsite.se\/"},{"@type":"ListItem","position":2,"name":"Martor"}]},{"@type":"WebSite","@id":"https:\/\/frontsite.se\/#website","url":"https:\/\/frontsite.se\/","name":"Frontsite","description":"Expert P\u00e5 st\u00e4llningsprodukter och profilering","publisher":{"@id":"https:\/\/frontsite.se\/#organization"},"potentialAction":[{"@type":"SearchAction","target":{"@type":"EntryPoint","urlTemplate":"https:\/\/frontsite.se\/?s={search_term_string}"},"query-input":{"@type":"PropertyValueSpecification","valueRequired":true,"valueName":"search_term_string"}}],"inLanguage":"en-GB"},{"@type":"Organization","@id":"https:\/\/frontsite.se\/#organization","name":"Frontsite","url":"https:\/\/frontsite.se\/","logo":{"@type":"ImageObject","inLanguage":"en-GB","@id":"https:\/\/frontsite.se\/#\/schema\/logo\/image\/","url":"https:\/\/frontsite.se\/wp-content\/uploads\/2024\/08\/Logo-Ratt-farg.png","contentUrl":"https:\/\/frontsite.se\/wp-content\/uploads\/2024\/08\/Logo-Ratt-farg.png","width":1004,"height":1004,"caption":"Frontsite"},"image":{"@id":"https:\/\/frontsite.se\/#\/schema\/logo\/image\/"}}]}},"jetpack_sharing_enabled":true,"_links":{"self":[{"href":"https:\/\/frontsite.se\/en\/wp-json\/wp\/v2\/pages\/17718","targetHints":{"allow":["GET"]}}],"collection":[{"href":"https:\/\/frontsite.se\/en\/wp-json\/wp\/v2\/pages"}],"about":[{"href":"https:\/\/frontsite.se\/en\/wp-json\/wp\/v2\/types\/page"}],"author":[{"embeddable":true,"href":"https:\/\/frontsite.se\/en\/wp-json\/wp\/v2\/users\/36"}],"replies":[{"embeddable":true,"href":"https:\/\/frontsite.se\/en\/wp-json\/wp\/v2\/comments?post=17718"}],"version-history":[{"count":1,"href":"https:\/\/frontsite.se\/en\/wp-json\/wp\/v2\/pages\/17718\/revisions"}],"predecessor-version":[{"id":17720,"href":"https:\/\/frontsite.se\/en\/wp-json\/wp\/v2\/pages\/17718\/revisions\/17720"}],"wp:attachment":[{"href":"https:\/\/frontsite.se\/en\/wp-json\/wp\/v2\/media?parent=17718"}],"curies":[{"name":"wp","href":"https:\/\/api.w.org\/{rel}","templated":true}]}}