{"id":16397,"date":"2024-04-02T15:07:27","date_gmt":"2024-04-02T15:07:27","guid":{"rendered":"https:\/\/frontsite.se\/?page_id=16397"},"modified":"2025-08-20T12:08:46","modified_gmt":"2025-08-20T12:08:46","slug":"kalibrering-provdagare","status":"publish","type":"page","link":"https:\/\/frontsite.se\/en\/kalibrering-provdagare\/","title":{"rendered":"Calibration of test diaries"},"content":{"rendered":"<div data-elementor-type=\"wp-page\" data-elementor-id=\"16397\" class=\"elementor elementor-16397\">\n\t\t\t\t<div class=\"wd-negative-gap elementor-element elementor-element-3d4565a e-flex e-con-boxed e-con e-parent\" data-id=\"3d4565a\" data-element_type=\"container\" data-e-type=\"container\">\n\t\t\t\t\t<div class=\"e-con-inner\">\n\t\t<div class=\"elementor-element elementor-element-2e5341d e-con-full e-flex e-con e-child\" data-id=\"2e5341d\" data-element_type=\"container\" data-e-type=\"container\">\n\t\t\t\t<div class=\"elementor-element elementor-element-da7a875 elementor-widget elementor-widget-wd_image_or_svg\" data-id=\"da7a875\" data-element_type=\"widget\" data-e-type=\"widget\" data-widget_type=\"wd_image_or_svg.default\">\n\t\t\t\t<div class=\"elementor-widget-container\">\n\t\t\t\t\t\n\t\t<div class=\"wd-image text-left\">\n\t\t\t\t\t\t\t\t<img fetchpriority=\"high\" decoding=\"async\"  src=\"https:\/\/frontsite.se\/wp-content\/uploads\/2024\/04\/hydrajaws-logo.svg\" title=\"hydrajaws logo\" width=\"3000\" height=\"3000\">\t\t\t\t\t<\/div>\n\n\t\t\t\t\t\t<\/div>\n\t\t\t\t<\/div>\n\t\t\t\t<div class=\"elementor-element elementor-element-66f4f12 elementor-widget elementor-widget-wd_text_block\" data-id=\"66f4f12\" data-element_type=\"widget\" data-e-type=\"widget\" data-widget_type=\"wd_text_block.default\">\n\t\t\t\t<div class=\"elementor-widget-container\">\n\t\t\t\t\t\t\t<div class=\"wd-text-block reset-last-child text-left\">\n\t\t\t\n\t\t\t<p>Beh\u00f6ver du service, nya delar eller kalibrering av din provdragare fr\u00e5n Hydrajaws?<\/p><p>D\u00e5 har du hittat r\u00e4tt!<\/p><p>Fyll i formul\u00e4ret h\u00e4r och f\u00f6lj instruktionerna f\u00f6r hur du l\u00e4mnar in din provdragare f\u00f6r \u00f6nskad tj\u00e4nst!<\/p>\n\t\t\t\t\t<\/div>\n\t\t\t\t\t\t<\/div>\n\t\t\t\t<\/div>\n\t\t\t\t<\/div>\n\t\t<div class=\"elementor-element elementor-element-73f126c e-con-full e-flex e-con e-child\" data-id=\"73f126c\" data-element_type=\"container\" data-e-type=\"container\">\n\t\t\t\t<div class=\"elementor-element elementor-element-dc24199 elementor-widget elementor-widget-wd_contact_form_7\" data-id=\"dc24199\" data-element_type=\"widget\" data-e-type=\"widget\" data-widget_type=\"wd_contact_form_7.default\">\n\t\t\t\t<div class=\"elementor-widget-container\">\n\t\t\t\t\t\n<div class=\"wpcf7 no-js\" id=\"wpcf7-f16551-o1\" lang=\"sv-SE\" dir=\"ltr\" data-wpcf7-id=\"16551\">\n<div class=\"screen-reader-response\"><p role=\"status\" aria-live=\"polite\" aria-atomic=\"true\"><\/p> <ul><\/ul><\/div>\n<form action=\"\/en\/wp-json\/wp\/v2\/pages\/16397#wpcf7-f16551-o1\" method=\"post\" class=\"wpcf7-form init\" aria-label=\"Kontaktformul\u00e4r\" novalidate=\"novalidate\" data-status=\"init\" data-trp-original-action=\"\/en\/wp-json\/wp\/v2\/pages\/16397#wpcf7-f16551-o1\">\n<fieldset class=\"hidden-fields-container\"><input type=\"hidden\" name=\"_wpcf7\" value=\"16551\" \/><input type=\"hidden\" name=\"_wpcf7_version\" value=\"6.1.5\" \/><input type=\"hidden\" name=\"_wpcf7_locale\" value=\"sv_SE\" \/><input type=\"hidden\" name=\"_wpcf7_unit_tag\" value=\"wpcf7-f16551-o1\" \/><input type=\"hidden\" name=\"_wpcf7_container_post\" value=\"0\" \/><input type=\"hidden\" name=\"_wpcf7_posted_data_hash\" value=\"\" \/><input type=\"hidden\" name=\"_wpcf7cf_hidden_group_fields\" value=\"[]\" \/><input type=\"hidden\" name=\"_wpcf7cf_hidden_groups\" value=\"[]\" \/><input type=\"hidden\" name=\"_wpcf7cf_visible_groups\" value=\"[]\" \/><input type=\"hidden\" name=\"_wpcf7cf_repeaters\" value=\"[]\" \/><input type=\"hidden\" name=\"_wpcf7cf_steps\" value=\"{}\" \/><input type=\"hidden\" name=\"_wpcf7cf_options\" value=\"{&quot;form_id&quot;:16551,&quot;conditions&quot;:[{&quot;then_field&quot;:&quot;group-calibration&quot;,&quot;and_rules&quot;:[{&quot;if_field&quot;:&quot;reason&quot;,&quot;operator&quot;:&quot;equals&quot;,&quot;if_value&quot;:&quot;Kalibrering&quot;}]},{&quot;then_field&quot;:&quot;group-service&quot;,&quot;and_rules&quot;:[{&quot;if_field&quot;:&quot;reason&quot;,&quot;operator&quot;:&quot;equals&quot;,&quot;if_value&quot;:&quot;Service (Fr\\u00e5n 1399kr)&quot;}]}],&quot;settings&quot;:{&quot;animation&quot;:&quot;yes&quot;,&quot;animation_intime&quot;:200,&quot;animation_outtime&quot;:200,&quot;conditions_ui&quot;:&quot;normal&quot;,&quot;notice_dismissed&quot;:false}}\" \/>\n<\/fieldset>\n<h4>Jag l\u00e4mnar in min provdragare f\u00f6r:\n<\/h4>\n<p><span class=\"wpcf7-form-control-wrap\" data-name=\"reason\"><span class=\"wpcf7-form-control wpcf7-checkbox wpcf7-validates-as-required wpcf7-exclusive-checkbox\"><span class=\"wpcf7-list-item first\"><label><input type=\"checkbox\" name=\"reason\" value=\"Kalibrering\" \/><span class=\"wpcf7-list-item-label\">Calibration<\/span><\/label><\/span><span class=\"wpcf7-list-item\"><label><input type=\"checkbox\" name=\"reason\" value=\"Service (Fr\u00e5n 1399kr)\" \/><span class=\"wpcf7-list-item-label\">Service (Fr\u00e5n 1399kr)<\/span><\/label><\/span><span class=\"wpcf7-list-item last\"><label><input type=\"checkbox\" name=\"reason\" value=\"Utbyte av delar\" \/><span class=\"wpcf7-list-item-label\">Utbyte av delar<\/span><\/label><\/span><\/span><\/span>\n<\/p>\n<div data-id=\"group-calibration\" data-orig_data_id=\"group-calibration\"  class=\"\" data-class=\"wpcf7cf_group\">\n\t<p><span class=\"wpcf7-form-control-wrap\" data-name=\"calibration-options\"><span class=\"wpcf7-form-control wpcf7-checkbox wpcf7-validates-as-required wpcf7-exclusive-checkbox\"><span class=\"wpcf7-list-item first\"><label><input type=\"checkbox\" name=\"calibration-options\" value=\"1795kr Analog\" \/><span class=\"wpcf7-list-item-label\">1795kr Analog<\/span><\/label><\/span><span class=\"wpcf7-list-item\"><label><input type=\"checkbox\" name=\"calibration-options\" value=\"2495kr Heavy Duty Analog\" \/><span class=\"wpcf7-list-item-label\">2495kr Heavy Duty Analog<\/span><\/label><\/span><span class=\"wpcf7-list-item last\"><label><input type=\"checkbox\" name=\"calibration-options\" value=\"1995kr Digital\" \/><span class=\"wpcf7-list-item-label\">1995kr Digital<\/span><\/label><\/span><\/span><\/span>\n\t<\/p>\n<\/div>\n<div data-id=\"group-service\" data-orig_data_id=\"group-service\"  class=\"\" data-class=\"wpcf7cf_group\">\n\t<p>Din provdragare kommer att testas och ges service. Detta inkluderar:\n\t<\/p>\n\t<ul>\n\t\t<li>\n\t\t\t<p>Inspektion och arbete\n\t\t\t<\/p>\n\t\t<\/li>\n\t\t<li>\n\t\t\t<p>Nya kullager\n\t\t\t<\/p>\n\t\t<\/li>\n\t\t<li>\n\t\t\t<p>Oljebyte\n\t\t\t<\/p>\n\t\t<\/li>\n\t\t<li>\n\t\t\t<p>Nya packningar\n\t\t\t<\/p>\n\t\t<\/li>\n\t<\/ul>\n\t<p><b>Extra kostnader kan tillkomma<\/b>\n\t<\/p>\n<\/div>\n<div data-id=\"group-replacements\" data-orig_data_id=\"group-replacements\"  class=\"\" data-class=\"wpcf7cf_group\">\n\t<p>Du f\u00e5r en offert f\u00f6r utbytesdelarna.\n\t<\/p>\n<\/div>\n<p><span class=\"wpcf7-form-control-wrap\" data-name=\"date\"><input class=\"wpcf7-form-control wpcf7-date wpcf7-validates-as-required wpcf7-validates-as-date\" aria-required=\"true\" aria-invalid=\"false\" value=\"2026-04-22\" type=\"date\" name=\"date\" \/><\/span>\n<\/p>\n<p><span class=\"wpcf7-form-control-wrap\" data-name=\"contact\"><input size=\"40\" maxlength=\"400\" class=\"wpcf7-form-control wpcf7-text wpcf7-validates-as-required\" aria-required=\"true\" aria-invalid=\"false\" placeholder=\"Ditt namn\" value=\"\" type=\"text\" name=\"contact\" \/><\/span>\n<\/p>\n<p><span class=\"wpcf7-form-control-wrap\" data-name=\"email\"><input size=\"40\" maxlength=\"400\" class=\"wpcf7-form-control wpcf7-email wpcf7-validates-as-required wpcf7-text wpcf7-validates-as-email\" aria-required=\"true\" aria-invalid=\"false\" placeholder=\"Your e-mail address\" value=\"\" type=\"email\" name=\"email\" \/><\/span>\n<\/p>\n<p><span class=\"wpcf7-form-control-wrap\" data-name=\"telephone\"><input size=\"40\" maxlength=\"400\" class=\"wpcf7-form-control wpcf7-tel wpcf7-validates-as-required wpcf7-text wpcf7-validates-as-tel\" aria-required=\"true\" aria-invalid=\"false\" placeholder=\"Telefonnummer\" value=\"\" type=\"tel\" name=\"telephone\" \/><\/span>\n<\/p>\n<p><span class=\"wpcf7-form-control-wrap\" data-name=\"company\"><input size=\"40\" maxlength=\"400\" class=\"wpcf7-form-control wpcf7-text wpcf7-validates-as-required\" aria-required=\"true\" aria-invalid=\"false\" placeholder=\"F\u00f6retag\" value=\"\" type=\"text\" name=\"company\" \/><\/span>\n<\/p>\n<p><span class=\"wpcf7-form-control-wrap\" data-name=\"ordernumber\"><input size=\"40\" maxlength=\"400\" class=\"wpcf7-form-control wpcf7-text\" aria-invalid=\"false\" placeholder=\"Ordernummer (om k\u00e4nt)\" value=\"\" type=\"text\" name=\"ordernumber\" \/><\/span>\n<\/p>\n<h4>Fakturaadress\n<\/h4>\n<p><span class=\"wpcf7-form-control-wrap\" data-name=\"street-invoice\"><input size=\"40\" maxlength=\"400\" class=\"wpcf7-form-control wpcf7-text wpcf7-validates-as-required\" aria-required=\"true\" aria-invalid=\"false\" placeholder=\"Gatuadress\" value=\"\" type=\"text\" name=\"street-invoice\" \/><\/span>\n<\/p>\n<p><span class=\"wpcf7-form-control-wrap\" data-name=\"post-invoice\"><input size=\"40\" maxlength=\"400\" class=\"wpcf7-form-control wpcf7-text wpcf7-validates-as-required\" aria-required=\"true\" aria-invalid=\"false\" placeholder=\"Postadress\" value=\"\" type=\"text\" name=\"post-invoice\" \/><\/span>\n<\/p>\n<h4>Leveransadress\n<\/h4>\n<p><span class=\"wpcf7-form-control-wrap\" data-name=\"street-delivery\"><input size=\"40\" maxlength=\"400\" class=\"wpcf7-form-control wpcf7-text wpcf7-validates-as-required\" aria-required=\"true\" aria-invalid=\"false\" placeholder=\"Gatuadress\" value=\"\" type=\"text\" name=\"street-delivery\" \/><\/span>\n<\/p>\n<p><span class=\"wpcf7-form-control-wrap\" data-name=\"post-delivery\"><input size=\"40\" maxlength=\"400\" class=\"wpcf7-form-control wpcf7-text wpcf7-validates-as-required\" aria-required=\"true\" aria-invalid=\"false\" placeholder=\"Postadress\" value=\"\" type=\"text\" name=\"post-delivery\" \/><\/span>\n<\/p>\n<p><input class=\"wpcf7-form-control wpcf7-submit has-spinner\" type=\"submit\" value=\"Skicka f\u00f6rfr\u00e5gan\" \/>\n<\/p><div class=\"wpcf7-response-output\" aria-hidden=\"true\"><\/div>\n<input type=\"hidden\" name=\"trp-form-language\" value=\"en\"\/><\/form>\n<\/div>\n\t\t\t\t<\/div>\n\t\t\t\t<\/div>\n\t\t\t\t<\/div>\n\t\t\t\t\t<\/div>\n\t\t\t\t<\/div>\n\t\t<div class=\"wd-negative-gap elementor-element elementor-element-5533cbe e-flex e-con-boxed e-con e-parent\" data-id=\"5533cbe\" data-element_type=\"container\" data-e-type=\"container\">\n\t\t\t\t\t<div class=\"e-con-inner\">\n\t\t\t\t<div class=\"elementor-element elementor-element-8775603 elementor-widget elementor-widget-wd_text_block\" data-id=\"8775603\" data-element_type=\"widget\" data-e-type=\"widget\" data-widget_type=\"wd_text_block.default\">\n\t\t\t\t<div class=\"elementor-widget-container\">\n\t\t\t\t\t\t\t<div class=\"wd-text-block reset-last-child text-left\">\n\t\t\t\n\t\t\t\n\t\t\t\t\t<\/div>\n\t\t\t\t\t\t<\/div>\n\t\t\t\t<\/div>\n\t\t\t\t\t<\/div>\n\t\t\t\t<\/div>\n\t\t\t\t<\/div>","protected":false},"excerpt":{"rendered":"<p>Beh\u00f6ver du service, nya delar eller kalibrering av din provdragare fr\u00e5n Hydrajaws? D\u00e5 har du hittat r\u00e4tt! Fyll i formul\u00e4ret<\/p>","protected":false},"author":1,"featured_media":0,"parent":0,"menu_order":0,"comment_status":"closed","ping_status":"closed","template":"","meta":{"footnotes":""},"class_list":["post-16397","page","type-page","status-publish","hentry"],"yoast_head":"<!-- This site is optimized with the Yoast SEO plugin v24.1 - https:\/\/yoast.com\/wordpress\/plugins\/seo\/ -->\n<title>Kalibrering provdagare - Frontsite<\/title>\n<meta name=\"robots\" content=\"index, follow, max-snippet:-1, max-image-preview:large, max-video-preview:-1\" \/>\n<link rel=\"canonical\" href=\"https:\/\/frontsite.se\/en\/kalibrering-provdagare\/\" \/>\n<meta property=\"og:locale\" content=\"en_GB\" \/>\n<meta property=\"og:type\" content=\"article\" \/>\n<meta property=\"og:title\" content=\"Kalibrering provdagare - Frontsite\" \/>\n<meta property=\"og:description\" content=\"Beh\u00f6ver du service, nya delar eller kalibrering av din provdragare fr\u00e5n Hydrajaws? D\u00e5 har du hittat r\u00e4tt! Fyll i formul\u00e4ret\" \/>\n<meta property=\"og:url\" content=\"https:\/\/frontsite.se\/en\/kalibrering-provdagare\/\" \/>\n<meta property=\"og:site_name\" content=\"Frontsite\" \/>\n<meta property=\"article:modified_time\" content=\"2025-08-20T12:08:46+00:00\" \/>\n<meta property=\"og:image\" content=\"https:\/\/frontsite.se\/wp-content\/uploads\/2024\/04\/hydrajaws-logo.svg\" \/>\n<meta name=\"twitter:card\" content=\"summary_large_image\" \/>\n<meta name=\"twitter:label1\" content=\"Estimated reading time\" \/>\n\t<meta name=\"twitter:data1\" content=\"1 minute\" \/>\n<script type=\"application\/ld+json\" class=\"yoast-schema-graph\">{\"@context\":\"https:\/\/schema.org\",\"@graph\":[{\"@type\":\"WebPage\",\"@id\":\"https:\/\/frontsite.se\/kalibrering-provdagare\/\",\"url\":\"https:\/\/frontsite.se\/kalibrering-provdagare\/\",\"name\":\"Kalibrering provdagare - Frontsite\",\"isPartOf\":{\"@id\":\"https:\/\/frontsite.se\/#website\"},\"primaryImageOfPage\":{\"@id\":\"https:\/\/frontsite.se\/kalibrering-provdagare\/#primaryimage\"},\"image\":{\"@id\":\"https:\/\/frontsite.se\/kalibrering-provdagare\/#primaryimage\"},\"thumbnailUrl\":\"https:\/\/frontsite.se\/wp-content\/uploads\/2024\/04\/hydrajaws-logo.svg\",\"datePublished\":\"2024-04-02T15:07:27+00:00\",\"dateModified\":\"2025-08-20T12:08:46+00:00\",\"breadcrumb\":{\"@id\":\"https:\/\/frontsite.se\/kalibrering-provdagare\/#breadcrumb\"},\"inLanguage\":\"en-GB\",\"potentialAction\":[{\"@type\":\"ReadAction\",\"target\":[\"https:\/\/frontsite.se\/kalibrering-provdagare\/\"]}]},{\"@type\":\"ImageObject\",\"inLanguage\":\"en-GB\",\"@id\":\"https:\/\/frontsite.se\/kalibrering-provdagare\/#primaryimage\",\"url\":\"https:\/\/frontsite.se\/wp-content\/uploads\/2024\/04\/hydrajaws-logo.svg\",\"contentUrl\":\"https:\/\/frontsite.se\/wp-content\/uploads\/2024\/04\/hydrajaws-logo.svg\"},{\"@type\":\"BreadcrumbList\",\"@id\":\"https:\/\/frontsite.se\/kalibrering-provdagare\/#breadcrumb\",\"itemListElement\":[{\"@type\":\"ListItem\",\"position\":1,\"name\":\"Hem\",\"item\":\"https:\/\/frontsite.se\/\"},{\"@type\":\"ListItem\",\"position\":2,\"name\":\"Kalibrering provdagare\"}]},{\"@type\":\"WebSite\",\"@id\":\"https:\/\/frontsite.se\/#website\",\"url\":\"https:\/\/frontsite.se\/\",\"name\":\"Frontsite\",\"description\":\"Expert P\u00e5 st\u00e4llningsprodukter och profilering\",\"publisher\":{\"@id\":\"https:\/\/frontsite.se\/#organization\"},\"potentialAction\":[{\"@type\":\"SearchAction\",\"target\":{\"@type\":\"EntryPoint\",\"urlTemplate\":\"https:\/\/frontsite.se\/?s={search_term_string}\"},\"query-input\":{\"@type\":\"PropertyValueSpecification\",\"valueRequired\":true,\"valueName\":\"search_term_string\"}}],\"inLanguage\":\"en-GB\"},{\"@type\":\"Organization\",\"@id\":\"https:\/\/frontsite.se\/#organization\",\"name\":\"Frontsite\",\"url\":\"https:\/\/frontsite.se\/\",\"logo\":{\"@type\":\"ImageObject\",\"inLanguage\":\"en-GB\",\"@id\":\"https:\/\/frontsite.se\/#\/schema\/logo\/image\/\",\"url\":\"https:\/\/frontsite.se\/wp-content\/uploads\/2024\/08\/Logo-Ratt-farg.png\",\"contentUrl\":\"https:\/\/frontsite.se\/wp-content\/uploads\/2024\/08\/Logo-Ratt-farg.png\",\"width\":1004,\"height\":1004,\"caption\":\"Frontsite\"},\"image\":{\"@id\":\"https:\/\/frontsite.se\/#\/schema\/logo\/image\/\"}}]}<\/script>\n<!-- \/ Yoast SEO plugin. -->","yoast_head_json":{"title":"Kalibrering provdagare - Frontsite","robots":{"index":"index","follow":"follow","max-snippet":"max-snippet:-1","max-image-preview":"max-image-preview:large","max-video-preview":"max-video-preview:-1"},"canonical":"https:\/\/frontsite.se\/en\/kalibrering-provdagare\/","og_locale":"en_GB","og_type":"article","og_title":"Kalibrering provdagare - Frontsite","og_description":"Beh\u00f6ver du service, nya delar eller kalibrering av din provdragare fr\u00e5n Hydrajaws? D\u00e5 har du hittat r\u00e4tt! Fyll i formul\u00e4ret","og_url":"https:\/\/frontsite.se\/en\/kalibrering-provdagare\/","og_site_name":"Frontsite","article_modified_time":"2025-08-20T12:08:46+00:00","og_image":[{"url":"https:\/\/frontsite.se\/wp-content\/uploads\/2024\/04\/hydrajaws-logo.svg","type":"","width":"","height":""}],"twitter_card":"summary_large_image","twitter_misc":{"Estimated reading time":"1 minute"},"schema":{"@context":"https:\/\/schema.org","@graph":[{"@type":"WebPage","@id":"https:\/\/frontsite.se\/kalibrering-provdagare\/","url":"https:\/\/frontsite.se\/kalibrering-provdagare\/","name":"Kalibrering provdagare - Frontsite","isPartOf":{"@id":"https:\/\/frontsite.se\/#website"},"primaryImageOfPage":{"@id":"https:\/\/frontsite.se\/kalibrering-provdagare\/#primaryimage"},"image":{"@id":"https:\/\/frontsite.se\/kalibrering-provdagare\/#primaryimage"},"thumbnailUrl":"https:\/\/frontsite.se\/wp-content\/uploads\/2024\/04\/hydrajaws-logo.svg","datePublished":"2024-04-02T15:07:27+00:00","dateModified":"2025-08-20T12:08:46+00:00","breadcrumb":{"@id":"https:\/\/frontsite.se\/kalibrering-provdagare\/#breadcrumb"},"inLanguage":"en-GB","potentialAction":[{"@type":"ReadAction","target":["https:\/\/frontsite.se\/kalibrering-provdagare\/"]}]},{"@type":"ImageObject","inLanguage":"en-GB","@id":"https:\/\/frontsite.se\/kalibrering-provdagare\/#primaryimage","url":"https:\/\/frontsite.se\/wp-content\/uploads\/2024\/04\/hydrajaws-logo.svg","contentUrl":"https:\/\/frontsite.se\/wp-content\/uploads\/2024\/04\/hydrajaws-logo.svg"},{"@type":"BreadcrumbList","@id":"https:\/\/frontsite.se\/kalibrering-provdagare\/#breadcrumb","itemListElement":[{"@type":"ListItem","position":1,"name":"Hem","item":"https:\/\/frontsite.se\/"},{"@type":"ListItem","position":2,"name":"Kalibrering provdagare"}]},{"@type":"WebSite","@id":"https:\/\/frontsite.se\/#website","url":"https:\/\/frontsite.se\/","name":"Frontsite","description":"Expert P\u00e5 st\u00e4llningsprodukter och profilering","publisher":{"@id":"https:\/\/frontsite.se\/#organization"},"potentialAction":[{"@type":"SearchAction","target":{"@type":"EntryPoint","urlTemplate":"https:\/\/frontsite.se\/?s={search_term_string}"},"query-input":{"@type":"PropertyValueSpecification","valueRequired":true,"valueName":"search_term_string"}}],"inLanguage":"en-GB"},{"@type":"Organization","@id":"https:\/\/frontsite.se\/#organization","name":"Frontsite","url":"https:\/\/frontsite.se\/","logo":{"@type":"ImageObject","inLanguage":"en-GB","@id":"https:\/\/frontsite.se\/#\/schema\/logo\/image\/","url":"https:\/\/frontsite.se\/wp-content\/uploads\/2024\/08\/Logo-Ratt-farg.png","contentUrl":"https:\/\/frontsite.se\/wp-content\/uploads\/2024\/08\/Logo-Ratt-farg.png","width":1004,"height":1004,"caption":"Frontsite"},"image":{"@id":"https:\/\/frontsite.se\/#\/schema\/logo\/image\/"}}]}},"jetpack_sharing_enabled":true,"_links":{"self":[{"href":"https:\/\/frontsite.se\/en\/wp-json\/wp\/v2\/pages\/16397","targetHints":{"allow":["GET"]}}],"collection":[{"href":"https:\/\/frontsite.se\/en\/wp-json\/wp\/v2\/pages"}],"about":[{"href":"https:\/\/frontsite.se\/en\/wp-json\/wp\/v2\/types\/page"}],"author":[{"embeddable":true,"href":"https:\/\/frontsite.se\/en\/wp-json\/wp\/v2\/users\/1"}],"replies":[{"embeddable":true,"href":"https:\/\/frontsite.se\/en\/wp-json\/wp\/v2\/comments?post=16397"}],"version-history":[{"count":22,"href":"https:\/\/frontsite.se\/en\/wp-json\/wp\/v2\/pages\/16397\/revisions"}],"predecessor-version":[{"id":17755,"href":"https:\/\/frontsite.se\/en\/wp-json\/wp\/v2\/pages\/16397\/revisions\/17755"}],"wp:attachment":[{"href":"https:\/\/frontsite.se\/en\/wp-json\/wp\/v2\/media?parent=16397"}],"curies":[{"name":"wp","href":"https:\/\/api.w.org\/{rel}","templated":true}]}}